{"id":989,"date":"2023-01-23T12:04:55","date_gmt":"2023-01-23T12:04:55","guid":{"rendered":"https:\/\/swissherboriginal.com\/?page_id=989"},"modified":"2025-04-15T10:59:06","modified_gmt":"2025-04-15T10:59:06","slug":"termini-e-condizioni","status":"publish","type":"page","link":"https:\/\/swissherboriginal.com\/en\/termini-e-condizioni\/","title":{"rendered":"Terms and Conditions"},"content":{"rendered":"<div class=\"banner has-hover\" id=\"banner-200992476\">\n          <div class=\"banner-inner fill\">\n        <div class=\"banner-bg fill\" >\n            <div class=\"bg fill bg-fill\"><\/div>\n                                    \n                    <\/div>\n\t\t\n        <div class=\"banner-layers container\">\n            <div class=\"fill banner-link\"><\/div>            \n   <div id=\"text-box-1669879224\" class=\"text-box banner-layer x50 md-x50 lg-x50 y50 md-y50 lg-y50 res-text\">\n                                <div class=\"text-box-content text dark\">\n              \n              <div class=\"text-inner text-center\">\n                  \n<h3 class=\"uppercase\">Terms and Conditions<\/h3>\n              <\/div>\n           <\/div>\n                            \n<style>\n#text-box-1669879224 {\n  width: 60%;\n}\n#text-box-1669879224 .text-box-content {\n  font-size: 100%;\n}\n<\/style>\n    <\/div>\n \n        <\/div>\n      <\/div>\n\n            \n<style>\n#banner-200992476 {\n  padding-top: 220px;\n}\n#banner-200992476 .bg.bg-loaded {\n  background-image: url(https:\/\/swissherboriginal.com\/wp-content\/uploads\/TERMINI.png);\n}\n@media (min-width:550px) {\n  #banner-200992476 {\n    padding-top: 300px;\n  }\n}\n<\/style>\n  <\/div>\n\n\n<div class=\"row\"  id=\"row-1434484400\">\n\n\t<div id=\"col-1380807726\" class=\"col small-12 large-12\"  >\n\t\t\t\t<div class=\"col-inner\"  >\n\t\t\t\n\t\t\t\n\t<div id=\"gap-537974773\" class=\"gap-element clearfix\" style=\"display:block; height:auto;\">\n\t\t\n<style>\n#gap-537974773 {\n  padding-top: 30px;\n}\n<\/style>\n\t<\/div>\n\t\n<h2>Terms and Conditions<\/h2>\n<p>I presenti Termini regolano l&#8217;accesso, l&#8217;utilizzo di tutti i contenuti, i Prodotti e i Servizi disponibili all&#8217;indirizzo <a href=\"https:\/\/swissherboriginal.com\/en\/\">https:\/\/swissherboriginal.com<\/a> sito web (il &#8220;Servizio&#8221;) gestito da VIA Mondo s.r.o. (&#8220;noi&#8221;, &#8220;noi&#8221; o &#8220;nostro&#8221;).<\/p>\n<p>L&#8217;accesso ai nostri servizi \u00e8 soggetto all&#8217;accettazione, senza modifiche, di tutti i termini e le condizioni contenuti nel presente documento e di tutte le altre regole e politiche operative pubblicate e che possono essere pubblicate di volta in volta da noi.<\/p>\n<p>Si prega di leggere attentamente il Contratto prima di accedere o utilizzare i nostri Servizi. Accedendo o utilizzando qualsiasi parte dei nostri Servizi, l&#8217;utente accetta di essere vincolato dai presenti Termini. Se non si accetta alcuna parte dei termini del Contratto, non \u00e8 possibile accedere o utilizzare i nostri Servizi.<\/p>\n<h3>Propriet\u00e0 intellettuale<\/h3>\n<p>L&#8217;Accordo non trasferisce da noi all&#8217;utente alcuna propriet\u00e0 intellettuale nostra o di terzi, e tutti i diritti, titoli e interessi in e per tale propriet\u00e0 rimarranno (come tra le parti) esclusivamente con VIA Mondo s.r.o. e i suoi licenzianti.<\/p>\n<h3>Servizi di terze parti<\/h3>\n<p>Nell&#8217;utilizzo dei Servizi, l&#8217;utente pu\u00f2 utilizzare servizi, prodotti, software, incorporamenti o applicazioni di terze parti sviluppati da terze parti (&#8220;Servizi di terze parti&#8221;).<\/p>\n<p>Se si utilizzano Servizi di terze parti, si comprende che:<\/p>\n<ul>\n<li>Qualsiasi utilizzo di un Servizio di terze parti \u00e8 a proprio rischio e non saremo responsabili nei confronti di nessuno per siti Web o Servizi di terze parti.<\/li>\n<li>Riconosci e accetti che non saremo responsabili per eventuali danni o perdite causati o presumibilmente causati da o in connessione con l&#8217;uso di tali contenuti, beni o servizi disponibili su o attraverso tali siti Web o servizi.<\/li>\n<\/ul>\n<h3>Accounts<\/h3>\n<p>Laddove l&#8217;utilizzo di qualsiasi parte dei nostri Servizi richieda un account, l&#8217;utente accetta di fornirci informazioni complete e accurate quando si registra per un account.<\/p>\n<p>Sarai l&#8217;unico responsabile per qualsiasi attivit\u00e0 che si verifica con il tuo account. Sei responsabile di mantenere aggiornate le informazioni del tuo account e di mantenere sicura la tua password.<\/p>\n<p>L&#8217;utente \u00e8 responsabile del mantenimento della sicurezza del proprio account utilizzato per accedere al Servizio. L&#8217;utente non deve condividere o abusare delle proprie credenziali di accesso. Devi informarci immediatamente di qualsiasi uso non autorizzato del tuo account o quando vieni a conoscenza di qualsiasi altra violazione della sicurezza.<\/p>\n<h3>Collegamenti ad altri siti Web<\/h3>\n<p>Il nostro Servizio pu\u00f2 contenere collegamenti a siti Web o servizi di terze parti che non sono di propriet\u00e0 o controllati da VIA Mondo s.r.o.<\/p>\n<p>VIA Mondo s.r.o. non si assume alcuna responsabilit\u00e0 per il contenuto, le politiche sulla privacy o le pratiche di siti Web o servizi di terze parti. VIA Mondo s.r.o. L&#8217;Utente ammetta e concorda che non saremo responsabili, direttamente o indirettamente, per eventuali danni o perdite causate, o presumibilmente causate, in connessione con l&#8217;uso o l&#8217;aver fatto affidamento su qualsiasi contenuto, bene o servizio disponibile su o tramite Siti di Terzi.<\/p>\n<p>Ti consigliamo di leggere i termini e le condizioni e le politiche sulla privacy di qualsiasi sito Web o servizio di terze parti che visiti.<\/p>\n<h3>Fine<\/h3>\n<p>Possiamo interrompere o sospendere l&#8217;accesso dell&#8217;utente a tutti o parte dei nostri Servizi in qualsiasi momento, con o senza causa, con o senza preavviso, con effetto immediato.<\/p>\n<p>Se si desidera risolvere il Contratto o il proprio VIA Mondo s.r.o. account, puoi semplicemente interrompere l&#8217;utilizzo dei nostri Servizi.<\/p>\n<p>Tutte le disposizioni del Contratto che per loro natura dovrebbero sopravvivere alla risoluzione sopravvivranno alla risoluzione, incluse, senza limitazioni, le disposizioni sulla propriet\u00e0, le esclusioni di garanzia, l&#8217;indennit\u00e0 e le limitazioni di responsabilit\u00e0.<\/p>\n<h3>Disconoscimento<\/h3>\n<p>I nostri Servizi sono forniti &#8220;COS\u00cc COME SONO&#8221; e &#8220;COME DISPONIBILI&#8221;. VIA Mondo s.r.o. e i suoi fornitori e licenziatari con la presente declinano tutte le garanzie di qualsiasi tipo, esplicite o implicite, incluse, senza limitazioni, le garanzie di commerciabilit\u00e0, idoneit\u00e0 per uno scopo particolare e non violazione. N\u00e9 VIA Mondo s.r.o. , n\u00e9 i suoi fornitori e licenziatari, garantisce che i nostri Servizi saranno privi di errori o che l&#8217;accesso agli stessi sar\u00e0 continuo o ininterrotto.<\/p>\n<p>Comprendi di scaricare da, o altrimenti ottenere contenuti o servizi attraverso, i nostri Servizi a tua discrezione e rischio.<\/p>\n<h3>Giurisdizione e legge applicabile<\/h3>\n<p>Salvo nella misura in cui qualsiasi legge applicabile disponga diversamente, il Contratto e qualsiasi accesso o utilizzo dei nostri Servizi saranno regolati dalle leggi Italiane.<\/p>\n<p>La sede appropriata per qualsiasi controversia derivante da o relativa al Contratto e qualsiasi accesso o utilizzo dei nostri Servizi sar\u00e0 il tribunale statale e federale situato a Trieste.<\/p>\n<h3>Modifiche<\/h3>\n<p>VIA Mondo s.r.o. si riserva il diritto, a nostra esclusiva discrezione, di modificare o sostituire i presenti Termini in qualsiasi momento.<\/p>\n<p>Se apportiamo modifiche sostanziali, ti informeremo pubblicando sul nostro sito Web o inviandoti un&#8217;e-mail o un&#8217;altra comunicazione prima che le modifiche abbiano effetto. L&#8217;avviso designer\u00e0 un periodo di tempo ragionevole dopo il quale i nuovi termini entreranno in vigore.<\/p>\n<p>Cercheremo di fornire almeno<br \/>15<br \/>giorni di preavviso prima delle modifiche effettive. Se non sei d&#8217;accordo con le nostre modifiche, dovresti interrompere l&#8217;utilizzo dei nostri Servizi entro il periodo di preavviso designato o una volta che le modifiche diventano effettive.<\/p>\n<p>L&#8217;uso continuato dei nostri Servizi sar\u00e0 soggetto ai nuovi termini.<\/p>\n<h3>Contact us<\/h3>\n<p>In caso di domande sulle presenti Condizioni d&#8217;uso, si prega di contattarci all&#8217;indirizzo<br \/>swissherbshop@gmail.com<\/p>\n<hr \/>\n<p>Ultimo Aggiornato: January 23, 2023<\/p>\n\t\t<\/div>\n\t\t\t\t\t<\/div>\n\n\t\n<\/div>","protected":false},"excerpt":{"rendered":"","protected":false},"author":1,"featured_media":23474,"parent":0,"menu_order":0,"comment_status":"closed","ping_status":"closed","template":"page-blank.php","meta":{"footnotes":""},"class_list":["post-989","page","type-page","status-publish","has-post-thumbnail","hentry"],"yoast_head":"<!-- This site is optimized with the Yoast SEO Premium plugin v22.0 (Yoast SEO v26.3) - https:\/\/yoast.com\/wordpress\/plugins\/seo\/ -->\n<title>Termini e Condizioni | Swiss Herb Original<\/title>\n<meta name=\"description\" content=\"Scopri i Termini e Condizioni di Swiss Herb: regole d&#039;uso, diritti, responsabilit\u00e0. Leggi per una navigazione sicura e informata.\" \/>\n<meta name=\"robots\" content=\"index, follow, max-snippet:-1, max-image-preview:large, max-video-preview:-1\" \/>\n<link rel=\"canonical\" href=\"https:\/\/swissherboriginal.com\/en\/termini-e-condizioni\/\" \/>\n<meta property=\"og:locale\" content=\"en_GB\" \/>\n<meta property=\"og:type\" content=\"article\" \/>\n<meta property=\"og:title\" content=\"Termini e Condizioni\" \/>\n<meta property=\"og:description\" content=\"Scopri i Termini e Condizioni di Swiss Herb: regole d&#039;uso, diritti, responsabilit\u00e0. Leggi per una navigazione sicura e informata.\" \/>\n<meta property=\"og:url\" content=\"https:\/\/swissherboriginal.com\/en\/termini-e-condizioni\/\" \/>\n<meta property=\"og:site_name\" content=\"Swiss Herb Original\" \/>\n<meta property=\"article:publisher\" content=\"https:\/\/www.facebook.com\/swissherboriginale\/\" \/>\n<meta property=\"article:modified_time\" content=\"2025-04-15T10:59:06+00:00\" \/>\n<meta property=\"og:image\" content=\"https:\/\/swissherboriginal.com\/wp-content\/uploads\/TERMINI.png\" \/>\n\t<meta property=\"og:image:width\" content=\"800\" \/>\n\t<meta property=\"og:image:height\" content=\"500\" \/>\n\t<meta property=\"og:image:type\" content=\"image\/png\" \/>\n<meta name=\"twitter:card\" content=\"summary_large_image\" \/>\n<meta name=\"twitter:label1\" content=\"Estimated reading time\" \/>\n\t<meta name=\"twitter:data1\" content=\"5 minutes\" \/>\n<script type=\"application\/ld+json\" class=\"yoast-schema-graph\">{\"@context\":\"https:\/\/schema.org\",\"@graph\":[{\"@type\":\"WebPage\",\"@id\":\"https:\/\/swissherboriginal.com\/termini-e-condizioni\/\",\"url\":\"https:\/\/swissherboriginal.com\/termini-e-condizioni\/\",\"name\":\"Termini e Condizioni | Swiss Herb Original\",\"isPartOf\":{\"@id\":\"https:\/\/swissherboriginal.com\/#website\"},\"primaryImageOfPage\":{\"@id\":\"https:\/\/swissherboriginal.com\/termini-e-condizioni\/#primaryimage\"},\"image\":{\"@id\":\"https:\/\/swissherboriginal.com\/termini-e-condizioni\/#primaryimage\"},\"thumbnailUrl\":\"https:\/\/swissherboriginal.com\/wp-content\/uploads\/TERMINI.png\",\"datePublished\":\"2023-01-23T12:04:55+00:00\",\"dateModified\":\"2025-04-15T10:59:06+00:00\",\"description\":\"Scopri i Termini e Condizioni di Swiss Herb: regole d'uso, diritti, responsabilit\u00e0. Leggi per una navigazione sicura e informata.\",\"breadcrumb\":{\"@id\":\"https:\/\/swissherboriginal.com\/termini-e-condizioni\/#breadcrumb\"},\"inLanguage\":\"en-GB\",\"potentialAction\":[{\"@type\":\"ReadAction\",\"target\":[\"https:\/\/swissherboriginal.com\/termini-e-condizioni\/\"]}]},{\"@type\":\"ImageObject\",\"inLanguage\":\"en-GB\",\"@id\":\"https:\/\/swissherboriginal.com\/termini-e-condizioni\/#primaryimage\",\"url\":\"https:\/\/swissherboriginal.com\/wp-content\/uploads\/TERMINI.png\",\"contentUrl\":\"https:\/\/swissherboriginal.com\/wp-content\/uploads\/TERMINI.png\",\"width\":800,\"height\":500,\"caption\":\"Termini e Condizioni\"},{\"@type\":\"BreadcrumbList\",\"@id\":\"https:\/\/swissherboriginal.com\/termini-e-condizioni\/#breadcrumb\",\"itemListElement\":[{\"@type\":\"ListItem\",\"position\":1,\"name\":\"Home\",\"item\":\"https:\/\/swissherboriginal.com\/\"},{\"@type\":\"ListItem\",\"position\":2,\"name\":\"Termini e Condizioni\"}]},{\"@type\":\"WebSite\",\"@id\":\"https:\/\/swissherboriginal.com\/#website\",\"url\":\"https:\/\/swissherboriginal.com\/\",\"name\":\"Swiss Herb Original\",\"description\":\"\",\"publisher\":{\"@id\":\"https:\/\/swissherboriginal.com\/#organization\"},\"potentialAction\":[{\"@type\":\"SearchAction\",\"target\":{\"@type\":\"EntryPoint\",\"urlTemplate\":\"https:\/\/swissherboriginal.com\/?s={search_term_string}\"},\"query-input\":{\"@type\":\"PropertyValueSpecification\",\"valueRequired\":true,\"valueName\":\"search_term_string\"}}],\"inLanguage\":\"en-GB\"},{\"@type\":\"Organization\",\"@id\":\"https:\/\/swissherboriginal.com\/#organization\",\"name\":\"Swiss Herb Original\",\"url\":\"https:\/\/swissherboriginal.com\/\",\"logo\":{\"@type\":\"ImageObject\",\"inLanguage\":\"en-GB\",\"@id\":\"https:\/\/swissherboriginal.com\/#\/schema\/logo\/image\/\",\"url\":\"https:\/\/swissherboriginal.com\/wp-content\/uploads\/logo-menu-tel-swissherb.png\",\"contentUrl\":\"https:\/\/swissherboriginal.com\/wp-content\/uploads\/logo-menu-tel-swissherb.png\",\"width\":512,\"height\":360,\"caption\":\"Swiss Herb Original\"},\"image\":{\"@id\":\"https:\/\/swissherboriginal.com\/#\/schema\/logo\/image\/\"},\"sameAs\":[\"https:\/\/www.facebook.com\/swissherboriginale\/\",\"https:\/\/www.instagram.com\/swissherb_original\"]}]}<\/script>\n<!-- \/ Yoast SEO Premium plugin. -->","yoast_head_json":{"title":"Termini e Condizioni | Swiss Herb Original","description":"Scopri i Termini e Condizioni di Swiss Herb: regole d'uso, diritti, responsabilit\u00e0. Leggi per una navigazione sicura e informata.","robots":{"index":"index","follow":"follow","max-snippet":"max-snippet:-1","max-image-preview":"max-image-preview:large","max-video-preview":"max-video-preview:-1"},"canonical":"https:\/\/swissherboriginal.com\/en\/termini-e-condizioni\/","og_locale":"en_GB","og_type":"article","og_title":"Termini e Condizioni","og_description":"Scopri i Termini e Condizioni di Swiss Herb: regole d'uso, diritti, responsabilit\u00e0. Leggi per una navigazione sicura e informata.","og_url":"https:\/\/swissherboriginal.com\/en\/termini-e-condizioni\/","og_site_name":"Swiss Herb Original","article_publisher":"https:\/\/www.facebook.com\/swissherboriginale\/","article_modified_time":"2025-04-15T10:59:06+00:00","og_image":[{"width":800,"height":500,"url":"https:\/\/swissherboriginal.com\/wp-content\/uploads\/TERMINI.png","type":"image\/png"}],"twitter_card":"summary_large_image","twitter_misc":{"Estimated reading time":"5 minutes"},"schema":{"@context":"https:\/\/schema.org","@graph":[{"@type":"WebPage","@id":"https:\/\/swissherboriginal.com\/termini-e-condizioni\/","url":"https:\/\/swissherboriginal.com\/termini-e-condizioni\/","name":"Termini e Condizioni | Swiss Herb Original","isPartOf":{"@id":"https:\/\/swissherboriginal.com\/#website"},"primaryImageOfPage":{"@id":"https:\/\/swissherboriginal.com\/termini-e-condizioni\/#primaryimage"},"image":{"@id":"https:\/\/swissherboriginal.com\/termini-e-condizioni\/#primaryimage"},"thumbnailUrl":"https:\/\/swissherboriginal.com\/wp-content\/uploads\/TERMINI.png","datePublished":"2023-01-23T12:04:55+00:00","dateModified":"2025-04-15T10:59:06+00:00","description":"Scopri i Termini e Condizioni di Swiss Herb: regole d'uso, diritti, responsabilit\u00e0. Leggi per una navigazione sicura e informata.","breadcrumb":{"@id":"https:\/\/swissherboriginal.com\/termini-e-condizioni\/#breadcrumb"},"inLanguage":"en-GB","potentialAction":[{"@type":"ReadAction","target":["https:\/\/swissherboriginal.com\/termini-e-condizioni\/"]}]},{"@type":"ImageObject","inLanguage":"en-GB","@id":"https:\/\/swissherboriginal.com\/termini-e-condizioni\/#primaryimage","url":"https:\/\/swissherboriginal.com\/wp-content\/uploads\/TERMINI.png","contentUrl":"https:\/\/swissherboriginal.com\/wp-content\/uploads\/TERMINI.png","width":800,"height":500,"caption":"Termini e Condizioni"},{"@type":"BreadcrumbList","@id":"https:\/\/swissherboriginal.com\/termini-e-condizioni\/#breadcrumb","itemListElement":[{"@type":"ListItem","position":1,"name":"Home","item":"https:\/\/swissherboriginal.com\/"},{"@type":"ListItem","position":2,"name":"Termini e Condizioni"}]},{"@type":"WebSite","@id":"https:\/\/swissherboriginal.com\/#website","url":"https:\/\/swissherboriginal.com\/","name":"Swiss Herb Original","description":"","publisher":{"@id":"https:\/\/swissherboriginal.com\/#organization"},"potentialAction":[{"@type":"SearchAction","target":{"@type":"EntryPoint","urlTemplate":"https:\/\/swissherboriginal.com\/?s={search_term_string}"},"query-input":{"@type":"PropertyValueSpecification","valueRequired":true,"valueName":"search_term_string"}}],"inLanguage":"en-GB"},{"@type":"Organization","@id":"https:\/\/swissherboriginal.com\/#organization","name":"Swiss Herb Original","url":"https:\/\/swissherboriginal.com\/","logo":{"@type":"ImageObject","inLanguage":"en-GB","@id":"https:\/\/swissherboriginal.com\/#\/schema\/logo\/image\/","url":"https:\/\/swissherboriginal.com\/wp-content\/uploads\/logo-menu-tel-swissherb.png","contentUrl":"https:\/\/swissherboriginal.com\/wp-content\/uploads\/logo-menu-tel-swissherb.png","width":512,"height":360,"caption":"Swiss Herb Original"},"image":{"@id":"https:\/\/swissherboriginal.com\/#\/schema\/logo\/image\/"},"sameAs":["https:\/\/www.facebook.com\/swissherboriginale\/","https:\/\/www.instagram.com\/swissherb_original"]}]}},"_links":{"self":[{"href":"https:\/\/swissherboriginal.com\/en\/wp-json\/wp\/v2\/pages\/989","targetHints":{"allow":["GET"]}}],"collection":[{"href":"https:\/\/swissherboriginal.com\/en\/wp-json\/wp\/v2\/pages"}],"about":[{"href":"https:\/\/swissherboriginal.com\/en\/wp-json\/wp\/v2\/types\/page"}],"author":[{"embeddable":true,"href":"https:\/\/swissherboriginal.com\/en\/wp-json\/wp\/v2\/users\/1"}],"replies":[{"embeddable":true,"href":"https:\/\/swissherboriginal.com\/en\/wp-json\/wp\/v2\/comments?post=989"}],"version-history":[{"count":12,"href":"https:\/\/swissherboriginal.com\/en\/wp-json\/wp\/v2\/pages\/989\/revisions"}],"predecessor-version":[{"id":25909,"href":"https:\/\/swissherboriginal.com\/en\/wp-json\/wp\/v2\/pages\/989\/revisions\/25909"}],"wp:featuredmedia":[{"embeddable":true,"href":"https:\/\/swissherboriginal.com\/en\/wp-json\/wp\/v2\/media\/23474"}],"wp:attachment":[{"href":"https:\/\/swissherboriginal.com\/en\/wp-json\/wp\/v2\/media?parent=989"}],"curies":[{"name":"wp","href":"https:\/\/api.w.org\/{rel}","templated":true}]}}