{"id":1086,"date":"2023-02-11T10:14:28","date_gmt":"2023-02-11T10:14:28","guid":{"rendered":"https:\/\/swissherboriginal.com\/?post_type=product&#038;p=1086"},"modified":"2025-03-12T12:05:45","modified_gmt":"2025-03-12T12:05:45","slug":"roam-gpen-grenco-science","status":"publish","type":"product","link":"https:\/\/swissherboriginal.com\/en\/shop\/smoking-articles\/vaporizzatori\/roam-gpen-grenco-science\/","title":{"rendered":"Roam G Pen Grenco Science"},"content":{"rendered":"<h2>Roam G Pen Grenco Science<\/h2>\n<p>Il Roam G Pen della marca Grenco Science \u00e8 un vaporizzatore portatile per concentrati, dotato di un design elegante e resistente, che lo rende ideale per l&#8217;utilizzo in movimento. Questo vaporizzatore offre una qualit\u00e0 del vapore superiore grazie al suo sistema di riscaldamento a bobina in quarzo che garantisce un riscaldamento uniforme e rapido.<\/p>\n<p>Il Roam G Pen \u00e8 dotato di una batteria al litio da 1300mAh, che garantisce una durata di utilizzo di oltre 20 sessioni per ogni carica. Inoltre, grazie alla sua tecnologia di riscaldamento a induzione, \u00e8 possibile ottenere una sessione di vaporizzazione con una temperatura regolabile in modo personalizzato. Ci\u00f2 permette di ottenere il massimo beneficio dalle propriet\u00e0 benefiche dei concentrati utilizzati.<\/p>\n<p>Il Roam G Pen \u00e8 composto da una camera della vaporizzazione in vetro borosilicato. Questo garantisce una pulizia facile e senza alcuna difficolt\u00e0, per cui non sono necessarie sostanze chimiche aggressive per pulirlo. In rispetto della normativa vigente sulla qualit\u00e0 dell&#8217;aria interna, gli utenti possono godere di una vaporizzazione priva di sostanze pericolose e nocive grazie alla tecnologia di riscaldamento innovativa.<\/p>\n<p>Il Roam G Pen \u00e8 anche dotato di un sistema di raffreddamento del vapore integrato, con un percorso del vapore completamente isolato dalla elettronica del vaporizzatore, il che garantisce una vaporizzazione morbida e piacevole. La bocchetta del Roam \u00e8 intercambiabile, il che significa che gli utenti posso scegliere tra diverse forme e dimensioni.<\/p>\n<p>Il Roam G Pen pesa solo 222g e il suo corpo \u00e8 in alluminio forte e resistente. Inoltre, il vaporizzatore viene accompagnato da un astuccio elegante, dividibile in due parti. \u00c8 rivestito in neoprene morbido, dove si pu\u00f2 organizzare il vaporizzatore e tutti i suoi accessori.<\/p>\n<p>In conclusione, Roam G Pen della Grenco Science \u00e8 un vaporizzatore portatile potente, costituito da tecnologie di alta qualit\u00e0, con un design elegante e resistente. Il Roam G Pen \u00e8 il compagno ideale per chi desidera godere dei massimi benefici dalla vaporizzazione dei concentati in modo facile, sicuro e conveniente.<\/p>\n<p>Il Roam G Pen, essendo creato per i concentrati, \u00e8 il prodotto perfetto per provare i nostri estratti di CBD! <a href=\"https:\/\/swissherboriginal.com\/en\/shop\/cbd-legal-hemp\/estratti-cbd\/shatter-cbd\/\">Lo Shatter CBD<\/a>, <a href=\"https:\/\/swissherboriginal.com\/en\/shop\/cbd-legal-hemp\/estratti-cbd\/crumble-bz1-cbd\/\">il Crumble CBD<\/a>, <a href=\"https:\/\/swissherboriginal.com\/en\/shop\/cbd-legal-hemp\/estratti-cbd\/isolato-cbd\/\">l&#8217;Isolato di CBD<\/a> sono tutti dei fantastici estratti che puoi trovare nella categoria &#8220;<a href=\"https:\/\/swissherboriginal.com\/en\/product-category\/cbd-legal-hemp\/\">CBD Legal Hemp<\/a>&#8220;, e subcategoria &#8220;<a href=\"https:\/\/swissherboriginal.com\/en\/product-category\/cbd-legal-hemp\/estratti-cbd\/\">Extracts<\/a>&#8220;.<\/p>\n<p>Dai un&#8217;occhiata anche ai nostri altri <a href=\"https:\/\/swissherboriginal.com\/en\/product-category\/smoking-articles\/vaporizzatori\/\">vaporizzatori<\/a> di alta qualit\u00e0, come <a href=\"https:\/\/swissherboriginal.com\/en\/shop\/smoking-articles\/vaporizzatori\/volcano-digit-storz-bickel\/\">un\u00a0vaporizzatore da tavolo Volcano Digit della Storz &amp; Bickel<\/a>. Dai un&#8217;occhiata anche agli altri <a href=\"https:\/\/swissherboriginal.com\/en\/product-category\/smoking-articles\/\">smoking articles<\/a>\u00a0come\u00a0<a href=\"https:\/\/swissherboriginal.com\/en\/product-category\/smoking-articles\/bong-e-pipe\/\">bong e pipe<\/a>.<\/p>","protected":false},"excerpt":{"rendered":"<ul>\n<li>1\u00d7 Batteria Roam G Pen<\/li>\n<li>1\u00d7 Serbatoio in quarzo Roam G Pen<\/li>\n<li>1\u00d7 Tubo di vetro Roam G Pen<\/li>\n<li>1\u00d7 Bocchino Roam G Pen<\/li>\n<li>1\u00d7 Utensile G Pen<\/li>\n<li>1\u00d7 Cavo di ricarica micro USB<\/li>\n<\/ul>","protected":false},"featured_media":3632,"comment_status":"open","ping_status":"closed","template":"","meta":[],"product_brand":[],"product_cat":[249,265],"product_tag":[175,363,223],"class_list":{"0":"post-1086","1":"product","2":"type-product","3":"status-publish","4":"has-post-thumbnail","6":"product_cat-articoli-per-fumatori","7":"product_cat-vaporizzatori","8":"product_tag-g-pen","9":"product_tag-vaporizzatore-per-concentrati","10":"product_tag-vaporizzatore-portatile","12":"first","13":"instock","14":"shipping-taxable","15":"purchasable","16":"product-type-simple"},"yoast_head":"<!-- This site is optimized with the Yoast SEO Premium plugin v22.0 (Yoast SEO v26.3) - https:\/\/yoast.com\/wordpress\/plugins\/seo\/ -->\n<title>Roam G Pen Grenco Science | Vaporizzatore | Swiss Herb Original<\/title>\n<meta name=\"description\" content=\"Scopri l&#039;eleganza e la potenza del Roam G Pen Grenco Science! Vaporizzazione di concentrati superiore, design resistente e portatile. Acquistalo ora!\" \/>\n<meta name=\"robots\" content=\"index, follow, max-snippet:-1, max-image-preview:large, max-video-preview:-1\" \/>\n<link rel=\"canonical\" href=\"https:\/\/swissherboriginal.com\/en\/shop\/smoking-articles\/vaporizzatori\/roam-gpen-grenco-science\/\" \/>\n<meta property=\"og:locale\" content=\"en_GB\" \/>\n<meta property=\"og:type\" content=\"article\" \/>\n<meta property=\"og:title\" content=\"Roam G Pen Grenco Science\" \/>\n<meta property=\"og:description\" content=\"Scopri l&#039;eleganza e la potenza del Roam G Pen Grenco Science! Vaporizzazione di concentrati superiore, design resistente e portatile. Acquistalo ora!\" \/>\n<meta property=\"og:url\" content=\"https:\/\/swissherboriginal.com\/en\/shop\/smoking-articles\/vaporizzatori\/roam-gpen-grenco-science\/\" \/>\n<meta property=\"og:site_name\" content=\"Swiss Herb Original\" \/>\n<meta property=\"article:publisher\" content=\"https:\/\/www.facebook.com\/swissherboriginale\/\" \/>\n<meta property=\"article:modified_time\" content=\"2025-03-12T12:05:45+00:00\" \/>\n<meta property=\"og:image\" content=\"https:\/\/swissherboriginal.com\/wp-content\/uploads\/2023\/02\/roam-gpen-grenco-science-swiss-herb-original.png\" \/>\n\t<meta property=\"og:image:width\" content=\"800\" \/>\n\t<meta property=\"og:image:height\" content=\"800\" \/>\n\t<meta property=\"og:image:type\" content=\"image\/png\" \/>\n<meta name=\"twitter:card\" content=\"summary_large_image\" \/>\n<meta name=\"twitter:image\" content=\"https:\/\/swissherboriginal.com\/wp-content\/uploads\/2023\/02\/roam-gpen-grenco-science-swiss-herb-original.png\" \/>\n<meta name=\"twitter:label1\" content=\"Estimated reading time\" \/>\n\t<meta name=\"twitter:data1\" content=\"3 minutes\" \/>\n<script type=\"application\/ld+json\" class=\"yoast-schema-graph\">{\"@context\":\"https:\/\/schema.org\",\"@graph\":[{\"@type\":\"WebPage\",\"@id\":\"https:\/\/swissherboriginal.com\/shop\/articoli-per-fumatori\/vaporizzatori\/roam-gpen-grenco-science\/\",\"url\":\"https:\/\/swissherboriginal.com\/shop\/articoli-per-fumatori\/vaporizzatori\/roam-gpen-grenco-science\/\",\"name\":\"Roam G Pen Grenco Science | Vaporizzatore | Swiss Herb Original\",\"isPartOf\":{\"@id\":\"https:\/\/swissherboriginal.com\/#website\"},\"primaryImageOfPage\":{\"@id\":\"https:\/\/swissherboriginal.com\/shop\/articoli-per-fumatori\/vaporizzatori\/roam-gpen-grenco-science\/#primaryimage\"},\"image\":{\"@id\":\"https:\/\/swissherboriginal.com\/shop\/articoli-per-fumatori\/vaporizzatori\/roam-gpen-grenco-science\/#primaryimage\"},\"thumbnailUrl\":\"https:\/\/swissherboriginal.com\/wp-content\/uploads\/2023\/02\/roam-gpen-grenco-science-swiss-herb-original.png\",\"datePublished\":\"2023-02-11T10:14:28+00:00\",\"dateModified\":\"2025-03-12T12:05:45+00:00\",\"description\":\"Scopri l'eleganza e la potenza del Roam G Pen Grenco Science! Vaporizzazione di concentrati superiore, design resistente e portatile. Acquistalo ora!\",\"breadcrumb\":{\"@id\":\"https:\/\/swissherboriginal.com\/shop\/articoli-per-fumatori\/vaporizzatori\/roam-gpen-grenco-science\/#breadcrumb\"},\"inLanguage\":\"en-GB\",\"potentialAction\":[{\"@type\":\"ReadAction\",\"target\":[\"https:\/\/swissherboriginal.com\/shop\/articoli-per-fumatori\/vaporizzatori\/roam-gpen-grenco-science\/\"]}]},{\"@type\":\"ImageObject\",\"inLanguage\":\"en-GB\",\"@id\":\"https:\/\/swissherboriginal.com\/shop\/articoli-per-fumatori\/vaporizzatori\/roam-gpen-grenco-science\/#primaryimage\",\"url\":\"https:\/\/swissherboriginal.com\/wp-content\/uploads\/2023\/02\/roam-gpen-grenco-science-swiss-herb-original.png\",\"contentUrl\":\"https:\/\/swissherboriginal.com\/wp-content\/uploads\/2023\/02\/roam-gpen-grenco-science-swiss-herb-original.png\",\"width\":800,\"height\":800,\"caption\":\"Roam G Pen Grenco Science\"},{\"@type\":\"BreadcrumbList\",\"@id\":\"https:\/\/swissherboriginal.com\/shop\/articoli-per-fumatori\/vaporizzatori\/roam-gpen-grenco-science\/#breadcrumb\",\"itemListElement\":[{\"@type\":\"ListItem\",\"position\":1,\"name\":\"Home\",\"item\":\"https:\/\/swissherboriginal.com\/\"},{\"@type\":\"ListItem\",\"position\":2,\"name\":\"Negozio Swiss Herb Original\",\"item\":\"https:\/\/swissherboriginal.com\/negozio-swiss-herb-original\/\"},{\"@type\":\"ListItem\",\"position\":3,\"name\":\"Roam G Pen Grenco Science\"}]},{\"@type\":\"WebSite\",\"@id\":\"https:\/\/swissherboriginal.com\/#website\",\"url\":\"https:\/\/swissherboriginal.com\/\",\"name\":\"Swiss Herb Original\",\"description\":\"\",\"publisher\":{\"@id\":\"https:\/\/swissherboriginal.com\/#organization\"},\"potentialAction\":[{\"@type\":\"SearchAction\",\"target\":{\"@type\":\"EntryPoint\",\"urlTemplate\":\"https:\/\/swissherboriginal.com\/?s={search_term_string}\"},\"query-input\":{\"@type\":\"PropertyValueSpecification\",\"valueRequired\":true,\"valueName\":\"search_term_string\"}}],\"inLanguage\":\"en-GB\"},{\"@type\":\"Organization\",\"@id\":\"https:\/\/swissherboriginal.com\/#organization\",\"name\":\"Swiss Herb Original\",\"url\":\"https:\/\/swissherboriginal.com\/\",\"logo\":{\"@type\":\"ImageObject\",\"inLanguage\":\"en-GB\",\"@id\":\"https:\/\/swissherboriginal.com\/#\/schema\/logo\/image\/\",\"url\":\"https:\/\/swissherboriginal.com\/wp-content\/uploads\/logo-menu-tel-swissherb.png\",\"contentUrl\":\"https:\/\/swissherboriginal.com\/wp-content\/uploads\/logo-menu-tel-swissherb.png\",\"width\":512,\"height\":360,\"caption\":\"Swiss Herb Original\"},\"image\":{\"@id\":\"https:\/\/swissherboriginal.com\/#\/schema\/logo\/image\/\"},\"sameAs\":[\"https:\/\/www.facebook.com\/swissherboriginale\/\",\"https:\/\/www.instagram.com\/swissherb_original\"]}]}<\/script>\n<!-- \/ Yoast SEO Premium plugin. -->","yoast_head_json":{"title":"Roam G Pen Grenco Science | Vaporizzatore | Swiss Herb Original","description":"Scopri l'eleganza e la potenza del Roam G Pen Grenco Science! Vaporizzazione di concentrati superiore, design resistente e portatile. Acquistalo ora!","robots":{"index":"index","follow":"follow","max-snippet":"max-snippet:-1","max-image-preview":"max-image-preview:large","max-video-preview":"max-video-preview:-1"},"canonical":"https:\/\/swissherboriginal.com\/en\/shop\/smoking-articles\/vaporizzatori\/roam-gpen-grenco-science\/","og_locale":"en_GB","og_type":"article","og_title":"Roam G Pen Grenco Science","og_description":"Scopri l'eleganza e la potenza del Roam G Pen Grenco Science! Vaporizzazione di concentrati superiore, design resistente e portatile. Acquistalo ora!","og_url":"https:\/\/swissherboriginal.com\/en\/shop\/smoking-articles\/vaporizzatori\/roam-gpen-grenco-science\/","og_site_name":"Swiss Herb Original","article_publisher":"https:\/\/www.facebook.com\/swissherboriginale\/","article_modified_time":"2025-03-12T12:05:45+00:00","og_image":[{"width":800,"height":800,"url":"https:\/\/swissherboriginal.com\/wp-content\/uploads\/2023\/02\/roam-gpen-grenco-science-swiss-herb-original.png","type":"image\/png"}],"twitter_card":"summary_large_image","twitter_image":"https:\/\/swissherboriginal.com\/wp-content\/uploads\/2023\/02\/roam-gpen-grenco-science-swiss-herb-original.png","twitter_misc":{"Estimated reading time":"3 minutes"},"schema":{"@context":"https:\/\/schema.org","@graph":[{"@type":"WebPage","@id":"https:\/\/swissherboriginal.com\/shop\/articoli-per-fumatori\/vaporizzatori\/roam-gpen-grenco-science\/","url":"https:\/\/swissherboriginal.com\/shop\/articoli-per-fumatori\/vaporizzatori\/roam-gpen-grenco-science\/","name":"Roam G Pen Grenco Science | Vaporizzatore | Swiss Herb Original","isPartOf":{"@id":"https:\/\/swissherboriginal.com\/#website"},"primaryImageOfPage":{"@id":"https:\/\/swissherboriginal.com\/shop\/articoli-per-fumatori\/vaporizzatori\/roam-gpen-grenco-science\/#primaryimage"},"image":{"@id":"https:\/\/swissherboriginal.com\/shop\/articoli-per-fumatori\/vaporizzatori\/roam-gpen-grenco-science\/#primaryimage"},"thumbnailUrl":"https:\/\/swissherboriginal.com\/wp-content\/uploads\/2023\/02\/roam-gpen-grenco-science-swiss-herb-original.png","datePublished":"2023-02-11T10:14:28+00:00","dateModified":"2025-03-12T12:05:45+00:00","description":"Scopri l'eleganza e la potenza del Roam G Pen Grenco Science! Vaporizzazione di concentrati superiore, design resistente e portatile. Acquistalo ora!","breadcrumb":{"@id":"https:\/\/swissherboriginal.com\/shop\/articoli-per-fumatori\/vaporizzatori\/roam-gpen-grenco-science\/#breadcrumb"},"inLanguage":"en-GB","potentialAction":[{"@type":"ReadAction","target":["https:\/\/swissherboriginal.com\/shop\/articoli-per-fumatori\/vaporizzatori\/roam-gpen-grenco-science\/"]}]},{"@type":"ImageObject","inLanguage":"en-GB","@id":"https:\/\/swissherboriginal.com\/shop\/articoli-per-fumatori\/vaporizzatori\/roam-gpen-grenco-science\/#primaryimage","url":"https:\/\/swissherboriginal.com\/wp-content\/uploads\/2023\/02\/roam-gpen-grenco-science-swiss-herb-original.png","contentUrl":"https:\/\/swissherboriginal.com\/wp-content\/uploads\/2023\/02\/roam-gpen-grenco-science-swiss-herb-original.png","width":800,"height":800,"caption":"Roam G Pen Grenco Science"},{"@type":"BreadcrumbList","@id":"https:\/\/swissherboriginal.com\/shop\/articoli-per-fumatori\/vaporizzatori\/roam-gpen-grenco-science\/#breadcrumb","itemListElement":[{"@type":"ListItem","position":1,"name":"Home","item":"https:\/\/swissherboriginal.com\/"},{"@type":"ListItem","position":2,"name":"Negozio Swiss Herb Original","item":"https:\/\/swissherboriginal.com\/negozio-swiss-herb-original\/"},{"@type":"ListItem","position":3,"name":"Roam G Pen Grenco Science"}]},{"@type":"WebSite","@id":"https:\/\/swissherboriginal.com\/#website","url":"https:\/\/swissherboriginal.com\/","name":"Swiss Herb Original","description":"","publisher":{"@id":"https:\/\/swissherboriginal.com\/#organization"},"potentialAction":[{"@type":"SearchAction","target":{"@type":"EntryPoint","urlTemplate":"https:\/\/swissherboriginal.com\/?s={search_term_string}"},"query-input":{"@type":"PropertyValueSpecification","valueRequired":true,"valueName":"search_term_string"}}],"inLanguage":"en-GB"},{"@type":"Organization","@id":"https:\/\/swissherboriginal.com\/#organization","name":"Swiss Herb Original","url":"https:\/\/swissherboriginal.com\/","logo":{"@type":"ImageObject","inLanguage":"en-GB","@id":"https:\/\/swissherboriginal.com\/#\/schema\/logo\/image\/","url":"https:\/\/swissherboriginal.com\/wp-content\/uploads\/logo-menu-tel-swissherb.png","contentUrl":"https:\/\/swissherboriginal.com\/wp-content\/uploads\/logo-menu-tel-swissherb.png","width":512,"height":360,"caption":"Swiss Herb Original"},"image":{"@id":"https:\/\/swissherboriginal.com\/#\/schema\/logo\/image\/"},"sameAs":["https:\/\/www.facebook.com\/swissherboriginale\/","https:\/\/www.instagram.com\/swissherb_original"]}]}},"_links":{"self":[{"href":"https:\/\/swissherboriginal.com\/en\/wp-json\/wp\/v2\/product\/1086","targetHints":{"allow":["GET"]}}],"collection":[{"href":"https:\/\/swissherboriginal.com\/en\/wp-json\/wp\/v2\/product"}],"about":[{"href":"https:\/\/swissherboriginal.com\/en\/wp-json\/wp\/v2\/types\/product"}],"replies":[{"embeddable":true,"href":"https:\/\/swissherboriginal.com\/en\/wp-json\/wp\/v2\/comments?post=1086"}],"wp:featuredmedia":[{"embeddable":true,"href":"https:\/\/swissherboriginal.com\/en\/wp-json\/wp\/v2\/media\/3632"}],"wp:attachment":[{"href":"https:\/\/swissherboriginal.com\/en\/wp-json\/wp\/v2\/media?parent=1086"}],"wp:term":[{"taxonomy":"product_brand","embeddable":true,"href":"https:\/\/swissherboriginal.com\/en\/wp-json\/wp\/v2\/product_brand?post=1086"},{"taxonomy":"product_cat","embeddable":true,"href":"https:\/\/swissherboriginal.com\/en\/wp-json\/wp\/v2\/product_cat?post=1086"},{"taxonomy":"product_tag","embeddable":true,"href":"https:\/\/swissherboriginal.com\/en\/wp-json\/wp\/v2\/product_tag?post=1086"}],"curies":[{"name":"wp","href":"https:\/\/api.w.org\/{rel}","templated":true}]}}