{"id":1143,"date":"2023-02-15T10:03:04","date_gmt":"2023-02-15T10:03:04","guid":{"rendered":"https:\/\/swissherboriginal.com\/?post_type=product&#038;p=1143"},"modified":"2023-11-22T09:59:43","modified_gmt":"2023-11-22T09:59:43","slug":"targa-in-legno-smoked-here-raw","status":"publish","type":"product","link":"https:\/\/swissherboriginal.com\/en\/shop\/smoking-articles\/accessori\/targa-in-legno-smoked-here-raw\/","title":{"rendered":"Targa in Legno \u201cSmoked Here\u201d RAW"},"content":{"rendered":"<h2>Targa in Legno \u201cSmoked Here\u201d RAW<\/h2>\n<p>La targa in legno &#8220;smoked here&#8221; della marca Raw \u00e8 un&#8217;aggiunta perfetta per qualunque ambiente amante della cultura del fumo. Il design della targa \u00e8 pulito e minimalista, realizzato interamente in legno di alta qualit\u00e0 con l&#8217;iscrizione &#8220;smoked here&#8221; al centro. La superficie del legno \u00e8 liscia e resistente all&#8217;usura, garantendo una lunga durata nel tempo.<\/p>\n<p>La targa \u00e8 ideale per essere appesa in diverse parti della casa, come la sala da fumo, il salotto o la camera da letto. Grazie alla sua forma rettangolare, si adatta facilmente a qualunque parete e si pu\u00f2 posizionare sia orizzontalmente sia verticalmente. Allo stesso tempo, il suo stile sobrio e sofisticato si adatta perfettamente a qualsiasi arredamento.<\/p>\n<p>Ma la targa &#8220;smoked here&#8221; non \u00e8 solo un semplice oggetto decorativo. Esprime, infatti, un messaggio forte e chiaro: in questo luogo si fuma e ci si diverte. La targa invita gli amanti del fumo a sentirsi a proprio agio nel proprio ambiente, creando un&#8217;atmosfera di convivialit\u00e0 e relax. Inoltre, \u00e8 un modo elegante per mostrare la propria passione per i prodotti a base di tabacco e per l&#8217;arte del fumo.<\/p>\n<p>La targa Raw \u00e8 stata progettata con materiali di altissima qualit\u00e0, che garantiscono resistenza e durata nel tempo. Il legno utilizzato per la sua produzione \u00e8 stato scelto con attenzione per raggiungere una qualit\u00e0 eccellente. Inoltre, la scritta &#8220;smoked here&#8221; \u00e8 realizzata con un processo di stampa ad alta definizione, per un risultato preciso e duraturo.<\/p>\n<p>In sintesi, la targa in legno &#8220;smoked here&#8221; della marca Raw \u00e8 un pezzo unico per gli amanti del fumo e dell&#8217;eleganza. Grazie al suo design pulito e alla sua resistenza, si pu\u00f2 godere della soddisfazione di possedere un oggetto d&#8217;arte di alta qualit\u00e0, che esalta la propria passione per il fumo. Con questa targa, si pu\u00f2 trasformare qualsiasi ambiente in un luogo accogliente e rilassante in cui ci si pu\u00f2 godere un buon fumo in compagnia.<\/p>\n<p>Puoi appendere questa targa dopo aver fumato le nostre variet\u00e0 di CBD! Ti consigliamo di provare le nostre variet\u00e0 svizzere come <a href=\"https:\/\/swissherboriginal.com\/en\/shop\/cbd-legal-hemp\/fiore-cbd\/wedding-cake-cbd\/\">la Wedding Cake<\/a>, <a href=\"https:\/\/swissherboriginal.com\/en\/shop\/cbd-legal-hemp\/fiore-cbd\/harlequin-cbd\/\">the Harlequin<\/a> o <a href=\"https:\/\/swissherboriginal.com\/en\/shop\/cbd-legal-hemp\/fiore-cbd\/kali-kush-cbd\/\">la Kali Kush<\/a>. Vai alla categoria &#8220;<a href=\"https:\/\/swissherboriginal.com\/en\/product-category\/cbd-legal-hemp\/\">CBD Legal Hemp<\/a>&#8220;, e subcategoria &#8220;<a href=\"https:\/\/swissherboriginal.com\/en\/product-category\/cbd-legal-hemp\/fiore-cbd\/\">CBD flower<\/a>&#8221; e troverai queste variet\u00e0, e molte altre! Dai un&#8217;occhiata anche ai nostri <a href=\"https:\/\/swissherboriginal.com\/en\/product-category\/smoking-articles\/accessori\/\">accessori per fumatori<\/a> unici come divertente <a href=\"https:\/\/swissherboriginal.com\/en\/shop\/smoking-articles\/accessori\/cartellino-per-favore-non-disturbare-per-porte-raw\/\">cartellino \u201cPer favore non disturbare\u201d per porte della RAW<\/a> e anche agli altri <a href=\"https:\/\/swissherboriginal.com\/en\/product-category\/smoking-articles\/\">smoking articles<\/a> come <a href=\"https:\/\/swissherboriginal.com\/en\/product-category\/smoking-articles\/bong-e-pipe\/\">bong e pipe<\/a>.<\/p>","protected":false},"excerpt":{"rendered":"<ul>\n<li>Un pezzo unico per gli amanti del fumo e dell&#8217;eleganza<\/li>\n<li>Design pulito<\/li>\n<li>Oggetto d&#8217;arte di alta qualit\u00e0<\/li>\n<li>Esalta la propria passione per il fumo<\/li>\n<\/ul>","protected":false},"featured_media":3512,"comment_status":"open","ping_status":"closed","template":"","meta":[],"product_brand":[],"product_cat":[249,250],"product_tag":[114],"class_list":{"0":"post-1143","1":"product","2":"type-product","3":"status-publish","4":"has-post-thumbnail","6":"product_cat-articoli-per-fumatori","7":"product_cat-accessori","8":"product_tag-raw","10":"first","11":"instock","12":"shipping-taxable","13":"purchasable","14":"product-type-simple"},"yoast_head":"<!-- This site is optimized with the Yoast SEO Premium plugin v22.0 (Yoast SEO v26.3) - https:\/\/yoast.com\/wordpress\/plugins\/seo\/ -->\n<title>Targa in Legno \u201cSmoked Here\u201d RAW | Swiss Herb Original<\/title>\n<meta name=\"description\" content=\"Targa in Legno &quot;Smoked Here&quot; della marca RAW - un&#039;opera d&#039;arte per gli amanti del fumo. Aggiungi stile e passione alla tua casa. Acquista ora!\" \/>\n<meta name=\"robots\" content=\"index, follow, max-snippet:-1, max-image-preview:large, max-video-preview:-1\" \/>\n<link rel=\"canonical\" href=\"https:\/\/swissherboriginal.com\/en\/shop\/smoking-articles\/accessori\/targa-in-legno-smoked-here-raw\/\" \/>\n<meta property=\"og:locale\" content=\"en_GB\" \/>\n<meta property=\"og:type\" content=\"article\" \/>\n<meta property=\"og:title\" content=\"Targa in Legno \u201cSmoked Here\u201d RAW\" \/>\n<meta property=\"og:description\" content=\"Targa in Legno &quot;Smoked Here&quot; della marca RAW - un&#039;opera d&#039;arte per gli amanti del fumo. Aggiungi stile e passione alla tua casa. Acquista ora!\" \/>\n<meta property=\"og:url\" content=\"https:\/\/swissherboriginal.com\/en\/shop\/smoking-articles\/accessori\/targa-in-legno-smoked-here-raw\/\" \/>\n<meta property=\"og:site_name\" content=\"Swiss Herb Original\" \/>\n<meta property=\"article:publisher\" content=\"https:\/\/www.facebook.com\/swissherboriginale\/\" \/>\n<meta property=\"article:modified_time\" content=\"2023-11-22T09:59:43+00:00\" \/>\n<meta property=\"og:image\" content=\"https:\/\/swissherboriginal.com\/wp-content\/uploads\/2023\/02\/Targa-in-legno-smoked-here-raw-swiss-herb-original.png\" \/>\n\t<meta property=\"og:image:width\" content=\"800\" \/>\n\t<meta property=\"og:image:height\" content=\"800\" \/>\n\t<meta property=\"og:image:type\" content=\"image\/png\" \/>\n<meta name=\"twitter:card\" content=\"summary_large_image\" \/>\n<meta name=\"twitter:image\" content=\"https:\/\/swissherboriginal.com\/wp-content\/uploads\/2023\/02\/Targa-in-legno-smoked-here-raw-swiss-herb-original.png\" \/>\n<meta name=\"twitter:label1\" content=\"Estimated reading time\" \/>\n\t<meta name=\"twitter:data1\" content=\"3 minutes\" \/>\n<script type=\"application\/ld+json\" class=\"yoast-schema-graph\">{\"@context\":\"https:\/\/schema.org\",\"@graph\":[{\"@type\":\"WebPage\",\"@id\":\"https:\/\/swissherboriginal.com\/shop\/articoli-per-fumatori\/accessori\/targa-in-legno-smoked-here-raw\/\",\"url\":\"https:\/\/swissherboriginal.com\/shop\/articoli-per-fumatori\/accessori\/targa-in-legno-smoked-here-raw\/\",\"name\":\"Targa in Legno \u201cSmoked Here\u201d RAW | Swiss Herb Original\",\"isPartOf\":{\"@id\":\"https:\/\/swissherboriginal.com\/#website\"},\"primaryImageOfPage\":{\"@id\":\"https:\/\/swissherboriginal.com\/shop\/articoli-per-fumatori\/accessori\/targa-in-legno-smoked-here-raw\/#primaryimage\"},\"image\":{\"@id\":\"https:\/\/swissherboriginal.com\/shop\/articoli-per-fumatori\/accessori\/targa-in-legno-smoked-here-raw\/#primaryimage\"},\"thumbnailUrl\":\"https:\/\/swissherboriginal.com\/wp-content\/uploads\/2023\/02\/Targa-in-legno-smoked-here-raw-swiss-herb-original.png\",\"datePublished\":\"2023-02-15T10:03:04+00:00\",\"dateModified\":\"2023-11-22T09:59:43+00:00\",\"description\":\"Targa in Legno \\\"Smoked Here\\\" della marca RAW - un'opera d'arte per gli amanti del fumo. Aggiungi stile e passione alla tua casa. Acquista ora!\",\"breadcrumb\":{\"@id\":\"https:\/\/swissherboriginal.com\/shop\/articoli-per-fumatori\/accessori\/targa-in-legno-smoked-here-raw\/#breadcrumb\"},\"inLanguage\":\"en-GB\",\"potentialAction\":[{\"@type\":\"ReadAction\",\"target\":[\"https:\/\/swissherboriginal.com\/shop\/articoli-per-fumatori\/accessori\/targa-in-legno-smoked-here-raw\/\"]}]},{\"@type\":\"ImageObject\",\"inLanguage\":\"en-GB\",\"@id\":\"https:\/\/swissherboriginal.com\/shop\/articoli-per-fumatori\/accessori\/targa-in-legno-smoked-here-raw\/#primaryimage\",\"url\":\"https:\/\/swissherboriginal.com\/wp-content\/uploads\/2023\/02\/Targa-in-legno-smoked-here-raw-swiss-herb-original.png\",\"contentUrl\":\"https:\/\/swissherboriginal.com\/wp-content\/uploads\/2023\/02\/Targa-in-legno-smoked-here-raw-swiss-herb-original.png\",\"width\":800,\"height\":800,\"caption\":\"Targa in Legno \u201cSmoked Here\u201d RAW\"},{\"@type\":\"BreadcrumbList\",\"@id\":\"https:\/\/swissherboriginal.com\/shop\/articoli-per-fumatori\/accessori\/targa-in-legno-smoked-here-raw\/#breadcrumb\",\"itemListElement\":[{\"@type\":\"ListItem\",\"position\":1,\"name\":\"Home\",\"item\":\"https:\/\/swissherboriginal.com\/\"},{\"@type\":\"ListItem\",\"position\":2,\"name\":\"Negozio Swiss Herb Original\",\"item\":\"https:\/\/swissherboriginal.com\/negozio-swiss-herb-original\/\"},{\"@type\":\"ListItem\",\"position\":3,\"name\":\"Targa in Legno \u201cSmoked Here\u201d RAW\"}]},{\"@type\":\"WebSite\",\"@id\":\"https:\/\/swissherboriginal.com\/#website\",\"url\":\"https:\/\/swissherboriginal.com\/\",\"name\":\"Swiss Herb Original\",\"description\":\"\",\"publisher\":{\"@id\":\"https:\/\/swissherboriginal.com\/#organization\"},\"potentialAction\":[{\"@type\":\"SearchAction\",\"target\":{\"@type\":\"EntryPoint\",\"urlTemplate\":\"https:\/\/swissherboriginal.com\/?s={search_term_string}\"},\"query-input\":{\"@type\":\"PropertyValueSpecification\",\"valueRequired\":true,\"valueName\":\"search_term_string\"}}],\"inLanguage\":\"en-GB\"},{\"@type\":\"Organization\",\"@id\":\"https:\/\/swissherboriginal.com\/#organization\",\"name\":\"Swiss Herb Original\",\"url\":\"https:\/\/swissherboriginal.com\/\",\"logo\":{\"@type\":\"ImageObject\",\"inLanguage\":\"en-GB\",\"@id\":\"https:\/\/swissherboriginal.com\/#\/schema\/logo\/image\/\",\"url\":\"https:\/\/swissherboriginal.com\/wp-content\/uploads\/logo-menu-tel-swissherb.png\",\"contentUrl\":\"https:\/\/swissherboriginal.com\/wp-content\/uploads\/logo-menu-tel-swissherb.png\",\"width\":512,\"height\":360,\"caption\":\"Swiss Herb Original\"},\"image\":{\"@id\":\"https:\/\/swissherboriginal.com\/#\/schema\/logo\/image\/\"},\"sameAs\":[\"https:\/\/www.facebook.com\/swissherboriginale\/\",\"https:\/\/www.instagram.com\/swissherb_original\"]}]}<\/script>\n<!-- \/ Yoast SEO Premium plugin. -->","yoast_head_json":{"title":"Targa in Legno \u201cSmoked Here\u201d RAW | Swiss Herb Original","description":"Targa in Legno \"Smoked Here\" della marca RAW - un'opera d'arte per gli amanti del fumo. Aggiungi stile e passione alla tua casa. Acquista ora!","robots":{"index":"index","follow":"follow","max-snippet":"max-snippet:-1","max-image-preview":"max-image-preview:large","max-video-preview":"max-video-preview:-1"},"canonical":"https:\/\/swissherboriginal.com\/en\/shop\/smoking-articles\/accessori\/targa-in-legno-smoked-here-raw\/","og_locale":"en_GB","og_type":"article","og_title":"Targa in Legno \u201cSmoked Here\u201d RAW","og_description":"Targa in Legno \"Smoked Here\" della marca RAW - un'opera d'arte per gli amanti del fumo. Aggiungi stile e passione alla tua casa. Acquista ora!","og_url":"https:\/\/swissherboriginal.com\/en\/shop\/smoking-articles\/accessori\/targa-in-legno-smoked-here-raw\/","og_site_name":"Swiss Herb Original","article_publisher":"https:\/\/www.facebook.com\/swissherboriginale\/","article_modified_time":"2023-11-22T09:59:43+00:00","og_image":[{"width":800,"height":800,"url":"https:\/\/swissherboriginal.com\/wp-content\/uploads\/2023\/02\/Targa-in-legno-smoked-here-raw-swiss-herb-original.png","type":"image\/png"}],"twitter_card":"summary_large_image","twitter_image":"https:\/\/swissherboriginal.com\/wp-content\/uploads\/2023\/02\/Targa-in-legno-smoked-here-raw-swiss-herb-original.png","twitter_misc":{"Estimated reading time":"3 minutes"},"schema":{"@context":"https:\/\/schema.org","@graph":[{"@type":"WebPage","@id":"https:\/\/swissherboriginal.com\/shop\/articoli-per-fumatori\/accessori\/targa-in-legno-smoked-here-raw\/","url":"https:\/\/swissherboriginal.com\/shop\/articoli-per-fumatori\/accessori\/targa-in-legno-smoked-here-raw\/","name":"Targa in Legno \u201cSmoked Here\u201d RAW | Swiss Herb Original","isPartOf":{"@id":"https:\/\/swissherboriginal.com\/#website"},"primaryImageOfPage":{"@id":"https:\/\/swissherboriginal.com\/shop\/articoli-per-fumatori\/accessori\/targa-in-legno-smoked-here-raw\/#primaryimage"},"image":{"@id":"https:\/\/swissherboriginal.com\/shop\/articoli-per-fumatori\/accessori\/targa-in-legno-smoked-here-raw\/#primaryimage"},"thumbnailUrl":"https:\/\/swissherboriginal.com\/wp-content\/uploads\/2023\/02\/Targa-in-legno-smoked-here-raw-swiss-herb-original.png","datePublished":"2023-02-15T10:03:04+00:00","dateModified":"2023-11-22T09:59:43+00:00","description":"Targa in Legno \"Smoked Here\" della marca RAW - un'opera d'arte per gli amanti del fumo. Aggiungi stile e passione alla tua casa. Acquista ora!","breadcrumb":{"@id":"https:\/\/swissherboriginal.com\/shop\/articoli-per-fumatori\/accessori\/targa-in-legno-smoked-here-raw\/#breadcrumb"},"inLanguage":"en-GB","potentialAction":[{"@type":"ReadAction","target":["https:\/\/swissherboriginal.com\/shop\/articoli-per-fumatori\/accessori\/targa-in-legno-smoked-here-raw\/"]}]},{"@type":"ImageObject","inLanguage":"en-GB","@id":"https:\/\/swissherboriginal.com\/shop\/articoli-per-fumatori\/accessori\/targa-in-legno-smoked-here-raw\/#primaryimage","url":"https:\/\/swissherboriginal.com\/wp-content\/uploads\/2023\/02\/Targa-in-legno-smoked-here-raw-swiss-herb-original.png","contentUrl":"https:\/\/swissherboriginal.com\/wp-content\/uploads\/2023\/02\/Targa-in-legno-smoked-here-raw-swiss-herb-original.png","width":800,"height":800,"caption":"Targa in Legno \u201cSmoked Here\u201d RAW"},{"@type":"BreadcrumbList","@id":"https:\/\/swissherboriginal.com\/shop\/articoli-per-fumatori\/accessori\/targa-in-legno-smoked-here-raw\/#breadcrumb","itemListElement":[{"@type":"ListItem","position":1,"name":"Home","item":"https:\/\/swissherboriginal.com\/"},{"@type":"ListItem","position":2,"name":"Negozio Swiss Herb Original","item":"https:\/\/swissherboriginal.com\/negozio-swiss-herb-original\/"},{"@type":"ListItem","position":3,"name":"Targa in Legno \u201cSmoked Here\u201d RAW"}]},{"@type":"WebSite","@id":"https:\/\/swissherboriginal.com\/#website","url":"https:\/\/swissherboriginal.com\/","name":"Swiss Herb Original","description":"","publisher":{"@id":"https:\/\/swissherboriginal.com\/#organization"},"potentialAction":[{"@type":"SearchAction","target":{"@type":"EntryPoint","urlTemplate":"https:\/\/swissherboriginal.com\/?s={search_term_string}"},"query-input":{"@type":"PropertyValueSpecification","valueRequired":true,"valueName":"search_term_string"}}],"inLanguage":"en-GB"},{"@type":"Organization","@id":"https:\/\/swissherboriginal.com\/#organization","name":"Swiss Herb Original","url":"https:\/\/swissherboriginal.com\/","logo":{"@type":"ImageObject","inLanguage":"en-GB","@id":"https:\/\/swissherboriginal.com\/#\/schema\/logo\/image\/","url":"https:\/\/swissherboriginal.com\/wp-content\/uploads\/logo-menu-tel-swissherb.png","contentUrl":"https:\/\/swissherboriginal.com\/wp-content\/uploads\/logo-menu-tel-swissherb.png","width":512,"height":360,"caption":"Swiss Herb Original"},"image":{"@id":"https:\/\/swissherboriginal.com\/#\/schema\/logo\/image\/"},"sameAs":["https:\/\/www.facebook.com\/swissherboriginale\/","https:\/\/www.instagram.com\/swissherb_original"]}]}},"_links":{"self":[{"href":"https:\/\/swissherboriginal.com\/en\/wp-json\/wp\/v2\/product\/1143","targetHints":{"allow":["GET"]}}],"collection":[{"href":"https:\/\/swissherboriginal.com\/en\/wp-json\/wp\/v2\/product"}],"about":[{"href":"https:\/\/swissherboriginal.com\/en\/wp-json\/wp\/v2\/types\/product"}],"replies":[{"embeddable":true,"href":"https:\/\/swissherboriginal.com\/en\/wp-json\/wp\/v2\/comments?post=1143"}],"wp:featuredmedia":[{"embeddable":true,"href":"https:\/\/swissherboriginal.com\/en\/wp-json\/wp\/v2\/media\/3512"}],"wp:attachment":[{"href":"https:\/\/swissherboriginal.com\/en\/wp-json\/wp\/v2\/media?parent=1143"}],"wp:term":[{"taxonomy":"product_brand","embeddable":true,"href":"https:\/\/swissherboriginal.com\/en\/wp-json\/wp\/v2\/product_brand?post=1143"},{"taxonomy":"product_cat","embeddable":true,"href":"https:\/\/swissherboriginal.com\/en\/wp-json\/wp\/v2\/product_cat?post=1143"},{"taxonomy":"product_tag","embeddable":true,"href":"https:\/\/swissherboriginal.com\/en\/wp-json\/wp\/v2\/product_tag?post=1143"}],"curies":[{"name":"wp","href":"https:\/\/api.w.org\/{rel}","templated":true}]}}