{"id":1179,"date":"2023-02-16T09:58:56","date_gmt":"2023-02-16T09:58:56","guid":{"rendered":"https:\/\/swissherboriginal.com\/?post_type=product&#038;p=1179"},"modified":"2023-11-22T09:57:52","modified_gmt":"2023-11-22T09:57:52","slug":"vassoio-grande-in-metallo-smoke-me-best-buds","status":"publish","type":"product","link":"https:\/\/swissherboriginal.com\/en\/shop\/smoking-articles\/accessori\/vassoio-grande-in-metallo-smoke-me-best-buds\/","title":{"rendered":"Vassoio Grande in Metallo &#8220;Smoke Me&#8221; Best Buds"},"content":{"rendered":"<h2>Vassoio Grande per Rollare in Metallo &#8211; Smoke Me &#8211; Best Buds: La Superficie Perfetta su cui Rollare le tue Erbe<\/h2>\n<p>Il vassoio grande in metallo &#8220;Smoke Me&#8221; Best Buds \u00e8 un oggetto originale ed estremamente divertente. Il suo design \u00e8 stato ispirato al fumetto americano, con un fiore di cannabis antropomorfizzato al centro della scena. Il fiore, come un personaggio animato, \u00e8 raffigurato mentre sta per fumare un altro fiore di cannabis antropomorfizzato attraverso un bong di vetro.<\/p>\n<p>Lo sfondo del vassoio \u00e8 decorato con strisce bianche e nere che partono dal centro e si estendono verso l&#8217;esterno. Questo crea un bell&#8217;effetto ottico che d\u00e0 l&#8217;impressione che il fiore antropomorfizzato stia effettivamente emergendo dal centro del vassoio. Le dimensioni del vassoio lo rendono perfetto per i fumatori di cannabis e per le varie cose necessarie, come gli strumenti per il consumo preferiti, come vaporizzatori, pipe, bong o anche cartine e accendini.<\/p>\n<p>Il vassoio Best Buds \u00e8 realizzato in metallo, garantendo la sua durata nel tempo, ed \u00e8 piuttosto pesante, il che gli conferisce maggior stabilit\u00e0. La finitura del metallo \u00e8 liscia e uniforme, ci\u00f2 significa che il vassoio pu\u00f2 essere facilmente pulito continuamente, senza perdere il suo aspetto accattivante e originale. Questo accessorio aiuter\u00e0 i consumatori di cannabis ad avere un&#8217;esperienza di fumo pi\u00f9 igienica.<\/p>\n<p>La sua ampia superficie di lavoro consente di lavorare delicatamente il prodotto, come trinciare erba o rollare.<\/p>\n<p>In sintesi, il vassoio grande in metallo &#8220;Smoke Me&#8221; Best Buds offre una funzionalit\u00e0 incredibile e di alta qualit\u00e0. Inoltre, presenta un aspetto divertente e accattivante per i fumatori occasionali o esperti di cannabis. La sua finitura liscia e uniforme, insieme al design unico e affascinante, lo rendono un must-have per chi desidera fumare cannabis con stile, in modo confortevole e con un tocco di allegria. Il vassoio Best Buds \u00e8 una scelta perfetta per tutti quelli che amano godersi il proprio passatempo preferito in un ambiente lussuoso e moderno.<\/p>\n<p>Se anche tu vuoi essere come il personaggio di questo vassoio, possiamo consigliarti uno dei bong migliori, <a href=\"https:\/\/swissherboriginal.com\/en\/shop\/smoking-articles\/bong-e-pipe\/amsterdam-glass-bong-40cm-black-mandala\/\">l&#8217;Amsterdam Glass Bong 40 cm Black Mandala Heavy Base<\/a>, che puoi trovare nella categoria &#8220;<a href=\"https:\/\/swissherboriginal.com\/en\/product-category\/smoking-articles\/\">Articoli per fumatori<\/a>&#8220;, e subcategoria &#8220;<a href=\"https:\/\/swissherboriginal.com\/en\/product-category\/smoking-articles\/bong-e-pipe\/\">Bong e pipe<\/a>&#8220;. Dai un&#8217;occhiata anche ai nostri altri <a href=\"https:\/\/swissherboriginal.com\/en\/product-category\/smoking-articles\/accessori\/\">accessori per fumare<\/a> come <a href=\"https:\/\/swissherboriginal.com\/en\/shop\/smoking-articles\/accessori\/scatola-con-vassoio-per-rollare-lemon-haze-best-buds\/\">scatole con vassoi<\/a>.<\/p>","protected":false},"excerpt":{"rendered":"<ul>\n<li>Vassoio per rollare<\/li>\n<li>Resistente e di design<\/li>\n<li>Perfetto per tenere a portata di mano tutto ci\u00f2 di cui si ha bisogno per il rollaggio<\/li>\n<li>Disponibile in diverse dimensioni<\/li>\n<\/ul>","protected":false},"featured_media":3460,"comment_status":"open","ping_status":"closed","template":"","meta":[],"product_brand":[],"product_cat":[249,250],"product_tag":[140,392,388,387],"class_list":{"0":"post-1179","1":"product","2":"type-product","3":"status-publish","4":"has-post-thumbnail","6":"product_cat-articoli-per-fumatori","7":"product_cat-accessori","8":"product_tag-best-buds","9":"product_tag-mistiera","10":"product_tag-vassoio-di-metallo","11":"product_tag-vassoio-per-rollare","13":"first","14":"instock","15":"shipping-taxable","16":"purchasable","17":"product-type-simple"},"yoast_head":"<!-- This site is optimized with the Yoast SEO Premium plugin v22.0 (Yoast SEO v26.3) - https:\/\/yoast.com\/wordpress\/plugins\/seo\/ -->\n<title>Vassoio Grande in Metallo &quot;Smoke Me&quot; Best Buds<\/title>\n<meta name=\"description\" content=\"Vassoio Grande in Metallo &quot;Smoke Me&quot; Best Buds: design divertente e funzionalit\u00e0 impeccabile. Completa la tua esperienza di fumo. Acquista ora!\" \/>\n<meta name=\"robots\" content=\"index, follow, max-snippet:-1, max-image-preview:large, max-video-preview:-1\" \/>\n<link rel=\"canonical\" href=\"https:\/\/swissherboriginal.com\/en\/shop\/smoking-articles\/accessori\/vassoio-grande-in-metallo-smoke-me-best-buds\/\" \/>\n<meta property=\"og:locale\" content=\"en_GB\" \/>\n<meta property=\"og:type\" content=\"article\" \/>\n<meta property=\"og:title\" content=\"Vassoio Grande in Metallo &quot;Smoke Me&quot; Best Buds\" \/>\n<meta property=\"og:description\" content=\"Vassoio Grande in Metallo &quot;Smoke Me&quot; Best Buds: design divertente e funzionalit\u00e0 impeccabile. Completa la tua esperienza di fumo. Acquista ora!\" \/>\n<meta property=\"og:url\" content=\"https:\/\/swissherboriginal.com\/en\/shop\/smoking-articles\/accessori\/vassoio-grande-in-metallo-smoke-me-best-buds\/\" \/>\n<meta property=\"og:site_name\" content=\"Swiss Herb Original\" \/>\n<meta property=\"article:publisher\" content=\"https:\/\/www.facebook.com\/swissherboriginale\/\" \/>\n<meta property=\"article:modified_time\" content=\"2023-11-22T09:57:52+00:00\" \/>\n<meta property=\"og:image\" content=\"https:\/\/swissherboriginal.com\/wp-content\/uploads\/2023\/02\/vassoio-grande-in-metallo-best-buds-swiss-herb-original-5.png\" \/>\n\t<meta property=\"og:image:width\" content=\"800\" \/>\n\t<meta property=\"og:image:height\" content=\"800\" \/>\n\t<meta property=\"og:image:type\" content=\"image\/png\" \/>\n<meta name=\"twitter:card\" content=\"summary_large_image\" \/>\n<meta name=\"twitter:image\" content=\"https:\/\/swissherboriginal.com\/wp-content\/uploads\/2023\/02\/vassoio-grande-in-metallo-best-buds-swiss-herb-original-5.png\" \/>\n<meta name=\"twitter:label1\" content=\"Estimated reading time\" \/>\n\t<meta name=\"twitter:data1\" content=\"2 minutes\" \/>\n<script type=\"application\/ld+json\" class=\"yoast-schema-graph\">{\"@context\":\"https:\/\/schema.org\",\"@graph\":[{\"@type\":\"WebPage\",\"@id\":\"https:\/\/swissherboriginal.com\/shop\/articoli-per-fumatori\/accessori\/vassoio-grande-in-metallo-smoke-me-best-buds\/\",\"url\":\"https:\/\/swissherboriginal.com\/shop\/articoli-per-fumatori\/accessori\/vassoio-grande-in-metallo-smoke-me-best-buds\/\",\"name\":\"Vassoio Grande in Metallo \\\"Smoke Me\\\" Best Buds\",\"isPartOf\":{\"@id\":\"https:\/\/swissherboriginal.com\/#website\"},\"primaryImageOfPage\":{\"@id\":\"https:\/\/swissherboriginal.com\/shop\/articoli-per-fumatori\/accessori\/vassoio-grande-in-metallo-smoke-me-best-buds\/#primaryimage\"},\"image\":{\"@id\":\"https:\/\/swissherboriginal.com\/shop\/articoli-per-fumatori\/accessori\/vassoio-grande-in-metallo-smoke-me-best-buds\/#primaryimage\"},\"thumbnailUrl\":\"https:\/\/swissherboriginal.com\/wp-content\/uploads\/2023\/02\/vassoio-grande-in-metallo-best-buds-swiss-herb-original-5.png\",\"datePublished\":\"2023-02-16T09:58:56+00:00\",\"dateModified\":\"2023-11-22T09:57:52+00:00\",\"description\":\"Vassoio Grande in Metallo \\\"Smoke Me\\\" Best Buds: design divertente e funzionalit\u00e0 impeccabile. Completa la tua esperienza di fumo. Acquista ora!\",\"breadcrumb\":{\"@id\":\"https:\/\/swissherboriginal.com\/shop\/articoli-per-fumatori\/accessori\/vassoio-grande-in-metallo-smoke-me-best-buds\/#breadcrumb\"},\"inLanguage\":\"en-GB\",\"potentialAction\":[{\"@type\":\"ReadAction\",\"target\":[\"https:\/\/swissherboriginal.com\/shop\/articoli-per-fumatori\/accessori\/vassoio-grande-in-metallo-smoke-me-best-buds\/\"]}]},{\"@type\":\"ImageObject\",\"inLanguage\":\"en-GB\",\"@id\":\"https:\/\/swissherboriginal.com\/shop\/articoli-per-fumatori\/accessori\/vassoio-grande-in-metallo-smoke-me-best-buds\/#primaryimage\",\"url\":\"https:\/\/swissherboriginal.com\/wp-content\/uploads\/2023\/02\/vassoio-grande-in-metallo-best-buds-swiss-herb-original-5.png\",\"contentUrl\":\"https:\/\/swissherboriginal.com\/wp-content\/uploads\/2023\/02\/vassoio-grande-in-metallo-best-buds-swiss-herb-original-5.png\",\"width\":800,\"height\":800,\"caption\":\"Vassoio Grande in Metallo \\\"Smoke Me\\\" Best Buds\"},{\"@type\":\"BreadcrumbList\",\"@id\":\"https:\/\/swissherboriginal.com\/shop\/articoli-per-fumatori\/accessori\/vassoio-grande-in-metallo-smoke-me-best-buds\/#breadcrumb\",\"itemListElement\":[{\"@type\":\"ListItem\",\"position\":1,\"name\":\"Home\",\"item\":\"https:\/\/swissherboriginal.com\/\"},{\"@type\":\"ListItem\",\"position\":2,\"name\":\"Negozio Swiss Herb Original\",\"item\":\"https:\/\/swissherboriginal.com\/negozio-swiss-herb-original\/\"},{\"@type\":\"ListItem\",\"position\":3,\"name\":\"Vassoio Grande in Metallo &#8220;Smoke Me&#8221; Best Buds\"}]},{\"@type\":\"WebSite\",\"@id\":\"https:\/\/swissherboriginal.com\/#website\",\"url\":\"https:\/\/swissherboriginal.com\/\",\"name\":\"Swiss Herb Original\",\"description\":\"\",\"publisher\":{\"@id\":\"https:\/\/swissherboriginal.com\/#organization\"},\"potentialAction\":[{\"@type\":\"SearchAction\",\"target\":{\"@type\":\"EntryPoint\",\"urlTemplate\":\"https:\/\/swissherboriginal.com\/?s={search_term_string}\"},\"query-input\":{\"@type\":\"PropertyValueSpecification\",\"valueRequired\":true,\"valueName\":\"search_term_string\"}}],\"inLanguage\":\"en-GB\"},{\"@type\":\"Organization\",\"@id\":\"https:\/\/swissherboriginal.com\/#organization\",\"name\":\"Swiss Herb Original\",\"url\":\"https:\/\/swissherboriginal.com\/\",\"logo\":{\"@type\":\"ImageObject\",\"inLanguage\":\"en-GB\",\"@id\":\"https:\/\/swissherboriginal.com\/#\/schema\/logo\/image\/\",\"url\":\"https:\/\/swissherboriginal.com\/wp-content\/uploads\/logo-menu-tel-swissherb.png\",\"contentUrl\":\"https:\/\/swissherboriginal.com\/wp-content\/uploads\/logo-menu-tel-swissherb.png\",\"width\":512,\"height\":360,\"caption\":\"Swiss Herb Original\"},\"image\":{\"@id\":\"https:\/\/swissherboriginal.com\/#\/schema\/logo\/image\/\"},\"sameAs\":[\"https:\/\/www.facebook.com\/swissherboriginale\/\",\"https:\/\/www.instagram.com\/swissherb_original\"]}]}<\/script>\n<!-- \/ Yoast SEO Premium plugin. -->","yoast_head_json":{"title":"Vassoio Grande in Metallo \"Smoke Me\" Best Buds","description":"Vassoio Grande in Metallo \"Smoke Me\" Best Buds: design divertente e funzionalit\u00e0 impeccabile. Completa la tua esperienza di fumo. Acquista ora!","robots":{"index":"index","follow":"follow","max-snippet":"max-snippet:-1","max-image-preview":"max-image-preview:large","max-video-preview":"max-video-preview:-1"},"canonical":"https:\/\/swissherboriginal.com\/en\/shop\/smoking-articles\/accessori\/vassoio-grande-in-metallo-smoke-me-best-buds\/","og_locale":"en_GB","og_type":"article","og_title":"Vassoio Grande in Metallo \"Smoke Me\" Best Buds","og_description":"Vassoio Grande in Metallo \"Smoke Me\" Best Buds: design divertente e funzionalit\u00e0 impeccabile. Completa la tua esperienza di fumo. Acquista ora!","og_url":"https:\/\/swissherboriginal.com\/en\/shop\/smoking-articles\/accessori\/vassoio-grande-in-metallo-smoke-me-best-buds\/","og_site_name":"Swiss Herb Original","article_publisher":"https:\/\/www.facebook.com\/swissherboriginale\/","article_modified_time":"2023-11-22T09:57:52+00:00","og_image":[{"width":800,"height":800,"url":"https:\/\/swissherboriginal.com\/wp-content\/uploads\/2023\/02\/vassoio-grande-in-metallo-best-buds-swiss-herb-original-5.png","type":"image\/png"}],"twitter_card":"summary_large_image","twitter_image":"https:\/\/swissherboriginal.com\/wp-content\/uploads\/2023\/02\/vassoio-grande-in-metallo-best-buds-swiss-herb-original-5.png","twitter_misc":{"Estimated reading time":"2 minutes"},"schema":{"@context":"https:\/\/schema.org","@graph":[{"@type":"WebPage","@id":"https:\/\/swissherboriginal.com\/shop\/articoli-per-fumatori\/accessori\/vassoio-grande-in-metallo-smoke-me-best-buds\/","url":"https:\/\/swissherboriginal.com\/shop\/articoli-per-fumatori\/accessori\/vassoio-grande-in-metallo-smoke-me-best-buds\/","name":"Vassoio Grande in Metallo \"Smoke Me\" Best Buds","isPartOf":{"@id":"https:\/\/swissherboriginal.com\/#website"},"primaryImageOfPage":{"@id":"https:\/\/swissherboriginal.com\/shop\/articoli-per-fumatori\/accessori\/vassoio-grande-in-metallo-smoke-me-best-buds\/#primaryimage"},"image":{"@id":"https:\/\/swissherboriginal.com\/shop\/articoli-per-fumatori\/accessori\/vassoio-grande-in-metallo-smoke-me-best-buds\/#primaryimage"},"thumbnailUrl":"https:\/\/swissherboriginal.com\/wp-content\/uploads\/2023\/02\/vassoio-grande-in-metallo-best-buds-swiss-herb-original-5.png","datePublished":"2023-02-16T09:58:56+00:00","dateModified":"2023-11-22T09:57:52+00:00","description":"Vassoio Grande in Metallo \"Smoke Me\" Best Buds: design divertente e funzionalit\u00e0 impeccabile. Completa la tua esperienza di fumo. Acquista ora!","breadcrumb":{"@id":"https:\/\/swissherboriginal.com\/shop\/articoli-per-fumatori\/accessori\/vassoio-grande-in-metallo-smoke-me-best-buds\/#breadcrumb"},"inLanguage":"en-GB","potentialAction":[{"@type":"ReadAction","target":["https:\/\/swissherboriginal.com\/shop\/articoli-per-fumatori\/accessori\/vassoio-grande-in-metallo-smoke-me-best-buds\/"]}]},{"@type":"ImageObject","inLanguage":"en-GB","@id":"https:\/\/swissherboriginal.com\/shop\/articoli-per-fumatori\/accessori\/vassoio-grande-in-metallo-smoke-me-best-buds\/#primaryimage","url":"https:\/\/swissherboriginal.com\/wp-content\/uploads\/2023\/02\/vassoio-grande-in-metallo-best-buds-swiss-herb-original-5.png","contentUrl":"https:\/\/swissherboriginal.com\/wp-content\/uploads\/2023\/02\/vassoio-grande-in-metallo-best-buds-swiss-herb-original-5.png","width":800,"height":800,"caption":"Vassoio Grande in Metallo \"Smoke Me\" Best Buds"},{"@type":"BreadcrumbList","@id":"https:\/\/swissherboriginal.com\/shop\/articoli-per-fumatori\/accessori\/vassoio-grande-in-metallo-smoke-me-best-buds\/#breadcrumb","itemListElement":[{"@type":"ListItem","position":1,"name":"Home","item":"https:\/\/swissherboriginal.com\/"},{"@type":"ListItem","position":2,"name":"Negozio Swiss Herb Original","item":"https:\/\/swissherboriginal.com\/negozio-swiss-herb-original\/"},{"@type":"ListItem","position":3,"name":"Vassoio Grande in Metallo &#8220;Smoke Me&#8221; Best Buds"}]},{"@type":"WebSite","@id":"https:\/\/swissherboriginal.com\/#website","url":"https:\/\/swissherboriginal.com\/","name":"Swiss Herb Original","description":"","publisher":{"@id":"https:\/\/swissherboriginal.com\/#organization"},"potentialAction":[{"@type":"SearchAction","target":{"@type":"EntryPoint","urlTemplate":"https:\/\/swissherboriginal.com\/?s={search_term_string}"},"query-input":{"@type":"PropertyValueSpecification","valueRequired":true,"valueName":"search_term_string"}}],"inLanguage":"en-GB"},{"@type":"Organization","@id":"https:\/\/swissherboriginal.com\/#organization","name":"Swiss Herb Original","url":"https:\/\/swissherboriginal.com\/","logo":{"@type":"ImageObject","inLanguage":"en-GB","@id":"https:\/\/swissherboriginal.com\/#\/schema\/logo\/image\/","url":"https:\/\/swissherboriginal.com\/wp-content\/uploads\/logo-menu-tel-swissherb.png","contentUrl":"https:\/\/swissherboriginal.com\/wp-content\/uploads\/logo-menu-tel-swissherb.png","width":512,"height":360,"caption":"Swiss Herb Original"},"image":{"@id":"https:\/\/swissherboriginal.com\/#\/schema\/logo\/image\/"},"sameAs":["https:\/\/www.facebook.com\/swissherboriginale\/","https:\/\/www.instagram.com\/swissherb_original"]}]}},"_links":{"self":[{"href":"https:\/\/swissherboriginal.com\/en\/wp-json\/wp\/v2\/product\/1179","targetHints":{"allow":["GET"]}}],"collection":[{"href":"https:\/\/swissherboriginal.com\/en\/wp-json\/wp\/v2\/product"}],"about":[{"href":"https:\/\/swissherboriginal.com\/en\/wp-json\/wp\/v2\/types\/product"}],"replies":[{"embeddable":true,"href":"https:\/\/swissherboriginal.com\/en\/wp-json\/wp\/v2\/comments?post=1179"}],"wp:featuredmedia":[{"embeddable":true,"href":"https:\/\/swissherboriginal.com\/en\/wp-json\/wp\/v2\/media\/3460"}],"wp:attachment":[{"href":"https:\/\/swissherboriginal.com\/en\/wp-json\/wp\/v2\/media?parent=1179"}],"wp:term":[{"taxonomy":"product_brand","embeddable":true,"href":"https:\/\/swissherboriginal.com\/en\/wp-json\/wp\/v2\/product_brand?post=1179"},{"taxonomy":"product_cat","embeddable":true,"href":"https:\/\/swissherboriginal.com\/en\/wp-json\/wp\/v2\/product_cat?post=1179"},{"taxonomy":"product_tag","embeddable":true,"href":"https:\/\/swissherboriginal.com\/en\/wp-json\/wp\/v2\/product_tag?post=1179"}],"curies":[{"name":"wp","href":"https:\/\/api.w.org\/{rel}","templated":true}]}}