{"id":1287,"date":"2023-03-06T09:58:22","date_gmt":"2023-03-06T09:58:22","guid":{"rendered":"https:\/\/swissherboriginal.com\/?post_type=product&#038;p=1287"},"modified":"2025-04-16T12:11:09","modified_gmt":"2025-04-16T12:11:09","slug":"strawberry-haze-cbd","status":"publish","type":"product","link":"https:\/\/swissherboriginal.com\/en\/shop\/cbd-legal-hemp\/fiore-cbd\/strawberry-haze-cbd\/","title":{"rendered":"Strawberry Haze CBD"},"content":{"rendered":"<h2>Strawberry Haze CBD<\/h2>\n<p>La variet\u00e0 Strawberry Haze CBD \u00e8 particolarmente nota per il suo aroma di fragole dolce e fruttato, che la rendono una scelta popolare tra coloro che cercano variet\u00e0 di cannabis con un aroma fragrante e piacevole.<\/p>\n<h3>Genetica<\/h3>\n<p>La variet\u00e0 Strawberry Haze CBD \u00e8 tipicamente Sativa-dominante, con una proporzione di 70% Sativa e 30% Indica. La Strawberry Haze CBD ha una potenza media, con un contenuto di THC inferiore all&#8217;0.5% e un contenuto di CBD del 12-15%, il che la rende una scelta ideale per coloro che cercano un effetto rilassante senza i forti effetti psicoattivi associati alla cannabis ad alto contenuto di THC.<\/p>\n<h3>Coltivazione<\/h3>\n<p>Essendo coltivata in serra vicino a Roma, beneficia di un clima mediterraneo e di un terreno ben preparato con nutrienti biologici per la coltivazione organica. La fioritura di questa pianta avviene all&#8217;inizio di ottobre e la sua produzione di fiori \u00e8 impressionante. La sua genetica offre una combinazione di odori fruttati e speziati che si fondono in un bouquet aromatico eccezionale. Questa variet\u00e0 \u00e8 molto amata dai consumatori esperti che cercano un&#8217;esperienza Sativa vigorosa.<\/p>\n<h3>Essicazione<\/h3>\n<p>Le cime vengono tagliate la mattina presto con i primi raggi di sole, pulite dalle foglie grandi e messe nel nostro magazzino ad essiccare. Per i primi 2 giorni lo spazio viene molto ventilato e messo al 60% di umidit\u00e0, per prevenire lo sviluppo di muffe e altri patogeni. Dopo 48 ore, la ventilazione \u00e8 messa al minimo, e l&#8217;umidit\u00e0 si tiene a 55% per 7-14 giorni finch\u00e9 l\u2019umidita del prodotto non arriva al 12%, quando il prodotto \u00e8 pronto per l&#8217;inizio del processo di cura.<\/p>\n<h3>Care<\/h3>\n<p>La cura \u00e8 la parte pi\u00f9 importante per assicurarsi che l\u2019aroma sia perfetto. Dopo l\u2019essicazione il fiore deve \u201criposare\u201d un po\u2019 per sviluppare i propri terpeni e aromi. Il processo di cura \u00e8 molto facile, ed \u00e8 il processo del riposo delle infiorescenze tra 1 e 4 settimane dopo l\u2019essiccazione. Normalmente dopo 2-3 settimane di cura, il profumo della canapa legale cambia in modo pi\u00f9 dolce e mielato, e l\u2019aroma raggiunge il suo culmine. Qua il prodotto \u00e8 pronto per essere impacchettato nelle nostre confezioni ermetiche.<\/p>\n<p>La Strawberry Haze CBD \u00e8 una combinazione genetica che offre un profilo terpenico unico e un alto contenuto di CBD. La sua produzione di fiori \u00e8 abbondante, offrendo un&#8217;esperienza visivamente bella e con una fragrante esperienza percepita al tatto e all&#8217;olfatto. Nel complesso, la variet\u00e0 Strawberry Haze CBD \u00e8 una scelta eccellente per coloro che cercano un&#8217;esperienza di cannabis piacevole, rilassante e salutare.<\/p>\n<p>Dai un&#8217;occhiata anche ai nostri altri <a href=\"https:\/\/swissherboriginal.com\/en\/product-category\/cbd-legal-hemp\/fiore-cbd\/\">fiori di CBD<\/a> come <a href=\"https:\/\/swissherboriginal.com\/en\/shop\/cbd-legal-hemp\/fiore-cbd\/mango-haze-cbd\/\">Mango Haze CBD<\/a> e <a href=\"https:\/\/swissherboriginal.com\/en\/shop\/cbd-legal-hemp\/fiore-cbd\/white-widow-cbd\/\">White Widow CBD<\/a> e anche agli altri prodotti di <a href=\"https:\/\/swissherboriginal.com\/en\/product-category\/cbd-legal-hemp\/\">CBD canapa legale<\/a> come <a href=\"https:\/\/swissherboriginal.com\/en\/product-category\/cbd-legal-hemp\/hash-cbd\/\">hash CBD<\/a>.<\/p>\n<p><strong>Attenzione<\/strong>: Prodotto ad uso collezionistico non avente efficacia psicoattiva, THC inferiore allo 0,5%. Non separare il contenuto dalla confezione e mantenere intatto il sigillo di garanzia. Tenere fuori dalla portata dei bambini, non ingerire. Vietata la vendita ai minori di 18 anni. Non \u00e8 un prodotto ad uso alimentare, medico o da combustione. Non trattandosi di una sostanza stupefacente, al prodotto non \u00e8 da considerarsi applicabile il DPR 309\/90. Il produttore e il distributore declinano ogni responsabilit\u00e0 per utilizzi impropri.<\/p>","protected":false},"excerpt":{"rendered":"<ul>\n<li>SATIVA: 70% INDICA: 30% RUDELARIS: 0%<\/li>\n<li>CBD: &lt;28%+ THC: 0,4% CBG: N\/A CBN: N\/A<\/li>\n<li>GENETICA: Strawberry Haze<\/li>\n<li>AROMA: \u00c8 particolarmente nota per il suo aroma di fragole dolce e fruttato.<\/li>\n<li>EFFETTI: Sollievo del dolore e dallo stress.<\/li>\n<li>FIORITURA: 8-9 settimane di fioritura, 350-400 g\/m<sup>2<\/sup>. Le piante raggiungono da 100 fino a 200 cm di altezza.<\/li>\n<\/ul>","protected":false},"featured_media":25940,"comment_status":"open","ping_status":"closed","template":"","meta":[],"product_brand":[],"product_cat":[256,266],"product_tag":[218,183,415,191,414,306,303,699],"class_list":{"0":"post-1287","1":"product","2":"type-product","3":"status-publish","4":"has-post-thumbnail","6":"product_cat-cbd-canapa-legale","7":"product_cat-fiore-cbd","8":"product_tag-canapa-antistress","9":"product_tag-cannabis-greenhouse","10":"product_tag-cannabis-ibrida","11":"product_tag-cannabis-light","12":"product_tag-cannabis-sativa","13":"product_tag-cbd-antidolorifico","14":"product_tag-cbd-per-rilassarsi","15":"product_tag-swiss-herb","17":"first","18":"instock","19":"sale","20":"shipping-taxable","21":"purchasable","22":"product-type-variable"},"yoast_head":"<!-- This site is optimized with the Yoast SEO Premium plugin v22.0 (Yoast SEO v26.3) - https:\/\/yoast.com\/wordpress\/plugins\/seo\/ -->\n<title>Strawberry Haze CBD | Cannabis Light | Swiss Herb Original<\/title>\n<meta name=\"description\" content=\"Strawberry Haze CBD \u00e8 una variet\u00e0 ricca di CBD con sapore di fragola unico. Per un&#039;esperienza di cannabis piacevole e rilassante, compra ora!\" \/>\n<meta name=\"robots\" content=\"index, follow, max-snippet:-1, max-image-preview:large, max-video-preview:-1\" \/>\n<link rel=\"canonical\" href=\"https:\/\/swissherboriginal.com\/en\/shop\/cbd-legal-hemp\/fiore-cbd\/strawberry-haze-cbd\/\" \/>\n<meta property=\"og:locale\" content=\"en_GB\" \/>\n<meta property=\"og:type\" content=\"article\" \/>\n<meta property=\"og:title\" content=\"Strawberry Haze CBD\" \/>\n<meta property=\"og:description\" content=\"Strawberry Haze CBD \u00e8 una variet\u00e0 ricca di CBD con sapore di fragola unico. Per un&#039;esperienza di cannabis piacevole e rilassante, compra ora!\" \/>\n<meta property=\"og:url\" content=\"https:\/\/swissherboriginal.com\/en\/shop\/cbd-legal-hemp\/fiore-cbd\/strawberry-haze-cbd\/\" \/>\n<meta property=\"og:site_name\" content=\"Swiss Herb Original\" \/>\n<meta property=\"article:publisher\" content=\"https:\/\/www.facebook.com\/swissherboriginale\/\" \/>\n<meta property=\"article:modified_time\" content=\"2025-04-16T12:11:09+00:00\" \/>\n<meta property=\"og:image\" content=\"https:\/\/swissherboriginal.com\/wp-content\/uploads\/strawberry-haze-cbd-swiss-herb-original.png\" \/>\n\t<meta property=\"og:image:width\" content=\"800\" \/>\n\t<meta property=\"og:image:height\" content=\"800\" \/>\n\t<meta property=\"og:image:type\" content=\"image\/png\" \/>\n<meta name=\"twitter:card\" content=\"summary_large_image\" \/>\n<meta name=\"twitter:image\" content=\"https:\/\/swissherboriginal.com\/wp-content\/uploads\/strawberry-haze-cbd-swiss-herb-original.png\" \/>\n<meta name=\"twitter:label1\" content=\"Estimated reading time\" \/>\n\t<meta name=\"twitter:data1\" content=\"4 minutes\" \/>\n<script type=\"application\/ld+json\" class=\"yoast-schema-graph\">{\"@context\":\"https:\/\/schema.org\",\"@graph\":[{\"@type\":\"WebPage\",\"@id\":\"https:\/\/swissherboriginal.com\/shop\/cbd-canapa-legale\/fiore-cbd\/strawberry-haze-cbd\/\",\"url\":\"https:\/\/swissherboriginal.com\/shop\/cbd-canapa-legale\/fiore-cbd\/strawberry-haze-cbd\/\",\"name\":\"Strawberry Haze CBD | Cannabis Light | Swiss Herb Original\",\"isPartOf\":{\"@id\":\"https:\/\/swissherboriginal.com\/#website\"},\"primaryImageOfPage\":{\"@id\":\"https:\/\/swissherboriginal.com\/shop\/cbd-canapa-legale\/fiore-cbd\/strawberry-haze-cbd\/#primaryimage\"},\"image\":{\"@id\":\"https:\/\/swissherboriginal.com\/shop\/cbd-canapa-legale\/fiore-cbd\/strawberry-haze-cbd\/#primaryimage\"},\"thumbnailUrl\":\"https:\/\/swissherboriginal.com\/wp-content\/uploads\/SWISSHERB_STRAWBERRY_HAZE_CBD_POP_ART.png\",\"datePublished\":\"2023-03-06T09:58:22+00:00\",\"dateModified\":\"2025-04-16T12:11:09+00:00\",\"description\":\"Strawberry Haze CBD \u00e8 una variet\u00e0 ricca di CBD con sapore di fragola unico. Per un'esperienza di cannabis piacevole e rilassante, compra ora!\",\"breadcrumb\":{\"@id\":\"https:\/\/swissherboriginal.com\/shop\/cbd-canapa-legale\/fiore-cbd\/strawberry-haze-cbd\/#breadcrumb\"},\"inLanguage\":\"en-GB\",\"potentialAction\":[{\"@type\":\"ReadAction\",\"target\":[\"https:\/\/swissherboriginal.com\/shop\/cbd-canapa-legale\/fiore-cbd\/strawberry-haze-cbd\/\"]}]},{\"@type\":\"ImageObject\",\"inLanguage\":\"en-GB\",\"@id\":\"https:\/\/swissherboriginal.com\/shop\/cbd-canapa-legale\/fiore-cbd\/strawberry-haze-cbd\/#primaryimage\",\"url\":\"https:\/\/swissherboriginal.com\/wp-content\/uploads\/SWISSHERB_STRAWBERRY_HAZE_CBD_POP_ART.png\",\"contentUrl\":\"https:\/\/swissherboriginal.com\/wp-content\/uploads\/SWISSHERB_STRAWBERRY_HAZE_CBD_POP_ART.png\",\"width\":800,\"height\":800},{\"@type\":\"BreadcrumbList\",\"@id\":\"https:\/\/swissherboriginal.com\/shop\/cbd-canapa-legale\/fiore-cbd\/strawberry-haze-cbd\/#breadcrumb\",\"itemListElement\":[{\"@type\":\"ListItem\",\"position\":1,\"name\":\"Home\",\"item\":\"https:\/\/swissherboriginal.com\/\"},{\"@type\":\"ListItem\",\"position\":2,\"name\":\"Negozio Swiss Herb Original\",\"item\":\"https:\/\/swissherboriginal.com\/negozio-swiss-herb-original\/\"},{\"@type\":\"ListItem\",\"position\":3,\"name\":\"Strawberry Haze CBD\"}]},{\"@type\":\"WebSite\",\"@id\":\"https:\/\/swissherboriginal.com\/#website\",\"url\":\"https:\/\/swissherboriginal.com\/\",\"name\":\"Swiss Herb Original\",\"description\":\"\",\"publisher\":{\"@id\":\"https:\/\/swissherboriginal.com\/#organization\"},\"potentialAction\":[{\"@type\":\"SearchAction\",\"target\":{\"@type\":\"EntryPoint\",\"urlTemplate\":\"https:\/\/swissherboriginal.com\/?s={search_term_string}\"},\"query-input\":{\"@type\":\"PropertyValueSpecification\",\"valueRequired\":true,\"valueName\":\"search_term_string\"}}],\"inLanguage\":\"en-GB\"},{\"@type\":\"Organization\",\"@id\":\"https:\/\/swissherboriginal.com\/#organization\",\"name\":\"Swiss Herb Original\",\"url\":\"https:\/\/swissherboriginal.com\/\",\"logo\":{\"@type\":\"ImageObject\",\"inLanguage\":\"en-GB\",\"@id\":\"https:\/\/swissherboriginal.com\/#\/schema\/logo\/image\/\",\"url\":\"https:\/\/swissherboriginal.com\/wp-content\/uploads\/logo-menu-tel-swissherb.png\",\"contentUrl\":\"https:\/\/swissherboriginal.com\/wp-content\/uploads\/logo-menu-tel-swissherb.png\",\"width\":512,\"height\":360,\"caption\":\"Swiss Herb Original\"},\"image\":{\"@id\":\"https:\/\/swissherboriginal.com\/#\/schema\/logo\/image\/\"},\"sameAs\":[\"https:\/\/www.facebook.com\/swissherboriginale\/\",\"https:\/\/www.instagram.com\/swissherb_original\"]}]}<\/script>\n<!-- \/ Yoast SEO Premium plugin. -->","yoast_head_json":{"title":"Strawberry Haze CBD | Cannabis Light | Swiss Herb Original","description":"Strawberry Haze CBD \u00e8 una variet\u00e0 ricca di CBD con sapore di fragola unico. Per un'esperienza di cannabis piacevole e rilassante, compra ora!","robots":{"index":"index","follow":"follow","max-snippet":"max-snippet:-1","max-image-preview":"max-image-preview:large","max-video-preview":"max-video-preview:-1"},"canonical":"https:\/\/swissherboriginal.com\/en\/shop\/cbd-legal-hemp\/fiore-cbd\/strawberry-haze-cbd\/","og_locale":"en_GB","og_type":"article","og_title":"Strawberry Haze CBD","og_description":"Strawberry Haze CBD \u00e8 una variet\u00e0 ricca di CBD con sapore di fragola unico. Per un'esperienza di cannabis piacevole e rilassante, compra ora!","og_url":"https:\/\/swissherboriginal.com\/en\/shop\/cbd-legal-hemp\/fiore-cbd\/strawberry-haze-cbd\/","og_site_name":"Swiss Herb Original","article_publisher":"https:\/\/www.facebook.com\/swissherboriginale\/","article_modified_time":"2025-04-16T12:11:09+00:00","og_image":[{"width":800,"height":800,"url":"https:\/\/swissherboriginal.com\/wp-content\/uploads\/strawberry-haze-cbd-swiss-herb-original.png","type":"image\/png"}],"twitter_card":"summary_large_image","twitter_image":"https:\/\/swissherboriginal.com\/wp-content\/uploads\/strawberry-haze-cbd-swiss-herb-original.png","twitter_misc":{"Estimated reading time":"4 minutes"},"schema":{"@context":"https:\/\/schema.org","@graph":[{"@type":"WebPage","@id":"https:\/\/swissherboriginal.com\/shop\/cbd-canapa-legale\/fiore-cbd\/strawberry-haze-cbd\/","url":"https:\/\/swissherboriginal.com\/shop\/cbd-canapa-legale\/fiore-cbd\/strawberry-haze-cbd\/","name":"Strawberry Haze CBD | Cannabis Light | Swiss Herb Original","isPartOf":{"@id":"https:\/\/swissherboriginal.com\/#website"},"primaryImageOfPage":{"@id":"https:\/\/swissherboriginal.com\/shop\/cbd-canapa-legale\/fiore-cbd\/strawberry-haze-cbd\/#primaryimage"},"image":{"@id":"https:\/\/swissherboriginal.com\/shop\/cbd-canapa-legale\/fiore-cbd\/strawberry-haze-cbd\/#primaryimage"},"thumbnailUrl":"https:\/\/swissherboriginal.com\/wp-content\/uploads\/SWISSHERB_STRAWBERRY_HAZE_CBD_POP_ART.png","datePublished":"2023-03-06T09:58:22+00:00","dateModified":"2025-04-16T12:11:09+00:00","description":"Strawberry Haze CBD \u00e8 una variet\u00e0 ricca di CBD con sapore di fragola unico. Per un'esperienza di cannabis piacevole e rilassante, compra ora!","breadcrumb":{"@id":"https:\/\/swissherboriginal.com\/shop\/cbd-canapa-legale\/fiore-cbd\/strawberry-haze-cbd\/#breadcrumb"},"inLanguage":"en-GB","potentialAction":[{"@type":"ReadAction","target":["https:\/\/swissherboriginal.com\/shop\/cbd-canapa-legale\/fiore-cbd\/strawberry-haze-cbd\/"]}]},{"@type":"ImageObject","inLanguage":"en-GB","@id":"https:\/\/swissherboriginal.com\/shop\/cbd-canapa-legale\/fiore-cbd\/strawberry-haze-cbd\/#primaryimage","url":"https:\/\/swissherboriginal.com\/wp-content\/uploads\/SWISSHERB_STRAWBERRY_HAZE_CBD_POP_ART.png","contentUrl":"https:\/\/swissherboriginal.com\/wp-content\/uploads\/SWISSHERB_STRAWBERRY_HAZE_CBD_POP_ART.png","width":800,"height":800},{"@type":"BreadcrumbList","@id":"https:\/\/swissherboriginal.com\/shop\/cbd-canapa-legale\/fiore-cbd\/strawberry-haze-cbd\/#breadcrumb","itemListElement":[{"@type":"ListItem","position":1,"name":"Home","item":"https:\/\/swissherboriginal.com\/"},{"@type":"ListItem","position":2,"name":"Negozio Swiss Herb Original","item":"https:\/\/swissherboriginal.com\/negozio-swiss-herb-original\/"},{"@type":"ListItem","position":3,"name":"Strawberry Haze CBD"}]},{"@type":"WebSite","@id":"https:\/\/swissherboriginal.com\/#website","url":"https:\/\/swissherboriginal.com\/","name":"Swiss Herb Original","description":"","publisher":{"@id":"https:\/\/swissherboriginal.com\/#organization"},"potentialAction":[{"@type":"SearchAction","target":{"@type":"EntryPoint","urlTemplate":"https:\/\/swissherboriginal.com\/?s={search_term_string}"},"query-input":{"@type":"PropertyValueSpecification","valueRequired":true,"valueName":"search_term_string"}}],"inLanguage":"en-GB"},{"@type":"Organization","@id":"https:\/\/swissherboriginal.com\/#organization","name":"Swiss Herb Original","url":"https:\/\/swissherboriginal.com\/","logo":{"@type":"ImageObject","inLanguage":"en-GB","@id":"https:\/\/swissherboriginal.com\/#\/schema\/logo\/image\/","url":"https:\/\/swissherboriginal.com\/wp-content\/uploads\/logo-menu-tel-swissherb.png","contentUrl":"https:\/\/swissherboriginal.com\/wp-content\/uploads\/logo-menu-tel-swissherb.png","width":512,"height":360,"caption":"Swiss Herb Original"},"image":{"@id":"https:\/\/swissherboriginal.com\/#\/schema\/logo\/image\/"},"sameAs":["https:\/\/www.facebook.com\/swissherboriginale\/","https:\/\/www.instagram.com\/swissherb_original"]}]}},"_links":{"self":[{"href":"https:\/\/swissherboriginal.com\/en\/wp-json\/wp\/v2\/product\/1287","targetHints":{"allow":["GET"]}}],"collection":[{"href":"https:\/\/swissherboriginal.com\/en\/wp-json\/wp\/v2\/product"}],"about":[{"href":"https:\/\/swissherboriginal.com\/en\/wp-json\/wp\/v2\/types\/product"}],"replies":[{"embeddable":true,"href":"https:\/\/swissherboriginal.com\/en\/wp-json\/wp\/v2\/comments?post=1287"}],"wp:featuredmedia":[{"embeddable":true,"href":"https:\/\/swissherboriginal.com\/en\/wp-json\/wp\/v2\/media\/25940"}],"wp:attachment":[{"href":"https:\/\/swissherboriginal.com\/en\/wp-json\/wp\/v2\/media?parent=1287"}],"wp:term":[{"taxonomy":"product_brand","embeddable":true,"href":"https:\/\/swissherboriginal.com\/en\/wp-json\/wp\/v2\/product_brand?post=1287"},{"taxonomy":"product_cat","embeddable":true,"href":"https:\/\/swissherboriginal.com\/en\/wp-json\/wp\/v2\/product_cat?post=1287"},{"taxonomy":"product_tag","embeddable":true,"href":"https:\/\/swissherboriginal.com\/en\/wp-json\/wp\/v2\/product_tag?post=1287"}],"curies":[{"name":"wp","href":"https:\/\/api.w.org\/{rel}","templated":true}]}}