{"id":1315,"date":"2023-03-07T08:46:04","date_gmt":"2023-03-07T08:46:04","guid":{"rendered":"https:\/\/swissherboriginal.com\/?post_type=product&#038;p=1315"},"modified":"2025-04-16T11:31:21","modified_gmt":"2025-04-16T11:31:21","slug":"girl-scout-cookies-cbd","status":"publish","type":"product","link":"https:\/\/swissherboriginal.com\/en\/shop\/cbd-legal-hemp\/fiore-cbd\/girl-scout-cookies-cbd\/","title":{"rendered":"Girl Scout Cookies CBD"},"content":{"rendered":"<h2>Girl Scout Cookies CBD<\/h2>\n<p>Girl Scout Cookies CBD ha un aroma distintivo di dolcezza, menta e spezie. La variet\u00e0 \u00e8 conosciuta per i suoi effetti rilassanti, che possono aiutare con l&#8217;ansia, lo stress e il dolore. La Girl Scout Cookies \u00e8 una delle variet\u00e0 di cannabis pi\u00f9 popolari e apprezzate.<\/p>\n<h3>Genetica<\/h3>\n<p>La variet\u00e0 Girl Scout Cookies \u00e8 una pianta ibrida con un&#8217;incidenza maggiore di Indica, precisamente del 60%, mentre il restante 40% \u00e8 Sativa. Deriva dall\u2019incrocio tra Durban Poison e OG Kush. La variet\u00e0 Girl Scout Cookies \u00e8 apprezzata per i suoi effetti induttivi e avvolgenti, grazie alla prevalenza dell&#8217;Indica. La Girl Scout Cookies \u00e8 una variet\u00e0 rinomata per il suo alto contenuto di CBD e per la sua fragranza dolce e speziata. La variet\u00e0 offre una sensazione di rilassamento e calma, ed \u00e8 ideale per coloro che cercano un effetto calmante e sedativo.<\/p>\n<h3>Coltivazione<\/h3>\n<p>Questa pianta nasce in Svizzera, dove viene coltivata Indoor con l&#8217;utilizzo di luci HPS per aumentare la produzione di fiori. La coltivazione prevede l&#8217;uso del substrato di cocco e nutrienti organici-minerali per garantire una crescita e una fioritura ottimali. La fioritura si completa in 10-11 settimane, durante le quali la pianta produce numerose gemme molto aromatiche e resinose, con un aroma terroso e legnoso e un sapore dolce ed erbaceo.<\/p>\n<h3>Essicazione<\/h3>\n<p>Le cime vengono tagliate la mattina presto con i primi raggi di sole, pulite dalle foglie grandi e messe nel nostro magazzino ad essiccare. Per i primi 2 giorni lo spazio viene molto ventilato e messo al 60% di umidit\u00e0, per prevenire lo sviluppo di muffe e altri patogeni. Dopo 48 ore, la ventilazione \u00e8 messa al minimo, e l&#8217;umidit\u00e0 si tiene a 55% per 7-14 giorni finch\u00e9 l\u2019umidita del prodotto non arriva al 12%, quando il prodotto \u00e8 pronto per l&#8217;inizio del processo di cura.<\/p>\n<h3>Care<\/h3>\n<p>La cura \u00e8 la parte pi\u00f9 importante per assicurarsi che l\u2019aroma sia perfetto. Dopo l\u2019essicazione il fiore deve \u201criposare\u201d un po\u2019 per sviluppare i propri terpeni e aromi. Il processo di cura \u00e8 molto facile, ed \u00e8 il processo del riposo delle infiorescenze tra 1 e 4 settimane dopo l\u2019essiccazione. Normalmente dopo 2-3 settimane di cura, il profumo della canapa legale cambia in modo pi\u00f9 dolce e mielato, e l\u2019aroma raggiunge il suo culmine. Qua il prodotto \u00e8 pronto per essere impacchettato nelle nostre confezioni ermetiche.<\/p>\n<p>Dai un&#8217;occhiata anche ai nostri altri <a href=\"https:\/\/swissherboriginal.com\/en\/product-category\/cbd-legal-hemp\/fiore-cbd\/\">fiori di CBD<\/a> come <a href=\"https:\/\/swissherboriginal.com\/en\/shop\/cbd-legal-hemp\/fiore-cbd\/wedding-cake-cbd\/\">CBD Wedding Cake<\/a> e <a href=\"https:\/\/swissherboriginal.com\/en\/shop\/cbd-legal-hemp\/fiore-cbd\/durban-poison-cbd\/\">Durban Poison CBD<\/a> e anche agli altri prodotti di <a href=\"https:\/\/swissherboriginal.com\/en\/product-category\/cbd-legal-hemp\/\">CBD canapa legale<\/a> come <a href=\"https:\/\/swissherboriginal.com\/en\/product-category\/cbd-legal-hemp\/gocce-cbd\/\">gocce di CBD<\/a>.<\/p>\n<p><strong>Attenzione<\/strong>: Prodotto ad uso collezionistico non avente efficacia psicoattiva, THC inferiore allo 0,5%. Non separare il contenuto dalla confezione e mantenere intatto il sigillo di garanzia. Tenere fuori dalla portata dei bambini, non ingerire. Vietata la vendita ai minori di 18 anni. Non \u00e8 un prodotto ad uso alimentare, medico o da combustione. Non trattandosi di una sostanza stupefacente, al prodotto non \u00e8 da considerarsi applicabile il DPR 309\/90. Il produttore e il distributore declinano ogni responsabilit\u00e0 per utilizzi impropri.<\/p>","protected":false},"excerpt":{"rendered":"<ul>\n<li>SATIVA: 40% INDICA: 60% RUDERALIS: 0%<\/li>\n<li>CBD: &lt;25% THC: &lt;0,5% CBG: N\/A CBN: N\/A<\/li>\n<li>GENETICA: Girl Scout Cookies<\/li>\n<li>AROMA: Fragranza dolce e speziata.<\/li>\n<li>EFFETTI: Effetti induttivi e avvolgenti.<\/li>\n<li>FIORITURA: 10-11 settimane di fioritura, 350-400 g\/m<sup>2<\/sup>. Le piante raggiungono da 80 fino a 120 cm di altezza.<\/li>\n<\/ul>","protected":false},"featured_media":25968,"comment_status":"open","ping_status":"closed","template":"","meta":[],"product_brand":[],"product_cat":[256,266],"product_tag":[218,217,415,416,181,191,307,306,199,303,193,699],"class_list":{"0":"post-1315","1":"product","2":"type-product","3":"status-publish","4":"has-post-thumbnail","6":"product_cat-cbd-canapa-legale","7":"product_cat-fiore-cbd","8":"product_tag-canapa-antistress","9":"product_tag-canapa-per-dormire","10":"product_tag-cannabis-ibrida","11":"product_tag-cannabis-indica","12":"product_tag-cannabis-indoor","13":"product_tag-cannabis-light","14":"product_tag-cbd-ansiolitico","15":"product_tag-cbd-antidolorifico","16":"product_tag-cbd-calmante","17":"product_tag-cbd-per-rilassarsi","18":"product_tag-cbd-sonno","19":"product_tag-swiss-herb","21":"first","22":"instock","23":"sale","24":"shipping-taxable","25":"purchasable","26":"product-type-variable"},"yoast_head":"<!-- This site is optimized with the Yoast SEO Premium plugin v22.0 (Yoast SEO v26.3) - https:\/\/yoast.com\/wordpress\/plugins\/seo\/ -->\n<title>Girl Scout Cookies CBD | Cannabis Light | Swiss Herb Original<\/title>\n<meta name=\"description\" content=\"Goditi l&#039;aroma e il sapore unici di Girl Scout Cookies CBD, perfetto per il rilassamento. Assapora la qualit\u00e0 Svizzera, acquista subito!\" \/>\n<meta name=\"robots\" content=\"index, follow, max-snippet:-1, max-image-preview:large, max-video-preview:-1\" \/>\n<link rel=\"canonical\" href=\"https:\/\/swissherboriginal.com\/en\/shop\/cbd-legal-hemp\/fiore-cbd\/girl-scout-cookies-cbd\/\" \/>\n<meta property=\"og:locale\" content=\"en_GB\" \/>\n<meta property=\"og:type\" content=\"article\" \/>\n<meta property=\"og:title\" content=\"Girl Scout Cookies CBD\" \/>\n<meta property=\"og:description\" content=\"Goditi l&#039;aroma e il sapore unici di Girl Scout Cookies CBD, perfetto per il rilassamento. Assapora la qualit\u00e0 Svizzera, acquista subito!\" \/>\n<meta property=\"og:url\" content=\"https:\/\/swissherboriginal.com\/en\/shop\/cbd-legal-hemp\/fiore-cbd\/girl-scout-cookies-cbd\/\" \/>\n<meta property=\"og:site_name\" content=\"Swiss Herb Original\" \/>\n<meta property=\"article:publisher\" content=\"https:\/\/www.facebook.com\/swissherboriginale\/\" \/>\n<meta property=\"article:modified_time\" content=\"2025-04-16T11:31:21+00:00\" \/>\n<meta property=\"og:image\" content=\"https:\/\/swissherboriginal.com\/wp-content\/uploads\/girl-scout-cookies-cbd-swiss-herb-original.png\" \/>\n\t<meta property=\"og:image:width\" content=\"800\" \/>\n\t<meta property=\"og:image:height\" content=\"800\" \/>\n\t<meta property=\"og:image:type\" content=\"image\/png\" \/>\n<meta name=\"twitter:card\" content=\"summary_large_image\" \/>\n<meta name=\"twitter:image\" content=\"https:\/\/swissherboriginal.com\/wp-content\/uploads\/girl-scout-cookies-cbd-swiss-herb-original.png\" \/>\n<meta name=\"twitter:label1\" content=\"Estimated reading time\" \/>\n\t<meta name=\"twitter:data1\" content=\"3 minutes\" \/>\n<script type=\"application\/ld+json\" class=\"yoast-schema-graph\">{\"@context\":\"https:\/\/schema.org\",\"@graph\":[{\"@type\":\"WebPage\",\"@id\":\"https:\/\/swissherboriginal.com\/shop\/cbd-canapa-legale\/fiore-cbd\/girl-scout-cookies-cbd\/\",\"url\":\"https:\/\/swissherboriginal.com\/shop\/cbd-canapa-legale\/fiore-cbd\/girl-scout-cookies-cbd\/\",\"name\":\"Girl Scout Cookies CBD | Cannabis Light | Swiss Herb Original\",\"isPartOf\":{\"@id\":\"https:\/\/swissherboriginal.com\/#website\"},\"primaryImageOfPage\":{\"@id\":\"https:\/\/swissherboriginal.com\/shop\/cbd-canapa-legale\/fiore-cbd\/girl-scout-cookies-cbd\/#primaryimage\"},\"image\":{\"@id\":\"https:\/\/swissherboriginal.com\/shop\/cbd-canapa-legale\/fiore-cbd\/girl-scout-cookies-cbd\/#primaryimage\"},\"thumbnailUrl\":\"https:\/\/swissherboriginal.com\/wp-content\/uploads\/SWISSHERB_GIRL_SCOUT_COOKIES_CBD_POP_ART.png\",\"datePublished\":\"2023-03-07T08:46:04+00:00\",\"dateModified\":\"2025-04-16T11:31:21+00:00\",\"description\":\"Goditi l'aroma e il sapore unici di Girl Scout Cookies CBD, perfetto per il rilassamento. Assapora la qualit\u00e0 Svizzera, acquista subito!\",\"breadcrumb\":{\"@id\":\"https:\/\/swissherboriginal.com\/shop\/cbd-canapa-legale\/fiore-cbd\/girl-scout-cookies-cbd\/#breadcrumb\"},\"inLanguage\":\"en-GB\",\"potentialAction\":[{\"@type\":\"ReadAction\",\"target\":[\"https:\/\/swissherboriginal.com\/shop\/cbd-canapa-legale\/fiore-cbd\/girl-scout-cookies-cbd\/\"]}]},{\"@type\":\"ImageObject\",\"inLanguage\":\"en-GB\",\"@id\":\"https:\/\/swissherboriginal.com\/shop\/cbd-canapa-legale\/fiore-cbd\/girl-scout-cookies-cbd\/#primaryimage\",\"url\":\"https:\/\/swissherboriginal.com\/wp-content\/uploads\/SWISSHERB_GIRL_SCOUT_COOKIES_CBD_POP_ART.png\",\"contentUrl\":\"https:\/\/swissherboriginal.com\/wp-content\/uploads\/SWISSHERB_GIRL_SCOUT_COOKIES_CBD_POP_ART.png\",\"width\":800,\"height\":800},{\"@type\":\"BreadcrumbList\",\"@id\":\"https:\/\/swissherboriginal.com\/shop\/cbd-canapa-legale\/fiore-cbd\/girl-scout-cookies-cbd\/#breadcrumb\",\"itemListElement\":[{\"@type\":\"ListItem\",\"position\":1,\"name\":\"Home\",\"item\":\"https:\/\/swissherboriginal.com\/\"},{\"@type\":\"ListItem\",\"position\":2,\"name\":\"Negozio Swiss Herb Original\",\"item\":\"https:\/\/swissherboriginal.com\/negozio-swiss-herb-original\/\"},{\"@type\":\"ListItem\",\"position\":3,\"name\":\"Girl Scout Cookies CBD\"}]},{\"@type\":\"WebSite\",\"@id\":\"https:\/\/swissherboriginal.com\/#website\",\"url\":\"https:\/\/swissherboriginal.com\/\",\"name\":\"Swiss Herb Original\",\"description\":\"\",\"publisher\":{\"@id\":\"https:\/\/swissherboriginal.com\/#organization\"},\"potentialAction\":[{\"@type\":\"SearchAction\",\"target\":{\"@type\":\"EntryPoint\",\"urlTemplate\":\"https:\/\/swissherboriginal.com\/?s={search_term_string}\"},\"query-input\":{\"@type\":\"PropertyValueSpecification\",\"valueRequired\":true,\"valueName\":\"search_term_string\"}}],\"inLanguage\":\"en-GB\"},{\"@type\":\"Organization\",\"@id\":\"https:\/\/swissherboriginal.com\/#organization\",\"name\":\"Swiss Herb Original\",\"url\":\"https:\/\/swissherboriginal.com\/\",\"logo\":{\"@type\":\"ImageObject\",\"inLanguage\":\"en-GB\",\"@id\":\"https:\/\/swissherboriginal.com\/#\/schema\/logo\/image\/\",\"url\":\"https:\/\/swissherboriginal.com\/wp-content\/uploads\/logo-menu-tel-swissherb.png\",\"contentUrl\":\"https:\/\/swissherboriginal.com\/wp-content\/uploads\/logo-menu-tel-swissherb.png\",\"width\":512,\"height\":360,\"caption\":\"Swiss Herb Original\"},\"image\":{\"@id\":\"https:\/\/swissherboriginal.com\/#\/schema\/logo\/image\/\"},\"sameAs\":[\"https:\/\/www.facebook.com\/swissherboriginale\/\",\"https:\/\/www.instagram.com\/swissherb_original\"]}]}<\/script>\n<!-- \/ Yoast SEO Premium plugin. -->","yoast_head_json":{"title":"Girl Scout Cookies CBD | Cannabis Light | Swiss Herb Original","description":"Goditi l'aroma e il sapore unici di Girl Scout Cookies CBD, perfetto per il rilassamento. Assapora la qualit\u00e0 Svizzera, acquista subito!","robots":{"index":"index","follow":"follow","max-snippet":"max-snippet:-1","max-image-preview":"max-image-preview:large","max-video-preview":"max-video-preview:-1"},"canonical":"https:\/\/swissherboriginal.com\/en\/shop\/cbd-legal-hemp\/fiore-cbd\/girl-scout-cookies-cbd\/","og_locale":"en_GB","og_type":"article","og_title":"Girl Scout Cookies CBD","og_description":"Goditi l'aroma e il sapore unici di Girl Scout Cookies CBD, perfetto per il rilassamento. Assapora la qualit\u00e0 Svizzera, acquista subito!","og_url":"https:\/\/swissherboriginal.com\/en\/shop\/cbd-legal-hemp\/fiore-cbd\/girl-scout-cookies-cbd\/","og_site_name":"Swiss Herb Original","article_publisher":"https:\/\/www.facebook.com\/swissherboriginale\/","article_modified_time":"2025-04-16T11:31:21+00:00","og_image":[{"width":800,"height":800,"url":"https:\/\/swissherboriginal.com\/wp-content\/uploads\/girl-scout-cookies-cbd-swiss-herb-original.png","type":"image\/png"}],"twitter_card":"summary_large_image","twitter_image":"https:\/\/swissherboriginal.com\/wp-content\/uploads\/girl-scout-cookies-cbd-swiss-herb-original.png","twitter_misc":{"Estimated reading time":"3 minutes"},"schema":{"@context":"https:\/\/schema.org","@graph":[{"@type":"WebPage","@id":"https:\/\/swissherboriginal.com\/shop\/cbd-canapa-legale\/fiore-cbd\/girl-scout-cookies-cbd\/","url":"https:\/\/swissherboriginal.com\/shop\/cbd-canapa-legale\/fiore-cbd\/girl-scout-cookies-cbd\/","name":"Girl Scout Cookies CBD | Cannabis Light | Swiss Herb Original","isPartOf":{"@id":"https:\/\/swissherboriginal.com\/#website"},"primaryImageOfPage":{"@id":"https:\/\/swissherboriginal.com\/shop\/cbd-canapa-legale\/fiore-cbd\/girl-scout-cookies-cbd\/#primaryimage"},"image":{"@id":"https:\/\/swissherboriginal.com\/shop\/cbd-canapa-legale\/fiore-cbd\/girl-scout-cookies-cbd\/#primaryimage"},"thumbnailUrl":"https:\/\/swissherboriginal.com\/wp-content\/uploads\/SWISSHERB_GIRL_SCOUT_COOKIES_CBD_POP_ART.png","datePublished":"2023-03-07T08:46:04+00:00","dateModified":"2025-04-16T11:31:21+00:00","description":"Goditi l'aroma e il sapore unici di Girl Scout Cookies CBD, perfetto per il rilassamento. Assapora la qualit\u00e0 Svizzera, acquista subito!","breadcrumb":{"@id":"https:\/\/swissherboriginal.com\/shop\/cbd-canapa-legale\/fiore-cbd\/girl-scout-cookies-cbd\/#breadcrumb"},"inLanguage":"en-GB","potentialAction":[{"@type":"ReadAction","target":["https:\/\/swissherboriginal.com\/shop\/cbd-canapa-legale\/fiore-cbd\/girl-scout-cookies-cbd\/"]}]},{"@type":"ImageObject","inLanguage":"en-GB","@id":"https:\/\/swissherboriginal.com\/shop\/cbd-canapa-legale\/fiore-cbd\/girl-scout-cookies-cbd\/#primaryimage","url":"https:\/\/swissherboriginal.com\/wp-content\/uploads\/SWISSHERB_GIRL_SCOUT_COOKIES_CBD_POP_ART.png","contentUrl":"https:\/\/swissherboriginal.com\/wp-content\/uploads\/SWISSHERB_GIRL_SCOUT_COOKIES_CBD_POP_ART.png","width":800,"height":800},{"@type":"BreadcrumbList","@id":"https:\/\/swissherboriginal.com\/shop\/cbd-canapa-legale\/fiore-cbd\/girl-scout-cookies-cbd\/#breadcrumb","itemListElement":[{"@type":"ListItem","position":1,"name":"Home","item":"https:\/\/swissherboriginal.com\/"},{"@type":"ListItem","position":2,"name":"Negozio Swiss Herb Original","item":"https:\/\/swissherboriginal.com\/negozio-swiss-herb-original\/"},{"@type":"ListItem","position":3,"name":"Girl Scout Cookies CBD"}]},{"@type":"WebSite","@id":"https:\/\/swissherboriginal.com\/#website","url":"https:\/\/swissherboriginal.com\/","name":"Swiss Herb Original","description":"","publisher":{"@id":"https:\/\/swissherboriginal.com\/#organization"},"potentialAction":[{"@type":"SearchAction","target":{"@type":"EntryPoint","urlTemplate":"https:\/\/swissherboriginal.com\/?s={search_term_string}"},"query-input":{"@type":"PropertyValueSpecification","valueRequired":true,"valueName":"search_term_string"}}],"inLanguage":"en-GB"},{"@type":"Organization","@id":"https:\/\/swissherboriginal.com\/#organization","name":"Swiss Herb Original","url":"https:\/\/swissherboriginal.com\/","logo":{"@type":"ImageObject","inLanguage":"en-GB","@id":"https:\/\/swissherboriginal.com\/#\/schema\/logo\/image\/","url":"https:\/\/swissherboriginal.com\/wp-content\/uploads\/logo-menu-tel-swissherb.png","contentUrl":"https:\/\/swissherboriginal.com\/wp-content\/uploads\/logo-menu-tel-swissherb.png","width":512,"height":360,"caption":"Swiss Herb Original"},"image":{"@id":"https:\/\/swissherboriginal.com\/#\/schema\/logo\/image\/"},"sameAs":["https:\/\/www.facebook.com\/swissherboriginale\/","https:\/\/www.instagram.com\/swissherb_original"]}]}},"_links":{"self":[{"href":"https:\/\/swissherboriginal.com\/en\/wp-json\/wp\/v2\/product\/1315","targetHints":{"allow":["GET"]}}],"collection":[{"href":"https:\/\/swissherboriginal.com\/en\/wp-json\/wp\/v2\/product"}],"about":[{"href":"https:\/\/swissherboriginal.com\/en\/wp-json\/wp\/v2\/types\/product"}],"replies":[{"embeddable":true,"href":"https:\/\/swissherboriginal.com\/en\/wp-json\/wp\/v2\/comments?post=1315"}],"wp:featuredmedia":[{"embeddable":true,"href":"https:\/\/swissherboriginal.com\/en\/wp-json\/wp\/v2\/media\/25968"}],"wp:attachment":[{"href":"https:\/\/swissherboriginal.com\/en\/wp-json\/wp\/v2\/media?parent=1315"}],"wp:term":[{"taxonomy":"product_brand","embeddable":true,"href":"https:\/\/swissherboriginal.com\/en\/wp-json\/wp\/v2\/product_brand?post=1315"},{"taxonomy":"product_cat","embeddable":true,"href":"https:\/\/swissherboriginal.com\/en\/wp-json\/wp\/v2\/product_cat?post=1315"},{"taxonomy":"product_tag","embeddable":true,"href":"https:\/\/swissherboriginal.com\/en\/wp-json\/wp\/v2\/product_tag?post=1315"}],"curies":[{"name":"wp","href":"https:\/\/api.w.org\/{rel}","templated":true}]}}