{"id":1650,"date":"2023-05-17T09:30:51","date_gmt":"2023-05-17T09:30:51","guid":{"rendered":"https:\/\/swissherboriginal.com\/?post_type=product&#038;p=1650"},"modified":"2025-04-16T11:28:57","modified_gmt":"2025-04-16T11:28:57","slug":"durban-poison-cbd","status":"publish","type":"product","link":"https:\/\/swissherboriginal.com\/en\/shop\/cbd-legal-hemp\/fiore-cbd\/durban-poison-cbd\/","title":{"rendered":"Durban Poison CBD"},"content":{"rendered":"<h2>Durban Poison CBD<\/h2>\n<p>La variet\u00e0 Durban Poison di CBD \u00e8 un ceppo di cannabis originario della citt\u00e0 sudafricana di Durban. Questa variet\u00e0 \u00e8 conosciuta per i suoi effetti energetici e cerebrali, che la rendono un&#8217;ottima scelta per coloro che cercano un&#8217;esperienza stimolante e creativa.<\/p>\n<h3>Genetica<\/h3>\n<p>La Durban Poison \u00e8 una variet\u00e0 al 100% Sativa. La pianta Durban Poison di CBD \u00e8 alta e slanciata, con foglie sottili e lunghe. I suoi fiori sono di un distintivo colore verde pallido, con pistilli arancioni che sporgono dalle estremit\u00e0. Con un contenuto di THC inferiore al 0,5%, la variet\u00e0 Durban Poison di CBD \u00e8 una scelta popolare tra coloro che cercano una variet\u00e0 di cannabis che offre i benefici medicinali del CBD senza gli effetti psicoattivi del THC.<\/p>\n<h3>Coltivazione<\/h3>\n<p>La genetica di CBD Durban Poison proviene dalla Svizzera, dove \u00e8 stata coltivata in serra con luci LED, che assicurano una perfetta illuminazione per la crescita delle piante. Gli agricoltori utilizzano nutrienti organici e minerali per garantire una crescita naturale e sana delle piante. La fioritura avviene circa dopo 12 settimane dalla semina, producendo inflorescenze di alta qualit\u00e0, ricche di cannabinoidi e oli essenziali.<\/p>\n<p>Grazie alla cura e all&#8217;attenzione dedicata durante la coltivazione, la CBD Durban Poison coltivata in Svizzera si distingue per il suo aroma intenso, la sua fragranza aromatica e il suo alto contenuto di CBD. I fiori di questa variet\u00e0 di cannabis sono noti per il loro aroma agrumato e speziato, che \u00e8 reso ancora pi\u00f9 intenso dal fatto che la pianta viene coltivata in serra per produrre fiori di alta qualit\u00e0. Inoltre, la variet\u00e0 Durban Poison di CBD \u00e8 conosciuta per essere una pianta resistente e facile da coltivare, che produce rese elevate e di alta qualit\u00e0.<\/p>\n<h3>Essicazione<\/h3>\n<p>Le cime vengono tagliate la mattina presto con i primi raggi di sole, pulite dalle foglie grandi e messe nel nostro magazzino ad essiccare. Per i primi 2 giorni lo spazio viene molto ventilato e messo al 60% di umidit\u00e0, per prevenire lo sviluppo di muffe e altri patogeni. Dopo 48 ore, la ventilazione \u00e8 messa al minimo, e l&#8217;umidit\u00e0 si tiene a 55% per 7-14 giorni finch\u00e9 l\u2019umidita del prodotto non arriva al 12%, quando il prodotto \u00e8 pronto per l&#8217;inizio del processo di cura.<\/p>\n<h3>Care<\/h3>\n<p>La cura \u00e8 la parte pi\u00f9 importante per assicurarsi che l\u2019aroma sia perfetto. Dopo l\u2019essicazione il fiore deve \u201criposare\u201d un po\u2019 per sviluppare i propri terpeni e aromi. Il processo di cura \u00e8 molto facile, ed \u00e8 il processo del riposo delle infiorescenze tra 1 e 4 settimane dopo l\u2019essiccazione. Normalmente dopo 2-3 settimane di cura, il profumo della canapa legale cambia in modo pi\u00f9 dolce e mielato, e l\u2019aroma raggiunge il suo culmine. Qua il prodotto \u00e8 pronto per essere impacchettato nelle nostre confezioni ermetiche.<\/p>\n<p>In conclusione, la variet\u00e0 Durban Poison di CBD \u00e8 una scelta popolare tra coloro che cercano una variet\u00e0 di cannabis stimolante e multifunzionale, che offre tutti i benefici medicinali del CBD senza gli effetti psicoattivi del THC. Con un aroma intenso e una pianta resistente, Durban Poison CBD \u00e8 un&#8217;ottima scelta per i coltivatori e gli utenti di cannabis che cercano un&#8217;esperienza di alta qualit\u00e0.<\/p>\n<p>Dai un&#8217;occhiata anche ai nostri altri <a href=\"https:\/\/swissherboriginal.com\/en\/product-category\/cbd-legal-hemp\/fiore-cbd\/\">fiori di CBD<\/a> come <a href=\"https:\/\/swissherboriginal.com\/en\/shop\/cbd-legal-hemp\/fiore-cbd\/illusionist-kush-cbd\/\">Illusionist Kush CBD<\/a> e <a href=\"https:\/\/swissherboriginal.com\/en\/shop\/cbd-legal-hemp\/fiore-cbd\/la-purple-cbd\/\">L.A. Purple CBD<\/a> e anche agli altri prodotti di <a href=\"https:\/\/swissherboriginal.com\/en\/product-category\/cbd-legal-hemp\/\">CBD canapa legale<\/a> come <a href=\"https:\/\/swissherboriginal.com\/en\/product-category\/cbd-legal-hemp\/gocce-cbd\/\">gocce di CBD<\/a>.<\/p>\n<p><strong>Attenzione<\/strong>: Prodotto ad uso collezionistico non avente efficacia psicoattiva, THC inferiore allo 0,5%. Non separare il contenuto dalla confezione e mantenere intatto il sigillo di garanzia. Tenere fuori dalla portata dei bambini, non ingerire. Vietata la vendita ai minori di 18 anni. Non \u00e8 un prodotto ad uso alimentare, medico o da combustione. Non trattandosi di una sostanza stupefacente, al prodotto non \u00e8 da considerarsi applicabile il DPR 309\/90. Il produttore e il distributore declinano ogni responsabilit\u00e0 per utilizzi impropri.<\/p>","protected":false},"excerpt":{"rendered":"<ul>\n<li>SATIVA: 100% INDICA: 0% RUDERALIS: 0%<\/li>\n<li>CBD: &lt;25% THC: 0,4% CBG: N\/A CBN: N\/A<\/li>\n<li>GENETICA: Durban Poison<\/li>\n<li>AROMA: Agrumato e speziato.<\/li>\n<li>EFFETTI: Effetti energici e celebrali.<\/li>\n<li>FIORITURA: 12 settimane. Le piante raggiungono da 80 fino a 120 cm di altezza.<\/li>\n<\/ul>","protected":false},"featured_media":25965,"comment_status":"open","ping_status":"closed","template":"","meta":[],"product_brand":[],"product_cat":[256,266],"product_tag":[218,183,191,414,307,306,308,192,699],"class_list":{"0":"post-1650","1":"product","2":"type-product","3":"status-publish","4":"has-post-thumbnail","6":"product_cat-cbd-canapa-legale","7":"product_cat-fiore-cbd","8":"product_tag-canapa-antistress","9":"product_tag-cannabis-greenhouse","10":"product_tag-cannabis-light","11":"product_tag-cannabis-sativa","12":"product_tag-cbd-ansiolitico","13":"product_tag-cbd-antidolorifico","14":"product_tag-cbd-antinfiammatorio","15":"product_tag-cbd-energia","16":"product_tag-swiss-herb","18":"first","19":"instock","20":"sale","21":"shipping-taxable","22":"purchasable","23":"product-type-variable"},"yoast_head":"<!-- This site is optimized with the Yoast SEO Premium plugin v22.0 (Yoast SEO v26.3) - https:\/\/yoast.com\/wordpress\/plugins\/seo\/ -->\n<title>Durban Poison CBD | Cannabis Light | Swiss Herb Original<\/title>\n<meta name=\"description\" content=\"Durban Poison CBD \u00e8 una variet\u00e0 stimolante e versatile, che offre un sapore intenso e i benefici del CBD. Acquista ora per un&#039;esperienza di alta qualit\u00e0!\" \/>\n<meta name=\"robots\" content=\"index, follow, max-snippet:-1, max-image-preview:large, max-video-preview:-1\" \/>\n<link rel=\"canonical\" href=\"https:\/\/swissherboriginal.com\/en\/shop\/cbd-legal-hemp\/fiore-cbd\/durban-poison-cbd\/\" \/>\n<meta property=\"og:locale\" content=\"en_GB\" \/>\n<meta property=\"og:type\" content=\"article\" \/>\n<meta property=\"og:title\" content=\"Durban Poison CBD\" \/>\n<meta property=\"og:description\" content=\"Durban Poison CBD \u00e8 una variet\u00e0 stimolante e versatile, che offre un sapore intenso e i benefici del CBD. Acquista ora per un&#039;esperienza di alta qualit\u00e0!\" \/>\n<meta property=\"og:url\" content=\"https:\/\/swissherboriginal.com\/en\/shop\/cbd-legal-hemp\/fiore-cbd\/durban-poison-cbd\/\" \/>\n<meta property=\"og:site_name\" content=\"Swiss Herb Original\" \/>\n<meta property=\"article:publisher\" content=\"https:\/\/www.facebook.com\/swissherboriginale\/\" \/>\n<meta property=\"article:modified_time\" content=\"2025-04-16T11:28:57+00:00\" \/>\n<meta property=\"og:image\" content=\"https:\/\/swissherboriginal.com\/wp-content\/uploads\/durban-poison-cbd-swiss-herb-original.png\" \/>\n\t<meta property=\"og:image:width\" content=\"800\" \/>\n\t<meta property=\"og:image:height\" content=\"800\" \/>\n\t<meta property=\"og:image:type\" content=\"image\/png\" \/>\n<meta name=\"twitter:card\" content=\"summary_large_image\" \/>\n<meta name=\"twitter:image\" content=\"https:\/\/swissherboriginal.com\/wp-content\/uploads\/durban-poison-cbd-swiss-herb-original.png\" \/>\n<meta name=\"twitter:label1\" content=\"Estimated reading time\" \/>\n\t<meta name=\"twitter:data1\" content=\"4 minutes\" \/>\n<script type=\"application\/ld+json\" class=\"yoast-schema-graph\">{\"@context\":\"https:\/\/schema.org\",\"@graph\":[{\"@type\":\"WebPage\",\"@id\":\"https:\/\/swissherboriginal.com\/shop\/cbd-canapa-legale\/fiore-cbd\/durban-poison-cbd\/\",\"url\":\"https:\/\/swissherboriginal.com\/shop\/cbd-canapa-legale\/fiore-cbd\/durban-poison-cbd\/\",\"name\":\"Durban Poison CBD | Cannabis Light | Swiss Herb Original\",\"isPartOf\":{\"@id\":\"https:\/\/swissherboriginal.com\/#website\"},\"primaryImageOfPage\":{\"@id\":\"https:\/\/swissherboriginal.com\/shop\/cbd-canapa-legale\/fiore-cbd\/durban-poison-cbd\/#primaryimage\"},\"image\":{\"@id\":\"https:\/\/swissherboriginal.com\/shop\/cbd-canapa-legale\/fiore-cbd\/durban-poison-cbd\/#primaryimage\"},\"thumbnailUrl\":\"https:\/\/swissherboriginal.com\/wp-content\/uploads\/SWISSHERB_DURBAN_POISON_CBD_POP_ART.png\",\"datePublished\":\"2023-05-17T09:30:51+00:00\",\"dateModified\":\"2025-04-16T11:28:57+00:00\",\"description\":\"Durban Poison CBD \u00e8 una variet\u00e0 stimolante e versatile, che offre un sapore intenso e i benefici del CBD. Acquista ora per un'esperienza di alta qualit\u00e0!\",\"breadcrumb\":{\"@id\":\"https:\/\/swissherboriginal.com\/shop\/cbd-canapa-legale\/fiore-cbd\/durban-poison-cbd\/#breadcrumb\"},\"inLanguage\":\"en-GB\",\"potentialAction\":[{\"@type\":\"ReadAction\",\"target\":[\"https:\/\/swissherboriginal.com\/shop\/cbd-canapa-legale\/fiore-cbd\/durban-poison-cbd\/\"]}]},{\"@type\":\"ImageObject\",\"inLanguage\":\"en-GB\",\"@id\":\"https:\/\/swissherboriginal.com\/shop\/cbd-canapa-legale\/fiore-cbd\/durban-poison-cbd\/#primaryimage\",\"url\":\"https:\/\/swissherboriginal.com\/wp-content\/uploads\/SWISSHERB_DURBAN_POISON_CBD_POP_ART.png\",\"contentUrl\":\"https:\/\/swissherboriginal.com\/wp-content\/uploads\/SWISSHERB_DURBAN_POISON_CBD_POP_ART.png\",\"width\":800,\"height\":800},{\"@type\":\"BreadcrumbList\",\"@id\":\"https:\/\/swissherboriginal.com\/shop\/cbd-canapa-legale\/fiore-cbd\/durban-poison-cbd\/#breadcrumb\",\"itemListElement\":[{\"@type\":\"ListItem\",\"position\":1,\"name\":\"Home\",\"item\":\"https:\/\/swissherboriginal.com\/\"},{\"@type\":\"ListItem\",\"position\":2,\"name\":\"Negozio Swiss Herb Original\",\"item\":\"https:\/\/swissherboriginal.com\/negozio-swiss-herb-original\/\"},{\"@type\":\"ListItem\",\"position\":3,\"name\":\"Durban Poison CBD\"}]},{\"@type\":\"WebSite\",\"@id\":\"https:\/\/swissherboriginal.com\/#website\",\"url\":\"https:\/\/swissherboriginal.com\/\",\"name\":\"Swiss Herb Original\",\"description\":\"\",\"publisher\":{\"@id\":\"https:\/\/swissherboriginal.com\/#organization\"},\"potentialAction\":[{\"@type\":\"SearchAction\",\"target\":{\"@type\":\"EntryPoint\",\"urlTemplate\":\"https:\/\/swissherboriginal.com\/?s={search_term_string}\"},\"query-input\":{\"@type\":\"PropertyValueSpecification\",\"valueRequired\":true,\"valueName\":\"search_term_string\"}}],\"inLanguage\":\"en-GB\"},{\"@type\":\"Organization\",\"@id\":\"https:\/\/swissherboriginal.com\/#organization\",\"name\":\"Swiss Herb Original\",\"url\":\"https:\/\/swissherboriginal.com\/\",\"logo\":{\"@type\":\"ImageObject\",\"inLanguage\":\"en-GB\",\"@id\":\"https:\/\/swissherboriginal.com\/#\/schema\/logo\/image\/\",\"url\":\"https:\/\/swissherboriginal.com\/wp-content\/uploads\/logo-menu-tel-swissherb.png\",\"contentUrl\":\"https:\/\/swissherboriginal.com\/wp-content\/uploads\/logo-menu-tel-swissherb.png\",\"width\":512,\"height\":360,\"caption\":\"Swiss Herb Original\"},\"image\":{\"@id\":\"https:\/\/swissherboriginal.com\/#\/schema\/logo\/image\/\"},\"sameAs\":[\"https:\/\/www.facebook.com\/swissherboriginale\/\",\"https:\/\/www.instagram.com\/swissherb_original\"]}]}<\/script>\n<!-- \/ Yoast SEO Premium plugin. -->","yoast_head_json":{"title":"Durban Poison CBD | Cannabis Light | Swiss Herb Original","description":"Durban Poison CBD \u00e8 una variet\u00e0 stimolante e versatile, che offre un sapore intenso e i benefici del CBD. Acquista ora per un'esperienza di alta qualit\u00e0!","robots":{"index":"index","follow":"follow","max-snippet":"max-snippet:-1","max-image-preview":"max-image-preview:large","max-video-preview":"max-video-preview:-1"},"canonical":"https:\/\/swissherboriginal.com\/en\/shop\/cbd-legal-hemp\/fiore-cbd\/durban-poison-cbd\/","og_locale":"en_GB","og_type":"article","og_title":"Durban Poison CBD","og_description":"Durban Poison CBD \u00e8 una variet\u00e0 stimolante e versatile, che offre un sapore intenso e i benefici del CBD. Acquista ora per un'esperienza di alta qualit\u00e0!","og_url":"https:\/\/swissherboriginal.com\/en\/shop\/cbd-legal-hemp\/fiore-cbd\/durban-poison-cbd\/","og_site_name":"Swiss Herb Original","article_publisher":"https:\/\/www.facebook.com\/swissherboriginale\/","article_modified_time":"2025-04-16T11:28:57+00:00","og_image":[{"width":800,"height":800,"url":"https:\/\/swissherboriginal.com\/wp-content\/uploads\/durban-poison-cbd-swiss-herb-original.png","type":"image\/png"}],"twitter_card":"summary_large_image","twitter_image":"https:\/\/swissherboriginal.com\/wp-content\/uploads\/durban-poison-cbd-swiss-herb-original.png","twitter_misc":{"Estimated reading time":"4 minutes"},"schema":{"@context":"https:\/\/schema.org","@graph":[{"@type":"WebPage","@id":"https:\/\/swissherboriginal.com\/shop\/cbd-canapa-legale\/fiore-cbd\/durban-poison-cbd\/","url":"https:\/\/swissherboriginal.com\/shop\/cbd-canapa-legale\/fiore-cbd\/durban-poison-cbd\/","name":"Durban Poison CBD | Cannabis Light | Swiss Herb Original","isPartOf":{"@id":"https:\/\/swissherboriginal.com\/#website"},"primaryImageOfPage":{"@id":"https:\/\/swissherboriginal.com\/shop\/cbd-canapa-legale\/fiore-cbd\/durban-poison-cbd\/#primaryimage"},"image":{"@id":"https:\/\/swissherboriginal.com\/shop\/cbd-canapa-legale\/fiore-cbd\/durban-poison-cbd\/#primaryimage"},"thumbnailUrl":"https:\/\/swissherboriginal.com\/wp-content\/uploads\/SWISSHERB_DURBAN_POISON_CBD_POP_ART.png","datePublished":"2023-05-17T09:30:51+00:00","dateModified":"2025-04-16T11:28:57+00:00","description":"Durban Poison CBD \u00e8 una variet\u00e0 stimolante e versatile, che offre un sapore intenso e i benefici del CBD. Acquista ora per un'esperienza di alta qualit\u00e0!","breadcrumb":{"@id":"https:\/\/swissherboriginal.com\/shop\/cbd-canapa-legale\/fiore-cbd\/durban-poison-cbd\/#breadcrumb"},"inLanguage":"en-GB","potentialAction":[{"@type":"ReadAction","target":["https:\/\/swissherboriginal.com\/shop\/cbd-canapa-legale\/fiore-cbd\/durban-poison-cbd\/"]}]},{"@type":"ImageObject","inLanguage":"en-GB","@id":"https:\/\/swissherboriginal.com\/shop\/cbd-canapa-legale\/fiore-cbd\/durban-poison-cbd\/#primaryimage","url":"https:\/\/swissherboriginal.com\/wp-content\/uploads\/SWISSHERB_DURBAN_POISON_CBD_POP_ART.png","contentUrl":"https:\/\/swissherboriginal.com\/wp-content\/uploads\/SWISSHERB_DURBAN_POISON_CBD_POP_ART.png","width":800,"height":800},{"@type":"BreadcrumbList","@id":"https:\/\/swissherboriginal.com\/shop\/cbd-canapa-legale\/fiore-cbd\/durban-poison-cbd\/#breadcrumb","itemListElement":[{"@type":"ListItem","position":1,"name":"Home","item":"https:\/\/swissherboriginal.com\/"},{"@type":"ListItem","position":2,"name":"Negozio Swiss Herb Original","item":"https:\/\/swissherboriginal.com\/negozio-swiss-herb-original\/"},{"@type":"ListItem","position":3,"name":"Durban Poison CBD"}]},{"@type":"WebSite","@id":"https:\/\/swissherboriginal.com\/#website","url":"https:\/\/swissherboriginal.com\/","name":"Swiss Herb Original","description":"","publisher":{"@id":"https:\/\/swissherboriginal.com\/#organization"},"potentialAction":[{"@type":"SearchAction","target":{"@type":"EntryPoint","urlTemplate":"https:\/\/swissherboriginal.com\/?s={search_term_string}"},"query-input":{"@type":"PropertyValueSpecification","valueRequired":true,"valueName":"search_term_string"}}],"inLanguage":"en-GB"},{"@type":"Organization","@id":"https:\/\/swissherboriginal.com\/#organization","name":"Swiss Herb Original","url":"https:\/\/swissherboriginal.com\/","logo":{"@type":"ImageObject","inLanguage":"en-GB","@id":"https:\/\/swissherboriginal.com\/#\/schema\/logo\/image\/","url":"https:\/\/swissherboriginal.com\/wp-content\/uploads\/logo-menu-tel-swissherb.png","contentUrl":"https:\/\/swissherboriginal.com\/wp-content\/uploads\/logo-menu-tel-swissherb.png","width":512,"height":360,"caption":"Swiss Herb Original"},"image":{"@id":"https:\/\/swissherboriginal.com\/#\/schema\/logo\/image\/"},"sameAs":["https:\/\/www.facebook.com\/swissherboriginale\/","https:\/\/www.instagram.com\/swissherb_original"]}]}},"_links":{"self":[{"href":"https:\/\/swissherboriginal.com\/en\/wp-json\/wp\/v2\/product\/1650","targetHints":{"allow":["GET"]}}],"collection":[{"href":"https:\/\/swissherboriginal.com\/en\/wp-json\/wp\/v2\/product"}],"about":[{"href":"https:\/\/swissherboriginal.com\/en\/wp-json\/wp\/v2\/types\/product"}],"replies":[{"embeddable":true,"href":"https:\/\/swissherboriginal.com\/en\/wp-json\/wp\/v2\/comments?post=1650"}],"wp:featuredmedia":[{"embeddable":true,"href":"https:\/\/swissherboriginal.com\/en\/wp-json\/wp\/v2\/media\/25965"}],"wp:attachment":[{"href":"https:\/\/swissherboriginal.com\/en\/wp-json\/wp\/v2\/media?parent=1650"}],"wp:term":[{"taxonomy":"product_brand","embeddable":true,"href":"https:\/\/swissherboriginal.com\/en\/wp-json\/wp\/v2\/product_brand?post=1650"},{"taxonomy":"product_cat","embeddable":true,"href":"https:\/\/swissherboriginal.com\/en\/wp-json\/wp\/v2\/product_cat?post=1650"},{"taxonomy":"product_tag","embeddable":true,"href":"https:\/\/swissherboriginal.com\/en\/wp-json\/wp\/v2\/product_tag?post=1650"}],"curies":[{"name":"wp","href":"https:\/\/api.w.org\/{rel}","templated":true}]}}