{"id":21522,"date":"2023-07-18T12:28:57","date_gmt":"2023-07-18T12:28:57","guid":{"rendered":"https:\/\/swissherboriginal.com\/?post_type=product&#038;p=21522"},"modified":"2023-11-17T08:44:43","modified_gmt":"2023-11-17T08:44:43","slug":"vaso-airpot-8l","status":"publish","type":"product","link":"https:\/\/swissherboriginal.com\/en\/shop\/cultivation-items\/pots-and-saucers\/vaso-airpot-8l\/","title":{"rendered":"Vaso AirPot 8L"},"content":{"rendered":"<h2>Vaso AirPot 8L<\/h2>\n<p>Il Vaso AirPot 8L \u00e8 un innovativo contenitore per piante progettato per migliorare attivamente la qualit\u00e0 dell&#8217;apparato radicale delle piante. Questo approccio rivoluzionario alla containerizzazione di piante e alberi \u00e8 in grado di produrre sistemi di radici non a spirale, il che \u00e8 impossibile da ottenere con qualsiasi altro tipo di contenitore presente sul mercato.<\/p>\n<p>Realizzato in HDPE riciclato nel Regno Unito, il Vaso AirPot 8L ha una forma circolare con una parete laterale perforata. Questa struttura unica offre numerosi vantaggi rispetto ai tradizionali vasi per piante. Innanzitutto, grazie alla mancanza di superfici piatte all&#8217;interno del vaso, il rischio di avviare il processo a spirale \u00e8 completamente eliminato. Questo permette alle radici di crescere senza ostacoli e di sviluppare in modo sano e vigoroso.<\/p>\n<p>Grazie alla presenza dei coni appuntiti verso l&#8217;interno e verso l&#8217;esterno della parete del vaso, le radici vengono costantemente guidate verso i fori d&#8217;aria situati all&#8217;estremit\u00e0 dei coni. Quando le radici raggiungono questi fori, le punte vengono disidratate o potate ad aria. Questa pratica, chiamata &#8220;potatura ad aria&#8221;, incentiva la pianta a inviare ulteriori radici per compensare la perdita.<\/p>\n<p>Il risultato di questo processo \u00e8 la rapida formazione di un apparato radicale forte e denso. Questo porta numerosi vantaggi al coltivatore. Innanzitutto, le piante crescono pi\u00f9 velocemente, grazie alla maggiore disponibilit\u00e0 di ossigeno e nutrienti per le radici. Inoltre, la formazione di un apparato radicale ben sviluppato consente alle piante di assorbire pi\u00f9 acqua e nutrienti, il che si traduce in una prestazione superiore della pianta.<\/p>\n<p>Grazie all&#8217;uso del Vaso AirPot 8L, i coltivatori possono ottenere una riduzione delle perdite, poich\u00e9 le piante hanno maggiori probabilit\u00e0 di sopravvivere e prosperare. Inoltre, il periodo di crescita delle piante pu\u00f2 essere ridotto, poich\u00e9 le piante crescono pi\u00f9 rapidamente grazie all&#8217;elevata efficienza delle radici. Questo pu\u00f2 essere particolarmente vantaggioso per i coltivatori commerciali che cercano di massimizzare la produzione.<\/p>\n<p>In conclusione, il Vaso AirPot 8L \u00e8 un&#8217;opzione ecologica per la containerizzazione delle piante, poich\u00e9 \u00e8 realizzato in plastica riciclabile e riutilizzabile. La sua forma circolare con parete laterale perforata, insieme alla mancanza di superfici piatte e ai coni interni ed esterni, permette di ottenere sistemi di radici non a spirale e di favorire una rapida formazione di un apparato radicale forte e denso. Questo si traduce in una riduzione delle perdite, prestazioni superiori delle piante e tempi di crescita pi\u00f9 brevi.<\/p>\n<p>Ti invitiamo a esplorare anche i nostri altri\u00a0<a href=\"https:\/\/swissherboriginal.com\/en\/product-category\/cultivation-items\/pots-and-saucers\/\">pots and saucers<\/a>, come <a href=\"https:\/\/swissherboriginal.com\/en\/shop\/cultivation-items\/pots-and-saucers\/vaso-airpot-2l\/\">il vaso AirPot 2L<\/a>. Dai un\u2019occhiata anche alla nostra vasta gamma di altri\u00a0<a href=\"https:\/\/swissherboriginal.com\/en\/product-category\/cultivation-items\/\">articoli per la coltivazione della canapa<\/a>.<\/p>","protected":false},"excerpt":{"rendered":"<ul>\n<li>Elimina il circolo radicale<\/li>\n<li>Riduce il tempo di crescita in giardino<\/li>\n<li>Aumenta i rendimenti<\/li>\n<li>Semplifica la produzione<\/li>\n<li>Riduce al minimo la necessit\u00e0 di trapiantare<\/li>\n<\/ul>","protected":false},"featured_media":22180,"comment_status":"open","ping_status":"closed","template":"","meta":[],"product_brand":[],"product_cat":[260,277],"product_tag":[666,660,689,653,230,247,667],"class_list":{"0":"post-21522","1":"product","2":"type-product","3":"status-publish","4":"has-post-thumbnail","6":"product_cat-articoli-da-coltivazione","7":"product_cat-vasi-e-sottovasi","8":"product_tag-coltivazione-aeroponica","9":"product_tag-coltivazione-cannabis","10":"product_tag-coltivazione-greenhouse","11":"product_tag-coltivazione-indoor","12":"product_tag-strumenti-per-cannabis","13":"product_tag-vasi-per-cannabis","14":"product_tag-vaso-per-la-coltivazione-aeroponica","16":"first","17":"instock","18":"shipping-taxable","19":"purchasable","20":"product-type-simple"},"yoast_head":"<!-- This site is optimized with the Yoast SEO Premium plugin v22.0 (Yoast SEO v26.3) - https:\/\/yoast.com\/wordpress\/plugins\/seo\/ -->\n<title>Vaso AirPot 8L | Coltivazione Canapa | Swiss Herb Original<\/title>\n<meta name=\"description\" content=\"Scopri il Vaso AirPot 8L, strumento innovativo per un apparato radicale forte. Pi\u00f9 ossigeno, nutrienti e crescita rapida. Compra ora!\" \/>\n<meta name=\"robots\" content=\"index, follow, max-snippet:-1, max-image-preview:large, max-video-preview:-1\" \/>\n<link rel=\"canonical\" href=\"https:\/\/swissherboriginal.com\/en\/shop\/cultivation-items\/pots-and-saucers\/vaso-airpot-8l\/\" \/>\n<meta property=\"og:locale\" content=\"en_GB\" \/>\n<meta property=\"og:type\" content=\"article\" \/>\n<meta property=\"og:title\" content=\"Vaso AirPot 8L\" \/>\n<meta property=\"og:description\" content=\"Scopri il Vaso AirPot 8L, strumento innovativo per un apparato radicale forte. Pi\u00f9 ossigeno, nutrienti e crescita rapida. Compra ora!\" \/>\n<meta property=\"og:url\" content=\"https:\/\/swissherboriginal.com\/en\/shop\/cultivation-items\/pots-and-saucers\/vaso-airpot-8l\/\" \/>\n<meta property=\"og:site_name\" content=\"Swiss Herb Original\" \/>\n<meta property=\"article:publisher\" content=\"https:\/\/www.facebook.com\/swissherboriginale\/\" \/>\n<meta property=\"article:modified_time\" content=\"2023-11-17T08:44:43+00:00\" \/>\n<meta property=\"og:image\" content=\"https:\/\/swissherboriginal.com\/wp-content\/uploads\/vaso-airpot-8l-swiss-herb-original.png\" \/>\n\t<meta property=\"og:image:width\" content=\"800\" \/>\n\t<meta property=\"og:image:height\" content=\"800\" \/>\n\t<meta property=\"og:image:type\" content=\"image\/png\" \/>\n<meta name=\"twitter:card\" content=\"summary_large_image\" \/>\n<meta name=\"twitter:image\" content=\"https:\/\/swissherboriginal.com\/wp-content\/uploads\/vaso-airpot-8l-swiss-herb-original.png\" \/>\n<meta name=\"twitter:label1\" content=\"Estimated reading time\" \/>\n\t<meta name=\"twitter:data1\" content=\"3 minutes\" \/>\n<script type=\"application\/ld+json\" class=\"yoast-schema-graph\">{\"@context\":\"https:\/\/schema.org\",\"@graph\":[{\"@type\":\"WebPage\",\"@id\":\"https:\/\/swissherboriginal.com\/shop\/articoli-da-coltivazione\/vasi-e-sottovasi\/vaso-airpot-8l\/\",\"url\":\"https:\/\/swissherboriginal.com\/shop\/articoli-da-coltivazione\/vasi-e-sottovasi\/vaso-airpot-8l\/\",\"name\":\"Vaso AirPot 8L | Coltivazione Canapa | Swiss Herb Original\",\"isPartOf\":{\"@id\":\"https:\/\/swissherboriginal.com\/#website\"},\"primaryImageOfPage\":{\"@id\":\"https:\/\/swissherboriginal.com\/shop\/articoli-da-coltivazione\/vasi-e-sottovasi\/vaso-airpot-8l\/#primaryimage\"},\"image\":{\"@id\":\"https:\/\/swissherboriginal.com\/shop\/articoli-da-coltivazione\/vasi-e-sottovasi\/vaso-airpot-8l\/#primaryimage\"},\"thumbnailUrl\":\"https:\/\/swissherboriginal.com\/wp-content\/uploads\/vaso-airpot-8l-swiss-herb-original.png\",\"datePublished\":\"2023-07-18T12:28:57+00:00\",\"dateModified\":\"2023-11-17T08:44:43+00:00\",\"description\":\"Scopri il Vaso AirPot 8L, strumento innovativo per un apparato radicale forte. Pi\u00f9 ossigeno, nutrienti e crescita rapida. Compra ora!\",\"breadcrumb\":{\"@id\":\"https:\/\/swissherboriginal.com\/shop\/articoli-da-coltivazione\/vasi-e-sottovasi\/vaso-airpot-8l\/#breadcrumb\"},\"inLanguage\":\"en-GB\",\"potentialAction\":[{\"@type\":\"ReadAction\",\"target\":[\"https:\/\/swissherboriginal.com\/shop\/articoli-da-coltivazione\/vasi-e-sottovasi\/vaso-airpot-8l\/\"]}]},{\"@type\":\"ImageObject\",\"inLanguage\":\"en-GB\",\"@id\":\"https:\/\/swissherboriginal.com\/shop\/articoli-da-coltivazione\/vasi-e-sottovasi\/vaso-airpot-8l\/#primaryimage\",\"url\":\"https:\/\/swissherboriginal.com\/wp-content\/uploads\/vaso-airpot-8l-swiss-herb-original.png\",\"contentUrl\":\"https:\/\/swissherboriginal.com\/wp-content\/uploads\/vaso-airpot-8l-swiss-herb-original.png\",\"width\":800,\"height\":800,\"caption\":\"Vaso AirPot 8L\"},{\"@type\":\"BreadcrumbList\",\"@id\":\"https:\/\/swissherboriginal.com\/shop\/articoli-da-coltivazione\/vasi-e-sottovasi\/vaso-airpot-8l\/#breadcrumb\",\"itemListElement\":[{\"@type\":\"ListItem\",\"position\":1,\"name\":\"Home\",\"item\":\"https:\/\/swissherboriginal.com\/\"},{\"@type\":\"ListItem\",\"position\":2,\"name\":\"Negozio Swiss Herb Original\",\"item\":\"https:\/\/swissherboriginal.com\/negozio-swiss-herb-original\/\"},{\"@type\":\"ListItem\",\"position\":3,\"name\":\"Vaso AirPot 8L\"}]},{\"@type\":\"WebSite\",\"@id\":\"https:\/\/swissherboriginal.com\/#website\",\"url\":\"https:\/\/swissherboriginal.com\/\",\"name\":\"Swiss Herb Original\",\"description\":\"\",\"publisher\":{\"@id\":\"https:\/\/swissherboriginal.com\/#organization\"},\"potentialAction\":[{\"@type\":\"SearchAction\",\"target\":{\"@type\":\"EntryPoint\",\"urlTemplate\":\"https:\/\/swissherboriginal.com\/?s={search_term_string}\"},\"query-input\":{\"@type\":\"PropertyValueSpecification\",\"valueRequired\":true,\"valueName\":\"search_term_string\"}}],\"inLanguage\":\"en-GB\"},{\"@type\":\"Organization\",\"@id\":\"https:\/\/swissherboriginal.com\/#organization\",\"name\":\"Swiss Herb Original\",\"url\":\"https:\/\/swissherboriginal.com\/\",\"logo\":{\"@type\":\"ImageObject\",\"inLanguage\":\"en-GB\",\"@id\":\"https:\/\/swissherboriginal.com\/#\/schema\/logo\/image\/\",\"url\":\"https:\/\/swissherboriginal.com\/wp-content\/uploads\/logo-menu-tel-swissherb.png\",\"contentUrl\":\"https:\/\/swissherboriginal.com\/wp-content\/uploads\/logo-menu-tel-swissherb.png\",\"width\":512,\"height\":360,\"caption\":\"Swiss Herb Original\"},\"image\":{\"@id\":\"https:\/\/swissherboriginal.com\/#\/schema\/logo\/image\/\"},\"sameAs\":[\"https:\/\/www.facebook.com\/swissherboriginale\/\",\"https:\/\/www.instagram.com\/swissherb_original\"]}]}<\/script>\n<!-- \/ Yoast SEO Premium plugin. -->","yoast_head_json":{"title":"Vaso AirPot 8L | Coltivazione Canapa | Swiss Herb Original","description":"Scopri il Vaso AirPot 8L, strumento innovativo per un apparato radicale forte. Pi\u00f9 ossigeno, nutrienti e crescita rapida. Compra ora!","robots":{"index":"index","follow":"follow","max-snippet":"max-snippet:-1","max-image-preview":"max-image-preview:large","max-video-preview":"max-video-preview:-1"},"canonical":"https:\/\/swissherboriginal.com\/en\/shop\/cultivation-items\/pots-and-saucers\/vaso-airpot-8l\/","og_locale":"en_GB","og_type":"article","og_title":"Vaso AirPot 8L","og_description":"Scopri il Vaso AirPot 8L, strumento innovativo per un apparato radicale forte. Pi\u00f9 ossigeno, nutrienti e crescita rapida. Compra ora!","og_url":"https:\/\/swissherboriginal.com\/en\/shop\/cultivation-items\/pots-and-saucers\/vaso-airpot-8l\/","og_site_name":"Swiss Herb Original","article_publisher":"https:\/\/www.facebook.com\/swissherboriginale\/","article_modified_time":"2023-11-17T08:44:43+00:00","og_image":[{"width":800,"height":800,"url":"https:\/\/swissherboriginal.com\/wp-content\/uploads\/vaso-airpot-8l-swiss-herb-original.png","type":"image\/png"}],"twitter_card":"summary_large_image","twitter_image":"https:\/\/swissherboriginal.com\/wp-content\/uploads\/vaso-airpot-8l-swiss-herb-original.png","twitter_misc":{"Estimated reading time":"3 minutes"},"schema":{"@context":"https:\/\/schema.org","@graph":[{"@type":"WebPage","@id":"https:\/\/swissherboriginal.com\/shop\/articoli-da-coltivazione\/vasi-e-sottovasi\/vaso-airpot-8l\/","url":"https:\/\/swissherboriginal.com\/shop\/articoli-da-coltivazione\/vasi-e-sottovasi\/vaso-airpot-8l\/","name":"Vaso AirPot 8L | Coltivazione Canapa | Swiss Herb Original","isPartOf":{"@id":"https:\/\/swissherboriginal.com\/#website"},"primaryImageOfPage":{"@id":"https:\/\/swissherboriginal.com\/shop\/articoli-da-coltivazione\/vasi-e-sottovasi\/vaso-airpot-8l\/#primaryimage"},"image":{"@id":"https:\/\/swissherboriginal.com\/shop\/articoli-da-coltivazione\/vasi-e-sottovasi\/vaso-airpot-8l\/#primaryimage"},"thumbnailUrl":"https:\/\/swissherboriginal.com\/wp-content\/uploads\/vaso-airpot-8l-swiss-herb-original.png","datePublished":"2023-07-18T12:28:57+00:00","dateModified":"2023-11-17T08:44:43+00:00","description":"Scopri il Vaso AirPot 8L, strumento innovativo per un apparato radicale forte. Pi\u00f9 ossigeno, nutrienti e crescita rapida. Compra ora!","breadcrumb":{"@id":"https:\/\/swissherboriginal.com\/shop\/articoli-da-coltivazione\/vasi-e-sottovasi\/vaso-airpot-8l\/#breadcrumb"},"inLanguage":"en-GB","potentialAction":[{"@type":"ReadAction","target":["https:\/\/swissherboriginal.com\/shop\/articoli-da-coltivazione\/vasi-e-sottovasi\/vaso-airpot-8l\/"]}]},{"@type":"ImageObject","inLanguage":"en-GB","@id":"https:\/\/swissherboriginal.com\/shop\/articoli-da-coltivazione\/vasi-e-sottovasi\/vaso-airpot-8l\/#primaryimage","url":"https:\/\/swissherboriginal.com\/wp-content\/uploads\/vaso-airpot-8l-swiss-herb-original.png","contentUrl":"https:\/\/swissherboriginal.com\/wp-content\/uploads\/vaso-airpot-8l-swiss-herb-original.png","width":800,"height":800,"caption":"Vaso AirPot 8L"},{"@type":"BreadcrumbList","@id":"https:\/\/swissherboriginal.com\/shop\/articoli-da-coltivazione\/vasi-e-sottovasi\/vaso-airpot-8l\/#breadcrumb","itemListElement":[{"@type":"ListItem","position":1,"name":"Home","item":"https:\/\/swissherboriginal.com\/"},{"@type":"ListItem","position":2,"name":"Negozio Swiss Herb Original","item":"https:\/\/swissherboriginal.com\/negozio-swiss-herb-original\/"},{"@type":"ListItem","position":3,"name":"Vaso AirPot 8L"}]},{"@type":"WebSite","@id":"https:\/\/swissherboriginal.com\/#website","url":"https:\/\/swissherboriginal.com\/","name":"Swiss Herb Original","description":"","publisher":{"@id":"https:\/\/swissherboriginal.com\/#organization"},"potentialAction":[{"@type":"SearchAction","target":{"@type":"EntryPoint","urlTemplate":"https:\/\/swissherboriginal.com\/?s={search_term_string}"},"query-input":{"@type":"PropertyValueSpecification","valueRequired":true,"valueName":"search_term_string"}}],"inLanguage":"en-GB"},{"@type":"Organization","@id":"https:\/\/swissherboriginal.com\/#organization","name":"Swiss Herb Original","url":"https:\/\/swissherboriginal.com\/","logo":{"@type":"ImageObject","inLanguage":"en-GB","@id":"https:\/\/swissherboriginal.com\/#\/schema\/logo\/image\/","url":"https:\/\/swissherboriginal.com\/wp-content\/uploads\/logo-menu-tel-swissherb.png","contentUrl":"https:\/\/swissherboriginal.com\/wp-content\/uploads\/logo-menu-tel-swissherb.png","width":512,"height":360,"caption":"Swiss Herb Original"},"image":{"@id":"https:\/\/swissherboriginal.com\/#\/schema\/logo\/image\/"},"sameAs":["https:\/\/www.facebook.com\/swissherboriginale\/","https:\/\/www.instagram.com\/swissherb_original"]}]}},"_links":{"self":[{"href":"https:\/\/swissherboriginal.com\/en\/wp-json\/wp\/v2\/product\/21522","targetHints":{"allow":["GET"]}}],"collection":[{"href":"https:\/\/swissherboriginal.com\/en\/wp-json\/wp\/v2\/product"}],"about":[{"href":"https:\/\/swissherboriginal.com\/en\/wp-json\/wp\/v2\/types\/product"}],"replies":[{"embeddable":true,"href":"https:\/\/swissherboriginal.com\/en\/wp-json\/wp\/v2\/comments?post=21522"}],"wp:featuredmedia":[{"embeddable":true,"href":"https:\/\/swissherboriginal.com\/en\/wp-json\/wp\/v2\/media\/22180"}],"wp:attachment":[{"href":"https:\/\/swissherboriginal.com\/en\/wp-json\/wp\/v2\/media?parent=21522"}],"wp:term":[{"taxonomy":"product_brand","embeddable":true,"href":"https:\/\/swissherboriginal.com\/en\/wp-json\/wp\/v2\/product_brand?post=21522"},{"taxonomy":"product_cat","embeddable":true,"href":"https:\/\/swissherboriginal.com\/en\/wp-json\/wp\/v2\/product_cat?post=21522"},{"taxonomy":"product_tag","embeddable":true,"href":"https:\/\/swissherboriginal.com\/en\/wp-json\/wp\/v2\/product_tag?post=21522"}],"curies":[{"name":"wp","href":"https:\/\/api.w.org\/{rel}","templated":true}]}}