{"id":22496,"date":"2023-09-28T11:12:43","date_gmt":"2023-09-28T11:12:43","guid":{"rendered":"https:\/\/swissherboriginal.com\/?post_type=product&#038;p=22496"},"modified":"2024-09-09T14:09:57","modified_gmt":"2024-09-09T14:09:57","slug":"biobizz-top-max","status":"publish","type":"product","link":"https:\/\/swissherboriginal.com\/en\/shop\/cultivation-items\/fertilisers\/biobizz-top-max\/","title":{"rendered":"BioBizz Top Max"},"content":{"rendered":"<h2>BioBizz Top Max<\/h2>\n<p>BioBizz Top Max \u00e8 uno stimolatore della fioritura organico al 100% che offre una triplice azione per migliorare la crescita delle piante. La sua formula unica aumenta notevolmente il peso e le dimensioni dei fiori e dei frutti, conferendo anche un piacevole profumo al prodotto finito e agevolando l&#8217;assorbimento dei nutrienti nelle piante.<\/p>\n<p>Questo prodotto \u00e8 particolarmente consigliato per essere utilizzato insieme alle miscele di terriccio BioBizz, che assicurano un ambiente di coltivazione adatto a una crescita sana e rigogliosa delle piante. Utilizzando BioBizz Top Max in combinazione con il fertilizzante biologico BioBizz Bio Bloom, si garantisce alle piante tutti i nutrienti necessari per un&#8217;ottima fioritura.<\/p>\n<p>La principale caratteristica che rende BioBizz Top Max cos\u00ec efficace \u00e8 la sua capacit\u00e0 di agevolare il flusso di nutrienti all&#8217;interno delle piante. Questo \u00e8 possibile grazie all&#8217;utilizzo degli acidi umici, che si sono formati nel corso di milioni di anni dai depositi di terra e di vegetazione. La fonte principale di acidi umici utilizzati in questo fertilizzante BioBizz proviene da un deposito chiamato Leonardite, che rappresenta il materiale con la pi\u00f9 alta concentrazione organica presente sulla Terra. La Leonardite si \u00e8 formata da alberi e vegetazione che sono scomparsi nel periodo del Carbonifero, 300 milioni di anni fa.<\/p>\n<p>Gli acidi fulvici, presenti in BioBizz Top Max, sono responsabili dello sviluppo fiorale sano. Questi acidi derivano da fonti ricche di depositi di umati presenti nelle profondit\u00e0 della terra. Sono dotati di una carica elettrica naturale che attraggono nutrienti e minerali sia dai microrganismi presenti nel terreno che dai fertilizzanti organici utilizzati. Grazie a queste propriet\u00e0, gli acidi fulvici forniscono energia alle cellule invecchiate e stimolano la formazione di nuove cellule.<\/p>\n<p>BioBizz Top Max \u00e8 quindi un prodotto essenziale per tutti i coltivatori che desiderano ottenere fiori e frutti di qualit\u00e0 eccezionale. L&#8217;utilizzo di questo stimolatore organico durante la fase di fioritura garantir\u00e0 un aumento significativo del peso e delle dimensioni dei fiori e un profumo gradevole. Assicura anche una migliore assorbimento dei nutrienti da parte delle piante.<\/p>\n<p>Unendo BioBizz Top Max alla miscele di <a href=\"https:\/\/swissherboriginal.com\/en\/shop\/cultivation-items\/substrates\/biobizz-all-mix\/\">terriccio BioBizz<\/a> e al <a href=\"https:\/\/swissherboriginal.com\/en\/product-category\/cultivation-items\/fertilisers\/\">fertilizzante<\/a> biologico <a href=\"https:\/\/swissherboriginal.com\/en\/shop\/cultivation-items\/fertilisers\/biobizz-bio-bloom\/\">BioBizz Bio Bloom<\/a>, si otterr\u00e0 una coltivazione sana e rigogliosa con risultati sorprendenti. Scopri anche gli altri nostri\u00a0<a href=\"https:\/\/swissherboriginal.com\/en\/product-category\/cultivation-items\/\">prodotti per la coltivazione della cannabis<\/a>!<\/p>","protected":false},"excerpt":{"rendered":"<ul>\n<li>Stimolatore di fioritura<\/li>\n<li>100% organico<\/li>\n<li>Agevola l&#8217;assorbimento dei nutrienti<\/li>\n<li>Aumenta la dimensione e il peso dei fiori<\/li>\n<\/ul>","protected":false},"featured_media":22573,"comment_status":"open","ping_status":"closed","template":"","meta":[],"product_brand":[],"product_cat":[260,261],"product_tag":[108,660,689,318,653,246,321,320],"class_list":{"0":"post-22496","1":"product","2":"type-product","3":"status-publish","4":"has-post-thumbnail","6":"product_cat-articoli-da-coltivazione","7":"product_cat-fertilizzanti","8":"product_tag-biobizz","9":"product_tag-coltivazione-cannabis","10":"product_tag-coltivazione-greenhouse","11":"product_tag-coltivazione-idroponica","12":"product_tag-coltivazione-indoor","13":"product_tag-fertilizzanti-biologici","14":"product_tag-fertilizzanti-organici","15":"product_tag-stimolatore-di-fioritura","17":"first","18":"instock","19":"shipping-taxable","20":"purchasable","21":"product-type-variable"},"yoast_head":"<!-- This site is optimized with the Yoast SEO Premium plugin v22.0 (Yoast SEO v26.3) - https:\/\/yoast.com\/wordpress\/plugins\/seo\/ -->\n<title>BioBizz Top Max | Stimolatore di Fioritura | Swiss Herb Original<\/title>\n<meta name=\"description\" content=\"Massimizza la fioritura con BioBizz Top Max: stimolatore biologico per fiori pi\u00f9 grandi e profumati. Risultati sorprendenti assicurati. Provalo subito!\" \/>\n<meta name=\"robots\" content=\"index, follow, max-snippet:-1, max-image-preview:large, max-video-preview:-1\" \/>\n<link rel=\"canonical\" href=\"https:\/\/swissherboriginal.com\/en\/shop\/cultivation-items\/fertilisers\/biobizz-top-max\/\" \/>\n<meta property=\"og:locale\" content=\"en_GB\" \/>\n<meta property=\"og:type\" content=\"article\" \/>\n<meta property=\"og:title\" content=\"BioBizz Top Max\" \/>\n<meta property=\"og:description\" content=\"Massimizza la fioritura con BioBizz Top Max: stimolatore biologico per fiori pi\u00f9 grandi e profumati. Risultati sorprendenti assicurati. Provalo subito!\" \/>\n<meta property=\"og:url\" content=\"https:\/\/swissherboriginal.com\/en\/shop\/cultivation-items\/fertilisers\/biobizz-top-max\/\" \/>\n<meta property=\"og:site_name\" content=\"Swiss Herb Original\" \/>\n<meta property=\"article:publisher\" content=\"https:\/\/www.facebook.com\/swissherboriginale\/\" \/>\n<meta property=\"article:modified_time\" content=\"2024-09-09T14:09:57+00:00\" \/>\n<meta property=\"og:image\" content=\"https:\/\/swissherboriginal.com\/wp-content\/uploads\/biobizz-top-max-swiss-herb-original.png\" \/>\n\t<meta property=\"og:image:width\" content=\"800\" \/>\n\t<meta property=\"og:image:height\" content=\"800\" \/>\n\t<meta property=\"og:image:type\" content=\"image\/png\" \/>\n<meta name=\"twitter:card\" content=\"summary_large_image\" \/>\n<meta name=\"twitter:image\" content=\"https:\/\/swissherboriginal.com\/wp-content\/uploads\/biobizz-top-max-swiss-herb-original.png\" \/>\n<meta name=\"twitter:label1\" content=\"Estimated reading time\" \/>\n\t<meta name=\"twitter:data1\" content=\"2 minutes\" \/>\n<script type=\"application\/ld+json\" class=\"yoast-schema-graph\">{\"@context\":\"https:\/\/schema.org\",\"@graph\":[{\"@type\":\"WebPage\",\"@id\":\"https:\/\/swissherboriginal.com\/shop\/articoli-da-coltivazione\/fertilizzanti\/biobizz-top-max\/\",\"url\":\"https:\/\/swissherboriginal.com\/shop\/articoli-da-coltivazione\/fertilizzanti\/biobizz-top-max\/\",\"name\":\"BioBizz Top Max | Stimolatore di Fioritura | Swiss Herb Original\",\"isPartOf\":{\"@id\":\"https:\/\/swissherboriginal.com\/#website\"},\"primaryImageOfPage\":{\"@id\":\"https:\/\/swissherboriginal.com\/shop\/articoli-da-coltivazione\/fertilizzanti\/biobizz-top-max\/#primaryimage\"},\"image\":{\"@id\":\"https:\/\/swissherboriginal.com\/shop\/articoli-da-coltivazione\/fertilizzanti\/biobizz-top-max\/#primaryimage\"},\"thumbnailUrl\":\"https:\/\/swissherboriginal.com\/wp-content\/uploads\/biobizz-top-max-swiss-herb-original.png\",\"datePublished\":\"2023-09-28T11:12:43+00:00\",\"dateModified\":\"2024-09-09T14:09:57+00:00\",\"description\":\"Massimizza la fioritura con BioBizz Top Max: stimolatore biologico per fiori pi\u00f9 grandi e profumati. Risultati sorprendenti assicurati. Provalo subito!\",\"breadcrumb\":{\"@id\":\"https:\/\/swissherboriginal.com\/shop\/articoli-da-coltivazione\/fertilizzanti\/biobizz-top-max\/#breadcrumb\"},\"inLanguage\":\"en-GB\",\"potentialAction\":[{\"@type\":\"ReadAction\",\"target\":[\"https:\/\/swissherboriginal.com\/shop\/articoli-da-coltivazione\/fertilizzanti\/biobizz-top-max\/\"]}]},{\"@type\":\"ImageObject\",\"inLanguage\":\"en-GB\",\"@id\":\"https:\/\/swissherboriginal.com\/shop\/articoli-da-coltivazione\/fertilizzanti\/biobizz-top-max\/#primaryimage\",\"url\":\"https:\/\/swissherboriginal.com\/wp-content\/uploads\/biobizz-top-max-swiss-herb-original.png\",\"contentUrl\":\"https:\/\/swissherboriginal.com\/wp-content\/uploads\/biobizz-top-max-swiss-herb-original.png\",\"width\":800,\"height\":800,\"caption\":\"BioBizz Top Max\"},{\"@type\":\"BreadcrumbList\",\"@id\":\"https:\/\/swissherboriginal.com\/shop\/articoli-da-coltivazione\/fertilizzanti\/biobizz-top-max\/#breadcrumb\",\"itemListElement\":[{\"@type\":\"ListItem\",\"position\":1,\"name\":\"Home\",\"item\":\"https:\/\/swissherboriginal.com\/\"},{\"@type\":\"ListItem\",\"position\":2,\"name\":\"Negozio Swiss Herb Original\",\"item\":\"https:\/\/swissherboriginal.com\/negozio-swiss-herb-original\/\"},{\"@type\":\"ListItem\",\"position\":3,\"name\":\"BioBizz Top Max\"}]},{\"@type\":\"WebSite\",\"@id\":\"https:\/\/swissherboriginal.com\/#website\",\"url\":\"https:\/\/swissherboriginal.com\/\",\"name\":\"Swiss Herb Original\",\"description\":\"\",\"publisher\":{\"@id\":\"https:\/\/swissherboriginal.com\/#organization\"},\"potentialAction\":[{\"@type\":\"SearchAction\",\"target\":{\"@type\":\"EntryPoint\",\"urlTemplate\":\"https:\/\/swissherboriginal.com\/?s={search_term_string}\"},\"query-input\":{\"@type\":\"PropertyValueSpecification\",\"valueRequired\":true,\"valueName\":\"search_term_string\"}}],\"inLanguage\":\"en-GB\"},{\"@type\":\"Organization\",\"@id\":\"https:\/\/swissherboriginal.com\/#organization\",\"name\":\"Swiss Herb Original\",\"url\":\"https:\/\/swissherboriginal.com\/\",\"logo\":{\"@type\":\"ImageObject\",\"inLanguage\":\"en-GB\",\"@id\":\"https:\/\/swissherboriginal.com\/#\/schema\/logo\/image\/\",\"url\":\"https:\/\/swissherboriginal.com\/wp-content\/uploads\/logo-menu-tel-swissherb.png\",\"contentUrl\":\"https:\/\/swissherboriginal.com\/wp-content\/uploads\/logo-menu-tel-swissherb.png\",\"width\":512,\"height\":360,\"caption\":\"Swiss Herb Original\"},\"image\":{\"@id\":\"https:\/\/swissherboriginal.com\/#\/schema\/logo\/image\/\"},\"sameAs\":[\"https:\/\/www.facebook.com\/swissherboriginale\/\",\"https:\/\/www.instagram.com\/swissherb_original\"]}]}<\/script>\n<!-- \/ Yoast SEO Premium plugin. -->","yoast_head_json":{"title":"BioBizz Top Max | Stimolatore di Fioritura | Swiss Herb Original","description":"Massimizza la fioritura con BioBizz Top Max: stimolatore biologico per fiori pi\u00f9 grandi e profumati. Risultati sorprendenti assicurati. Provalo subito!","robots":{"index":"index","follow":"follow","max-snippet":"max-snippet:-1","max-image-preview":"max-image-preview:large","max-video-preview":"max-video-preview:-1"},"canonical":"https:\/\/swissherboriginal.com\/en\/shop\/cultivation-items\/fertilisers\/biobizz-top-max\/","og_locale":"en_GB","og_type":"article","og_title":"BioBizz Top Max","og_description":"Massimizza la fioritura con BioBizz Top Max: stimolatore biologico per fiori pi\u00f9 grandi e profumati. Risultati sorprendenti assicurati. Provalo subito!","og_url":"https:\/\/swissherboriginal.com\/en\/shop\/cultivation-items\/fertilisers\/biobizz-top-max\/","og_site_name":"Swiss Herb Original","article_publisher":"https:\/\/www.facebook.com\/swissherboriginale\/","article_modified_time":"2024-09-09T14:09:57+00:00","og_image":[{"width":800,"height":800,"url":"https:\/\/swissherboriginal.com\/wp-content\/uploads\/biobizz-top-max-swiss-herb-original.png","type":"image\/png"}],"twitter_card":"summary_large_image","twitter_image":"https:\/\/swissherboriginal.com\/wp-content\/uploads\/biobizz-top-max-swiss-herb-original.png","twitter_misc":{"Estimated reading time":"2 minutes"},"schema":{"@context":"https:\/\/schema.org","@graph":[{"@type":"WebPage","@id":"https:\/\/swissherboriginal.com\/shop\/articoli-da-coltivazione\/fertilizzanti\/biobizz-top-max\/","url":"https:\/\/swissherboriginal.com\/shop\/articoli-da-coltivazione\/fertilizzanti\/biobizz-top-max\/","name":"BioBizz Top Max | Stimolatore di Fioritura | Swiss Herb Original","isPartOf":{"@id":"https:\/\/swissherboriginal.com\/#website"},"primaryImageOfPage":{"@id":"https:\/\/swissherboriginal.com\/shop\/articoli-da-coltivazione\/fertilizzanti\/biobizz-top-max\/#primaryimage"},"image":{"@id":"https:\/\/swissherboriginal.com\/shop\/articoli-da-coltivazione\/fertilizzanti\/biobizz-top-max\/#primaryimage"},"thumbnailUrl":"https:\/\/swissherboriginal.com\/wp-content\/uploads\/biobizz-top-max-swiss-herb-original.png","datePublished":"2023-09-28T11:12:43+00:00","dateModified":"2024-09-09T14:09:57+00:00","description":"Massimizza la fioritura con BioBizz Top Max: stimolatore biologico per fiori pi\u00f9 grandi e profumati. Risultati sorprendenti assicurati. Provalo subito!","breadcrumb":{"@id":"https:\/\/swissherboriginal.com\/shop\/articoli-da-coltivazione\/fertilizzanti\/biobizz-top-max\/#breadcrumb"},"inLanguage":"en-GB","potentialAction":[{"@type":"ReadAction","target":["https:\/\/swissherboriginal.com\/shop\/articoli-da-coltivazione\/fertilizzanti\/biobizz-top-max\/"]}]},{"@type":"ImageObject","inLanguage":"en-GB","@id":"https:\/\/swissherboriginal.com\/shop\/articoli-da-coltivazione\/fertilizzanti\/biobizz-top-max\/#primaryimage","url":"https:\/\/swissherboriginal.com\/wp-content\/uploads\/biobizz-top-max-swiss-herb-original.png","contentUrl":"https:\/\/swissherboriginal.com\/wp-content\/uploads\/biobizz-top-max-swiss-herb-original.png","width":800,"height":800,"caption":"BioBizz Top Max"},{"@type":"BreadcrumbList","@id":"https:\/\/swissherboriginal.com\/shop\/articoli-da-coltivazione\/fertilizzanti\/biobizz-top-max\/#breadcrumb","itemListElement":[{"@type":"ListItem","position":1,"name":"Home","item":"https:\/\/swissherboriginal.com\/"},{"@type":"ListItem","position":2,"name":"Negozio Swiss Herb Original","item":"https:\/\/swissherboriginal.com\/negozio-swiss-herb-original\/"},{"@type":"ListItem","position":3,"name":"BioBizz Top Max"}]},{"@type":"WebSite","@id":"https:\/\/swissherboriginal.com\/#website","url":"https:\/\/swissherboriginal.com\/","name":"Swiss Herb Original","description":"","publisher":{"@id":"https:\/\/swissherboriginal.com\/#organization"},"potentialAction":[{"@type":"SearchAction","target":{"@type":"EntryPoint","urlTemplate":"https:\/\/swissherboriginal.com\/?s={search_term_string}"},"query-input":{"@type":"PropertyValueSpecification","valueRequired":true,"valueName":"search_term_string"}}],"inLanguage":"en-GB"},{"@type":"Organization","@id":"https:\/\/swissherboriginal.com\/#organization","name":"Swiss Herb Original","url":"https:\/\/swissherboriginal.com\/","logo":{"@type":"ImageObject","inLanguage":"en-GB","@id":"https:\/\/swissherboriginal.com\/#\/schema\/logo\/image\/","url":"https:\/\/swissherboriginal.com\/wp-content\/uploads\/logo-menu-tel-swissherb.png","contentUrl":"https:\/\/swissherboriginal.com\/wp-content\/uploads\/logo-menu-tel-swissherb.png","width":512,"height":360,"caption":"Swiss Herb Original"},"image":{"@id":"https:\/\/swissherboriginal.com\/#\/schema\/logo\/image\/"},"sameAs":["https:\/\/www.facebook.com\/swissherboriginale\/","https:\/\/www.instagram.com\/swissherb_original"]}]}},"_links":{"self":[{"href":"https:\/\/swissherboriginal.com\/en\/wp-json\/wp\/v2\/product\/22496","targetHints":{"allow":["GET"]}}],"collection":[{"href":"https:\/\/swissherboriginal.com\/en\/wp-json\/wp\/v2\/product"}],"about":[{"href":"https:\/\/swissherboriginal.com\/en\/wp-json\/wp\/v2\/types\/product"}],"replies":[{"embeddable":true,"href":"https:\/\/swissherboriginal.com\/en\/wp-json\/wp\/v2\/comments?post=22496"}],"wp:featuredmedia":[{"embeddable":true,"href":"https:\/\/swissherboriginal.com\/en\/wp-json\/wp\/v2\/media\/22573"}],"wp:attachment":[{"href":"https:\/\/swissherboriginal.com\/en\/wp-json\/wp\/v2\/media?parent=22496"}],"wp:term":[{"taxonomy":"product_brand","embeddable":true,"href":"https:\/\/swissherboriginal.com\/en\/wp-json\/wp\/v2\/product_brand?post=22496"},{"taxonomy":"product_cat","embeddable":true,"href":"https:\/\/swissherboriginal.com\/en\/wp-json\/wp\/v2\/product_cat?post=22496"},{"taxonomy":"product_tag","embeddable":true,"href":"https:\/\/swissherboriginal.com\/en\/wp-json\/wp\/v2\/product_tag?post=22496"}],"curies":[{"name":"wp","href":"https:\/\/api.w.org\/{rel}","templated":true}]}}