{"id":343,"date":"2022-12-07T11:46:04","date_gmt":"2022-12-07T11:46:04","guid":{"rendered":"https:\/\/swissherboriginal.com\/?post_type=product&#038;p=343"},"modified":"2023-11-22T12:13:54","modified_gmt":"2023-11-22T12:13:54","slug":"nurturing-face-cream-hemptouch","status":"publish","type":"product","link":"https:\/\/swissherboriginal.com\/en\/shop\/cbd-cosmetics\/cura-del-viso\/nurturing-face-cream-hemptouch\/","title":{"rendered":"Nurturing Face Cream HempTouch"},"content":{"rendered":"<h2>Nurturing Face Cream HempTouch<\/h2>\n<p>Nurturing Face Cream della marca HempTouch \u00e8 un prodotto di bellezza straordinario. Rappresenta un&#8217;opzione eccezionalmente vantaggiosa per tutte le donne che desiderano prendersi cura della propria pelle in modo naturale ed efficace. In particolare, la crema \u00e8 formulata per risultare delicata e non aggressiva nei confronti dell&#8217;epidermide, rendendola adatta anche alle donne con pelle sensibile o problematica.<\/p>\n<p>La sua texture vellutata e non grassa, cos\u00ec come il profumo leggero e delicato, donano una sensazione di estremo comfort sulla pelle. La formula, inoltre, \u00e8 completamente vegan e cruelty-free, il che rappresenta un ulteriore punto di forza del prodotto per chi cerca un&#8217;opzione etica e rispettosa nei confronti degli animali e dell&#8217;ambiente.<\/p>\n<p>La crema Nurturing Face Cream, grazie alla presenza dei principi attivi del CBD, \u00e8 efficace nell&#8217;eliminare i segni del tempo e delle rughe, rendendo la pelle del viso pi\u00f9 levigata e luminosa. Infatti, il CBD \u00e8 un potente antiossidante e oggi gli alimenti arricchiti con questo estratto sono sempre pi\u00f9 diffusi.<\/p>\n<p>La ricerca scientifica sugli effetti del CBD sulla pelle ha dimostrato che questa particolare sostanza \u00e8 in grado di stimolare la produzione naturale di collagene. Il collagene \u00e8 una proteina fondamentale per la salute della pelle. Inoltre, il CBD ha effetti anti-infiammatori, che ne fanno un&#8217;opzione ideale per trattare le pelli acneiche ed irritate.<\/p>\n<p>Infine, la crema Nurturing Face Cream \u00e8 il prodotto ideale per le donne che amano prendersi cura della propria pelle senza dover rinunciare alla propria etica personale. Poich\u00e9 non contiene sostanze di origine animale, sostanze siliconiche aggressivi e altri ingredienti di sintesi o soggetti a forti processi chimici. Grazie ai suoi ingredienti naturali innovativi, la crema Nurturing Face Cream si rivela la scelta giusta per nutrire e idratare profondamente il viso, contrastando efficacemente i segni del tempo e preservando la naturale luminosit\u00e0 della pelle.<\/p>\n<p>Prova anche gli altri <a href=\"https:\/\/swissherboriginal.com\/en\/product-category\/cbd-cosmetics\/\">cosmetici a base di CBD<\/a> della HempTouch per <a href=\"https:\/\/swissherboriginal.com\/en\/product-category\/cbd-cosmetics\/cura-del-viso\/\">facial care<\/a>, come <a href=\"https:\/\/swissherboriginal.com\/en\/shop\/cbd-cosmetics\/cura-del-viso\/moisturizing-bright-essence-hemptouch\/\">la Moisturising Bright Essence<\/a>, un&#8217;essenza illuminante idratante.<\/p>","protected":false},"excerpt":{"rendered":"<ul>\n<li>Crema idratante<\/li>\n<li>Ricca e nutriente<\/li>\n<li>Concentrato di estratto di canapa<\/li>\n<li>Lenisce e reidrata la pelle molto secca<\/li>\n<li>Rinforza la barriera cutanea<\/li>\n<li>Con omega 3, 6 e 9<\/li>\n<li>Rafforza e leviga la pelle<\/li>\n<\/ul>","protected":false},"featured_media":4106,"comment_status":"open","ping_status":"closed","template":"","meta":[],"product_brand":[],"product_cat":[251,254],"product_tag":[197,198,196,301,311,293,101],"class_list":{"0":"post-343","1":"product","2":"type-product","3":"status-publish","4":"has-post-thumbnail","6":"product_cat-cosmetici-cbd","7":"product_cat-cura-del-viso","8":"product_tag-cbd-cosmetici-nutrienti","9":"product_tag-cbd-curativo","10":"product_tag-cosmetici-idratanti-a-base-di-cbd","11":"product_tag-crema-cbd","12":"product_tag-crema-lenitiva-cbd","13":"product_tag-crema-viso-cbd","14":"product_tag-hemptouch","16":"first","17":"instock","18":"shipping-taxable","19":"purchasable","20":"product-type-simple"},"yoast_head":"<!-- This site is optimized with the Yoast SEO Premium plugin v22.0 (Yoast SEO v26.3) - https:\/\/yoast.com\/wordpress\/plugins\/seo\/ -->\n<title>Nurturing Face Cream HempTouch | Swiss Herb Original<\/title>\n<meta name=\"description\" content=\"Nutri e idrata la tua pelle con la Nurturing Face Cream di HempTouch. Formula vegana, cruelty-free, per un viso levigato e luminoso. Provala ora!\" \/>\n<meta name=\"robots\" content=\"index, follow, max-snippet:-1, max-image-preview:large, max-video-preview:-1\" \/>\n<link rel=\"canonical\" href=\"https:\/\/swissherboriginal.com\/en\/shop\/cbd-cosmetics\/cura-del-viso\/nurturing-face-cream-hemptouch\/\" \/>\n<meta property=\"og:locale\" content=\"en_GB\" \/>\n<meta property=\"og:type\" content=\"article\" \/>\n<meta property=\"og:title\" content=\"Nurturing Face Cream HempTouch\" \/>\n<meta property=\"og:description\" content=\"Nutri e idrata la tua pelle con la Nurturing Face Cream di HempTouch. Formula vegana, cruelty-free, per un viso levigato e luminoso. Provala ora!\" \/>\n<meta property=\"og:url\" content=\"https:\/\/swissherboriginal.com\/en\/shop\/cbd-cosmetics\/cura-del-viso\/nurturing-face-cream-hemptouch\/\" \/>\n<meta property=\"og:site_name\" content=\"Swiss Herb Original\" \/>\n<meta property=\"article:publisher\" content=\"https:\/\/www.facebook.com\/swissherboriginale\/\" \/>\n<meta property=\"article:modified_time\" content=\"2023-11-22T12:13:54+00:00\" \/>\n<meta property=\"og:image\" content=\"https:\/\/swissherboriginal.com\/wp-content\/uploads\/nurturing-face-cream-hemptouch-swiss-herb-original.png\" \/>\n\t<meta property=\"og:image:width\" content=\"800\" \/>\n\t<meta property=\"og:image:height\" content=\"800\" \/>\n\t<meta property=\"og:image:type\" content=\"image\/png\" \/>\n<meta name=\"twitter:card\" content=\"summary_large_image\" \/>\n<meta name=\"twitter:image\" content=\"https:\/\/swissherboriginal.com\/wp-content\/uploads\/nurturing-face-cream-hemptouch-swiss-herb-original.png\" \/>\n<meta name=\"twitter:label1\" content=\"Estimated reading time\" \/>\n\t<meta name=\"twitter:data1\" content=\"2 minutes\" \/>\n<script type=\"application\/ld+json\" class=\"yoast-schema-graph\">{\"@context\":\"https:\/\/schema.org\",\"@graph\":[{\"@type\":\"WebPage\",\"@id\":\"https:\/\/swissherboriginal.com\/shop\/cosmetici-cbd\/cura-del-viso\/nurturing-face-cream-hemptouch\/\",\"url\":\"https:\/\/swissherboriginal.com\/shop\/cosmetici-cbd\/cura-del-viso\/nurturing-face-cream-hemptouch\/\",\"name\":\"Nurturing Face Cream HempTouch | Swiss Herb Original\",\"isPartOf\":{\"@id\":\"https:\/\/swissherboriginal.com\/#website\"},\"primaryImageOfPage\":{\"@id\":\"https:\/\/swissherboriginal.com\/shop\/cosmetici-cbd\/cura-del-viso\/nurturing-face-cream-hemptouch\/#primaryimage\"},\"image\":{\"@id\":\"https:\/\/swissherboriginal.com\/shop\/cosmetici-cbd\/cura-del-viso\/nurturing-face-cream-hemptouch\/#primaryimage\"},\"thumbnailUrl\":\"https:\/\/swissherboriginal.com\/wp-content\/uploads\/nurturing-face-cream-hemptouch-swiss-herb-original.png\",\"datePublished\":\"2022-12-07T11:46:04+00:00\",\"dateModified\":\"2023-11-22T12:13:54+00:00\",\"description\":\"Nutri e idrata la tua pelle con la Nurturing Face Cream di HempTouch. Formula vegana, cruelty-free, per un viso levigato e luminoso. Provala ora!\",\"breadcrumb\":{\"@id\":\"https:\/\/swissherboriginal.com\/shop\/cosmetici-cbd\/cura-del-viso\/nurturing-face-cream-hemptouch\/#breadcrumb\"},\"inLanguage\":\"en-GB\",\"potentialAction\":[{\"@type\":\"ReadAction\",\"target\":[\"https:\/\/swissherboriginal.com\/shop\/cosmetici-cbd\/cura-del-viso\/nurturing-face-cream-hemptouch\/\"]}]},{\"@type\":\"ImageObject\",\"inLanguage\":\"en-GB\",\"@id\":\"https:\/\/swissherboriginal.com\/shop\/cosmetici-cbd\/cura-del-viso\/nurturing-face-cream-hemptouch\/#primaryimage\",\"url\":\"https:\/\/swissherboriginal.com\/wp-content\/uploads\/nurturing-face-cream-hemptouch-swiss-herb-original.png\",\"contentUrl\":\"https:\/\/swissherboriginal.com\/wp-content\/uploads\/nurturing-face-cream-hemptouch-swiss-herb-original.png\",\"width\":800,\"height\":800,\"caption\":\"Nurturing Face Cream HempTouch\"},{\"@type\":\"BreadcrumbList\",\"@id\":\"https:\/\/swissherboriginal.com\/shop\/cosmetici-cbd\/cura-del-viso\/nurturing-face-cream-hemptouch\/#breadcrumb\",\"itemListElement\":[{\"@type\":\"ListItem\",\"position\":1,\"name\":\"Home\",\"item\":\"https:\/\/swissherboriginal.com\/\"},{\"@type\":\"ListItem\",\"position\":2,\"name\":\"Negozio Swiss Herb Original\",\"item\":\"https:\/\/swissherboriginal.com\/negozio-swiss-herb-original\/\"},{\"@type\":\"ListItem\",\"position\":3,\"name\":\"Nurturing Face Cream HempTouch\"}]},{\"@type\":\"WebSite\",\"@id\":\"https:\/\/swissherboriginal.com\/#website\",\"url\":\"https:\/\/swissherboriginal.com\/\",\"name\":\"Swiss Herb Original\",\"description\":\"\",\"publisher\":{\"@id\":\"https:\/\/swissherboriginal.com\/#organization\"},\"potentialAction\":[{\"@type\":\"SearchAction\",\"target\":{\"@type\":\"EntryPoint\",\"urlTemplate\":\"https:\/\/swissherboriginal.com\/?s={search_term_string}\"},\"query-input\":{\"@type\":\"PropertyValueSpecification\",\"valueRequired\":true,\"valueName\":\"search_term_string\"}}],\"inLanguage\":\"en-GB\"},{\"@type\":\"Organization\",\"@id\":\"https:\/\/swissherboriginal.com\/#organization\",\"name\":\"Swiss Herb Original\",\"url\":\"https:\/\/swissherboriginal.com\/\",\"logo\":{\"@type\":\"ImageObject\",\"inLanguage\":\"en-GB\",\"@id\":\"https:\/\/swissherboriginal.com\/#\/schema\/logo\/image\/\",\"url\":\"https:\/\/swissherboriginal.com\/wp-content\/uploads\/logo-menu-tel-swissherb.png\",\"contentUrl\":\"https:\/\/swissherboriginal.com\/wp-content\/uploads\/logo-menu-tel-swissherb.png\",\"width\":512,\"height\":360,\"caption\":\"Swiss Herb Original\"},\"image\":{\"@id\":\"https:\/\/swissherboriginal.com\/#\/schema\/logo\/image\/\"},\"sameAs\":[\"https:\/\/www.facebook.com\/swissherboriginale\/\",\"https:\/\/www.instagram.com\/swissherb_original\"]}]}<\/script>\n<!-- \/ Yoast SEO Premium plugin. -->","yoast_head_json":{"title":"Nurturing Face Cream HempTouch | Swiss Herb Original","description":"Nutri e idrata la tua pelle con la Nurturing Face Cream di HempTouch. Formula vegana, cruelty-free, per un viso levigato e luminoso. Provala ora!","robots":{"index":"index","follow":"follow","max-snippet":"max-snippet:-1","max-image-preview":"max-image-preview:large","max-video-preview":"max-video-preview:-1"},"canonical":"https:\/\/swissherboriginal.com\/en\/shop\/cbd-cosmetics\/cura-del-viso\/nurturing-face-cream-hemptouch\/","og_locale":"en_GB","og_type":"article","og_title":"Nurturing Face Cream HempTouch","og_description":"Nutri e idrata la tua pelle con la Nurturing Face Cream di HempTouch. Formula vegana, cruelty-free, per un viso levigato e luminoso. Provala ora!","og_url":"https:\/\/swissherboriginal.com\/en\/shop\/cbd-cosmetics\/cura-del-viso\/nurturing-face-cream-hemptouch\/","og_site_name":"Swiss Herb Original","article_publisher":"https:\/\/www.facebook.com\/swissherboriginale\/","article_modified_time":"2023-11-22T12:13:54+00:00","og_image":[{"width":800,"height":800,"url":"https:\/\/swissherboriginal.com\/wp-content\/uploads\/nurturing-face-cream-hemptouch-swiss-herb-original.png","type":"image\/png"}],"twitter_card":"summary_large_image","twitter_image":"https:\/\/swissherboriginal.com\/wp-content\/uploads\/nurturing-face-cream-hemptouch-swiss-herb-original.png","twitter_misc":{"Estimated reading time":"2 minutes"},"schema":{"@context":"https:\/\/schema.org","@graph":[{"@type":"WebPage","@id":"https:\/\/swissherboriginal.com\/shop\/cosmetici-cbd\/cura-del-viso\/nurturing-face-cream-hemptouch\/","url":"https:\/\/swissherboriginal.com\/shop\/cosmetici-cbd\/cura-del-viso\/nurturing-face-cream-hemptouch\/","name":"Nurturing Face Cream HempTouch | Swiss Herb Original","isPartOf":{"@id":"https:\/\/swissherboriginal.com\/#website"},"primaryImageOfPage":{"@id":"https:\/\/swissherboriginal.com\/shop\/cosmetici-cbd\/cura-del-viso\/nurturing-face-cream-hemptouch\/#primaryimage"},"image":{"@id":"https:\/\/swissherboriginal.com\/shop\/cosmetici-cbd\/cura-del-viso\/nurturing-face-cream-hemptouch\/#primaryimage"},"thumbnailUrl":"https:\/\/swissherboriginal.com\/wp-content\/uploads\/nurturing-face-cream-hemptouch-swiss-herb-original.png","datePublished":"2022-12-07T11:46:04+00:00","dateModified":"2023-11-22T12:13:54+00:00","description":"Nutri e idrata la tua pelle con la Nurturing Face Cream di HempTouch. Formula vegana, cruelty-free, per un viso levigato e luminoso. Provala ora!","breadcrumb":{"@id":"https:\/\/swissherboriginal.com\/shop\/cosmetici-cbd\/cura-del-viso\/nurturing-face-cream-hemptouch\/#breadcrumb"},"inLanguage":"en-GB","potentialAction":[{"@type":"ReadAction","target":["https:\/\/swissherboriginal.com\/shop\/cosmetici-cbd\/cura-del-viso\/nurturing-face-cream-hemptouch\/"]}]},{"@type":"ImageObject","inLanguage":"en-GB","@id":"https:\/\/swissherboriginal.com\/shop\/cosmetici-cbd\/cura-del-viso\/nurturing-face-cream-hemptouch\/#primaryimage","url":"https:\/\/swissherboriginal.com\/wp-content\/uploads\/nurturing-face-cream-hemptouch-swiss-herb-original.png","contentUrl":"https:\/\/swissherboriginal.com\/wp-content\/uploads\/nurturing-face-cream-hemptouch-swiss-herb-original.png","width":800,"height":800,"caption":"Nurturing Face Cream HempTouch"},{"@type":"BreadcrumbList","@id":"https:\/\/swissherboriginal.com\/shop\/cosmetici-cbd\/cura-del-viso\/nurturing-face-cream-hemptouch\/#breadcrumb","itemListElement":[{"@type":"ListItem","position":1,"name":"Home","item":"https:\/\/swissherboriginal.com\/"},{"@type":"ListItem","position":2,"name":"Negozio Swiss Herb Original","item":"https:\/\/swissherboriginal.com\/negozio-swiss-herb-original\/"},{"@type":"ListItem","position":3,"name":"Nurturing Face Cream HempTouch"}]},{"@type":"WebSite","@id":"https:\/\/swissherboriginal.com\/#website","url":"https:\/\/swissherboriginal.com\/","name":"Swiss Herb Original","description":"","publisher":{"@id":"https:\/\/swissherboriginal.com\/#organization"},"potentialAction":[{"@type":"SearchAction","target":{"@type":"EntryPoint","urlTemplate":"https:\/\/swissherboriginal.com\/?s={search_term_string}"},"query-input":{"@type":"PropertyValueSpecification","valueRequired":true,"valueName":"search_term_string"}}],"inLanguage":"en-GB"},{"@type":"Organization","@id":"https:\/\/swissherboriginal.com\/#organization","name":"Swiss Herb Original","url":"https:\/\/swissherboriginal.com\/","logo":{"@type":"ImageObject","inLanguage":"en-GB","@id":"https:\/\/swissherboriginal.com\/#\/schema\/logo\/image\/","url":"https:\/\/swissherboriginal.com\/wp-content\/uploads\/logo-menu-tel-swissherb.png","contentUrl":"https:\/\/swissherboriginal.com\/wp-content\/uploads\/logo-menu-tel-swissherb.png","width":512,"height":360,"caption":"Swiss Herb Original"},"image":{"@id":"https:\/\/swissherboriginal.com\/#\/schema\/logo\/image\/"},"sameAs":["https:\/\/www.facebook.com\/swissherboriginale\/","https:\/\/www.instagram.com\/swissherb_original"]}]}},"_links":{"self":[{"href":"https:\/\/swissherboriginal.com\/en\/wp-json\/wp\/v2\/product\/343","targetHints":{"allow":["GET"]}}],"collection":[{"href":"https:\/\/swissherboriginal.com\/en\/wp-json\/wp\/v2\/product"}],"about":[{"href":"https:\/\/swissherboriginal.com\/en\/wp-json\/wp\/v2\/types\/product"}],"replies":[{"embeddable":true,"href":"https:\/\/swissherboriginal.com\/en\/wp-json\/wp\/v2\/comments?post=343"}],"wp:featuredmedia":[{"embeddable":true,"href":"https:\/\/swissherboriginal.com\/en\/wp-json\/wp\/v2\/media\/4106"}],"wp:attachment":[{"href":"https:\/\/swissherboriginal.com\/en\/wp-json\/wp\/v2\/media?parent=343"}],"wp:term":[{"taxonomy":"product_brand","embeddable":true,"href":"https:\/\/swissherboriginal.com\/en\/wp-json\/wp\/v2\/product_brand?post=343"},{"taxonomy":"product_cat","embeddable":true,"href":"https:\/\/swissherboriginal.com\/en\/wp-json\/wp\/v2\/product_cat?post=343"},{"taxonomy":"product_tag","embeddable":true,"href":"https:\/\/swissherboriginal.com\/en\/wp-json\/wp\/v2\/product_tag?post=343"}],"curies":[{"name":"wp","href":"https:\/\/api.w.org\/{rel}","templated":true}]}}