{"id":352,"date":"2022-12-07T12:06:40","date_gmt":"2022-12-07T12:06:40","guid":{"rendered":"https:\/\/swissherboriginal.com\/?post_type=product&#038;p=352"},"modified":"2025-04-19T20:03:58","modified_gmt":"2025-04-19T20:03:58","slug":"toothpaste-cbd-elixir","status":"publish","type":"product","link":"https:\/\/swissherboriginal.com\/en\/shop\/cbd-cosmetics\/toothpaste-cbd-elixir\/","title":{"rendered":"Toothpaste CBD Elixir"},"content":{"rendered":"<h2>Toothpaste CBD Elixir<\/h2>\n<p>Il Toothpaste CBD Elixir \u00e8 un dentifricio unico nel suo genere, grazie alla sua formula innovativa che combina gli eccellenti benefici del cannabidiolo (CBD) con quelli degli ingredienti ad alta qualit\u00e0 noti per la loro capacit\u00e0 di purificare e proteggere i denti e le gengive.<\/p>\n<p>Il cannabidiolo \u00e8 una sostanza estratta dalla pianta di cannabis con propriet\u00e0 antinfiammatorie, analgesiche, antiossidanti e antispasmodiche. Noto per promuovere il benessere generale del corpo, oltre a svolgere un&#8217;attivit\u00e0 antibatterica che contrasta il proliferare di microbi patogeni in bocca.<\/p>\n<p>Il Toothpaste CBD Elixir \u00e8 quindi un prodotto completamente naturale, senza ingredienti di sintesi e senza fluoro. Allo stesso tempo non unisce all&#8217;attivit\u00e0 del CBD la tossicit\u00e0 del THC, ovvero il principale componente psicoattivo della cannabis.<\/p>\n<p>Tra gli altri ingredienti dell&#8217;Elixir Toothpaste CBD si citano il bicarbonato di sodio e la silice idratata. Il bicarbonato di sodio agisce come un ottimo abrasivo naturale per rimuovere le macchie e la placca dai denti. La silice idratata contribuisce ad eliminare i batteri presenti nella bocca, garantendo un&#8217;azione antibatterica ancora pi\u00f9 potente.<\/p>\n<p>L&#8217;olio di menta piperita presente in questa formula contribuisce ad un effetto rinfrescante e lenitivo che rende freschi e puliti i denti e le gengive, mentre l&#8217;olio di semi di carrube idrata e protegge la mucosa orale.<\/p>\n<p>Questo dentifricio CBD \u00e8 disponibile in un pratico tubetto in grado di erogare con facilit\u00e0 la giusta quantit\u00e0 di prodotto.<\/p>\n<p>Il suo utilizzo regolare in abbinamento ad una corretta igiene orale e ad una dieta equilibrata e sana, pu\u00f2 ridurre la carie, migliorare la salute delle gengive e ridurre l&#8217;infiammazione, acquisendo una bocca sana e un sorriso luminoso.<\/p>\n<p>In sintesi, l&#8217;Elixir Toothpaste CBD rappresenta una nuova frontiera nel campo dell&#8217;igiene orale, grazie alla sua formula esclusiva, completamente naturale e in grado di offrire numerosi benefici all&#8217;organismo in generale, valorizzando al 100% la potencialit\u00e0 del CBD e l&#8217;importanza dell&#8217;igiene orale per garantire una salute a tutto tondo.<\/p>\n<p>Dai un&#8217;occhiata anche agli altri <a href=\"https:\/\/swissherboriginal.com\/en\/product-category\/cbd-cosmetics\/\">cosmetici a base di CBD<\/a> e prova <a href=\"https:\/\/swissherboriginal.com\/en\/shop\/hemp-foods-and-supplements\/cibo-alla-canapa\/cbd-gomme-da-masticare-medicbd\/\">le Gomme da Masticare con CBD di MediCBD<\/a>!<\/p>","protected":false},"excerpt":{"rendered":"<ul>\n<li>Dentifricio al CBD<\/li>\n<li>Ingredienti ad alta qualit\u00e0<\/li>\n<li>Protegge denti e gengive<\/li>\n<li>Prodotto completamente naturale<\/li>\n<li>Con bicarbonato di sodio<\/li>\n<\/ul>","protected":false},"featured_media":4070,"comment_status":"open","ping_status":"closed","template":"","meta":[],"product_brand":[],"product_cat":[251],"product_tag":[173,299,100],"class_list":{"0":"post-352","1":"product","2":"type-product","3":"status-publish","4":"has-post-thumbnail","6":"product_cat-cosmetici-cbd","7":"product_tag-cosmo-hemps","8":"product_tag-dentifricio-cbd","9":"product_tag-pharmahemp","11":"first","12":"instock","13":"sale","14":"shipping-taxable","15":"purchasable","16":"product-type-simple"},"yoast_head":"<!-- This site is optimized with the Yoast SEO Premium plugin v22.0 (Yoast SEO v26.3) - https:\/\/yoast.com\/wordpress\/plugins\/seo\/ -->\n<title>Toothpaste CBD Elixir | Swiss Herb Original<\/title>\n<meta name=\"description\" content=\"Per un sorriso radioso, scegli Toothpaste CBD Elixir. Unisce le propriet\u00e0 del CBD all&#039;igiene orale. Provalo per denti sani e gengive protette. Compra ora!\" \/>\n<meta name=\"robots\" content=\"index, follow, max-snippet:-1, max-image-preview:large, max-video-preview:-1\" \/>\n<link rel=\"canonical\" href=\"https:\/\/swissherboriginal.com\/en\/shop\/cbd-cosmetics\/toothpaste-cbd-elixir\/\" \/>\n<meta property=\"og:locale\" content=\"en_GB\" \/>\n<meta property=\"og:type\" content=\"article\" \/>\n<meta property=\"og:title\" content=\"Toothpaste CBD Elixir\" \/>\n<meta property=\"og:description\" content=\"Per un sorriso radioso, scegli Toothpaste CBD Elixir. Unisce le propriet\u00e0 del CBD all&#039;igiene orale. Provalo per denti sani e gengive protette. Compra ora!\" \/>\n<meta property=\"og:url\" content=\"https:\/\/swissherboriginal.com\/en\/shop\/cbd-cosmetics\/toothpaste-cbd-elixir\/\" \/>\n<meta property=\"og:site_name\" content=\"Swiss Herb Original\" \/>\n<meta property=\"article:publisher\" content=\"https:\/\/www.facebook.com\/swissherboriginale\/\" \/>\n<meta property=\"article:modified_time\" content=\"2025-04-19T20:03:58+00:00\" \/>\n<meta property=\"og:image\" content=\"https:\/\/swissherboriginal.com\/wp-content\/uploads\/cbd-elixir-toothpaste-swiss-herb-original.png\" \/>\n\t<meta property=\"og:image:width\" content=\"800\" \/>\n\t<meta property=\"og:image:height\" content=\"800\" \/>\n\t<meta property=\"og:image:type\" content=\"image\/png\" \/>\n<meta name=\"twitter:card\" content=\"summary_large_image\" \/>\n<meta name=\"twitter:image\" content=\"https:\/\/swissherboriginal.com\/wp-content\/uploads\/cbd-elixir-toothpaste-swiss-herb-original.png\" \/>\n<meta name=\"twitter:label1\" content=\"Estimated reading time\" \/>\n\t<meta name=\"twitter:data1\" content=\"2 minutes\" \/>\n<script type=\"application\/ld+json\" class=\"yoast-schema-graph\">{\"@context\":\"https:\/\/schema.org\",\"@graph\":[{\"@type\":\"WebPage\",\"@id\":\"https:\/\/swissherboriginal.com\/shop\/cosmetici-cbd\/toothpaste-cbd-elixir\/\",\"url\":\"https:\/\/swissherboriginal.com\/shop\/cosmetici-cbd\/toothpaste-cbd-elixir\/\",\"name\":\"Toothpaste CBD Elixir | Swiss Herb Original\",\"isPartOf\":{\"@id\":\"https:\/\/swissherboriginal.com\/#website\"},\"primaryImageOfPage\":{\"@id\":\"https:\/\/swissherboriginal.com\/shop\/cosmetici-cbd\/toothpaste-cbd-elixir\/#primaryimage\"},\"image\":{\"@id\":\"https:\/\/swissherboriginal.com\/shop\/cosmetici-cbd\/toothpaste-cbd-elixir\/#primaryimage\"},\"thumbnailUrl\":\"https:\/\/swissherboriginal.com\/wp-content\/uploads\/cbd-elixir-toothpaste-swiss-herb-original.png\",\"datePublished\":\"2022-12-07T12:06:40+00:00\",\"dateModified\":\"2025-04-19T20:03:58+00:00\",\"description\":\"Per un sorriso radioso, scegli Toothpaste CBD Elixir. Unisce le propriet\u00e0 del CBD all'igiene orale. Provalo per denti sani e gengive protette. Compra ora!\",\"breadcrumb\":{\"@id\":\"https:\/\/swissherboriginal.com\/shop\/cosmetici-cbd\/toothpaste-cbd-elixir\/#breadcrumb\"},\"inLanguage\":\"en-GB\",\"potentialAction\":[{\"@type\":\"ReadAction\",\"target\":[\"https:\/\/swissherboriginal.com\/shop\/cosmetici-cbd\/toothpaste-cbd-elixir\/\"]}]},{\"@type\":\"ImageObject\",\"inLanguage\":\"en-GB\",\"@id\":\"https:\/\/swissherboriginal.com\/shop\/cosmetici-cbd\/toothpaste-cbd-elixir\/#primaryimage\",\"url\":\"https:\/\/swissherboriginal.com\/wp-content\/uploads\/cbd-elixir-toothpaste-swiss-herb-original.png\",\"contentUrl\":\"https:\/\/swissherboriginal.com\/wp-content\/uploads\/cbd-elixir-toothpaste-swiss-herb-original.png\",\"width\":800,\"height\":800,\"caption\":\"Toothpaste CBD Elixir\"},{\"@type\":\"BreadcrumbList\",\"@id\":\"https:\/\/swissherboriginal.com\/shop\/cosmetici-cbd\/toothpaste-cbd-elixir\/#breadcrumb\",\"itemListElement\":[{\"@type\":\"ListItem\",\"position\":1,\"name\":\"Home\",\"item\":\"https:\/\/swissherboriginal.com\/\"},{\"@type\":\"ListItem\",\"position\":2,\"name\":\"Negozio Swiss Herb Original\",\"item\":\"https:\/\/swissherboriginal.com\/negozio-swiss-herb-original\/\"},{\"@type\":\"ListItem\",\"position\":3,\"name\":\"Toothpaste CBD Elixir\"}]},{\"@type\":\"WebSite\",\"@id\":\"https:\/\/swissherboriginal.com\/#website\",\"url\":\"https:\/\/swissherboriginal.com\/\",\"name\":\"Swiss Herb Original\",\"description\":\"\",\"publisher\":{\"@id\":\"https:\/\/swissherboriginal.com\/#organization\"},\"potentialAction\":[{\"@type\":\"SearchAction\",\"target\":{\"@type\":\"EntryPoint\",\"urlTemplate\":\"https:\/\/swissherboriginal.com\/?s={search_term_string}\"},\"query-input\":{\"@type\":\"PropertyValueSpecification\",\"valueRequired\":true,\"valueName\":\"search_term_string\"}}],\"inLanguage\":\"en-GB\"},{\"@type\":\"Organization\",\"@id\":\"https:\/\/swissherboriginal.com\/#organization\",\"name\":\"Swiss Herb Original\",\"url\":\"https:\/\/swissherboriginal.com\/\",\"logo\":{\"@type\":\"ImageObject\",\"inLanguage\":\"en-GB\",\"@id\":\"https:\/\/swissherboriginal.com\/#\/schema\/logo\/image\/\",\"url\":\"https:\/\/swissherboriginal.com\/wp-content\/uploads\/logo-menu-tel-swissherb.png\",\"contentUrl\":\"https:\/\/swissherboriginal.com\/wp-content\/uploads\/logo-menu-tel-swissherb.png\",\"width\":512,\"height\":360,\"caption\":\"Swiss Herb Original\"},\"image\":{\"@id\":\"https:\/\/swissherboriginal.com\/#\/schema\/logo\/image\/\"},\"sameAs\":[\"https:\/\/www.facebook.com\/swissherboriginale\/\",\"https:\/\/www.instagram.com\/swissherb_original\"]}]}<\/script>\n<!-- \/ Yoast SEO Premium plugin. -->","yoast_head_json":{"title":"Toothpaste CBD Elixir | Swiss Herb Original","description":"Per un sorriso radioso, scegli Toothpaste CBD Elixir. Unisce le propriet\u00e0 del CBD all'igiene orale. Provalo per denti sani e gengive protette. Compra ora!","robots":{"index":"index","follow":"follow","max-snippet":"max-snippet:-1","max-image-preview":"max-image-preview:large","max-video-preview":"max-video-preview:-1"},"canonical":"https:\/\/swissherboriginal.com\/en\/shop\/cbd-cosmetics\/toothpaste-cbd-elixir\/","og_locale":"en_GB","og_type":"article","og_title":"Toothpaste CBD Elixir","og_description":"Per un sorriso radioso, scegli Toothpaste CBD Elixir. Unisce le propriet\u00e0 del CBD all'igiene orale. Provalo per denti sani e gengive protette. Compra ora!","og_url":"https:\/\/swissherboriginal.com\/en\/shop\/cbd-cosmetics\/toothpaste-cbd-elixir\/","og_site_name":"Swiss Herb Original","article_publisher":"https:\/\/www.facebook.com\/swissherboriginale\/","article_modified_time":"2025-04-19T20:03:58+00:00","og_image":[{"width":800,"height":800,"url":"https:\/\/swissherboriginal.com\/wp-content\/uploads\/cbd-elixir-toothpaste-swiss-herb-original.png","type":"image\/png"}],"twitter_card":"summary_large_image","twitter_image":"https:\/\/swissherboriginal.com\/wp-content\/uploads\/cbd-elixir-toothpaste-swiss-herb-original.png","twitter_misc":{"Estimated reading time":"2 minutes"},"schema":{"@context":"https:\/\/schema.org","@graph":[{"@type":"WebPage","@id":"https:\/\/swissherboriginal.com\/shop\/cosmetici-cbd\/toothpaste-cbd-elixir\/","url":"https:\/\/swissherboriginal.com\/shop\/cosmetici-cbd\/toothpaste-cbd-elixir\/","name":"Toothpaste CBD Elixir | Swiss Herb Original","isPartOf":{"@id":"https:\/\/swissherboriginal.com\/#website"},"primaryImageOfPage":{"@id":"https:\/\/swissherboriginal.com\/shop\/cosmetici-cbd\/toothpaste-cbd-elixir\/#primaryimage"},"image":{"@id":"https:\/\/swissherboriginal.com\/shop\/cosmetici-cbd\/toothpaste-cbd-elixir\/#primaryimage"},"thumbnailUrl":"https:\/\/swissherboriginal.com\/wp-content\/uploads\/cbd-elixir-toothpaste-swiss-herb-original.png","datePublished":"2022-12-07T12:06:40+00:00","dateModified":"2025-04-19T20:03:58+00:00","description":"Per un sorriso radioso, scegli Toothpaste CBD Elixir. Unisce le propriet\u00e0 del CBD all'igiene orale. Provalo per denti sani e gengive protette. Compra ora!","breadcrumb":{"@id":"https:\/\/swissherboriginal.com\/shop\/cosmetici-cbd\/toothpaste-cbd-elixir\/#breadcrumb"},"inLanguage":"en-GB","potentialAction":[{"@type":"ReadAction","target":["https:\/\/swissherboriginal.com\/shop\/cosmetici-cbd\/toothpaste-cbd-elixir\/"]}]},{"@type":"ImageObject","inLanguage":"en-GB","@id":"https:\/\/swissherboriginal.com\/shop\/cosmetici-cbd\/toothpaste-cbd-elixir\/#primaryimage","url":"https:\/\/swissherboriginal.com\/wp-content\/uploads\/cbd-elixir-toothpaste-swiss-herb-original.png","contentUrl":"https:\/\/swissherboriginal.com\/wp-content\/uploads\/cbd-elixir-toothpaste-swiss-herb-original.png","width":800,"height":800,"caption":"Toothpaste CBD Elixir"},{"@type":"BreadcrumbList","@id":"https:\/\/swissherboriginal.com\/shop\/cosmetici-cbd\/toothpaste-cbd-elixir\/#breadcrumb","itemListElement":[{"@type":"ListItem","position":1,"name":"Home","item":"https:\/\/swissherboriginal.com\/"},{"@type":"ListItem","position":2,"name":"Negozio Swiss Herb Original","item":"https:\/\/swissherboriginal.com\/negozio-swiss-herb-original\/"},{"@type":"ListItem","position":3,"name":"Toothpaste CBD Elixir"}]},{"@type":"WebSite","@id":"https:\/\/swissherboriginal.com\/#website","url":"https:\/\/swissherboriginal.com\/","name":"Swiss Herb Original","description":"","publisher":{"@id":"https:\/\/swissherboriginal.com\/#organization"},"potentialAction":[{"@type":"SearchAction","target":{"@type":"EntryPoint","urlTemplate":"https:\/\/swissherboriginal.com\/?s={search_term_string}"},"query-input":{"@type":"PropertyValueSpecification","valueRequired":true,"valueName":"search_term_string"}}],"inLanguage":"en-GB"},{"@type":"Organization","@id":"https:\/\/swissherboriginal.com\/#organization","name":"Swiss Herb Original","url":"https:\/\/swissherboriginal.com\/","logo":{"@type":"ImageObject","inLanguage":"en-GB","@id":"https:\/\/swissherboriginal.com\/#\/schema\/logo\/image\/","url":"https:\/\/swissherboriginal.com\/wp-content\/uploads\/logo-menu-tel-swissherb.png","contentUrl":"https:\/\/swissherboriginal.com\/wp-content\/uploads\/logo-menu-tel-swissherb.png","width":512,"height":360,"caption":"Swiss Herb Original"},"image":{"@id":"https:\/\/swissherboriginal.com\/#\/schema\/logo\/image\/"},"sameAs":["https:\/\/www.facebook.com\/swissherboriginale\/","https:\/\/www.instagram.com\/swissherb_original"]}]}},"_links":{"self":[{"href":"https:\/\/swissherboriginal.com\/en\/wp-json\/wp\/v2\/product\/352","targetHints":{"allow":["GET"]}}],"collection":[{"href":"https:\/\/swissherboriginal.com\/en\/wp-json\/wp\/v2\/product"}],"about":[{"href":"https:\/\/swissherboriginal.com\/en\/wp-json\/wp\/v2\/types\/product"}],"replies":[{"embeddable":true,"href":"https:\/\/swissherboriginal.com\/en\/wp-json\/wp\/v2\/comments?post=352"}],"wp:featuredmedia":[{"embeddable":true,"href":"https:\/\/swissherboriginal.com\/en\/wp-json\/wp\/v2\/media\/4070"}],"wp:attachment":[{"href":"https:\/\/swissherboriginal.com\/en\/wp-json\/wp\/v2\/media?parent=352"}],"wp:term":[{"taxonomy":"product_brand","embeddable":true,"href":"https:\/\/swissherboriginal.com\/en\/wp-json\/wp\/v2\/product_brand?post=352"},{"taxonomy":"product_cat","embeddable":true,"href":"https:\/\/swissherboriginal.com\/en\/wp-json\/wp\/v2\/product_cat?post=352"},{"taxonomy":"product_tag","embeddable":true,"href":"https:\/\/swissherboriginal.com\/en\/wp-json\/wp\/v2\/product_tag?post=352"}],"curies":[{"name":"wp","href":"https:\/\/api.w.org\/{rel}","templated":true}]}}