{"id":376,"date":"2022-12-07T13:27:32","date_gmt":"2022-12-07T13:27:32","guid":{"rendered":"https:\/\/swissherboriginal.com\/?post_type=product&#038;p=376"},"modified":"2025-04-19T19:37:39","modified_gmt":"2025-04-19T19:37:39","slug":"gocce-cbd-olio-di-salmone-per-animali-premium-biomondus","status":"publish","type":"product","link":"https:\/\/swissherboriginal.com\/en\/shop\/cbd-legal-hemp\/gocce-cbd\/gocce-cbd-olio-di-salmone-per-animali-premium-biomondus\/","title":{"rendered":"Gocce CBD 3% Olio di Salmone per Animali Premium Biomondus"},"content":{"rendered":"<h2>Gocce CBD 3% Olio di Salmone per Animali Premium Biomondus<\/h2>\n<p>Le Gocce CBD 3% Olio di Salmone per Animali Premium della marca Biomondus sono un integratore alimentare di altissima qualit\u00e0. Progettato appositamente per aiutare i nostri amici animali a raggiungere e mantenere uno stato di benessere ottimale. Questo prodotto \u00e8 formulato con una combinazione di ingredienti naturali. Tra cui l&#8217;olio di salmone naturale e l&#8217;estratto di Cannabis Sativa-L con 300mg CBD per 10ml, con propriet\u00e0 benefiche per il nostro amico a quattro zampe.<\/p>\n<p>L&#8217;olio di salmone naturale \u00e8 una fonte ricca di acidi grassi omega-3 e omega-6. Questi acidi supportano la salute del cuore, migliorano la funzionalit\u00e0 cognitiva e mantengono una pelle sana e un mantello lucido. L&#8217;uso di questo olio di salmone naturale come veicolo per il CBD permette al nostro animale domestico di godere dei benefici dei due ingredienti in una sola soluzione.<\/p>\n<p>L&#8217;estratto di Cannabis Sativa-L con 300mg CBD per 10ml \u00e8 il componente chiave di questo prodotto. Il CBD \u00e8 un composto non psicotropo presente nella pianta di cannabis, noto per le sue propriet\u00e0 curative e anti-infiammatorie. Una caratteristica particolare del CBD \u00e8 che, a differenza del tetraidrocannabinolo (THC), non ha effetti psicotropi. Il CBD \u00e8 in grado di fornire sollievo da ansia, stress, dolore e infiammazione. \u00c8 utilizzato da molti proprietari di animali domestici per risolvere una serie di sintomi e condizioni mediche.<\/p>\n<p>Le Gocce CBD 3% Olio di Salmone per Animali Premium della marca Biomondus sono facili da usare. Il prodotto \u00e8 fornito con un contagocce sicuro e facile da usare che permette di dosare con precisione la quantit\u00e0 di prodotto da somministrare al nostro animale. Si pu\u00f2 aggiungere il prodotto direttamente al cibo o alla bevanda dell&#8217;animale, per renderlo ancora pi\u00f9 gustoso \u00e8 possibile anche aggiungerlo direttamente sulla lingua dell&#8217;animale.<\/p>\n<p>La marca Biomondus, inoltre, \u00e8 conosciuta per la sua attenzione per la qualit\u00e0 e la sicurezza dei prodotti. Tutti gli ingredienti sono naturali e testati a fondo per garantirne la qualit\u00e0, in modo da garantire anche il benessere dell&#8217;animale.<\/p>\n<p>In conclusione, le Gocce CBD 3% Olio di Salmone per Animali Premium della marca Biomondus sono un prodotto di altissima qualit\u00e0 che promuove il benessere degli animali domestici in modo naturale e sicuro. Grazie alla combinazione di olio di salmone naturale e estratto di cannabis Sativa-L con 300mg CBD per 10ml, questo prodotto \u00e8 in grado di fornire una serie di benefici per la salute e il benessere dei nostri amici a quattro zampe. Con una semplice somministrazione di queste gocce, possiamo fornire un supporto efficace al nostro animale e migliorare la sua qualit\u00e0 di vita.<\/p>\n<p>La Biomondus produce anche delle Gocce CBD Premium a spettro completo, disponibili in 3 concentrazioni diverse: <a href=\"https:\/\/swissherboriginal.com\/en\/shop\/cbd-legal-hemp\/gocce-cbd\/gocce-cbd-5-premium-biomondus\/\">5%<\/a>, <a href=\"https:\/\/swissherboriginal.com\/en\/shop\/cbd-legal-hemp\/gocce-cbd\/gocce-cbd-10-premium-biomondus\/\">10%<\/a>, e <a href=\"https:\/\/swissherboriginal.com\/en\/shop\/cbd-legal-hemp\/gocce-cbd\/gocce-cbd-20-premium-biomondus\/\">20%<\/a>. Dai un\u2019occhiata anche alle nostre altre <a href=\"https:\/\/swissherboriginal.com\/en\/product-category\/cbd-legal-hemp\/gocce-cbd\/\">gocce CBD<\/a> e agli altri prodotti di <a href=\"https:\/\/swissherboriginal.com\/en\/product-category\/cbd-legal-hemp\/\">CBD canapa legale<\/a> come <a href=\"https:\/\/swissherboriginal.com\/en\/product-category\/cbd-legal-hemp\/estratti-cbd\/\">gli estratti CBD<\/a>.<\/p>","protected":false},"excerpt":{"rendered":"<ul>\n<li>Gocce CBD per animali<\/li>\n<li>3% CBD<\/li>\n<li>Gusto salmone<\/li>\n<li>Integratore alimentare<\/li>\n<li>Alta qualit\u00e0<\/li>\n<\/ul>","protected":false},"featured_media":22723,"comment_status":"open","ping_status":"closed","template":"","meta":[],"product_brand":[],"product_cat":[256,268],"product_tag":[153,199,195,208,336,305],"class_list":{"0":"post-376","1":"product","2":"type-product","3":"status-publish","4":"has-post-thumbnail","6":"product_cat-cbd-canapa-legale","7":"product_cat-gocce-cbd","8":"product_tag-biomondus","9":"product_tag-cbd-calmante","10":"product_tag-cbd-per-animali","11":"product_tag-cbd-supplementi","12":"product_tag-estratto-di-canapa","13":"product_tag-integratori-cbd","15":"first","16":"instock","17":"sale","18":"shipping-taxable","19":"purchasable","20":"product-type-simple"},"yoast_head":"<!-- This site is optimized with the Yoast SEO Premium plugin v22.0 (Yoast SEO v26.3) - https:\/\/yoast.com\/wordpress\/plugins\/seo\/ -->\n<title>Gocce CBD 3% Olio di Salmone per Animali Premium Biomondus<\/title>\n<meta name=\"description\" content=\"Scopri le Gocce CBD 3% Olio di Salmone per Animali Premium Biomondus: un toccasana naturale per il benessere del tuo pet. Prova ora e vedi la differenza!\" \/>\n<meta name=\"robots\" content=\"index, follow, max-snippet:-1, max-image-preview:large, max-video-preview:-1\" \/>\n<link rel=\"canonical\" href=\"https:\/\/swissherboriginal.com\/en\/shop\/cbd-legal-hemp\/gocce-cbd\/gocce-cbd-olio-di-salmone-per-animali-premium-biomondus\/\" \/>\n<meta property=\"og:locale\" content=\"en_GB\" \/>\n<meta property=\"og:type\" content=\"article\" \/>\n<meta property=\"og:title\" content=\"Gocce CBD 3% Olio di Salmone per Animali Premium Biomondus\" \/>\n<meta property=\"og:description\" content=\"Scopri le Gocce CBD 3% Olio di Salmone per Animali Premium Biomondus: un toccasana naturale per il benessere del tuo pet. Prova ora e vedi la differenza!\" \/>\n<meta property=\"og:url\" content=\"https:\/\/swissherboriginal.com\/en\/shop\/cbd-legal-hemp\/gocce-cbd\/gocce-cbd-olio-di-salmone-per-animali-premium-biomondus\/\" \/>\n<meta property=\"og:site_name\" content=\"Swiss Herb Original\" \/>\n<meta property=\"article:publisher\" content=\"https:\/\/www.facebook.com\/swissherboriginale\/\" \/>\n<meta property=\"article:modified_time\" content=\"2025-04-19T19:37:39+00:00\" \/>\n<meta property=\"og:image\" content=\"https:\/\/swissherboriginal.com\/wp-content\/uploads\/gocce-cbd-olio-di-salmone-per-animali-premium-biomondus-swiss-herb-original.png\" \/>\n\t<meta property=\"og:image:width\" content=\"800\" \/>\n\t<meta property=\"og:image:height\" content=\"800\" \/>\n\t<meta property=\"og:image:type\" content=\"image\/png\" \/>\n<meta name=\"twitter:card\" content=\"summary_large_image\" \/>\n<meta name=\"twitter:image\" content=\"https:\/\/swissherboriginal.com\/wp-content\/uploads\/gocce-cbd-olio-di-salmone-per-animali-premium-biomondus-swiss-herb-original.png\" \/>\n<meta name=\"twitter:label1\" content=\"Estimated reading time\" \/>\n\t<meta name=\"twitter:data1\" content=\"3 minutes\" \/>\n<script type=\"application\/ld+json\" class=\"yoast-schema-graph\">{\"@context\":\"https:\/\/schema.org\",\"@graph\":[{\"@type\":\"WebPage\",\"@id\":\"https:\/\/swissherboriginal.com\/shop\/cbd-canapa-legale\/gocce-cbd\/gocce-cbd-olio-di-salmone-per-animali-premium-biomondus\/\",\"url\":\"https:\/\/swissherboriginal.com\/shop\/cbd-canapa-legale\/gocce-cbd\/gocce-cbd-olio-di-salmone-per-animali-premium-biomondus\/\",\"name\":\"Gocce CBD 3% Olio di Salmone per Animali Premium Biomondus\",\"isPartOf\":{\"@id\":\"https:\/\/swissherboriginal.com\/#website\"},\"primaryImageOfPage\":{\"@id\":\"https:\/\/swissherboriginal.com\/shop\/cbd-canapa-legale\/gocce-cbd\/gocce-cbd-olio-di-salmone-per-animali-premium-biomondus\/#primaryimage\"},\"image\":{\"@id\":\"https:\/\/swissherboriginal.com\/shop\/cbd-canapa-legale\/gocce-cbd\/gocce-cbd-olio-di-salmone-per-animali-premium-biomondus\/#primaryimage\"},\"thumbnailUrl\":\"https:\/\/swissherboriginal.com\/wp-content\/uploads\/gocce-cbd-olio-di-salmone-per-animali-premium-biomondus-swiss-herb-original.png\",\"datePublished\":\"2022-12-07T13:27:32+00:00\",\"dateModified\":\"2025-04-19T19:37:39+00:00\",\"description\":\"Scopri le Gocce CBD 3% Olio di Salmone per Animali Premium Biomondus: un toccasana naturale per il benessere del tuo pet. Prova ora e vedi la differenza!\",\"breadcrumb\":{\"@id\":\"https:\/\/swissherboriginal.com\/shop\/cbd-canapa-legale\/gocce-cbd\/gocce-cbd-olio-di-salmone-per-animali-premium-biomondus\/#breadcrumb\"},\"inLanguage\":\"en-GB\",\"potentialAction\":[{\"@type\":\"ReadAction\",\"target\":[\"https:\/\/swissherboriginal.com\/shop\/cbd-canapa-legale\/gocce-cbd\/gocce-cbd-olio-di-salmone-per-animali-premium-biomondus\/\"]}]},{\"@type\":\"ImageObject\",\"inLanguage\":\"en-GB\",\"@id\":\"https:\/\/swissherboriginal.com\/shop\/cbd-canapa-legale\/gocce-cbd\/gocce-cbd-olio-di-salmone-per-animali-premium-biomondus\/#primaryimage\",\"url\":\"https:\/\/swissherboriginal.com\/wp-content\/uploads\/gocce-cbd-olio-di-salmone-per-animali-premium-biomondus-swiss-herb-original.png\",\"contentUrl\":\"https:\/\/swissherboriginal.com\/wp-content\/uploads\/gocce-cbd-olio-di-salmone-per-animali-premium-biomondus-swiss-herb-original.png\",\"width\":800,\"height\":800,\"caption\":\"Gocce CBD 3% Olio di Salmone per Animali Premium Biomondus\"},{\"@type\":\"BreadcrumbList\",\"@id\":\"https:\/\/swissherboriginal.com\/shop\/cbd-canapa-legale\/gocce-cbd\/gocce-cbd-olio-di-salmone-per-animali-premium-biomondus\/#breadcrumb\",\"itemListElement\":[{\"@type\":\"ListItem\",\"position\":1,\"name\":\"Home\",\"item\":\"https:\/\/swissherboriginal.com\/\"},{\"@type\":\"ListItem\",\"position\":2,\"name\":\"Negozio Swiss Herb Original\",\"item\":\"https:\/\/swissherboriginal.com\/negozio-swiss-herb-original\/\"},{\"@type\":\"ListItem\",\"position\":3,\"name\":\"Gocce CBD 3% Olio di Salmone per Animali Premium Biomondus\"}]},{\"@type\":\"WebSite\",\"@id\":\"https:\/\/swissherboriginal.com\/#website\",\"url\":\"https:\/\/swissherboriginal.com\/\",\"name\":\"Swiss Herb Original\",\"description\":\"\",\"publisher\":{\"@id\":\"https:\/\/swissherboriginal.com\/#organization\"},\"potentialAction\":[{\"@type\":\"SearchAction\",\"target\":{\"@type\":\"EntryPoint\",\"urlTemplate\":\"https:\/\/swissherboriginal.com\/?s={search_term_string}\"},\"query-input\":{\"@type\":\"PropertyValueSpecification\",\"valueRequired\":true,\"valueName\":\"search_term_string\"}}],\"inLanguage\":\"en-GB\"},{\"@type\":\"Organization\",\"@id\":\"https:\/\/swissherboriginal.com\/#organization\",\"name\":\"Swiss Herb Original\",\"url\":\"https:\/\/swissherboriginal.com\/\",\"logo\":{\"@type\":\"ImageObject\",\"inLanguage\":\"en-GB\",\"@id\":\"https:\/\/swissherboriginal.com\/#\/schema\/logo\/image\/\",\"url\":\"https:\/\/swissherboriginal.com\/wp-content\/uploads\/logo-menu-tel-swissherb.png\",\"contentUrl\":\"https:\/\/swissherboriginal.com\/wp-content\/uploads\/logo-menu-tel-swissherb.png\",\"width\":512,\"height\":360,\"caption\":\"Swiss Herb Original\"},\"image\":{\"@id\":\"https:\/\/swissherboriginal.com\/#\/schema\/logo\/image\/\"},\"sameAs\":[\"https:\/\/www.facebook.com\/swissherboriginale\/\",\"https:\/\/www.instagram.com\/swissherb_original\"]}]}<\/script>\n<!-- \/ Yoast SEO Premium plugin. -->","yoast_head_json":{"title":"Gocce CBD 3% Olio di Salmone per Animali Premium Biomondus","description":"Scopri le Gocce CBD 3% Olio di Salmone per Animali Premium Biomondus: un toccasana naturale per il benessere del tuo pet. Prova ora e vedi la differenza!","robots":{"index":"index","follow":"follow","max-snippet":"max-snippet:-1","max-image-preview":"max-image-preview:large","max-video-preview":"max-video-preview:-1"},"canonical":"https:\/\/swissherboriginal.com\/en\/shop\/cbd-legal-hemp\/gocce-cbd\/gocce-cbd-olio-di-salmone-per-animali-premium-biomondus\/","og_locale":"en_GB","og_type":"article","og_title":"Gocce CBD 3% Olio di Salmone per Animali Premium Biomondus","og_description":"Scopri le Gocce CBD 3% Olio di Salmone per Animali Premium Biomondus: un toccasana naturale per il benessere del tuo pet. Prova ora e vedi la differenza!","og_url":"https:\/\/swissherboriginal.com\/en\/shop\/cbd-legal-hemp\/gocce-cbd\/gocce-cbd-olio-di-salmone-per-animali-premium-biomondus\/","og_site_name":"Swiss Herb Original","article_publisher":"https:\/\/www.facebook.com\/swissherboriginale\/","article_modified_time":"2025-04-19T19:37:39+00:00","og_image":[{"width":800,"height":800,"url":"https:\/\/swissherboriginal.com\/wp-content\/uploads\/gocce-cbd-olio-di-salmone-per-animali-premium-biomondus-swiss-herb-original.png","type":"image\/png"}],"twitter_card":"summary_large_image","twitter_image":"https:\/\/swissherboriginal.com\/wp-content\/uploads\/gocce-cbd-olio-di-salmone-per-animali-premium-biomondus-swiss-herb-original.png","twitter_misc":{"Estimated reading time":"3 minutes"},"schema":{"@context":"https:\/\/schema.org","@graph":[{"@type":"WebPage","@id":"https:\/\/swissherboriginal.com\/shop\/cbd-canapa-legale\/gocce-cbd\/gocce-cbd-olio-di-salmone-per-animali-premium-biomondus\/","url":"https:\/\/swissherboriginal.com\/shop\/cbd-canapa-legale\/gocce-cbd\/gocce-cbd-olio-di-salmone-per-animali-premium-biomondus\/","name":"Gocce CBD 3% Olio di Salmone per Animali Premium Biomondus","isPartOf":{"@id":"https:\/\/swissherboriginal.com\/#website"},"primaryImageOfPage":{"@id":"https:\/\/swissherboriginal.com\/shop\/cbd-canapa-legale\/gocce-cbd\/gocce-cbd-olio-di-salmone-per-animali-premium-biomondus\/#primaryimage"},"image":{"@id":"https:\/\/swissherboriginal.com\/shop\/cbd-canapa-legale\/gocce-cbd\/gocce-cbd-olio-di-salmone-per-animali-premium-biomondus\/#primaryimage"},"thumbnailUrl":"https:\/\/swissherboriginal.com\/wp-content\/uploads\/gocce-cbd-olio-di-salmone-per-animali-premium-biomondus-swiss-herb-original.png","datePublished":"2022-12-07T13:27:32+00:00","dateModified":"2025-04-19T19:37:39+00:00","description":"Scopri le Gocce CBD 3% Olio di Salmone per Animali Premium Biomondus: un toccasana naturale per il benessere del tuo pet. Prova ora e vedi la differenza!","breadcrumb":{"@id":"https:\/\/swissherboriginal.com\/shop\/cbd-canapa-legale\/gocce-cbd\/gocce-cbd-olio-di-salmone-per-animali-premium-biomondus\/#breadcrumb"},"inLanguage":"en-GB","potentialAction":[{"@type":"ReadAction","target":["https:\/\/swissherboriginal.com\/shop\/cbd-canapa-legale\/gocce-cbd\/gocce-cbd-olio-di-salmone-per-animali-premium-biomondus\/"]}]},{"@type":"ImageObject","inLanguage":"en-GB","@id":"https:\/\/swissherboriginal.com\/shop\/cbd-canapa-legale\/gocce-cbd\/gocce-cbd-olio-di-salmone-per-animali-premium-biomondus\/#primaryimage","url":"https:\/\/swissherboriginal.com\/wp-content\/uploads\/gocce-cbd-olio-di-salmone-per-animali-premium-biomondus-swiss-herb-original.png","contentUrl":"https:\/\/swissherboriginal.com\/wp-content\/uploads\/gocce-cbd-olio-di-salmone-per-animali-premium-biomondus-swiss-herb-original.png","width":800,"height":800,"caption":"Gocce CBD 3% Olio di Salmone per Animali Premium Biomondus"},{"@type":"BreadcrumbList","@id":"https:\/\/swissherboriginal.com\/shop\/cbd-canapa-legale\/gocce-cbd\/gocce-cbd-olio-di-salmone-per-animali-premium-biomondus\/#breadcrumb","itemListElement":[{"@type":"ListItem","position":1,"name":"Home","item":"https:\/\/swissherboriginal.com\/"},{"@type":"ListItem","position":2,"name":"Negozio Swiss Herb Original","item":"https:\/\/swissherboriginal.com\/negozio-swiss-herb-original\/"},{"@type":"ListItem","position":3,"name":"Gocce CBD 3% Olio di Salmone per Animali Premium Biomondus"}]},{"@type":"WebSite","@id":"https:\/\/swissherboriginal.com\/#website","url":"https:\/\/swissherboriginal.com\/","name":"Swiss Herb Original","description":"","publisher":{"@id":"https:\/\/swissherboriginal.com\/#organization"},"potentialAction":[{"@type":"SearchAction","target":{"@type":"EntryPoint","urlTemplate":"https:\/\/swissherboriginal.com\/?s={search_term_string}"},"query-input":{"@type":"PropertyValueSpecification","valueRequired":true,"valueName":"search_term_string"}}],"inLanguage":"en-GB"},{"@type":"Organization","@id":"https:\/\/swissherboriginal.com\/#organization","name":"Swiss Herb Original","url":"https:\/\/swissherboriginal.com\/","logo":{"@type":"ImageObject","inLanguage":"en-GB","@id":"https:\/\/swissherboriginal.com\/#\/schema\/logo\/image\/","url":"https:\/\/swissherboriginal.com\/wp-content\/uploads\/logo-menu-tel-swissherb.png","contentUrl":"https:\/\/swissherboriginal.com\/wp-content\/uploads\/logo-menu-tel-swissherb.png","width":512,"height":360,"caption":"Swiss Herb Original"},"image":{"@id":"https:\/\/swissherboriginal.com\/#\/schema\/logo\/image\/"},"sameAs":["https:\/\/www.facebook.com\/swissherboriginale\/","https:\/\/www.instagram.com\/swissherb_original"]}]}},"_links":{"self":[{"href":"https:\/\/swissherboriginal.com\/en\/wp-json\/wp\/v2\/product\/376","targetHints":{"allow":["GET"]}}],"collection":[{"href":"https:\/\/swissherboriginal.com\/en\/wp-json\/wp\/v2\/product"}],"about":[{"href":"https:\/\/swissherboriginal.com\/en\/wp-json\/wp\/v2\/types\/product"}],"replies":[{"embeddable":true,"href":"https:\/\/swissherboriginal.com\/en\/wp-json\/wp\/v2\/comments?post=376"}],"wp:featuredmedia":[{"embeddable":true,"href":"https:\/\/swissherboriginal.com\/en\/wp-json\/wp\/v2\/media\/22723"}],"wp:attachment":[{"href":"https:\/\/swissherboriginal.com\/en\/wp-json\/wp\/v2\/media?parent=376"}],"wp:term":[{"taxonomy":"product_brand","embeddable":true,"href":"https:\/\/swissherboriginal.com\/en\/wp-json\/wp\/v2\/product_brand?post=376"},{"taxonomy":"product_cat","embeddable":true,"href":"https:\/\/swissherboriginal.com\/en\/wp-json\/wp\/v2\/product_cat?post=376"},{"taxonomy":"product_tag","embeddable":true,"href":"https:\/\/swissherboriginal.com\/en\/wp-json\/wp\/v2\/product_tag?post=376"}],"curies":[{"name":"wp","href":"https:\/\/api.w.org\/{rel}","templated":true}]}}