{"id":390,"date":"2022-12-10T13:02:57","date_gmt":"2022-12-10T13:02:57","guid":{"rendered":"https:\/\/swissherboriginal.com\/?post_type=product&#038;p=390"},"modified":"2023-11-17T12:45:00","modified_gmt":"2023-11-17T12:45:00","slug":"plagron-green-sensation","status":"publish","type":"product","link":"https:\/\/swissherboriginal.com\/en\/shop\/cultivation-items\/fertilisers\/plagron-green-sensation\/","title":{"rendered":"Plagron Green Sensation"},"content":{"rendered":"<h2>Plagron Green Sensation<\/h2>\n<p>Il Green Sensation \u00e8 un prodotto della marca olandese Plagron, specializzata nella produzione di prodotti destinati alla coltivazione di piante indoor e outdoor. Plagron \u00e8 un&#8217;azienda leader nel settore, con una vasta gamma di prodotti che favoriscono la crescita e il benessere delle piante.<\/p>\n<p>Il Green Sensation \u00e8 uno stimolatore di fioritura completo, progettato per potenziare la fioritura delle piante e migliorarne la qualit\u00e0. Il prodotto \u00e8 composto da ingredienti naturali perfettamente bilanciati che aiutano le piante a produrre fiori pi\u00f9 grandi, pi\u00f9 profumati e pi\u00f9 gustosi.<\/p>\n<p>Il Green Sensation contiene una miscela di sostanze nutritive, vitamine, amminoacidi e minerali essenziali per favorire lo sviluppo delle piante e potenziare i loro effetti. L&#8217;integrazione con questo prodotto garantisce una fioritura massimizzata, ma anche foglie pi\u00f9 sane, pi\u00f9 verdi e una crescita pi\u00f9 vigorosa.<\/p>\n<p>Il Green Sensation \u00e8 facile da usare e altamente concentrato. Una quantit\u00e0 limitata del prodotto \u00e8 sufficiente a potenziare la fioritura delle tue piante. Inoltre, il prodotto \u00e8 completamente biodegradabile, non lascia residui e non danneggia l&#8217;ambiente circostante.<\/p>\n<p>Il Green Sensation \u00e8 adatto per l&#8217;uso in qualsiasi tipo di coltivazione, sia indoor che outdoor. \u00c8 compatibile con qualsiasi tipo di substrato e pu\u00f2 essere utilizzato in tutte le fasi di crescita della pianta, dalla germinazione alla fioritura finale.<\/p>\n<p>Il Plagron Green Sensation rappresenta dunque un&#8217;ottima opzione per i coltivatori che vogliono massimizzare il rendimento e migliorare la qualit\u00e0 delle piante. \u00c8 facile da usare, altamente concentrato e completamente naturale. Con questo prodotto, puoi essere sicuro che le tue piante riceveranno le sostanze nutritive essenziali necessarie per garantire una fioritura profonda e lussureggiante.<\/p>\n<p>Un altro fantastico <a href=\"https:\/\/swissherboriginal.com\/en\/product-category\/cultivation-items\/fertilisers\/\">fertilizzante<\/a> della <a href=\"https:\/\/swissherboriginal.com\/en\/product-tag\/plagron\/\">Plagron<\/a> \u00e8 <a href=\"https:\/\/swissherboriginal.com\/en\/shop\/cultivation-items\/fertilisers\/plagron-sugar-royal\/\">il Sugar Royal<\/a>. Si tratta di un booster di zucchero che promuove la crescita delle piante e la produzione di fiori e frutti. Il prodotto \u00e8 disponibile in flaconi da 100, 250 e 500 ml. La formula di Sugar Royal \u00e8 basata su una miscela di estratti di alghe, melassa e aminoacidi. Dai un\u2019occhiata anche ai nostri altri <a href=\"https:\/\/swissherboriginal.com\/en\/product-category\/cultivation-items\/\">cultivation items<\/a>.<\/p>","protected":false},"excerpt":{"rendered":"<ul>\n<li>Stimolatore di fioritura<\/li>\n<li>Base organica<\/li>\n<li>Sali minerali purissimi<\/li>\n<li>Fiori pi\u00f9 grandi e pi\u00f9 gustosi<\/li>\n<li>Biodegradabile<\/li>\n<\/ul>","protected":false},"featured_media":3993,"comment_status":"open","ping_status":"closed","template":"","meta":[],"product_brand":[],"product_cat":[260,261],"product_tag":[660,689,318,653,317,321,107,320],"class_list":{"0":"post-390","1":"product","2":"type-product","3":"status-publish","4":"has-post-thumbnail","6":"product_cat-articoli-da-coltivazione","7":"product_cat-fertilizzanti","8":"product_tag-coltivazione-cannabis","9":"product_tag-coltivazione-greenhouse","10":"product_tag-coltivazione-idroponica","11":"product_tag-coltivazione-indoor","12":"product_tag-fertilizzanti-minerali","13":"product_tag-fertilizzanti-organici","14":"product_tag-plagron","15":"product_tag-stimolatore-di-fioritura","17":"first","18":"instock","19":"shipping-taxable","20":"purchasable","21":"product-type-variable"},"yoast_head":"<!-- This site is optimized with the Yoast SEO Premium plugin v22.0 (Yoast SEO v26.3) - https:\/\/yoast.com\/wordpress\/plugins\/seo\/ -->\n<title>Plagron Green Sensation | Fertilizzante | Swiss Herb Original<\/title>\n<meta name=\"description\" content=\"Potenzia la fioritura con Green Sensation di Plagron, un stimolatore naturale per piante pi\u00f9 grandi e profumate. Provalo ora e vedi la differenza!\" \/>\n<meta name=\"robots\" content=\"index, follow, max-snippet:-1, max-image-preview:large, max-video-preview:-1\" \/>\n<link rel=\"canonical\" href=\"https:\/\/swissherboriginal.com\/en\/shop\/cultivation-items\/fertilisers\/plagron-green-sensation\/\" \/>\n<meta property=\"og:locale\" content=\"en_GB\" \/>\n<meta property=\"og:type\" content=\"article\" \/>\n<meta property=\"og:title\" content=\"Plagron Green Sensation\" \/>\n<meta property=\"og:description\" content=\"Potenzia la fioritura con Green Sensation di Plagron, un stimolatore naturale per piante pi\u00f9 grandi e profumate. Provalo ora e vedi la differenza!\" \/>\n<meta property=\"og:url\" content=\"https:\/\/swissherboriginal.com\/en\/shop\/cultivation-items\/fertilisers\/plagron-green-sensation\/\" \/>\n<meta property=\"og:site_name\" content=\"Swiss Herb Original\" \/>\n<meta property=\"article:publisher\" content=\"https:\/\/www.facebook.com\/swissherboriginale\/\" \/>\n<meta property=\"article:modified_time\" content=\"2023-11-17T12:45:00+00:00\" \/>\n<meta property=\"og:image\" content=\"https:\/\/swissherboriginal.com\/wp-content\/uploads\/green-sensention-plagron-swiss-herb-original.png\" \/>\n\t<meta property=\"og:image:width\" content=\"800\" \/>\n\t<meta property=\"og:image:height\" content=\"800\" \/>\n\t<meta property=\"og:image:type\" content=\"image\/png\" \/>\n<meta name=\"twitter:card\" content=\"summary_large_image\" \/>\n<meta name=\"twitter:image\" content=\"https:\/\/swissherboriginal.com\/wp-content\/uploads\/green-sensention-plagron-swiss-herb-original.png\" \/>\n<meta name=\"twitter:label1\" content=\"Estimated reading time\" \/>\n\t<meta name=\"twitter:data1\" content=\"2 minutes\" \/>\n<script type=\"application\/ld+json\" class=\"yoast-schema-graph\">{\"@context\":\"https:\/\/schema.org\",\"@graph\":[{\"@type\":\"WebPage\",\"@id\":\"https:\/\/swissherboriginal.com\/shop\/articoli-da-coltivazione\/fertilizzanti\/plagron-green-sensation\/\",\"url\":\"https:\/\/swissherboriginal.com\/shop\/articoli-da-coltivazione\/fertilizzanti\/plagron-green-sensation\/\",\"name\":\"Plagron Green Sensation | Fertilizzante | Swiss Herb Original\",\"isPartOf\":{\"@id\":\"https:\/\/swissherboriginal.com\/#website\"},\"primaryImageOfPage\":{\"@id\":\"https:\/\/swissherboriginal.com\/shop\/articoli-da-coltivazione\/fertilizzanti\/plagron-green-sensation\/#primaryimage\"},\"image\":{\"@id\":\"https:\/\/swissherboriginal.com\/shop\/articoli-da-coltivazione\/fertilizzanti\/plagron-green-sensation\/#primaryimage\"},\"thumbnailUrl\":\"https:\/\/swissherboriginal.com\/wp-content\/uploads\/green-sensention-plagron-swiss-herb-original.png\",\"datePublished\":\"2022-12-10T13:02:57+00:00\",\"dateModified\":\"2023-11-17T12:45:00+00:00\",\"description\":\"Potenzia la fioritura con Green Sensation di Plagron, un stimolatore naturale per piante pi\u00f9 grandi e profumate. Provalo ora e vedi la differenza!\",\"breadcrumb\":{\"@id\":\"https:\/\/swissherboriginal.com\/shop\/articoli-da-coltivazione\/fertilizzanti\/plagron-green-sensation\/#breadcrumb\"},\"inLanguage\":\"en-GB\",\"potentialAction\":[{\"@type\":\"ReadAction\",\"target\":[\"https:\/\/swissherboriginal.com\/shop\/articoli-da-coltivazione\/fertilizzanti\/plagron-green-sensation\/\"]}]},{\"@type\":\"ImageObject\",\"inLanguage\":\"en-GB\",\"@id\":\"https:\/\/swissherboriginal.com\/shop\/articoli-da-coltivazione\/fertilizzanti\/plagron-green-sensation\/#primaryimage\",\"url\":\"https:\/\/swissherboriginal.com\/wp-content\/uploads\/green-sensention-plagron-swiss-herb-original.png\",\"contentUrl\":\"https:\/\/swissherboriginal.com\/wp-content\/uploads\/green-sensention-plagron-swiss-herb-original.png\",\"width\":800,\"height\":800,\"caption\":\"Plagron Green Sensation\"},{\"@type\":\"BreadcrumbList\",\"@id\":\"https:\/\/swissherboriginal.com\/shop\/articoli-da-coltivazione\/fertilizzanti\/plagron-green-sensation\/#breadcrumb\",\"itemListElement\":[{\"@type\":\"ListItem\",\"position\":1,\"name\":\"Home\",\"item\":\"https:\/\/swissherboriginal.com\/\"},{\"@type\":\"ListItem\",\"position\":2,\"name\":\"Negozio Swiss Herb Original\",\"item\":\"https:\/\/swissherboriginal.com\/negozio-swiss-herb-original\/\"},{\"@type\":\"ListItem\",\"position\":3,\"name\":\"Plagron Green Sensation\"}]},{\"@type\":\"WebSite\",\"@id\":\"https:\/\/swissherboriginal.com\/#website\",\"url\":\"https:\/\/swissherboriginal.com\/\",\"name\":\"Swiss Herb Original\",\"description\":\"\",\"publisher\":{\"@id\":\"https:\/\/swissherboriginal.com\/#organization\"},\"potentialAction\":[{\"@type\":\"SearchAction\",\"target\":{\"@type\":\"EntryPoint\",\"urlTemplate\":\"https:\/\/swissherboriginal.com\/?s={search_term_string}\"},\"query-input\":{\"@type\":\"PropertyValueSpecification\",\"valueRequired\":true,\"valueName\":\"search_term_string\"}}],\"inLanguage\":\"en-GB\"},{\"@type\":\"Organization\",\"@id\":\"https:\/\/swissherboriginal.com\/#organization\",\"name\":\"Swiss Herb Original\",\"url\":\"https:\/\/swissherboriginal.com\/\",\"logo\":{\"@type\":\"ImageObject\",\"inLanguage\":\"en-GB\",\"@id\":\"https:\/\/swissherboriginal.com\/#\/schema\/logo\/image\/\",\"url\":\"https:\/\/swissherboriginal.com\/wp-content\/uploads\/logo-menu-tel-swissherb.png\",\"contentUrl\":\"https:\/\/swissherboriginal.com\/wp-content\/uploads\/logo-menu-tel-swissherb.png\",\"width\":512,\"height\":360,\"caption\":\"Swiss Herb Original\"},\"image\":{\"@id\":\"https:\/\/swissherboriginal.com\/#\/schema\/logo\/image\/\"},\"sameAs\":[\"https:\/\/www.facebook.com\/swissherboriginale\/\",\"https:\/\/www.instagram.com\/swissherb_original\"]}]}<\/script>\n<!-- \/ Yoast SEO Premium plugin. -->","yoast_head_json":{"title":"Plagron Green Sensation | Fertilizzante | Swiss Herb Original","description":"Potenzia la fioritura con Green Sensation di Plagron, un stimolatore naturale per piante pi\u00f9 grandi e profumate. Provalo ora e vedi la differenza!","robots":{"index":"index","follow":"follow","max-snippet":"max-snippet:-1","max-image-preview":"max-image-preview:large","max-video-preview":"max-video-preview:-1"},"canonical":"https:\/\/swissherboriginal.com\/en\/shop\/cultivation-items\/fertilisers\/plagron-green-sensation\/","og_locale":"en_GB","og_type":"article","og_title":"Plagron Green Sensation","og_description":"Potenzia la fioritura con Green Sensation di Plagron, un stimolatore naturale per piante pi\u00f9 grandi e profumate. Provalo ora e vedi la differenza!","og_url":"https:\/\/swissherboriginal.com\/en\/shop\/cultivation-items\/fertilisers\/plagron-green-sensation\/","og_site_name":"Swiss Herb Original","article_publisher":"https:\/\/www.facebook.com\/swissherboriginale\/","article_modified_time":"2023-11-17T12:45:00+00:00","og_image":[{"width":800,"height":800,"url":"https:\/\/swissherboriginal.com\/wp-content\/uploads\/green-sensention-plagron-swiss-herb-original.png","type":"image\/png"}],"twitter_card":"summary_large_image","twitter_image":"https:\/\/swissherboriginal.com\/wp-content\/uploads\/green-sensention-plagron-swiss-herb-original.png","twitter_misc":{"Estimated reading time":"2 minutes"},"schema":{"@context":"https:\/\/schema.org","@graph":[{"@type":"WebPage","@id":"https:\/\/swissherboriginal.com\/shop\/articoli-da-coltivazione\/fertilizzanti\/plagron-green-sensation\/","url":"https:\/\/swissherboriginal.com\/shop\/articoli-da-coltivazione\/fertilizzanti\/plagron-green-sensation\/","name":"Plagron Green Sensation | Fertilizzante | Swiss Herb Original","isPartOf":{"@id":"https:\/\/swissherboriginal.com\/#website"},"primaryImageOfPage":{"@id":"https:\/\/swissherboriginal.com\/shop\/articoli-da-coltivazione\/fertilizzanti\/plagron-green-sensation\/#primaryimage"},"image":{"@id":"https:\/\/swissherboriginal.com\/shop\/articoli-da-coltivazione\/fertilizzanti\/plagron-green-sensation\/#primaryimage"},"thumbnailUrl":"https:\/\/swissherboriginal.com\/wp-content\/uploads\/green-sensention-plagron-swiss-herb-original.png","datePublished":"2022-12-10T13:02:57+00:00","dateModified":"2023-11-17T12:45:00+00:00","description":"Potenzia la fioritura con Green Sensation di Plagron, un stimolatore naturale per piante pi\u00f9 grandi e profumate. Provalo ora e vedi la differenza!","breadcrumb":{"@id":"https:\/\/swissherboriginal.com\/shop\/articoli-da-coltivazione\/fertilizzanti\/plagron-green-sensation\/#breadcrumb"},"inLanguage":"en-GB","potentialAction":[{"@type":"ReadAction","target":["https:\/\/swissherboriginal.com\/shop\/articoli-da-coltivazione\/fertilizzanti\/plagron-green-sensation\/"]}]},{"@type":"ImageObject","inLanguage":"en-GB","@id":"https:\/\/swissherboriginal.com\/shop\/articoli-da-coltivazione\/fertilizzanti\/plagron-green-sensation\/#primaryimage","url":"https:\/\/swissherboriginal.com\/wp-content\/uploads\/green-sensention-plagron-swiss-herb-original.png","contentUrl":"https:\/\/swissherboriginal.com\/wp-content\/uploads\/green-sensention-plagron-swiss-herb-original.png","width":800,"height":800,"caption":"Plagron Green Sensation"},{"@type":"BreadcrumbList","@id":"https:\/\/swissherboriginal.com\/shop\/articoli-da-coltivazione\/fertilizzanti\/plagron-green-sensation\/#breadcrumb","itemListElement":[{"@type":"ListItem","position":1,"name":"Home","item":"https:\/\/swissherboriginal.com\/"},{"@type":"ListItem","position":2,"name":"Negozio Swiss Herb Original","item":"https:\/\/swissherboriginal.com\/negozio-swiss-herb-original\/"},{"@type":"ListItem","position":3,"name":"Plagron Green Sensation"}]},{"@type":"WebSite","@id":"https:\/\/swissherboriginal.com\/#website","url":"https:\/\/swissherboriginal.com\/","name":"Swiss Herb Original","description":"","publisher":{"@id":"https:\/\/swissherboriginal.com\/#organization"},"potentialAction":[{"@type":"SearchAction","target":{"@type":"EntryPoint","urlTemplate":"https:\/\/swissherboriginal.com\/?s={search_term_string}"},"query-input":{"@type":"PropertyValueSpecification","valueRequired":true,"valueName":"search_term_string"}}],"inLanguage":"en-GB"},{"@type":"Organization","@id":"https:\/\/swissherboriginal.com\/#organization","name":"Swiss Herb Original","url":"https:\/\/swissherboriginal.com\/","logo":{"@type":"ImageObject","inLanguage":"en-GB","@id":"https:\/\/swissherboriginal.com\/#\/schema\/logo\/image\/","url":"https:\/\/swissherboriginal.com\/wp-content\/uploads\/logo-menu-tel-swissherb.png","contentUrl":"https:\/\/swissherboriginal.com\/wp-content\/uploads\/logo-menu-tel-swissherb.png","width":512,"height":360,"caption":"Swiss Herb Original"},"image":{"@id":"https:\/\/swissherboriginal.com\/#\/schema\/logo\/image\/"},"sameAs":["https:\/\/www.facebook.com\/swissherboriginale\/","https:\/\/www.instagram.com\/swissherb_original"]}]}},"_links":{"self":[{"href":"https:\/\/swissherboriginal.com\/en\/wp-json\/wp\/v2\/product\/390","targetHints":{"allow":["GET"]}}],"collection":[{"href":"https:\/\/swissherboriginal.com\/en\/wp-json\/wp\/v2\/product"}],"about":[{"href":"https:\/\/swissherboriginal.com\/en\/wp-json\/wp\/v2\/types\/product"}],"replies":[{"embeddable":true,"href":"https:\/\/swissherboriginal.com\/en\/wp-json\/wp\/v2\/comments?post=390"}],"wp:featuredmedia":[{"embeddable":true,"href":"https:\/\/swissherboriginal.com\/en\/wp-json\/wp\/v2\/media\/3993"}],"wp:attachment":[{"href":"https:\/\/swissherboriginal.com\/en\/wp-json\/wp\/v2\/media?parent=390"}],"wp:term":[{"taxonomy":"product_brand","embeddable":true,"href":"https:\/\/swissherboriginal.com\/en\/wp-json\/wp\/v2\/product_brand?post=390"},{"taxonomy":"product_cat","embeddable":true,"href":"https:\/\/swissherboriginal.com\/en\/wp-json\/wp\/v2\/product_cat?post=390"},{"taxonomy":"product_tag","embeddable":true,"href":"https:\/\/swissherboriginal.com\/en\/wp-json\/wp\/v2\/product_tag?post=390"}],"curies":[{"name":"wp","href":"https:\/\/api.w.org\/{rel}","templated":true}]}}