{"id":399,"date":"2022-12-10T14:23:45","date_gmt":"2022-12-10T14:23:45","guid":{"rendered":"https:\/\/swissherboriginal.com\/?post_type=product&#038;p=399"},"modified":"2023-11-17T14:15:35","modified_gmt":"2023-11-17T14:15:35","slug":"advanced-nutrients-voodoo-juice","status":"publish","type":"product","link":"https:\/\/swissherboriginal.com\/en\/shop\/cultivation-items\/fertilisers\/advanced-nutrients-voodoo-juice\/","title":{"rendered":"Advanced Nutrients Voodoo Juice"},"content":{"rendered":"<h2>Advanced Nutrients Voodoo Juice<\/h2>\n<p>Voodoo Juice \u00e8 uno dei prodotti pi\u00f9 innovativi della marca di fertilizzanti Advanced Nutrients. Si tratta di uno stimolatore di radici che stimola la crescita delle radici delle piante e ne aumenta la salute e la vitalit\u00e0. Grazie a una formula esclusiva, Voodoo Juice \u00e8 in grado di aumentare il numero e la massa delle radici, migliorando l&#8217;assorbimento dei nutrienti e la resistenza alle malattie.<\/p>\n<p>Una delle caratteristiche principali di Voodoo Juice \u00e8 la sua formula a base di microrganismi benefici, che agiscono in simbiosi con le radici delle piante. Questi microrganismi, noti come micorrize, sono in grado di incrementare il sistema radicale, migliorando la capacit\u00e0 delle piante di assorbire i nutrienti e l&#8217;acqua dal suolo. Inoltre, i microrganismi contenuti in Voodoo Juice sono in grado di liberare composti organici essenziali per la crescita delle piante.<\/p>\n<p>Voodoo Juice \u00e8 adatto a tutti i tipi di piante, sia in fase di crescita che di fioritura, e pu\u00f2 essere utilizzato sia in idroponica che in terra. Grazie alla sua azione rapida ed efficace, questo stimolatore di radici \u00e8 adatto sia a coltivazioni indoor che outdoor, offrendo risultati straordinari in ogni situazione.<\/p>\n<p>Il prodotto \u00e8 facile da utilizzare: basta aggiungere una piccola quantit\u00e0 di Voodoo Juice alla soluzione di irrigazione ad ogni innaffiatura. Grazie alla sua elevata concentrazione, \u00e8 necessario utilizzare solo una piccola quantit\u00e0 di prodotto per ottenere risultati notevoli.<\/p>\n<p>In sintesi, Voodoo Juice \u00e8 uno stimolatore di radici efficace e innovativo, in grado di migliorare in modo significativo la salute e la vitalit\u00e0 delle piante. Grazie alla sua formula a base di microrganismi benefici, Voodoo Juice \u00e8 in grado di incrementare il sistema radicale, migliorando l&#8217;assorbimento dei nutrienti e la resistenza alle malattie. L&#8217;utilizzo di questo prodotto \u00e8 molto semplice, e i risultati che si possono ottenere sono straordinari.<\/p>\n<p><a href=\"https:\/\/swissherboriginal.com\/en\/product-tag\/advanced-nutrients\/\">Advanced Nutrients<\/a> pu\u00f2 offrirti tantissimi <a href=\"https:\/\/swissherboriginal.com\/en\/product-category\/cultivation-items\/fertilisers\/\">fertilisers<\/a> per tutte le vostre necessit\u00e0. Le tue piante hanno carenza di ferro, magnesio e calcio? <a href=\"https:\/\/swissherboriginal.com\/en\/shop\/cultivation-items\/fertilisers\/advanced-nutrients-sensi-cal-mag-xtra\/\">Sensi Cal-Mag Xtra<\/a> pu\u00f2 esserti d&#8217;aiuto. Dai un\u2019occhiata anche ai nostri altri <a href=\"https:\/\/swissherboriginal.com\/en\/product-category\/cultivation-items\/\">cultivation items<\/a>.<\/p>","protected":false},"excerpt":{"rendered":"<ul>\n<li>Additivo piante<\/li>\n<li>Stimolatore di radici<\/li>\n<li>Migliora la salute delle piante<\/li>\n<li>Migliora la vitalit\u00e0<\/li>\n<li>Microrganismi benefici<\/li>\n<li>Incrementa il sistema radicale<\/li>\n<\/ul>","protected":false},"featured_media":3965,"comment_status":"open","ping_status":"closed","template":"","meta":[],"product_brand":[],"product_cat":[260,261],"product_tag":[335,109,660,689,318,653,321,330],"class_list":{"0":"post-399","1":"product","2":"type-product","3":"status-publish","4":"has-post-thumbnail","6":"product_cat-articoli-da-coltivazione","7":"product_cat-fertilizzanti","8":"product_tag-additivo-per-piante","9":"product_tag-advanced-nutrients","10":"product_tag-coltivazione-cannabis","11":"product_tag-coltivazione-greenhouse","12":"product_tag-coltivazione-idroponica","13":"product_tag-coltivazione-indoor","14":"product_tag-fertilizzanti-organici","15":"product_tag-stimolatore-di-radici","17":"first","18":"instock","19":"shipping-taxable","20":"purchasable","21":"product-type-variable"},"yoast_head":"<!-- This site is optimized with the Yoast SEO Premium plugin v22.0 (Yoast SEO v26.3) - https:\/\/yoast.com\/wordpress\/plugins\/seo\/ -->\n<title>Advanced Nutrients Voodoo Juice | Swiss Herb Original<\/title>\n<meta name=\"description\" content=\"Stimola la crescita radicale delle tue piante con Voodoo Juice della marca Advanced Nutrients. Prova la sua efficacia, usalo ora!\" \/>\n<meta name=\"robots\" content=\"index, follow, max-snippet:-1, max-image-preview:large, max-video-preview:-1\" \/>\n<link rel=\"canonical\" href=\"https:\/\/swissherboriginal.com\/en\/shop\/cultivation-items\/fertilisers\/advanced-nutrients-voodoo-juice\/\" \/>\n<meta property=\"og:locale\" content=\"en_GB\" \/>\n<meta property=\"og:type\" content=\"article\" \/>\n<meta property=\"og:title\" content=\"Advanced Nutrients Voodoo Juice\" \/>\n<meta property=\"og:description\" content=\"Stimola la crescita radicale delle tue piante con Voodoo Juice della marca Advanced Nutrients. Prova la sua efficacia, usalo ora!\" \/>\n<meta property=\"og:url\" content=\"https:\/\/swissherboriginal.com\/en\/shop\/cultivation-items\/fertilisers\/advanced-nutrients-voodoo-juice\/\" \/>\n<meta property=\"og:site_name\" content=\"Swiss Herb Original\" \/>\n<meta property=\"article:publisher\" content=\"https:\/\/www.facebook.com\/swissherboriginale\/\" \/>\n<meta property=\"article:modified_time\" content=\"2023-11-17T14:15:35+00:00\" \/>\n<meta property=\"og:image\" content=\"https:\/\/swissherboriginal.com\/wp-content\/uploads\/voodoo-juice-advanced-nutrients-250ml-swiss-herb-original.png\" \/>\n\t<meta property=\"og:image:width\" content=\"800\" \/>\n\t<meta property=\"og:image:height\" content=\"800\" \/>\n\t<meta property=\"og:image:type\" content=\"image\/png\" \/>\n<meta name=\"twitter:card\" content=\"summary_large_image\" \/>\n<meta name=\"twitter:image\" content=\"https:\/\/swissherboriginal.com\/wp-content\/uploads\/voodoo-juice-advanced-nutrients-250ml-swiss-herb-original.png\" \/>\n<meta name=\"twitter:label1\" content=\"Estimated reading time\" \/>\n\t<meta name=\"twitter:data1\" content=\"2 minutes\" \/>\n<script type=\"application\/ld+json\" class=\"yoast-schema-graph\">{\"@context\":\"https:\/\/schema.org\",\"@graph\":[{\"@type\":\"WebPage\",\"@id\":\"https:\/\/swissherboriginal.com\/shop\/articoli-da-coltivazione\/fertilizzanti\/advanced-nutrients-voodoo-juice\/\",\"url\":\"https:\/\/swissherboriginal.com\/shop\/articoli-da-coltivazione\/fertilizzanti\/advanced-nutrients-voodoo-juice\/\",\"name\":\"Advanced Nutrients Voodoo Juice | Swiss Herb Original\",\"isPartOf\":{\"@id\":\"https:\/\/swissherboriginal.com\/#website\"},\"primaryImageOfPage\":{\"@id\":\"https:\/\/swissherboriginal.com\/shop\/articoli-da-coltivazione\/fertilizzanti\/advanced-nutrients-voodoo-juice\/#primaryimage\"},\"image\":{\"@id\":\"https:\/\/swissherboriginal.com\/shop\/articoli-da-coltivazione\/fertilizzanti\/advanced-nutrients-voodoo-juice\/#primaryimage\"},\"thumbnailUrl\":\"https:\/\/swissherboriginal.com\/wp-content\/uploads\/voodoo-juice-advanced-nutrients-250ml-swiss-herb-original.png\",\"datePublished\":\"2022-12-10T14:23:45+00:00\",\"dateModified\":\"2023-11-17T14:15:35+00:00\",\"description\":\"Stimola la crescita radicale delle tue piante con Voodoo Juice della marca Advanced Nutrients. Prova la sua efficacia, usalo ora!\",\"breadcrumb\":{\"@id\":\"https:\/\/swissherboriginal.com\/shop\/articoli-da-coltivazione\/fertilizzanti\/advanced-nutrients-voodoo-juice\/#breadcrumb\"},\"inLanguage\":\"en-GB\",\"potentialAction\":[{\"@type\":\"ReadAction\",\"target\":[\"https:\/\/swissherboriginal.com\/shop\/articoli-da-coltivazione\/fertilizzanti\/advanced-nutrients-voodoo-juice\/\"]}]},{\"@type\":\"ImageObject\",\"inLanguage\":\"en-GB\",\"@id\":\"https:\/\/swissherboriginal.com\/shop\/articoli-da-coltivazione\/fertilizzanti\/advanced-nutrients-voodoo-juice\/#primaryimage\",\"url\":\"https:\/\/swissherboriginal.com\/wp-content\/uploads\/voodoo-juice-advanced-nutrients-250ml-swiss-herb-original.png\",\"contentUrl\":\"https:\/\/swissherboriginal.com\/wp-content\/uploads\/voodoo-juice-advanced-nutrients-250ml-swiss-herb-original.png\",\"width\":800,\"height\":800,\"caption\":\"Advanced Nutrients Voodoo Juice\"},{\"@type\":\"BreadcrumbList\",\"@id\":\"https:\/\/swissherboriginal.com\/shop\/articoli-da-coltivazione\/fertilizzanti\/advanced-nutrients-voodoo-juice\/#breadcrumb\",\"itemListElement\":[{\"@type\":\"ListItem\",\"position\":1,\"name\":\"Home\",\"item\":\"https:\/\/swissherboriginal.com\/\"},{\"@type\":\"ListItem\",\"position\":2,\"name\":\"Negozio Swiss Herb Original\",\"item\":\"https:\/\/swissherboriginal.com\/negozio-swiss-herb-original\/\"},{\"@type\":\"ListItem\",\"position\":3,\"name\":\"Advanced Nutrients Voodoo Juice\"}]},{\"@type\":\"WebSite\",\"@id\":\"https:\/\/swissherboriginal.com\/#website\",\"url\":\"https:\/\/swissherboriginal.com\/\",\"name\":\"Swiss Herb Original\",\"description\":\"\",\"publisher\":{\"@id\":\"https:\/\/swissherboriginal.com\/#organization\"},\"potentialAction\":[{\"@type\":\"SearchAction\",\"target\":{\"@type\":\"EntryPoint\",\"urlTemplate\":\"https:\/\/swissherboriginal.com\/?s={search_term_string}\"},\"query-input\":{\"@type\":\"PropertyValueSpecification\",\"valueRequired\":true,\"valueName\":\"search_term_string\"}}],\"inLanguage\":\"en-GB\"},{\"@type\":\"Organization\",\"@id\":\"https:\/\/swissherboriginal.com\/#organization\",\"name\":\"Swiss Herb Original\",\"url\":\"https:\/\/swissherboriginal.com\/\",\"logo\":{\"@type\":\"ImageObject\",\"inLanguage\":\"en-GB\",\"@id\":\"https:\/\/swissherboriginal.com\/#\/schema\/logo\/image\/\",\"url\":\"https:\/\/swissherboriginal.com\/wp-content\/uploads\/logo-menu-tel-swissherb.png\",\"contentUrl\":\"https:\/\/swissherboriginal.com\/wp-content\/uploads\/logo-menu-tel-swissherb.png\",\"width\":512,\"height\":360,\"caption\":\"Swiss Herb Original\"},\"image\":{\"@id\":\"https:\/\/swissherboriginal.com\/#\/schema\/logo\/image\/\"},\"sameAs\":[\"https:\/\/www.facebook.com\/swissherboriginale\/\",\"https:\/\/www.instagram.com\/swissherb_original\"]}]}<\/script>\n<!-- \/ Yoast SEO Premium plugin. -->","yoast_head_json":{"title":"Advanced Nutrients Voodoo Juice | Swiss Herb Original","description":"Stimola la crescita radicale delle tue piante con Voodoo Juice della marca Advanced Nutrients. Prova la sua efficacia, usalo ora!","robots":{"index":"index","follow":"follow","max-snippet":"max-snippet:-1","max-image-preview":"max-image-preview:large","max-video-preview":"max-video-preview:-1"},"canonical":"https:\/\/swissherboriginal.com\/en\/shop\/cultivation-items\/fertilisers\/advanced-nutrients-voodoo-juice\/","og_locale":"en_GB","og_type":"article","og_title":"Advanced Nutrients Voodoo Juice","og_description":"Stimola la crescita radicale delle tue piante con Voodoo Juice della marca Advanced Nutrients. Prova la sua efficacia, usalo ora!","og_url":"https:\/\/swissherboriginal.com\/en\/shop\/cultivation-items\/fertilisers\/advanced-nutrients-voodoo-juice\/","og_site_name":"Swiss Herb Original","article_publisher":"https:\/\/www.facebook.com\/swissherboriginale\/","article_modified_time":"2023-11-17T14:15:35+00:00","og_image":[{"width":800,"height":800,"url":"https:\/\/swissherboriginal.com\/wp-content\/uploads\/voodoo-juice-advanced-nutrients-250ml-swiss-herb-original.png","type":"image\/png"}],"twitter_card":"summary_large_image","twitter_image":"https:\/\/swissherboriginal.com\/wp-content\/uploads\/voodoo-juice-advanced-nutrients-250ml-swiss-herb-original.png","twitter_misc":{"Estimated reading time":"2 minutes"},"schema":{"@context":"https:\/\/schema.org","@graph":[{"@type":"WebPage","@id":"https:\/\/swissherboriginal.com\/shop\/articoli-da-coltivazione\/fertilizzanti\/advanced-nutrients-voodoo-juice\/","url":"https:\/\/swissherboriginal.com\/shop\/articoli-da-coltivazione\/fertilizzanti\/advanced-nutrients-voodoo-juice\/","name":"Advanced Nutrients Voodoo Juice | Swiss Herb Original","isPartOf":{"@id":"https:\/\/swissherboriginal.com\/#website"},"primaryImageOfPage":{"@id":"https:\/\/swissherboriginal.com\/shop\/articoli-da-coltivazione\/fertilizzanti\/advanced-nutrients-voodoo-juice\/#primaryimage"},"image":{"@id":"https:\/\/swissherboriginal.com\/shop\/articoli-da-coltivazione\/fertilizzanti\/advanced-nutrients-voodoo-juice\/#primaryimage"},"thumbnailUrl":"https:\/\/swissherboriginal.com\/wp-content\/uploads\/voodoo-juice-advanced-nutrients-250ml-swiss-herb-original.png","datePublished":"2022-12-10T14:23:45+00:00","dateModified":"2023-11-17T14:15:35+00:00","description":"Stimola la crescita radicale delle tue piante con Voodoo Juice della marca Advanced Nutrients. Prova la sua efficacia, usalo ora!","breadcrumb":{"@id":"https:\/\/swissherboriginal.com\/shop\/articoli-da-coltivazione\/fertilizzanti\/advanced-nutrients-voodoo-juice\/#breadcrumb"},"inLanguage":"en-GB","potentialAction":[{"@type":"ReadAction","target":["https:\/\/swissherboriginal.com\/shop\/articoli-da-coltivazione\/fertilizzanti\/advanced-nutrients-voodoo-juice\/"]}]},{"@type":"ImageObject","inLanguage":"en-GB","@id":"https:\/\/swissherboriginal.com\/shop\/articoli-da-coltivazione\/fertilizzanti\/advanced-nutrients-voodoo-juice\/#primaryimage","url":"https:\/\/swissherboriginal.com\/wp-content\/uploads\/voodoo-juice-advanced-nutrients-250ml-swiss-herb-original.png","contentUrl":"https:\/\/swissherboriginal.com\/wp-content\/uploads\/voodoo-juice-advanced-nutrients-250ml-swiss-herb-original.png","width":800,"height":800,"caption":"Advanced Nutrients Voodoo Juice"},{"@type":"BreadcrumbList","@id":"https:\/\/swissherboriginal.com\/shop\/articoli-da-coltivazione\/fertilizzanti\/advanced-nutrients-voodoo-juice\/#breadcrumb","itemListElement":[{"@type":"ListItem","position":1,"name":"Home","item":"https:\/\/swissherboriginal.com\/"},{"@type":"ListItem","position":2,"name":"Negozio Swiss Herb Original","item":"https:\/\/swissherboriginal.com\/negozio-swiss-herb-original\/"},{"@type":"ListItem","position":3,"name":"Advanced Nutrients Voodoo Juice"}]},{"@type":"WebSite","@id":"https:\/\/swissherboriginal.com\/#website","url":"https:\/\/swissherboriginal.com\/","name":"Swiss Herb Original","description":"","publisher":{"@id":"https:\/\/swissherboriginal.com\/#organization"},"potentialAction":[{"@type":"SearchAction","target":{"@type":"EntryPoint","urlTemplate":"https:\/\/swissherboriginal.com\/?s={search_term_string}"},"query-input":{"@type":"PropertyValueSpecification","valueRequired":true,"valueName":"search_term_string"}}],"inLanguage":"en-GB"},{"@type":"Organization","@id":"https:\/\/swissherboriginal.com\/#organization","name":"Swiss Herb Original","url":"https:\/\/swissherboriginal.com\/","logo":{"@type":"ImageObject","inLanguage":"en-GB","@id":"https:\/\/swissherboriginal.com\/#\/schema\/logo\/image\/","url":"https:\/\/swissherboriginal.com\/wp-content\/uploads\/logo-menu-tel-swissherb.png","contentUrl":"https:\/\/swissherboriginal.com\/wp-content\/uploads\/logo-menu-tel-swissherb.png","width":512,"height":360,"caption":"Swiss Herb Original"},"image":{"@id":"https:\/\/swissherboriginal.com\/#\/schema\/logo\/image\/"},"sameAs":["https:\/\/www.facebook.com\/swissherboriginale\/","https:\/\/www.instagram.com\/swissherb_original"]}]}},"_links":{"self":[{"href":"https:\/\/swissherboriginal.com\/en\/wp-json\/wp\/v2\/product\/399","targetHints":{"allow":["GET"]}}],"collection":[{"href":"https:\/\/swissherboriginal.com\/en\/wp-json\/wp\/v2\/product"}],"about":[{"href":"https:\/\/swissherboriginal.com\/en\/wp-json\/wp\/v2\/types\/product"}],"replies":[{"embeddable":true,"href":"https:\/\/swissherboriginal.com\/en\/wp-json\/wp\/v2\/comments?post=399"}],"wp:featuredmedia":[{"embeddable":true,"href":"https:\/\/swissherboriginal.com\/en\/wp-json\/wp\/v2\/media\/3965"}],"wp:attachment":[{"href":"https:\/\/swissherboriginal.com\/en\/wp-json\/wp\/v2\/media?parent=399"}],"wp:term":[{"taxonomy":"product_brand","embeddable":true,"href":"https:\/\/swissherboriginal.com\/en\/wp-json\/wp\/v2\/product_brand?post=399"},{"taxonomy":"product_cat","embeddable":true,"href":"https:\/\/swissherboriginal.com\/en\/wp-json\/wp\/v2\/product_cat?post=399"},{"taxonomy":"product_tag","embeddable":true,"href":"https:\/\/swissherboriginal.com\/en\/wp-json\/wp\/v2\/product_tag?post=399"}],"curies":[{"name":"wp","href":"https:\/\/api.w.org\/{rel}","templated":true}]}}