{"id":497,"date":"2023-01-04T22:44:40","date_gmt":"2023-01-04T22:44:40","guid":{"rendered":"https:\/\/swissherboriginal.com\/?post_type=product&#038;p=497"},"modified":"2024-06-18T12:54:43","modified_gmt":"2024-06-18T12:54:43","slug":"advanced-hydroponics-grow-dutch-formula","status":"publish","type":"product","link":"https:\/\/swissherboriginal.com\/en\/shop\/cultivation-items\/fertilisers\/advanced-hydroponics-grow-dutch-formula\/","title":{"rendered":"Advanced Hydroponics Grow Dutch Formula"},"content":{"rendered":"<h2>Advanced Hydroponics Grow Dutch Formula<\/h2>\n<p>Grow Dutch Formula della marca Advanced Hydroponics \u00e8 un prodotto altamente efficace per la coltivazione di piante grazie alla sua formulazione innovativa. Questo fertilizzante per piante \u00e8 ideale per coltivazioni outdoor, indoor e in idroponica. Garantisce risultati eccezionali per tutti i tipi di piante, in particolare per le colture a rapido sviluppo.<\/p>\n<p>Il prodotto Grow Dutch Formula \u00e8 formulato per stimolare la crescita e la rigenerazione delle piante fin dall&#8217;inizio. Fornisce un&#8217;abbondante quantit\u00e0 di sostanze nutritive essenziali, come azoto, fosforo e potassio, ma anche microelementi come zinco, rame, ferro e manganese. Questo permette una crescita rapida e rigogliosa delle piante in ogni fase della loro vita.<\/p>\n<p>La formula di Grow Dutch \u00e8 particolarmente adatta per piante di alta qualit\u00e0, come frutta e verdura, cos\u00ec come piante ornamentali. Grazie alla sua composizione, questo fertilizzante pu\u00f2 essere utilizzato per tutte le colture, dalle meno esigenti alle piante pi\u00f9 esigenti di nutrienti, garantendo sempre i risultati migliori.<\/p>\n<p>Grow Dutch Formula garantisce risultati ottimali perch\u00e9 \u00e8 stato formulato per fornire una perfetta combinazione di sostanze essenziali per le piante in una quantit\u00e0 ottimale per ogni stadio della loro crescita. Questo rende possibile una crescita equilibrata delle piante, una maggiore produzione di frutti e una migliore resistenza alle malattie.<\/p>\n<p>In sintesi, Grow Dutch Formula della marca Advanced Hydroponics \u00e8 un fertilizzante per piante di alta qualit\u00e0, eccezionalmente efficace per la coltivazione di piante di tutti i tipi. La sua formulazione innovativa garantisce una crescita rapida e rigogliosa delle piante, una maggiore produzione di frutti e una migliore resistenza alle malattie. \u00c8 un prodotto ideale per la coltivazione di piante in ogni fase della loro vita, dal trapianto alla raccolta, sia per colture indoor che outdoor.<\/p>\n<p>Insieme al Grow Dutch Formula, prendi anche due altri\u00a0<a href=\"https:\/\/swissherboriginal.com\/en\/product-category\/cultivation-items\/fertilisers\/\">fertilisers<\/a> della Advanced Hydroponics: <a href=\"https:\/\/swissherboriginal.com\/en\/shop\/cultivation-items\/fertilisers\/advanced-hydroponics-micro-dutch-formula\/\">il Micro<\/a> e <a href=\"https:\/\/swissherboriginal.com\/en\/shop\/cultivation-items\/fertilisers\/advanced-hydroponics-bloom-dutch-formula\/\">il Bloom<\/a>, per assicurarti che la tua pianta riceva tutto ci\u00f2 di cui ha bisogno, in tutte le sue fasi! Dai un\u2019occhiata anche ai nostri altri <a href=\"https:\/\/swissherboriginal.com\/en\/product-category\/cultivation-items\/\">cultivation items<\/a>.<\/p>","protected":false},"excerpt":{"rendered":"<ul>\n<li>Fertilizzante idroponica<\/li>\n<li>Formulazione innovativa<\/li>\n<li>Fase vegetativa<\/li>\n<li>Crescita rapida e rigogliosa<\/li>\n<li>Sostanze nutritive essenziali<\/li>\n<\/ul>","protected":false},"featured_media":3957,"comment_status":"open","ping_status":"closed","template":"","meta":[],"product_brand":[],"product_cat":[260,261],"product_tag":[128,660,318,331,316,317],"class_list":{"0":"post-497","1":"product","2":"type-product","3":"status-publish","4":"has-post-thumbnail","6":"product_cat-articoli-da-coltivazione","7":"product_cat-fertilizzanti","8":"product_tag-advanced-hydroponics-of-holland","9":"product_tag-coltivazione-cannabis","10":"product_tag-coltivazione-idroponica","11":"product_tag-coltivazione-in-cocco","12":"product_tag-fertilizzante-per-crescita","13":"product_tag-fertilizzanti-minerali","15":"first","16":"instock","17":"shipping-taxable","18":"purchasable","19":"product-type-variable"},"yoast_head":"<!-- This site is optimized with the Yoast SEO Premium plugin v22.0 (Yoast SEO v26.3) - https:\/\/yoast.com\/wordpress\/plugins\/seo\/ -->\n<title>Advanced Hydroponics Grow Dutch Formula | Swiss Herb Original<\/title>\n<meta name=\"description\" content=\"Migliora la crescita delle tue piante con Grow Dutch Formula di Advanced Hydroponics. Sperimenta la qualit\u00e0 superiore, prova oggi stesso!\" \/>\n<meta name=\"robots\" content=\"index, follow, max-snippet:-1, max-image-preview:large, max-video-preview:-1\" \/>\n<link rel=\"canonical\" href=\"https:\/\/swissherboriginal.com\/en\/shop\/cultivation-items\/fertilisers\/advanced-hydroponics-grow-dutch-formula\/\" \/>\n<meta property=\"og:locale\" content=\"en_GB\" \/>\n<meta property=\"og:type\" content=\"article\" \/>\n<meta property=\"og:title\" content=\"Advanced Hydroponics Grow Dutch Formula\" \/>\n<meta property=\"og:description\" content=\"Migliora la crescita delle tue piante con Grow Dutch Formula di Advanced Hydroponics. Sperimenta la qualit\u00e0 superiore, prova oggi stesso!\" \/>\n<meta property=\"og:url\" content=\"https:\/\/swissherboriginal.com\/en\/shop\/cultivation-items\/fertilisers\/advanced-hydroponics-grow-dutch-formula\/\" \/>\n<meta property=\"og:site_name\" content=\"Swiss Herb Original\" \/>\n<meta property=\"article:publisher\" content=\"https:\/\/www.facebook.com\/swissherboriginale\/\" \/>\n<meta property=\"article:modified_time\" content=\"2024-06-18T12:54:43+00:00\" \/>\n<meta property=\"og:image\" content=\"https:\/\/swissherboriginal.com\/wp-content\/uploads\/grow-dutch-formula-advanced-hydroponics-1l-swiss-herb-original.png\" \/>\n\t<meta property=\"og:image:width\" content=\"800\" \/>\n\t<meta property=\"og:image:height\" content=\"800\" \/>\n\t<meta property=\"og:image:type\" content=\"image\/png\" \/>\n<meta name=\"twitter:card\" content=\"summary_large_image\" \/>\n<meta name=\"twitter:image\" content=\"https:\/\/swissherboriginal.com\/wp-content\/uploads\/grow-dutch-formula-advanced-hydroponics-1l-swiss-herb-original.png\" \/>\n<meta name=\"twitter:label1\" content=\"Estimated reading time\" \/>\n\t<meta name=\"twitter:data1\" content=\"2 minutes\" \/>\n<script type=\"application\/ld+json\" class=\"yoast-schema-graph\">{\"@context\":\"https:\/\/schema.org\",\"@graph\":[{\"@type\":\"WebPage\",\"@id\":\"https:\/\/swissherboriginal.com\/shop\/articoli-da-coltivazione\/fertilizzanti\/advanced-hydroponics-grow-dutch-formula\/\",\"url\":\"https:\/\/swissherboriginal.com\/shop\/articoli-da-coltivazione\/fertilizzanti\/advanced-hydroponics-grow-dutch-formula\/\",\"name\":\"Advanced Hydroponics Grow Dutch Formula | Swiss Herb Original\",\"isPartOf\":{\"@id\":\"https:\/\/swissherboriginal.com\/#website\"},\"primaryImageOfPage\":{\"@id\":\"https:\/\/swissherboriginal.com\/shop\/articoli-da-coltivazione\/fertilizzanti\/advanced-hydroponics-grow-dutch-formula\/#primaryimage\"},\"image\":{\"@id\":\"https:\/\/swissherboriginal.com\/shop\/articoli-da-coltivazione\/fertilizzanti\/advanced-hydroponics-grow-dutch-formula\/#primaryimage\"},\"thumbnailUrl\":\"https:\/\/swissherboriginal.com\/wp-content\/uploads\/grow-dutch-formula-advanced-hydroponics-1l-swiss-herb-original.png\",\"datePublished\":\"2023-01-04T22:44:40+00:00\",\"dateModified\":\"2024-06-18T12:54:43+00:00\",\"description\":\"Migliora la crescita delle tue piante con Grow Dutch Formula di Advanced Hydroponics. Sperimenta la qualit\u00e0 superiore, prova oggi stesso!\",\"breadcrumb\":{\"@id\":\"https:\/\/swissherboriginal.com\/shop\/articoli-da-coltivazione\/fertilizzanti\/advanced-hydroponics-grow-dutch-formula\/#breadcrumb\"},\"inLanguage\":\"en-GB\",\"potentialAction\":[{\"@type\":\"ReadAction\",\"target\":[\"https:\/\/swissherboriginal.com\/shop\/articoli-da-coltivazione\/fertilizzanti\/advanced-hydroponics-grow-dutch-formula\/\"]}]},{\"@type\":\"ImageObject\",\"inLanguage\":\"en-GB\",\"@id\":\"https:\/\/swissherboriginal.com\/shop\/articoli-da-coltivazione\/fertilizzanti\/advanced-hydroponics-grow-dutch-formula\/#primaryimage\",\"url\":\"https:\/\/swissherboriginal.com\/wp-content\/uploads\/grow-dutch-formula-advanced-hydroponics-1l-swiss-herb-original.png\",\"contentUrl\":\"https:\/\/swissherboriginal.com\/wp-content\/uploads\/grow-dutch-formula-advanced-hydroponics-1l-swiss-herb-original.png\",\"width\":800,\"height\":800,\"caption\":\"Advanced Hydroponics Grow Dutch Formula\"},{\"@type\":\"BreadcrumbList\",\"@id\":\"https:\/\/swissherboriginal.com\/shop\/articoli-da-coltivazione\/fertilizzanti\/advanced-hydroponics-grow-dutch-formula\/#breadcrumb\",\"itemListElement\":[{\"@type\":\"ListItem\",\"position\":1,\"name\":\"Home\",\"item\":\"https:\/\/swissherboriginal.com\/\"},{\"@type\":\"ListItem\",\"position\":2,\"name\":\"Negozio Swiss Herb Original\",\"item\":\"https:\/\/swissherboriginal.com\/negozio-swiss-herb-original\/\"},{\"@type\":\"ListItem\",\"position\":3,\"name\":\"Advanced Hydroponics Grow Dutch Formula\"}]},{\"@type\":\"WebSite\",\"@id\":\"https:\/\/swissherboriginal.com\/#website\",\"url\":\"https:\/\/swissherboriginal.com\/\",\"name\":\"Swiss Herb Original\",\"description\":\"\",\"publisher\":{\"@id\":\"https:\/\/swissherboriginal.com\/#organization\"},\"potentialAction\":[{\"@type\":\"SearchAction\",\"target\":{\"@type\":\"EntryPoint\",\"urlTemplate\":\"https:\/\/swissherboriginal.com\/?s={search_term_string}\"},\"query-input\":{\"@type\":\"PropertyValueSpecification\",\"valueRequired\":true,\"valueName\":\"search_term_string\"}}],\"inLanguage\":\"en-GB\"},{\"@type\":\"Organization\",\"@id\":\"https:\/\/swissherboriginal.com\/#organization\",\"name\":\"Swiss Herb Original\",\"url\":\"https:\/\/swissherboriginal.com\/\",\"logo\":{\"@type\":\"ImageObject\",\"inLanguage\":\"en-GB\",\"@id\":\"https:\/\/swissherboriginal.com\/#\/schema\/logo\/image\/\",\"url\":\"https:\/\/swissherboriginal.com\/wp-content\/uploads\/logo-menu-tel-swissherb.png\",\"contentUrl\":\"https:\/\/swissherboriginal.com\/wp-content\/uploads\/logo-menu-tel-swissherb.png\",\"width\":512,\"height\":360,\"caption\":\"Swiss Herb Original\"},\"image\":{\"@id\":\"https:\/\/swissherboriginal.com\/#\/schema\/logo\/image\/\"},\"sameAs\":[\"https:\/\/www.facebook.com\/swissherboriginale\/\",\"https:\/\/www.instagram.com\/swissherb_original\"]}]}<\/script>\n<!-- \/ Yoast SEO Premium plugin. -->","yoast_head_json":{"title":"Advanced Hydroponics Grow Dutch Formula | Swiss Herb Original","description":"Migliora la crescita delle tue piante con Grow Dutch Formula di Advanced Hydroponics. Sperimenta la qualit\u00e0 superiore, prova oggi stesso!","robots":{"index":"index","follow":"follow","max-snippet":"max-snippet:-1","max-image-preview":"max-image-preview:large","max-video-preview":"max-video-preview:-1"},"canonical":"https:\/\/swissherboriginal.com\/en\/shop\/cultivation-items\/fertilisers\/advanced-hydroponics-grow-dutch-formula\/","og_locale":"en_GB","og_type":"article","og_title":"Advanced Hydroponics Grow Dutch Formula","og_description":"Migliora la crescita delle tue piante con Grow Dutch Formula di Advanced Hydroponics. Sperimenta la qualit\u00e0 superiore, prova oggi stesso!","og_url":"https:\/\/swissherboriginal.com\/en\/shop\/cultivation-items\/fertilisers\/advanced-hydroponics-grow-dutch-formula\/","og_site_name":"Swiss Herb Original","article_publisher":"https:\/\/www.facebook.com\/swissherboriginale\/","article_modified_time":"2024-06-18T12:54:43+00:00","og_image":[{"width":800,"height":800,"url":"https:\/\/swissherboriginal.com\/wp-content\/uploads\/grow-dutch-formula-advanced-hydroponics-1l-swiss-herb-original.png","type":"image\/png"}],"twitter_card":"summary_large_image","twitter_image":"https:\/\/swissherboriginal.com\/wp-content\/uploads\/grow-dutch-formula-advanced-hydroponics-1l-swiss-herb-original.png","twitter_misc":{"Estimated reading time":"2 minutes"},"schema":{"@context":"https:\/\/schema.org","@graph":[{"@type":"WebPage","@id":"https:\/\/swissherboriginal.com\/shop\/articoli-da-coltivazione\/fertilizzanti\/advanced-hydroponics-grow-dutch-formula\/","url":"https:\/\/swissherboriginal.com\/shop\/articoli-da-coltivazione\/fertilizzanti\/advanced-hydroponics-grow-dutch-formula\/","name":"Advanced Hydroponics Grow Dutch Formula | Swiss Herb Original","isPartOf":{"@id":"https:\/\/swissherboriginal.com\/#website"},"primaryImageOfPage":{"@id":"https:\/\/swissherboriginal.com\/shop\/articoli-da-coltivazione\/fertilizzanti\/advanced-hydroponics-grow-dutch-formula\/#primaryimage"},"image":{"@id":"https:\/\/swissherboriginal.com\/shop\/articoli-da-coltivazione\/fertilizzanti\/advanced-hydroponics-grow-dutch-formula\/#primaryimage"},"thumbnailUrl":"https:\/\/swissherboriginal.com\/wp-content\/uploads\/grow-dutch-formula-advanced-hydroponics-1l-swiss-herb-original.png","datePublished":"2023-01-04T22:44:40+00:00","dateModified":"2024-06-18T12:54:43+00:00","description":"Migliora la crescita delle tue piante con Grow Dutch Formula di Advanced Hydroponics. Sperimenta la qualit\u00e0 superiore, prova oggi stesso!","breadcrumb":{"@id":"https:\/\/swissherboriginal.com\/shop\/articoli-da-coltivazione\/fertilizzanti\/advanced-hydroponics-grow-dutch-formula\/#breadcrumb"},"inLanguage":"en-GB","potentialAction":[{"@type":"ReadAction","target":["https:\/\/swissherboriginal.com\/shop\/articoli-da-coltivazione\/fertilizzanti\/advanced-hydroponics-grow-dutch-formula\/"]}]},{"@type":"ImageObject","inLanguage":"en-GB","@id":"https:\/\/swissherboriginal.com\/shop\/articoli-da-coltivazione\/fertilizzanti\/advanced-hydroponics-grow-dutch-formula\/#primaryimage","url":"https:\/\/swissherboriginal.com\/wp-content\/uploads\/grow-dutch-formula-advanced-hydroponics-1l-swiss-herb-original.png","contentUrl":"https:\/\/swissherboriginal.com\/wp-content\/uploads\/grow-dutch-formula-advanced-hydroponics-1l-swiss-herb-original.png","width":800,"height":800,"caption":"Advanced Hydroponics Grow Dutch Formula"},{"@type":"BreadcrumbList","@id":"https:\/\/swissherboriginal.com\/shop\/articoli-da-coltivazione\/fertilizzanti\/advanced-hydroponics-grow-dutch-formula\/#breadcrumb","itemListElement":[{"@type":"ListItem","position":1,"name":"Home","item":"https:\/\/swissherboriginal.com\/"},{"@type":"ListItem","position":2,"name":"Negozio Swiss Herb Original","item":"https:\/\/swissherboriginal.com\/negozio-swiss-herb-original\/"},{"@type":"ListItem","position":3,"name":"Advanced Hydroponics Grow Dutch Formula"}]},{"@type":"WebSite","@id":"https:\/\/swissherboriginal.com\/#website","url":"https:\/\/swissherboriginal.com\/","name":"Swiss Herb Original","description":"","publisher":{"@id":"https:\/\/swissherboriginal.com\/#organization"},"potentialAction":[{"@type":"SearchAction","target":{"@type":"EntryPoint","urlTemplate":"https:\/\/swissherboriginal.com\/?s={search_term_string}"},"query-input":{"@type":"PropertyValueSpecification","valueRequired":true,"valueName":"search_term_string"}}],"inLanguage":"en-GB"},{"@type":"Organization","@id":"https:\/\/swissherboriginal.com\/#organization","name":"Swiss Herb Original","url":"https:\/\/swissherboriginal.com\/","logo":{"@type":"ImageObject","inLanguage":"en-GB","@id":"https:\/\/swissherboriginal.com\/#\/schema\/logo\/image\/","url":"https:\/\/swissherboriginal.com\/wp-content\/uploads\/logo-menu-tel-swissherb.png","contentUrl":"https:\/\/swissherboriginal.com\/wp-content\/uploads\/logo-menu-tel-swissherb.png","width":512,"height":360,"caption":"Swiss Herb Original"},"image":{"@id":"https:\/\/swissherboriginal.com\/#\/schema\/logo\/image\/"},"sameAs":["https:\/\/www.facebook.com\/swissherboriginale\/","https:\/\/www.instagram.com\/swissherb_original"]}]}},"_links":{"self":[{"href":"https:\/\/swissherboriginal.com\/en\/wp-json\/wp\/v2\/product\/497","targetHints":{"allow":["GET"]}}],"collection":[{"href":"https:\/\/swissherboriginal.com\/en\/wp-json\/wp\/v2\/product"}],"about":[{"href":"https:\/\/swissherboriginal.com\/en\/wp-json\/wp\/v2\/types\/product"}],"replies":[{"embeddable":true,"href":"https:\/\/swissherboriginal.com\/en\/wp-json\/wp\/v2\/comments?post=497"}],"wp:featuredmedia":[{"embeddable":true,"href":"https:\/\/swissherboriginal.com\/en\/wp-json\/wp\/v2\/media\/3957"}],"wp:attachment":[{"href":"https:\/\/swissherboriginal.com\/en\/wp-json\/wp\/v2\/media?parent=497"}],"wp:term":[{"taxonomy":"product_brand","embeddable":true,"href":"https:\/\/swissherboriginal.com\/en\/wp-json\/wp\/v2\/product_brand?post=497"},{"taxonomy":"product_cat","embeddable":true,"href":"https:\/\/swissherboriginal.com\/en\/wp-json\/wp\/v2\/product_cat?post=497"},{"taxonomy":"product_tag","embeddable":true,"href":"https:\/\/swissherboriginal.com\/en\/wp-json\/wp\/v2\/product_tag?post=497"}],"curies":[{"name":"wp","href":"https:\/\/api.w.org\/{rel}","templated":true}]}}