{"id":5004,"date":"2023-07-06T11:10:14","date_gmt":"2023-07-06T11:10:14","guid":{"rendered":"https:\/\/swissherboriginal.com\/?post_type=product&#038;p=5004"},"modified":"2023-11-16T15:02:32","modified_gmt":"2023-11-16T15:02:32","slug":"growbox-pirate-box-80x80x160cm","status":"publish","type":"product","link":"https:\/\/swissherboriginal.com\/en\/shop\/cultivation-items\/grow-box\/growbox-pirate-box-80x80x160cm\/","title":{"rendered":"GrowBox Pirate Box 80\u00d780\u00d7160 cm"},"content":{"rendered":"<h2>GrowBox Pirate Box 80\u00d780\u00d7160 cm<\/h2>\n<p>La GrowBox Pirate Box 80\u00d780\u00d7160 cm \u00e8 una struttura di alta qualit\u00e0 appositamente progettata per coltivatori indoor esigenti. Realizzata con una robusta struttura in metallo, questa growbox offre una solida base per sostenere il peso di impianti di illuminazione, ventilazione e altri accessori necessari per una coltivazione indoor.<\/p>\n<p>La parte interna della tela della GrowBox Pirate Box ha un colore argento riflettente che garantisce un&#8217;eccellente riflessione della luce. Questo contribuisce a massimizzare l&#8217;efficienza dell&#8217;illuminazione all&#8217;interno della growbox. Questo assicura che le piante ricevano la giusta quantit\u00e0 di luce necessaria per la fotosintesi e la crescita sana.<\/p>\n<p>Uno dei punti di forza di questa growbox \u00e8 il suo materiale extra spesso. Il materiale non solo offre una durata a lungo termine, ma \u00e8 anche resistente all&#8217;umidit\u00e0. Questo materiale \u00e8 progettato per non assorbire acqua e umidit\u00e0, mantenendo un ambiente interno controllato. Inoltre, previene il rischio di muffe e malattie che potrebbero danneggiare le piante.<\/p>\n<p>La GrowBox Pirate Box \u00e8 realizzata utilizzando solo materiali di alta qualit\u00e0, garantendo cos\u00ec la sua durata nel tempo. I tessuti utilizzati sono resistenti alle abrasioni e alle strappature. Questo significa che la growbox manterr\u00e0 le sue caratteristiche originali anche dopo un uso intensivo.<\/p>\n<p>Un vantaggio aggiuntivo di questa growbox \u00e8 la presenza di un fondo aggiuntivo che protegge da possibili fuoriuscite di acqua. Questo fondo \u00e8 resistente all&#8217;acqua e offre una protezione extra per il pavimento o la superficie su cui la growbox viene posizionata. Grazie a questo fondo aggiuntivo, \u00e8 possibile coltivare senza preoccuparsi di danni all&#8217;ambiente circostante.<\/p>\n<p>La GrowBox Pirate Box 80\u00d780\u00d7160 cm \u00e8 il partner ideale per i coltivatori indoor che cercano un prodotto affidabile e di alta qualit\u00e0. Grazie alla sua struttura in metallo solida e alle caratteristiche interne, questa growbox offre un ambiente di coltivazione ideale per le piante, garantendo una crescita sana e rigogliosa.<\/p>\n<p>Inoltre, la dimensione generosa di 80\u00d780\u00d7160 cm fornisce abbastanza spazio per una quantit\u00e0 considerevole di piante, consentendo di massimizzare la produzione e ottenere un rendimento soddisfacente.<\/p>\n<p>In sintesi, la GrowBox Pirate Box 80\u00d780\u00d7160 cm \u00e8 una growbox di alta qualit\u00e0 che offre un ambiente di coltivazione controllato e protetto per le piante indoor. Con la sua struttura in metallo resistente, la parte interna riflettente argentata e il materiale extra spesso che resiste all&#8217;acqua e all&#8217;umidit\u00e0, questa growbox offre una soluzione affidabile e duratura per i coltivatori esigenti. Con il fondo aggiuntivo che protegge da fuoriuscite di acqua, la GrowBox Pirate Box garantisce anche la sicurezza delle superfici su cui viene posizionata.<\/p>\n<p>Scopri altre dimensioni delle <a href=\"https:\/\/swissherboriginal.com\/en\/product-category\/cultivation-items\/grow-box\/\">grow box<\/a>, come <a href=\"https:\/\/swissherboriginal.com\/en\/shop\/cultivation-items\/grow-box\/growbox-pirate-box-100x100x200cm\/\">100\u00d7100\u00d7200 cm<\/a> o <a href=\"https:\/\/swissherboriginal.com\/en\/shop\/cultivation-items\/grow-box\/growbox-pirate-box-240x120x200cm\/\">240\u00d7120\u00d7200 cm<\/a> e dai un&#8217;occhiata anche ai nostri altri <a href=\"https:\/\/swissherboriginal.com\/en\/product-category\/cultivation-items\/\">articoli per la coltivazione della canapa<\/a>.<\/p>","protected":false},"excerpt":{"rendered":"<ul>\n<li>80\u00d780\u00d7160 cm<\/li>\n<li>95% Mylar<\/li>\n<li>Struttura in metallo<\/li>\n<li>Materiale resistente<\/li>\n<li>Fondo aggiuntivo<\/li>\n<\/ul>","protected":false},"featured_media":5201,"comment_status":"open","ping_status":"closed","template":"","meta":[],"product_brand":[],"product_cat":[260,274],"product_tag":[660,653,230],"class_list":{"0":"post-5004","1":"product","2":"type-product","3":"status-publish","4":"has-post-thumbnail","6":"product_cat-articoli-da-coltivazione","7":"product_cat-grow-box","8":"product_tag-coltivazione-cannabis","9":"product_tag-coltivazione-indoor","10":"product_tag-strumenti-per-cannabis","12":"first","13":"instock","14":"shipping-taxable","15":"purchasable","16":"product-type-simple"},"yoast_head":"<!-- This site is optimized with the Yoast SEO Premium plugin v22.0 (Yoast SEO v26.3) - https:\/\/yoast.com\/wordpress\/plugins\/seo\/ -->\n<title>GrowBox Pirate Box 80\u00d780\u00d7160 cm | Swiss Herb Original<\/title>\n<meta name=\"description\" content=\"GrowBox Pirate Box 80\u00d780\u00d7160 cm: per coltivatori indoor che desiderano qualit\u00e0 e resistenza. Ottimizza la tua coltivazione. Comprala adesso!\" \/>\n<meta name=\"robots\" content=\"index, follow, max-snippet:-1, max-image-preview:large, max-video-preview:-1\" \/>\n<link rel=\"canonical\" href=\"https:\/\/swissherboriginal.com\/en\/shop\/cultivation-items\/grow-box\/growbox-pirate-box-80x80x160cm\/\" \/>\n<meta property=\"og:locale\" content=\"en_GB\" \/>\n<meta property=\"og:type\" content=\"article\" \/>\n<meta property=\"og:title\" content=\"GrowBox Pirate Box 80\u00d780\u00d7160 cm\" \/>\n<meta property=\"og:description\" content=\"GrowBox Pirate Box 80\u00d780\u00d7160 cm: per coltivatori indoor che desiderano qualit\u00e0 e resistenza. Ottimizza la tua coltivazione. Comprala adesso!\" \/>\n<meta property=\"og:url\" content=\"https:\/\/swissherboriginal.com\/en\/shop\/cultivation-items\/grow-box\/growbox-pirate-box-80x80x160cm\/\" \/>\n<meta property=\"og:site_name\" content=\"Swiss Herb Original\" \/>\n<meta property=\"article:publisher\" content=\"https:\/\/www.facebook.com\/swissherboriginale\/\" \/>\n<meta property=\"article:modified_time\" content=\"2023-11-16T15:02:32+00:00\" \/>\n<meta property=\"og:image\" content=\"https:\/\/swissherboriginal.com\/wp-content\/uploads\/growbox-pirate-box-80x80x160cm-swiss-herb-original.png\" \/>\n\t<meta property=\"og:image:width\" content=\"800\" \/>\n\t<meta property=\"og:image:height\" content=\"800\" \/>\n\t<meta property=\"og:image:type\" content=\"image\/png\" \/>\n<meta name=\"twitter:card\" content=\"summary_large_image\" \/>\n<meta name=\"twitter:image\" content=\"https:\/\/swissherboriginal.com\/wp-content\/uploads\/growbox-pirate-box-80x80x160cm-swiss-herb-original.png\" \/>\n<meta name=\"twitter:label1\" content=\"Estimated reading time\" \/>\n\t<meta name=\"twitter:data1\" content=\"3 minutes\" \/>\n<script type=\"application\/ld+json\" class=\"yoast-schema-graph\">{\"@context\":\"https:\/\/schema.org\",\"@graph\":[{\"@type\":\"WebPage\",\"@id\":\"https:\/\/swissherboriginal.com\/shop\/articoli-da-coltivazione\/grow-box\/growbox-pirate-box-80x80x160cm\/\",\"url\":\"https:\/\/swissherboriginal.com\/shop\/articoli-da-coltivazione\/grow-box\/growbox-pirate-box-80x80x160cm\/\",\"name\":\"GrowBox Pirate Box 80\u00d780\u00d7160 cm | Swiss Herb Original\",\"isPartOf\":{\"@id\":\"https:\/\/swissherboriginal.com\/#website\"},\"primaryImageOfPage\":{\"@id\":\"https:\/\/swissherboriginal.com\/shop\/articoli-da-coltivazione\/grow-box\/growbox-pirate-box-80x80x160cm\/#primaryimage\"},\"image\":{\"@id\":\"https:\/\/swissherboriginal.com\/shop\/articoli-da-coltivazione\/grow-box\/growbox-pirate-box-80x80x160cm\/#primaryimage\"},\"thumbnailUrl\":\"https:\/\/swissherboriginal.com\/wp-content\/uploads\/growbox-pirate-box-80x80x160cm-swiss-herb-original.png\",\"datePublished\":\"2023-07-06T11:10:14+00:00\",\"dateModified\":\"2023-11-16T15:02:32+00:00\",\"description\":\"GrowBox Pirate Box 80\u00d780\u00d7160 cm: per coltivatori indoor che desiderano qualit\u00e0 e resistenza. Ottimizza la tua coltivazione. Comprala adesso!\",\"breadcrumb\":{\"@id\":\"https:\/\/swissherboriginal.com\/shop\/articoli-da-coltivazione\/grow-box\/growbox-pirate-box-80x80x160cm\/#breadcrumb\"},\"inLanguage\":\"en-GB\",\"potentialAction\":[{\"@type\":\"ReadAction\",\"target\":[\"https:\/\/swissherboriginal.com\/shop\/articoli-da-coltivazione\/grow-box\/growbox-pirate-box-80x80x160cm\/\"]}]},{\"@type\":\"ImageObject\",\"inLanguage\":\"en-GB\",\"@id\":\"https:\/\/swissherboriginal.com\/shop\/articoli-da-coltivazione\/grow-box\/growbox-pirate-box-80x80x160cm\/#primaryimage\",\"url\":\"https:\/\/swissherboriginal.com\/wp-content\/uploads\/growbox-pirate-box-80x80x160cm-swiss-herb-original.png\",\"contentUrl\":\"https:\/\/swissherboriginal.com\/wp-content\/uploads\/growbox-pirate-box-80x80x160cm-swiss-herb-original.png\",\"width\":800,\"height\":800,\"caption\":\"GrowBox Pirate Box 80\u00d780\u00d7160 cm\"},{\"@type\":\"BreadcrumbList\",\"@id\":\"https:\/\/swissherboriginal.com\/shop\/articoli-da-coltivazione\/grow-box\/growbox-pirate-box-80x80x160cm\/#breadcrumb\",\"itemListElement\":[{\"@type\":\"ListItem\",\"position\":1,\"name\":\"Home\",\"item\":\"https:\/\/swissherboriginal.com\/\"},{\"@type\":\"ListItem\",\"position\":2,\"name\":\"Negozio Swiss Herb Original\",\"item\":\"https:\/\/swissherboriginal.com\/negozio-swiss-herb-original\/\"},{\"@type\":\"ListItem\",\"position\":3,\"name\":\"GrowBox Pirate Box 80\u00d780\u00d7160 cm\"}]},{\"@type\":\"WebSite\",\"@id\":\"https:\/\/swissherboriginal.com\/#website\",\"url\":\"https:\/\/swissherboriginal.com\/\",\"name\":\"Swiss Herb Original\",\"description\":\"\",\"publisher\":{\"@id\":\"https:\/\/swissherboriginal.com\/#organization\"},\"potentialAction\":[{\"@type\":\"SearchAction\",\"target\":{\"@type\":\"EntryPoint\",\"urlTemplate\":\"https:\/\/swissherboriginal.com\/?s={search_term_string}\"},\"query-input\":{\"@type\":\"PropertyValueSpecification\",\"valueRequired\":true,\"valueName\":\"search_term_string\"}}],\"inLanguage\":\"en-GB\"},{\"@type\":\"Organization\",\"@id\":\"https:\/\/swissherboriginal.com\/#organization\",\"name\":\"Swiss Herb Original\",\"url\":\"https:\/\/swissherboriginal.com\/\",\"logo\":{\"@type\":\"ImageObject\",\"inLanguage\":\"en-GB\",\"@id\":\"https:\/\/swissherboriginal.com\/#\/schema\/logo\/image\/\",\"url\":\"https:\/\/swissherboriginal.com\/wp-content\/uploads\/logo-menu-tel-swissherb.png\",\"contentUrl\":\"https:\/\/swissherboriginal.com\/wp-content\/uploads\/logo-menu-tel-swissherb.png\",\"width\":512,\"height\":360,\"caption\":\"Swiss Herb Original\"},\"image\":{\"@id\":\"https:\/\/swissherboriginal.com\/#\/schema\/logo\/image\/\"},\"sameAs\":[\"https:\/\/www.facebook.com\/swissherboriginale\/\",\"https:\/\/www.instagram.com\/swissherb_original\"]}]}<\/script>\n<!-- \/ Yoast SEO Premium plugin. -->","yoast_head_json":{"title":"GrowBox Pirate Box 80\u00d780\u00d7160 cm | Swiss Herb Original","description":"GrowBox Pirate Box 80\u00d780\u00d7160 cm: per coltivatori indoor che desiderano qualit\u00e0 e resistenza. Ottimizza la tua coltivazione. Comprala adesso!","robots":{"index":"index","follow":"follow","max-snippet":"max-snippet:-1","max-image-preview":"max-image-preview:large","max-video-preview":"max-video-preview:-1"},"canonical":"https:\/\/swissherboriginal.com\/en\/shop\/cultivation-items\/grow-box\/growbox-pirate-box-80x80x160cm\/","og_locale":"en_GB","og_type":"article","og_title":"GrowBox Pirate Box 80\u00d780\u00d7160 cm","og_description":"GrowBox Pirate Box 80\u00d780\u00d7160 cm: per coltivatori indoor che desiderano qualit\u00e0 e resistenza. Ottimizza la tua coltivazione. Comprala adesso!","og_url":"https:\/\/swissherboriginal.com\/en\/shop\/cultivation-items\/grow-box\/growbox-pirate-box-80x80x160cm\/","og_site_name":"Swiss Herb Original","article_publisher":"https:\/\/www.facebook.com\/swissherboriginale\/","article_modified_time":"2023-11-16T15:02:32+00:00","og_image":[{"width":800,"height":800,"url":"https:\/\/swissherboriginal.com\/wp-content\/uploads\/growbox-pirate-box-80x80x160cm-swiss-herb-original.png","type":"image\/png"}],"twitter_card":"summary_large_image","twitter_image":"https:\/\/swissherboriginal.com\/wp-content\/uploads\/growbox-pirate-box-80x80x160cm-swiss-herb-original.png","twitter_misc":{"Estimated reading time":"3 minutes"},"schema":{"@context":"https:\/\/schema.org","@graph":[{"@type":"WebPage","@id":"https:\/\/swissherboriginal.com\/shop\/articoli-da-coltivazione\/grow-box\/growbox-pirate-box-80x80x160cm\/","url":"https:\/\/swissherboriginal.com\/shop\/articoli-da-coltivazione\/grow-box\/growbox-pirate-box-80x80x160cm\/","name":"GrowBox Pirate Box 80\u00d780\u00d7160 cm | Swiss Herb Original","isPartOf":{"@id":"https:\/\/swissherboriginal.com\/#website"},"primaryImageOfPage":{"@id":"https:\/\/swissherboriginal.com\/shop\/articoli-da-coltivazione\/grow-box\/growbox-pirate-box-80x80x160cm\/#primaryimage"},"image":{"@id":"https:\/\/swissherboriginal.com\/shop\/articoli-da-coltivazione\/grow-box\/growbox-pirate-box-80x80x160cm\/#primaryimage"},"thumbnailUrl":"https:\/\/swissherboriginal.com\/wp-content\/uploads\/growbox-pirate-box-80x80x160cm-swiss-herb-original.png","datePublished":"2023-07-06T11:10:14+00:00","dateModified":"2023-11-16T15:02:32+00:00","description":"GrowBox Pirate Box 80\u00d780\u00d7160 cm: per coltivatori indoor che desiderano qualit\u00e0 e resistenza. Ottimizza la tua coltivazione. Comprala adesso!","breadcrumb":{"@id":"https:\/\/swissherboriginal.com\/shop\/articoli-da-coltivazione\/grow-box\/growbox-pirate-box-80x80x160cm\/#breadcrumb"},"inLanguage":"en-GB","potentialAction":[{"@type":"ReadAction","target":["https:\/\/swissherboriginal.com\/shop\/articoli-da-coltivazione\/grow-box\/growbox-pirate-box-80x80x160cm\/"]}]},{"@type":"ImageObject","inLanguage":"en-GB","@id":"https:\/\/swissherboriginal.com\/shop\/articoli-da-coltivazione\/grow-box\/growbox-pirate-box-80x80x160cm\/#primaryimage","url":"https:\/\/swissherboriginal.com\/wp-content\/uploads\/growbox-pirate-box-80x80x160cm-swiss-herb-original.png","contentUrl":"https:\/\/swissherboriginal.com\/wp-content\/uploads\/growbox-pirate-box-80x80x160cm-swiss-herb-original.png","width":800,"height":800,"caption":"GrowBox Pirate Box 80\u00d780\u00d7160 cm"},{"@type":"BreadcrumbList","@id":"https:\/\/swissherboriginal.com\/shop\/articoli-da-coltivazione\/grow-box\/growbox-pirate-box-80x80x160cm\/#breadcrumb","itemListElement":[{"@type":"ListItem","position":1,"name":"Home","item":"https:\/\/swissherboriginal.com\/"},{"@type":"ListItem","position":2,"name":"Negozio Swiss Herb Original","item":"https:\/\/swissherboriginal.com\/negozio-swiss-herb-original\/"},{"@type":"ListItem","position":3,"name":"GrowBox Pirate Box 80\u00d780\u00d7160 cm"}]},{"@type":"WebSite","@id":"https:\/\/swissherboriginal.com\/#website","url":"https:\/\/swissherboriginal.com\/","name":"Swiss Herb Original","description":"","publisher":{"@id":"https:\/\/swissherboriginal.com\/#organization"},"potentialAction":[{"@type":"SearchAction","target":{"@type":"EntryPoint","urlTemplate":"https:\/\/swissherboriginal.com\/?s={search_term_string}"},"query-input":{"@type":"PropertyValueSpecification","valueRequired":true,"valueName":"search_term_string"}}],"inLanguage":"en-GB"},{"@type":"Organization","@id":"https:\/\/swissherboriginal.com\/#organization","name":"Swiss Herb Original","url":"https:\/\/swissherboriginal.com\/","logo":{"@type":"ImageObject","inLanguage":"en-GB","@id":"https:\/\/swissherboriginal.com\/#\/schema\/logo\/image\/","url":"https:\/\/swissherboriginal.com\/wp-content\/uploads\/logo-menu-tel-swissherb.png","contentUrl":"https:\/\/swissherboriginal.com\/wp-content\/uploads\/logo-menu-tel-swissherb.png","width":512,"height":360,"caption":"Swiss Herb Original"},"image":{"@id":"https:\/\/swissherboriginal.com\/#\/schema\/logo\/image\/"},"sameAs":["https:\/\/www.facebook.com\/swissherboriginale\/","https:\/\/www.instagram.com\/swissherb_original"]}]}},"_links":{"self":[{"href":"https:\/\/swissherboriginal.com\/en\/wp-json\/wp\/v2\/product\/5004","targetHints":{"allow":["GET"]}}],"collection":[{"href":"https:\/\/swissherboriginal.com\/en\/wp-json\/wp\/v2\/product"}],"about":[{"href":"https:\/\/swissherboriginal.com\/en\/wp-json\/wp\/v2\/types\/product"}],"replies":[{"embeddable":true,"href":"https:\/\/swissherboriginal.com\/en\/wp-json\/wp\/v2\/comments?post=5004"}],"wp:featuredmedia":[{"embeddable":true,"href":"https:\/\/swissherboriginal.com\/en\/wp-json\/wp\/v2\/media\/5201"}],"wp:attachment":[{"href":"https:\/\/swissherboriginal.com\/en\/wp-json\/wp\/v2\/media?parent=5004"}],"wp:term":[{"taxonomy":"product_brand","embeddable":true,"href":"https:\/\/swissherboriginal.com\/en\/wp-json\/wp\/v2\/product_brand?post=5004"},{"taxonomy":"product_cat","embeddable":true,"href":"https:\/\/swissherboriginal.com\/en\/wp-json\/wp\/v2\/product_cat?post=5004"},{"taxonomy":"product_tag","embeddable":true,"href":"https:\/\/swissherboriginal.com\/en\/wp-json\/wp\/v2\/product_tag?post=5004"}],"curies":[{"name":"wp","href":"https:\/\/api.w.org\/{rel}","templated":true}]}}