{"id":748,"date":"2023-01-07T15:07:53","date_gmt":"2023-01-07T15:07:53","guid":{"rendered":"https:\/\/swissherboriginal.com\/?post_type=product&#038;p=748"},"modified":"2023-11-17T13:37:00","modified_gmt":"2023-11-17T13:37:00","slug":"advanced-nutrients-nirvana","status":"publish","type":"product","link":"https:\/\/swissherboriginal.com\/en\/shop\/cultivation-items\/fertilisers\/advanced-nutrients-nirvana\/","title":{"rendered":"Advanced Nutrients Nirvana"},"content":{"rendered":"<h2>Advanced Nutrients Nirvana<\/h2>\n<p>Nirvana \u00e8 un prodotto di marca Advanced Nutrients, concepito appositamente come stimolatore di fioritura per le piante di canapa. L&#8217;obiettivo della formulazione \u00e8 quello di accelerare il processo di crescita e stimolare la produzione di fiori pi\u00f9 pesanti e ricchi di resina.<\/p>\n<p>Advanced Nutrients Nirvana raggiunge questo obiettivo grazie alla sua formula a base di amminoacidi, vitamine, carboidrati e altri nutrienti che lavorano in sinergia per ottimizzare il metabolismo delle piante. Grazie alla presenza di amminoacidi, Nirvana assicura di fornire alle piante di canapa una grande quantit\u00e0 di energia, contribuendo al loro sviluppo in modo rapido ed uniforme. Le vitamine favoriscono la sintesi di sostanze indispensabili per la crescita vegetale. La presenza di carboidrati, invece, aumenta la quantit\u00e0 di zuccheri prodotti dalle piante, necessari per la formazione di fiori pi\u00f9 voluminosi e resinati.<\/p>\n<p>Un altro punto di forza di Nirvana \u00e8 rappresentato dalla sua capacit\u00e0 di migliorare la salute delle piante di canapa. Grazie ai suoi ingredienti naturali, \u00e8 in grado di rinforzare il sistema immunitario delle piante, proteggendole dagli attacchi di parassiti e malattie. Inoltre, Nirvana garantisce alla pianta una maggiore resistenza alle condizioni avverse come vento, freddo o calore eccessivi. In questo modo la pianta pu\u00f2 concentrare la sua energia sulla crescita rigogliosa dei fiori.<\/p>\n<p>Un\u2019altra peculiarit\u00e0 di Nirvana \u00e8 la sua capacit\u00e0 di migliorare la qualit\u00e0 del prodotto finale. Grazie alla sua formula, Nirvana rende i fiori delle piante di canapa pi\u00f9 fragranti e gustosi, potenziando la loro potenza e le propriet\u00e0 terapeutiche.<\/p>\n<p>In sintesi, Advanced Nutrients Nirvana \u00e8 un additivo per piante di canapa di alta qualit\u00e0 che non solo accelera la crescita delle piante, ma migliora anche la qualit\u00e0 dei fiori prodotti. Con la sua formulazione naturale, Nirvana si posiziona come uno dei migliori stimolatori di fioritura presenti sul mercato, adatto sia ai coltivatori principianti sia a quelli pi\u00f9 esperti che vogliono portare la coltivazione di canapa al livello successivo.<\/p>\n<p><a href=\"https:\/\/swissherboriginal.com\/en\/product-tag\/advanced-nutrients\/\">Advanced Nutrients<\/a> pu\u00f2 offrirti tantissimi <a href=\"https:\/\/swissherboriginal.com\/en\/product-category\/cultivation-items\/fertilisers\/\">fertilisers<\/a> per tutte le tue necessit\u00e0. Desideri stimolare la crescita delle radici? <a href=\"https:\/\/swissherboriginal.com\/en\/shop\/cultivation-items\/fertilisers\/advanced-nutrients-voodoo-juice\/\">Voodoo Juice<\/a> \u00e8 il prodotto perfetto per la tua pianta. Dai un\u2019occhiata anche ai nostri altri <a href=\"https:\/\/swissherboriginal.com\/en\/product-category\/cultivation-items\/\">cultivation items<\/a>.<\/p>","protected":false},"excerpt":{"rendered":"<ul>\n<li>Additivo per piante<\/li>\n<li>Stimolatore di fioritura<\/li>\n<li>Accelera la crescita<\/li>\n<li>Migliora la qualit\u00e0 dei fiori<\/li>\n<li>Fiori pi\u00f9 grandi e resinosi<\/li>\n<\/ul>","protected":false},"featured_media":3885,"comment_status":"open","ping_status":"closed","template":"","meta":[],"product_brand":[],"product_cat":[260,261],"product_tag":[335,109,660,689,318,653,246,320],"class_list":{"0":"post-748","1":"product","2":"type-product","3":"status-publish","4":"has-post-thumbnail","6":"product_cat-articoli-da-coltivazione","7":"product_cat-fertilizzanti","8":"product_tag-additivo-per-piante","9":"product_tag-advanced-nutrients","10":"product_tag-coltivazione-cannabis","11":"product_tag-coltivazione-greenhouse","12":"product_tag-coltivazione-idroponica","13":"product_tag-coltivazione-indoor","14":"product_tag-fertilizzanti-biologici","15":"product_tag-stimolatore-di-fioritura","17":"first","18":"outofstock","19":"shipping-taxable","20":"purchasable","21":"product-type-variable"},"yoast_head":"<!-- This site is optimized with the Yoast SEO Premium plugin v22.0 (Yoast SEO v26.3) - https:\/\/yoast.com\/wordpress\/plugins\/seo\/ -->\n<title>Advanced Nutrients Nirvana | Additivo Piante | Swiss Herb Original<\/title>\n<meta name=\"description\" content=\"Stimola la fioritura delle tue piante di canapa con Nirvana di Advanced Nutrients. Piena di nutrienti, accelera la crescita. Provalo ora!\" \/>\n<meta name=\"robots\" content=\"index, follow, max-snippet:-1, max-image-preview:large, max-video-preview:-1\" \/>\n<link rel=\"canonical\" href=\"https:\/\/swissherboriginal.com\/en\/shop\/cultivation-items\/fertilisers\/advanced-nutrients-nirvana\/\" \/>\n<meta property=\"og:locale\" content=\"en_GB\" \/>\n<meta property=\"og:type\" content=\"article\" \/>\n<meta property=\"og:title\" content=\"Advanced Nutrients Nirvana\" \/>\n<meta property=\"og:description\" content=\"Stimola la fioritura delle tue piante di canapa con Nirvana di Advanced Nutrients. Piena di nutrienti, accelera la crescita. Provalo ora!\" \/>\n<meta property=\"og:url\" content=\"https:\/\/swissherboriginal.com\/en\/shop\/cultivation-items\/fertilisers\/advanced-nutrients-nirvana\/\" \/>\n<meta property=\"og:site_name\" content=\"Swiss Herb Original\" \/>\n<meta property=\"article:publisher\" content=\"https:\/\/www.facebook.com\/swissherboriginale\/\" \/>\n<meta property=\"article:modified_time\" content=\"2023-11-17T13:37:00+00:00\" \/>\n<meta property=\"og:image\" content=\"https:\/\/swissherboriginal.com\/wp-content\/uploads\/advanced-nutrients-nirvana-1l-swiss-herb-original.png\" \/>\n\t<meta property=\"og:image:width\" content=\"800\" \/>\n\t<meta property=\"og:image:height\" content=\"800\" \/>\n\t<meta property=\"og:image:type\" content=\"image\/png\" \/>\n<meta name=\"twitter:card\" content=\"summary_large_image\" \/>\n<meta name=\"twitter:image\" content=\"https:\/\/swissherboriginal.com\/wp-content\/uploads\/advanced-nutrients-nirvana-1l-swiss-herb-original.png\" \/>\n<meta name=\"twitter:label1\" content=\"Estimated reading time\" \/>\n\t<meta name=\"twitter:data1\" content=\"2 minutes\" \/>\n<script type=\"application\/ld+json\" class=\"yoast-schema-graph\">{\"@context\":\"https:\/\/schema.org\",\"@graph\":[{\"@type\":\"WebPage\",\"@id\":\"https:\/\/swissherboriginal.com\/shop\/articoli-da-coltivazione\/fertilizzanti\/advanced-nutrients-nirvana\/\",\"url\":\"https:\/\/swissherboriginal.com\/shop\/articoli-da-coltivazione\/fertilizzanti\/advanced-nutrients-nirvana\/\",\"name\":\"Advanced Nutrients Nirvana | Additivo Piante | Swiss Herb Original\",\"isPartOf\":{\"@id\":\"https:\/\/swissherboriginal.com\/#website\"},\"primaryImageOfPage\":{\"@id\":\"https:\/\/swissherboriginal.com\/shop\/articoli-da-coltivazione\/fertilizzanti\/advanced-nutrients-nirvana\/#primaryimage\"},\"image\":{\"@id\":\"https:\/\/swissherboriginal.com\/shop\/articoli-da-coltivazione\/fertilizzanti\/advanced-nutrients-nirvana\/#primaryimage\"},\"thumbnailUrl\":\"https:\/\/swissherboriginal.com\/wp-content\/uploads\/advanced-nutrients-nirvana-1l-swiss-herb-original.png\",\"datePublished\":\"2023-01-07T15:07:53+00:00\",\"dateModified\":\"2023-11-17T13:37:00+00:00\",\"description\":\"Stimola la fioritura delle tue piante di canapa con Nirvana di Advanced Nutrients. Piena di nutrienti, accelera la crescita. Provalo ora!\",\"breadcrumb\":{\"@id\":\"https:\/\/swissherboriginal.com\/shop\/articoli-da-coltivazione\/fertilizzanti\/advanced-nutrients-nirvana\/#breadcrumb\"},\"inLanguage\":\"en-GB\",\"potentialAction\":[{\"@type\":\"ReadAction\",\"target\":[\"https:\/\/swissherboriginal.com\/shop\/articoli-da-coltivazione\/fertilizzanti\/advanced-nutrients-nirvana\/\"]}]},{\"@type\":\"ImageObject\",\"inLanguage\":\"en-GB\",\"@id\":\"https:\/\/swissherboriginal.com\/shop\/articoli-da-coltivazione\/fertilizzanti\/advanced-nutrients-nirvana\/#primaryimage\",\"url\":\"https:\/\/swissherboriginal.com\/wp-content\/uploads\/advanced-nutrients-nirvana-1l-swiss-herb-original.png\",\"contentUrl\":\"https:\/\/swissherboriginal.com\/wp-content\/uploads\/advanced-nutrients-nirvana-1l-swiss-herb-original.png\",\"width\":800,\"height\":800,\"caption\":\"Advanced Nutrients Nirvana\"},{\"@type\":\"BreadcrumbList\",\"@id\":\"https:\/\/swissherboriginal.com\/shop\/articoli-da-coltivazione\/fertilizzanti\/advanced-nutrients-nirvana\/#breadcrumb\",\"itemListElement\":[{\"@type\":\"ListItem\",\"position\":1,\"name\":\"Home\",\"item\":\"https:\/\/swissherboriginal.com\/\"},{\"@type\":\"ListItem\",\"position\":2,\"name\":\"Negozio Swiss Herb Original\",\"item\":\"https:\/\/swissherboriginal.com\/negozio-swiss-herb-original\/\"},{\"@type\":\"ListItem\",\"position\":3,\"name\":\"Advanced Nutrients Nirvana\"}]},{\"@type\":\"WebSite\",\"@id\":\"https:\/\/swissherboriginal.com\/#website\",\"url\":\"https:\/\/swissherboriginal.com\/\",\"name\":\"Swiss Herb Original\",\"description\":\"\",\"publisher\":{\"@id\":\"https:\/\/swissherboriginal.com\/#organization\"},\"potentialAction\":[{\"@type\":\"SearchAction\",\"target\":{\"@type\":\"EntryPoint\",\"urlTemplate\":\"https:\/\/swissherboriginal.com\/?s={search_term_string}\"},\"query-input\":{\"@type\":\"PropertyValueSpecification\",\"valueRequired\":true,\"valueName\":\"search_term_string\"}}],\"inLanguage\":\"en-GB\"},{\"@type\":\"Organization\",\"@id\":\"https:\/\/swissherboriginal.com\/#organization\",\"name\":\"Swiss Herb Original\",\"url\":\"https:\/\/swissherboriginal.com\/\",\"logo\":{\"@type\":\"ImageObject\",\"inLanguage\":\"en-GB\",\"@id\":\"https:\/\/swissherboriginal.com\/#\/schema\/logo\/image\/\",\"url\":\"https:\/\/swissherboriginal.com\/wp-content\/uploads\/logo-menu-tel-swissherb.png\",\"contentUrl\":\"https:\/\/swissherboriginal.com\/wp-content\/uploads\/logo-menu-tel-swissherb.png\",\"width\":512,\"height\":360,\"caption\":\"Swiss Herb Original\"},\"image\":{\"@id\":\"https:\/\/swissherboriginal.com\/#\/schema\/logo\/image\/\"},\"sameAs\":[\"https:\/\/www.facebook.com\/swissherboriginale\/\",\"https:\/\/www.instagram.com\/swissherb_original\"]}]}<\/script>\n<!-- \/ Yoast SEO Premium plugin. -->","yoast_head_json":{"title":"Advanced Nutrients Nirvana | Additivo Piante | Swiss Herb Original","description":"Stimola la fioritura delle tue piante di canapa con Nirvana di Advanced Nutrients. Piena di nutrienti, accelera la crescita. Provalo ora!","robots":{"index":"index","follow":"follow","max-snippet":"max-snippet:-1","max-image-preview":"max-image-preview:large","max-video-preview":"max-video-preview:-1"},"canonical":"https:\/\/swissherboriginal.com\/en\/shop\/cultivation-items\/fertilisers\/advanced-nutrients-nirvana\/","og_locale":"en_GB","og_type":"article","og_title":"Advanced Nutrients Nirvana","og_description":"Stimola la fioritura delle tue piante di canapa con Nirvana di Advanced Nutrients. Piena di nutrienti, accelera la crescita. Provalo ora!","og_url":"https:\/\/swissherboriginal.com\/en\/shop\/cultivation-items\/fertilisers\/advanced-nutrients-nirvana\/","og_site_name":"Swiss Herb Original","article_publisher":"https:\/\/www.facebook.com\/swissherboriginale\/","article_modified_time":"2023-11-17T13:37:00+00:00","og_image":[{"width":800,"height":800,"url":"https:\/\/swissherboriginal.com\/wp-content\/uploads\/advanced-nutrients-nirvana-1l-swiss-herb-original.png","type":"image\/png"}],"twitter_card":"summary_large_image","twitter_image":"https:\/\/swissherboriginal.com\/wp-content\/uploads\/advanced-nutrients-nirvana-1l-swiss-herb-original.png","twitter_misc":{"Estimated reading time":"2 minutes"},"schema":{"@context":"https:\/\/schema.org","@graph":[{"@type":"WebPage","@id":"https:\/\/swissherboriginal.com\/shop\/articoli-da-coltivazione\/fertilizzanti\/advanced-nutrients-nirvana\/","url":"https:\/\/swissherboriginal.com\/shop\/articoli-da-coltivazione\/fertilizzanti\/advanced-nutrients-nirvana\/","name":"Advanced Nutrients Nirvana | Additivo Piante | Swiss Herb Original","isPartOf":{"@id":"https:\/\/swissherboriginal.com\/#website"},"primaryImageOfPage":{"@id":"https:\/\/swissherboriginal.com\/shop\/articoli-da-coltivazione\/fertilizzanti\/advanced-nutrients-nirvana\/#primaryimage"},"image":{"@id":"https:\/\/swissherboriginal.com\/shop\/articoli-da-coltivazione\/fertilizzanti\/advanced-nutrients-nirvana\/#primaryimage"},"thumbnailUrl":"https:\/\/swissherboriginal.com\/wp-content\/uploads\/advanced-nutrients-nirvana-1l-swiss-herb-original.png","datePublished":"2023-01-07T15:07:53+00:00","dateModified":"2023-11-17T13:37:00+00:00","description":"Stimola la fioritura delle tue piante di canapa con Nirvana di Advanced Nutrients. Piena di nutrienti, accelera la crescita. Provalo ora!","breadcrumb":{"@id":"https:\/\/swissherboriginal.com\/shop\/articoli-da-coltivazione\/fertilizzanti\/advanced-nutrients-nirvana\/#breadcrumb"},"inLanguage":"en-GB","potentialAction":[{"@type":"ReadAction","target":["https:\/\/swissherboriginal.com\/shop\/articoli-da-coltivazione\/fertilizzanti\/advanced-nutrients-nirvana\/"]}]},{"@type":"ImageObject","inLanguage":"en-GB","@id":"https:\/\/swissherboriginal.com\/shop\/articoli-da-coltivazione\/fertilizzanti\/advanced-nutrients-nirvana\/#primaryimage","url":"https:\/\/swissherboriginal.com\/wp-content\/uploads\/advanced-nutrients-nirvana-1l-swiss-herb-original.png","contentUrl":"https:\/\/swissherboriginal.com\/wp-content\/uploads\/advanced-nutrients-nirvana-1l-swiss-herb-original.png","width":800,"height":800,"caption":"Advanced Nutrients Nirvana"},{"@type":"BreadcrumbList","@id":"https:\/\/swissherboriginal.com\/shop\/articoli-da-coltivazione\/fertilizzanti\/advanced-nutrients-nirvana\/#breadcrumb","itemListElement":[{"@type":"ListItem","position":1,"name":"Home","item":"https:\/\/swissherboriginal.com\/"},{"@type":"ListItem","position":2,"name":"Negozio Swiss Herb Original","item":"https:\/\/swissherboriginal.com\/negozio-swiss-herb-original\/"},{"@type":"ListItem","position":3,"name":"Advanced Nutrients Nirvana"}]},{"@type":"WebSite","@id":"https:\/\/swissherboriginal.com\/#website","url":"https:\/\/swissherboriginal.com\/","name":"Swiss Herb Original","description":"","publisher":{"@id":"https:\/\/swissherboriginal.com\/#organization"},"potentialAction":[{"@type":"SearchAction","target":{"@type":"EntryPoint","urlTemplate":"https:\/\/swissherboriginal.com\/?s={search_term_string}"},"query-input":{"@type":"PropertyValueSpecification","valueRequired":true,"valueName":"search_term_string"}}],"inLanguage":"en-GB"},{"@type":"Organization","@id":"https:\/\/swissherboriginal.com\/#organization","name":"Swiss Herb Original","url":"https:\/\/swissherboriginal.com\/","logo":{"@type":"ImageObject","inLanguage":"en-GB","@id":"https:\/\/swissherboriginal.com\/#\/schema\/logo\/image\/","url":"https:\/\/swissherboriginal.com\/wp-content\/uploads\/logo-menu-tel-swissherb.png","contentUrl":"https:\/\/swissherboriginal.com\/wp-content\/uploads\/logo-menu-tel-swissherb.png","width":512,"height":360,"caption":"Swiss Herb Original"},"image":{"@id":"https:\/\/swissherboriginal.com\/#\/schema\/logo\/image\/"},"sameAs":["https:\/\/www.facebook.com\/swissherboriginale\/","https:\/\/www.instagram.com\/swissherb_original"]}]}},"_links":{"self":[{"href":"https:\/\/swissherboriginal.com\/en\/wp-json\/wp\/v2\/product\/748","targetHints":{"allow":["GET"]}}],"collection":[{"href":"https:\/\/swissherboriginal.com\/en\/wp-json\/wp\/v2\/product"}],"about":[{"href":"https:\/\/swissherboriginal.com\/en\/wp-json\/wp\/v2\/types\/product"}],"replies":[{"embeddable":true,"href":"https:\/\/swissherboriginal.com\/en\/wp-json\/wp\/v2\/comments?post=748"}],"wp:featuredmedia":[{"embeddable":true,"href":"https:\/\/swissherboriginal.com\/en\/wp-json\/wp\/v2\/media\/3885"}],"wp:attachment":[{"href":"https:\/\/swissherboriginal.com\/en\/wp-json\/wp\/v2\/media?parent=748"}],"wp:term":[{"taxonomy":"product_brand","embeddable":true,"href":"https:\/\/swissherboriginal.com\/en\/wp-json\/wp\/v2\/product_brand?post=748"},{"taxonomy":"product_cat","embeddable":true,"href":"https:\/\/swissherboriginal.com\/en\/wp-json\/wp\/v2\/product_cat?post=748"},{"taxonomy":"product_tag","embeddable":true,"href":"https:\/\/swissherboriginal.com\/en\/wp-json\/wp\/v2\/product_tag?post=748"}],"curies":[{"name":"wp","href":"https:\/\/api.w.org\/{rel}","templated":true}]}}