{"id":773,"date":"2023-01-07T16:18:11","date_gmt":"2023-01-07T16:18:11","guid":{"rendered":"https:\/\/swissherboriginal.com\/?post_type=product&#038;p=773"},"modified":"2023-11-21T12:24:31","modified_gmt":"2023-11-21T12:24:31","slug":"plagron-terra-bloom","status":"publish","type":"product","link":"https:\/\/swissherboriginal.com\/en\/shop\/cultivation-items\/fertilisers\/plagron-terra-bloom\/","title":{"rendered":"Plagron Terra Bloom"},"content":{"rendered":"<h2>Plagron Terra Bloom<\/h2>\n<p>Il Plagron Terra Bloom \u00e8 un potente fertilizzante progettato per la fase di fioritura delle piante di canapa. Aiuta a massimizzare i rendimenti e a produrre boccioli pi\u00f9 grandi e pi\u00f9 densi. Realizzato con ingredienti di alta qualit\u00e0, questo prodotto \u00e8 specificamente formulato per fornire alle piante nutrienti essenziali durante la fase di fioritura. Assicurando cos\u00ec che siano in grado di produrre i migliori risultati possibili.<\/p>\n<p>Il Terra Bloom di Plagron \u00e8 facile da usare, e pu\u00f2 essere utilizzato sia per la coltivazione indoor che outdoor. Questo prodotto \u00e8 dotato di una formula bilanciata che fornisce ai tessuti delle piante una combinazione di nutrienti essenziali come azoto, fosforo e potassio, combinati con altri micronutrienti che aiutano a stimolare la crescita e la fioritura delle piante.<\/p>\n<p>L&#8217;utilizzo del Terra Bloom garantisce una fioritura rigogliosa e una resa di qualit\u00e0 superiore, grazie alla sua capacit\u00e0 di aumentare la quantit\u00e0 di fiori e migliorare la loro qualit\u00e0. Questo fertilizzante rimane in equilibrio con il pH del suolo, garantendo una crescita equilibrata delle piante e la miglior produzione di cannabinoidi e terpeni.<\/p>\n<p>Inoltre, il Terra Bloom di Plagron \u00e8 estremamente efficace e fornisce risultati visibili in poche settimane. La sua efficacia \u00e8 stata confermata da molti coltivatori esperti, che hanno utilizzato questo prodotto con successo per coltivare i loro raccolti di canapa.<\/p>\n<p>Infine, \u00e8 importante notare che il Plagron Terra Bloom \u00e8 un prodotto completamente sicuro e naturale, che non contiene sostanze nocive o tossiche. Questo lo rende uno dei migliori fertilizzanti a disposizione per la coltivazione di piante di canapa, sia per i coltivatori esperti che per quelli meno esperti. Con il suo equilibrio perfettamente bilanciato di nutrienti essenziali, il Terra Bloom di Plagron \u00e8 sicuramente un&#8217;opzione da considerare se si desidera ottenere i migliori risultati nella coltivazione di piante di canapa.<\/p>\n<p>Per ottimizzare lo sviluppo della tua pianta dall&#8217;inizio alla fine, abbina questo prodotto al <a href=\"https:\/\/swissherboriginal.com\/en\/shop\/cultivation-items\/fertilisers\/plagron-terra-grow\/\">Terra Grow<\/a>, ovvero <a href=\"https:\/\/swissherboriginal.com\/en\/product-category\/cultivation-items\/fertilisers\/\">fertilizzante<\/a> per la fase vegetativa! Dai un\u2019occhiata anche ai nostri altri <a href=\"https:\/\/swissherboriginal.com\/en\/product-category\/cultivation-items\/\">cultivation items<\/a>.<\/p>","protected":false},"excerpt":{"rendered":"<ul>\n<li>Fertilizzante fioritura<\/li>\n<li>Nutrienti essenziali<\/li>\n<li>Senza sostanze nocive<\/li>\n<li>Formula bilanciata<\/li>\n<li>Azoto, fosforo e potassio<\/li>\n<\/ul>","protected":false},"featured_media":3877,"comment_status":"open","ping_status":"closed","template":"","meta":[],"product_brand":[],"product_cat":[260,261],"product_tag":[660,319,317,107],"class_list":{"0":"post-773","1":"product","2":"type-product","3":"status-publish","4":"has-post-thumbnail","6":"product_cat-articoli-da-coltivazione","7":"product_cat-fertilizzanti","8":"product_tag-coltivazione-cannabis","9":"product_tag-fertilizzante-per-fioritura","10":"product_tag-fertilizzanti-minerali","11":"product_tag-plagron","13":"first","14":"instock","15":"shipping-taxable","16":"purchasable","17":"product-type-variable"},"yoast_head":"<!-- This site is optimized with the Yoast SEO Premium plugin v22.0 (Yoast SEO v26.3) - https:\/\/yoast.com\/wordpress\/plugins\/seo\/ -->\n<title>Plagron Terra Bloom | Fertilizzante | Swiss Herb Original<\/title>\n<meta name=\"description\" content=\"Ottieni fioriture rigogliose con Plagron Terra Bloom, il fertilizzante perfetto per la tua canapa. Acquista subito per risultati sorprendenti!\" \/>\n<meta name=\"robots\" content=\"index, follow, max-snippet:-1, max-image-preview:large, max-video-preview:-1\" \/>\n<link rel=\"canonical\" href=\"https:\/\/swissherboriginal.com\/en\/shop\/cultivation-items\/fertilisers\/plagron-terra-bloom\/\" \/>\n<meta property=\"og:locale\" content=\"en_GB\" \/>\n<meta property=\"og:type\" content=\"article\" \/>\n<meta property=\"og:title\" content=\"Plagron Terra Bloom\" \/>\n<meta property=\"og:description\" content=\"Ottieni fioriture rigogliose con Plagron Terra Bloom, il fertilizzante perfetto per la tua canapa. Acquista subito per risultati sorprendenti!\" \/>\n<meta property=\"og:url\" content=\"https:\/\/swissherboriginal.com\/en\/shop\/cultivation-items\/fertilisers\/plagron-terra-bloom\/\" \/>\n<meta property=\"og:site_name\" content=\"Swiss Herb Original\" \/>\n<meta property=\"article:publisher\" content=\"https:\/\/www.facebook.com\/swissherboriginale\/\" \/>\n<meta property=\"article:modified_time\" content=\"2023-11-21T12:24:31+00:00\" \/>\n<meta property=\"og:image\" content=\"https:\/\/swissherboriginal.com\/wp-content\/uploads\/plagron-terra-bloom-1l-swiss-herb-original.png\" \/>\n\t<meta property=\"og:image:width\" content=\"800\" \/>\n\t<meta property=\"og:image:height\" content=\"800\" \/>\n\t<meta property=\"og:image:type\" content=\"image\/png\" \/>\n<meta name=\"twitter:card\" content=\"summary_large_image\" \/>\n<meta name=\"twitter:image\" content=\"https:\/\/swissherboriginal.com\/wp-content\/uploads\/plagron-terra-bloom-1l-swiss-herb-original.png\" \/>\n<meta name=\"twitter:label1\" content=\"Estimated reading time\" \/>\n\t<meta name=\"twitter:data1\" content=\"2 minutes\" \/>\n<script type=\"application\/ld+json\" class=\"yoast-schema-graph\">{\"@context\":\"https:\/\/schema.org\",\"@graph\":[{\"@type\":\"WebPage\",\"@id\":\"https:\/\/swissherboriginal.com\/shop\/articoli-da-coltivazione\/fertilizzanti\/plagron-terra-bloom\/\",\"url\":\"https:\/\/swissherboriginal.com\/shop\/articoli-da-coltivazione\/fertilizzanti\/plagron-terra-bloom\/\",\"name\":\"Plagron Terra Bloom | Fertilizzante | Swiss Herb Original\",\"isPartOf\":{\"@id\":\"https:\/\/swissherboriginal.com\/#website\"},\"primaryImageOfPage\":{\"@id\":\"https:\/\/swissherboriginal.com\/shop\/articoli-da-coltivazione\/fertilizzanti\/plagron-terra-bloom\/#primaryimage\"},\"image\":{\"@id\":\"https:\/\/swissherboriginal.com\/shop\/articoli-da-coltivazione\/fertilizzanti\/plagron-terra-bloom\/#primaryimage\"},\"thumbnailUrl\":\"https:\/\/swissherboriginal.com\/wp-content\/uploads\/plagron-terra-bloom-1l-swiss-herb-original.png\",\"datePublished\":\"2023-01-07T16:18:11+00:00\",\"dateModified\":\"2023-11-21T12:24:31+00:00\",\"description\":\"Ottieni fioriture rigogliose con Plagron Terra Bloom, il fertilizzante perfetto per la tua canapa. Acquista subito per risultati sorprendenti!\",\"breadcrumb\":{\"@id\":\"https:\/\/swissherboriginal.com\/shop\/articoli-da-coltivazione\/fertilizzanti\/plagron-terra-bloom\/#breadcrumb\"},\"inLanguage\":\"en-GB\",\"potentialAction\":[{\"@type\":\"ReadAction\",\"target\":[\"https:\/\/swissherboriginal.com\/shop\/articoli-da-coltivazione\/fertilizzanti\/plagron-terra-bloom\/\"]}]},{\"@type\":\"ImageObject\",\"inLanguage\":\"en-GB\",\"@id\":\"https:\/\/swissherboriginal.com\/shop\/articoli-da-coltivazione\/fertilizzanti\/plagron-terra-bloom\/#primaryimage\",\"url\":\"https:\/\/swissherboriginal.com\/wp-content\/uploads\/plagron-terra-bloom-1l-swiss-herb-original.png\",\"contentUrl\":\"https:\/\/swissherboriginal.com\/wp-content\/uploads\/plagron-terra-bloom-1l-swiss-herb-original.png\",\"width\":800,\"height\":800,\"caption\":\"Plagron Terra Bloom\"},{\"@type\":\"BreadcrumbList\",\"@id\":\"https:\/\/swissherboriginal.com\/shop\/articoli-da-coltivazione\/fertilizzanti\/plagron-terra-bloom\/#breadcrumb\",\"itemListElement\":[{\"@type\":\"ListItem\",\"position\":1,\"name\":\"Home\",\"item\":\"https:\/\/swissherboriginal.com\/\"},{\"@type\":\"ListItem\",\"position\":2,\"name\":\"Negozio Swiss Herb Original\",\"item\":\"https:\/\/swissherboriginal.com\/negozio-swiss-herb-original\/\"},{\"@type\":\"ListItem\",\"position\":3,\"name\":\"Plagron Terra Bloom\"}]},{\"@type\":\"WebSite\",\"@id\":\"https:\/\/swissherboriginal.com\/#website\",\"url\":\"https:\/\/swissherboriginal.com\/\",\"name\":\"Swiss Herb Original\",\"description\":\"\",\"publisher\":{\"@id\":\"https:\/\/swissherboriginal.com\/#organization\"},\"potentialAction\":[{\"@type\":\"SearchAction\",\"target\":{\"@type\":\"EntryPoint\",\"urlTemplate\":\"https:\/\/swissherboriginal.com\/?s={search_term_string}\"},\"query-input\":{\"@type\":\"PropertyValueSpecification\",\"valueRequired\":true,\"valueName\":\"search_term_string\"}}],\"inLanguage\":\"en-GB\"},{\"@type\":\"Organization\",\"@id\":\"https:\/\/swissherboriginal.com\/#organization\",\"name\":\"Swiss Herb Original\",\"url\":\"https:\/\/swissherboriginal.com\/\",\"logo\":{\"@type\":\"ImageObject\",\"inLanguage\":\"en-GB\",\"@id\":\"https:\/\/swissherboriginal.com\/#\/schema\/logo\/image\/\",\"url\":\"https:\/\/swissherboriginal.com\/wp-content\/uploads\/logo-menu-tel-swissherb.png\",\"contentUrl\":\"https:\/\/swissherboriginal.com\/wp-content\/uploads\/logo-menu-tel-swissherb.png\",\"width\":512,\"height\":360,\"caption\":\"Swiss Herb Original\"},\"image\":{\"@id\":\"https:\/\/swissherboriginal.com\/#\/schema\/logo\/image\/\"},\"sameAs\":[\"https:\/\/www.facebook.com\/swissherboriginale\/\",\"https:\/\/www.instagram.com\/swissherb_original\"]}]}<\/script>\n<!-- \/ Yoast SEO Premium plugin. -->","yoast_head_json":{"title":"Plagron Terra Bloom | Fertilizzante | Swiss Herb Original","description":"Ottieni fioriture rigogliose con Plagron Terra Bloom, il fertilizzante perfetto per la tua canapa. Acquista subito per risultati sorprendenti!","robots":{"index":"index","follow":"follow","max-snippet":"max-snippet:-1","max-image-preview":"max-image-preview:large","max-video-preview":"max-video-preview:-1"},"canonical":"https:\/\/swissherboriginal.com\/en\/shop\/cultivation-items\/fertilisers\/plagron-terra-bloom\/","og_locale":"en_GB","og_type":"article","og_title":"Plagron Terra Bloom","og_description":"Ottieni fioriture rigogliose con Plagron Terra Bloom, il fertilizzante perfetto per la tua canapa. Acquista subito per risultati sorprendenti!","og_url":"https:\/\/swissherboriginal.com\/en\/shop\/cultivation-items\/fertilisers\/plagron-terra-bloom\/","og_site_name":"Swiss Herb Original","article_publisher":"https:\/\/www.facebook.com\/swissherboriginale\/","article_modified_time":"2023-11-21T12:24:31+00:00","og_image":[{"width":800,"height":800,"url":"https:\/\/swissherboriginal.com\/wp-content\/uploads\/plagron-terra-bloom-1l-swiss-herb-original.png","type":"image\/png"}],"twitter_card":"summary_large_image","twitter_image":"https:\/\/swissherboriginal.com\/wp-content\/uploads\/plagron-terra-bloom-1l-swiss-herb-original.png","twitter_misc":{"Estimated reading time":"2 minutes"},"schema":{"@context":"https:\/\/schema.org","@graph":[{"@type":"WebPage","@id":"https:\/\/swissherboriginal.com\/shop\/articoli-da-coltivazione\/fertilizzanti\/plagron-terra-bloom\/","url":"https:\/\/swissherboriginal.com\/shop\/articoli-da-coltivazione\/fertilizzanti\/plagron-terra-bloom\/","name":"Plagron Terra Bloom | Fertilizzante | Swiss Herb Original","isPartOf":{"@id":"https:\/\/swissherboriginal.com\/#website"},"primaryImageOfPage":{"@id":"https:\/\/swissherboriginal.com\/shop\/articoli-da-coltivazione\/fertilizzanti\/plagron-terra-bloom\/#primaryimage"},"image":{"@id":"https:\/\/swissherboriginal.com\/shop\/articoli-da-coltivazione\/fertilizzanti\/plagron-terra-bloom\/#primaryimage"},"thumbnailUrl":"https:\/\/swissherboriginal.com\/wp-content\/uploads\/plagron-terra-bloom-1l-swiss-herb-original.png","datePublished":"2023-01-07T16:18:11+00:00","dateModified":"2023-11-21T12:24:31+00:00","description":"Ottieni fioriture rigogliose con Plagron Terra Bloom, il fertilizzante perfetto per la tua canapa. Acquista subito per risultati sorprendenti!","breadcrumb":{"@id":"https:\/\/swissherboriginal.com\/shop\/articoli-da-coltivazione\/fertilizzanti\/plagron-terra-bloom\/#breadcrumb"},"inLanguage":"en-GB","potentialAction":[{"@type":"ReadAction","target":["https:\/\/swissherboriginal.com\/shop\/articoli-da-coltivazione\/fertilizzanti\/plagron-terra-bloom\/"]}]},{"@type":"ImageObject","inLanguage":"en-GB","@id":"https:\/\/swissherboriginal.com\/shop\/articoli-da-coltivazione\/fertilizzanti\/plagron-terra-bloom\/#primaryimage","url":"https:\/\/swissherboriginal.com\/wp-content\/uploads\/plagron-terra-bloom-1l-swiss-herb-original.png","contentUrl":"https:\/\/swissherboriginal.com\/wp-content\/uploads\/plagron-terra-bloom-1l-swiss-herb-original.png","width":800,"height":800,"caption":"Plagron Terra Bloom"},{"@type":"BreadcrumbList","@id":"https:\/\/swissherboriginal.com\/shop\/articoli-da-coltivazione\/fertilizzanti\/plagron-terra-bloom\/#breadcrumb","itemListElement":[{"@type":"ListItem","position":1,"name":"Home","item":"https:\/\/swissherboriginal.com\/"},{"@type":"ListItem","position":2,"name":"Negozio Swiss Herb Original","item":"https:\/\/swissherboriginal.com\/negozio-swiss-herb-original\/"},{"@type":"ListItem","position":3,"name":"Plagron Terra Bloom"}]},{"@type":"WebSite","@id":"https:\/\/swissherboriginal.com\/#website","url":"https:\/\/swissherboriginal.com\/","name":"Swiss Herb Original","description":"","publisher":{"@id":"https:\/\/swissherboriginal.com\/#organization"},"potentialAction":[{"@type":"SearchAction","target":{"@type":"EntryPoint","urlTemplate":"https:\/\/swissherboriginal.com\/?s={search_term_string}"},"query-input":{"@type":"PropertyValueSpecification","valueRequired":true,"valueName":"search_term_string"}}],"inLanguage":"en-GB"},{"@type":"Organization","@id":"https:\/\/swissherboriginal.com\/#organization","name":"Swiss Herb Original","url":"https:\/\/swissherboriginal.com\/","logo":{"@type":"ImageObject","inLanguage":"en-GB","@id":"https:\/\/swissherboriginal.com\/#\/schema\/logo\/image\/","url":"https:\/\/swissherboriginal.com\/wp-content\/uploads\/logo-menu-tel-swissherb.png","contentUrl":"https:\/\/swissherboriginal.com\/wp-content\/uploads\/logo-menu-tel-swissherb.png","width":512,"height":360,"caption":"Swiss Herb Original"},"image":{"@id":"https:\/\/swissherboriginal.com\/#\/schema\/logo\/image\/"},"sameAs":["https:\/\/www.facebook.com\/swissherboriginale\/","https:\/\/www.instagram.com\/swissherb_original"]}]}},"_links":{"self":[{"href":"https:\/\/swissherboriginal.com\/en\/wp-json\/wp\/v2\/product\/773","targetHints":{"allow":["GET"]}}],"collection":[{"href":"https:\/\/swissherboriginal.com\/en\/wp-json\/wp\/v2\/product"}],"about":[{"href":"https:\/\/swissherboriginal.com\/en\/wp-json\/wp\/v2\/types\/product"}],"replies":[{"embeddable":true,"href":"https:\/\/swissherboriginal.com\/en\/wp-json\/wp\/v2\/comments?post=773"}],"wp:featuredmedia":[{"embeddable":true,"href":"https:\/\/swissherboriginal.com\/en\/wp-json\/wp\/v2\/media\/3877"}],"wp:attachment":[{"href":"https:\/\/swissherboriginal.com\/en\/wp-json\/wp\/v2\/media?parent=773"}],"wp:term":[{"taxonomy":"product_brand","embeddable":true,"href":"https:\/\/swissherboriginal.com\/en\/wp-json\/wp\/v2\/product_brand?post=773"},{"taxonomy":"product_cat","embeddable":true,"href":"https:\/\/swissherboriginal.com\/en\/wp-json\/wp\/v2\/product_cat?post=773"},{"taxonomy":"product_tag","embeddable":true,"href":"https:\/\/swissherboriginal.com\/en\/wp-json\/wp\/v2\/product_tag?post=773"}],"curies":[{"name":"wp","href":"https:\/\/api.w.org\/{rel}","templated":true}]}}