{"id":902,"date":"2023-01-10T13:30:36","date_gmt":"2023-01-10T13:30:36","guid":{"rendered":"https:\/\/swissherboriginal.com\/?post_type=product&#038;p=902"},"modified":"2026-05-09T15:16:13","modified_gmt":"2026-05-09T15:16:13","slug":"gocce-cbd-20-premium-biomondus","status":"publish","type":"product","link":"https:\/\/swissherboriginal.com\/en\/shop\/cbd-legal-hemp\/gocce-cbd\/gocce-cbd-20-premium-biomondus\/","title":{"rendered":"CBD Drops 20% Premium Biomondus"},"content":{"rendered":"<h2>CBD Drops 20% Premium Biomondus<\/h2>\n<p>Le gocce CBD 20% Premium Biomondus sono un prodotto innovativo per coloro che cercano un modo affidabile e naturale per migliorare la loro salute e il benessere fisico e mentale. Queste gocce di CBD sono realizzate con l&#8217;olio MCT (olio di cocco).<\/p>\n<p>Uno dei grandi vantaggi di questo prodotto \u00e8 che \u00e8 a spettro completo, il che significa che contiene non solo CBD ma anche altri cannabinoidi, terpeni e flavonoidi che lavorano insieme per produrre un effetto sinergico chiamato l&#8217;effetto ensemble. Questo significa che gli utenti possono aspettarsi maggiore efficacia e benefici rispetto alle gocce di CBD isolate che non contengono gli altri cannabinoidi.<\/p>\n<p>Disponibile in tre diverse concentrazioni, 5%, 10%, e 20%, queste gocce si adattano alle diverse esigenze degli utenti, consentendo loro di scegliere la dose migliore per loro. Tuttavia, anche la dose pi\u00f9 bassa fornisce una dose efficace di CBD per godere dei suoi benefici senza sopraeccitarsi.<\/p>\n<p>Le gocce di CBD di Biomondus sono prodotte secondo rigorosi standard di qualit\u00e0 per garantire la massima efficacia del prodotto, sono 100% naturali e biologiche e senza pesticidi.<\/p>\n<p>Le gocce possono essere assunte direttamente sotto la lingua per un&#8217;assorbimento rapido e completo. Oppure possono essere mescolate in una bevanda o cibo per renderle pi\u00f9 discreti da assumere. In entrambi i casi, gli effetti benefici del CBD sar\u00e0 percepibile in pochi minuti gi\u00e0 dalle prime gocce assunte.<\/p>\n<p>In conclusione, le gocce CBD di Biomondus sono un prodotto eccellente per coloro che cercano di migliorare la loro salute e benessere in modo naturale. Le diverse concentrazioni e i benefici dello spettro completo possono aiutare a ridurre il dolore, alleviare l&#8217;ansia e migliorare l&#8217;umore o il sonno senza gli effetti collaterali dei farmaci tradizionali. Inoltre, la sperimentazione clinica dimostra che gli estratti di CBD non sono tossici e non creano dipendenza.<\/p>\n<p>Ingredienti: MCT olio di cocco, Cannabis Sativa L. Extract.<\/p>\n<p>Se pensi di necessitare di una concentrazione pi\u00f9 bassa, scegli tra le altre <a href=\"https:\/\/swissherboriginal.com\/en\/product-category\/cbd-legal-hemp\/gocce-cbd\/\">gocce di CBD<\/a>: <a href=\"https:\/\/swissherboriginal.com\/en\/shop\/cbd-legal-hemp\/gocce-cbd\/gocce-cbd-10-premium-biomondus\/\">gocce CBD 10%<\/a> e <a href=\"https:\/\/swissherboriginal.com\/en\/shop\/cbd-legal-hemp\/gocce-cbd\/gocce-cbd-5-premium-biomondus\/\">gocce CBD 5% Premium Biomondus<\/a>. Dai un&#8217;occhiata anche ai nostri altri prodotti di <a href=\"https:\/\/swissherboriginal.com\/en\/product-category\/cbd-legal-hemp\/\">CBD canapa legale<\/a> come <a href=\"https:\/\/swissherboriginal.com\/en\/product-category\/cbd-legal-hemp\/estratti-cbd\/\">CBD extracts<\/a>.<\/p>","protected":false},"excerpt":{"rendered":"<ul>\n<li>Gocce Premium<\/li>\n<li>Spettro completo<\/li>\n<li>3 concentrazioni disponibili<\/li>\n<li>MCT olio di cocco<\/li>\n<li>Riduce il dolore<\/li>\n<li>Ansiolitico<\/li>\n<li>Regolatore del sonno<\/li>\n<li>Antinfiammatorio<\/li>\n<\/ul>","protected":false},"featured_media":3829,"comment_status":"open","ping_status":"closed","template":"","meta":[],"product_brand":[],"product_cat":[256,268],"product_tag":[153,217,307,306,308,199,193,208,336,305],"class_list":{"0":"post-902","1":"product","2":"type-product","3":"status-publish","4":"has-post-thumbnail","6":"product_cat-cbd-canapa-legale","7":"product_cat-gocce-cbd","8":"product_tag-biomondus","9":"product_tag-canapa-per-dormire","10":"product_tag-cbd-ansiolitico","11":"product_tag-cbd-antidolorifico","12":"product_tag-cbd-antinfiammatorio","13":"product_tag-cbd-calmante","14":"product_tag-cbd-sonno","15":"product_tag-cbd-supplementi","16":"product_tag-estratto-di-canapa","17":"product_tag-integratori-cbd","19":"first","20":"onbackorder","21":"sale","22":"shipping-taxable","23":"purchasable","24":"product-type-simple"},"yoast_head":"<!-- This site is optimized with the Yoast SEO Premium plugin v22.0 (Yoast SEO v26.3) - https:\/\/yoast.com\/wordpress\/plugins\/seo\/ -->\n<title>Gocce CBD 20% Premium Biomondus | Swiss Herb Original<\/title>\n<meta name=\"description\" content=\"Riscopri il benessere con le Gocce CBD 20% Premium Biomondus. Allevia il dolore e l&#039;ansia naturalmente. Scopri la potenza della natura, prova subito!\" \/>\n<meta name=\"robots\" content=\"index, follow, max-snippet:-1, max-image-preview:large, max-video-preview:-1\" \/>\n<link rel=\"canonical\" href=\"https:\/\/swissherboriginal.com\/en\/shop\/cbd-legal-hemp\/gocce-cbd\/gocce-cbd-20-premium-biomondus\/\" \/>\n<meta property=\"og:locale\" content=\"en_GB\" \/>\n<meta property=\"og:type\" content=\"article\" \/>\n<meta property=\"og:title\" content=\"Gocce CBD 20% Premium Biomondus\" \/>\n<meta property=\"og:description\" content=\"Riscopri il benessere con le Gocce CBD 20% Premium Biomondus. Allevia il dolore e l&#039;ansia naturalmente. Scopri la potenza della natura, prova subito!\" \/>\n<meta property=\"og:url\" content=\"https:\/\/swissherboriginal.com\/en\/shop\/cbd-legal-hemp\/gocce-cbd\/gocce-cbd-20-premium-biomondus\/\" \/>\n<meta property=\"og:site_name\" content=\"Swiss Herb Original\" \/>\n<meta property=\"article:publisher\" content=\"https:\/\/www.facebook.com\/swissherboriginale\/\" \/>\n<meta property=\"article:modified_time\" content=\"2026-05-09T15:16:13+00:00\" \/>\n<meta property=\"og:image\" content=\"https:\/\/swissherboriginal.com\/wp-content\/uploads\/2023\/01\/premium-cbd-drops-20-biomondus-swiss-herb-original.png\" \/>\n\t<meta property=\"og:image:width\" content=\"800\" \/>\n\t<meta property=\"og:image:height\" content=\"800\" \/>\n\t<meta property=\"og:image:type\" content=\"image\/png\" \/>\n<meta name=\"twitter:card\" content=\"summary_large_image\" \/>\n<meta name=\"twitter:image\" content=\"https:\/\/swissherboriginal.com\/wp-content\/uploads\/2023\/01\/premium-cbd-drops-20-biomondus-swiss-herb-original.png\" \/>\n<meta name=\"twitter:label1\" content=\"Estimated reading time\" \/>\n\t<meta name=\"twitter:data1\" content=\"3 minutes\" \/>\n<script type=\"application\/ld+json\" class=\"yoast-schema-graph\">{\"@context\":\"https:\/\/schema.org\",\"@graph\":[{\"@type\":\"WebPage\",\"@id\":\"https:\/\/swissherboriginal.com\/shop\/cbd-canapa-legale\/gocce-cbd\/gocce-cbd-20-premium-biomondus\/\",\"url\":\"https:\/\/swissherboriginal.com\/shop\/cbd-canapa-legale\/gocce-cbd\/gocce-cbd-20-premium-biomondus\/\",\"name\":\"Gocce CBD 20% Premium Biomondus | Swiss Herb Original\",\"isPartOf\":{\"@id\":\"https:\/\/swissherboriginal.com\/#website\"},\"primaryImageOfPage\":{\"@id\":\"https:\/\/swissherboriginal.com\/shop\/cbd-canapa-legale\/gocce-cbd\/gocce-cbd-20-premium-biomondus\/#primaryimage\"},\"image\":{\"@id\":\"https:\/\/swissherboriginal.com\/shop\/cbd-canapa-legale\/gocce-cbd\/gocce-cbd-20-premium-biomondus\/#primaryimage\"},\"thumbnailUrl\":\"https:\/\/swissherboriginal.com\/wp-content\/uploads\/2023\/01\/premium-cbd-drops-20-biomondus-swiss-herb-original.png\",\"datePublished\":\"2023-01-10T13:30:36+00:00\",\"dateModified\":\"2026-05-09T15:16:13+00:00\",\"description\":\"Riscopri il benessere con le Gocce CBD 20% Premium Biomondus. Allevia il dolore e l'ansia naturalmente. Scopri la potenza della natura, prova subito!\",\"breadcrumb\":{\"@id\":\"https:\/\/swissherboriginal.com\/shop\/cbd-canapa-legale\/gocce-cbd\/gocce-cbd-20-premium-biomondus\/#breadcrumb\"},\"inLanguage\":\"en-GB\",\"potentialAction\":[{\"@type\":\"ReadAction\",\"target\":[\"https:\/\/swissherboriginal.com\/shop\/cbd-canapa-legale\/gocce-cbd\/gocce-cbd-20-premium-biomondus\/\"]}]},{\"@type\":\"ImageObject\",\"inLanguage\":\"en-GB\",\"@id\":\"https:\/\/swissherboriginal.com\/shop\/cbd-canapa-legale\/gocce-cbd\/gocce-cbd-20-premium-biomondus\/#primaryimage\",\"url\":\"https:\/\/swissherboriginal.com\/wp-content\/uploads\/2023\/01\/premium-cbd-drops-20-biomondus-swiss-herb-original.png\",\"contentUrl\":\"https:\/\/swissherboriginal.com\/wp-content\/uploads\/2023\/01\/premium-cbd-drops-20-biomondus-swiss-herb-original.png\",\"width\":800,\"height\":800,\"caption\":\"Gocce CBD 20% Premium Biomondus\"},{\"@type\":\"BreadcrumbList\",\"@id\":\"https:\/\/swissherboriginal.com\/shop\/cbd-canapa-legale\/gocce-cbd\/gocce-cbd-20-premium-biomondus\/#breadcrumb\",\"itemListElement\":[{\"@type\":\"ListItem\",\"position\":1,\"name\":\"Home\",\"item\":\"https:\/\/swissherboriginal.com\/\"},{\"@type\":\"ListItem\",\"position\":2,\"name\":\"Negozio Swiss Herb Original\",\"item\":\"https:\/\/swissherboriginal.com\/negozio-swiss-herb-original\/\"},{\"@type\":\"ListItem\",\"position\":3,\"name\":\"Gocce CBD 20% Premium Biomondus\"}]},{\"@type\":\"WebSite\",\"@id\":\"https:\/\/swissherboriginal.com\/#website\",\"url\":\"https:\/\/swissherboriginal.com\/\",\"name\":\"Swiss Herb Original\",\"description\":\"\",\"publisher\":{\"@id\":\"https:\/\/swissherboriginal.com\/#organization\"},\"potentialAction\":[{\"@type\":\"SearchAction\",\"target\":{\"@type\":\"EntryPoint\",\"urlTemplate\":\"https:\/\/swissherboriginal.com\/?s={search_term_string}\"},\"query-input\":{\"@type\":\"PropertyValueSpecification\",\"valueRequired\":true,\"valueName\":\"search_term_string\"}}],\"inLanguage\":\"en-GB\"},{\"@type\":\"Organization\",\"@id\":\"https:\/\/swissherboriginal.com\/#organization\",\"name\":\"Swiss Herb Original\",\"url\":\"https:\/\/swissherboriginal.com\/\",\"logo\":{\"@type\":\"ImageObject\",\"inLanguage\":\"en-GB\",\"@id\":\"https:\/\/swissherboriginal.com\/#\/schema\/logo\/image\/\",\"url\":\"https:\/\/swissherboriginal.com\/wp-content\/uploads\/logo-menu-tel-swissherb.png\",\"contentUrl\":\"https:\/\/swissherboriginal.com\/wp-content\/uploads\/logo-menu-tel-swissherb.png\",\"width\":512,\"height\":360,\"caption\":\"Swiss Herb Original\"},\"image\":{\"@id\":\"https:\/\/swissherboriginal.com\/#\/schema\/logo\/image\/\"},\"sameAs\":[\"https:\/\/www.facebook.com\/swissherboriginale\/\",\"https:\/\/www.instagram.com\/swissherb_original\"]}]}<\/script>\n<!-- \/ Yoast SEO Premium plugin. -->","yoast_head_json":{"title":"Gocce CBD 20% Premium Biomondus | Swiss Herb Original","description":"Riscopri il benessere con le Gocce CBD 20% Premium Biomondus. Allevia il dolore e l'ansia naturalmente. Scopri la potenza della natura, prova subito!","robots":{"index":"index","follow":"follow","max-snippet":"max-snippet:-1","max-image-preview":"max-image-preview:large","max-video-preview":"max-video-preview:-1"},"canonical":"https:\/\/swissherboriginal.com\/en\/shop\/cbd-legal-hemp\/gocce-cbd\/gocce-cbd-20-premium-biomondus\/","og_locale":"en_GB","og_type":"article","og_title":"Gocce CBD 20% Premium Biomondus","og_description":"Riscopri il benessere con le Gocce CBD 20% Premium Biomondus. Allevia il dolore e l'ansia naturalmente. Scopri la potenza della natura, prova subito!","og_url":"https:\/\/swissherboriginal.com\/en\/shop\/cbd-legal-hemp\/gocce-cbd\/gocce-cbd-20-premium-biomondus\/","og_site_name":"Swiss Herb Original","article_publisher":"https:\/\/www.facebook.com\/swissherboriginale\/","article_modified_time":"2026-05-09T15:16:13+00:00","og_image":[{"width":800,"height":800,"url":"https:\/\/swissherboriginal.com\/wp-content\/uploads\/2023\/01\/premium-cbd-drops-20-biomondus-swiss-herb-original.png","type":"image\/png"}],"twitter_card":"summary_large_image","twitter_image":"https:\/\/swissherboriginal.com\/wp-content\/uploads\/2023\/01\/premium-cbd-drops-20-biomondus-swiss-herb-original.png","twitter_misc":{"Estimated reading time":"3 minutes"},"schema":{"@context":"https:\/\/schema.org","@graph":[{"@type":"WebPage","@id":"https:\/\/swissherboriginal.com\/shop\/cbd-canapa-legale\/gocce-cbd\/gocce-cbd-20-premium-biomondus\/","url":"https:\/\/swissherboriginal.com\/shop\/cbd-canapa-legale\/gocce-cbd\/gocce-cbd-20-premium-biomondus\/","name":"Gocce CBD 20% Premium Biomondus | Swiss Herb Original","isPartOf":{"@id":"https:\/\/swissherboriginal.com\/#website"},"primaryImageOfPage":{"@id":"https:\/\/swissherboriginal.com\/shop\/cbd-canapa-legale\/gocce-cbd\/gocce-cbd-20-premium-biomondus\/#primaryimage"},"image":{"@id":"https:\/\/swissherboriginal.com\/shop\/cbd-canapa-legale\/gocce-cbd\/gocce-cbd-20-premium-biomondus\/#primaryimage"},"thumbnailUrl":"https:\/\/swissherboriginal.com\/wp-content\/uploads\/2023\/01\/premium-cbd-drops-20-biomondus-swiss-herb-original.png","datePublished":"2023-01-10T13:30:36+00:00","dateModified":"2026-05-09T15:16:13+00:00","description":"Riscopri il benessere con le Gocce CBD 20% Premium Biomondus. Allevia il dolore e l'ansia naturalmente. Scopri la potenza della natura, prova subito!","breadcrumb":{"@id":"https:\/\/swissherboriginal.com\/shop\/cbd-canapa-legale\/gocce-cbd\/gocce-cbd-20-premium-biomondus\/#breadcrumb"},"inLanguage":"en-GB","potentialAction":[{"@type":"ReadAction","target":["https:\/\/swissherboriginal.com\/shop\/cbd-canapa-legale\/gocce-cbd\/gocce-cbd-20-premium-biomondus\/"]}]},{"@type":"ImageObject","inLanguage":"en-GB","@id":"https:\/\/swissherboriginal.com\/shop\/cbd-canapa-legale\/gocce-cbd\/gocce-cbd-20-premium-biomondus\/#primaryimage","url":"https:\/\/swissherboriginal.com\/wp-content\/uploads\/2023\/01\/premium-cbd-drops-20-biomondus-swiss-herb-original.png","contentUrl":"https:\/\/swissherboriginal.com\/wp-content\/uploads\/2023\/01\/premium-cbd-drops-20-biomondus-swiss-herb-original.png","width":800,"height":800,"caption":"Gocce CBD 20% Premium Biomondus"},{"@type":"BreadcrumbList","@id":"https:\/\/swissherboriginal.com\/shop\/cbd-canapa-legale\/gocce-cbd\/gocce-cbd-20-premium-biomondus\/#breadcrumb","itemListElement":[{"@type":"ListItem","position":1,"name":"Home","item":"https:\/\/swissherboriginal.com\/"},{"@type":"ListItem","position":2,"name":"Negozio Swiss Herb Original","item":"https:\/\/swissherboriginal.com\/negozio-swiss-herb-original\/"},{"@type":"ListItem","position":3,"name":"Gocce CBD 20% Premium Biomondus"}]},{"@type":"WebSite","@id":"https:\/\/swissherboriginal.com\/#website","url":"https:\/\/swissherboriginal.com\/","name":"Swiss Herb Original","description":"","publisher":{"@id":"https:\/\/swissherboriginal.com\/#organization"},"potentialAction":[{"@type":"SearchAction","target":{"@type":"EntryPoint","urlTemplate":"https:\/\/swissherboriginal.com\/?s={search_term_string}"},"query-input":{"@type":"PropertyValueSpecification","valueRequired":true,"valueName":"search_term_string"}}],"inLanguage":"en-GB"},{"@type":"Organization","@id":"https:\/\/swissherboriginal.com\/#organization","name":"Swiss Herb Original","url":"https:\/\/swissherboriginal.com\/","logo":{"@type":"ImageObject","inLanguage":"en-GB","@id":"https:\/\/swissherboriginal.com\/#\/schema\/logo\/image\/","url":"https:\/\/swissherboriginal.com\/wp-content\/uploads\/logo-menu-tel-swissherb.png","contentUrl":"https:\/\/swissherboriginal.com\/wp-content\/uploads\/logo-menu-tel-swissherb.png","width":512,"height":360,"caption":"Swiss Herb Original"},"image":{"@id":"https:\/\/swissherboriginal.com\/#\/schema\/logo\/image\/"},"sameAs":["https:\/\/www.facebook.com\/swissherboriginale\/","https:\/\/www.instagram.com\/swissherb_original"]}]}},"_links":{"self":[{"href":"https:\/\/swissherboriginal.com\/en\/wp-json\/wp\/v2\/product\/902","targetHints":{"allow":["GET"]}}],"collection":[{"href":"https:\/\/swissherboriginal.com\/en\/wp-json\/wp\/v2\/product"}],"about":[{"href":"https:\/\/swissherboriginal.com\/en\/wp-json\/wp\/v2\/types\/product"}],"replies":[{"embeddable":true,"href":"https:\/\/swissherboriginal.com\/en\/wp-json\/wp\/v2\/comments?post=902"}],"wp:featuredmedia":[{"embeddable":true,"href":"https:\/\/swissherboriginal.com\/en\/wp-json\/wp\/v2\/media\/3829"}],"wp:attachment":[{"href":"https:\/\/swissherboriginal.com\/en\/wp-json\/wp\/v2\/media?parent=902"}],"wp:term":[{"taxonomy":"product_brand","embeddable":true,"href":"https:\/\/swissherboriginal.com\/en\/wp-json\/wp\/v2\/product_brand?post=902"},{"taxonomy":"product_cat","embeddable":true,"href":"https:\/\/swissherboriginal.com\/en\/wp-json\/wp\/v2\/product_cat?post=902"},{"taxonomy":"product_tag","embeddable":true,"href":"https:\/\/swissherboriginal.com\/en\/wp-json\/wp\/v2\/product_tag?post=902"}],"curies":[{"name":"wp","href":"https:\/\/api.w.org\/{rel}","templated":true}]}}