{"id":1031,"date":"2023-02-08T08:51:54","date_gmt":"2023-02-08T08:51:54","guid":{"rendered":"https:\/\/swissherboriginal.com\/?post_type=product&#038;p=1031"},"modified":"2025-04-19T20:16:50","modified_gmt":"2025-04-19T20:16:50","slug":"cioccolato-fondente-alla-cannabis-haze","status":"publish","type":"product","link":"https:\/\/swissherboriginal.com\/hr\/ducan\/hrana-i-dodaci-prehrani-od-konoplje\/hrana-od-konoplje\/cioccolato-fondente-alla-cannabis-haze\/","title":{"rendered":"Tamna \u010dokolada Cannabis Haze"},"content":{"rendered":"<h2>Tamna \u010dokolada od kanabisa sa sjemenkama konoplje Haze<\/h2>\n<p>Il cioccolato fondente alla cannabis con semi di canapa della Haze \u00e8 una deliziosa e salutare barretta di cioccolato fondente arricchita con semi di canapa. Questa prelibatezza \u00e8 stata pensata per gli amanti del cioccolato che apprezzano i sapori intensi e le propriet\u00e0 benefiche della canapa.<\/p>\n<p>Il cioccolato fondente utilizzato per la produzione di questa barretta \u00e8 di altissima qualit\u00e0 e contiene almeno il 70% di cacao. Questo significa che \u00e8 ricco di antiossidanti e flavonoidi, che sono noti per i loro molteplici benefici per la salute. Tra cui la riduzione dello stress ossidativo e la prevenzione di alcune malattie.<\/p>\n<p>Ma non \u00e8 solo il cioccolato a fare la differenza in questa barretta, i semi di canapa conferiscono a questa prelibatezza un gusto unico e numerosi benefici per la salute. I semi di canapa sono una delle fonti pi\u00f9 ricche di acidi grassi essenziali Omega-3 e Omega-6. Questi acidi grassi sono importanti per la salute del cervello, del cuore e dell&#8217;apparato digerente, e possono anche aiutare a ridurre l&#8217;infiammazione corporea e migliorare l&#8217;aspetto della pelle.<\/p>\n<p>Il cioccolato fondente alla cannabis con semi di canapa Haze \u00e8 una perfetta combinazione di sapori esaltanti e benefici per la salute. \u00c8 ideale per chi cerca un&#8217;alternativa ai soliti snack pieni di zuccheri e grassi saturi e vuole soddisfare il proprio desiderio di dolcezza senza compromettere la propria salute.<\/p>\n<p>Inoltre, i semi di canapa presenti nella barretta Haze sono tutti biologici e provengono da coltivazioni italiane. Questo rende questa prelibatezza ancora pi\u00f9 salutare e sostenibile, perch\u00e9 non solo stiamo facendo bene alla nostra salute, ma stiamo anche garantendo il rispetto dell&#8217;ambiente e dei diritti dei lavoratori.<\/p>\n<p>Insomma, il cioccolato fondente alla cannabis con semi di canapa della marca Haze \u00e8 una scelta gustosa, salutare e sostenibile che non delude mai. Si pu\u00f2 gustare come spuntino durante la giornata, dopo il pranzo o come dolce serale. La confezione da 25 grammi \u00e8 perfetta per portarla sempre con s\u00e9 e avere a portata di mano una scorta di dolcezza e benessere.<\/p>\n<p>Pogledajte i na\u0161e ostale <a href=\"https:\/\/swissherboriginal.com\/hr\/kategorija-proizvoda-2\/hrana-i-dodaci-prehrani-od-konoplje\/hrana-od-konoplje\/\">cibi alla canapa<\/a> kao <a href=\"https:\/\/swissherboriginal.com\/hr\/ducan\/hrana-i-dodaci-prehrani-od-konoplje\/hrana-od-konoplje\/weebee-cbd-med-od-konoplje\/\">il WeeBee Miele di Canapa CBD<\/a>\u00a0i drugima tako\u0111er <a href=\"https:\/\/swissherboriginal.com\/hr\/kategorija-proizvoda-2\/hrana-i-dodaci-prehrani-od-konoplje\/\">hrana od konoplje<\/a>.<\/p>","protected":false},"excerpt":{"rendered":"<ul>\n<li>Cioccolato fondente di alta qualit\u00e0<\/li>\n<li>70% cacao<\/li>\n<li>Pieno di antiossidanti e flavonoidi<\/li>\n<li>Riduce lo stress ossidativo<\/li>\n<li>Confezione da 25g<\/li>\n<\/ul>","protected":false},"featured_media":3721,"comment_status":"open","ping_status":"closed","template":"","meta":[],"product_brand":[],"product_cat":[258,259],"product_tag":[373,351,212,98,313,211],"class_list":{"0":"post-1031","1":"product","2":"type-product","3":"status-publish","4":"has-post-thumbnail","6":"product_cat-alimenti-e-integratori-alla-canapa","7":"product_cat-cibo-alla-canapa","8":"product_tag-cbd-edibles","9":"product_tag-cioccolato-alla-canapa","10":"product_tag-dolce-cbd","11":"product_tag-haze","12":"product_tag-semi-di-canapa","13":"product_tag-snacks-alla-canapa","15":"first","16":"outofstock","17":"sale","18":"shipping-taxable","19":"purchasable","20":"product-type-simple"},"yoast_head":"<!-- This site is optimized with the Yoast SEO Premium plugin v22.0 (Yoast SEO v26.3) - https:\/\/yoast.com\/wordpress\/plugins\/seo\/ -->\n<title>Cioccolato Fondente alla Cannabis Haze | Swiss Herb Original<\/title>\n<meta name=\"description\" content=\"Scopri il piacere del cioccolato fondente alla cannabis di Haze, arricchito con semi di canapa. Gustoso e salutare. Provalo e fatti del bene!\" \/>\n<meta name=\"robots\" content=\"index, follow, max-snippet:-1, max-image-preview:large, max-video-preview:-1\" \/>\n<link rel=\"canonical\" href=\"https:\/\/swissherboriginal.com\/hr\/ducan\/hrana-i-dodaci-prehrani-od-konoplje\/hrana-od-konoplje\/cioccolato-fondente-alla-cannabis-haze\/\" \/>\n<meta property=\"og:locale\" content=\"hr_HR\" \/>\n<meta property=\"og:type\" content=\"article\" \/>\n<meta property=\"og:title\" content=\"Cioccolato Fondente alla Cannabis Haze\" \/>\n<meta property=\"og:description\" content=\"Scopri il piacere del cioccolato fondente alla cannabis di Haze, arricchito con semi di canapa. Gustoso e salutare. Provalo e fatti del bene!\" \/>\n<meta property=\"og:url\" content=\"https:\/\/swissherboriginal.com\/hr\/ducan\/hrana-i-dodaci-prehrani-od-konoplje\/hrana-od-konoplje\/cioccolato-fondente-alla-cannabis-haze\/\" \/>\n<meta property=\"og:site_name\" content=\"Swiss Herb Original\" \/>\n<meta property=\"article:publisher\" content=\"https:\/\/www.facebook.com\/swissherboriginale\/\" \/>\n<meta property=\"article:modified_time\" content=\"2025-04-19T20:16:50+00:00\" \/>\n<meta property=\"og:image\" content=\"https:\/\/swissherboriginal.com\/wp-content\/uploads\/2023\/02\/haze-cannabis-dark-chocolate-swiss-herb-original.png\" \/>\n\t<meta property=\"og:image:width\" content=\"800\" \/>\n\t<meta property=\"og:image:height\" content=\"800\" \/>\n\t<meta property=\"og:image:type\" content=\"image\/png\" \/>\n<meta name=\"twitter:card\" content=\"summary_large_image\" \/>\n<meta name=\"twitter:image\" content=\"https:\/\/swissherboriginal.com\/wp-content\/uploads\/2023\/02\/haze-cannabis-dark-chocolate-swiss-herb-original.png\" \/>\n<meta name=\"twitter:label1\" content=\"Procijenjeno vrijeme \u010ditanja\" \/>\n\t<meta name=\"twitter:data1\" content=\"2 minute\" \/>\n<script type=\"application\/ld+json\" class=\"yoast-schema-graph\">{\"@context\":\"https:\/\/schema.org\",\"@graph\":[{\"@type\":\"WebPage\",\"@id\":\"https:\/\/swissherboriginal.com\/shop\/alimenti-e-integratori-alla-canapa\/cibo-alla-canapa\/cioccolato-fondente-alla-cannabis-haze\/\",\"url\":\"https:\/\/swissherboriginal.com\/shop\/alimenti-e-integratori-alla-canapa\/cibo-alla-canapa\/cioccolato-fondente-alla-cannabis-haze\/\",\"name\":\"Cioccolato Fondente alla Cannabis Haze | Swiss Herb Original\",\"isPartOf\":{\"@id\":\"https:\/\/swissherboriginal.com\/#website\"},\"primaryImageOfPage\":{\"@id\":\"https:\/\/swissherboriginal.com\/shop\/alimenti-e-integratori-alla-canapa\/cibo-alla-canapa\/cioccolato-fondente-alla-cannabis-haze\/#primaryimage\"},\"image\":{\"@id\":\"https:\/\/swissherboriginal.com\/shop\/alimenti-e-integratori-alla-canapa\/cibo-alla-canapa\/cioccolato-fondente-alla-cannabis-haze\/#primaryimage\"},\"thumbnailUrl\":\"https:\/\/swissherboriginal.com\/wp-content\/uploads\/2023\/02\/haze-cannabis-dark-chocolate-swiss-herb-original.png\",\"datePublished\":\"2023-02-08T08:51:54+00:00\",\"dateModified\":\"2025-04-19T20:16:50+00:00\",\"description\":\"Scopri il piacere del cioccolato fondente alla cannabis di Haze, arricchito con semi di canapa. Gustoso e salutare. Provalo e fatti del bene!\",\"breadcrumb\":{\"@id\":\"https:\/\/swissherboriginal.com\/shop\/alimenti-e-integratori-alla-canapa\/cibo-alla-canapa\/cioccolato-fondente-alla-cannabis-haze\/#breadcrumb\"},\"inLanguage\":\"hr\",\"potentialAction\":[{\"@type\":\"ReadAction\",\"target\":[\"https:\/\/swissherboriginal.com\/shop\/alimenti-e-integratori-alla-canapa\/cibo-alla-canapa\/cioccolato-fondente-alla-cannabis-haze\/\"]}]},{\"@type\":\"ImageObject\",\"inLanguage\":\"hr\",\"@id\":\"https:\/\/swissherboriginal.com\/shop\/alimenti-e-integratori-alla-canapa\/cibo-alla-canapa\/cioccolato-fondente-alla-cannabis-haze\/#primaryimage\",\"url\":\"https:\/\/swissherboriginal.com\/wp-content\/uploads\/2023\/02\/haze-cannabis-dark-chocolate-swiss-herb-original.png\",\"contentUrl\":\"https:\/\/swissherboriginal.com\/wp-content\/uploads\/2023\/02\/haze-cannabis-dark-chocolate-swiss-herb-original.png\",\"width\":800,\"height\":800,\"caption\":\"Cioccolato Fondente alla Cannabis Haze\"},{\"@type\":\"BreadcrumbList\",\"@id\":\"https:\/\/swissherboriginal.com\/shop\/alimenti-e-integratori-alla-canapa\/cibo-alla-canapa\/cioccolato-fondente-alla-cannabis-haze\/#breadcrumb\",\"itemListElement\":[{\"@type\":\"ListItem\",\"position\":1,\"name\":\"Home\",\"item\":\"https:\/\/swissherboriginal.com\/\"},{\"@type\":\"ListItem\",\"position\":2,\"name\":\"Negozio Swiss Herb Original\",\"item\":\"https:\/\/swissherboriginal.com\/negozio-swiss-herb-original\/\"},{\"@type\":\"ListItem\",\"position\":3,\"name\":\"Cioccolato Fondente alla Cannabis Haze\"}]},{\"@type\":\"WebSite\",\"@id\":\"https:\/\/swissherboriginal.com\/#website\",\"url\":\"https:\/\/swissherboriginal.com\/\",\"name\":\"Swiss Herb Original\",\"description\":\"\",\"publisher\":{\"@id\":\"https:\/\/swissherboriginal.com\/#organization\"},\"potentialAction\":[{\"@type\":\"SearchAction\",\"target\":{\"@type\":\"EntryPoint\",\"urlTemplate\":\"https:\/\/swissherboriginal.com\/?s={search_term_string}\"},\"query-input\":{\"@type\":\"PropertyValueSpecification\",\"valueRequired\":true,\"valueName\":\"search_term_string\"}}],\"inLanguage\":\"hr\"},{\"@type\":\"Organization\",\"@id\":\"https:\/\/swissherboriginal.com\/#organization\",\"name\":\"Swiss Herb Original\",\"url\":\"https:\/\/swissherboriginal.com\/\",\"logo\":{\"@type\":\"ImageObject\",\"inLanguage\":\"hr\",\"@id\":\"https:\/\/swissherboriginal.com\/#\/schema\/logo\/image\/\",\"url\":\"https:\/\/swissherboriginal.com\/wp-content\/uploads\/logo-menu-tel-swissherb.png\",\"contentUrl\":\"https:\/\/swissherboriginal.com\/wp-content\/uploads\/logo-menu-tel-swissherb.png\",\"width\":512,\"height\":360,\"caption\":\"Swiss Herb Original\"},\"image\":{\"@id\":\"https:\/\/swissherboriginal.com\/#\/schema\/logo\/image\/\"},\"sameAs\":[\"https:\/\/www.facebook.com\/swissherboriginale\/\",\"https:\/\/www.instagram.com\/swissherb_original\"]}]}<\/script>\n<!-- \/ Yoast SEO Premium plugin. -->","yoast_head_json":{"title":"Cioccolato Fondente alla Cannabis Haze | Swiss Herb Original","description":"Scopri il piacere del cioccolato fondente alla cannabis di Haze, arricchito con semi di canapa. Gustoso e salutare. Provalo e fatti del bene!","robots":{"index":"index","follow":"follow","max-snippet":"max-snippet:-1","max-image-preview":"max-image-preview:large","max-video-preview":"max-video-preview:-1"},"canonical":"https:\/\/swissherboriginal.com\/hr\/ducan\/hrana-i-dodaci-prehrani-od-konoplje\/hrana-od-konoplje\/cioccolato-fondente-alla-cannabis-haze\/","og_locale":"hr_HR","og_type":"article","og_title":"Cioccolato Fondente alla Cannabis Haze","og_description":"Scopri il piacere del cioccolato fondente alla cannabis di Haze, arricchito con semi di canapa. Gustoso e salutare. Provalo e fatti del bene!","og_url":"https:\/\/swissherboriginal.com\/hr\/ducan\/hrana-i-dodaci-prehrani-od-konoplje\/hrana-od-konoplje\/cioccolato-fondente-alla-cannabis-haze\/","og_site_name":"Swiss Herb Original","article_publisher":"https:\/\/www.facebook.com\/swissherboriginale\/","article_modified_time":"2025-04-19T20:16:50+00:00","og_image":[{"width":800,"height":800,"url":"https:\/\/swissherboriginal.com\/wp-content\/uploads\/2023\/02\/haze-cannabis-dark-chocolate-swiss-herb-original.png","type":"image\/png"}],"twitter_card":"summary_large_image","twitter_image":"https:\/\/swissherboriginal.com\/wp-content\/uploads\/2023\/02\/haze-cannabis-dark-chocolate-swiss-herb-original.png","twitter_misc":{"Procijenjeno vrijeme \u010ditanja":"2 minute"},"schema":{"@context":"https:\/\/schema.org","@graph":[{"@type":"WebPage","@id":"https:\/\/swissherboriginal.com\/shop\/alimenti-e-integratori-alla-canapa\/cibo-alla-canapa\/cioccolato-fondente-alla-cannabis-haze\/","url":"https:\/\/swissherboriginal.com\/shop\/alimenti-e-integratori-alla-canapa\/cibo-alla-canapa\/cioccolato-fondente-alla-cannabis-haze\/","name":"Cioccolato Fondente alla Cannabis Haze | Swiss Herb Original","isPartOf":{"@id":"https:\/\/swissherboriginal.com\/#website"},"primaryImageOfPage":{"@id":"https:\/\/swissherboriginal.com\/shop\/alimenti-e-integratori-alla-canapa\/cibo-alla-canapa\/cioccolato-fondente-alla-cannabis-haze\/#primaryimage"},"image":{"@id":"https:\/\/swissherboriginal.com\/shop\/alimenti-e-integratori-alla-canapa\/cibo-alla-canapa\/cioccolato-fondente-alla-cannabis-haze\/#primaryimage"},"thumbnailUrl":"https:\/\/swissherboriginal.com\/wp-content\/uploads\/2023\/02\/haze-cannabis-dark-chocolate-swiss-herb-original.png","datePublished":"2023-02-08T08:51:54+00:00","dateModified":"2025-04-19T20:16:50+00:00","description":"Scopri il piacere del cioccolato fondente alla cannabis di Haze, arricchito con semi di canapa. Gustoso e salutare. Provalo e fatti del bene!","breadcrumb":{"@id":"https:\/\/swissherboriginal.com\/shop\/alimenti-e-integratori-alla-canapa\/cibo-alla-canapa\/cioccolato-fondente-alla-cannabis-haze\/#breadcrumb"},"inLanguage":"hr","potentialAction":[{"@type":"ReadAction","target":["https:\/\/swissherboriginal.com\/shop\/alimenti-e-integratori-alla-canapa\/cibo-alla-canapa\/cioccolato-fondente-alla-cannabis-haze\/"]}]},{"@type":"ImageObject","inLanguage":"hr","@id":"https:\/\/swissherboriginal.com\/shop\/alimenti-e-integratori-alla-canapa\/cibo-alla-canapa\/cioccolato-fondente-alla-cannabis-haze\/#primaryimage","url":"https:\/\/swissherboriginal.com\/wp-content\/uploads\/2023\/02\/haze-cannabis-dark-chocolate-swiss-herb-original.png","contentUrl":"https:\/\/swissherboriginal.com\/wp-content\/uploads\/2023\/02\/haze-cannabis-dark-chocolate-swiss-herb-original.png","width":800,"height":800,"caption":"Cioccolato Fondente alla Cannabis Haze"},{"@type":"BreadcrumbList","@id":"https:\/\/swissherboriginal.com\/shop\/alimenti-e-integratori-alla-canapa\/cibo-alla-canapa\/cioccolato-fondente-alla-cannabis-haze\/#breadcrumb","itemListElement":[{"@type":"ListItem","position":1,"name":"Home","item":"https:\/\/swissherboriginal.com\/"},{"@type":"ListItem","position":2,"name":"Negozio Swiss Herb Original","item":"https:\/\/swissherboriginal.com\/negozio-swiss-herb-original\/"},{"@type":"ListItem","position":3,"name":"Cioccolato Fondente alla Cannabis Haze"}]},{"@type":"WebSite","@id":"https:\/\/swissherboriginal.com\/#website","url":"https:\/\/swissherboriginal.com\/","name":"Originalno \u0161vicarsko bilje","description":"","publisher":{"@id":"https:\/\/swissherboriginal.com\/#organization"},"potentialAction":[{"@type":"SearchAction","target":{"@type":"EntryPoint","urlTemplate":"https:\/\/swissherboriginal.com\/?s={search_term_string}"},"query-input":{"@type":"PropertyValueSpecification","valueRequired":true,"valueName":"search_term_string"}}],"inLanguage":"hr"},{"@type":"Organization","@id":"https:\/\/swissherboriginal.com\/#organization","name":"Originalno \u0161vicarsko bilje","url":"https:\/\/swissherboriginal.com\/","logo":{"@type":"ImageObject","inLanguage":"hr","@id":"https:\/\/swissherboriginal.com\/#\/schema\/logo\/image\/","url":"https:\/\/swissherboriginal.com\/wp-content\/uploads\/logo-menu-tel-swissherb.png","contentUrl":"https:\/\/swissherboriginal.com\/wp-content\/uploads\/logo-menu-tel-swissherb.png","width":512,"height":360,"caption":"Swiss Herb Original"},"image":{"@id":"https:\/\/swissherboriginal.com\/#\/schema\/logo\/image\/"},"sameAs":["https:\/\/www.facebook.com\/swissherboriginale\/","https:\/\/www.instagram.com\/swissherb_original"]}]}},"_links":{"self":[{"href":"https:\/\/swissherboriginal.com\/hr\/wp-json\/wp\/v2\/product\/1031","targetHints":{"allow":["GET"]}}],"collection":[{"href":"https:\/\/swissherboriginal.com\/hr\/wp-json\/wp\/v2\/product"}],"about":[{"href":"https:\/\/swissherboriginal.com\/hr\/wp-json\/wp\/v2\/types\/product"}],"replies":[{"embeddable":true,"href":"https:\/\/swissherboriginal.com\/hr\/wp-json\/wp\/v2\/comments?post=1031"}],"wp:featuredmedia":[{"embeddable":true,"href":"https:\/\/swissherboriginal.com\/hr\/wp-json\/wp\/v2\/media\/3721"}],"wp:attachment":[{"href":"https:\/\/swissherboriginal.com\/hr\/wp-json\/wp\/v2\/media?parent=1031"}],"wp:term":[{"taxonomy":"product_brand","embeddable":true,"href":"https:\/\/swissherboriginal.com\/hr\/wp-json\/wp\/v2\/product_brand?post=1031"},{"taxonomy":"product_cat","embeddable":true,"href":"https:\/\/swissherboriginal.com\/hr\/wp-json\/wp\/v2\/product_cat?post=1031"},{"taxonomy":"product_tag","embeddable":true,"href":"https:\/\/swissherboriginal.com\/hr\/wp-json\/wp\/v2\/product_tag?post=1031"}],"curies":[{"name":"wp","href":"https:\/\/api.w.org\/{rel}","templated":true}]}}