{"id":1055,"date":"2023-02-09T09:40:54","date_gmt":"2023-02-09T09:40:54","guid":{"rendered":"https:\/\/swissherboriginal.com\/?post_type=product&#038;p=1055"},"modified":"2025-04-19T20:16:33","modified_gmt":"2025-04-19T20:16:33","slug":"tisana-inmuno-green-life","status":"publish","type":"product","link":"https:\/\/swissherboriginal.com\/hr\/ducan\/hrana-i-dodaci-prehrani-od-konoplje\/napitci-od-konoplje\/tisana-inmuno-green-life\/","title":{"rendered":"Inmuno Green Life biljni \u010daj"},"content":{"rendered":"<h2>Inmuno Green Life biljni \u010daj<\/h2>\n<p>La Tisana Inmuno della marca Green Life \u00e8 un prodotto naturale. \u00c8 pensato per rinforzare il sistema immunitario e stimolare le difese dell&#8217;organismo contro i virus e i batteri. La miscela \u00e8 composta da una selezione di piante e erbe medicinali, scelte per le loro propriet\u00e0 benefiche e antivirali.<\/p>\n<p>Una delle piante principali della tisana Inmuno \u00e8 sicuramente l&#8217;Echinacea, nota proprio per le sue propriet\u00e0 immunostimolanti. Questa pianta, presente nella miscela in quantit\u00e0 abbondante, aiuta l&#8217;organismo a produrre pi\u00f9 globuli bianchi, i veri combattenti del sistema immunitario, e a rafforzare le difese contro le infezioni.<\/p>\n<p>Ma non \u00e8 solo l&#8217;Echinacea a produrre i benefici della tisana Inmuno. Tra gli altri ingredienti troviamo la Salvia, con le sue propriet\u00e0 antinfiammatorie e antivirali, la Camomilla, con le sue propriet\u00e0 calmanti che aiutano a ridurre lo stress e a migliorare il sonno (fondamentale per un buon sistema immunitario), e il Tamarindo, un frutto tropicale ricco di vitamina C, antiossidanti e sostanze antivirali.<\/p>\n<p>La tisana Inmuno della marca Green Life \u00e8 quindi una miscela completa e bilanciata di piante che aiutano a rafforzare il sistema immunitario, proteggere dalle infezioni e mantenere il corpo in salute. La preparazione \u00e8 semplice: basta infondere un cucchiaino di miscela in una tazza d&#8217;acqua bollente e lasciar riposare per 5-10 minuti.<\/p>\n<p>La tisana Inmuno di Green Life \u00e8 anche un prodotto 100% bio, senza additivi o conservanti artificiali, e con un gusto gradevole e leggermente speziato. Il prodotto \u00e8 venduto in confezioni da 25grammi, e ha un prezzo accessibile.<\/p>\n<p>Insomma, se sei alla ricerca di un prodotto naturale per rinforzare le tue difese immunitarie e proteggerti dalle infezioni, la tisana Inmuno della marca Green Life potrebbe essere una scelta intelligente e salutare.<\/p>\n<p>Ovaj biljni \u010daj mo\u017eete kombinirati s <a href=\"https:\/\/swissherboriginal.com\/hr\/ducan\/hrana-i-dodaci-prehrani-od-konoplje\/hrana-od-konoplje\/gelato-brownies-cannabis-bakehouse\/\">Gelato Brownies della Cannabis Bakehouse<\/a>; mo\u017eete ih prona\u0107i u kategoriji \u201c<a href=\"https:\/\/swissherboriginal.com\/hr\/kategorija-proizvoda-2\/hrana-i-dodaci-prehrani-od-konoplje\/\">Hrana i dodaci prehrani od konoplje<\/a>\u201c i podkategorija \u201c<a href=\"https:\/\/swissherboriginal.com\/hr\/kategorija-proizvoda-2\/hrana-i-dodaci-prehrani-od-konoplje\/hrana-od-konoplje\/\">Hrana od konoplje<\/a>\u201cTako\u0111er vas pozivamo da isprobate i druge \u010dajeve marke Green Life za svoje blagostanje, kao \u0161to su: <a href=\"https:\/\/swissherboriginal.com\/hr\/ducan\/hrana-i-dodaci-prehrani-od-konoplje\/napitci-od-konoplje\/tisana-calm-green-life\/\">Biljni \u010daj za smirenje<\/a>, <a href=\"https:\/\/swissherboriginal.com\/hr\/ducan\/hrana-i-dodaci-prehrani-od-konoplje\/napitci-od-konoplje\/tisana-natural-green-life\/\">Prirodno<\/a>, <a href=\"https:\/\/swissherboriginal.com\/hr\/ducan\/hrana-i-dodaci-prehrani-od-konoplje\/napitci-od-konoplje\/biljni-caj-digest-green-life\/\">Digest<\/a> o <a href=\"https:\/\/swissherboriginal.com\/hr\/ducan\/hrana-i-dodaci-prehrani-od-konoplje\/napitci-od-konoplje\/tisana-relax-green-life\/\">Opustiti<\/a>. Pogledajte i na\u0161e ostale <a href=\"https:\/\/swissherboriginal.com\/hr\/kategorija-proizvoda-2\/hrana-i-dodaci-prehrani-od-konoplje\/napitci-od-konoplje\/\">napitci od konoplje<\/a> kao <a href=\"https:\/\/swissherboriginal.com\/hr\/ducan\/hrana-i-dodaci-prehrani-od-konoplje\/napitci-od-konoplje\/medicbd-crni-caj\/\">il t\u00e8 nero e CBD di MediCBD<\/a>.<\/p>","protected":false},"excerpt":{"rendered":"<ul>\n<li>Rinforza il sistema immunitario<\/li>\n<li>Stimola le difese dell&#8217;organismo<\/li>\n<li>Piante ed erbe medicinali<\/li>\n<li>T\u00e8 in bustine<\/li>\n<li>Ogni confezione contiene 25 bustine<\/li>\n<\/ul>","protected":false},"featured_media":3680,"comment_status":"open","ping_status":"closed","template":"","meta":[],"product_brand":[],"product_cat":[258,264],"product_tag":[214,217,303,193,119,315,360],"class_list":{"0":"post-1055","1":"product","2":"type-product","3":"status-publish","4":"has-post-thumbnail","6":"product_cat-alimenti-e-integratori-alla-canapa","7":"product_cat-bevande-alla-canapa","8":"product_tag-bevanda-alla-canapa-naturale","9":"product_tag-canapa-per-dormire","10":"product_tag-cbd-per-rilassarsi","11":"product_tag-cbd-sonno","12":"product_tag-green-life-labs","13":"product_tag-te-alla-canapa","14":"product_tag-tisana-alla-canapa","16":"first","17":"instock","18":"sale","19":"shipping-taxable","20":"purchasable","21":"product-type-simple"},"yoast_head":"<!-- This site is optimized with the Yoast SEO Premium plugin v22.0 (Yoast SEO v26.3) - https:\/\/yoast.com\/wordpress\/plugins\/seo\/ -->\n<title>Tisana Inmuno Green Life | Swiss Herb Original<\/title>\n<meta name=\"description\" content=\"Rafforza il tuo sistema immunitario con la Tisana Inmuno di Green Life. Una miscela naturale di erbe benefiche. Provala subito!\" \/>\n<meta name=\"robots\" content=\"index, follow, max-snippet:-1, max-image-preview:large, max-video-preview:-1\" \/>\n<link rel=\"canonical\" href=\"https:\/\/swissherboriginal.com\/hr\/ducan\/hrana-i-dodaci-prehrani-od-konoplje\/napitci-od-konoplje\/tisana-inmuno-green-life\/\" \/>\n<meta property=\"og:locale\" content=\"hr_HR\" \/>\n<meta property=\"og:type\" content=\"article\" \/>\n<meta property=\"og:title\" content=\"Tisana Inmuno Green Life\" \/>\n<meta property=\"og:description\" content=\"Rafforza il tuo sistema immunitario con la Tisana Inmuno di Green Life. Una miscela naturale di erbe benefiche. Provala subito!\" \/>\n<meta property=\"og:url\" content=\"https:\/\/swissherboriginal.com\/hr\/ducan\/hrana-i-dodaci-prehrani-od-konoplje\/napitci-od-konoplje\/tisana-inmuno-green-life\/\" \/>\n<meta property=\"og:site_name\" content=\"Swiss Herb Original\" \/>\n<meta property=\"article:publisher\" content=\"https:\/\/www.facebook.com\/swissherboriginale\/\" \/>\n<meta property=\"article:modified_time\" content=\"2025-04-19T20:16:33+00:00\" \/>\n<meta property=\"og:image\" content=\"https:\/\/swissherboriginal.com\/wp-content\/uploads\/2023\/02\/immuno-tisana-green-life-swiss-herb-original.png\" \/>\n\t<meta property=\"og:image:width\" content=\"800\" \/>\n\t<meta property=\"og:image:height\" content=\"800\" \/>\n\t<meta property=\"og:image:type\" content=\"image\/png\" \/>\n<meta name=\"twitter:card\" content=\"summary_large_image\" \/>\n<meta name=\"twitter:image\" content=\"https:\/\/swissherboriginal.com\/wp-content\/uploads\/2023\/02\/immuno-tisana-green-life-swiss-herb-original.png\" \/>\n<meta name=\"twitter:label1\" content=\"Procijenjeno vrijeme \u010ditanja\" \/>\n\t<meta name=\"twitter:data1\" content=\"2 minute\" \/>\n<script type=\"application\/ld+json\" class=\"yoast-schema-graph\">{\"@context\":\"https:\/\/schema.org\",\"@graph\":[{\"@type\":\"WebPage\",\"@id\":\"https:\/\/swissherboriginal.com\/shop\/alimenti-e-integratori-alla-canapa\/bevande-alla-canapa\/tisana-inmuno-green-life\/\",\"url\":\"https:\/\/swissherboriginal.com\/shop\/alimenti-e-integratori-alla-canapa\/bevande-alla-canapa\/tisana-inmuno-green-life\/\",\"name\":\"Tisana Inmuno Green Life | Swiss Herb Original\",\"isPartOf\":{\"@id\":\"https:\/\/swissherboriginal.com\/#website\"},\"primaryImageOfPage\":{\"@id\":\"https:\/\/swissherboriginal.com\/shop\/alimenti-e-integratori-alla-canapa\/bevande-alla-canapa\/tisana-inmuno-green-life\/#primaryimage\"},\"image\":{\"@id\":\"https:\/\/swissherboriginal.com\/shop\/alimenti-e-integratori-alla-canapa\/bevande-alla-canapa\/tisana-inmuno-green-life\/#primaryimage\"},\"thumbnailUrl\":\"https:\/\/swissherboriginal.com\/wp-content\/uploads\/2023\/02\/immuno-tisana-green-life-swiss-herb-original.png\",\"datePublished\":\"2023-02-09T09:40:54+00:00\",\"dateModified\":\"2025-04-19T20:16:33+00:00\",\"description\":\"Rafforza il tuo sistema immunitario con la Tisana Inmuno di Green Life. Una miscela naturale di erbe benefiche. Provala subito!\",\"breadcrumb\":{\"@id\":\"https:\/\/swissherboriginal.com\/shop\/alimenti-e-integratori-alla-canapa\/bevande-alla-canapa\/tisana-inmuno-green-life\/#breadcrumb\"},\"inLanguage\":\"hr\",\"potentialAction\":[{\"@type\":\"ReadAction\",\"target\":[\"https:\/\/swissherboriginal.com\/shop\/alimenti-e-integratori-alla-canapa\/bevande-alla-canapa\/tisana-inmuno-green-life\/\"]}]},{\"@type\":\"ImageObject\",\"inLanguage\":\"hr\",\"@id\":\"https:\/\/swissherboriginal.com\/shop\/alimenti-e-integratori-alla-canapa\/bevande-alla-canapa\/tisana-inmuno-green-life\/#primaryimage\",\"url\":\"https:\/\/swissherboriginal.com\/wp-content\/uploads\/2023\/02\/immuno-tisana-green-life-swiss-herb-original.png\",\"contentUrl\":\"https:\/\/swissherboriginal.com\/wp-content\/uploads\/2023\/02\/immuno-tisana-green-life-swiss-herb-original.png\",\"width\":800,\"height\":800,\"caption\":\"Tisana Inmuno Green Life\"},{\"@type\":\"BreadcrumbList\",\"@id\":\"https:\/\/swissherboriginal.com\/shop\/alimenti-e-integratori-alla-canapa\/bevande-alla-canapa\/tisana-inmuno-green-life\/#breadcrumb\",\"itemListElement\":[{\"@type\":\"ListItem\",\"position\":1,\"name\":\"Home\",\"item\":\"https:\/\/swissherboriginal.com\/\"},{\"@type\":\"ListItem\",\"position\":2,\"name\":\"Negozio Swiss Herb Original\",\"item\":\"https:\/\/swissherboriginal.com\/negozio-swiss-herb-original\/\"},{\"@type\":\"ListItem\",\"position\":3,\"name\":\"Tisana Inmuno Green Life\"}]},{\"@type\":\"WebSite\",\"@id\":\"https:\/\/swissherboriginal.com\/#website\",\"url\":\"https:\/\/swissherboriginal.com\/\",\"name\":\"Swiss Herb Original\",\"description\":\"\",\"publisher\":{\"@id\":\"https:\/\/swissherboriginal.com\/#organization\"},\"potentialAction\":[{\"@type\":\"SearchAction\",\"target\":{\"@type\":\"EntryPoint\",\"urlTemplate\":\"https:\/\/swissherboriginal.com\/?s={search_term_string}\"},\"query-input\":{\"@type\":\"PropertyValueSpecification\",\"valueRequired\":true,\"valueName\":\"search_term_string\"}}],\"inLanguage\":\"hr\"},{\"@type\":\"Organization\",\"@id\":\"https:\/\/swissherboriginal.com\/#organization\",\"name\":\"Swiss Herb Original\",\"url\":\"https:\/\/swissherboriginal.com\/\",\"logo\":{\"@type\":\"ImageObject\",\"inLanguage\":\"hr\",\"@id\":\"https:\/\/swissherboriginal.com\/#\/schema\/logo\/image\/\",\"url\":\"https:\/\/swissherboriginal.com\/wp-content\/uploads\/logo-menu-tel-swissherb.png\",\"contentUrl\":\"https:\/\/swissherboriginal.com\/wp-content\/uploads\/logo-menu-tel-swissherb.png\",\"width\":512,\"height\":360,\"caption\":\"Swiss Herb Original\"},\"image\":{\"@id\":\"https:\/\/swissherboriginal.com\/#\/schema\/logo\/image\/\"},\"sameAs\":[\"https:\/\/www.facebook.com\/swissherboriginale\/\",\"https:\/\/www.instagram.com\/swissherb_original\"]}]}<\/script>\n<!-- \/ Yoast SEO Premium plugin. -->","yoast_head_json":{"title":"Tisana Inmuno Green Life | Swiss Herb Original","description":"Rafforza il tuo sistema immunitario con la Tisana Inmuno di Green Life. Una miscela naturale di erbe benefiche. Provala subito!","robots":{"index":"index","follow":"follow","max-snippet":"max-snippet:-1","max-image-preview":"max-image-preview:large","max-video-preview":"max-video-preview:-1"},"canonical":"https:\/\/swissherboriginal.com\/hr\/ducan\/hrana-i-dodaci-prehrani-od-konoplje\/napitci-od-konoplje\/tisana-inmuno-green-life\/","og_locale":"hr_HR","og_type":"article","og_title":"Tisana Inmuno Green Life","og_description":"Rafforza il tuo sistema immunitario con la Tisana Inmuno di Green Life. Una miscela naturale di erbe benefiche. Provala subito!","og_url":"https:\/\/swissherboriginal.com\/hr\/ducan\/hrana-i-dodaci-prehrani-od-konoplje\/napitci-od-konoplje\/tisana-inmuno-green-life\/","og_site_name":"Swiss Herb Original","article_publisher":"https:\/\/www.facebook.com\/swissherboriginale\/","article_modified_time":"2025-04-19T20:16:33+00:00","og_image":[{"width":800,"height":800,"url":"https:\/\/swissherboriginal.com\/wp-content\/uploads\/2023\/02\/immuno-tisana-green-life-swiss-herb-original.png","type":"image\/png"}],"twitter_card":"summary_large_image","twitter_image":"https:\/\/swissherboriginal.com\/wp-content\/uploads\/2023\/02\/immuno-tisana-green-life-swiss-herb-original.png","twitter_misc":{"Procijenjeno vrijeme \u010ditanja":"2 minute"},"schema":{"@context":"https:\/\/schema.org","@graph":[{"@type":"WebPage","@id":"https:\/\/swissherboriginal.com\/shop\/alimenti-e-integratori-alla-canapa\/bevande-alla-canapa\/tisana-inmuno-green-life\/","url":"https:\/\/swissherboriginal.com\/shop\/alimenti-e-integratori-alla-canapa\/bevande-alla-canapa\/tisana-inmuno-green-life\/","name":"Tisana Inmuno Green Life | Swiss Herb Original","isPartOf":{"@id":"https:\/\/swissherboriginal.com\/#website"},"primaryImageOfPage":{"@id":"https:\/\/swissherboriginal.com\/shop\/alimenti-e-integratori-alla-canapa\/bevande-alla-canapa\/tisana-inmuno-green-life\/#primaryimage"},"image":{"@id":"https:\/\/swissherboriginal.com\/shop\/alimenti-e-integratori-alla-canapa\/bevande-alla-canapa\/tisana-inmuno-green-life\/#primaryimage"},"thumbnailUrl":"https:\/\/swissherboriginal.com\/wp-content\/uploads\/2023\/02\/immuno-tisana-green-life-swiss-herb-original.png","datePublished":"2023-02-09T09:40:54+00:00","dateModified":"2025-04-19T20:16:33+00:00","description":"Rafforza il tuo sistema immunitario con la Tisana Inmuno di Green Life. Una miscela naturale di erbe benefiche. Provala subito!","breadcrumb":{"@id":"https:\/\/swissherboriginal.com\/shop\/alimenti-e-integratori-alla-canapa\/bevande-alla-canapa\/tisana-inmuno-green-life\/#breadcrumb"},"inLanguage":"hr","potentialAction":[{"@type":"ReadAction","target":["https:\/\/swissherboriginal.com\/shop\/alimenti-e-integratori-alla-canapa\/bevande-alla-canapa\/tisana-inmuno-green-life\/"]}]},{"@type":"ImageObject","inLanguage":"hr","@id":"https:\/\/swissherboriginal.com\/shop\/alimenti-e-integratori-alla-canapa\/bevande-alla-canapa\/tisana-inmuno-green-life\/#primaryimage","url":"https:\/\/swissherboriginal.com\/wp-content\/uploads\/2023\/02\/immuno-tisana-green-life-swiss-herb-original.png","contentUrl":"https:\/\/swissherboriginal.com\/wp-content\/uploads\/2023\/02\/immuno-tisana-green-life-swiss-herb-original.png","width":800,"height":800,"caption":"Tisana Inmuno Green Life"},{"@type":"BreadcrumbList","@id":"https:\/\/swissherboriginal.com\/shop\/alimenti-e-integratori-alla-canapa\/bevande-alla-canapa\/tisana-inmuno-green-life\/#breadcrumb","itemListElement":[{"@type":"ListItem","position":1,"name":"Home","item":"https:\/\/swissherboriginal.com\/"},{"@type":"ListItem","position":2,"name":"Negozio Swiss Herb Original","item":"https:\/\/swissherboriginal.com\/negozio-swiss-herb-original\/"},{"@type":"ListItem","position":3,"name":"Tisana Inmuno Green Life"}]},{"@type":"WebSite","@id":"https:\/\/swissherboriginal.com\/#website","url":"https:\/\/swissherboriginal.com\/","name":"Originalno \u0161vicarsko bilje","description":"","publisher":{"@id":"https:\/\/swissherboriginal.com\/#organization"},"potentialAction":[{"@type":"SearchAction","target":{"@type":"EntryPoint","urlTemplate":"https:\/\/swissherboriginal.com\/?s={search_term_string}"},"query-input":{"@type":"PropertyValueSpecification","valueRequired":true,"valueName":"search_term_string"}}],"inLanguage":"hr"},{"@type":"Organization","@id":"https:\/\/swissherboriginal.com\/#organization","name":"Originalno \u0161vicarsko bilje","url":"https:\/\/swissherboriginal.com\/","logo":{"@type":"ImageObject","inLanguage":"hr","@id":"https:\/\/swissherboriginal.com\/#\/schema\/logo\/image\/","url":"https:\/\/swissherboriginal.com\/wp-content\/uploads\/logo-menu-tel-swissherb.png","contentUrl":"https:\/\/swissherboriginal.com\/wp-content\/uploads\/logo-menu-tel-swissherb.png","width":512,"height":360,"caption":"Swiss Herb Original"},"image":{"@id":"https:\/\/swissherboriginal.com\/#\/schema\/logo\/image\/"},"sameAs":["https:\/\/www.facebook.com\/swissherboriginale\/","https:\/\/www.instagram.com\/swissherb_original"]}]}},"_links":{"self":[{"href":"https:\/\/swissherboriginal.com\/hr\/wp-json\/wp\/v2\/product\/1055","targetHints":{"allow":["GET"]}}],"collection":[{"href":"https:\/\/swissherboriginal.com\/hr\/wp-json\/wp\/v2\/product"}],"about":[{"href":"https:\/\/swissherboriginal.com\/hr\/wp-json\/wp\/v2\/types\/product"}],"replies":[{"embeddable":true,"href":"https:\/\/swissherboriginal.com\/hr\/wp-json\/wp\/v2\/comments?post=1055"}],"wp:featuredmedia":[{"embeddable":true,"href":"https:\/\/swissherboriginal.com\/hr\/wp-json\/wp\/v2\/media\/3680"}],"wp:attachment":[{"href":"https:\/\/swissherboriginal.com\/hr\/wp-json\/wp\/v2\/media?parent=1055"}],"wp:term":[{"taxonomy":"product_brand","embeddable":true,"href":"https:\/\/swissherboriginal.com\/hr\/wp-json\/wp\/v2\/product_brand?post=1055"},{"taxonomy":"product_cat","embeddable":true,"href":"https:\/\/swissherboriginal.com\/hr\/wp-json\/wp\/v2\/product_cat?post=1055"},{"taxonomy":"product_tag","embeddable":true,"href":"https:\/\/swissherboriginal.com\/hr\/wp-json\/wp\/v2\/product_tag?post=1055"}],"curies":[{"name":"wp","href":"https:\/\/api.w.org\/{rel}","templated":true}]}}