{"id":1061,"date":"2023-02-09T09:49:43","date_gmt":"2023-02-09T09:49:43","guid":{"rendered":"https:\/\/swissherboriginal.com\/?post_type=product&#038;p=1061"},"modified":"2025-04-19T20:16:15","modified_gmt":"2025-04-19T20:16:15","slug":"biljni-caj-digest-green-life","status":"publish","type":"product","link":"https:\/\/swissherboriginal.com\/hr\/ducan\/hrana-i-dodaci-prehrani-od-konoplje\/napitci-od-konoplje\/biljni-caj-digest-green-life\/","title":{"rendered":"Green Life Digest biljni \u010daj"},"content":{"rendered":"<h2>Green Life Digest biljni \u010daj<\/h2>\n<p>Green Life&#039;s Digest biljni \u010daj je mje\u0161avina prirodnih sastojaka prikupljenih od travara diljem svijeta. Ovaj biljni \u010daj osmi\u0161ljen je kako bi pomogao probavi i ubla\u017eio crijevne tegobe.<\/p>\n<p>Sastojci biljnog \u010daja Digest uklju\u010duju paprenu metvicu, komora\u010d, sladi\u0107 i kamilicu. Paprena metvica ima probavna i umiruju\u0107a svojstva, dok se komora\u010d tradicionalno koristi za ubla\u017eavanje \u017eelu\u010danih tegoba. Sladi\u0107 je poznat po tome \u0161to poma\u017ee probavi i poma\u017ee u odr\u017eavanju \u017eelu\u010dane ravnote\u017ee. Kona\u010dno, kamilica je vrlo cijenjena zbog svog umiruju\u0107eg i opu\u0161taju\u0107eg u\u010dinka.<\/p>\n<p>Pakiranje sadr\u017ei 25 vre\u0107ica biljnog \u010daja, od kojih se svaka mo\u017ee koristiti za pripremu jedne \u0161alice infuzije. Blago slatki i nje\u017eni okus biljnog \u010daja u\u010dinit \u0107e ispijanje ugodno iskustvo.<\/p>\n<p>\u010cinjenica da je ovaj biljni \u010daj napravljen od prirodnih sastojaka nesumnjivo je pozitivan faktor, jer nam omogu\u0107uje izbjegavanje upotrebe kemikalija ili lijekova koji bi mogli imati ne\u017eeljene nuspojave. Stoga Digest biljni \u010daj predstavlja siguran i zdrav izbor za svakoga tko \u017eeli prirodno brinuti o svom blagostanju.<\/p>\n<p>Osim blagotvornog u\u010dinka na probavu, ovaj biljni \u010daj ima i smiruju\u0107i i opu\u0161taju\u0107i u\u010dinak na \u017eiv\u010dani sustav, \u0161to ga \u010dini posebno prikladnim za upotrebu u situacijama stresa ili emocionalne napetosti. Biljni \u010daj Green Life Digest stoga je izvrstan izbor za one koji tra\u017ee proizvod koji, osim \u0161to poma\u017ee probavi, mo\u017ee pomo\u0107i i u opu\u0161tanju i pobolj\u0161anju mentalnog blagostanja.<\/p>\n<p>Zaklju\u010dno, Green Life&#039;s Digest biljni \u010daj savr\u0161en je za sve koji tra\u017ee prirodan i u\u010dinkovit proizvod za pomo\u0107 probavi i odr\u017eavanje dobre \u017eelu\u010dane ravnote\u017ee. Pakiranje od 20 vre\u0107ica \u010daja \u010dini ovaj proizvod prakti\u010dnim za kori\u0161tenje u bilo koje doba dana, bilo kod ku\u0107e, u uredu ili u pokretu. Njegov nje\u017ean, blago slatki okus tako\u0111er ga \u010dini ugodnim za pi\u0107e, \u0161to ovaj biljni \u010daj \u010dini pravim u\u017eitkom za nepce i duh.<\/p>\n<p>Ovaj biljni \u010daj mo\u017eete kombinirati s <a href=\"https:\/\/swissherboriginal.com\/hr\/ducan\/hrana-i-dodaci-prehrani-od-konoplje\/hrana-od-konoplje\/og-kush-brownies-cannabis-bakehouse\/\">OG Kush Brownies iz pekarnice Cannabis Bakehouse<\/a>; mo\u017eete ih prona\u0107i u kategoriji \u201c<a href=\"https:\/\/swissherboriginal.com\/hr\/kategorija-proizvoda-2\/hrana-i-dodaci-prehrani-od-konoplje\/\">Hrana i dodaci prehrani od konoplje<\/a>\u201c i podkategorija \u201c<a href=\"https:\/\/swissherboriginal.com\/hr\/kategorija-proizvoda-2\/hrana-i-dodaci-prehrani-od-konoplje\/hrana-od-konoplje\/\">Hrana od konoplje<\/a>\u201cTako\u0111er vas pozivamo da isprobate i druge \u010dajeve marke Green Life za svoje blagostanje, kao \u0161to su: <a href=\"https:\/\/swissherboriginal.com\/hr\/ducan\/hrana-i-dodaci-prehrani-od-konoplje\/napitci-od-konoplje\/tisana-calm-green-life\/\">Biljni \u010daj za smirenje<\/a>, <a href=\"https:\/\/swissherboriginal.com\/hr\/ducan\/hrana-i-dodaci-prehrani-od-konoplje\/napitci-od-konoplje\/tisana-natural-green-life\/\">Prirodno<\/a>, <a href=\"https:\/\/swissherboriginal.com\/hr\/ducan\/hrana-i-dodaci-prehrani-od-konoplje\/napitci-od-konoplje\/tisana-inmuno-green-life\/\">Imuni<\/a>\u00a0o <a href=\"https:\/\/swissherboriginal.com\/hr\/ducan\/hrana-i-dodaci-prehrani-od-konoplje\/napitci-od-konoplje\/tisana-relax-green-life\/\">Opustiti<\/a>. Pogledajte i na\u0161e ostale <a href=\"https:\/\/swissherboriginal.com\/hr\/kategorija-proizvoda-2\/hrana-i-dodaci-prehrani-od-konoplje\/napitci-od-konoplje\/\">napitci od konoplje<\/a> kao <a href=\"https:\/\/swissherboriginal.com\/hr\/ducan\/hrana-i-dodaci-prehrani-od-konoplje\/napitci-od-konoplje\/immune-system-tisana-cannaline-cbd\/\">Biljni \u010daj za imunolo\u0161ki sustav od Cannaline CBD-a<\/a>.<\/p>","protected":false},"excerpt":{"rendered":"<ul>\n<li>Poma\u017ee probavi<\/li>\n<li>Odr\u017eava dobru \u017eelu\u010danu ravnote\u017eu<\/li>\n<li>Sadr\u017ei 25 vre\u0107ica<\/li>\n<li>Ubla\u017eava crijevne nelagode<\/li>\n<li>Samo prirodni sastojci<\/li>\n<\/ul>","protected":false},"featured_media":3672,"comment_status":"open","ping_status":"closed","template":"","meta":[],"product_brand":[],"product_cat":[258,264],"product_tag":[214,303,119,315,360],"class_list":{"0":"post-1061","1":"product","2":"type-product","3":"status-publish","4":"has-post-thumbnail","6":"product_cat-alimenti-e-integratori-alla-canapa","7":"product_cat-bevande-alla-canapa","8":"product_tag-bevanda-alla-canapa-naturale","9":"product_tag-cbd-per-rilassarsi","10":"product_tag-green-life-labs","11":"product_tag-te-alla-canapa","12":"product_tag-tisana-alla-canapa","14":"first","15":"outofstock","16":"sale","17":"shipping-taxable","18":"purchasable","19":"product-type-simple"},"yoast_head":"<!-- This site is optimized with the Yoast SEO Premium plugin v22.0 (Yoast SEO v26.3) - https:\/\/yoast.com\/wordpress\/plugins\/seo\/ -->\n<title>Tisana Digest Green Life | Swiss Herb Original<\/title>\n<meta name=\"description\" content=\"Goditi il benessere digestivo con la Tisana Digest di Green Life. Una miscela naturale che lenisce e calma. Scopri il piacere, prova subito!\" \/>\n<meta name=\"robots\" content=\"index, follow, max-snippet:-1, max-image-preview:large, max-video-preview:-1\" \/>\n<link rel=\"canonical\" href=\"https:\/\/swissherboriginal.com\/hr\/ducan\/hrana-i-dodaci-prehrani-od-konoplje\/napitci-od-konoplje\/biljni-caj-digest-green-life\/\" \/>\n<meta property=\"og:locale\" content=\"hr_HR\" \/>\n<meta property=\"og:type\" content=\"article\" \/>\n<meta property=\"og:title\" content=\"Tisana Digest Green Life\" \/>\n<meta property=\"og:description\" content=\"Goditi il benessere digestivo con la Tisana Digest di Green Life. Una miscela naturale che lenisce e calma. Scopri il piacere, prova subito!\" \/>\n<meta property=\"og:url\" content=\"https:\/\/swissherboriginal.com\/hr\/ducan\/hrana-i-dodaci-prehrani-od-konoplje\/napitci-od-konoplje\/biljni-caj-digest-green-life\/\" \/>\n<meta property=\"og:site_name\" content=\"Swiss Herb Original\" \/>\n<meta property=\"article:publisher\" content=\"https:\/\/www.facebook.com\/swissherboriginale\/\" \/>\n<meta property=\"article:modified_time\" content=\"2025-04-19T20:16:15+00:00\" \/>\n<meta property=\"og:image\" content=\"https:\/\/swissherboriginal.com\/wp-content\/uploads\/2023\/02\/digest-tisana-green-life-swiss-herb-original.png\" \/>\n\t<meta property=\"og:image:width\" content=\"800\" \/>\n\t<meta property=\"og:image:height\" content=\"800\" \/>\n\t<meta property=\"og:image:type\" content=\"image\/png\" \/>\n<meta name=\"twitter:card\" content=\"summary_large_image\" \/>\n<meta name=\"twitter:image\" content=\"https:\/\/swissherboriginal.com\/wp-content\/uploads\/2023\/02\/digest-tisana-green-life-swiss-herb-original.png\" \/>\n<meta name=\"twitter:label1\" content=\"Procijenjeno vrijeme \u010ditanja\" \/>\n\t<meta name=\"twitter:data1\" content=\"3 minute\" \/>\n<script type=\"application\/ld+json\" class=\"yoast-schema-graph\">{\"@context\":\"https:\/\/schema.org\",\"@graph\":[{\"@type\":\"WebPage\",\"@id\":\"https:\/\/swissherboriginal.com\/shop\/alimenti-e-integratori-alla-canapa\/bevande-alla-canapa\/tisana-digest-green-life\/\",\"url\":\"https:\/\/swissherboriginal.com\/shop\/alimenti-e-integratori-alla-canapa\/bevande-alla-canapa\/tisana-digest-green-life\/\",\"name\":\"Tisana Digest Green Life | Swiss Herb Original\",\"isPartOf\":{\"@id\":\"https:\/\/swissherboriginal.com\/#website\"},\"primaryImageOfPage\":{\"@id\":\"https:\/\/swissherboriginal.com\/shop\/alimenti-e-integratori-alla-canapa\/bevande-alla-canapa\/tisana-digest-green-life\/#primaryimage\"},\"image\":{\"@id\":\"https:\/\/swissherboriginal.com\/shop\/alimenti-e-integratori-alla-canapa\/bevande-alla-canapa\/tisana-digest-green-life\/#primaryimage\"},\"thumbnailUrl\":\"https:\/\/swissherboriginal.com\/wp-content\/uploads\/2023\/02\/digest-tisana-green-life-swiss-herb-original.png\",\"datePublished\":\"2023-02-09T09:49:43+00:00\",\"dateModified\":\"2025-04-19T20:16:15+00:00\",\"description\":\"Goditi il benessere digestivo con la Tisana Digest di Green Life. Una miscela naturale che lenisce e calma. Scopri il piacere, prova subito!\",\"breadcrumb\":{\"@id\":\"https:\/\/swissherboriginal.com\/shop\/alimenti-e-integratori-alla-canapa\/bevande-alla-canapa\/tisana-digest-green-life\/#breadcrumb\"},\"inLanguage\":\"hr\",\"potentialAction\":[{\"@type\":\"ReadAction\",\"target\":[\"https:\/\/swissherboriginal.com\/shop\/alimenti-e-integratori-alla-canapa\/bevande-alla-canapa\/tisana-digest-green-life\/\"]}]},{\"@type\":\"ImageObject\",\"inLanguage\":\"hr\",\"@id\":\"https:\/\/swissherboriginal.com\/shop\/alimenti-e-integratori-alla-canapa\/bevande-alla-canapa\/tisana-digest-green-life\/#primaryimage\",\"url\":\"https:\/\/swissherboriginal.com\/wp-content\/uploads\/2023\/02\/digest-tisana-green-life-swiss-herb-original.png\",\"contentUrl\":\"https:\/\/swissherboriginal.com\/wp-content\/uploads\/2023\/02\/digest-tisana-green-life-swiss-herb-original.png\",\"width\":800,\"height\":800,\"caption\":\"Tisana Digest Green Life\"},{\"@type\":\"BreadcrumbList\",\"@id\":\"https:\/\/swissherboriginal.com\/shop\/alimenti-e-integratori-alla-canapa\/bevande-alla-canapa\/tisana-digest-green-life\/#breadcrumb\",\"itemListElement\":[{\"@type\":\"ListItem\",\"position\":1,\"name\":\"Home\",\"item\":\"https:\/\/swissherboriginal.com\/\"},{\"@type\":\"ListItem\",\"position\":2,\"name\":\"Negozio Swiss Herb Original\",\"item\":\"https:\/\/swissherboriginal.com\/negozio-swiss-herb-original\/\"},{\"@type\":\"ListItem\",\"position\":3,\"name\":\"Tisana Digest Green Life\"}]},{\"@type\":\"WebSite\",\"@id\":\"https:\/\/swissherboriginal.com\/#website\",\"url\":\"https:\/\/swissherboriginal.com\/\",\"name\":\"Swiss Herb Original\",\"description\":\"\",\"publisher\":{\"@id\":\"https:\/\/swissherboriginal.com\/#organization\"},\"potentialAction\":[{\"@type\":\"SearchAction\",\"target\":{\"@type\":\"EntryPoint\",\"urlTemplate\":\"https:\/\/swissherboriginal.com\/?s={search_term_string}\"},\"query-input\":{\"@type\":\"PropertyValueSpecification\",\"valueRequired\":true,\"valueName\":\"search_term_string\"}}],\"inLanguage\":\"hr\"},{\"@type\":\"Organization\",\"@id\":\"https:\/\/swissherboriginal.com\/#organization\",\"name\":\"Swiss Herb Original\",\"url\":\"https:\/\/swissherboriginal.com\/\",\"logo\":{\"@type\":\"ImageObject\",\"inLanguage\":\"hr\",\"@id\":\"https:\/\/swissherboriginal.com\/#\/schema\/logo\/image\/\",\"url\":\"https:\/\/swissherboriginal.com\/wp-content\/uploads\/logo-menu-tel-swissherb.png\",\"contentUrl\":\"https:\/\/swissherboriginal.com\/wp-content\/uploads\/logo-menu-tel-swissherb.png\",\"width\":512,\"height\":360,\"caption\":\"Swiss Herb Original\"},\"image\":{\"@id\":\"https:\/\/swissherboriginal.com\/#\/schema\/logo\/image\/\"},\"sameAs\":[\"https:\/\/www.facebook.com\/swissherboriginale\/\",\"https:\/\/www.instagram.com\/swissherb_original\"]}]}<\/script>\n<!-- \/ Yoast SEO Premium plugin. -->","yoast_head_json":{"title":"Biljni \u010daj Digest Green Life | Swiss Herb Original","description":"U\u017eivajte u probavnom blagostanju uz Green Lifeov Digest biljni \u010daj. Prirodna mje\u0161avina koja umiruje i smiruje. Otkrijte u\u017eitak, isprobajte ga odmah!","robots":{"index":"index","follow":"follow","max-snippet":"max-snippet:-1","max-image-preview":"max-image-preview:large","max-video-preview":"max-video-preview:-1"},"canonical":"https:\/\/swissherboriginal.com\/hr\/ducan\/hrana-i-dodaci-prehrani-od-konoplje\/napitci-od-konoplje\/biljni-caj-digest-green-life\/","og_locale":"hr_HR","og_type":"article","og_title":"Tisana Digest Green Life","og_description":"Goditi il benessere digestivo con la Tisana Digest di Green Life. Una miscela naturale che lenisce e calma. Scopri il piacere, prova subito!","og_url":"https:\/\/swissherboriginal.com\/hr\/ducan\/hrana-i-dodaci-prehrani-od-konoplje\/napitci-od-konoplje\/biljni-caj-digest-green-life\/","og_site_name":"Swiss Herb Original","article_publisher":"https:\/\/www.facebook.com\/swissherboriginale\/","article_modified_time":"2025-04-19T20:16:15+00:00","og_image":[{"width":800,"height":800,"url":"https:\/\/swissherboriginal.com\/wp-content\/uploads\/2023\/02\/digest-tisana-green-life-swiss-herb-original.png","type":"image\/png"}],"twitter_card":"summary_large_image","twitter_image":"https:\/\/swissherboriginal.com\/wp-content\/uploads\/2023\/02\/digest-tisana-green-life-swiss-herb-original.png","twitter_misc":{"Procijenjeno vrijeme \u010ditanja":"3 minute"},"schema":{"@context":"https:\/\/schema.org","@graph":[{"@type":"WebPage","@id":"https:\/\/swissherboriginal.com\/shop\/alimenti-e-integratori-alla-canapa\/bevande-alla-canapa\/tisana-digest-green-life\/","url":"https:\/\/swissherboriginal.com\/shop\/alimenti-e-integratori-alla-canapa\/bevande-alla-canapa\/tisana-digest-green-life\/","name":"Biljni \u010daj Digest Green Life | Swiss Herb Original","isPartOf":{"@id":"https:\/\/swissherboriginal.com\/#website"},"primaryImageOfPage":{"@id":"https:\/\/swissherboriginal.com\/shop\/alimenti-e-integratori-alla-canapa\/bevande-alla-canapa\/tisana-digest-green-life\/#primaryimage"},"image":{"@id":"https:\/\/swissherboriginal.com\/shop\/alimenti-e-integratori-alla-canapa\/bevande-alla-canapa\/tisana-digest-green-life\/#primaryimage"},"thumbnailUrl":"https:\/\/swissherboriginal.com\/wp-content\/uploads\/2023\/02\/digest-tisana-green-life-swiss-herb-original.png","datePublished":"2023-02-09T09:49:43+00:00","dateModified":"2025-04-19T20:16:15+00:00","description":"U\u017eivajte u probavnom blagostanju uz Green Lifeov Digest biljni \u010daj. Prirodna mje\u0161avina koja umiruje i smiruje. Otkrijte u\u017eitak, isprobajte ga odmah!","breadcrumb":{"@id":"https:\/\/swissherboriginal.com\/shop\/alimenti-e-integratori-alla-canapa\/bevande-alla-canapa\/tisana-digest-green-life\/#breadcrumb"},"inLanguage":"hr","potentialAction":[{"@type":"ReadAction","target":["https:\/\/swissherboriginal.com\/shop\/alimenti-e-integratori-alla-canapa\/bevande-alla-canapa\/tisana-digest-green-life\/"]}]},{"@type":"ImageObject","inLanguage":"hr","@id":"https:\/\/swissherboriginal.com\/shop\/alimenti-e-integratori-alla-canapa\/bevande-alla-canapa\/tisana-digest-green-life\/#primaryimage","url":"https:\/\/swissherboriginal.com\/wp-content\/uploads\/2023\/02\/digest-tisana-green-life-swiss-herb-original.png","contentUrl":"https:\/\/swissherboriginal.com\/wp-content\/uploads\/2023\/02\/digest-tisana-green-life-swiss-herb-original.png","width":800,"height":800,"caption":"Tisana Digest Green Life"},{"@type":"BreadcrumbList","@id":"https:\/\/swissherboriginal.com\/shop\/alimenti-e-integratori-alla-canapa\/bevande-alla-canapa\/tisana-digest-green-life\/#breadcrumb","itemListElement":[{"@type":"ListItem","position":1,"name":"Home","item":"https:\/\/swissherboriginal.com\/"},{"@type":"ListItem","position":2,"name":"Negozio Swiss Herb Original","item":"https:\/\/swissherboriginal.com\/negozio-swiss-herb-original\/"},{"@type":"ListItem","position":3,"name":"Tisana Digest Green Life"}]},{"@type":"WebSite","@id":"https:\/\/swissherboriginal.com\/#website","url":"https:\/\/swissherboriginal.com\/","name":"Originalno \u0161vicarsko bilje","description":"","publisher":{"@id":"https:\/\/swissherboriginal.com\/#organization"},"potentialAction":[{"@type":"SearchAction","target":{"@type":"EntryPoint","urlTemplate":"https:\/\/swissherboriginal.com\/?s={search_term_string}"},"query-input":{"@type":"PropertyValueSpecification","valueRequired":true,"valueName":"search_term_string"}}],"inLanguage":"hr"},{"@type":"Organization","@id":"https:\/\/swissherboriginal.com\/#organization","name":"Originalno \u0161vicarsko bilje","url":"https:\/\/swissherboriginal.com\/","logo":{"@type":"ImageObject","inLanguage":"hr","@id":"https:\/\/swissherboriginal.com\/#\/schema\/logo\/image\/","url":"https:\/\/swissherboriginal.com\/wp-content\/uploads\/logo-menu-tel-swissherb.png","contentUrl":"https:\/\/swissherboriginal.com\/wp-content\/uploads\/logo-menu-tel-swissherb.png","width":512,"height":360,"caption":"Swiss Herb Original"},"image":{"@id":"https:\/\/swissherboriginal.com\/#\/schema\/logo\/image\/"},"sameAs":["https:\/\/www.facebook.com\/swissherboriginale\/","https:\/\/www.instagram.com\/swissherb_original"]}]}},"_links":{"self":[{"href":"https:\/\/swissherboriginal.com\/hr\/wp-json\/wp\/v2\/product\/1061","targetHints":{"allow":["GET"]}}],"collection":[{"href":"https:\/\/swissherboriginal.com\/hr\/wp-json\/wp\/v2\/product"}],"about":[{"href":"https:\/\/swissherboriginal.com\/hr\/wp-json\/wp\/v2\/types\/product"}],"replies":[{"embeddable":true,"href":"https:\/\/swissherboriginal.com\/hr\/wp-json\/wp\/v2\/comments?post=1061"}],"wp:featuredmedia":[{"embeddable":true,"href":"https:\/\/swissherboriginal.com\/hr\/wp-json\/wp\/v2\/media\/3672"}],"wp:attachment":[{"href":"https:\/\/swissherboriginal.com\/hr\/wp-json\/wp\/v2\/media?parent=1061"}],"wp:term":[{"taxonomy":"product_brand","embeddable":true,"href":"https:\/\/swissherboriginal.com\/hr\/wp-json\/wp\/v2\/product_brand?post=1061"},{"taxonomy":"product_cat","embeddable":true,"href":"https:\/\/swissherboriginal.com\/hr\/wp-json\/wp\/v2\/product_cat?post=1061"},{"taxonomy":"product_tag","embeddable":true,"href":"https:\/\/swissherboriginal.com\/hr\/wp-json\/wp\/v2\/product_tag?post=1061"}],"curies":[{"name":"wp","href":"https:\/\/api.w.org\/{rel}","templated":true}]}}