{"id":1141,"date":"2023-02-15T09:40:00","date_gmt":"2023-02-15T09:40:00","guid":{"rendered":"https:\/\/swissherboriginal.com\/?post_type=product&#038;p=1141"},"modified":"2023-11-22T10:00:12","modified_gmt":"2023-11-22T10:00:12","slug":"contenitore-magnetico-raw","status":"publish","type":"product","link":"https:\/\/swissherboriginal.com\/hr\/ducan\/pusacke-stvari\/pribor\/contenitore-magnetico-raw\/","title":{"rendered":"Magnetni spremnik za RAW"},"content":{"rendered":"<h2>Magnetni spremnik za RAW<\/h2>\n<p>Il contenitore magnetico della Raw \u00e8 un prodotto dalle molteplici caratteristiche e funzioni che lo rendono una risorsa indispensabile per tutti gli amanti dell&#8217;erba. Realizzato interamente in plastica vegetale, \u00e8 in grado di soddisfare le esigenze di coloro che cercano un prodotto eco-sostenibile e non inquinante. Le sue dimensioni ridotte e la sua forma tascabile lo rendono perfetto per portarlo sempre con s\u00e9, in qualsiasi luogo ci si trovi.<\/p>\n<p>L&#8217;aspetto pi\u00f9 interessante del contenitore Raw \u00e8 sicuramente rappresentato dal suo sistema di chiusura ed apertura, in grado di garantire una tenuta ermetica e impermeabile. La struttura del contenitore \u00e8 infatti dotata di una piccola linguetta che \u00e8 possibile sollevare per aprire il contenitore ed esporre l&#8217;intero interno. In questo modo, non solo sar\u00e0 possibile poter prendere l&#8217;erba che si necessita, ma anche poter rimuovere eventuali residui che si siano accumulati nella base del contenitore.<\/p>\n<p>Il sistema di chiusura \u00e8 reso ancora pi\u00f9 funzionale grazie alla presenza di un magnete. Quest&#8217;ultimo, infatti, rappresenta una vera e propria novit\u00e0 che non si trova in molti altri contenitori simili. Il magnetismo del fondo garantisce una tenuta salda e sicura con qualsiasi superficie metallica, evitando la caduta accidentale del contenitore e proteggendo il suo contenuto da eventuali urti.<\/p>\n<p>L&#8217;altra caratteristica importante del contenitore magnetico della Raw \u00e8 la sua capacit\u00e0 di contenere erbe aromatiche conservandone i sapori e gli aromi. Questo perch\u00e9 la sua struttura \u00e8 progettata per mantenere l&#8217;erba sempre asciutta e priva di umidit\u00e0, prevenendo la formazione di muffe e batteri. Inoltre, il sistema di chiusura ermetico \u00e8 in grado di prevenire la fuoriuscita dei vapori in eccesso, mantenendo sempre intatto il sapore dell&#8217;erba fresca.<\/p>\n<p>In sintesi, il contenitore magnetico della Raw \u00e8 un prodotto dalle molteplici caratteristiche che si adatta alle esigenze di tutti gli amanti dell&#8217;erba. La sua struttura in plastica vegetale lo rende eco-sostenibile e non inquinante, mentre la presenza del magnete lo rende semplice da utilizzare e sicuro da trasportare. Grazie alla sua capacit\u00e0 di conservare l&#8217;erba fresca e priva di umidit\u00e0, il contenitore rappresenta una risorsa imprescindibile per ottenere un gustoso vapori e aromi intensi.<\/p>\n<p>Puoi attaccare il tuo contenitore magnetico ad uno dei <a href=\"https:\/\/swissherboriginal.com\/hr\/ducan\/pusacke-stvari\/pribor\/vassoio-grande-in-metallo-gorilla-glue-best-buds\/\">vassoi di metallo<\/a>, come quelli della Raw o Best Buds! Curiosa nella categoria &#8220;<a href=\"https:\/\/swissherboriginal.com\/hr\/kategorija-proizvoda-2\/pusacke-stvari\/\">Predmeti za pu\u0161enje<\/a>\u201d&quot; i podkategorija &quot;\u201c<a href=\"https:\/\/swissherboriginal.com\/hr\/kategorija-proizvoda-2\/pusacke-stvari\/pribor\/\">Pribor<\/a>&#8220;, per trovare il vassoio perfetto per il tuo contenitore.<\/p>","protected":false},"excerpt":{"rendered":"<ul>\n<li>Contenitore con coperchio e calamita<\/li>\n<li>Discreto<\/li>\n<li>Funzionale<\/li>\n<li>Per concentrati, erbe e resine<\/li>\n<\/ul>","protected":false},"featured_media":3524,"comment_status":"open","ping_status":"closed","template":"","meta":[],"product_brand":[],"product_cat":[249,250],"product_tag":[436,114],"class_list":{"0":"post-1141","1":"product","2":"type-product","3":"status-publish","4":"has-post-thumbnail","6":"product_cat-articoli-per-fumatori","7":"product_cat-accessori","8":"product_tag-contenitore","9":"product_tag-raw","11":"first","12":"instock","13":"shipping-taxable","14":"purchasable","15":"product-type-simple"},"yoast_head":"<!-- This site is optimized with the Yoast SEO Premium plugin v22.0 (Yoast SEO v26.3) - https:\/\/yoast.com\/wordpress\/plugins\/seo\/ -->\n<title>Contenitore Magnetico RAW | Stash Jar | Swiss Herb Original<\/title>\n<meta name=\"description\" content=\"Contenitore Magnetico RAW - conserva l&#039;erba fresca, aromatica e priva di umidit\u00e0. Scegli la qualit\u00e0 ecologica. Acquistalo ora!\" \/>\n<meta name=\"robots\" content=\"index, follow, max-snippet:-1, max-image-preview:large, max-video-preview:-1\" \/>\n<link rel=\"canonical\" href=\"https:\/\/swissherboriginal.com\/hr\/ducan\/pusacke-stvari\/pribor\/contenitore-magnetico-raw\/\" \/>\n<meta property=\"og:locale\" content=\"hr_HR\" \/>\n<meta property=\"og:type\" content=\"article\" \/>\n<meta property=\"og:title\" content=\"Contenitore Magnetico RAW\" \/>\n<meta property=\"og:description\" content=\"Contenitore Magnetico RAW - conserva l&#039;erba fresca, aromatica e priva di umidit\u00e0. Scegli la qualit\u00e0 ecologica. Acquistalo ora!\" \/>\n<meta property=\"og:url\" content=\"https:\/\/swissherboriginal.com\/hr\/ducan\/pusacke-stvari\/pribor\/contenitore-magnetico-raw\/\" \/>\n<meta property=\"og:site_name\" content=\"Swiss Herb Original\" \/>\n<meta property=\"article:publisher\" content=\"https:\/\/www.facebook.com\/swissherboriginale\/\" \/>\n<meta property=\"article:modified_time\" content=\"2023-11-22T10:00:12+00:00\" \/>\n<meta property=\"og:image\" content=\"https:\/\/swissherboriginal.com\/wp-content\/uploads\/2023\/02\/contenitore-magnetico-raw-swiss-herb-original.png\" \/>\n\t<meta property=\"og:image:width\" content=\"800\" \/>\n\t<meta property=\"og:image:height\" content=\"800\" \/>\n\t<meta property=\"og:image:type\" content=\"image\/png\" \/>\n<meta name=\"twitter:card\" content=\"summary_large_image\" \/>\n<meta name=\"twitter:image\" content=\"https:\/\/swissherboriginal.com\/wp-content\/uploads\/2023\/02\/contenitore-magnetico-raw-swiss-herb-original.png\" \/>\n<meta name=\"twitter:label1\" content=\"Procijenjeno vrijeme \u010ditanja\" \/>\n\t<meta name=\"twitter:data1\" content=\"3 minute\" \/>\n<script type=\"application\/ld+json\" class=\"yoast-schema-graph\">{\"@context\":\"https:\/\/schema.org\",\"@graph\":[{\"@type\":\"WebPage\",\"@id\":\"https:\/\/swissherboriginal.com\/shop\/articoli-per-fumatori\/accessori\/contenitore-magnetico-raw\/\",\"url\":\"https:\/\/swissherboriginal.com\/shop\/articoli-per-fumatori\/accessori\/contenitore-magnetico-raw\/\",\"name\":\"Contenitore Magnetico RAW | Stash Jar | Swiss Herb Original\",\"isPartOf\":{\"@id\":\"https:\/\/swissherboriginal.com\/#website\"},\"primaryImageOfPage\":{\"@id\":\"https:\/\/swissherboriginal.com\/shop\/articoli-per-fumatori\/accessori\/contenitore-magnetico-raw\/#primaryimage\"},\"image\":{\"@id\":\"https:\/\/swissherboriginal.com\/shop\/articoli-per-fumatori\/accessori\/contenitore-magnetico-raw\/#primaryimage\"},\"thumbnailUrl\":\"https:\/\/swissherboriginal.com\/wp-content\/uploads\/2023\/02\/contenitore-magnetico-raw-swiss-herb-original.png\",\"datePublished\":\"2023-02-15T09:40:00+00:00\",\"dateModified\":\"2023-11-22T10:00:12+00:00\",\"description\":\"Contenitore Magnetico RAW - conserva l'erba fresca, aromatica e priva di umidit\u00e0. Scegli la qualit\u00e0 ecologica. Acquistalo ora!\",\"breadcrumb\":{\"@id\":\"https:\/\/swissherboriginal.com\/shop\/articoli-per-fumatori\/accessori\/contenitore-magnetico-raw\/#breadcrumb\"},\"inLanguage\":\"hr\",\"potentialAction\":[{\"@type\":\"ReadAction\",\"target\":[\"https:\/\/swissherboriginal.com\/shop\/articoli-per-fumatori\/accessori\/contenitore-magnetico-raw\/\"]}]},{\"@type\":\"ImageObject\",\"inLanguage\":\"hr\",\"@id\":\"https:\/\/swissherboriginal.com\/shop\/articoli-per-fumatori\/accessori\/contenitore-magnetico-raw\/#primaryimage\",\"url\":\"https:\/\/swissherboriginal.com\/wp-content\/uploads\/2023\/02\/contenitore-magnetico-raw-swiss-herb-original.png\",\"contentUrl\":\"https:\/\/swissherboriginal.com\/wp-content\/uploads\/2023\/02\/contenitore-magnetico-raw-swiss-herb-original.png\",\"width\":800,\"height\":800,\"caption\":\"Contenitore Magnetico RAW\"},{\"@type\":\"BreadcrumbList\",\"@id\":\"https:\/\/swissherboriginal.com\/shop\/articoli-per-fumatori\/accessori\/contenitore-magnetico-raw\/#breadcrumb\",\"itemListElement\":[{\"@type\":\"ListItem\",\"position\":1,\"name\":\"Home\",\"item\":\"https:\/\/swissherboriginal.com\/\"},{\"@type\":\"ListItem\",\"position\":2,\"name\":\"Negozio Swiss Herb Original\",\"item\":\"https:\/\/swissherboriginal.com\/negozio-swiss-herb-original\/\"},{\"@type\":\"ListItem\",\"position\":3,\"name\":\"Contenitore Magnetico RAW\"}]},{\"@type\":\"WebSite\",\"@id\":\"https:\/\/swissherboriginal.com\/#website\",\"url\":\"https:\/\/swissherboriginal.com\/\",\"name\":\"Swiss Herb Original\",\"description\":\"\",\"publisher\":{\"@id\":\"https:\/\/swissherboriginal.com\/#organization\"},\"potentialAction\":[{\"@type\":\"SearchAction\",\"target\":{\"@type\":\"EntryPoint\",\"urlTemplate\":\"https:\/\/swissherboriginal.com\/?s={search_term_string}\"},\"query-input\":{\"@type\":\"PropertyValueSpecification\",\"valueRequired\":true,\"valueName\":\"search_term_string\"}}],\"inLanguage\":\"hr\"},{\"@type\":\"Organization\",\"@id\":\"https:\/\/swissherboriginal.com\/#organization\",\"name\":\"Swiss Herb Original\",\"url\":\"https:\/\/swissherboriginal.com\/\",\"logo\":{\"@type\":\"ImageObject\",\"inLanguage\":\"hr\",\"@id\":\"https:\/\/swissherboriginal.com\/#\/schema\/logo\/image\/\",\"url\":\"https:\/\/swissherboriginal.com\/wp-content\/uploads\/logo-menu-tel-swissherb.png\",\"contentUrl\":\"https:\/\/swissherboriginal.com\/wp-content\/uploads\/logo-menu-tel-swissherb.png\",\"width\":512,\"height\":360,\"caption\":\"Swiss Herb Original\"},\"image\":{\"@id\":\"https:\/\/swissherboriginal.com\/#\/schema\/logo\/image\/\"},\"sameAs\":[\"https:\/\/www.facebook.com\/swissherboriginale\/\",\"https:\/\/www.instagram.com\/swissherb_original\"]}]}<\/script>\n<!-- \/ Yoast SEO Premium plugin. -->","yoast_head_json":{"title":"Contenitore Magnetico RAW | Stash Jar | Swiss Herb Original","description":"Contenitore Magnetico RAW - conserva l'erba fresca, aromatica e priva di umidit\u00e0. Scegli la qualit\u00e0 ecologica. Acquistalo ora!","robots":{"index":"index","follow":"follow","max-snippet":"max-snippet:-1","max-image-preview":"max-image-preview:large","max-video-preview":"max-video-preview:-1"},"canonical":"https:\/\/swissherboriginal.com\/hr\/ducan\/pusacke-stvari\/pribor\/contenitore-magnetico-raw\/","og_locale":"hr_HR","og_type":"article","og_title":"Contenitore Magnetico RAW","og_description":"Contenitore Magnetico RAW - conserva l'erba fresca, aromatica e priva di umidit\u00e0. Scegli la qualit\u00e0 ecologica. Acquistalo ora!","og_url":"https:\/\/swissherboriginal.com\/hr\/ducan\/pusacke-stvari\/pribor\/contenitore-magnetico-raw\/","og_site_name":"Swiss Herb Original","article_publisher":"https:\/\/www.facebook.com\/swissherboriginale\/","article_modified_time":"2023-11-22T10:00:12+00:00","og_image":[{"width":800,"height":800,"url":"https:\/\/swissherboriginal.com\/wp-content\/uploads\/2023\/02\/contenitore-magnetico-raw-swiss-herb-original.png","type":"image\/png"}],"twitter_card":"summary_large_image","twitter_image":"https:\/\/swissherboriginal.com\/wp-content\/uploads\/2023\/02\/contenitore-magnetico-raw-swiss-herb-original.png","twitter_misc":{"Procijenjeno vrijeme \u010ditanja":"3 minute"},"schema":{"@context":"https:\/\/schema.org","@graph":[{"@type":"WebPage","@id":"https:\/\/swissherboriginal.com\/shop\/articoli-per-fumatori\/accessori\/contenitore-magnetico-raw\/","url":"https:\/\/swissherboriginal.com\/shop\/articoli-per-fumatori\/accessori\/contenitore-magnetico-raw\/","name":"Contenitore Magnetico RAW | Stash Jar | Swiss Herb Original","isPartOf":{"@id":"https:\/\/swissherboriginal.com\/#website"},"primaryImageOfPage":{"@id":"https:\/\/swissherboriginal.com\/shop\/articoli-per-fumatori\/accessori\/contenitore-magnetico-raw\/#primaryimage"},"image":{"@id":"https:\/\/swissherboriginal.com\/shop\/articoli-per-fumatori\/accessori\/contenitore-magnetico-raw\/#primaryimage"},"thumbnailUrl":"https:\/\/swissherboriginal.com\/wp-content\/uploads\/2023\/02\/contenitore-magnetico-raw-swiss-herb-original.png","datePublished":"2023-02-15T09:40:00+00:00","dateModified":"2023-11-22T10:00:12+00:00","description":"Contenitore Magnetico RAW - conserva l'erba fresca, aromatica e priva di umidit\u00e0. Scegli la qualit\u00e0 ecologica. Acquistalo ora!","breadcrumb":{"@id":"https:\/\/swissherboriginal.com\/shop\/articoli-per-fumatori\/accessori\/contenitore-magnetico-raw\/#breadcrumb"},"inLanguage":"hr","potentialAction":[{"@type":"ReadAction","target":["https:\/\/swissherboriginal.com\/shop\/articoli-per-fumatori\/accessori\/contenitore-magnetico-raw\/"]}]},{"@type":"ImageObject","inLanguage":"hr","@id":"https:\/\/swissherboriginal.com\/shop\/articoli-per-fumatori\/accessori\/contenitore-magnetico-raw\/#primaryimage","url":"https:\/\/swissherboriginal.com\/wp-content\/uploads\/2023\/02\/contenitore-magnetico-raw-swiss-herb-original.png","contentUrl":"https:\/\/swissherboriginal.com\/wp-content\/uploads\/2023\/02\/contenitore-magnetico-raw-swiss-herb-original.png","width":800,"height":800,"caption":"Contenitore Magnetico RAW"},{"@type":"BreadcrumbList","@id":"https:\/\/swissherboriginal.com\/shop\/articoli-per-fumatori\/accessori\/contenitore-magnetico-raw\/#breadcrumb","itemListElement":[{"@type":"ListItem","position":1,"name":"Home","item":"https:\/\/swissherboriginal.com\/"},{"@type":"ListItem","position":2,"name":"Negozio Swiss Herb Original","item":"https:\/\/swissherboriginal.com\/negozio-swiss-herb-original\/"},{"@type":"ListItem","position":3,"name":"Contenitore Magnetico RAW"}]},{"@type":"WebSite","@id":"https:\/\/swissherboriginal.com\/#website","url":"https:\/\/swissherboriginal.com\/","name":"Originalno \u0161vicarsko bilje","description":"","publisher":{"@id":"https:\/\/swissherboriginal.com\/#organization"},"potentialAction":[{"@type":"SearchAction","target":{"@type":"EntryPoint","urlTemplate":"https:\/\/swissherboriginal.com\/?s={search_term_string}"},"query-input":{"@type":"PropertyValueSpecification","valueRequired":true,"valueName":"search_term_string"}}],"inLanguage":"hr"},{"@type":"Organization","@id":"https:\/\/swissherboriginal.com\/#organization","name":"Originalno \u0161vicarsko bilje","url":"https:\/\/swissherboriginal.com\/","logo":{"@type":"ImageObject","inLanguage":"hr","@id":"https:\/\/swissherboriginal.com\/#\/schema\/logo\/image\/","url":"https:\/\/swissherboriginal.com\/wp-content\/uploads\/logo-menu-tel-swissherb.png","contentUrl":"https:\/\/swissherboriginal.com\/wp-content\/uploads\/logo-menu-tel-swissherb.png","width":512,"height":360,"caption":"Swiss Herb Original"},"image":{"@id":"https:\/\/swissherboriginal.com\/#\/schema\/logo\/image\/"},"sameAs":["https:\/\/www.facebook.com\/swissherboriginale\/","https:\/\/www.instagram.com\/swissherb_original"]}]}},"_links":{"self":[{"href":"https:\/\/swissherboriginal.com\/hr\/wp-json\/wp\/v2\/product\/1141","targetHints":{"allow":["GET"]}}],"collection":[{"href":"https:\/\/swissherboriginal.com\/hr\/wp-json\/wp\/v2\/product"}],"about":[{"href":"https:\/\/swissherboriginal.com\/hr\/wp-json\/wp\/v2\/types\/product"}],"replies":[{"embeddable":true,"href":"https:\/\/swissherboriginal.com\/hr\/wp-json\/wp\/v2\/comments?post=1141"}],"wp:featuredmedia":[{"embeddable":true,"href":"https:\/\/swissherboriginal.com\/hr\/wp-json\/wp\/v2\/media\/3524"}],"wp:attachment":[{"href":"https:\/\/swissherboriginal.com\/hr\/wp-json\/wp\/v2\/media?parent=1141"}],"wp:term":[{"taxonomy":"product_brand","embeddable":true,"href":"https:\/\/swissherboriginal.com\/hr\/wp-json\/wp\/v2\/product_brand?post=1141"},{"taxonomy":"product_cat","embeddable":true,"href":"https:\/\/swissherboriginal.com\/hr\/wp-json\/wp\/v2\/product_cat?post=1141"},{"taxonomy":"product_tag","embeddable":true,"href":"https:\/\/swissherboriginal.com\/hr\/wp-json\/wp\/v2\/product_tag?post=1141"}],"curies":[{"name":"wp","href":"https:\/\/api.w.org\/{rel}","templated":true}]}}