{"id":1143,"date":"2023-02-15T10:03:04","date_gmt":"2023-02-15T10:03:04","guid":{"rendered":"https:\/\/swissherboriginal.com\/?post_type=product&#038;p=1143"},"modified":"2023-11-22T09:59:43","modified_gmt":"2023-11-22T09:59:43","slug":"ovdje-dimljena-sirova-drvena-ploca","status":"publish","type":"product","link":"https:\/\/swissherboriginal.com\/hr\/ducan\/pusacke-stvari\/pribor\/ovdje-dimljena-sirova-drvena-ploca\/","title":{"rendered":"Drveni znak &quot;Ovdje se pu\u0161i&quot; od sirovog materijala"},"content":{"rendered":"<h2>Drveni znak &quot;Ovdje se pu\u0161i&quot; od sirovog materijala<\/h2>\n<p>Drveni znak &quot;smoked here&quot; marke Raw savr\u0161en je dodatak svakom prostoru koji voli kulturu pu\u0161enja. \u010cist i minimalisti\u010dki dizajn znaka u potpunosti je izra\u0111en od visokokvalitetnog drva, s natpisom &quot;smoked here&quot; u sredini. Glatka i otporna povr\u0161ina drva osigurava dugotrajnu izdr\u017eljivost.<\/p>\n<p>Plo\u010da je idealna za vje\u0161anje u raznim dijelovima doma, kao \u0161to su soba za pu\u0161enje, dnevni boravak ili spava\u0107a soba. Zahvaljuju\u0107i svom pravokutnom obliku, lako se prilago\u0111ava bilo kojem zidu i mo\u017ee se objesiti i vodoravno i okomito. Istovremeno, njezin decentan i sofisticiran stil savr\u0161eno se uklapa u bilo koji dekor.<\/p>\n<p>Ali znak &quot;ovdje se pu\u0161i&quot; nije samo ukrasni predmet. On prenosi sna\u017enu i jasnu poruku: ovo je mjesto gdje mo\u017eete pu\u0161iti i zabaviti se. Znak poziva pu\u0161a\u010de da se osje\u0107aju ugodno u svom prostoru, stvaraju\u0107i atmosferu dru\u017eeljubivosti i opu\u0161tanja. Nadalje, to je elegantan na\u010din da poka\u017eete svoju strast prema duhanskim proizvodima i umije\u0107u pu\u0161enja.<\/p>\n<p>Znak Raw dizajniran je od najkvalitetnijih materijala, \u0161to osigurava \u010dvrsto\u0107u i trajnost. Drvo kori\u0161teno za njegovu proizvodnju pa\u017eljivo je odabrano kako bi se postigla izvrsna kvaliteta. Nadalje, natpis &quot;smoked here&quot; otisnut je postupkom visoke razlu\u010divosti, za precizan i dugotrajan rezultat.<\/p>\n<p>Ukratko, drvena plo\u010dica &quot;smoked here&quot; brenda Raw jedinstven je komad za ljubitelje pu\u0161enja i elegancije. Zahvaljuju\u0107i \u010distom dizajnu i izdr\u017eljivosti, mo\u017eete u\u017eivati u zadovoljstvu posjedovanja visokokvalitetnog umjetni\u010dkog djela koje isti\u010de va\u0161u strast prema pu\u0161enju. S ovom plo\u010dicom mo\u017eete svaki prostor pretvoriti u ugodno i opu\u0161taju\u0107e mjesto gdje mo\u017eete u\u017eivati u dobrom dimu s prijateljima.<\/p>\n<p>Ovaj znak mo\u017eete objesiti nakon pu\u0161enja na\u0161ih CBD sojeva! Preporu\u010dujemo da probate na\u0161e \u0161vicarske sojeve poput <a href=\"https:\/\/swissherboriginal.com\/hr\/ducan\/legalna-konoplja-s-cbd-om\/cbd-cvijet\/cbd-vjencana-torta\/\">svadbena torta<\/a>, <a href=\"https:\/\/swissherboriginal.com\/hr\/ducan\/legalna-konoplja-s-cbd-om\/cbd-cvijet\/harlequin-cbd\/\">Harlekin<\/a> o <a href=\"https:\/\/swissherboriginal.com\/hr\/ducan\/legalna-konoplja-s-cbd-om\/cbd-cvijet\/kali-kush-cbd\/\">Kali Kush<\/a>. Idi na kategoriju \u201c<a href=\"https:\/\/swissherboriginal.com\/hr\/kategorija-proizvoda-2\/legalna-konoplja-s-cbd-om\/\">CBD legalna konoplja<\/a>\u201c i podkategorija \u201c<a href=\"https:\/\/swissherboriginal.com\/hr\/kategorija-proizvoda-2\/legalna-konoplja-s-cbd-om\/cbd-cvijet\/\">CBD cvijet<\/a>\u201d&quot; i prona\u0107i \u0107ete ove sorte i mnoge druge! Pogledajte i na\u0161e <a href=\"https:\/\/swissherboriginal.com\/hr\/kategorija-proizvoda-2\/pusacke-stvari\/pribor\/\">pribor za pu\u0161a\u010de<\/a> jedinstveno kao zabavno <a href=\"https:\/\/swissherboriginal.com\/hr\/ducan\/pusacke-stvari\/pribor\/cartellino-per-favore-non-disturbare-per-porte-raw\/\">Znak &quot;Molimo vas, ne uznemiravajte&quot; za vrata RAW-a<\/a> i drugima tako\u0111er <a href=\"https:\/\/swissherboriginal.com\/hr\/kategorija-proizvoda-2\/pusacke-stvari\/\">pu\u0161a\u010dke stvari<\/a> kao <a href=\"https:\/\/swissherboriginal.com\/hr\/kategorija-proizvoda-2\/pusacke-stvari\/bongovi-i-lule\/\">bongovi i lule<\/a>.<\/p>","protected":false},"excerpt":{"rendered":"<ul>\n<li>Jedinstveni komad za ljubitelje pu\u0161enja i elegancije<\/li>\n<li>\u010cist dizajn<\/li>\n<li>Visokokvalitetni umjetni\u010dki predmet<\/li>\n<li>Nagla\u0161ava svoju strast prema pu\u0161enju<\/li>\n<\/ul>","protected":false},"featured_media":3512,"comment_status":"open","ping_status":"closed","template":"","meta":[],"product_brand":[],"product_cat":[249,250],"product_tag":[114],"class_list":{"0":"post-1143","1":"product","2":"type-product","3":"status-publish","4":"has-post-thumbnail","6":"product_cat-articoli-per-fumatori","7":"product_cat-accessori","8":"product_tag-raw","10":"first","11":"instock","12":"shipping-taxable","13":"purchasable","14":"product-type-simple"},"yoast_head":"<!-- This site is optimized with the Yoast SEO Premium plugin v22.0 (Yoast SEO v26.3) - https:\/\/yoast.com\/wordpress\/plugins\/seo\/ -->\n<title>Targa in Legno \u201cSmoked Here\u201d RAW | Swiss Herb Original<\/title>\n<meta name=\"description\" content=\"Targa in Legno &quot;Smoked Here&quot; della marca RAW - un&#039;opera d&#039;arte per gli amanti del fumo. Aggiungi stile e passione alla tua casa. Acquista ora!\" \/>\n<meta name=\"robots\" content=\"index, follow, max-snippet:-1, max-image-preview:large, max-video-preview:-1\" \/>\n<link rel=\"canonical\" href=\"https:\/\/swissherboriginal.com\/hr\/ducan\/pusacke-stvari\/pribor\/ovdje-dimljena-sirova-drvena-ploca\/\" \/>\n<meta property=\"og:locale\" content=\"hr_HR\" \/>\n<meta property=\"og:type\" content=\"article\" \/>\n<meta property=\"og:title\" content=\"Targa in Legno \u201cSmoked Here\u201d RAW\" \/>\n<meta property=\"og:description\" content=\"Targa in Legno &quot;Smoked Here&quot; della marca RAW - un&#039;opera d&#039;arte per gli amanti del fumo. Aggiungi stile e passione alla tua casa. Acquista ora!\" \/>\n<meta property=\"og:url\" content=\"https:\/\/swissherboriginal.com\/hr\/ducan\/pusacke-stvari\/pribor\/ovdje-dimljena-sirova-drvena-ploca\/\" \/>\n<meta property=\"og:site_name\" content=\"Swiss Herb Original\" \/>\n<meta property=\"article:publisher\" content=\"https:\/\/www.facebook.com\/swissherboriginale\/\" \/>\n<meta property=\"article:modified_time\" content=\"2023-11-22T09:59:43+00:00\" \/>\n<meta property=\"og:image\" content=\"https:\/\/swissherboriginal.com\/wp-content\/uploads\/2023\/02\/Targa-in-legno-smoked-here-raw-swiss-herb-original.png\" \/>\n\t<meta property=\"og:image:width\" content=\"800\" \/>\n\t<meta property=\"og:image:height\" content=\"800\" \/>\n\t<meta property=\"og:image:type\" content=\"image\/png\" \/>\n<meta name=\"twitter:card\" content=\"summary_large_image\" \/>\n<meta name=\"twitter:image\" content=\"https:\/\/swissherboriginal.com\/wp-content\/uploads\/2023\/02\/Targa-in-legno-smoked-here-raw-swiss-herb-original.png\" \/>\n<meta name=\"twitter:label1\" content=\"Procijenjeno vrijeme \u010ditanja\" \/>\n\t<meta name=\"twitter:data1\" content=\"3 minute\" \/>\n<script type=\"application\/ld+json\" class=\"yoast-schema-graph\">{\"@context\":\"https:\/\/schema.org\",\"@graph\":[{\"@type\":\"WebPage\",\"@id\":\"https:\/\/swissherboriginal.com\/shop\/articoli-per-fumatori\/accessori\/targa-in-legno-smoked-here-raw\/\",\"url\":\"https:\/\/swissherboriginal.com\/shop\/articoli-per-fumatori\/accessori\/targa-in-legno-smoked-here-raw\/\",\"name\":\"Targa in Legno \u201cSmoked Here\u201d RAW | Swiss Herb Original\",\"isPartOf\":{\"@id\":\"https:\/\/swissherboriginal.com\/#website\"},\"primaryImageOfPage\":{\"@id\":\"https:\/\/swissherboriginal.com\/shop\/articoli-per-fumatori\/accessori\/targa-in-legno-smoked-here-raw\/#primaryimage\"},\"image\":{\"@id\":\"https:\/\/swissherboriginal.com\/shop\/articoli-per-fumatori\/accessori\/targa-in-legno-smoked-here-raw\/#primaryimage\"},\"thumbnailUrl\":\"https:\/\/swissherboriginal.com\/wp-content\/uploads\/2023\/02\/Targa-in-legno-smoked-here-raw-swiss-herb-original.png\",\"datePublished\":\"2023-02-15T10:03:04+00:00\",\"dateModified\":\"2023-11-22T09:59:43+00:00\",\"description\":\"Targa in Legno \\\"Smoked Here\\\" della marca RAW - un'opera d'arte per gli amanti del fumo. Aggiungi stile e passione alla tua casa. Acquista ora!\",\"breadcrumb\":{\"@id\":\"https:\/\/swissherboriginal.com\/shop\/articoli-per-fumatori\/accessori\/targa-in-legno-smoked-here-raw\/#breadcrumb\"},\"inLanguage\":\"hr\",\"potentialAction\":[{\"@type\":\"ReadAction\",\"target\":[\"https:\/\/swissherboriginal.com\/shop\/articoli-per-fumatori\/accessori\/targa-in-legno-smoked-here-raw\/\"]}]},{\"@type\":\"ImageObject\",\"inLanguage\":\"hr\",\"@id\":\"https:\/\/swissherboriginal.com\/shop\/articoli-per-fumatori\/accessori\/targa-in-legno-smoked-here-raw\/#primaryimage\",\"url\":\"https:\/\/swissherboriginal.com\/wp-content\/uploads\/2023\/02\/Targa-in-legno-smoked-here-raw-swiss-herb-original.png\",\"contentUrl\":\"https:\/\/swissherboriginal.com\/wp-content\/uploads\/2023\/02\/Targa-in-legno-smoked-here-raw-swiss-herb-original.png\",\"width\":800,\"height\":800,\"caption\":\"Targa in Legno \u201cSmoked Here\u201d RAW\"},{\"@type\":\"BreadcrumbList\",\"@id\":\"https:\/\/swissherboriginal.com\/shop\/articoli-per-fumatori\/accessori\/targa-in-legno-smoked-here-raw\/#breadcrumb\",\"itemListElement\":[{\"@type\":\"ListItem\",\"position\":1,\"name\":\"Home\",\"item\":\"https:\/\/swissherboriginal.com\/\"},{\"@type\":\"ListItem\",\"position\":2,\"name\":\"Negozio Swiss Herb Original\",\"item\":\"https:\/\/swissherboriginal.com\/negozio-swiss-herb-original\/\"},{\"@type\":\"ListItem\",\"position\":3,\"name\":\"Targa in Legno \u201cSmoked Here\u201d RAW\"}]},{\"@type\":\"WebSite\",\"@id\":\"https:\/\/swissherboriginal.com\/#website\",\"url\":\"https:\/\/swissherboriginal.com\/\",\"name\":\"Swiss Herb Original\",\"description\":\"\",\"publisher\":{\"@id\":\"https:\/\/swissherboriginal.com\/#organization\"},\"potentialAction\":[{\"@type\":\"SearchAction\",\"target\":{\"@type\":\"EntryPoint\",\"urlTemplate\":\"https:\/\/swissherboriginal.com\/?s={search_term_string}\"},\"query-input\":{\"@type\":\"PropertyValueSpecification\",\"valueRequired\":true,\"valueName\":\"search_term_string\"}}],\"inLanguage\":\"hr\"},{\"@type\":\"Organization\",\"@id\":\"https:\/\/swissherboriginal.com\/#organization\",\"name\":\"Swiss Herb Original\",\"url\":\"https:\/\/swissherboriginal.com\/\",\"logo\":{\"@type\":\"ImageObject\",\"inLanguage\":\"hr\",\"@id\":\"https:\/\/swissherboriginal.com\/#\/schema\/logo\/image\/\",\"url\":\"https:\/\/swissherboriginal.com\/wp-content\/uploads\/logo-menu-tel-swissherb.png\",\"contentUrl\":\"https:\/\/swissherboriginal.com\/wp-content\/uploads\/logo-menu-tel-swissherb.png\",\"width\":512,\"height\":360,\"caption\":\"Swiss Herb Original\"},\"image\":{\"@id\":\"https:\/\/swissherboriginal.com\/#\/schema\/logo\/image\/\"},\"sameAs\":[\"https:\/\/www.facebook.com\/swissherboriginale\/\",\"https:\/\/www.instagram.com\/swissherb_original\"]}]}<\/script>\n<!-- \/ Yoast SEO Premium plugin. -->","yoast_head_json":{"title":"Drveni znak \u201cOvdje se pu\u0161i\u201d RAW | Originalno \u0161vicarsko bilje","description":"RAW-ov drveni znak &quot;Ovdje se pu\u0161i&quot; - umjetni\u010dko djelo za pu\u0161a\u010de. Dodajte stil i strast svom domu. Kupite odmah!","robots":{"index":"index","follow":"follow","max-snippet":"max-snippet:-1","max-image-preview":"max-image-preview:large","max-video-preview":"max-video-preview:-1"},"canonical":"https:\/\/swissherboriginal.com\/hr\/ducan\/pusacke-stvari\/pribor\/ovdje-dimljena-sirova-drvena-ploca\/","og_locale":"hr_HR","og_type":"article","og_title":"Targa in Legno \u201cSmoked Here\u201d RAW","og_description":"Targa in Legno \"Smoked Here\" della marca RAW - un'opera d'arte per gli amanti del fumo. Aggiungi stile e passione alla tua casa. Acquista ora!","og_url":"https:\/\/swissherboriginal.com\/hr\/ducan\/pusacke-stvari\/pribor\/ovdje-dimljena-sirova-drvena-ploca\/","og_site_name":"Swiss Herb Original","article_publisher":"https:\/\/www.facebook.com\/swissherboriginale\/","article_modified_time":"2023-11-22T09:59:43+00:00","og_image":[{"width":800,"height":800,"url":"https:\/\/swissherboriginal.com\/wp-content\/uploads\/2023\/02\/Targa-in-legno-smoked-here-raw-swiss-herb-original.png","type":"image\/png"}],"twitter_card":"summary_large_image","twitter_image":"https:\/\/swissherboriginal.com\/wp-content\/uploads\/2023\/02\/Targa-in-legno-smoked-here-raw-swiss-herb-original.png","twitter_misc":{"Procijenjeno vrijeme \u010ditanja":"3 minute"},"schema":{"@context":"https:\/\/schema.org","@graph":[{"@type":"WebPage","@id":"https:\/\/swissherboriginal.com\/shop\/articoli-per-fumatori\/accessori\/targa-in-legno-smoked-here-raw\/","url":"https:\/\/swissherboriginal.com\/shop\/articoli-per-fumatori\/accessori\/targa-in-legno-smoked-here-raw\/","name":"Drveni znak \u201cOvdje se pu\u0161i\u201d RAW | Originalno \u0161vicarsko bilje","isPartOf":{"@id":"https:\/\/swissherboriginal.com\/#website"},"primaryImageOfPage":{"@id":"https:\/\/swissherboriginal.com\/shop\/articoli-per-fumatori\/accessori\/targa-in-legno-smoked-here-raw\/#primaryimage"},"image":{"@id":"https:\/\/swissherboriginal.com\/shop\/articoli-per-fumatori\/accessori\/targa-in-legno-smoked-here-raw\/#primaryimage"},"thumbnailUrl":"https:\/\/swissherboriginal.com\/wp-content\/uploads\/2023\/02\/Targa-in-legno-smoked-here-raw-swiss-herb-original.png","datePublished":"2023-02-15T10:03:04+00:00","dateModified":"2023-11-22T09:59:43+00:00","description":"RAW-ov drveni znak &quot;Ovdje se pu\u0161i&quot; - umjetni\u010dko djelo za pu\u0161a\u010de. Dodajte stil i strast svom domu. Kupite odmah!","breadcrumb":{"@id":"https:\/\/swissherboriginal.com\/shop\/articoli-per-fumatori\/accessori\/targa-in-legno-smoked-here-raw\/#breadcrumb"},"inLanguage":"hr","potentialAction":[{"@type":"ReadAction","target":["https:\/\/swissherboriginal.com\/shop\/articoli-per-fumatori\/accessori\/targa-in-legno-smoked-here-raw\/"]}]},{"@type":"ImageObject","inLanguage":"hr","@id":"https:\/\/swissherboriginal.com\/shop\/articoli-per-fumatori\/accessori\/targa-in-legno-smoked-here-raw\/#primaryimage","url":"https:\/\/swissherboriginal.com\/wp-content\/uploads\/2023\/02\/Targa-in-legno-smoked-here-raw-swiss-herb-original.png","contentUrl":"https:\/\/swissherboriginal.com\/wp-content\/uploads\/2023\/02\/Targa-in-legno-smoked-here-raw-swiss-herb-original.png","width":800,"height":800,"caption":"Targa in Legno \u201cSmoked Here\u201d RAW"},{"@type":"BreadcrumbList","@id":"https:\/\/swissherboriginal.com\/shop\/articoli-per-fumatori\/accessori\/targa-in-legno-smoked-here-raw\/#breadcrumb","itemListElement":[{"@type":"ListItem","position":1,"name":"Home","item":"https:\/\/swissherboriginal.com\/"},{"@type":"ListItem","position":2,"name":"Negozio Swiss Herb Original","item":"https:\/\/swissherboriginal.com\/negozio-swiss-herb-original\/"},{"@type":"ListItem","position":3,"name":"Targa in Legno \u201cSmoked Here\u201d RAW"}]},{"@type":"WebSite","@id":"https:\/\/swissherboriginal.com\/#website","url":"https:\/\/swissherboriginal.com\/","name":"Originalno \u0161vicarsko bilje","description":"","publisher":{"@id":"https:\/\/swissherboriginal.com\/#organization"},"potentialAction":[{"@type":"SearchAction","target":{"@type":"EntryPoint","urlTemplate":"https:\/\/swissherboriginal.com\/?s={search_term_string}"},"query-input":{"@type":"PropertyValueSpecification","valueRequired":true,"valueName":"search_term_string"}}],"inLanguage":"hr"},{"@type":"Organization","@id":"https:\/\/swissherboriginal.com\/#organization","name":"Originalno \u0161vicarsko bilje","url":"https:\/\/swissherboriginal.com\/","logo":{"@type":"ImageObject","inLanguage":"hr","@id":"https:\/\/swissherboriginal.com\/#\/schema\/logo\/image\/","url":"https:\/\/swissherboriginal.com\/wp-content\/uploads\/logo-menu-tel-swissherb.png","contentUrl":"https:\/\/swissherboriginal.com\/wp-content\/uploads\/logo-menu-tel-swissherb.png","width":512,"height":360,"caption":"Swiss Herb Original"},"image":{"@id":"https:\/\/swissherboriginal.com\/#\/schema\/logo\/image\/"},"sameAs":["https:\/\/www.facebook.com\/swissherboriginale\/","https:\/\/www.instagram.com\/swissherb_original"]}]}},"_links":{"self":[{"href":"https:\/\/swissherboriginal.com\/hr\/wp-json\/wp\/v2\/product\/1143","targetHints":{"allow":["GET"]}}],"collection":[{"href":"https:\/\/swissherboriginal.com\/hr\/wp-json\/wp\/v2\/product"}],"about":[{"href":"https:\/\/swissherboriginal.com\/hr\/wp-json\/wp\/v2\/types\/product"}],"replies":[{"embeddable":true,"href":"https:\/\/swissherboriginal.com\/hr\/wp-json\/wp\/v2\/comments?post=1143"}],"wp:featuredmedia":[{"embeddable":true,"href":"https:\/\/swissherboriginal.com\/hr\/wp-json\/wp\/v2\/media\/3512"}],"wp:attachment":[{"href":"https:\/\/swissherboriginal.com\/hr\/wp-json\/wp\/v2\/media?parent=1143"}],"wp:term":[{"taxonomy":"product_brand","embeddable":true,"href":"https:\/\/swissherboriginal.com\/hr\/wp-json\/wp\/v2\/product_brand?post=1143"},{"taxonomy":"product_cat","embeddable":true,"href":"https:\/\/swissherboriginal.com\/hr\/wp-json\/wp\/v2\/product_cat?post=1143"},{"taxonomy":"product_tag","embeddable":true,"href":"https:\/\/swissherboriginal.com\/hr\/wp-json\/wp\/v2\/product_tag?post=1143"}],"curies":[{"name":"wp","href":"https:\/\/api.w.org\/{rel}","templated":true}]}}