{"id":1149,"date":"2023-02-15T09:51:05","date_gmt":"2023-02-15T09:51:05","guid":{"rendered":"https:\/\/swissherboriginal.com\/?post_type=product&#038;p=1149"},"modified":"2023-11-22T09:59:50","modified_gmt":"2023-11-22T09:59:50","slug":"vassoio-per-rollare-a-forma-di-skate-rawthentic-raw","status":"publish","type":"product","link":"https:\/\/swissherboriginal.com\/hr\/ducan\/pusacke-stvari\/pribor\/vassoio-per-rollare-a-forma-di-skate-rawthentic-raw\/","title":{"rendered":"RAW \u201cRawthentic\u201d kotrljaju\u0107i pladanj za skateboard"},"content":{"rendered":"<h2>Vassoio di Metallo per Rollare a Forma di Skate &#8220;Rawthentic&#8221; RAW<\/h2>\n<p>Il vassoio per rollare a forma di skate &#8220;Rawthentic&#8221; della marca RAW \u00e8 un&#8217;opera d&#8217;arte perfetta per appassionati del rollaggio di sigarette e non solo. Questo prodotto di alta qualit\u00e0 \u00e8 realizzato in resistente metallo e ha dimensioni perfette di 42.5cm di lunghezza e 16cm di larghezza, che lo rendono facile da usare e da maneggiare.<\/p>\n<p>Questo vassoio \u00e8 dotato di un design unico, completamente ispirato al mondo dello skateboard, con una base piatta e inclinata che ricorda uno skateboard. La forma \u00e8 perfetta perch\u00e9 offre uno spazio ampio dove poter organizzare e preparare la propria miscela di tabacco, con estrema facilit\u00e0.<\/p>\n<p>La superficie del vassoio RAW \u00e8 questo perfettamente rettangolare e priva di angoli appuntiti, il che lo rende ultra confortevole da utilizzare. Inoltre, essendo realizzato interamente in metallo, \u00e8 estremamente facile da pulire e assicura una lunga durata nel tempo.<\/p>\n<p>L&#8217;estetica di questo prodotto \u00e8 inimitabile: il logo di RAW viene inciso sulla lunga e stretta base del vassoio stesso, offrendo un tocco di classe e raffinatezza. Sia per gli utilizzatori occasionali che per i fumatori esperti, il vassoio in metallo per rollare a forma di skate della marca RAW \u00e8 davvero un&#8217;esperienza straordinaria.<\/p>\n<p>Inoltre, questo vassoio si adatta perfettamente a tutte le esigenze, marcando la differenza rispetto a prodotti simili sul mercato. Con lo spazio che offre e la sua forma pratica e comoda, il vassoio RAW permette di avere sempre tutto a portata di mano mentre si rolla il tabacco.<\/p>\n<p>Le due dimensioni essenziali di questo vassoio, lunghezza e larghezza, sono perfette per riporre tutti gli elementi di cui si ha bisogno durante il rollaggio del tabacco. Come biglietti per rollare, filtri, sigarette e altro ancora.<\/p>\n<p>In conclusione, questo vassoio per rollare &#8220;Rawthentic&#8221; RAW rappresenta un prodotto di alta qualit\u00e0, dalle prestazioni eccellenti, dotato di estetica unica e incredibilmente funzionale. Questo vassoio \u00e8 adatto sia agli utilizzatori occasionali che ai fumatori esperti. Rappresenta un must-have per tutti coloro che sono alla ricerca di un prodotto di lunga durata, facile da utilizzare e con stile inimitabile. RAW \u00e8 una marca che non ha bisogno di presentazioni e questo vassoio porta avanti la qualit\u00e0 di questa marca leggendaria.<\/p>\n<p>Oltre al vassoio, potrebbe servirti anche altri <a href=\"https:\/\/swissherboriginal.com\/hr\/kategorija-proizvoda-2\/pusacke-stvari\/pribor\/\">pribor za pu\u0161enje<\/a> come un <a href=\"https:\/\/swissherboriginal.com\/hr\/ducan\/pusacke-stvari\/pribor\/posacenere-in-cristallo-raw-darkside\/\">pepeljara<\/a>; dai un&#8217;occhiata ai nostri posaceneri della Raw e della Best Buds. Ne troverai di diversi stili e dimensioni, e fatti con materiali come metallo, vetro e cristallo. Dai un&#8217;occhiata anche ai nostri altri <a href=\"https:\/\/swissherboriginal.com\/hr\/kategorija-proizvoda-2\/pusacke-stvari\/\">pu\u0161a\u010dke stvari<\/a> kao <a href=\"https:\/\/swissherboriginal.com\/hr\/kategorija-proizvoda-2\/pusacke-stvari\/mlinovi\/\">mlinovi<\/a>.<\/p>","protected":false},"excerpt":{"rendered":"<ul>\n<li>Vassoio in metallo<\/li>\n<li>Design unico<\/li>\n<li>Prodotto autentico Raw<\/li>\n<li>42 x 15,5 cm<\/li>\n<\/ul>","protected":false},"featured_media":4136,"comment_status":"open","ping_status":"closed","template":"","meta":[],"product_brand":[],"product_cat":[249,250],"product_tag":[392,114,388,387],"class_list":{"0":"post-1149","1":"product","2":"type-product","3":"status-publish","4":"has-post-thumbnail","6":"product_cat-articoli-per-fumatori","7":"product_cat-accessori","8":"product_tag-mistiera","9":"product_tag-raw","10":"product_tag-vassoio-di-metallo","11":"product_tag-vassoio-per-rollare","13":"first","14":"instock","15":"shipping-taxable","16":"purchasable","17":"product-type-simple"},"yoast_head":"<!-- This site is optimized with the Yoast SEO Premium plugin v22.0 (Yoast SEO v26.3) - https:\/\/yoast.com\/wordpress\/plugins\/seo\/ -->\n<title>Vassoio per Rollare a Forma di Skate &quot;Rawthentic&quot; RAW di Metallo<\/title>\n<meta name=\"description\" content=\"Il Vassoio di Metallo per Rollare a Forma di Skate &quot;Rawthentic&quot; della RAW \u00e8 perfetto per gli appassionati del rollaggio. Unisce funzionalit\u00e0 e stile unico!\" \/>\n<meta name=\"robots\" content=\"index, follow, max-snippet:-1, max-image-preview:large, max-video-preview:-1\" \/>\n<link rel=\"canonical\" href=\"https:\/\/swissherboriginal.com\/hr\/ducan\/pusacke-stvari\/pribor\/vassoio-per-rollare-a-forma-di-skate-rawthentic-raw\/\" \/>\n<meta property=\"og:locale\" content=\"hr_HR\" \/>\n<meta property=\"og:type\" content=\"article\" \/>\n<meta property=\"og:title\" content=\"Vassoio per Rollare a Forma di Skate &quot;Rawthentic&quot; RAW\" \/>\n<meta property=\"og:description\" content=\"Il Vassoio di Metallo per Rollare a Forma di Skate &quot;Rawthentic&quot; della RAW \u00e8 perfetto per gli appassionati del rollaggio. Unisce funzionalit\u00e0 e stile unico!\" \/>\n<meta property=\"og:url\" content=\"https:\/\/swissherboriginal.com\/hr\/ducan\/pusacke-stvari\/pribor\/vassoio-per-rollare-a-forma-di-skate-rawthentic-raw\/\" \/>\n<meta property=\"og:site_name\" content=\"Swiss Herb Original\" \/>\n<meta property=\"article:publisher\" content=\"https:\/\/www.facebook.com\/swissherboriginale\/\" \/>\n<meta property=\"article:modified_time\" content=\"2023-11-22T09:59:50+00:00\" \/>\n<meta property=\"og:image\" content=\"https:\/\/swissherboriginal.com\/wp-content\/uploads\/vassoio-di-metallo-per-rollare-a-forma-di-skateboard-raw-swiss-herb-original.png\" \/>\n\t<meta property=\"og:image:width\" content=\"800\" \/>\n\t<meta property=\"og:image:height\" content=\"800\" \/>\n\t<meta property=\"og:image:type\" content=\"image\/png\" \/>\n<meta name=\"twitter:card\" content=\"summary_large_image\" \/>\n<meta name=\"twitter:image\" content=\"https:\/\/swissherboriginal.com\/wp-content\/uploads\/vassoio-di-metallo-per-rollare-a-forma-di-skateboard-raw-swiss-herb-original.png\" \/>\n<meta name=\"twitter:label1\" content=\"Procijenjeno vrijeme \u010ditanja\" \/>\n\t<meta name=\"twitter:data1\" content=\"3 minute\" \/>\n<script type=\"application\/ld+json\" class=\"yoast-schema-graph\">{\"@context\":\"https:\/\/schema.org\",\"@graph\":[{\"@type\":\"WebPage\",\"@id\":\"https:\/\/swissherboriginal.com\/shop\/articoli-per-fumatori\/accessori\/vassoio-per-rollare-a-forma-di-skate-rawthentic-raw\/\",\"url\":\"https:\/\/swissherboriginal.com\/shop\/articoli-per-fumatori\/accessori\/vassoio-per-rollare-a-forma-di-skate-rawthentic-raw\/\",\"name\":\"Vassoio per Rollare a Forma di Skate \\\"Rawthentic\\\" RAW di Metallo\",\"isPartOf\":{\"@id\":\"https:\/\/swissherboriginal.com\/#website\"},\"primaryImageOfPage\":{\"@id\":\"https:\/\/swissherboriginal.com\/shop\/articoli-per-fumatori\/accessori\/vassoio-per-rollare-a-forma-di-skate-rawthentic-raw\/#primaryimage\"},\"image\":{\"@id\":\"https:\/\/swissherboriginal.com\/shop\/articoli-per-fumatori\/accessori\/vassoio-per-rollare-a-forma-di-skate-rawthentic-raw\/#primaryimage\"},\"thumbnailUrl\":\"https:\/\/swissherboriginal.com\/wp-content\/uploads\/vassoio-di-metallo-per-rollare-a-forma-di-skateboard-raw-swiss-herb-original.png\",\"datePublished\":\"2023-02-15T09:51:05+00:00\",\"dateModified\":\"2023-11-22T09:59:50+00:00\",\"description\":\"Il Vassoio di Metallo per Rollare a Forma di Skate \\\"Rawthentic\\\" della RAW \u00e8 perfetto per gli appassionati del rollaggio. Unisce funzionalit\u00e0 e stile unico!\",\"breadcrumb\":{\"@id\":\"https:\/\/swissherboriginal.com\/shop\/articoli-per-fumatori\/accessori\/vassoio-per-rollare-a-forma-di-skate-rawthentic-raw\/#breadcrumb\"},\"inLanguage\":\"hr\",\"potentialAction\":[{\"@type\":\"ReadAction\",\"target\":[\"https:\/\/swissherboriginal.com\/shop\/articoli-per-fumatori\/accessori\/vassoio-per-rollare-a-forma-di-skate-rawthentic-raw\/\"]}]},{\"@type\":\"ImageObject\",\"inLanguage\":\"hr\",\"@id\":\"https:\/\/swissherboriginal.com\/shop\/articoli-per-fumatori\/accessori\/vassoio-per-rollare-a-forma-di-skate-rawthentic-raw\/#primaryimage\",\"url\":\"https:\/\/swissherboriginal.com\/wp-content\/uploads\/vassoio-di-metallo-per-rollare-a-forma-di-skateboard-raw-swiss-herb-original.png\",\"contentUrl\":\"https:\/\/swissherboriginal.com\/wp-content\/uploads\/vassoio-di-metallo-per-rollare-a-forma-di-skateboard-raw-swiss-herb-original.png\",\"width\":800,\"height\":800,\"caption\":\"Vassoio per Rollare a Forma di Skate \\\"Rawthentic\\\" RAW\"},{\"@type\":\"BreadcrumbList\",\"@id\":\"https:\/\/swissherboriginal.com\/shop\/articoli-per-fumatori\/accessori\/vassoio-per-rollare-a-forma-di-skate-rawthentic-raw\/#breadcrumb\",\"itemListElement\":[{\"@type\":\"ListItem\",\"position\":1,\"name\":\"Home\",\"item\":\"https:\/\/swissherboriginal.com\/\"},{\"@type\":\"ListItem\",\"position\":2,\"name\":\"Negozio Swiss Herb Original\",\"item\":\"https:\/\/swissherboriginal.com\/negozio-swiss-herb-original\/\"},{\"@type\":\"ListItem\",\"position\":3,\"name\":\"Vassoio per Rollare a Forma di Skate &#8220;Rawthentic&#8221; RAW\"}]},{\"@type\":\"WebSite\",\"@id\":\"https:\/\/swissherboriginal.com\/#website\",\"url\":\"https:\/\/swissherboriginal.com\/\",\"name\":\"Swiss Herb Original\",\"description\":\"\",\"publisher\":{\"@id\":\"https:\/\/swissherboriginal.com\/#organization\"},\"potentialAction\":[{\"@type\":\"SearchAction\",\"target\":{\"@type\":\"EntryPoint\",\"urlTemplate\":\"https:\/\/swissherboriginal.com\/?s={search_term_string}\"},\"query-input\":{\"@type\":\"PropertyValueSpecification\",\"valueRequired\":true,\"valueName\":\"search_term_string\"}}],\"inLanguage\":\"hr\"},{\"@type\":\"Organization\",\"@id\":\"https:\/\/swissherboriginal.com\/#organization\",\"name\":\"Swiss Herb Original\",\"url\":\"https:\/\/swissherboriginal.com\/\",\"logo\":{\"@type\":\"ImageObject\",\"inLanguage\":\"hr\",\"@id\":\"https:\/\/swissherboriginal.com\/#\/schema\/logo\/image\/\",\"url\":\"https:\/\/swissherboriginal.com\/wp-content\/uploads\/logo-menu-tel-swissherb.png\",\"contentUrl\":\"https:\/\/swissherboriginal.com\/wp-content\/uploads\/logo-menu-tel-swissherb.png\",\"width\":512,\"height\":360,\"caption\":\"Swiss Herb Original\"},\"image\":{\"@id\":\"https:\/\/swissherboriginal.com\/#\/schema\/logo\/image\/\"},\"sameAs\":[\"https:\/\/www.facebook.com\/swissherboriginale\/\",\"https:\/\/www.instagram.com\/swissherb_original\"]}]}<\/script>\n<!-- \/ Yoast SEO Premium plugin. -->","yoast_head_json":{"title":"Vassoio per Rollare a Forma di Skate \"Rawthentic\" RAW di Metallo","description":"Il Vassoio di Metallo per Rollare a Forma di Skate \"Rawthentic\" della RAW \u00e8 perfetto per gli appassionati del rollaggio. Unisce funzionalit\u00e0 e stile unico!","robots":{"index":"index","follow":"follow","max-snippet":"max-snippet:-1","max-image-preview":"max-image-preview:large","max-video-preview":"max-video-preview:-1"},"canonical":"https:\/\/swissherboriginal.com\/hr\/ducan\/pusacke-stvari\/pribor\/vassoio-per-rollare-a-forma-di-skate-rawthentic-raw\/","og_locale":"hr_HR","og_type":"article","og_title":"Vassoio per Rollare a Forma di Skate \"Rawthentic\" RAW","og_description":"Il Vassoio di Metallo per Rollare a Forma di Skate \"Rawthentic\" della RAW \u00e8 perfetto per gli appassionati del rollaggio. Unisce funzionalit\u00e0 e stile unico!","og_url":"https:\/\/swissherboriginal.com\/hr\/ducan\/pusacke-stvari\/pribor\/vassoio-per-rollare-a-forma-di-skate-rawthentic-raw\/","og_site_name":"Swiss Herb Original","article_publisher":"https:\/\/www.facebook.com\/swissherboriginale\/","article_modified_time":"2023-11-22T09:59:50+00:00","og_image":[{"width":800,"height":800,"url":"https:\/\/swissherboriginal.com\/wp-content\/uploads\/vassoio-di-metallo-per-rollare-a-forma-di-skateboard-raw-swiss-herb-original.png","type":"image\/png"}],"twitter_card":"summary_large_image","twitter_image":"https:\/\/swissherboriginal.com\/wp-content\/uploads\/vassoio-di-metallo-per-rollare-a-forma-di-skateboard-raw-swiss-herb-original.png","twitter_misc":{"Procijenjeno vrijeme \u010ditanja":"3 minute"},"schema":{"@context":"https:\/\/schema.org","@graph":[{"@type":"WebPage","@id":"https:\/\/swissherboriginal.com\/shop\/articoli-per-fumatori\/accessori\/vassoio-per-rollare-a-forma-di-skate-rawthentic-raw\/","url":"https:\/\/swissherboriginal.com\/shop\/articoli-per-fumatori\/accessori\/vassoio-per-rollare-a-forma-di-skate-rawthentic-raw\/","name":"Vassoio per Rollare a Forma di Skate \"Rawthentic\" RAW di Metallo","isPartOf":{"@id":"https:\/\/swissherboriginal.com\/#website"},"primaryImageOfPage":{"@id":"https:\/\/swissherboriginal.com\/shop\/articoli-per-fumatori\/accessori\/vassoio-per-rollare-a-forma-di-skate-rawthentic-raw\/#primaryimage"},"image":{"@id":"https:\/\/swissherboriginal.com\/shop\/articoli-per-fumatori\/accessori\/vassoio-per-rollare-a-forma-di-skate-rawthentic-raw\/#primaryimage"},"thumbnailUrl":"https:\/\/swissherboriginal.com\/wp-content\/uploads\/vassoio-di-metallo-per-rollare-a-forma-di-skateboard-raw-swiss-herb-original.png","datePublished":"2023-02-15T09:51:05+00:00","dateModified":"2023-11-22T09:59:50+00:00","description":"Il Vassoio di Metallo per Rollare a Forma di Skate \"Rawthentic\" della RAW \u00e8 perfetto per gli appassionati del rollaggio. Unisce funzionalit\u00e0 e stile unico!","breadcrumb":{"@id":"https:\/\/swissherboriginal.com\/shop\/articoli-per-fumatori\/accessori\/vassoio-per-rollare-a-forma-di-skate-rawthentic-raw\/#breadcrumb"},"inLanguage":"hr","potentialAction":[{"@type":"ReadAction","target":["https:\/\/swissherboriginal.com\/shop\/articoli-per-fumatori\/accessori\/vassoio-per-rollare-a-forma-di-skate-rawthentic-raw\/"]}]},{"@type":"ImageObject","inLanguage":"hr","@id":"https:\/\/swissherboriginal.com\/shop\/articoli-per-fumatori\/accessori\/vassoio-per-rollare-a-forma-di-skate-rawthentic-raw\/#primaryimage","url":"https:\/\/swissherboriginal.com\/wp-content\/uploads\/vassoio-di-metallo-per-rollare-a-forma-di-skateboard-raw-swiss-herb-original.png","contentUrl":"https:\/\/swissherboriginal.com\/wp-content\/uploads\/vassoio-di-metallo-per-rollare-a-forma-di-skateboard-raw-swiss-herb-original.png","width":800,"height":800,"caption":"Vassoio per Rollare a Forma di Skate \"Rawthentic\" RAW"},{"@type":"BreadcrumbList","@id":"https:\/\/swissherboriginal.com\/shop\/articoli-per-fumatori\/accessori\/vassoio-per-rollare-a-forma-di-skate-rawthentic-raw\/#breadcrumb","itemListElement":[{"@type":"ListItem","position":1,"name":"Home","item":"https:\/\/swissherboriginal.com\/"},{"@type":"ListItem","position":2,"name":"Negozio Swiss Herb Original","item":"https:\/\/swissherboriginal.com\/negozio-swiss-herb-original\/"},{"@type":"ListItem","position":3,"name":"Vassoio per Rollare a Forma di Skate &#8220;Rawthentic&#8221; RAW"}]},{"@type":"WebSite","@id":"https:\/\/swissherboriginal.com\/#website","url":"https:\/\/swissherboriginal.com\/","name":"Originalno \u0161vicarsko bilje","description":"","publisher":{"@id":"https:\/\/swissherboriginal.com\/#organization"},"potentialAction":[{"@type":"SearchAction","target":{"@type":"EntryPoint","urlTemplate":"https:\/\/swissherboriginal.com\/?s={search_term_string}"},"query-input":{"@type":"PropertyValueSpecification","valueRequired":true,"valueName":"search_term_string"}}],"inLanguage":"hr"},{"@type":"Organization","@id":"https:\/\/swissherboriginal.com\/#organization","name":"Originalno \u0161vicarsko bilje","url":"https:\/\/swissherboriginal.com\/","logo":{"@type":"ImageObject","inLanguage":"hr","@id":"https:\/\/swissherboriginal.com\/#\/schema\/logo\/image\/","url":"https:\/\/swissherboriginal.com\/wp-content\/uploads\/logo-menu-tel-swissherb.png","contentUrl":"https:\/\/swissherboriginal.com\/wp-content\/uploads\/logo-menu-tel-swissherb.png","width":512,"height":360,"caption":"Swiss Herb Original"},"image":{"@id":"https:\/\/swissherboriginal.com\/#\/schema\/logo\/image\/"},"sameAs":["https:\/\/www.facebook.com\/swissherboriginale\/","https:\/\/www.instagram.com\/swissherb_original"]}]}},"_links":{"self":[{"href":"https:\/\/swissherboriginal.com\/hr\/wp-json\/wp\/v2\/product\/1149","targetHints":{"allow":["GET"]}}],"collection":[{"href":"https:\/\/swissherboriginal.com\/hr\/wp-json\/wp\/v2\/product"}],"about":[{"href":"https:\/\/swissherboriginal.com\/hr\/wp-json\/wp\/v2\/types\/product"}],"replies":[{"embeddable":true,"href":"https:\/\/swissherboriginal.com\/hr\/wp-json\/wp\/v2\/comments?post=1149"}],"wp:featuredmedia":[{"embeddable":true,"href":"https:\/\/swissherboriginal.com\/hr\/wp-json\/wp\/v2\/media\/4136"}],"wp:attachment":[{"href":"https:\/\/swissherboriginal.com\/hr\/wp-json\/wp\/v2\/media?parent=1149"}],"wp:term":[{"taxonomy":"product_brand","embeddable":true,"href":"https:\/\/swissherboriginal.com\/hr\/wp-json\/wp\/v2\/product_brand?post=1149"},{"taxonomy":"product_cat","embeddable":true,"href":"https:\/\/swissherboriginal.com\/hr\/wp-json\/wp\/v2\/product_cat?post=1149"},{"taxonomy":"product_tag","embeddable":true,"href":"https:\/\/swissherboriginal.com\/hr\/wp-json\/wp\/v2\/product_tag?post=1149"}],"curies":[{"name":"wp","href":"https:\/\/api.w.org\/{rel}","templated":true}]}}