{"id":1185,"date":"2023-02-16T10:07:54","date_gmt":"2023-02-16T10:07:54","guid":{"rendered":"https:\/\/swissherboriginal.com\/?post_type=product&#038;p=1185"},"modified":"2023-11-17T10:26:07","modified_gmt":"2023-11-17T10:26:07","slug":"vassoio-grande-in-metallo-gorilla-glue-best-buds","status":"publish","type":"product","link":"https:\/\/swissherboriginal.com\/hr\/ducan\/pusacke-stvari\/pribor\/vassoio-grande-in-metallo-gorilla-glue-best-buds\/","title":{"rendered":"Veliki metalni pladanj Best Buds \u201cGorilla Glue\u201d"},"content":{"rendered":"<h2>Vassoio Grande per Rollare in Metallo &#8211; Gorilla Glue &#8211; Best Buds: La Superficie Perfetta su cui Rollare le tue Erbe<\/h2>\n<p>Il vassoio grande in metallo Gorilla Glue Best Buds \u00e8 il prodotto perfetto per coloro che amano la cannabis e l&#8217;intera cultura a essa associata. Il design \u00e8 molto curato e dettagliato, con colori vivaci e linee nette. La grande dimensione del vassoio \u00e8 molto pratica ed \u00e8 ideale per organizzare tutti gli accessori necessari per la preparazione e il consumo della cannabis.<\/p>\n<p>Il vassoio \u00e8 realizzato in metallo resistente, che lo rende durevole e pratico per l&#8217;uso quotidiano. Data la sua grande capacit\u00e0, pu\u00f2 ospitare liberamente i grinder, i vaporizzatori, le cartine, i filtri e tutti gli altri accessori utili per il consumo. Inoltre, \u00e8 facile da pulire e garantisce un alto livello di igiene.<\/p>\n<p>La presenza del gorilla, simbolo della Gorilla Glue, fa del vassoio una perfetta idea regalo per gli amanti della cannabis. Il design accattivante e originale lo rende un pezzo unico e originale da esporre nella propria collezione di accessori.<\/p>\n<p>Il brand Best Buds \u00e8 noto per la sua passione per la cannabis e per la produzione di accessori di alta qualit\u00e0. I prodotti sono venduti online e in negozi specializzati in tutto il mondo, guadagnando sempre pi\u00f9 popolarit\u00e0 tra gli appassionati.<\/p>\n<p>In conclusione, il vassoio grande in metallo Gorilla Glue Best Buds \u00e8 un prodotto di alta qualit\u00e0, dall&#8217;originale design, ideale per gli amanti della cannabis e di quella che \u00e8 diventata una vera e propria cultura a livello mondiale. La scelta della Gorilla Glue come simbolo non fa che rendere il prodotto ancora pi\u00f9 originale e in linea con la cultura cannabis che tanto amiamo.<\/p>\n<p>Se il vassoio Gorilla Glue non ti basta, puoi trovare la nostra Gorilla Glue CBD, che troverai nella categoria &#8220;<a href=\"https:\/\/swissherboriginal.com\/hr\/kategorija-proizvoda-2\/legalna-konoplja-s-cbd-om\/\">CBD legalna konoplja<\/a>&#8220;, e sottocategoria &#8220;<a href=\"https:\/\/swissherboriginal.com\/hr\/kategorija-proizvoda-2\/legalna-konoplja-s-cbd-om\/cbd-cvijet\/\">CBD cvijet<\/a>&#8220;. Questa variet\u00e0 \u00e8 stata cresciuta in serra in Svizzera, ed \u00e8 un ibrido predominante indica. Dai un&#8217;occhiata anche ai nostri altri <a href=\"https:\/\/swissherboriginal.com\/hr\/kategorija-proizvoda-2\/pusacke-stvari\/pribor\/\">pribor za pu\u0161enje<\/a> kao <a href=\"https:\/\/swissherboriginal.com\/hr\/ducan\/pusacke-stvari\/pribor\/posacenere-tascabile-pocket-ashtray-raw\/\">pepeljara<\/a> i drugima tako\u0111er <a href=\"https:\/\/swissherboriginal.com\/hr\/kategorija-proizvoda-2\/pusacke-stvari\/\">pu\u0161a\u010dke stvari<\/a> kao <a href=\"https:\/\/swissherboriginal.com\/hr\/kategorija-proizvoda-2\/pusacke-stvari\/mlinovi\/\">mlinovi<\/a>.<\/p>","protected":false},"excerpt":{"rendered":"<ul>\n<li>Vassoio per rollare<\/li>\n<li>Resistente e di design<\/li>\n<li>Perfetto per tenere a portata di mano tutto ci\u00f2 di cui si ha bisogno per il rollaggio<\/li>\n<li>Disponibile in diverse dimensioni<\/li>\n<\/ul>","protected":false},"featured_media":3447,"comment_status":"open","ping_status":"closed","template":"","meta":[],"product_brand":[],"product_cat":[249,250],"product_tag":[140,392,388,387],"class_list":{"0":"post-1185","1":"product","2":"type-product","3":"status-publish","4":"has-post-thumbnail","6":"product_cat-articoli-per-fumatori","7":"product_cat-accessori","8":"product_tag-best-buds","9":"product_tag-mistiera","10":"product_tag-vassoio-di-metallo","11":"product_tag-vassoio-per-rollare","13":"first","14":"instock","15":"shipping-taxable","16":"purchasable","17":"product-type-simple"},"yoast_head":"<!-- This site is optimized with the Yoast SEO Premium plugin v22.0 (Yoast SEO v26.3) - https:\/\/yoast.com\/wordpress\/plugins\/seo\/ -->\n<title>Vassoio Grande in Metallo &quot;Gorilla Glue&quot; Best Buds<\/title>\n<meta name=\"description\" content=\"Vassoio Grande in Metallo &quot;Gorilla Glue&quot; Best Buds: design unico e impatto visivo. Completa la tua collezione di accessori per la cannabis. Acquista ora!\" \/>\n<meta name=\"robots\" content=\"index, follow, max-snippet:-1, max-image-preview:large, max-video-preview:-1\" \/>\n<link rel=\"canonical\" href=\"https:\/\/swissherboriginal.com\/hr\/ducan\/pusacke-stvari\/pribor\/vassoio-grande-in-metallo-gorilla-glue-best-buds\/\" \/>\n<meta property=\"og:locale\" content=\"hr_HR\" \/>\n<meta property=\"og:type\" content=\"article\" \/>\n<meta property=\"og:title\" content=\"Vassoio Grande in Metallo &quot;Gorilla Glue&quot; Best Buds\" \/>\n<meta property=\"og:description\" content=\"Vassoio Grande in Metallo &quot;Gorilla Glue&quot; Best Buds: design unico e impatto visivo. Completa la tua collezione di accessori per la cannabis. Acquista ora!\" \/>\n<meta property=\"og:url\" content=\"https:\/\/swissherboriginal.com\/hr\/ducan\/pusacke-stvari\/pribor\/vassoio-grande-in-metallo-gorilla-glue-best-buds\/\" \/>\n<meta property=\"og:site_name\" content=\"Swiss Herb Original\" \/>\n<meta property=\"article:publisher\" content=\"https:\/\/www.facebook.com\/swissherboriginale\/\" \/>\n<meta property=\"article:modified_time\" content=\"2023-11-17T10:26:07+00:00\" \/>\n<meta property=\"og:image\" content=\"https:\/\/swissherboriginal.com\/wp-content\/uploads\/2023\/02\/vassoio-grande-in-metallo-best-buds-swiss-herb-original-3.png\" \/>\n\t<meta property=\"og:image:width\" content=\"800\" \/>\n\t<meta property=\"og:image:height\" content=\"800\" \/>\n\t<meta property=\"og:image:type\" content=\"image\/png\" \/>\n<meta name=\"twitter:card\" content=\"summary_large_image\" \/>\n<meta name=\"twitter:image\" content=\"https:\/\/swissherboriginal.com\/wp-content\/uploads\/2023\/02\/vassoio-grande-in-metallo-best-buds-swiss-herb-original-3.png\" \/>\n<meta name=\"twitter:label1\" content=\"Procijenjeno vrijeme \u010ditanja\" \/>\n\t<meta name=\"twitter:data1\" content=\"2 minute\" \/>\n<script type=\"application\/ld+json\" class=\"yoast-schema-graph\">{\"@context\":\"https:\/\/schema.org\",\"@graph\":[{\"@type\":\"WebPage\",\"@id\":\"https:\/\/swissherboriginal.com\/shop\/articoli-per-fumatori\/accessori\/vassoio-grande-in-metallo-gorilla-glue-best-buds\/\",\"url\":\"https:\/\/swissherboriginal.com\/shop\/articoli-per-fumatori\/accessori\/vassoio-grande-in-metallo-gorilla-glue-best-buds\/\",\"name\":\"Vassoio Grande in Metallo \\\"Gorilla Glue\\\" Best Buds\",\"isPartOf\":{\"@id\":\"https:\/\/swissherboriginal.com\/#website\"},\"primaryImageOfPage\":{\"@id\":\"https:\/\/swissherboriginal.com\/shop\/articoli-per-fumatori\/accessori\/vassoio-grande-in-metallo-gorilla-glue-best-buds\/#primaryimage\"},\"image\":{\"@id\":\"https:\/\/swissherboriginal.com\/shop\/articoli-per-fumatori\/accessori\/vassoio-grande-in-metallo-gorilla-glue-best-buds\/#primaryimage\"},\"thumbnailUrl\":\"https:\/\/swissherboriginal.com\/wp-content\/uploads\/2023\/02\/vassoio-grande-in-metallo-best-buds-swiss-herb-original-3.png\",\"datePublished\":\"2023-02-16T10:07:54+00:00\",\"dateModified\":\"2023-11-17T10:26:07+00:00\",\"description\":\"Vassoio Grande in Metallo \\\"Gorilla Glue\\\" Best Buds: design unico e impatto visivo. Completa la tua collezione di accessori per la cannabis. Acquista ora!\",\"breadcrumb\":{\"@id\":\"https:\/\/swissherboriginal.com\/shop\/articoli-per-fumatori\/accessori\/vassoio-grande-in-metallo-gorilla-glue-best-buds\/#breadcrumb\"},\"inLanguage\":\"hr\",\"potentialAction\":[{\"@type\":\"ReadAction\",\"target\":[\"https:\/\/swissherboriginal.com\/shop\/articoli-per-fumatori\/accessori\/vassoio-grande-in-metallo-gorilla-glue-best-buds\/\"]}]},{\"@type\":\"ImageObject\",\"inLanguage\":\"hr\",\"@id\":\"https:\/\/swissherboriginal.com\/shop\/articoli-per-fumatori\/accessori\/vassoio-grande-in-metallo-gorilla-glue-best-buds\/#primaryimage\",\"url\":\"https:\/\/swissherboriginal.com\/wp-content\/uploads\/2023\/02\/vassoio-grande-in-metallo-best-buds-swiss-herb-original-3.png\",\"contentUrl\":\"https:\/\/swissherboriginal.com\/wp-content\/uploads\/2023\/02\/vassoio-grande-in-metallo-best-buds-swiss-herb-original-3.png\",\"width\":800,\"height\":800,\"caption\":\"Vassoio Grande in Metallo \\\"Gorilla Glue\\\" Best Buds\"},{\"@type\":\"BreadcrumbList\",\"@id\":\"https:\/\/swissherboriginal.com\/shop\/articoli-per-fumatori\/accessori\/vassoio-grande-in-metallo-gorilla-glue-best-buds\/#breadcrumb\",\"itemListElement\":[{\"@type\":\"ListItem\",\"position\":1,\"name\":\"Home\",\"item\":\"https:\/\/swissherboriginal.com\/\"},{\"@type\":\"ListItem\",\"position\":2,\"name\":\"Negozio Swiss Herb Original\",\"item\":\"https:\/\/swissherboriginal.com\/negozio-swiss-herb-original\/\"},{\"@type\":\"ListItem\",\"position\":3,\"name\":\"Vassoio Grande in Metallo &#8220;Gorilla Glue&#8221; Best Buds\"}]},{\"@type\":\"WebSite\",\"@id\":\"https:\/\/swissherboriginal.com\/#website\",\"url\":\"https:\/\/swissherboriginal.com\/\",\"name\":\"Swiss Herb Original\",\"description\":\"\",\"publisher\":{\"@id\":\"https:\/\/swissherboriginal.com\/#organization\"},\"potentialAction\":[{\"@type\":\"SearchAction\",\"target\":{\"@type\":\"EntryPoint\",\"urlTemplate\":\"https:\/\/swissherboriginal.com\/?s={search_term_string}\"},\"query-input\":{\"@type\":\"PropertyValueSpecification\",\"valueRequired\":true,\"valueName\":\"search_term_string\"}}],\"inLanguage\":\"hr\"},{\"@type\":\"Organization\",\"@id\":\"https:\/\/swissherboriginal.com\/#organization\",\"name\":\"Swiss Herb Original\",\"url\":\"https:\/\/swissherboriginal.com\/\",\"logo\":{\"@type\":\"ImageObject\",\"inLanguage\":\"hr\",\"@id\":\"https:\/\/swissherboriginal.com\/#\/schema\/logo\/image\/\",\"url\":\"https:\/\/swissherboriginal.com\/wp-content\/uploads\/logo-menu-tel-swissherb.png\",\"contentUrl\":\"https:\/\/swissherboriginal.com\/wp-content\/uploads\/logo-menu-tel-swissherb.png\",\"width\":512,\"height\":360,\"caption\":\"Swiss Herb Original\"},\"image\":{\"@id\":\"https:\/\/swissherboriginal.com\/#\/schema\/logo\/image\/\"},\"sameAs\":[\"https:\/\/www.facebook.com\/swissherboriginale\/\",\"https:\/\/www.instagram.com\/swissherb_original\"]}]}<\/script>\n<!-- \/ Yoast SEO Premium plugin. -->","yoast_head_json":{"title":"Best Buds &quot;Gorilla Glue&quot; veliki metalni pladanj","description":"Vassoio Grande in Metallo \"Gorilla Glue\" Best Buds: design unico e impatto visivo. Completa la tua collezione di accessori per la cannabis. Acquista ora!","robots":{"index":"index","follow":"follow","max-snippet":"max-snippet:-1","max-image-preview":"max-image-preview:large","max-video-preview":"max-video-preview:-1"},"canonical":"https:\/\/swissherboriginal.com\/hr\/ducan\/pusacke-stvari\/pribor\/vassoio-grande-in-metallo-gorilla-glue-best-buds\/","og_locale":"hr_HR","og_type":"article","og_title":"Vassoio Grande in Metallo \"Gorilla Glue\" Best Buds","og_description":"Vassoio Grande in Metallo \"Gorilla Glue\" Best Buds: design unico e impatto visivo. Completa la tua collezione di accessori per la cannabis. Acquista ora!","og_url":"https:\/\/swissherboriginal.com\/hr\/ducan\/pusacke-stvari\/pribor\/vassoio-grande-in-metallo-gorilla-glue-best-buds\/","og_site_name":"Swiss Herb Original","article_publisher":"https:\/\/www.facebook.com\/swissherboriginale\/","article_modified_time":"2023-11-17T10:26:07+00:00","og_image":[{"width":800,"height":800,"url":"https:\/\/swissherboriginal.com\/wp-content\/uploads\/2023\/02\/vassoio-grande-in-metallo-best-buds-swiss-herb-original-3.png","type":"image\/png"}],"twitter_card":"summary_large_image","twitter_image":"https:\/\/swissherboriginal.com\/wp-content\/uploads\/2023\/02\/vassoio-grande-in-metallo-best-buds-swiss-herb-original-3.png","twitter_misc":{"Procijenjeno vrijeme \u010ditanja":"2 minute"},"schema":{"@context":"https:\/\/schema.org","@graph":[{"@type":"WebPage","@id":"https:\/\/swissherboriginal.com\/shop\/articoli-per-fumatori\/accessori\/vassoio-grande-in-metallo-gorilla-glue-best-buds\/","url":"https:\/\/swissherboriginal.com\/shop\/articoli-per-fumatori\/accessori\/vassoio-grande-in-metallo-gorilla-glue-best-buds\/","name":"Best Buds &quot;Gorilla Glue&quot; veliki metalni pladanj","isPartOf":{"@id":"https:\/\/swissherboriginal.com\/#website"},"primaryImageOfPage":{"@id":"https:\/\/swissherboriginal.com\/shop\/articoli-per-fumatori\/accessori\/vassoio-grande-in-metallo-gorilla-glue-best-buds\/#primaryimage"},"image":{"@id":"https:\/\/swissherboriginal.com\/shop\/articoli-per-fumatori\/accessori\/vassoio-grande-in-metallo-gorilla-glue-best-buds\/#primaryimage"},"thumbnailUrl":"https:\/\/swissherboriginal.com\/wp-content\/uploads\/2023\/02\/vassoio-grande-in-metallo-best-buds-swiss-herb-original-3.png","datePublished":"2023-02-16T10:07:54+00:00","dateModified":"2023-11-17T10:26:07+00:00","description":"Vassoio Grande in Metallo \"Gorilla Glue\" Best Buds: design unico e impatto visivo. Completa la tua collezione di accessori per la cannabis. Acquista ora!","breadcrumb":{"@id":"https:\/\/swissherboriginal.com\/shop\/articoli-per-fumatori\/accessori\/vassoio-grande-in-metallo-gorilla-glue-best-buds\/#breadcrumb"},"inLanguage":"hr","potentialAction":[{"@type":"ReadAction","target":["https:\/\/swissherboriginal.com\/shop\/articoli-per-fumatori\/accessori\/vassoio-grande-in-metallo-gorilla-glue-best-buds\/"]}]},{"@type":"ImageObject","inLanguage":"hr","@id":"https:\/\/swissherboriginal.com\/shop\/articoli-per-fumatori\/accessori\/vassoio-grande-in-metallo-gorilla-glue-best-buds\/#primaryimage","url":"https:\/\/swissherboriginal.com\/wp-content\/uploads\/2023\/02\/vassoio-grande-in-metallo-best-buds-swiss-herb-original-3.png","contentUrl":"https:\/\/swissherboriginal.com\/wp-content\/uploads\/2023\/02\/vassoio-grande-in-metallo-best-buds-swiss-herb-original-3.png","width":800,"height":800,"caption":"Vassoio Grande in Metallo \"Gorilla Glue\" Best Buds"},{"@type":"BreadcrumbList","@id":"https:\/\/swissherboriginal.com\/shop\/articoli-per-fumatori\/accessori\/vassoio-grande-in-metallo-gorilla-glue-best-buds\/#breadcrumb","itemListElement":[{"@type":"ListItem","position":1,"name":"Home","item":"https:\/\/swissherboriginal.com\/"},{"@type":"ListItem","position":2,"name":"Negozio Swiss Herb Original","item":"https:\/\/swissherboriginal.com\/negozio-swiss-herb-original\/"},{"@type":"ListItem","position":3,"name":"Vassoio Grande in Metallo &#8220;Gorilla Glue&#8221; Best Buds"}]},{"@type":"WebSite","@id":"https:\/\/swissherboriginal.com\/#website","url":"https:\/\/swissherboriginal.com\/","name":"Originalno \u0161vicarsko bilje","description":"","publisher":{"@id":"https:\/\/swissherboriginal.com\/#organization"},"potentialAction":[{"@type":"SearchAction","target":{"@type":"EntryPoint","urlTemplate":"https:\/\/swissherboriginal.com\/?s={search_term_string}"},"query-input":{"@type":"PropertyValueSpecification","valueRequired":true,"valueName":"search_term_string"}}],"inLanguage":"hr"},{"@type":"Organization","@id":"https:\/\/swissherboriginal.com\/#organization","name":"Originalno \u0161vicarsko bilje","url":"https:\/\/swissherboriginal.com\/","logo":{"@type":"ImageObject","inLanguage":"hr","@id":"https:\/\/swissherboriginal.com\/#\/schema\/logo\/image\/","url":"https:\/\/swissherboriginal.com\/wp-content\/uploads\/logo-menu-tel-swissherb.png","contentUrl":"https:\/\/swissherboriginal.com\/wp-content\/uploads\/logo-menu-tel-swissherb.png","width":512,"height":360,"caption":"Swiss Herb Original"},"image":{"@id":"https:\/\/swissherboriginal.com\/#\/schema\/logo\/image\/"},"sameAs":["https:\/\/www.facebook.com\/swissherboriginale\/","https:\/\/www.instagram.com\/swissherb_original"]}]}},"_links":{"self":[{"href":"https:\/\/swissherboriginal.com\/hr\/wp-json\/wp\/v2\/product\/1185","targetHints":{"allow":["GET"]}}],"collection":[{"href":"https:\/\/swissherboriginal.com\/hr\/wp-json\/wp\/v2\/product"}],"about":[{"href":"https:\/\/swissherboriginal.com\/hr\/wp-json\/wp\/v2\/types\/product"}],"replies":[{"embeddable":true,"href":"https:\/\/swissherboriginal.com\/hr\/wp-json\/wp\/v2\/comments?post=1185"}],"wp:featuredmedia":[{"embeddable":true,"href":"https:\/\/swissherboriginal.com\/hr\/wp-json\/wp\/v2\/media\/3447"}],"wp:attachment":[{"href":"https:\/\/swissherboriginal.com\/hr\/wp-json\/wp\/v2\/media?parent=1185"}],"wp:term":[{"taxonomy":"product_brand","embeddable":true,"href":"https:\/\/swissherboriginal.com\/hr\/wp-json\/wp\/v2\/product_brand?post=1185"},{"taxonomy":"product_cat","embeddable":true,"href":"https:\/\/swissherboriginal.com\/hr\/wp-json\/wp\/v2\/product_cat?post=1185"},{"taxonomy":"product_tag","embeddable":true,"href":"https:\/\/swissherboriginal.com\/hr\/wp-json\/wp\/v2\/product_tag?post=1185"}],"curies":[{"name":"wp","href":"https:\/\/api.w.org\/{rel}","templated":true}]}}