{"id":1205,"date":"2023-02-17T09:42:12","date_gmt":"2023-02-17T09:42:12","guid":{"rendered":"https:\/\/swissherboriginal.com\/?post_type=product&#038;p=1205"},"modified":"2023-11-17T10:24:25","modified_gmt":"2023-11-17T10:24:25","slug":"vassoio-grande-the-bulldog","status":"publish","type":"product","link":"https:\/\/swissherboriginal.com\/hr\/ducan\/pusacke-stvari\/pribor\/vassoio-grande-the-bulldog\/","title":{"rendered":"Vassoio Grande The Bulldog"},"content":{"rendered":"<div data-v-eec133a3=\"\">\n<h2>Vassoio Grande The Bulldog<\/h2>\n<p>Il vassoio grande per rollare The Bulldog \u00e8 un must-have per tutti gli appassionati di cannabis. Disponibile in diverse misure, questo vassoio \u00e8 l&#8217;accessorio perfetto per chi vuole tenere tutto a portata di mano durante la procedura di rollaggio. La qualit\u00e0 dei materiali utilizzati per la creazione di questo vassoio \u00e8 altissima, garantendo una durata nel tempo e resistenza. La robustezza del materiale utilizzato, infatti, consente al vassoio di resistere a cadute accidentali e usura quotidiana.<\/p>\n<p>Il design di questo vassoio \u00e8 molto accattivante, caratterizzato dal simbolico logo del bulldog. Grazie alle sue dimensioni generose, consente di tenere sul vassoio tutti gli elementi necessari per la preparazione dei propri spinelli, come le cartine, filtri, erba e tutto ci\u00f2 che occorre per una smoking session perfetta.<\/p>\n<p>The Bulldog \u00e8 uno dei brand pi\u00f9 famosi nel mondo della cannabis, grazie alla sua pluriennale esperienza e dedizione nel campo degli accessori per il fumo. Con questo vassoio, il marchio si conferma come leader indiscusso nella fornitura di accessori di qualit\u00e0 per gli amanti del fumo.<\/p>\n<p>In sintesi, il vassoio per rollare The Bulldog \u00e8 un prodotto affidabile, resistente e di design, perfetto per tenere a portata di mano tutto ci\u00f2 di cui si ha bisogno per il rollaggio. Disponibile in diverse dimensioni, permette di soddisfare ogni esigenza. Scegliere questo vassoio significa acquistare un prodotto funzionale, pratico ed esteticamente gradevole, in grado di durare a lungo nel tempo.<\/p>\n<p>Oltre al vassoio, potrebbe tornarti utile uno dei nostri <a href=\"https:\/\/swissherboriginal.com\/hr\/kategorija-proizvoda-2\/pusacke-stvari\/mlinovi\/\">mlinovi<\/a>. L\u00ec puoi trovare innumerevoli opzioni, grinders in metallo, alluminio, ceramica, legno, plastica o canapa, con tantissimi stili e design diversi. Se invece hai gi\u00e0 trovato il tuo grinder, ti suggeriamo di dare un&#8217;occhiata ad altri <a href=\"https:\/\/swissherboriginal.com\/hr\/kategorija-proizvoda-2\/pusacke-stvari\/pribor\/\">pribor<\/a> ed <a href=\"https:\/\/swissherboriginal.com\/hr\/kategorija-proizvoda-2\/pusacke-stvari\/\">pu\u0161a\u010dke stvari<\/a> che si trovano sul nostro sito; da nascondigli smart, a <a href=\"https:\/\/swissherboriginal.com\/hr\/ducan\/pusacke-stvari\/pribor\/custodia-in-metallo-porta-6-coni-raw\/\">portajoint<\/a> e <a href=\"https:\/\/swissherboriginal.com\/hr\/ducan\/pusacke-stvari\/pribor\/contenitore-magnetico-raw\/\">contenitori<\/a>, sicuramente troverai qualcosa che fa per te.<\/p>\n<\/div>","protected":false},"excerpt":{"rendered":"<ul>\n<li>Vassoio per rollare<\/li>\n<li>Resistente e di design<\/li>\n<li>Perfetto per tenere a portata di mano tutto ci\u00f2 di cui si ha bisogno per il rollaggio<\/li>\n<li>Disponibile in diverse dimensioni<\/li>\n<\/ul>","protected":false},"featured_media":3416,"comment_status":"open","ping_status":"closed","template":"","meta":[],"product_brand":[],"product_cat":[249,250],"product_tag":[392,388,387],"class_list":{"0":"post-1205","1":"product","2":"type-product","3":"status-publish","4":"has-post-thumbnail","6":"product_cat-articoli-per-fumatori","7":"product_cat-accessori","8":"product_tag-mistiera","9":"product_tag-vassoio-di-metallo","10":"product_tag-vassoio-per-rollare","12":"first","13":"instock","14":"shipping-taxable","15":"purchasable","16":"product-type-simple"},"yoast_head":"<!-- This site is optimized with the Yoast SEO Premium plugin v22.0 (Yoast SEO v26.3) - https:\/\/yoast.com\/wordpress\/plugins\/seo\/ -->\n<title>Vassoio Grande The Bulldog | Swiss Herb Original<\/title>\n<meta name=\"description\" content=\"Vassoio Grande per rollare The Bulldog \u00e8 un accessorio essenziale per gli amanti del fumo. Qualit\u00e0, resistenza e design in un solo prodotto. Acquista ora!\" \/>\n<meta name=\"robots\" content=\"index, follow, max-snippet:-1, max-image-preview:large, max-video-preview:-1\" \/>\n<link rel=\"canonical\" href=\"https:\/\/swissherboriginal.com\/hr\/ducan\/pusacke-stvari\/pribor\/vassoio-grande-the-bulldog\/\" \/>\n<meta property=\"og:locale\" content=\"hr_HR\" \/>\n<meta property=\"og:type\" content=\"article\" \/>\n<meta property=\"og:title\" content=\"Vassoio Grande The Bulldog\" \/>\n<meta property=\"og:description\" content=\"Vassoio Grande per rollare The Bulldog \u00e8 un accessorio essenziale per gli amanti del fumo. Qualit\u00e0, resistenza e design in un solo prodotto. Acquista ora!\" \/>\n<meta property=\"og:url\" content=\"https:\/\/swissherboriginal.com\/hr\/ducan\/pusacke-stvari\/pribor\/vassoio-grande-the-bulldog\/\" \/>\n<meta property=\"og:site_name\" content=\"Swiss Herb Original\" \/>\n<meta property=\"article:publisher\" content=\"https:\/\/www.facebook.com\/swissherboriginale\/\" \/>\n<meta property=\"article:modified_time\" content=\"2023-11-17T10:24:25+00:00\" \/>\n<meta property=\"og:image\" content=\"https:\/\/swissherboriginal.com\/wp-content\/uploads\/2023\/02\/vassoio-grande-the-bulldog-swiss-herb-original.png\" \/>\n\t<meta property=\"og:image:width\" content=\"800\" \/>\n\t<meta property=\"og:image:height\" content=\"800\" \/>\n\t<meta property=\"og:image:type\" content=\"image\/png\" \/>\n<meta name=\"twitter:card\" content=\"summary_large_image\" \/>\n<meta name=\"twitter:image\" content=\"https:\/\/swissherboriginal.com\/wp-content\/uploads\/2023\/02\/vassoio-grande-the-bulldog-swiss-herb-original.png\" \/>\n<meta name=\"twitter:label1\" content=\"Procijenjeno vrijeme \u010ditanja\" \/>\n\t<meta name=\"twitter:data1\" content=\"2 minute\" \/>\n<script type=\"application\/ld+json\" class=\"yoast-schema-graph\">{\"@context\":\"https:\/\/schema.org\",\"@graph\":[{\"@type\":\"WebPage\",\"@id\":\"https:\/\/swissherboriginal.com\/shop\/articoli-per-fumatori\/accessori\/vassoio-grande-the-bulldog\/\",\"url\":\"https:\/\/swissherboriginal.com\/shop\/articoli-per-fumatori\/accessori\/vassoio-grande-the-bulldog\/\",\"name\":\"Vassoio Grande The Bulldog | Swiss Herb Original\",\"isPartOf\":{\"@id\":\"https:\/\/swissherboriginal.com\/#website\"},\"primaryImageOfPage\":{\"@id\":\"https:\/\/swissherboriginal.com\/shop\/articoli-per-fumatori\/accessori\/vassoio-grande-the-bulldog\/#primaryimage\"},\"image\":{\"@id\":\"https:\/\/swissherboriginal.com\/shop\/articoli-per-fumatori\/accessori\/vassoio-grande-the-bulldog\/#primaryimage\"},\"thumbnailUrl\":\"https:\/\/swissherboriginal.com\/wp-content\/uploads\/2023\/02\/vassoio-grande-the-bulldog-swiss-herb-original.png\",\"datePublished\":\"2023-02-17T09:42:12+00:00\",\"dateModified\":\"2023-11-17T10:24:25+00:00\",\"description\":\"Vassoio Grande per rollare The Bulldog \u00e8 un accessorio essenziale per gli amanti del fumo. Qualit\u00e0, resistenza e design in un solo prodotto. Acquista ora!\",\"breadcrumb\":{\"@id\":\"https:\/\/swissherboriginal.com\/shop\/articoli-per-fumatori\/accessori\/vassoio-grande-the-bulldog\/#breadcrumb\"},\"inLanguage\":\"hr\",\"potentialAction\":[{\"@type\":\"ReadAction\",\"target\":[\"https:\/\/swissherboriginal.com\/shop\/articoli-per-fumatori\/accessori\/vassoio-grande-the-bulldog\/\"]}]},{\"@type\":\"ImageObject\",\"inLanguage\":\"hr\",\"@id\":\"https:\/\/swissherboriginal.com\/shop\/articoli-per-fumatori\/accessori\/vassoio-grande-the-bulldog\/#primaryimage\",\"url\":\"https:\/\/swissherboriginal.com\/wp-content\/uploads\/2023\/02\/vassoio-grande-the-bulldog-swiss-herb-original.png\",\"contentUrl\":\"https:\/\/swissherboriginal.com\/wp-content\/uploads\/2023\/02\/vassoio-grande-the-bulldog-swiss-herb-original.png\",\"width\":800,\"height\":800,\"caption\":\"Vassoio Grande The Bulldog\"},{\"@type\":\"BreadcrumbList\",\"@id\":\"https:\/\/swissherboriginal.com\/shop\/articoli-per-fumatori\/accessori\/vassoio-grande-the-bulldog\/#breadcrumb\",\"itemListElement\":[{\"@type\":\"ListItem\",\"position\":1,\"name\":\"Home\",\"item\":\"https:\/\/swissherboriginal.com\/\"},{\"@type\":\"ListItem\",\"position\":2,\"name\":\"Negozio Swiss Herb Original\",\"item\":\"https:\/\/swissherboriginal.com\/negozio-swiss-herb-original\/\"},{\"@type\":\"ListItem\",\"position\":3,\"name\":\"Vassoio Grande The Bulldog\"}]},{\"@type\":\"WebSite\",\"@id\":\"https:\/\/swissherboriginal.com\/#website\",\"url\":\"https:\/\/swissherboriginal.com\/\",\"name\":\"Swiss Herb Original\",\"description\":\"\",\"publisher\":{\"@id\":\"https:\/\/swissherboriginal.com\/#organization\"},\"potentialAction\":[{\"@type\":\"SearchAction\",\"target\":{\"@type\":\"EntryPoint\",\"urlTemplate\":\"https:\/\/swissherboriginal.com\/?s={search_term_string}\"},\"query-input\":{\"@type\":\"PropertyValueSpecification\",\"valueRequired\":true,\"valueName\":\"search_term_string\"}}],\"inLanguage\":\"hr\"},{\"@type\":\"Organization\",\"@id\":\"https:\/\/swissherboriginal.com\/#organization\",\"name\":\"Swiss Herb Original\",\"url\":\"https:\/\/swissherboriginal.com\/\",\"logo\":{\"@type\":\"ImageObject\",\"inLanguage\":\"hr\",\"@id\":\"https:\/\/swissherboriginal.com\/#\/schema\/logo\/image\/\",\"url\":\"https:\/\/swissherboriginal.com\/wp-content\/uploads\/logo-menu-tel-swissherb.png\",\"contentUrl\":\"https:\/\/swissherboriginal.com\/wp-content\/uploads\/logo-menu-tel-swissherb.png\",\"width\":512,\"height\":360,\"caption\":\"Swiss Herb Original\"},\"image\":{\"@id\":\"https:\/\/swissherboriginal.com\/#\/schema\/logo\/image\/\"},\"sameAs\":[\"https:\/\/www.facebook.com\/swissherboriginale\/\",\"https:\/\/www.instagram.com\/swissherb_original\"]}]}<\/script>\n<!-- \/ Yoast SEO Premium plugin. -->","yoast_head_json":{"title":"Vassoio Grande The Bulldog | Swiss Herb Original","description":"Vassoio Grande per rollare The Bulldog \u00e8 un accessorio essenziale per gli amanti del fumo. Qualit\u00e0, resistenza e design in un solo prodotto. Acquista ora!","robots":{"index":"index","follow":"follow","max-snippet":"max-snippet:-1","max-image-preview":"max-image-preview:large","max-video-preview":"max-video-preview:-1"},"canonical":"https:\/\/swissherboriginal.com\/hr\/ducan\/pusacke-stvari\/pribor\/vassoio-grande-the-bulldog\/","og_locale":"hr_HR","og_type":"article","og_title":"Vassoio Grande The Bulldog","og_description":"Vassoio Grande per rollare The Bulldog \u00e8 un accessorio essenziale per gli amanti del fumo. Qualit\u00e0, resistenza e design in un solo prodotto. Acquista ora!","og_url":"https:\/\/swissherboriginal.com\/hr\/ducan\/pusacke-stvari\/pribor\/vassoio-grande-the-bulldog\/","og_site_name":"Swiss Herb Original","article_publisher":"https:\/\/www.facebook.com\/swissherboriginale\/","article_modified_time":"2023-11-17T10:24:25+00:00","og_image":[{"width":800,"height":800,"url":"https:\/\/swissherboriginal.com\/wp-content\/uploads\/2023\/02\/vassoio-grande-the-bulldog-swiss-herb-original.png","type":"image\/png"}],"twitter_card":"summary_large_image","twitter_image":"https:\/\/swissherboriginal.com\/wp-content\/uploads\/2023\/02\/vassoio-grande-the-bulldog-swiss-herb-original.png","twitter_misc":{"Procijenjeno vrijeme \u010ditanja":"2 minute"},"schema":{"@context":"https:\/\/schema.org","@graph":[{"@type":"WebPage","@id":"https:\/\/swissherboriginal.com\/shop\/articoli-per-fumatori\/accessori\/vassoio-grande-the-bulldog\/","url":"https:\/\/swissherboriginal.com\/shop\/articoli-per-fumatori\/accessori\/vassoio-grande-the-bulldog\/","name":"Vassoio Grande The Bulldog | Swiss Herb Original","isPartOf":{"@id":"https:\/\/swissherboriginal.com\/#website"},"primaryImageOfPage":{"@id":"https:\/\/swissherboriginal.com\/shop\/articoli-per-fumatori\/accessori\/vassoio-grande-the-bulldog\/#primaryimage"},"image":{"@id":"https:\/\/swissherboriginal.com\/shop\/articoli-per-fumatori\/accessori\/vassoio-grande-the-bulldog\/#primaryimage"},"thumbnailUrl":"https:\/\/swissherboriginal.com\/wp-content\/uploads\/2023\/02\/vassoio-grande-the-bulldog-swiss-herb-original.png","datePublished":"2023-02-17T09:42:12+00:00","dateModified":"2023-11-17T10:24:25+00:00","description":"Vassoio Grande per rollare The Bulldog \u00e8 un accessorio essenziale per gli amanti del fumo. Qualit\u00e0, resistenza e design in un solo prodotto. Acquista ora!","breadcrumb":{"@id":"https:\/\/swissherboriginal.com\/shop\/articoli-per-fumatori\/accessori\/vassoio-grande-the-bulldog\/#breadcrumb"},"inLanguage":"hr","potentialAction":[{"@type":"ReadAction","target":["https:\/\/swissherboriginal.com\/shop\/articoli-per-fumatori\/accessori\/vassoio-grande-the-bulldog\/"]}]},{"@type":"ImageObject","inLanguage":"hr","@id":"https:\/\/swissherboriginal.com\/shop\/articoli-per-fumatori\/accessori\/vassoio-grande-the-bulldog\/#primaryimage","url":"https:\/\/swissherboriginal.com\/wp-content\/uploads\/2023\/02\/vassoio-grande-the-bulldog-swiss-herb-original.png","contentUrl":"https:\/\/swissherboriginal.com\/wp-content\/uploads\/2023\/02\/vassoio-grande-the-bulldog-swiss-herb-original.png","width":800,"height":800,"caption":"Vassoio Grande The Bulldog"},{"@type":"BreadcrumbList","@id":"https:\/\/swissherboriginal.com\/shop\/articoli-per-fumatori\/accessori\/vassoio-grande-the-bulldog\/#breadcrumb","itemListElement":[{"@type":"ListItem","position":1,"name":"Home","item":"https:\/\/swissherboriginal.com\/"},{"@type":"ListItem","position":2,"name":"Negozio Swiss Herb Original","item":"https:\/\/swissherboriginal.com\/negozio-swiss-herb-original\/"},{"@type":"ListItem","position":3,"name":"Vassoio Grande The Bulldog"}]},{"@type":"WebSite","@id":"https:\/\/swissherboriginal.com\/#website","url":"https:\/\/swissherboriginal.com\/","name":"Originalno \u0161vicarsko bilje","description":"","publisher":{"@id":"https:\/\/swissherboriginal.com\/#organization"},"potentialAction":[{"@type":"SearchAction","target":{"@type":"EntryPoint","urlTemplate":"https:\/\/swissherboriginal.com\/?s={search_term_string}"},"query-input":{"@type":"PropertyValueSpecification","valueRequired":true,"valueName":"search_term_string"}}],"inLanguage":"hr"},{"@type":"Organization","@id":"https:\/\/swissherboriginal.com\/#organization","name":"Originalno \u0161vicarsko bilje","url":"https:\/\/swissherboriginal.com\/","logo":{"@type":"ImageObject","inLanguage":"hr","@id":"https:\/\/swissherboriginal.com\/#\/schema\/logo\/image\/","url":"https:\/\/swissherboriginal.com\/wp-content\/uploads\/logo-menu-tel-swissherb.png","contentUrl":"https:\/\/swissherboriginal.com\/wp-content\/uploads\/logo-menu-tel-swissherb.png","width":512,"height":360,"caption":"Swiss Herb Original"},"image":{"@id":"https:\/\/swissherboriginal.com\/#\/schema\/logo\/image\/"},"sameAs":["https:\/\/www.facebook.com\/swissherboriginale\/","https:\/\/www.instagram.com\/swissherb_original"]}]}},"_links":{"self":[{"href":"https:\/\/swissherboriginal.com\/hr\/wp-json\/wp\/v2\/product\/1205","targetHints":{"allow":["GET"]}}],"collection":[{"href":"https:\/\/swissherboriginal.com\/hr\/wp-json\/wp\/v2\/product"}],"about":[{"href":"https:\/\/swissherboriginal.com\/hr\/wp-json\/wp\/v2\/types\/product"}],"replies":[{"embeddable":true,"href":"https:\/\/swissherboriginal.com\/hr\/wp-json\/wp\/v2\/comments?post=1205"}],"wp:featuredmedia":[{"embeddable":true,"href":"https:\/\/swissherboriginal.com\/hr\/wp-json\/wp\/v2\/media\/3416"}],"wp:attachment":[{"href":"https:\/\/swissherboriginal.com\/hr\/wp-json\/wp\/v2\/media?parent=1205"}],"wp:term":[{"taxonomy":"product_brand","embeddable":true,"href":"https:\/\/swissherboriginal.com\/hr\/wp-json\/wp\/v2\/product_brand?post=1205"},{"taxonomy":"product_cat","embeddable":true,"href":"https:\/\/swissherboriginal.com\/hr\/wp-json\/wp\/v2\/product_cat?post=1205"},{"taxonomy":"product_tag","embeddable":true,"href":"https:\/\/swissherboriginal.com\/hr\/wp-json\/wp\/v2\/product_tag?post=1205"}],"curies":[{"name":"wp","href":"https:\/\/api.w.org\/{rel}","templated":true}]}}