{"id":1232,"date":"2023-02-20T10:26:58","date_gmt":"2023-02-20T10:26:58","guid":{"rendered":"https:\/\/swissherboriginal.com\/?post_type=product&#038;p=1232"},"modified":"2023-11-17T10:22:34","modified_gmt":"2023-11-17T10:22:34","slug":"posacenere-in-metallo-rosa-con-foglia-best-buds","status":"publish","type":"product","link":"https:\/\/swissherboriginal.com\/hr\/ducan\/pusacke-stvari\/pribor\/posacenere-in-metallo-rosa-con-foglia-best-buds\/","title":{"rendered":"Posacenere in Metallo Rosa Con Foglia Best Buds"},"content":{"rendered":"<h2>Posacenere in Metallo Rosa Con Foglia Best Buds<\/h2>\n<p>Il Posacenere In Metallo Rosa Con Foglia della marca Best Buds \u00e8 un oggetto funzionale e accattivante che si distingue per il suo design originale. Realizzato con materiali di alta qualit\u00e0, \u00e8 resistente e durevole, e si adatta perfettamente a qualsiasi arredamento e stile di vita. La forma circolare del posacenere permette di ospitare comodamente le sigarette o le ceneri provenienti da un&#8217;esperienza di fumo. La grande dimensione del posacenere consente di utilizzarlo anche per mantenere in ordine le chiavi o i portafogli, cos\u00ec come altri oggetti personali. Il suo peso leggero e la forma compatta lo rendono facile da trasportare e da riporre, sia a casa che in viaggio. Al di l\u00e0 della sua funzionalit\u00e0, il Posacenere In Metallo Rosa Con Foglia Best Buds della marca Best Buds rappresenta anche un&#8217;idea regalo ideale per gli amici appassionati del fumo, soprattutto quelli che apprezzano il design moderno e innovativo.<\/p>\n<p>Grazie alla sua qualit\u00e0 costruttiva e alla sua personalit\u00e0 unica, questo prodotto si distingue dagli altri posaceneri tradizionali e aggiunge un tocco di originalit\u00e0 e buon gusto a qualsiasi ambiente. Il marchio Best Buds si impegna a fornire prodotti di qualit\u00e0 e lo dimostra in questo elegante posacenere circolare, destinato a diventare un elemento imprescindibile per gli amanti del tabacco. La sua struttura robusta e facile da pulire lo rende adatto non solo all&#8217;utilizzo domestico, ma anche in locali pubblici come bar o ristoranti. In definitiva, questo posacenere di Best Buds \u00e8 un oggetto dal design moderno e funzionale, capace di soddisfare esigenze diverse. Consigliato a tutti coloro che cercano un posacenere resistente e facile da utilizzare, siano essi fumatori occasionali o abituali.<\/p>\n<p>Oltre al posacenere, un altro <a href=\"https:\/\/swissherboriginal.com\/hr\/kategorija-proizvoda-2\/pusacke-stvari\/pribor\/\">accessorio<\/a> indispensabile \u00e8 il vassoio. Dai un&#8217;occhiata agli innumerevoli <a href=\"https:\/\/swissherboriginal.com\/hr\/ducan\/pusacke-stvari\/pribor\/vassoio-di-metallo-per-rollare-a-forma-di-skate-raw\/\">pladnjevi<\/a> che possiamo offrirvi; dalla Raw alla Best Buds, i nostri vassoi sono realizzati con materiali resistenti e presentano dei design veramente unici. Dai un&#8217;occhiata anche ai nostri altri <a href=\"https:\/\/swissherboriginal.com\/hr\/kategorija-proizvoda-2\/pusacke-stvari\/\">pu\u0161a\u010dke stvari<\/a> kao <a href=\"https:\/\/swissherboriginal.com\/hr\/kategorija-proizvoda-2\/pusacke-stvari\/mlinovi\/\">mlinovi<\/a>.<\/p>","protected":false},"excerpt":{"rendered":"<ul>\n<li>Posacenere tondo in metallo<\/li>\n<li>Resistente<\/li>\n<li>Duraturo<\/li>\n<li>Funzionale<\/li>\n<li>Idea regalo<\/li>\n<\/ul>","protected":false},"featured_media":3370,"comment_status":"open","ping_status":"closed","template":"","meta":[],"product_brand":[],"product_cat":[249,250],"product_tag":[140,367,380,369],"class_list":{"0":"post-1232","1":"product","2":"type-product","3":"status-publish","4":"has-post-thumbnail","6":"product_cat-articoli-per-fumatori","7":"product_cat-accessori","8":"product_tag-best-buds","9":"product_tag-posacenere","10":"product_tag-posacenere-in-metallo","11":"product_tag-posacenere-portatile","13":"first","14":"instock","15":"shipping-taxable","16":"purchasable","17":"product-type-simple"},"yoast_head":"<!-- This site is optimized with the Yoast SEO Premium plugin v22.0 (Yoast SEO v26.3) - https:\/\/yoast.com\/wordpress\/plugins\/seo\/ -->\n<title>Posacenere in Metallo Rosa Con Foglia Best Buds<\/title>\n<meta name=\"description\" content=\"Aggiungi un tocco di stile con il Posacenere in Metallo Rosa Con Foglia Best Buds. Perfetto per casa o come regalo. Acquista subito!\" \/>\n<meta name=\"robots\" content=\"index, follow, max-snippet:-1, max-image-preview:large, max-video-preview:-1\" \/>\n<link rel=\"canonical\" href=\"https:\/\/swissherboriginal.com\/hr\/ducan\/pusacke-stvari\/pribor\/posacenere-in-metallo-rosa-con-foglia-best-buds\/\" \/>\n<meta property=\"og:locale\" content=\"hr_HR\" \/>\n<meta property=\"og:type\" content=\"article\" \/>\n<meta property=\"og:title\" content=\"Posacenere in Metallo Rosa Con Foglia Best Buds\" \/>\n<meta property=\"og:description\" content=\"Aggiungi un tocco di stile con il Posacenere in Metallo Rosa Con Foglia Best Buds. Perfetto per casa o come regalo. Acquista subito!\" \/>\n<meta property=\"og:url\" content=\"https:\/\/swissherboriginal.com\/hr\/ducan\/pusacke-stvari\/pribor\/posacenere-in-metallo-rosa-con-foglia-best-buds\/\" \/>\n<meta property=\"og:site_name\" content=\"Swiss Herb Original\" \/>\n<meta property=\"article:publisher\" content=\"https:\/\/www.facebook.com\/swissherboriginale\/\" \/>\n<meta property=\"article:modified_time\" content=\"2023-11-17T10:22:34+00:00\" \/>\n<meta property=\"og:image\" content=\"https:\/\/swissherboriginal.com\/wp-content\/uploads\/2023\/02\/posacenere-in-metallo-rosa-con-foglia-best-buds-swiss-herb-original.png\" \/>\n\t<meta property=\"og:image:width\" content=\"800\" \/>\n\t<meta property=\"og:image:height\" content=\"800\" \/>\n\t<meta property=\"og:image:type\" content=\"image\/png\" \/>\n<meta name=\"twitter:card\" content=\"summary_large_image\" \/>\n<meta name=\"twitter:image\" content=\"https:\/\/swissherboriginal.com\/wp-content\/uploads\/2023\/02\/posacenere-in-metallo-rosa-con-foglia-best-buds-swiss-herb-original.png\" \/>\n<meta name=\"twitter:label1\" content=\"Procijenjeno vrijeme \u010ditanja\" \/>\n\t<meta name=\"twitter:data1\" content=\"2 minute\" \/>\n<script type=\"application\/ld+json\" class=\"yoast-schema-graph\">{\"@context\":\"https:\/\/schema.org\",\"@graph\":[{\"@type\":\"WebPage\",\"@id\":\"https:\/\/swissherboriginal.com\/shop\/articoli-per-fumatori\/accessori\/posacenere-in-metallo-rosa-con-foglia-best-buds\/\",\"url\":\"https:\/\/swissherboriginal.com\/shop\/articoli-per-fumatori\/accessori\/posacenere-in-metallo-rosa-con-foglia-best-buds\/\",\"name\":\"Posacenere in Metallo Rosa Con Foglia Best Buds\",\"isPartOf\":{\"@id\":\"https:\/\/swissherboriginal.com\/#website\"},\"primaryImageOfPage\":{\"@id\":\"https:\/\/swissherboriginal.com\/shop\/articoli-per-fumatori\/accessori\/posacenere-in-metallo-rosa-con-foglia-best-buds\/#primaryimage\"},\"image\":{\"@id\":\"https:\/\/swissherboriginal.com\/shop\/articoli-per-fumatori\/accessori\/posacenere-in-metallo-rosa-con-foglia-best-buds\/#primaryimage\"},\"thumbnailUrl\":\"https:\/\/swissherboriginal.com\/wp-content\/uploads\/2023\/02\/posacenere-in-metallo-rosa-con-foglia-best-buds-swiss-herb-original.png\",\"datePublished\":\"2023-02-20T10:26:58+00:00\",\"dateModified\":\"2023-11-17T10:22:34+00:00\",\"description\":\"Aggiungi un tocco di stile con il Posacenere in Metallo Rosa Con Foglia Best Buds. Perfetto per casa o come regalo. Acquista subito!\",\"breadcrumb\":{\"@id\":\"https:\/\/swissherboriginal.com\/shop\/articoli-per-fumatori\/accessori\/posacenere-in-metallo-rosa-con-foglia-best-buds\/#breadcrumb\"},\"inLanguage\":\"hr\",\"potentialAction\":[{\"@type\":\"ReadAction\",\"target\":[\"https:\/\/swissherboriginal.com\/shop\/articoli-per-fumatori\/accessori\/posacenere-in-metallo-rosa-con-foglia-best-buds\/\"]}]},{\"@type\":\"ImageObject\",\"inLanguage\":\"hr\",\"@id\":\"https:\/\/swissherboriginal.com\/shop\/articoli-per-fumatori\/accessori\/posacenere-in-metallo-rosa-con-foglia-best-buds\/#primaryimage\",\"url\":\"https:\/\/swissherboriginal.com\/wp-content\/uploads\/2023\/02\/posacenere-in-metallo-rosa-con-foglia-best-buds-swiss-herb-original.png\",\"contentUrl\":\"https:\/\/swissherboriginal.com\/wp-content\/uploads\/2023\/02\/posacenere-in-metallo-rosa-con-foglia-best-buds-swiss-herb-original.png\",\"width\":800,\"height\":800,\"caption\":\"Posacenere in Metallo Rosa Con Foglia Best Buds\"},{\"@type\":\"BreadcrumbList\",\"@id\":\"https:\/\/swissherboriginal.com\/shop\/articoli-per-fumatori\/accessori\/posacenere-in-metallo-rosa-con-foglia-best-buds\/#breadcrumb\",\"itemListElement\":[{\"@type\":\"ListItem\",\"position\":1,\"name\":\"Home\",\"item\":\"https:\/\/swissherboriginal.com\/\"},{\"@type\":\"ListItem\",\"position\":2,\"name\":\"Negozio Swiss Herb Original\",\"item\":\"https:\/\/swissherboriginal.com\/negozio-swiss-herb-original\/\"},{\"@type\":\"ListItem\",\"position\":3,\"name\":\"Posacenere in Metallo Rosa Con Foglia Best Buds\"}]},{\"@type\":\"WebSite\",\"@id\":\"https:\/\/swissherboriginal.com\/#website\",\"url\":\"https:\/\/swissherboriginal.com\/\",\"name\":\"Swiss Herb Original\",\"description\":\"\",\"publisher\":{\"@id\":\"https:\/\/swissherboriginal.com\/#organization\"},\"potentialAction\":[{\"@type\":\"SearchAction\",\"target\":{\"@type\":\"EntryPoint\",\"urlTemplate\":\"https:\/\/swissherboriginal.com\/?s={search_term_string}\"},\"query-input\":{\"@type\":\"PropertyValueSpecification\",\"valueRequired\":true,\"valueName\":\"search_term_string\"}}],\"inLanguage\":\"hr\"},{\"@type\":\"Organization\",\"@id\":\"https:\/\/swissherboriginal.com\/#organization\",\"name\":\"Swiss Herb Original\",\"url\":\"https:\/\/swissherboriginal.com\/\",\"logo\":{\"@type\":\"ImageObject\",\"inLanguage\":\"hr\",\"@id\":\"https:\/\/swissherboriginal.com\/#\/schema\/logo\/image\/\",\"url\":\"https:\/\/swissherboriginal.com\/wp-content\/uploads\/logo-menu-tel-swissherb.png\",\"contentUrl\":\"https:\/\/swissherboriginal.com\/wp-content\/uploads\/logo-menu-tel-swissherb.png\",\"width\":512,\"height\":360,\"caption\":\"Swiss Herb Original\"},\"image\":{\"@id\":\"https:\/\/swissherboriginal.com\/#\/schema\/logo\/image\/\"},\"sameAs\":[\"https:\/\/www.facebook.com\/swissherboriginale\/\",\"https:\/\/www.instagram.com\/swissherb_original\"]}]}<\/script>\n<!-- \/ Yoast SEO Premium plugin. -->","yoast_head_json":{"title":"Posacenere in Metallo Rosa Con Foglia Best Buds","description":"Aggiungi un tocco di stile con il Posacenere in Metallo Rosa Con Foglia Best Buds. Perfetto per casa o come regalo. Acquista subito!","robots":{"index":"index","follow":"follow","max-snippet":"max-snippet:-1","max-image-preview":"max-image-preview:large","max-video-preview":"max-video-preview:-1"},"canonical":"https:\/\/swissherboriginal.com\/hr\/ducan\/pusacke-stvari\/pribor\/posacenere-in-metallo-rosa-con-foglia-best-buds\/","og_locale":"hr_HR","og_type":"article","og_title":"Posacenere in Metallo Rosa Con Foglia Best Buds","og_description":"Aggiungi un tocco di stile con il Posacenere in Metallo Rosa Con Foglia Best Buds. Perfetto per casa o come regalo. Acquista subito!","og_url":"https:\/\/swissherboriginal.com\/hr\/ducan\/pusacke-stvari\/pribor\/posacenere-in-metallo-rosa-con-foglia-best-buds\/","og_site_name":"Swiss Herb Original","article_publisher":"https:\/\/www.facebook.com\/swissherboriginale\/","article_modified_time":"2023-11-17T10:22:34+00:00","og_image":[{"width":800,"height":800,"url":"https:\/\/swissherboriginal.com\/wp-content\/uploads\/2023\/02\/posacenere-in-metallo-rosa-con-foglia-best-buds-swiss-herb-original.png","type":"image\/png"}],"twitter_card":"summary_large_image","twitter_image":"https:\/\/swissherboriginal.com\/wp-content\/uploads\/2023\/02\/posacenere-in-metallo-rosa-con-foglia-best-buds-swiss-herb-original.png","twitter_misc":{"Procijenjeno vrijeme \u010ditanja":"2 minute"},"schema":{"@context":"https:\/\/schema.org","@graph":[{"@type":"WebPage","@id":"https:\/\/swissherboriginal.com\/shop\/articoli-per-fumatori\/accessori\/posacenere-in-metallo-rosa-con-foglia-best-buds\/","url":"https:\/\/swissherboriginal.com\/shop\/articoli-per-fumatori\/accessori\/posacenere-in-metallo-rosa-con-foglia-best-buds\/","name":"Posacenere in Metallo Rosa Con Foglia Best Buds","isPartOf":{"@id":"https:\/\/swissherboriginal.com\/#website"},"primaryImageOfPage":{"@id":"https:\/\/swissherboriginal.com\/shop\/articoli-per-fumatori\/accessori\/posacenere-in-metallo-rosa-con-foglia-best-buds\/#primaryimage"},"image":{"@id":"https:\/\/swissherboriginal.com\/shop\/articoli-per-fumatori\/accessori\/posacenere-in-metallo-rosa-con-foglia-best-buds\/#primaryimage"},"thumbnailUrl":"https:\/\/swissherboriginal.com\/wp-content\/uploads\/2023\/02\/posacenere-in-metallo-rosa-con-foglia-best-buds-swiss-herb-original.png","datePublished":"2023-02-20T10:26:58+00:00","dateModified":"2023-11-17T10:22:34+00:00","description":"Aggiungi un tocco di stile con il Posacenere in Metallo Rosa Con Foglia Best Buds. Perfetto per casa o come regalo. Acquista subito!","breadcrumb":{"@id":"https:\/\/swissherboriginal.com\/shop\/articoli-per-fumatori\/accessori\/posacenere-in-metallo-rosa-con-foglia-best-buds\/#breadcrumb"},"inLanguage":"hr","potentialAction":[{"@type":"ReadAction","target":["https:\/\/swissherboriginal.com\/shop\/articoli-per-fumatori\/accessori\/posacenere-in-metallo-rosa-con-foglia-best-buds\/"]}]},{"@type":"ImageObject","inLanguage":"hr","@id":"https:\/\/swissherboriginal.com\/shop\/articoli-per-fumatori\/accessori\/posacenere-in-metallo-rosa-con-foglia-best-buds\/#primaryimage","url":"https:\/\/swissherboriginal.com\/wp-content\/uploads\/2023\/02\/posacenere-in-metallo-rosa-con-foglia-best-buds-swiss-herb-original.png","contentUrl":"https:\/\/swissherboriginal.com\/wp-content\/uploads\/2023\/02\/posacenere-in-metallo-rosa-con-foglia-best-buds-swiss-herb-original.png","width":800,"height":800,"caption":"Posacenere in Metallo Rosa Con Foglia Best Buds"},{"@type":"BreadcrumbList","@id":"https:\/\/swissherboriginal.com\/shop\/articoli-per-fumatori\/accessori\/posacenere-in-metallo-rosa-con-foglia-best-buds\/#breadcrumb","itemListElement":[{"@type":"ListItem","position":1,"name":"Home","item":"https:\/\/swissherboriginal.com\/"},{"@type":"ListItem","position":2,"name":"Negozio Swiss Herb Original","item":"https:\/\/swissherboriginal.com\/negozio-swiss-herb-original\/"},{"@type":"ListItem","position":3,"name":"Posacenere in Metallo Rosa Con Foglia Best Buds"}]},{"@type":"WebSite","@id":"https:\/\/swissherboriginal.com\/#website","url":"https:\/\/swissherboriginal.com\/","name":"Originalno \u0161vicarsko bilje","description":"","publisher":{"@id":"https:\/\/swissherboriginal.com\/#organization"},"potentialAction":[{"@type":"SearchAction","target":{"@type":"EntryPoint","urlTemplate":"https:\/\/swissherboriginal.com\/?s={search_term_string}"},"query-input":{"@type":"PropertyValueSpecification","valueRequired":true,"valueName":"search_term_string"}}],"inLanguage":"hr"},{"@type":"Organization","@id":"https:\/\/swissherboriginal.com\/#organization","name":"Originalno \u0161vicarsko bilje","url":"https:\/\/swissherboriginal.com\/","logo":{"@type":"ImageObject","inLanguage":"hr","@id":"https:\/\/swissherboriginal.com\/#\/schema\/logo\/image\/","url":"https:\/\/swissherboriginal.com\/wp-content\/uploads\/logo-menu-tel-swissherb.png","contentUrl":"https:\/\/swissherboriginal.com\/wp-content\/uploads\/logo-menu-tel-swissherb.png","width":512,"height":360,"caption":"Swiss Herb Original"},"image":{"@id":"https:\/\/swissherboriginal.com\/#\/schema\/logo\/image\/"},"sameAs":["https:\/\/www.facebook.com\/swissherboriginale\/","https:\/\/www.instagram.com\/swissherb_original"]}]}},"_links":{"self":[{"href":"https:\/\/swissherboriginal.com\/hr\/wp-json\/wp\/v2\/product\/1232","targetHints":{"allow":["GET"]}}],"collection":[{"href":"https:\/\/swissherboriginal.com\/hr\/wp-json\/wp\/v2\/product"}],"about":[{"href":"https:\/\/swissherboriginal.com\/hr\/wp-json\/wp\/v2\/types\/product"}],"replies":[{"embeddable":true,"href":"https:\/\/swissherboriginal.com\/hr\/wp-json\/wp\/v2\/comments?post=1232"}],"wp:featuredmedia":[{"embeddable":true,"href":"https:\/\/swissherboriginal.com\/hr\/wp-json\/wp\/v2\/media\/3370"}],"wp:attachment":[{"href":"https:\/\/swissherboriginal.com\/hr\/wp-json\/wp\/v2\/media?parent=1232"}],"wp:term":[{"taxonomy":"product_brand","embeddable":true,"href":"https:\/\/swissherboriginal.com\/hr\/wp-json\/wp\/v2\/product_brand?post=1232"},{"taxonomy":"product_cat","embeddable":true,"href":"https:\/\/swissherboriginal.com\/hr\/wp-json\/wp\/v2\/product_cat?post=1232"},{"taxonomy":"product_tag","embeddable":true,"href":"https:\/\/swissherboriginal.com\/hr\/wp-json\/wp\/v2\/product_tag?post=1232"}],"curies":[{"name":"wp","href":"https:\/\/api.w.org\/{rel}","templated":true}]}}