{"id":1236,"date":"2023-02-21T09:06:33","date_gmt":"2023-02-21T09:06:33","guid":{"rendered":"https:\/\/swissherboriginal.com\/?post_type=product&#038;p=1236"},"modified":"2026-01-21T12:24:04","modified_gmt":"2026-01-21T12:24:04","slug":"cbd-e-liquid-lemon-haze-harmony","status":"publish","type":"product","link":"https:\/\/swissherboriginal.com\/hr\/ducan\/legalna-konoplja-s-cbd-om\/estratti-cbd\/cbd-e-liquid-lemon-haze-harmony\/","title":{"rendered":"CBD e-teku\u0107ina Lemon Haze Harmony"},"content":{"rendered":"<h2>CBD e-teku\u0107ina Lemon Haze Harmony<\/h2>\n<p>Il CBD E-liquid Lemon Haze della marca Harmony \u00e8 un prodotto di alta qualit\u00e0 pensato per chi cerca un&#8217;esperienza di svapo gradevole e rilassante. Questo liquido \u00e8 composto da un mix di ingredienti di prima scelta, tra cui olio di semi di canapa e una tintura di CBD al 99%. Queste sostanze sono state accuratamente selezionate per garantire un prodotto sicuro e di qualit\u00e0 eccellente, in grado di soddisfare le esigenze di chi sceglie di utilizzare il CBD per rilassarsi e godersi un&#8217;esperienza di svapo rilassante.<\/p>\n<p>Il sapore di questo E-Liquid \u00e8 molto piacevole ed equilibrato. Il gusto del limone si unisce all&#8217;aroma erbaceo della canapa, creando un&#8217;esperienza di svapo intensa e rinfrescante. Grazie alla presenza di CBD, questo prodotto \u00e8 in grado di apportare numerosi benefici per il benessere dell&#8217;organismo, tra cui la riduzione dello stress e dell&#8217;ansia, il miglioramento del sonno e la riduzione del dolore.<\/p>\n<p>La marca Harmony ha creato il CBD E-liquid Lemon Haze utilizzando le ultime tecnologie nel settore dei liquidi per sigarette elettroniche. Grazie a queste tecnologie, \u00e8 possibile svapare questo prodotto con facilit\u00e0, senza dover temere la possibilit\u00e0 di bruciare la coil o di danneggiare il dispositivo.<\/p>\n<p>Il CBD E-liquid \u00e8 disponibile in diverse concentrazioni di CBD, in modo da permettere a ognuno di scegliere la dose pi\u00f9 adatta alle proprie esigenze.<\/p>\n<p>In definitiva, il CBD E-liquid Lemon Haze di Harmony \u00e8 un prodotto di qualit\u00e0 superiore, in grado di garantire un&#8217;esperienza di svapo piacevole e rilassante. Grazie alla sua composizione di prima scelta e alla presenza di CBD, questo liquido rappresenta un&#8217;ottima scelta per chi cerca un prodotto in grado di apportare benefici per il benessere dell&#8217;organismo, senza rinunciare al gusto e all&#8217;aroma dei liquidi per sigarette elettroniche pi\u00f9 apprezzati.<\/p>\n<p>Se vuoi provare altre opzioni di vaporizzazione, ti consigliamo di provare <a href=\"https:\/\/swissherboriginal.com\/hr\/ducan\/pusacke-stvari\/vaporizzatori\/vaporizzatore-cbd-starter-kit-lemon-tree-happease\/\">il Vaporizzatore CBD Starter Kit della Happease<\/a>, disponibile in diversi aromi. All&#8217;interno di ogni kit troverai una cartuccia all&#8217;85% di CBD, una batteria e un caricatore.<\/p>\n<p>Nella categoria \u201c<a href=\"https:\/\/swissherboriginal.com\/hr\/kategorija-proizvoda-2\/legalna-konoplja-s-cbd-om\/\">Legalna konoplja s CBD-om<\/a>\u201c, e subcategoria \u201c<a href=\"https:\/\/swissherboriginal.com\/hr\/kategorija-proizvoda-2\/legalna-konoplja-s-cbd-om\/estratti-cbd\/\">CBD ekstrakti<\/a>\u201c, potrai trovare anche altri gusti di CBD E-liquidi. Scegli tra gusti come: <a href=\"https:\/\/swissherboriginal.com\/hr\/ducan\/legalna-konoplja-s-cbd-om\/estratti-cbd\/cbd-e-liquid-baked-custard-harmony\/\">Baked Custard<\/a>, <a href=\"https:\/\/swissherboriginal.com\/hr\/ducan\/legalna-konoplja-s-cbd-om\/estratti-cbd\/cbd-e-liquid-original-hemp-harmony\/\">Original Hemp<\/a> o\u00a0<a href=\"https:\/\/swissherboriginal.com\/hr\/ducan\/legalna-konoplja-s-cbd-om\/estratti-cbd\/cbd-e-liquid-mango-kush-harmony\/\">Mango Kush<\/a>. Per un ulteriore potenziamento del CBD, aggiungi <a href=\"https:\/\/swissherboriginal.com\/hr\/ducan\/legalna-konoplja-s-cbd-om\/estratti-cbd\/e-liquid-pure-base-pg-cbd-premix-harmony\/\">Pure Base PG+CBD Premix<\/a> al tuo e-liquid.<\/p>","protected":false},"excerpt":{"rendered":"<ul>\n<li>Liquido per sigaretta elettronica<\/li>\n<li>Disponibile in diverse concentrazioni<\/li>\n<li>10 ml<\/li>\n<li>Visoka kvaliteta<\/li>\n<li>Gusto limone<\/li>\n<\/ul>","protected":false},"featured_media":3366,"comment_status":"open","ping_status":"closed","template":"","meta":[],"product_brand":[],"product_cat":[256,257],"product_tag":[218,217,307,306,303,193,336,166,186,405,694],"class_list":{"0":"post-1236","1":"product","2":"type-product","3":"status-publish","4":"has-post-thumbnail","6":"product_cat-cbd-canapa-legale","7":"product_cat-estratti-cbd","8":"product_tag-canapa-antistress","9":"product_tag-canapa-per-dormire","10":"product_tag-cbd-ansiolitico","11":"product_tag-cbd-antidolorifico","12":"product_tag-cbd-per-rilassarsi","13":"product_tag-cbd-sonno","14":"product_tag-estratto-di-canapa","15":"product_tag-harmony","16":"product_tag-liquidi-cbd","17":"product_tag-liquido-per-sigaretta-elettronica","18":"product_tag-liquido-vape","20":"first","21":"instock","22":"sale","23":"shipping-taxable","24":"purchasable","25":"product-type-variable"},"yoast_head":"<!-- This site is optimized with the Yoast SEO Premium plugin v22.0 (Yoast SEO v26.3) - https:\/\/yoast.com\/wordpress\/plugins\/seo\/ -->\n<title>CBD E-liquid Lemon Haze Harmony | Swiss Herb Original<\/title>\n<meta name=\"description\" content=\"Sperimenta il gusto rinfrescante e i benefici del CBD con il E-liquid Lemon Haze della marca Harmony. Rilassati e svapa! Acquista ora!\" \/>\n<meta name=\"robots\" content=\"index, follow, max-snippet:-1, max-image-preview:large, max-video-preview:-1\" \/>\n<link rel=\"canonical\" href=\"https:\/\/swissherboriginal.com\/hr\/ducan\/legalna-konoplja-s-cbd-om\/estratti-cbd\/cbd-e-liquid-lemon-haze-harmony\/\" \/>\n<meta property=\"og:locale\" content=\"hr_HR\" \/>\n<meta property=\"og:type\" content=\"article\" \/>\n<meta property=\"og:title\" content=\"CBD E-liquid Lemon Haze Harmony\" \/>\n<meta property=\"og:description\" content=\"Sperimenta il gusto rinfrescante e i benefici del CBD con il E-liquid Lemon Haze della marca Harmony. Rilassati e svapa! Acquista ora!\" \/>\n<meta property=\"og:url\" content=\"https:\/\/swissherboriginal.com\/hr\/ducan\/legalna-konoplja-s-cbd-om\/estratti-cbd\/cbd-e-liquid-lemon-haze-harmony\/\" \/>\n<meta property=\"og:site_name\" content=\"Swiss Herb Original\" \/>\n<meta property=\"article:publisher\" content=\"https:\/\/www.facebook.com\/swissherboriginale\/\" \/>\n<meta property=\"article:modified_time\" content=\"2026-01-21T12:24:04+00:00\" \/>\n<meta property=\"og:image\" content=\"https:\/\/swissherboriginal.com\/wp-content\/uploads\/2023\/02\/e-liquid-lemon-haze-cbd-harmony-swiss-herb-original.png\" \/>\n\t<meta property=\"og:image:width\" content=\"800\" \/>\n\t<meta property=\"og:image:height\" content=\"800\" \/>\n\t<meta property=\"og:image:type\" content=\"image\/png\" \/>\n<meta name=\"twitter:card\" content=\"summary_large_image\" \/>\n<meta name=\"twitter:image\" content=\"https:\/\/swissherboriginal.com\/wp-content\/uploads\/2023\/02\/e-liquid-lemon-haze-cbd-harmony-swiss-herb-original.png\" \/>\n<meta name=\"twitter:label1\" content=\"Procijenjeno vrijeme \u010ditanja\" \/>\n\t<meta name=\"twitter:data1\" content=\"3 minute\" \/>\n<script type=\"application\/ld+json\" class=\"yoast-schema-graph\">{\"@context\":\"https:\/\/schema.org\",\"@graph\":[{\"@type\":\"WebPage\",\"@id\":\"https:\/\/swissherboriginal.com\/shop\/cbd-canapa-legale\/estratti-cbd\/cbd-e-liquid-lemon-haze-harmony\/\",\"url\":\"https:\/\/swissherboriginal.com\/shop\/cbd-canapa-legale\/estratti-cbd\/cbd-e-liquid-lemon-haze-harmony\/\",\"name\":\"CBD E-liquid Lemon Haze Harmony | Swiss Herb Original\",\"isPartOf\":{\"@id\":\"https:\/\/swissherboriginal.com\/#website\"},\"primaryImageOfPage\":{\"@id\":\"https:\/\/swissherboriginal.com\/shop\/cbd-canapa-legale\/estratti-cbd\/cbd-e-liquid-lemon-haze-harmony\/#primaryimage\"},\"image\":{\"@id\":\"https:\/\/swissherboriginal.com\/shop\/cbd-canapa-legale\/estratti-cbd\/cbd-e-liquid-lemon-haze-harmony\/#primaryimage\"},\"thumbnailUrl\":\"https:\/\/swissherboriginal.com\/wp-content\/uploads\/2023\/02\/e-liquid-lemon-haze-cbd-harmony-swiss-herb-original.png\",\"datePublished\":\"2023-02-21T09:06:33+00:00\",\"dateModified\":\"2026-01-21T12:24:04+00:00\",\"description\":\"Sperimenta il gusto rinfrescante e i benefici del CBD con il E-liquid Lemon Haze della marca Harmony. Rilassati e svapa! Acquista ora!\",\"breadcrumb\":{\"@id\":\"https:\/\/swissherboriginal.com\/shop\/cbd-canapa-legale\/estratti-cbd\/cbd-e-liquid-lemon-haze-harmony\/#breadcrumb\"},\"inLanguage\":\"hr\",\"potentialAction\":[{\"@type\":\"ReadAction\",\"target\":[\"https:\/\/swissherboriginal.com\/shop\/cbd-canapa-legale\/estratti-cbd\/cbd-e-liquid-lemon-haze-harmony\/\"]}]},{\"@type\":\"ImageObject\",\"inLanguage\":\"hr\",\"@id\":\"https:\/\/swissherboriginal.com\/shop\/cbd-canapa-legale\/estratti-cbd\/cbd-e-liquid-lemon-haze-harmony\/#primaryimage\",\"url\":\"https:\/\/swissherboriginal.com\/wp-content\/uploads\/2023\/02\/e-liquid-lemon-haze-cbd-harmony-swiss-herb-original.png\",\"contentUrl\":\"https:\/\/swissherboriginal.com\/wp-content\/uploads\/2023\/02\/e-liquid-lemon-haze-cbd-harmony-swiss-herb-original.png\",\"width\":800,\"height\":800,\"caption\":\"CBD E-liquid Lemon Haze Harmony\"},{\"@type\":\"BreadcrumbList\",\"@id\":\"https:\/\/swissherboriginal.com\/shop\/cbd-canapa-legale\/estratti-cbd\/cbd-e-liquid-lemon-haze-harmony\/#breadcrumb\",\"itemListElement\":[{\"@type\":\"ListItem\",\"position\":1,\"name\":\"Home\",\"item\":\"https:\/\/swissherboriginal.com\/\"},{\"@type\":\"ListItem\",\"position\":2,\"name\":\"Negozio Swiss Herb Original\",\"item\":\"https:\/\/swissherboriginal.com\/negozio-swiss-herb-original\/\"},{\"@type\":\"ListItem\",\"position\":3,\"name\":\"CBD E-liquid Lemon Haze Harmony\"}]},{\"@type\":\"WebSite\",\"@id\":\"https:\/\/swissherboriginal.com\/#website\",\"url\":\"https:\/\/swissherboriginal.com\/\",\"name\":\"Swiss Herb Original\",\"description\":\"\",\"publisher\":{\"@id\":\"https:\/\/swissherboriginal.com\/#organization\"},\"potentialAction\":[{\"@type\":\"SearchAction\",\"target\":{\"@type\":\"EntryPoint\",\"urlTemplate\":\"https:\/\/swissherboriginal.com\/?s={search_term_string}\"},\"query-input\":{\"@type\":\"PropertyValueSpecification\",\"valueRequired\":true,\"valueName\":\"search_term_string\"}}],\"inLanguage\":\"hr\"},{\"@type\":\"Organization\",\"@id\":\"https:\/\/swissherboriginal.com\/#organization\",\"name\":\"Swiss Herb Original\",\"url\":\"https:\/\/swissherboriginal.com\/\",\"logo\":{\"@type\":\"ImageObject\",\"inLanguage\":\"hr\",\"@id\":\"https:\/\/swissherboriginal.com\/#\/schema\/logo\/image\/\",\"url\":\"https:\/\/swissherboriginal.com\/wp-content\/uploads\/logo-menu-tel-swissherb.png\",\"contentUrl\":\"https:\/\/swissherboriginal.com\/wp-content\/uploads\/logo-menu-tel-swissherb.png\",\"width\":512,\"height\":360,\"caption\":\"Swiss Herb Original\"},\"image\":{\"@id\":\"https:\/\/swissherboriginal.com\/#\/schema\/logo\/image\/\"},\"sameAs\":[\"https:\/\/www.facebook.com\/swissherboriginale\/\",\"https:\/\/www.instagram.com\/swissherb_original\"]}]}<\/script>\n<!-- \/ Yoast SEO Premium plugin. -->","yoast_head_json":{"title":"CBD E-liquid Lemon Haze Harmony | Swiss Herb Original","description":"Sperimenta il gusto rinfrescante e i benefici del CBD con il E-liquid Lemon Haze della marca Harmony. Rilassati e svapa! Acquista ora!","robots":{"index":"index","follow":"follow","max-snippet":"max-snippet:-1","max-image-preview":"max-image-preview:large","max-video-preview":"max-video-preview:-1"},"canonical":"https:\/\/swissherboriginal.com\/hr\/ducan\/legalna-konoplja-s-cbd-om\/estratti-cbd\/cbd-e-liquid-lemon-haze-harmony\/","og_locale":"hr_HR","og_type":"article","og_title":"CBD E-liquid Lemon Haze Harmony","og_description":"Sperimenta il gusto rinfrescante e i benefici del CBD con il E-liquid Lemon Haze della marca Harmony. Rilassati e svapa! Acquista ora!","og_url":"https:\/\/swissherboriginal.com\/hr\/ducan\/legalna-konoplja-s-cbd-om\/estratti-cbd\/cbd-e-liquid-lemon-haze-harmony\/","og_site_name":"Swiss Herb Original","article_publisher":"https:\/\/www.facebook.com\/swissherboriginale\/","article_modified_time":"2026-01-21T12:24:04+00:00","og_image":[{"width":800,"height":800,"url":"https:\/\/swissherboriginal.com\/wp-content\/uploads\/2023\/02\/e-liquid-lemon-haze-cbd-harmony-swiss-herb-original.png","type":"image\/png"}],"twitter_card":"summary_large_image","twitter_image":"https:\/\/swissherboriginal.com\/wp-content\/uploads\/2023\/02\/e-liquid-lemon-haze-cbd-harmony-swiss-herb-original.png","twitter_misc":{"Procijenjeno vrijeme \u010ditanja":"3 minute"},"schema":{"@context":"https:\/\/schema.org","@graph":[{"@type":"WebPage","@id":"https:\/\/swissherboriginal.com\/shop\/cbd-canapa-legale\/estratti-cbd\/cbd-e-liquid-lemon-haze-harmony\/","url":"https:\/\/swissherboriginal.com\/shop\/cbd-canapa-legale\/estratti-cbd\/cbd-e-liquid-lemon-haze-harmony\/","name":"CBD E-liquid Lemon Haze Harmony | Swiss Herb Original","isPartOf":{"@id":"https:\/\/swissherboriginal.com\/#website"},"primaryImageOfPage":{"@id":"https:\/\/swissherboriginal.com\/shop\/cbd-canapa-legale\/estratti-cbd\/cbd-e-liquid-lemon-haze-harmony\/#primaryimage"},"image":{"@id":"https:\/\/swissherboriginal.com\/shop\/cbd-canapa-legale\/estratti-cbd\/cbd-e-liquid-lemon-haze-harmony\/#primaryimage"},"thumbnailUrl":"https:\/\/swissherboriginal.com\/wp-content\/uploads\/2023\/02\/e-liquid-lemon-haze-cbd-harmony-swiss-herb-original.png","datePublished":"2023-02-21T09:06:33+00:00","dateModified":"2026-01-21T12:24:04+00:00","description":"Sperimenta il gusto rinfrescante e i benefici del CBD con il E-liquid Lemon Haze della marca Harmony. Rilassati e svapa! Acquista ora!","breadcrumb":{"@id":"https:\/\/swissherboriginal.com\/shop\/cbd-canapa-legale\/estratti-cbd\/cbd-e-liquid-lemon-haze-harmony\/#breadcrumb"},"inLanguage":"hr","potentialAction":[{"@type":"ReadAction","target":["https:\/\/swissherboriginal.com\/shop\/cbd-canapa-legale\/estratti-cbd\/cbd-e-liquid-lemon-haze-harmony\/"]}]},{"@type":"ImageObject","inLanguage":"hr","@id":"https:\/\/swissherboriginal.com\/shop\/cbd-canapa-legale\/estratti-cbd\/cbd-e-liquid-lemon-haze-harmony\/#primaryimage","url":"https:\/\/swissherboriginal.com\/wp-content\/uploads\/2023\/02\/e-liquid-lemon-haze-cbd-harmony-swiss-herb-original.png","contentUrl":"https:\/\/swissherboriginal.com\/wp-content\/uploads\/2023\/02\/e-liquid-lemon-haze-cbd-harmony-swiss-herb-original.png","width":800,"height":800,"caption":"CBD E-liquid Lemon Haze Harmony"},{"@type":"BreadcrumbList","@id":"https:\/\/swissherboriginal.com\/shop\/cbd-canapa-legale\/estratti-cbd\/cbd-e-liquid-lemon-haze-harmony\/#breadcrumb","itemListElement":[{"@type":"ListItem","position":1,"name":"Home","item":"https:\/\/swissherboriginal.com\/"},{"@type":"ListItem","position":2,"name":"Negozio Swiss Herb Original","item":"https:\/\/swissherboriginal.com\/negozio-swiss-herb-original\/"},{"@type":"ListItem","position":3,"name":"CBD E-liquid Lemon Haze Harmony"}]},{"@type":"WebSite","@id":"https:\/\/swissherboriginal.com\/#website","url":"https:\/\/swissherboriginal.com\/","name":"Originalno \u0161vicarsko bilje","description":"","publisher":{"@id":"https:\/\/swissherboriginal.com\/#organization"},"potentialAction":[{"@type":"SearchAction","target":{"@type":"EntryPoint","urlTemplate":"https:\/\/swissherboriginal.com\/?s={search_term_string}"},"query-input":{"@type":"PropertyValueSpecification","valueRequired":true,"valueName":"search_term_string"}}],"inLanguage":"hr"},{"@type":"Organization","@id":"https:\/\/swissherboriginal.com\/#organization","name":"Originalno \u0161vicarsko bilje","url":"https:\/\/swissherboriginal.com\/","logo":{"@type":"ImageObject","inLanguage":"hr","@id":"https:\/\/swissherboriginal.com\/#\/schema\/logo\/image\/","url":"https:\/\/swissherboriginal.com\/wp-content\/uploads\/logo-menu-tel-swissherb.png","contentUrl":"https:\/\/swissherboriginal.com\/wp-content\/uploads\/logo-menu-tel-swissherb.png","width":512,"height":360,"caption":"Swiss Herb Original"},"image":{"@id":"https:\/\/swissherboriginal.com\/#\/schema\/logo\/image\/"},"sameAs":["https:\/\/www.facebook.com\/swissherboriginale\/","https:\/\/www.instagram.com\/swissherb_original"]}]}},"_links":{"self":[{"href":"https:\/\/swissherboriginal.com\/hr\/wp-json\/wp\/v2\/product\/1236","targetHints":{"allow":["GET"]}}],"collection":[{"href":"https:\/\/swissherboriginal.com\/hr\/wp-json\/wp\/v2\/product"}],"about":[{"href":"https:\/\/swissherboriginal.com\/hr\/wp-json\/wp\/v2\/types\/product"}],"replies":[{"embeddable":true,"href":"https:\/\/swissherboriginal.com\/hr\/wp-json\/wp\/v2\/comments?post=1236"}],"wp:featuredmedia":[{"embeddable":true,"href":"https:\/\/swissherboriginal.com\/hr\/wp-json\/wp\/v2\/media\/3366"}],"wp:attachment":[{"href":"https:\/\/swissherboriginal.com\/hr\/wp-json\/wp\/v2\/media?parent=1236"}],"wp:term":[{"taxonomy":"product_brand","embeddable":true,"href":"https:\/\/swissherboriginal.com\/hr\/wp-json\/wp\/v2\/product_brand?post=1236"},{"taxonomy":"product_cat","embeddable":true,"href":"https:\/\/swissherboriginal.com\/hr\/wp-json\/wp\/v2\/product_cat?post=1236"},{"taxonomy":"product_tag","embeddable":true,"href":"https:\/\/swissherboriginal.com\/hr\/wp-json\/wp\/v2\/product_tag?post=1236"}],"curies":[{"name":"wp","href":"https:\/\/api.w.org\/{rel}","templated":true}]}}