{"id":1241,"date":"2023-02-21T09:29:27","date_gmt":"2023-02-21T09:29:27","guid":{"rendered":"https:\/\/swissherboriginal.com\/?post_type=product&#038;p=1241"},"modified":"2026-02-14T20:45:07","modified_gmt":"2026-02-14T20:45:07","slug":"cbd-e-liquid-mango-kush-harmony","status":"publish","type":"product","link":"https:\/\/swissherboriginal.com\/hr\/ducan\/legalna-konoplja-s-cbd-om\/estratti-cbd\/cbd-e-liquid-mango-kush-harmony\/","title":{"rendered":"CBD e-teku\u0107ina Mango Kush Harmony"},"content":{"rendered":"<h2>CBD e-teku\u0107ina Mango Kush Harmony<\/h2>\n<p>Il CBD E-liquid Mango Kush della marca Harmony \u00e8 un mix di sapori intensi e aromi fruttati che garantiscono una esperienza gustativa unica e appagante. Questo liquido \u00e8 disponibile in diverse concentrazioni di CBD, dal 30mg al 1000mg, per soddisfare le esigenze di ogni tipo di cliente.<\/p>\n<p>Il gusto esotico del Mango Kush CBD richiama i sensi e soddisfa le voglie pi\u00f9 selvagge. Il liquido \u00e8 perfetto per gli amanti del fruttato e per coloro che amano sperimentare sapori rari ed esotici. Il Mango Kush CBD \u00e8 una miscela di mango maturo e di una variet\u00e0 di erba che crea una sinfonia sensoriale deliziosa.<\/p>\n<p>Il Mango Kush CBD contiene ingredienti naturali al 100%, completamente privi di pesticidi e OGM, ed \u00e8 stato testato in laboratorio per garantire una purezza totale e una qualit\u00e0 indiscussa. L&#8217;e-liquid \u00e8 una delle migliori scelte nel panorama del CBD per la sua alta qualit\u00e0 e per la sua forza.<\/p>\n<p>La tecnologia avanzata utilizzata dalla Harmony assicura che la formula del Mango Kush CBD sia costante e uniforme in tutte le concentrazioni disponibili. Ci\u00f2 garantisce una resa costante e una esperienza di vaping sempre soddisfacente.<\/p>\n<p>In conclusione, il CBD E-liquid Mango Kush della marca Harmony \u00e8 una miscela deliziosa e di alta qualit\u00e0, ideale per coloro che cercano una esperienza di vaping fruttata e intensa. Questo liquido \u00e8 perfetto per gli amanti del fruttato e per coloro che vogliono sperimentare sapori rari ed esotici, ma anche per chi cerca una soluzione naturale e efficace per il trattamento di diverse patologie. La sua qualit\u00e0, la sua purezza e la sua uniformit\u00e0 lo rendono una delle migliori scelte nel mondo del CBD.<\/p>\n<p>Se ci\u00f2 che cercate \u00e8 un&#8217;esperienza di vaporizzazione del CBD facile e veloce, vi consigliamo di provare anche <a href=\"https:\/\/swissherboriginal.com\/hr\/ducan\/pusacke-stvari\/vaporizzatori\/vaporizzatore-cbd-starter-kit-strawberry-field-happease\/\">gli Starter Kit della Happease<\/a>. All&#8217;interno di ogni kit troverete una cartuccia, una batteria ed un caricatore.<\/p>\n<p>Nella categoria \u201c<a href=\"https:\/\/swissherboriginal.com\/hr\/kategorija-proizvoda-2\/legalna-konoplja-s-cbd-om\/\">Legalna konoplja s CBD-om<\/a>\u201c, e subcategoria \u201c<a href=\"https:\/\/swissherboriginal.com\/hr\/kategorija-proizvoda-2\/legalna-konoplja-s-cbd-om\/estratti-cbd\/\">CBD ekstrakti<\/a>\u201c, potrai trovare anche altri gusti di CBD E-liquidi come: <a href=\"https:\/\/swissherboriginal.com\/hr\/ducan\/legalna-konoplja-s-cbd-om\/estratti-cbd\/cbd-e-liquid-wild-strawberry-harmony\/\">Wild Strawberry<\/a>, <a href=\"https:\/\/swissherboriginal.com\/hr\/ducan\/legalna-konoplja-s-cbd-om\/estratti-cbd\/cbd-e-liquid-moroccan-mint-harmony\/\">Moroccan Mint<\/a>, <a href=\"https:\/\/swissherboriginal.com\/hr\/ducan\/legalna-konoplja-s-cbd-om\/estratti-cbd\/cbd-e-liquid-lemon-haze-harmony\/\">Lemon Haze<\/a> o <a href=\"https:\/\/swissherboriginal.com\/hr\/ducan\/legalna-konoplja-s-cbd-om\/estratti-cbd\/cbd-e-liquid-baked-custard-harmony\/\">Baked Custard<\/a>.<\/p>","protected":false},"excerpt":{"rendered":"<div data-v-eec133a3=\"\">\n<div data-v-eec133a3=\"\">\n<ul>\n<li>Liquido per sigaretta elettronica<\/li>\n<li>Disponibile in diverse concentrazioni<\/li>\n<li>Visoka kvaliteta<\/li>\n<li>10 ml<\/li>\n<li>Gusto mango<\/li>\n<\/ul>\n<\/div>\n<\/div>","protected":false},"featured_media":3358,"comment_status":"open","ping_status":"closed","template":"","meta":[],"product_brand":[],"product_cat":[256,257],"product_tag":[218,306,303,336,166,186,405,694],"class_list":{"0":"post-1241","1":"product","2":"type-product","3":"status-publish","4":"has-post-thumbnail","6":"product_cat-cbd-canapa-legale","7":"product_cat-estratti-cbd","8":"product_tag-canapa-antistress","9":"product_tag-cbd-antidolorifico","10":"product_tag-cbd-per-rilassarsi","11":"product_tag-estratto-di-canapa","12":"product_tag-harmony","13":"product_tag-liquidi-cbd","14":"product_tag-liquido-per-sigaretta-elettronica","15":"product_tag-liquido-vape","17":"first","18":"instock","19":"sale","20":"shipping-taxable","21":"purchasable","22":"product-type-variable"},"yoast_head":"<!-- This site is optimized with the Yoast SEO Premium plugin v22.0 (Yoast SEO v26.3) - https:\/\/yoast.com\/wordpress\/plugins\/seo\/ -->\n<title>CBD E-liquid Mango Kush Harmony | Swiss Herb Original<\/title>\n<meta name=\"description\" content=\"Il CBD E-liquid Mango Kush della marca Harmony \u00e8 un mix di sapori intensi e aromi fruttati che garantiscono una esperienza gustativa unica. Provalo oggi!\" \/>\n<meta name=\"robots\" content=\"index, follow, max-snippet:-1, max-image-preview:large, max-video-preview:-1\" \/>\n<link rel=\"canonical\" href=\"https:\/\/swissherboriginal.com\/hr\/ducan\/legalna-konoplja-s-cbd-om\/estratti-cbd\/cbd-e-liquid-mango-kush-harmony\/\" \/>\n<meta property=\"og:locale\" content=\"hr_HR\" \/>\n<meta property=\"og:type\" content=\"article\" \/>\n<meta property=\"og:title\" content=\"CBD E-liquid Mango Kush Harmony\" \/>\n<meta property=\"og:description\" content=\"Il CBD E-liquid Mango Kush della marca Harmony \u00e8 un mix di sapori intensi e aromi fruttati che garantiscono una esperienza gustativa unica. Provalo oggi!\" \/>\n<meta property=\"og:url\" content=\"https:\/\/swissherboriginal.com\/hr\/ducan\/legalna-konoplja-s-cbd-om\/estratti-cbd\/cbd-e-liquid-mango-kush-harmony\/\" \/>\n<meta property=\"og:site_name\" content=\"Swiss Herb Original\" \/>\n<meta property=\"article:publisher\" content=\"https:\/\/www.facebook.com\/swissherboriginale\/\" \/>\n<meta property=\"article:modified_time\" content=\"2026-02-14T20:45:07+00:00\" \/>\n<meta property=\"og:image\" content=\"https:\/\/swissherboriginal.com\/wp-content\/uploads\/2023\/02\/e-liquid-mango-kush-cbd-harmony-swiss-herb-original.png\" \/>\n\t<meta property=\"og:image:width\" content=\"800\" \/>\n\t<meta property=\"og:image:height\" content=\"800\" \/>\n\t<meta property=\"og:image:type\" content=\"image\/png\" \/>\n<meta name=\"twitter:card\" content=\"summary_large_image\" \/>\n<meta name=\"twitter:image\" content=\"https:\/\/swissherboriginal.com\/wp-content\/uploads\/2023\/02\/e-liquid-mango-kush-cbd-harmony-swiss-herb-original.png\" \/>\n<meta name=\"twitter:label1\" content=\"Procijenjeno vrijeme \u010ditanja\" \/>\n\t<meta name=\"twitter:data1\" content=\"3 minute\" \/>\n<script type=\"application\/ld+json\" class=\"yoast-schema-graph\">{\"@context\":\"https:\/\/schema.org\",\"@graph\":[{\"@type\":\"WebPage\",\"@id\":\"https:\/\/swissherboriginal.com\/shop\/cbd-canapa-legale\/estratti-cbd\/cbd-e-liquid-mango-kush-harmony\/\",\"url\":\"https:\/\/swissherboriginal.com\/shop\/cbd-canapa-legale\/estratti-cbd\/cbd-e-liquid-mango-kush-harmony\/\",\"name\":\"CBD E-liquid Mango Kush Harmony | Swiss Herb Original\",\"isPartOf\":{\"@id\":\"https:\/\/swissherboriginal.com\/#website\"},\"primaryImageOfPage\":{\"@id\":\"https:\/\/swissherboriginal.com\/shop\/cbd-canapa-legale\/estratti-cbd\/cbd-e-liquid-mango-kush-harmony\/#primaryimage\"},\"image\":{\"@id\":\"https:\/\/swissherboriginal.com\/shop\/cbd-canapa-legale\/estratti-cbd\/cbd-e-liquid-mango-kush-harmony\/#primaryimage\"},\"thumbnailUrl\":\"https:\/\/swissherboriginal.com\/wp-content\/uploads\/2023\/02\/e-liquid-mango-kush-cbd-harmony-swiss-herb-original.png\",\"datePublished\":\"2023-02-21T09:29:27+00:00\",\"dateModified\":\"2026-02-14T20:45:07+00:00\",\"description\":\"Il CBD E-liquid Mango Kush della marca Harmony \u00e8 un mix di sapori intensi e aromi fruttati che garantiscono una esperienza gustativa unica. Provalo oggi!\",\"breadcrumb\":{\"@id\":\"https:\/\/swissherboriginal.com\/shop\/cbd-canapa-legale\/estratti-cbd\/cbd-e-liquid-mango-kush-harmony\/#breadcrumb\"},\"inLanguage\":\"hr\",\"potentialAction\":[{\"@type\":\"ReadAction\",\"target\":[\"https:\/\/swissherboriginal.com\/shop\/cbd-canapa-legale\/estratti-cbd\/cbd-e-liquid-mango-kush-harmony\/\"]}]},{\"@type\":\"ImageObject\",\"inLanguage\":\"hr\",\"@id\":\"https:\/\/swissherboriginal.com\/shop\/cbd-canapa-legale\/estratti-cbd\/cbd-e-liquid-mango-kush-harmony\/#primaryimage\",\"url\":\"https:\/\/swissherboriginal.com\/wp-content\/uploads\/2023\/02\/e-liquid-mango-kush-cbd-harmony-swiss-herb-original.png\",\"contentUrl\":\"https:\/\/swissherboriginal.com\/wp-content\/uploads\/2023\/02\/e-liquid-mango-kush-cbd-harmony-swiss-herb-original.png\",\"width\":800,\"height\":800,\"caption\":\"CBD E-liquid Mango Kush Harmony\"},{\"@type\":\"BreadcrumbList\",\"@id\":\"https:\/\/swissherboriginal.com\/shop\/cbd-canapa-legale\/estratti-cbd\/cbd-e-liquid-mango-kush-harmony\/#breadcrumb\",\"itemListElement\":[{\"@type\":\"ListItem\",\"position\":1,\"name\":\"Home\",\"item\":\"https:\/\/swissherboriginal.com\/\"},{\"@type\":\"ListItem\",\"position\":2,\"name\":\"Negozio Swiss Herb Original\",\"item\":\"https:\/\/swissherboriginal.com\/negozio-swiss-herb-original\/\"},{\"@type\":\"ListItem\",\"position\":3,\"name\":\"CBD E-liquid Mango Kush Harmony\"}]},{\"@type\":\"WebSite\",\"@id\":\"https:\/\/swissherboriginal.com\/#website\",\"url\":\"https:\/\/swissherboriginal.com\/\",\"name\":\"Swiss Herb Original\",\"description\":\"\",\"publisher\":{\"@id\":\"https:\/\/swissherboriginal.com\/#organization\"},\"potentialAction\":[{\"@type\":\"SearchAction\",\"target\":{\"@type\":\"EntryPoint\",\"urlTemplate\":\"https:\/\/swissherboriginal.com\/?s={search_term_string}\"},\"query-input\":{\"@type\":\"PropertyValueSpecification\",\"valueRequired\":true,\"valueName\":\"search_term_string\"}}],\"inLanguage\":\"hr\"},{\"@type\":\"Organization\",\"@id\":\"https:\/\/swissherboriginal.com\/#organization\",\"name\":\"Swiss Herb Original\",\"url\":\"https:\/\/swissherboriginal.com\/\",\"logo\":{\"@type\":\"ImageObject\",\"inLanguage\":\"hr\",\"@id\":\"https:\/\/swissherboriginal.com\/#\/schema\/logo\/image\/\",\"url\":\"https:\/\/swissherboriginal.com\/wp-content\/uploads\/logo-menu-tel-swissherb.png\",\"contentUrl\":\"https:\/\/swissherboriginal.com\/wp-content\/uploads\/logo-menu-tel-swissherb.png\",\"width\":512,\"height\":360,\"caption\":\"Swiss Herb Original\"},\"image\":{\"@id\":\"https:\/\/swissherboriginal.com\/#\/schema\/logo\/image\/\"},\"sameAs\":[\"https:\/\/www.facebook.com\/swissherboriginale\/\",\"https:\/\/www.instagram.com\/swissherb_original\"]}]}<\/script>\n<!-- \/ Yoast SEO Premium plugin. -->","yoast_head_json":{"title":"CBD E-liquid Mango Kush Harmony | Swiss Herb Original","description":"Il CBD E-liquid Mango Kush della marca Harmony \u00e8 un mix di sapori intensi e aromi fruttati che garantiscono una esperienza gustativa unica. Provalo oggi!","robots":{"index":"index","follow":"follow","max-snippet":"max-snippet:-1","max-image-preview":"max-image-preview:large","max-video-preview":"max-video-preview:-1"},"canonical":"https:\/\/swissherboriginal.com\/hr\/ducan\/legalna-konoplja-s-cbd-om\/estratti-cbd\/cbd-e-liquid-mango-kush-harmony\/","og_locale":"hr_HR","og_type":"article","og_title":"CBD E-liquid Mango Kush Harmony","og_description":"Il CBD E-liquid Mango Kush della marca Harmony \u00e8 un mix di sapori intensi e aromi fruttati che garantiscono una esperienza gustativa unica. Provalo oggi!","og_url":"https:\/\/swissherboriginal.com\/hr\/ducan\/legalna-konoplja-s-cbd-om\/estratti-cbd\/cbd-e-liquid-mango-kush-harmony\/","og_site_name":"Swiss Herb Original","article_publisher":"https:\/\/www.facebook.com\/swissherboriginale\/","article_modified_time":"2026-02-14T20:45:07+00:00","og_image":[{"width":800,"height":800,"url":"https:\/\/swissherboriginal.com\/wp-content\/uploads\/2023\/02\/e-liquid-mango-kush-cbd-harmony-swiss-herb-original.png","type":"image\/png"}],"twitter_card":"summary_large_image","twitter_image":"https:\/\/swissherboriginal.com\/wp-content\/uploads\/2023\/02\/e-liquid-mango-kush-cbd-harmony-swiss-herb-original.png","twitter_misc":{"Procijenjeno vrijeme \u010ditanja":"3 minute"},"schema":{"@context":"https:\/\/schema.org","@graph":[{"@type":"WebPage","@id":"https:\/\/swissherboriginal.com\/shop\/cbd-canapa-legale\/estratti-cbd\/cbd-e-liquid-mango-kush-harmony\/","url":"https:\/\/swissherboriginal.com\/shop\/cbd-canapa-legale\/estratti-cbd\/cbd-e-liquid-mango-kush-harmony\/","name":"CBD E-liquid Mango Kush Harmony | Swiss Herb Original","isPartOf":{"@id":"https:\/\/swissherboriginal.com\/#website"},"primaryImageOfPage":{"@id":"https:\/\/swissherboriginal.com\/shop\/cbd-canapa-legale\/estratti-cbd\/cbd-e-liquid-mango-kush-harmony\/#primaryimage"},"image":{"@id":"https:\/\/swissherboriginal.com\/shop\/cbd-canapa-legale\/estratti-cbd\/cbd-e-liquid-mango-kush-harmony\/#primaryimage"},"thumbnailUrl":"https:\/\/swissherboriginal.com\/wp-content\/uploads\/2023\/02\/e-liquid-mango-kush-cbd-harmony-swiss-herb-original.png","datePublished":"2023-02-21T09:29:27+00:00","dateModified":"2026-02-14T20:45:07+00:00","description":"Il CBD E-liquid Mango Kush della marca Harmony \u00e8 un mix di sapori intensi e aromi fruttati che garantiscono una esperienza gustativa unica. Provalo oggi!","breadcrumb":{"@id":"https:\/\/swissherboriginal.com\/shop\/cbd-canapa-legale\/estratti-cbd\/cbd-e-liquid-mango-kush-harmony\/#breadcrumb"},"inLanguage":"hr","potentialAction":[{"@type":"ReadAction","target":["https:\/\/swissherboriginal.com\/shop\/cbd-canapa-legale\/estratti-cbd\/cbd-e-liquid-mango-kush-harmony\/"]}]},{"@type":"ImageObject","inLanguage":"hr","@id":"https:\/\/swissherboriginal.com\/shop\/cbd-canapa-legale\/estratti-cbd\/cbd-e-liquid-mango-kush-harmony\/#primaryimage","url":"https:\/\/swissherboriginal.com\/wp-content\/uploads\/2023\/02\/e-liquid-mango-kush-cbd-harmony-swiss-herb-original.png","contentUrl":"https:\/\/swissherboriginal.com\/wp-content\/uploads\/2023\/02\/e-liquid-mango-kush-cbd-harmony-swiss-herb-original.png","width":800,"height":800,"caption":"CBD E-liquid Mango Kush Harmony"},{"@type":"BreadcrumbList","@id":"https:\/\/swissherboriginal.com\/shop\/cbd-canapa-legale\/estratti-cbd\/cbd-e-liquid-mango-kush-harmony\/#breadcrumb","itemListElement":[{"@type":"ListItem","position":1,"name":"Home","item":"https:\/\/swissherboriginal.com\/"},{"@type":"ListItem","position":2,"name":"Negozio Swiss Herb Original","item":"https:\/\/swissherboriginal.com\/negozio-swiss-herb-original\/"},{"@type":"ListItem","position":3,"name":"CBD E-liquid Mango Kush Harmony"}]},{"@type":"WebSite","@id":"https:\/\/swissherboriginal.com\/#website","url":"https:\/\/swissherboriginal.com\/","name":"Originalno \u0161vicarsko bilje","description":"","publisher":{"@id":"https:\/\/swissherboriginal.com\/#organization"},"potentialAction":[{"@type":"SearchAction","target":{"@type":"EntryPoint","urlTemplate":"https:\/\/swissherboriginal.com\/?s={search_term_string}"},"query-input":{"@type":"PropertyValueSpecification","valueRequired":true,"valueName":"search_term_string"}}],"inLanguage":"hr"},{"@type":"Organization","@id":"https:\/\/swissherboriginal.com\/#organization","name":"Originalno \u0161vicarsko bilje","url":"https:\/\/swissherboriginal.com\/","logo":{"@type":"ImageObject","inLanguage":"hr","@id":"https:\/\/swissherboriginal.com\/#\/schema\/logo\/image\/","url":"https:\/\/swissherboriginal.com\/wp-content\/uploads\/logo-menu-tel-swissherb.png","contentUrl":"https:\/\/swissherboriginal.com\/wp-content\/uploads\/logo-menu-tel-swissherb.png","width":512,"height":360,"caption":"Swiss Herb Original"},"image":{"@id":"https:\/\/swissherboriginal.com\/#\/schema\/logo\/image\/"},"sameAs":["https:\/\/www.facebook.com\/swissherboriginale\/","https:\/\/www.instagram.com\/swissherb_original"]}]}},"_links":{"self":[{"href":"https:\/\/swissherboriginal.com\/hr\/wp-json\/wp\/v2\/product\/1241","targetHints":{"allow":["GET"]}}],"collection":[{"href":"https:\/\/swissherboriginal.com\/hr\/wp-json\/wp\/v2\/product"}],"about":[{"href":"https:\/\/swissherboriginal.com\/hr\/wp-json\/wp\/v2\/types\/product"}],"replies":[{"embeddable":true,"href":"https:\/\/swissherboriginal.com\/hr\/wp-json\/wp\/v2\/comments?post=1241"}],"wp:featuredmedia":[{"embeddable":true,"href":"https:\/\/swissherboriginal.com\/hr\/wp-json\/wp\/v2\/media\/3358"}],"wp:attachment":[{"href":"https:\/\/swissherboriginal.com\/hr\/wp-json\/wp\/v2\/media?parent=1241"}],"wp:term":[{"taxonomy":"product_brand","embeddable":true,"href":"https:\/\/swissherboriginal.com\/hr\/wp-json\/wp\/v2\/product_brand?post=1241"},{"taxonomy":"product_cat","embeddable":true,"href":"https:\/\/swissherboriginal.com\/hr\/wp-json\/wp\/v2\/product_cat?post=1241"},{"taxonomy":"product_tag","embeddable":true,"href":"https:\/\/swissherboriginal.com\/hr\/wp-json\/wp\/v2\/product_tag?post=1241"}],"curies":[{"name":"wp","href":"https:\/\/api.w.org\/{rel}","templated":true}]}}