{"id":1297,"date":"2023-03-06T10:38:19","date_gmt":"2023-03-06T10:38:19","guid":{"rendered":"https:\/\/swissherboriginal.com\/?post_type=product&#038;p=1297"},"modified":"2025-04-16T11:43:16","modified_gmt":"2025-04-16T11:43:16","slug":"hazelnut-cbd","status":"publish","type":"product","link":"https:\/\/swissherboriginal.com\/hr\/ducan\/legalna-konoplja-s-cbd-om\/cbd-cvijet\/hazelnut-cbd\/","title":{"rendered":"CBD od lje\u0161njaka"},"content":{"rendered":"<h2>CBD od lje\u0161njaka<\/h2>\n<p>La variet\u00e0 di CBD Hazelnut \u00e8 una variet\u00e0 dall&#8217;odore distinto. Il profilo terpenico di Hazelnut conferisce note dolci, noce e agrumate, delicate e morbide.<\/p>\n<h3>Genetika<\/h3>\n<p>La variet\u00e0 di CBD Hazelnut \u00e8 un ibrido con una predominanza Sativa (Sativa 75%, 25% indica) ed \u00e8 stata creata attraverso l&#8217;incrocio della celebre strain OG Kush con l&#8217;Haze. Questo ibrido ha ereditato le migliori qualit\u00e0 della sua genetica.<\/p>\n<h3>Uzgoj<\/h3>\n<p>La variet\u00e0 di cannabis Hazelnut \u00e8 coltivata in Svizzera con tecniche avanzate, utilizzando una serra con luci LED di alta qualit\u00e0 per garantire una crescita sana e vigorosa. Gli agricoltori utilizzano nutrienti organici e minerali per garantire una resa eccellente e un aroma irresistibile. La pianta fiorisce per circa 10-11 settimane e produce cime dense e resinose ricche di CBD. Questa variet\u00e0 \u00e8 ideale per chi cerca un prodotto di alta qualit\u00e0, con un aroma intenso e un effetto rilassante. La variet\u00e0 produce densi fiori resinosi che possono variare dal verde brillante al viola scuro.<\/p>\n<h3>Su\u0161enje<\/h3>\n<p>Pupoljci se re\u017eu rano ujutro s prvim zrakama sunca, \u010diste od velikih listova i stavljaju u na\u0161e skladi\u0161te na su\u0161enje. Prva dva dana prostor se dobro prozra\u010duje i odr\u017eava na 30\u00b0C vla\u017enosti kako bi se sprije\u010dio rast plijesni i drugih patogena. Nakon 48 sati ventilacija se smanjuje na minimum, a vla\u017enost se odr\u017eava na 30\u00b0C tijekom 7-14 dana dok proizvod ne dosegne 30\u00b0C, kada je proizvod spreman za po\u010detak procesa su\u0161enja.<\/p>\n<h3>Lije\u010denje<\/h3>\n<p>Su\u0161enje je najva\u017eniji korak u osiguravanju savr\u0161ene arome. Nakon su\u0161enja, cvijet se treba malo &quot;odmoriti&quot; kako bi razvio svoje terpene i arome. Proces su\u0161enja je vrlo jednostavan i uklju\u010duje ostavljanje pupova da se odmaraju 1 do 4 tjedna nakon su\u0161enja. Obi\u010dno se nakon 2-3 tjedna su\u0161enja miris legalne konoplje mijenja u sla\u0111i, medni, a aroma dose\u017ee vrhunac. U ovom trenutku proizvod je spreman za pakiranje u na\u0161e hermeti\u010dki zatvorene posude.<\/p>\n<p>In sintesi, la variet\u00e0 Hazelnut \u00e8 una pianta di cannabis con una genetica unica che offre un profilo aromatico complesso. Questa variet\u00e0 offre ai consumatori un&#8217;esperienza saporita combinando le migliori propriet\u00e0 delle sue gene OG Kush e Haze. Hazelnut \u00e8 ideale per le persone che vogliono un effetto potente ma stimolante che migliora la loro creativit\u00e0 e l&#8217;energia mentale.<\/p>\n<p>Pogledajte i na\u0161e ostale <a href=\"https:\/\/swissherboriginal.com\/hr\/kategorija-proizvoda-2\/legalna-konoplja-s-cbd-om\/cbd-cvijet\/\">CBD cvije\u0107e<\/a> kao <a href=\"https:\/\/swissherboriginal.com\/hr\/ducan\/legalna-konoplja-s-cbd-om\/cbd-cvijet\/super-limunska-maglica-cbd\/\">Super limunska maglica CBD<\/a> e <a href=\"https:\/\/swissherboriginal.com\/hr\/ducan\/legalna-konoplja-s-cbd-om\/cbd-cvijet\/harlequin-cbd\/\">Harlequin CBD<\/a> a tako\u0111er i na druge proizvode od <a href=\"https:\/\/swissherboriginal.com\/hr\/kategorija-proizvoda-2\/legalna-konoplja-s-cbd-om\/\">Legalna konoplja s CBD-om<\/a> kao <a href=\"https:\/\/swissherboriginal.com\/hr\/kategorija-proizvoda-2\/legalna-konoplja-s-cbd-om\/estratti-cbd\/\">CBD ekstrakti<\/a>.<\/p>\n<p><strong>Pa\u017enja<\/strong>Kolekcionarski proizvod bez psihoaktivnog u\u010dinka, THC manji od 0,5%. Ne odvajajte sadr\u017eaj od pakiranja i dr\u017eite sigurnosni pe\u010dat netaknut. \u010cuvati izvan dohvata djece, ne gutati. Prodaja maloljetnicima mla\u0111ima od 18 godina je zabranjena. Ovaj proizvod nije namijenjen za prehrambene, medicinske ili spaljivanja. Budu\u0107i da nije opojna tvar, Predsjedni\u010dka uredba 309\/90 ne odnosi se na proizvod. Proizvo\u0111a\u010d i distributer odbacuju svaku odgovornost za nepravilnu upotrebu.<\/p>","protected":false},"excerpt":{"rendered":"<ul>\n<li>SATIVA: 75% INDICA: 25% RUDELARIS: 0%<\/li>\n<li>CBD: &lt;18%+ THC: 0,4% CBG: N\/A CBN: N\/A<\/li>\n<li>GENETICA: Hazelnut<\/li>\n<li>AROMA: Il profilo terpenico di Hazelnut conferisce note di noce, dolci e agrumate.<\/li>\n<li>U\u010cINCI: Ubla\u017eavanje boli i stresa.<\/li>\n<li>CVJETANJE: 8-9 tjedana cvjetanja, 350-400 g\/m\u00b2<sup>2<\/sup>. Biljke dose\u017eu visinu od 80 do 120 cm.<\/li>\n<\/ul>","protected":false},"featured_media":25987,"comment_status":"open","ping_status":"closed","template":"","meta":[],"product_brand":[],"product_cat":[256,266],"product_tag":[218,183,415,191,414,306,192,303,699],"class_list":{"0":"post-1297","1":"product","2":"type-product","3":"status-publish","4":"has-post-thumbnail","6":"product_cat-cbd-canapa-legale","7":"product_cat-fiore-cbd","8":"product_tag-canapa-antistress","9":"product_tag-cannabis-greenhouse","10":"product_tag-cannabis-ibrida","11":"product_tag-cannabis-light","12":"product_tag-cannabis-sativa","13":"product_tag-cbd-antidolorifico","14":"product_tag-cbd-energia","15":"product_tag-cbd-per-rilassarsi","16":"product_tag-swiss-herb","18":"first","19":"instock","20":"sale","21":"shipping-taxable","22":"purchasable","23":"product-type-variable"},"yoast_head":"<!-- This site is optimized with the Yoast SEO Premium plugin v22.0 (Yoast SEO v26.3) - https:\/\/yoast.com\/wordpress\/plugins\/seo\/ -->\n<title>Hazelnut CBD | Cannabis Light | Swiss Herb Original<\/title>\n<meta name=\"description\" content=\"Goditi un&#039;esperienza saporita con il profilo aromatico unico di Hazelnut CBD, che offre un effetto potente e stimolante. Acquista ora!\" \/>\n<meta name=\"robots\" content=\"index, follow, max-snippet:-1, max-image-preview:large, max-video-preview:-1\" \/>\n<link rel=\"canonical\" href=\"https:\/\/swissherboriginal.com\/hr\/ducan\/legalna-konoplja-s-cbd-om\/cbd-cvijet\/hazelnut-cbd\/\" \/>\n<meta property=\"og:locale\" content=\"hr_HR\" \/>\n<meta property=\"og:type\" content=\"article\" \/>\n<meta property=\"og:title\" content=\"Hazelnut CBD\" \/>\n<meta property=\"og:description\" content=\"Goditi un&#039;esperienza saporita con il profilo aromatico unico di Hazelnut CBD, che offre un effetto potente e stimolante. Acquista ora!\" \/>\n<meta property=\"og:url\" content=\"https:\/\/swissherboriginal.com\/hr\/ducan\/legalna-konoplja-s-cbd-om\/cbd-cvijet\/hazelnut-cbd\/\" \/>\n<meta property=\"og:site_name\" content=\"Swiss Herb Original\" \/>\n<meta property=\"article:publisher\" content=\"https:\/\/www.facebook.com\/swissherboriginale\/\" \/>\n<meta property=\"article:modified_time\" content=\"2025-04-16T11:43:16+00:00\" \/>\n<meta property=\"og:image\" content=\"https:\/\/swissherboriginal.com\/wp-content\/uploads\/hazelnut-cbd-swiss-herb-original.png\" \/>\n\t<meta property=\"og:image:width\" content=\"800\" \/>\n\t<meta property=\"og:image:height\" content=\"800\" \/>\n\t<meta property=\"og:image:type\" content=\"image\/png\" \/>\n<meta name=\"twitter:card\" content=\"summary_large_image\" \/>\n<meta name=\"twitter:image\" content=\"https:\/\/swissherboriginal.com\/wp-content\/uploads\/hazelnut-cbd-swiss-herb-original.png\" \/>\n<meta name=\"twitter:label1\" content=\"Procijenjeno vrijeme \u010ditanja\" \/>\n\t<meta name=\"twitter:data1\" content=\"3 minute\" \/>\n<script type=\"application\/ld+json\" class=\"yoast-schema-graph\">{\"@context\":\"https:\/\/schema.org\",\"@graph\":[{\"@type\":\"WebPage\",\"@id\":\"https:\/\/swissherboriginal.com\/shop\/cbd-canapa-legale\/fiore-cbd\/hazelnut-cbd\/\",\"url\":\"https:\/\/swissherboriginal.com\/shop\/cbd-canapa-legale\/fiore-cbd\/hazelnut-cbd\/\",\"name\":\"Hazelnut CBD | Cannabis Light | Swiss Herb Original\",\"isPartOf\":{\"@id\":\"https:\/\/swissherboriginal.com\/#website\"},\"primaryImageOfPage\":{\"@id\":\"https:\/\/swissherboriginal.com\/shop\/cbd-canapa-legale\/fiore-cbd\/hazelnut-cbd\/#primaryimage\"},\"image\":{\"@id\":\"https:\/\/swissherboriginal.com\/shop\/cbd-canapa-legale\/fiore-cbd\/hazelnut-cbd\/#primaryimage\"},\"thumbnailUrl\":\"https:\/\/swissherboriginal.com\/wp-content\/uploads\/SWISSHERB_HAZELNUT_CBD_POP_ART.png\",\"datePublished\":\"2023-03-06T10:38:19+00:00\",\"dateModified\":\"2025-04-16T11:43:16+00:00\",\"description\":\"Goditi un'esperienza saporita con il profilo aromatico unico di Hazelnut CBD, che offre un effetto potente e stimolante. Acquista ora!\",\"breadcrumb\":{\"@id\":\"https:\/\/swissherboriginal.com\/shop\/cbd-canapa-legale\/fiore-cbd\/hazelnut-cbd\/#breadcrumb\"},\"inLanguage\":\"hr\",\"potentialAction\":[{\"@type\":\"ReadAction\",\"target\":[\"https:\/\/swissherboriginal.com\/shop\/cbd-canapa-legale\/fiore-cbd\/hazelnut-cbd\/\"]}]},{\"@type\":\"ImageObject\",\"inLanguage\":\"hr\",\"@id\":\"https:\/\/swissherboriginal.com\/shop\/cbd-canapa-legale\/fiore-cbd\/hazelnut-cbd\/#primaryimage\",\"url\":\"https:\/\/swissherboriginal.com\/wp-content\/uploads\/SWISSHERB_HAZELNUT_CBD_POP_ART.png\",\"contentUrl\":\"https:\/\/swissherboriginal.com\/wp-content\/uploads\/SWISSHERB_HAZELNUT_CBD_POP_ART.png\",\"width\":800,\"height\":800},{\"@type\":\"BreadcrumbList\",\"@id\":\"https:\/\/swissherboriginal.com\/shop\/cbd-canapa-legale\/fiore-cbd\/hazelnut-cbd\/#breadcrumb\",\"itemListElement\":[{\"@type\":\"ListItem\",\"position\":1,\"name\":\"Home\",\"item\":\"https:\/\/swissherboriginal.com\/\"},{\"@type\":\"ListItem\",\"position\":2,\"name\":\"Negozio Swiss Herb Original\",\"item\":\"https:\/\/swissherboriginal.com\/negozio-swiss-herb-original\/\"},{\"@type\":\"ListItem\",\"position\":3,\"name\":\"Hazelnut CBD\"}]},{\"@type\":\"WebSite\",\"@id\":\"https:\/\/swissherboriginal.com\/#website\",\"url\":\"https:\/\/swissherboriginal.com\/\",\"name\":\"Swiss Herb Original\",\"description\":\"\",\"publisher\":{\"@id\":\"https:\/\/swissherboriginal.com\/#organization\"},\"potentialAction\":[{\"@type\":\"SearchAction\",\"target\":{\"@type\":\"EntryPoint\",\"urlTemplate\":\"https:\/\/swissherboriginal.com\/?s={search_term_string}\"},\"query-input\":{\"@type\":\"PropertyValueSpecification\",\"valueRequired\":true,\"valueName\":\"search_term_string\"}}],\"inLanguage\":\"hr\"},{\"@type\":\"Organization\",\"@id\":\"https:\/\/swissherboriginal.com\/#organization\",\"name\":\"Swiss Herb Original\",\"url\":\"https:\/\/swissherboriginal.com\/\",\"logo\":{\"@type\":\"ImageObject\",\"inLanguage\":\"hr\",\"@id\":\"https:\/\/swissherboriginal.com\/#\/schema\/logo\/image\/\",\"url\":\"https:\/\/swissherboriginal.com\/wp-content\/uploads\/logo-menu-tel-swissherb.png\",\"contentUrl\":\"https:\/\/swissherboriginal.com\/wp-content\/uploads\/logo-menu-tel-swissherb.png\",\"width\":512,\"height\":360,\"caption\":\"Swiss Herb Original\"},\"image\":{\"@id\":\"https:\/\/swissherboriginal.com\/#\/schema\/logo\/image\/\"},\"sameAs\":[\"https:\/\/www.facebook.com\/swissherboriginale\/\",\"https:\/\/www.instagram.com\/swissherb_original\"]}]}<\/script>\n<!-- \/ Yoast SEO Premium plugin. -->","yoast_head_json":{"title":"Hazelnut CBD | Cannabis Light | Swiss Herb Original","description":"Goditi un'esperienza saporita con il profilo aromatico unico di Hazelnut CBD, che offre un effetto potente e stimolante. Acquista ora!","robots":{"index":"index","follow":"follow","max-snippet":"max-snippet:-1","max-image-preview":"max-image-preview:large","max-video-preview":"max-video-preview:-1"},"canonical":"https:\/\/swissherboriginal.com\/hr\/ducan\/legalna-konoplja-s-cbd-om\/cbd-cvijet\/hazelnut-cbd\/","og_locale":"hr_HR","og_type":"article","og_title":"Hazelnut CBD","og_description":"Goditi un'esperienza saporita con il profilo aromatico unico di Hazelnut CBD, che offre un effetto potente e stimolante. Acquista ora!","og_url":"https:\/\/swissherboriginal.com\/hr\/ducan\/legalna-konoplja-s-cbd-om\/cbd-cvijet\/hazelnut-cbd\/","og_site_name":"Swiss Herb Original","article_publisher":"https:\/\/www.facebook.com\/swissherboriginale\/","article_modified_time":"2025-04-16T11:43:16+00:00","og_image":[{"width":800,"height":800,"url":"https:\/\/swissherboriginal.com\/wp-content\/uploads\/hazelnut-cbd-swiss-herb-original.png","type":"image\/png"}],"twitter_card":"summary_large_image","twitter_image":"https:\/\/swissherboriginal.com\/wp-content\/uploads\/hazelnut-cbd-swiss-herb-original.png","twitter_misc":{"Procijenjeno vrijeme \u010ditanja":"3 minute"},"schema":{"@context":"https:\/\/schema.org","@graph":[{"@type":"WebPage","@id":"https:\/\/swissherboriginal.com\/shop\/cbd-canapa-legale\/fiore-cbd\/hazelnut-cbd\/","url":"https:\/\/swissherboriginal.com\/shop\/cbd-canapa-legale\/fiore-cbd\/hazelnut-cbd\/","name":"Hazelnut CBD | Cannabis Light | Swiss Herb Original","isPartOf":{"@id":"https:\/\/swissherboriginal.com\/#website"},"primaryImageOfPage":{"@id":"https:\/\/swissherboriginal.com\/shop\/cbd-canapa-legale\/fiore-cbd\/hazelnut-cbd\/#primaryimage"},"image":{"@id":"https:\/\/swissherboriginal.com\/shop\/cbd-canapa-legale\/fiore-cbd\/hazelnut-cbd\/#primaryimage"},"thumbnailUrl":"https:\/\/swissherboriginal.com\/wp-content\/uploads\/SWISSHERB_HAZELNUT_CBD_POP_ART.png","datePublished":"2023-03-06T10:38:19+00:00","dateModified":"2025-04-16T11:43:16+00:00","description":"Goditi un'esperienza saporita con il profilo aromatico unico di Hazelnut CBD, che offre un effetto potente e stimolante. Acquista ora!","breadcrumb":{"@id":"https:\/\/swissherboriginal.com\/shop\/cbd-canapa-legale\/fiore-cbd\/hazelnut-cbd\/#breadcrumb"},"inLanguage":"hr","potentialAction":[{"@type":"ReadAction","target":["https:\/\/swissherboriginal.com\/shop\/cbd-canapa-legale\/fiore-cbd\/hazelnut-cbd\/"]}]},{"@type":"ImageObject","inLanguage":"hr","@id":"https:\/\/swissherboriginal.com\/shop\/cbd-canapa-legale\/fiore-cbd\/hazelnut-cbd\/#primaryimage","url":"https:\/\/swissherboriginal.com\/wp-content\/uploads\/SWISSHERB_HAZELNUT_CBD_POP_ART.png","contentUrl":"https:\/\/swissherboriginal.com\/wp-content\/uploads\/SWISSHERB_HAZELNUT_CBD_POP_ART.png","width":800,"height":800},{"@type":"BreadcrumbList","@id":"https:\/\/swissherboriginal.com\/shop\/cbd-canapa-legale\/fiore-cbd\/hazelnut-cbd\/#breadcrumb","itemListElement":[{"@type":"ListItem","position":1,"name":"Home","item":"https:\/\/swissherboriginal.com\/"},{"@type":"ListItem","position":2,"name":"Negozio Swiss Herb Original","item":"https:\/\/swissherboriginal.com\/negozio-swiss-herb-original\/"},{"@type":"ListItem","position":3,"name":"Hazelnut CBD"}]},{"@type":"WebSite","@id":"https:\/\/swissherboriginal.com\/#website","url":"https:\/\/swissherboriginal.com\/","name":"Originalno \u0161vicarsko bilje","description":"","publisher":{"@id":"https:\/\/swissherboriginal.com\/#organization"},"potentialAction":[{"@type":"SearchAction","target":{"@type":"EntryPoint","urlTemplate":"https:\/\/swissherboriginal.com\/?s={search_term_string}"},"query-input":{"@type":"PropertyValueSpecification","valueRequired":true,"valueName":"search_term_string"}}],"inLanguage":"hr"},{"@type":"Organization","@id":"https:\/\/swissherboriginal.com\/#organization","name":"Originalno \u0161vicarsko bilje","url":"https:\/\/swissherboriginal.com\/","logo":{"@type":"ImageObject","inLanguage":"hr","@id":"https:\/\/swissherboriginal.com\/#\/schema\/logo\/image\/","url":"https:\/\/swissherboriginal.com\/wp-content\/uploads\/logo-menu-tel-swissherb.png","contentUrl":"https:\/\/swissherboriginal.com\/wp-content\/uploads\/logo-menu-tel-swissherb.png","width":512,"height":360,"caption":"Swiss Herb Original"},"image":{"@id":"https:\/\/swissherboriginal.com\/#\/schema\/logo\/image\/"},"sameAs":["https:\/\/www.facebook.com\/swissherboriginale\/","https:\/\/www.instagram.com\/swissherb_original"]}]}},"_links":{"self":[{"href":"https:\/\/swissherboriginal.com\/hr\/wp-json\/wp\/v2\/product\/1297","targetHints":{"allow":["GET"]}}],"collection":[{"href":"https:\/\/swissherboriginal.com\/hr\/wp-json\/wp\/v2\/product"}],"about":[{"href":"https:\/\/swissherboriginal.com\/hr\/wp-json\/wp\/v2\/types\/product"}],"replies":[{"embeddable":true,"href":"https:\/\/swissherboriginal.com\/hr\/wp-json\/wp\/v2\/comments?post=1297"}],"wp:featuredmedia":[{"embeddable":true,"href":"https:\/\/swissherboriginal.com\/hr\/wp-json\/wp\/v2\/media\/25987"}],"wp:attachment":[{"href":"https:\/\/swissherboriginal.com\/hr\/wp-json\/wp\/v2\/media?parent=1297"}],"wp:term":[{"taxonomy":"product_brand","embeddable":true,"href":"https:\/\/swissherboriginal.com\/hr\/wp-json\/wp\/v2\/product_brand?post=1297"},{"taxonomy":"product_cat","embeddable":true,"href":"https:\/\/swissherboriginal.com\/hr\/wp-json\/wp\/v2\/product_cat?post=1297"},{"taxonomy":"product_tag","embeddable":true,"href":"https:\/\/swissherboriginal.com\/hr\/wp-json\/wp\/v2\/product_tag?post=1297"}],"curies":[{"name":"wp","href":"https:\/\/api.w.org\/{rel}","templated":true}]}}