{"id":1699,"date":"2023-06-06T13:00:30","date_gmt":"2023-06-06T13:00:30","guid":{"rendered":"https:\/\/swissherboriginal.com\/?post_type=product&#038;p=1699"},"modified":"2025-04-19T20:14:48","modified_gmt":"2025-04-19T20:14:48","slug":"bersaglieri-trgovina-organskom-tjesteninom-od-konoplje","status":"publish","type":"product","link":"https:\/\/swissherboriginal.com\/hr\/ducan\/hrana-i-dodaci-prehrani-od-konoplje\/hrana-od-konoplje\/bersaglieri-trgovina-organskom-tjesteninom-od-konoplje\/","title":{"rendered":"Prodavaonica konoplje organske tjestenine Bersaglieri"},"content":{"rendered":"<h2>Prodavaonica konoplje organske tjestenine Bersaglieri<\/h2>\n<p>I Bersaglieri \u2013 organska tjestenina od konoplje marke Bottega della Canapa visokokvalitetni je prehrambeni proizvod. Idealna za one koji tra\u017ee zdravu i uravnote\u017eenu prehranu. Tjestenina se proizvodi isklju\u010divo od najkvalitetnijih organskih sastojaka, uklju\u010duju\u0107i bra\u0161no od durum p\u0161enice i konoplju.<\/p>\n<p>Konoplja je vrlo svestrana biljka koja se koristi u mnogim podru\u010djima, uklju\u010duju\u0107i hranu. Organska tjestenina od konoplje Bottega della Canapa sadr\u017ei optimalnu koli\u010dinu konoplje, pru\u017eaju\u0107i jedinstven i nje\u017ean okus, ali prije svega, pru\u017eaju\u0107i brojne zdravstvene prednosti.<\/p>\n<p>Konoplja je potpuni izvor proteina, sadr\u017ei sve esencijalne aminokiseline, a bogata je i vlaknima, vitaminima i mineralima. Zahvaljuju\u0107i prisutnosti konoplje, organska tjestenina Bottega della Canapa dragocjen je izvor energije i vitalnosti, osiguravaju\u0107i sve hranjive tvari potrebne za dobrobit tijela.<\/p>\n<p>Organska tjestenina od konoplje Bottega della Canapa mo\u017ee se koristiti kao osnova za brojne recepte, a odlikuje se nje\u017enim i hranjivim okusom. Njena tekstura omogu\u0107uje pripremu raznih jela, od tradicionalnih, poput umaka od raj\u010dice ili tjestenine s pestom, do slo\u017eenijih, poput vegetarijanskih predjela s povr\u0107em ili vo\u0107em.<\/p>\n<p>Organska tjestenina od konoplje Bottega della Canapa proizvodi se bez upotrebe GMO-a, pesticida ili drugih kemikalija. To jam\u010di najvi\u0161u kvalitetu i ne predstavlja rizik za va\u0161e zdravlje ili okoli\u0161.<\/p>\n<p>Zaklju\u010dno, organska tjestenina od konoplje Bersaglieri \u2013 Bottega della Canapa visokokvalitetan je, hranjiv i zdrav prehrambeni proizvod. Savr\u0161ena je za one koji tra\u017ee zdravu, prirodnu i ukusnu alternativu tradicionalnoj tjestenini. Zahvaljuju\u0107i sadr\u017eaju konoplje, nudi brojne zdravstvene prednosti, \u0161to je \u010dini svjesnim izborom koji vodi ra\u010duna i o osobnoj i o ekolo\u0161koj dobrobiti.<\/p>\n<p>U kategoriji \u201c<a href=\"https:\/\/swissherboriginal.com\/hr\/kategorija-proizvoda-2\/hrana-i-dodaci-prehrani-od-konoplje\/\">Hrana i dodaci prehrani od konoplje<\/a>\u201d&quot; i podkategorija &quot;\u201c<a href=\"https:\/\/swissherboriginal.com\/hr\/kategorija-proizvoda-2\/hrana-i-dodaci-prehrani-od-konoplje\/hrana-od-konoplje\/\">Hrana od konoplje<\/a>\u201dTako\u0111er mo\u017eete prona\u0107i drugu prirodnu i zdravu hranu s konopljom. Preporu\u010dujemo da probate <a href=\"https:\/\/swissherboriginal.com\/hr\/ducan\/hrana-i-dodaci-prehrani-od-konoplje\/hrana-od-konoplje\/olio-di-semi-di-canapa-hannah-biz-500ml\/\">Ulje sjemenki konoplje Hannah Biz<\/a>\u00a0i druge oblike organske tjestenine kao \u0161to su <a href=\"https:\/\/swissherboriginal.com\/hr\/ducan\/hrana-i-dodaci-prehrani-od-konoplje\/hrana-od-konoplje\/mezze-penne-pasta-bio-bottega-della-canapa\/\">Pola penija<\/a>.<\/p>","protected":false},"excerpt":{"rendered":"<ul>\n<li>Organska tjestenina<\/li>\n<li>Hranjivo<\/li>\n<li>Napravljeno od konopljinog bra\u0161na<\/li>\n<li>bez GMO-a<\/li>\n<li>Bogato vlaknima, vitaminima i mineralima<\/li>\n<\/ul>","protected":false},"featured_media":3205,"comment_status":"open","ping_status":"closed","template":"","meta":[],"product_brand":[],"product_cat":[258,259],"product_tag":[95,210,342,340],"class_list":{"0":"post-1699","1":"product","2":"type-product","3":"status-publish","4":"has-post-thumbnail","6":"product_cat-alimenti-e-integratori-alla-canapa","7":"product_cat-cibo-alla-canapa","8":"product_tag-bottega-della-canapa","9":"product_tag-pasta-alla-canapa","10":"product_tag-pasta-biologica","11":"product_tag-pasta-vegana","13":"first","14":"outofstock","15":"sale","16":"shipping-taxable","17":"purchasable","18":"product-type-simple"},"yoast_head":"<!-- This site is optimized with the Yoast SEO Premium plugin v22.0 (Yoast SEO v26.3) - https:\/\/yoast.com\/wordpress\/plugins\/seo\/ -->\n<title>Bersaglieri Pasta Bio Bottega della Canapa | Swiss Herb Original<\/title>\n<meta name=\"description\" content=\"Scopri i Bersaglieri - Pasta Bio alla Canapa di Bottega della Canapa. Saporita, nutriente e biologica, per un pasto sano. Provala subito!\" \/>\n<meta name=\"robots\" content=\"index, follow, max-snippet:-1, max-image-preview:large, max-video-preview:-1\" \/>\n<link rel=\"canonical\" href=\"https:\/\/swissherboriginal.com\/hr\/ducan\/hrana-i-dodaci-prehrani-od-konoplje\/hrana-od-konoplje\/bersaglieri-trgovina-organskom-tjesteninom-od-konoplje\/\" \/>\n<meta property=\"og:locale\" content=\"hr_HR\" \/>\n<meta property=\"og:type\" content=\"article\" \/>\n<meta property=\"og:title\" content=\"Bersaglieri Pasta Bio Bottega della Canapa\" \/>\n<meta property=\"og:description\" content=\"Scopri i Bersaglieri - Pasta Bio alla Canapa di Bottega della Canapa. Saporita, nutriente e biologica, per un pasto sano. Provala subito!\" \/>\n<meta property=\"og:url\" content=\"https:\/\/swissherboriginal.com\/hr\/ducan\/hrana-i-dodaci-prehrani-od-konoplje\/hrana-od-konoplje\/bersaglieri-trgovina-organskom-tjesteninom-od-konoplje\/\" \/>\n<meta property=\"og:site_name\" content=\"Swiss Herb Original\" \/>\n<meta property=\"article:publisher\" content=\"https:\/\/www.facebook.com\/swissherboriginale\/\" \/>\n<meta property=\"article:modified_time\" content=\"2025-04-19T20:14:48+00:00\" \/>\n<meta property=\"og:image\" content=\"https:\/\/swissherboriginal.com\/wp-content\/uploads\/2023\/06\/bersaglieri-pasta-bio-bottega-della-canapa-swiss-herb-original.png\" \/>\n\t<meta property=\"og:image:width\" content=\"800\" \/>\n\t<meta property=\"og:image:height\" content=\"800\" \/>\n\t<meta property=\"og:image:type\" content=\"image\/png\" \/>\n<meta name=\"twitter:card\" content=\"summary_large_image\" \/>\n<meta name=\"twitter:image\" content=\"https:\/\/swissherboriginal.com\/wp-content\/uploads\/2023\/06\/bersaglieri-pasta-bio-bottega-della-canapa-swiss-herb-original.png\" \/>\n<meta name=\"twitter:label1\" content=\"Procijenjeno vrijeme \u010ditanja\" \/>\n\t<meta name=\"twitter:data1\" content=\"2 minute\" \/>\n<script type=\"application\/ld+json\" class=\"yoast-schema-graph\">{\"@context\":\"https:\/\/schema.org\",\"@graph\":[{\"@type\":\"WebPage\",\"@id\":\"https:\/\/swissherboriginal.com\/shop\/alimenti-e-integratori-alla-canapa\/cibo-alla-canapa\/bersaglieri-pasta-bio-bottega-della-canapa\/\",\"url\":\"https:\/\/swissherboriginal.com\/shop\/alimenti-e-integratori-alla-canapa\/cibo-alla-canapa\/bersaglieri-pasta-bio-bottega-della-canapa\/\",\"name\":\"Bersaglieri Pasta Bio Bottega della Canapa | Swiss Herb Original\",\"isPartOf\":{\"@id\":\"https:\/\/swissherboriginal.com\/#website\"},\"primaryImageOfPage\":{\"@id\":\"https:\/\/swissherboriginal.com\/shop\/alimenti-e-integratori-alla-canapa\/cibo-alla-canapa\/bersaglieri-pasta-bio-bottega-della-canapa\/#primaryimage\"},\"image\":{\"@id\":\"https:\/\/swissherboriginal.com\/shop\/alimenti-e-integratori-alla-canapa\/cibo-alla-canapa\/bersaglieri-pasta-bio-bottega-della-canapa\/#primaryimage\"},\"thumbnailUrl\":\"https:\/\/swissherboriginal.com\/wp-content\/uploads\/2023\/06\/bersaglieri-pasta-bio-bottega-della-canapa-swiss-herb-original.png\",\"datePublished\":\"2023-06-06T13:00:30+00:00\",\"dateModified\":\"2025-04-19T20:14:48+00:00\",\"description\":\"Scopri i Bersaglieri - Pasta Bio alla Canapa di Bottega della Canapa. Saporita, nutriente e biologica, per un pasto sano. Provala subito!\",\"breadcrumb\":{\"@id\":\"https:\/\/swissherboriginal.com\/shop\/alimenti-e-integratori-alla-canapa\/cibo-alla-canapa\/bersaglieri-pasta-bio-bottega-della-canapa\/#breadcrumb\"},\"inLanguage\":\"hr\",\"potentialAction\":[{\"@type\":\"ReadAction\",\"target\":[\"https:\/\/swissherboriginal.com\/shop\/alimenti-e-integratori-alla-canapa\/cibo-alla-canapa\/bersaglieri-pasta-bio-bottega-della-canapa\/\"]}]},{\"@type\":\"ImageObject\",\"inLanguage\":\"hr\",\"@id\":\"https:\/\/swissherboriginal.com\/shop\/alimenti-e-integratori-alla-canapa\/cibo-alla-canapa\/bersaglieri-pasta-bio-bottega-della-canapa\/#primaryimage\",\"url\":\"https:\/\/swissherboriginal.com\/wp-content\/uploads\/2023\/06\/bersaglieri-pasta-bio-bottega-della-canapa-swiss-herb-original.png\",\"contentUrl\":\"https:\/\/swissherboriginal.com\/wp-content\/uploads\/2023\/06\/bersaglieri-pasta-bio-bottega-della-canapa-swiss-herb-original.png\",\"width\":800,\"height\":800,\"caption\":\"Bersaglieri Pasta Bio Bottega della Canapa\"},{\"@type\":\"BreadcrumbList\",\"@id\":\"https:\/\/swissherboriginal.com\/shop\/alimenti-e-integratori-alla-canapa\/cibo-alla-canapa\/bersaglieri-pasta-bio-bottega-della-canapa\/#breadcrumb\",\"itemListElement\":[{\"@type\":\"ListItem\",\"position\":1,\"name\":\"Home\",\"item\":\"https:\/\/swissherboriginal.com\/\"},{\"@type\":\"ListItem\",\"position\":2,\"name\":\"Negozio Swiss Herb Original\",\"item\":\"https:\/\/swissherboriginal.com\/negozio-swiss-herb-original\/\"},{\"@type\":\"ListItem\",\"position\":3,\"name\":\"Bersaglieri Pasta Bio Bottega della Canapa\"}]},{\"@type\":\"WebSite\",\"@id\":\"https:\/\/swissherboriginal.com\/#website\",\"url\":\"https:\/\/swissherboriginal.com\/\",\"name\":\"Swiss Herb Original\",\"description\":\"\",\"publisher\":{\"@id\":\"https:\/\/swissherboriginal.com\/#organization\"},\"potentialAction\":[{\"@type\":\"SearchAction\",\"target\":{\"@type\":\"EntryPoint\",\"urlTemplate\":\"https:\/\/swissherboriginal.com\/?s={search_term_string}\"},\"query-input\":{\"@type\":\"PropertyValueSpecification\",\"valueRequired\":true,\"valueName\":\"search_term_string\"}}],\"inLanguage\":\"hr\"},{\"@type\":\"Organization\",\"@id\":\"https:\/\/swissherboriginal.com\/#organization\",\"name\":\"Swiss Herb Original\",\"url\":\"https:\/\/swissherboriginal.com\/\",\"logo\":{\"@type\":\"ImageObject\",\"inLanguage\":\"hr\",\"@id\":\"https:\/\/swissherboriginal.com\/#\/schema\/logo\/image\/\",\"url\":\"https:\/\/swissherboriginal.com\/wp-content\/uploads\/logo-menu-tel-swissherb.png\",\"contentUrl\":\"https:\/\/swissherboriginal.com\/wp-content\/uploads\/logo-menu-tel-swissherb.png\",\"width\":512,\"height\":360,\"caption\":\"Swiss Herb Original\"},\"image\":{\"@id\":\"https:\/\/swissherboriginal.com\/#\/schema\/logo\/image\/\"},\"sameAs\":[\"https:\/\/www.facebook.com\/swissherboriginale\/\",\"https:\/\/www.instagram.com\/swissherb_original\"]}]}<\/script>\n<!-- \/ Yoast SEO Premium plugin. -->","yoast_head_json":{"title":"Bersaglieri organska tjestenina iz trgovine konoplje | Original \u0161vicarski za\u010din","description":"Otkrijte Bersaglieri - organsku tjesteninu od konoplje marke Bottega della Canapa. Ukusna, hranjiva i organska, za zdrav obrok. Isprobajte je odmah!","robots":{"index":"index","follow":"follow","max-snippet":"max-snippet:-1","max-image-preview":"max-image-preview:large","max-video-preview":"max-video-preview:-1"},"canonical":"https:\/\/swissherboriginal.com\/hr\/ducan\/hrana-i-dodaci-prehrani-od-konoplje\/hrana-od-konoplje\/bersaglieri-trgovina-organskom-tjesteninom-od-konoplje\/","og_locale":"hr_HR","og_type":"article","og_title":"Bersaglieri Pasta Bio Bottega della Canapa","og_description":"Scopri i Bersaglieri - Pasta Bio alla Canapa di Bottega della Canapa. Saporita, nutriente e biologica, per un pasto sano. Provala subito!","og_url":"https:\/\/swissherboriginal.com\/hr\/ducan\/hrana-i-dodaci-prehrani-od-konoplje\/hrana-od-konoplje\/bersaglieri-trgovina-organskom-tjesteninom-od-konoplje\/","og_site_name":"Swiss Herb Original","article_publisher":"https:\/\/www.facebook.com\/swissherboriginale\/","article_modified_time":"2025-04-19T20:14:48+00:00","og_image":[{"width":800,"height":800,"url":"https:\/\/swissherboriginal.com\/wp-content\/uploads\/2023\/06\/bersaglieri-pasta-bio-bottega-della-canapa-swiss-herb-original.png","type":"image\/png"}],"twitter_card":"summary_large_image","twitter_image":"https:\/\/swissherboriginal.com\/wp-content\/uploads\/2023\/06\/bersaglieri-pasta-bio-bottega-della-canapa-swiss-herb-original.png","twitter_misc":{"Procijenjeno vrijeme \u010ditanja":"2 minute"},"schema":{"@context":"https:\/\/schema.org","@graph":[{"@type":"WebPage","@id":"https:\/\/swissherboriginal.com\/shop\/alimenti-e-integratori-alla-canapa\/cibo-alla-canapa\/bersaglieri-pasta-bio-bottega-della-canapa\/","url":"https:\/\/swissherboriginal.com\/shop\/alimenti-e-integratori-alla-canapa\/cibo-alla-canapa\/bersaglieri-pasta-bio-bottega-della-canapa\/","name":"Bersaglieri organska tjestenina iz trgovine konoplje | Original \u0161vicarski za\u010din","isPartOf":{"@id":"https:\/\/swissherboriginal.com\/#website"},"primaryImageOfPage":{"@id":"https:\/\/swissherboriginal.com\/shop\/alimenti-e-integratori-alla-canapa\/cibo-alla-canapa\/bersaglieri-pasta-bio-bottega-della-canapa\/#primaryimage"},"image":{"@id":"https:\/\/swissherboriginal.com\/shop\/alimenti-e-integratori-alla-canapa\/cibo-alla-canapa\/bersaglieri-pasta-bio-bottega-della-canapa\/#primaryimage"},"thumbnailUrl":"https:\/\/swissherboriginal.com\/wp-content\/uploads\/2023\/06\/bersaglieri-pasta-bio-bottega-della-canapa-swiss-herb-original.png","datePublished":"2023-06-06T13:00:30+00:00","dateModified":"2025-04-19T20:14:48+00:00","description":"Otkrijte Bersaglieri - organsku tjesteninu od konoplje marke Bottega della Canapa. Ukusna, hranjiva i organska, za zdrav obrok. Isprobajte je odmah!","breadcrumb":{"@id":"https:\/\/swissherboriginal.com\/shop\/alimenti-e-integratori-alla-canapa\/cibo-alla-canapa\/bersaglieri-pasta-bio-bottega-della-canapa\/#breadcrumb"},"inLanguage":"hr","potentialAction":[{"@type":"ReadAction","target":["https:\/\/swissherboriginal.com\/shop\/alimenti-e-integratori-alla-canapa\/cibo-alla-canapa\/bersaglieri-pasta-bio-bottega-della-canapa\/"]}]},{"@type":"ImageObject","inLanguage":"hr","@id":"https:\/\/swissherboriginal.com\/shop\/alimenti-e-integratori-alla-canapa\/cibo-alla-canapa\/bersaglieri-pasta-bio-bottega-della-canapa\/#primaryimage","url":"https:\/\/swissherboriginal.com\/wp-content\/uploads\/2023\/06\/bersaglieri-pasta-bio-bottega-della-canapa-swiss-herb-original.png","contentUrl":"https:\/\/swissherboriginal.com\/wp-content\/uploads\/2023\/06\/bersaglieri-pasta-bio-bottega-della-canapa-swiss-herb-original.png","width":800,"height":800,"caption":"Bersaglieri Pasta Bio Bottega della Canapa"},{"@type":"BreadcrumbList","@id":"https:\/\/swissherboriginal.com\/shop\/alimenti-e-integratori-alla-canapa\/cibo-alla-canapa\/bersaglieri-pasta-bio-bottega-della-canapa\/#breadcrumb","itemListElement":[{"@type":"ListItem","position":1,"name":"Home","item":"https:\/\/swissherboriginal.com\/"},{"@type":"ListItem","position":2,"name":"Negozio Swiss Herb Original","item":"https:\/\/swissherboriginal.com\/negozio-swiss-herb-original\/"},{"@type":"ListItem","position":3,"name":"Bersaglieri Pasta Bio Bottega della Canapa"}]},{"@type":"WebSite","@id":"https:\/\/swissherboriginal.com\/#website","url":"https:\/\/swissherboriginal.com\/","name":"Originalno \u0161vicarsko bilje","description":"","publisher":{"@id":"https:\/\/swissherboriginal.com\/#organization"},"potentialAction":[{"@type":"SearchAction","target":{"@type":"EntryPoint","urlTemplate":"https:\/\/swissherboriginal.com\/?s={search_term_string}"},"query-input":{"@type":"PropertyValueSpecification","valueRequired":true,"valueName":"search_term_string"}}],"inLanguage":"hr"},{"@type":"Organization","@id":"https:\/\/swissherboriginal.com\/#organization","name":"Originalno \u0161vicarsko bilje","url":"https:\/\/swissherboriginal.com\/","logo":{"@type":"ImageObject","inLanguage":"hr","@id":"https:\/\/swissherboriginal.com\/#\/schema\/logo\/image\/","url":"https:\/\/swissherboriginal.com\/wp-content\/uploads\/logo-menu-tel-swissherb.png","contentUrl":"https:\/\/swissherboriginal.com\/wp-content\/uploads\/logo-menu-tel-swissherb.png","width":512,"height":360,"caption":"Swiss Herb Original"},"image":{"@id":"https:\/\/swissherboriginal.com\/#\/schema\/logo\/image\/"},"sameAs":["https:\/\/www.facebook.com\/swissherboriginale\/","https:\/\/www.instagram.com\/swissherb_original"]}]}},"_links":{"self":[{"href":"https:\/\/swissherboriginal.com\/hr\/wp-json\/wp\/v2\/product\/1699","targetHints":{"allow":["GET"]}}],"collection":[{"href":"https:\/\/swissherboriginal.com\/hr\/wp-json\/wp\/v2\/product"}],"about":[{"href":"https:\/\/swissherboriginal.com\/hr\/wp-json\/wp\/v2\/types\/product"}],"replies":[{"embeddable":true,"href":"https:\/\/swissherboriginal.com\/hr\/wp-json\/wp\/v2\/comments?post=1699"}],"wp:featuredmedia":[{"embeddable":true,"href":"https:\/\/swissherboriginal.com\/hr\/wp-json\/wp\/v2\/media\/3205"}],"wp:attachment":[{"href":"https:\/\/swissherboriginal.com\/hr\/wp-json\/wp\/v2\/media?parent=1699"}],"wp:term":[{"taxonomy":"product_brand","embeddable":true,"href":"https:\/\/swissherboriginal.com\/hr\/wp-json\/wp\/v2\/product_brand?post=1699"},{"taxonomy":"product_cat","embeddable":true,"href":"https:\/\/swissherboriginal.com\/hr\/wp-json\/wp\/v2\/product_cat?post=1699"},{"taxonomy":"product_tag","embeddable":true,"href":"https:\/\/swissherboriginal.com\/hr\/wp-json\/wp\/v2\/product_tag?post=1699"}],"curies":[{"name":"wp","href":"https:\/\/api.w.org\/{rel}","templated":true}]}}