{"id":1700,"date":"2023-06-06T13:01:23","date_gmt":"2023-06-06T13:01:23","guid":{"rendered":"https:\/\/swissherboriginal.com\/?post_type=product&#038;p=1700"},"modified":"2025-04-19T20:14:34","modified_gmt":"2025-04-19T20:14:34","slug":"mezze-penne-pasta-bio-bottega-della-canapa","status":"publish","type":"product","link":"https:\/\/swissherboriginal.com\/hr\/ducan\/hrana-i-dodaci-prehrani-od-konoplje\/hrana-od-konoplje\/mezze-penne-pasta-bio-bottega-della-canapa\/","title":{"rendered":"Organska Mezze Penne tjestenina iz Bottega della Canapa"},"content":{"rendered":"<h2>Organska Mezze Penne tjestenina iz Bottega della Canapa<\/h2>\n<p>Le Mezze Penne &#8211; pasta bio alla canapa della marca Bottega della Canapa \u00e8 un prodotto alimentare di alta qualit\u00e0. Ideale per coloro che desiderano seguire una dieta sana ed equilibrata. La pasta viene prodotta utilizzando esclusivamente ingredienti biologici di altissima qualit\u00e0, tra cui la farina di grano duro e la canapa.<\/p>\n<p>Konoplja je vrlo svestrana biljka koja se koristi u mnogim podru\u010djima, uklju\u010duju\u0107i hranu. Organska tjestenina od konoplje Bottega della Canapa sadr\u017ei optimalnu koli\u010dinu konoplje, pru\u017eaju\u0107i jedinstven i nje\u017ean okus, ali prije svega, pru\u017eaju\u0107i brojne zdravstvene prednosti.<\/p>\n<p>Konoplja je potpuni izvor proteina, sadr\u017ei sve esencijalne aminokiseline, a bogata je i vlaknima, vitaminima i mineralima. Zahvaljuju\u0107i prisutnosti konoplje, organska tjestenina Bottega della Canapa dragocjen je izvor energije i vitalnosti, osiguravaju\u0107i sve hranjive tvari potrebne za dobrobit tijela.<\/p>\n<p>Organska tjestenina od konoplje Bottega della Canapa mo\u017ee se koristiti kao osnova za brojne recepte, a odlikuje se nje\u017enim i hranjivim okusom. Njena tekstura omogu\u0107uje pripremu raznih jela, od tradicionalnih, poput umaka od raj\u010dice ili tjestenine s pestom, do slo\u017eenijih, poput vegetarijanskih predjela s povr\u0107em ili vo\u0107em.<\/p>\n<p>La pasta bio alla canapa della Bottega della Canapa \u00e8 anche adatta a chi segue una dieta senza glutine, poich\u00e9 non contiene farine di frumento. Grazie alla sua composizione, \u00e8 un prodotto nutriente e salutare, perfetto per i celiaci che vogliono gustare un piatto di pasta leggero e gustoso.<\/p>\n<p>Inoltre, la pasta bio alla canapa della Bottega della Canapa \u00e8 prodotta senza l&#8217;utilizzo di OGM, pesticidi o altre sostanze chimiche. Garantendo cos\u00ec la massima qualit\u00e0 e l&#8217;assenza di qualsiasi rischio per la salute dell&#8217;organismo e dell&#8217;ambiente.<\/p>\n<p>In conclusione, le mezze penne &#8211; la pasta bio alla canapa della Bottega della Canapa \u00e8 un prodotto alimentare di alta qualit\u00e0, nutriente e salutare. Perfetto per chi cerca un&#8217;alternativa sana, naturale e gustosa alla pasta tradizionale. Grazie alla sua presenza di canapa, \u00e8 in grado di apportare numerosi benefici per la salute dell&#8217;organismo, divendando una scelta consapevole e attenta al benessere personale e dell&#8217;ambiente.<\/p>\n<p>U kategoriji \u201c<a href=\"https:\/\/swissherboriginal.com\/hr\/kategorija-proizvoda-2\/hrana-i-dodaci-prehrani-od-konoplje\/\">Hrana i dodaci prehrani od konoplje<\/a>\u201d&quot; i podkategorija &quot;\u201c<a href=\"https:\/\/swissherboriginal.com\/hr\/kategorija-proizvoda-2\/hrana-i-dodaci-prehrani-od-konoplje\/hrana-od-konoplje\/\">Hrana od konoplje<\/a>\u201dTako\u0111er mo\u017eete prona\u0107i drugu prirodnu i zdravu hranu s konopljom. Preporu\u010dujemo da probate <a href=\"https:\/\/swissherboriginal.com\/hr\/ducan\/hrana-i-dodaci-prehrani-od-konoplje\/hrana-od-konoplje\/olio-di-semi-di-canapa-hanf-natur-250ml\/\">l&#8217;olio di semi di canapa della Hanf Natur<\/a> i druge oblike organske tjestenine kao \u0161to su <a href=\"https:\/\/swissherboriginal.com\/hr\/ducan\/hrana-i-dodaci-prehrani-od-konoplje\/hrana-od-konoplje\/pipe-pasta-bio-bottega-della-canapa\/\">Pipe<\/a>.<\/p>","protected":false},"excerpt":{"rendered":"<ul>\n<li>Organska tjestenina<\/li>\n<li>Hranjivo<\/li>\n<li>Napravljeno od konopljinog bra\u0161na<\/li>\n<li>bez GMO-a<\/li>\n<li>Bogato vlaknima, vitaminima i mineralima<\/li>\n<li>Senza glutine<\/li>\n<\/ul>","protected":false},"featured_media":3201,"comment_status":"open","ping_status":"closed","template":"","meta":[],"product_brand":[],"product_cat":[258,259],"product_tag":[95,210,342,341,340],"class_list":{"0":"post-1700","1":"product","2":"type-product","3":"status-publish","4":"has-post-thumbnail","6":"product_cat-alimenti-e-integratori-alla-canapa","7":"product_cat-cibo-alla-canapa","8":"product_tag-bottega-della-canapa","9":"product_tag-pasta-alla-canapa","10":"product_tag-pasta-biologica","11":"product_tag-pasta-senza-glutine","12":"product_tag-pasta-vegana","14":"first","15":"outofstock","16":"sale","17":"shipping-taxable","18":"purchasable","19":"product-type-simple"},"yoast_head":"<!-- This site is optimized with the Yoast SEO Premium plugin v22.0 (Yoast SEO v26.3) - https:\/\/yoast.com\/wordpress\/plugins\/seo\/ -->\n<title>Mezze Penne Pasta Bio Bottega della Canapa | Swiss Herb Original<\/title>\n<meta name=\"description\" content=\"Goditi le Mezze Penne - Pasta Bio alla Canapa di Bottega della Canapa. Sana, nutriente e di qualit\u00e0 superiore, senza glutine. Gustala oggi!\" \/>\n<meta name=\"robots\" content=\"index, follow, max-snippet:-1, max-image-preview:large, max-video-preview:-1\" \/>\n<link rel=\"canonical\" href=\"https:\/\/swissherboriginal.com\/hr\/ducan\/hrana-i-dodaci-prehrani-od-konoplje\/hrana-od-konoplje\/mezze-penne-pasta-bio-bottega-della-canapa\/\" \/>\n<meta property=\"og:locale\" content=\"hr_HR\" \/>\n<meta property=\"og:type\" content=\"article\" \/>\n<meta property=\"og:title\" content=\"Mezze Penne Pasta Bio Bottega della Canapa\" \/>\n<meta property=\"og:description\" content=\"Goditi le Mezze Penne - Pasta Bio alla Canapa di Bottega della Canapa. Sana, nutriente e di qualit\u00e0 superiore, senza glutine. Gustala oggi!\" \/>\n<meta property=\"og:url\" content=\"https:\/\/swissherboriginal.com\/hr\/ducan\/hrana-i-dodaci-prehrani-od-konoplje\/hrana-od-konoplje\/mezze-penne-pasta-bio-bottega-della-canapa\/\" \/>\n<meta property=\"og:site_name\" content=\"Swiss Herb Original\" \/>\n<meta property=\"article:publisher\" content=\"https:\/\/www.facebook.com\/swissherboriginale\/\" \/>\n<meta property=\"article:modified_time\" content=\"2025-04-19T20:14:34+00:00\" \/>\n<meta property=\"og:image\" content=\"https:\/\/swissherboriginal.com\/wp-content\/uploads\/2023\/06\/mezze-penne-pasta-bio-bottega-della-canapa-swiss-herb-original.png\" \/>\n\t<meta property=\"og:image:width\" content=\"800\" \/>\n\t<meta property=\"og:image:height\" content=\"800\" \/>\n\t<meta property=\"og:image:type\" content=\"image\/png\" \/>\n<meta name=\"twitter:card\" content=\"summary_large_image\" \/>\n<meta name=\"twitter:image\" content=\"https:\/\/swissherboriginal.com\/wp-content\/uploads\/2023\/06\/mezze-penne-pasta-bio-bottega-della-canapa-swiss-herb-original.png\" \/>\n<meta name=\"twitter:label1\" content=\"Procijenjeno vrijeme \u010ditanja\" \/>\n\t<meta name=\"twitter:data1\" content=\"3 minute\" \/>\n<script type=\"application\/ld+json\" class=\"yoast-schema-graph\">{\"@context\":\"https:\/\/schema.org\",\"@graph\":[{\"@type\":\"WebPage\",\"@id\":\"https:\/\/swissherboriginal.com\/shop\/alimenti-e-integratori-alla-canapa\/cibo-alla-canapa\/mezze-penne-pasta-bio-bottega-della-canapa\/\",\"url\":\"https:\/\/swissherboriginal.com\/shop\/alimenti-e-integratori-alla-canapa\/cibo-alla-canapa\/mezze-penne-pasta-bio-bottega-della-canapa\/\",\"name\":\"Mezze Penne Pasta Bio Bottega della Canapa | Swiss Herb Original\",\"isPartOf\":{\"@id\":\"https:\/\/swissherboriginal.com\/#website\"},\"primaryImageOfPage\":{\"@id\":\"https:\/\/swissherboriginal.com\/shop\/alimenti-e-integratori-alla-canapa\/cibo-alla-canapa\/mezze-penne-pasta-bio-bottega-della-canapa\/#primaryimage\"},\"image\":{\"@id\":\"https:\/\/swissherboriginal.com\/shop\/alimenti-e-integratori-alla-canapa\/cibo-alla-canapa\/mezze-penne-pasta-bio-bottega-della-canapa\/#primaryimage\"},\"thumbnailUrl\":\"https:\/\/swissherboriginal.com\/wp-content\/uploads\/2023\/06\/mezze-penne-pasta-bio-bottega-della-canapa-swiss-herb-original.png\",\"datePublished\":\"2023-06-06T13:01:23+00:00\",\"dateModified\":\"2025-04-19T20:14:34+00:00\",\"description\":\"Goditi le Mezze Penne - Pasta Bio alla Canapa di Bottega della Canapa. Sana, nutriente e di qualit\u00e0 superiore, senza glutine. Gustala oggi!\",\"breadcrumb\":{\"@id\":\"https:\/\/swissherboriginal.com\/shop\/alimenti-e-integratori-alla-canapa\/cibo-alla-canapa\/mezze-penne-pasta-bio-bottega-della-canapa\/#breadcrumb\"},\"inLanguage\":\"hr\",\"potentialAction\":[{\"@type\":\"ReadAction\",\"target\":[\"https:\/\/swissherboriginal.com\/shop\/alimenti-e-integratori-alla-canapa\/cibo-alla-canapa\/mezze-penne-pasta-bio-bottega-della-canapa\/\"]}]},{\"@type\":\"ImageObject\",\"inLanguage\":\"hr\",\"@id\":\"https:\/\/swissherboriginal.com\/shop\/alimenti-e-integratori-alla-canapa\/cibo-alla-canapa\/mezze-penne-pasta-bio-bottega-della-canapa\/#primaryimage\",\"url\":\"https:\/\/swissherboriginal.com\/wp-content\/uploads\/2023\/06\/mezze-penne-pasta-bio-bottega-della-canapa-swiss-herb-original.png\",\"contentUrl\":\"https:\/\/swissherboriginal.com\/wp-content\/uploads\/2023\/06\/mezze-penne-pasta-bio-bottega-della-canapa-swiss-herb-original.png\",\"width\":800,\"height\":800,\"caption\":\"Mezze Penne Pasta Bio Bottega della Canapa\"},{\"@type\":\"BreadcrumbList\",\"@id\":\"https:\/\/swissherboriginal.com\/shop\/alimenti-e-integratori-alla-canapa\/cibo-alla-canapa\/mezze-penne-pasta-bio-bottega-della-canapa\/#breadcrumb\",\"itemListElement\":[{\"@type\":\"ListItem\",\"position\":1,\"name\":\"Home\",\"item\":\"https:\/\/swissherboriginal.com\/\"},{\"@type\":\"ListItem\",\"position\":2,\"name\":\"Negozio Swiss Herb Original\",\"item\":\"https:\/\/swissherboriginal.com\/negozio-swiss-herb-original\/\"},{\"@type\":\"ListItem\",\"position\":3,\"name\":\"Mezze Penne Pasta Bio Bottega della Canapa\"}]},{\"@type\":\"WebSite\",\"@id\":\"https:\/\/swissherboriginal.com\/#website\",\"url\":\"https:\/\/swissherboriginal.com\/\",\"name\":\"Swiss Herb Original\",\"description\":\"\",\"publisher\":{\"@id\":\"https:\/\/swissherboriginal.com\/#organization\"},\"potentialAction\":[{\"@type\":\"SearchAction\",\"target\":{\"@type\":\"EntryPoint\",\"urlTemplate\":\"https:\/\/swissherboriginal.com\/?s={search_term_string}\"},\"query-input\":{\"@type\":\"PropertyValueSpecification\",\"valueRequired\":true,\"valueName\":\"search_term_string\"}}],\"inLanguage\":\"hr\"},{\"@type\":\"Organization\",\"@id\":\"https:\/\/swissherboriginal.com\/#organization\",\"name\":\"Swiss Herb Original\",\"url\":\"https:\/\/swissherboriginal.com\/\",\"logo\":{\"@type\":\"ImageObject\",\"inLanguage\":\"hr\",\"@id\":\"https:\/\/swissherboriginal.com\/#\/schema\/logo\/image\/\",\"url\":\"https:\/\/swissherboriginal.com\/wp-content\/uploads\/logo-menu-tel-swissherb.png\",\"contentUrl\":\"https:\/\/swissherboriginal.com\/wp-content\/uploads\/logo-menu-tel-swissherb.png\",\"width\":512,\"height\":360,\"caption\":\"Swiss Herb Original\"},\"image\":{\"@id\":\"https:\/\/swissherboriginal.com\/#\/schema\/logo\/image\/\"},\"sameAs\":[\"https:\/\/www.facebook.com\/swissherboriginale\/\",\"https:\/\/www.instagram.com\/swissherb_original\"]}]}<\/script>\n<!-- \/ Yoast SEO Premium plugin. -->","yoast_head_json":{"title":"Mezze Penne Pasta Bio Bottega della Canapa | Swiss Herb Original","description":"Goditi le Mezze Penne - Pasta Bio alla Canapa di Bottega della Canapa. Sana, nutriente e di qualit\u00e0 superiore, senza glutine. Gustala oggi!","robots":{"index":"index","follow":"follow","max-snippet":"max-snippet:-1","max-image-preview":"max-image-preview:large","max-video-preview":"max-video-preview:-1"},"canonical":"https:\/\/swissherboriginal.com\/hr\/ducan\/hrana-i-dodaci-prehrani-od-konoplje\/hrana-od-konoplje\/mezze-penne-pasta-bio-bottega-della-canapa\/","og_locale":"hr_HR","og_type":"article","og_title":"Mezze Penne Pasta Bio Bottega della Canapa","og_description":"Goditi le Mezze Penne - Pasta Bio alla Canapa di Bottega della Canapa. Sana, nutriente e di qualit\u00e0 superiore, senza glutine. Gustala oggi!","og_url":"https:\/\/swissherboriginal.com\/hr\/ducan\/hrana-i-dodaci-prehrani-od-konoplje\/hrana-od-konoplje\/mezze-penne-pasta-bio-bottega-della-canapa\/","og_site_name":"Swiss Herb Original","article_publisher":"https:\/\/www.facebook.com\/swissherboriginale\/","article_modified_time":"2025-04-19T20:14:34+00:00","og_image":[{"width":800,"height":800,"url":"https:\/\/swissherboriginal.com\/wp-content\/uploads\/2023\/06\/mezze-penne-pasta-bio-bottega-della-canapa-swiss-herb-original.png","type":"image\/png"}],"twitter_card":"summary_large_image","twitter_image":"https:\/\/swissherboriginal.com\/wp-content\/uploads\/2023\/06\/mezze-penne-pasta-bio-bottega-della-canapa-swiss-herb-original.png","twitter_misc":{"Procijenjeno vrijeme \u010ditanja":"3 minute"},"schema":{"@context":"https:\/\/schema.org","@graph":[{"@type":"WebPage","@id":"https:\/\/swissherboriginal.com\/shop\/alimenti-e-integratori-alla-canapa\/cibo-alla-canapa\/mezze-penne-pasta-bio-bottega-della-canapa\/","url":"https:\/\/swissherboriginal.com\/shop\/alimenti-e-integratori-alla-canapa\/cibo-alla-canapa\/mezze-penne-pasta-bio-bottega-della-canapa\/","name":"Mezze Penne Pasta Bio Bottega della Canapa | Swiss Herb Original","isPartOf":{"@id":"https:\/\/swissherboriginal.com\/#website"},"primaryImageOfPage":{"@id":"https:\/\/swissherboriginal.com\/shop\/alimenti-e-integratori-alla-canapa\/cibo-alla-canapa\/mezze-penne-pasta-bio-bottega-della-canapa\/#primaryimage"},"image":{"@id":"https:\/\/swissherboriginal.com\/shop\/alimenti-e-integratori-alla-canapa\/cibo-alla-canapa\/mezze-penne-pasta-bio-bottega-della-canapa\/#primaryimage"},"thumbnailUrl":"https:\/\/swissherboriginal.com\/wp-content\/uploads\/2023\/06\/mezze-penne-pasta-bio-bottega-della-canapa-swiss-herb-original.png","datePublished":"2023-06-06T13:01:23+00:00","dateModified":"2025-04-19T20:14:34+00:00","description":"Goditi le Mezze Penne - Pasta Bio alla Canapa di Bottega della Canapa. Sana, nutriente e di qualit\u00e0 superiore, senza glutine. Gustala oggi!","breadcrumb":{"@id":"https:\/\/swissherboriginal.com\/shop\/alimenti-e-integratori-alla-canapa\/cibo-alla-canapa\/mezze-penne-pasta-bio-bottega-della-canapa\/#breadcrumb"},"inLanguage":"hr","potentialAction":[{"@type":"ReadAction","target":["https:\/\/swissherboriginal.com\/shop\/alimenti-e-integratori-alla-canapa\/cibo-alla-canapa\/mezze-penne-pasta-bio-bottega-della-canapa\/"]}]},{"@type":"ImageObject","inLanguage":"hr","@id":"https:\/\/swissherboriginal.com\/shop\/alimenti-e-integratori-alla-canapa\/cibo-alla-canapa\/mezze-penne-pasta-bio-bottega-della-canapa\/#primaryimage","url":"https:\/\/swissherboriginal.com\/wp-content\/uploads\/2023\/06\/mezze-penne-pasta-bio-bottega-della-canapa-swiss-herb-original.png","contentUrl":"https:\/\/swissherboriginal.com\/wp-content\/uploads\/2023\/06\/mezze-penne-pasta-bio-bottega-della-canapa-swiss-herb-original.png","width":800,"height":800,"caption":"Mezze Penne Pasta Bio Bottega della Canapa"},{"@type":"BreadcrumbList","@id":"https:\/\/swissherboriginal.com\/shop\/alimenti-e-integratori-alla-canapa\/cibo-alla-canapa\/mezze-penne-pasta-bio-bottega-della-canapa\/#breadcrumb","itemListElement":[{"@type":"ListItem","position":1,"name":"Home","item":"https:\/\/swissherboriginal.com\/"},{"@type":"ListItem","position":2,"name":"Negozio Swiss Herb Original","item":"https:\/\/swissherboriginal.com\/negozio-swiss-herb-original\/"},{"@type":"ListItem","position":3,"name":"Mezze Penne Pasta Bio Bottega della Canapa"}]},{"@type":"WebSite","@id":"https:\/\/swissherboriginal.com\/#website","url":"https:\/\/swissherboriginal.com\/","name":"Originalno \u0161vicarsko bilje","description":"","publisher":{"@id":"https:\/\/swissherboriginal.com\/#organization"},"potentialAction":[{"@type":"SearchAction","target":{"@type":"EntryPoint","urlTemplate":"https:\/\/swissherboriginal.com\/?s={search_term_string}"},"query-input":{"@type":"PropertyValueSpecification","valueRequired":true,"valueName":"search_term_string"}}],"inLanguage":"hr"},{"@type":"Organization","@id":"https:\/\/swissherboriginal.com\/#organization","name":"Originalno \u0161vicarsko bilje","url":"https:\/\/swissherboriginal.com\/","logo":{"@type":"ImageObject","inLanguage":"hr","@id":"https:\/\/swissherboriginal.com\/#\/schema\/logo\/image\/","url":"https:\/\/swissherboriginal.com\/wp-content\/uploads\/logo-menu-tel-swissherb.png","contentUrl":"https:\/\/swissherboriginal.com\/wp-content\/uploads\/logo-menu-tel-swissherb.png","width":512,"height":360,"caption":"Swiss Herb Original"},"image":{"@id":"https:\/\/swissherboriginal.com\/#\/schema\/logo\/image\/"},"sameAs":["https:\/\/www.facebook.com\/swissherboriginale\/","https:\/\/www.instagram.com\/swissherb_original"]}]}},"_links":{"self":[{"href":"https:\/\/swissherboriginal.com\/hr\/wp-json\/wp\/v2\/product\/1700","targetHints":{"allow":["GET"]}}],"collection":[{"href":"https:\/\/swissherboriginal.com\/hr\/wp-json\/wp\/v2\/product"}],"about":[{"href":"https:\/\/swissherboriginal.com\/hr\/wp-json\/wp\/v2\/types\/product"}],"replies":[{"embeddable":true,"href":"https:\/\/swissherboriginal.com\/hr\/wp-json\/wp\/v2\/comments?post=1700"}],"wp:featuredmedia":[{"embeddable":true,"href":"https:\/\/swissherboriginal.com\/hr\/wp-json\/wp\/v2\/media\/3201"}],"wp:attachment":[{"href":"https:\/\/swissherboriginal.com\/hr\/wp-json\/wp\/v2\/media?parent=1700"}],"wp:term":[{"taxonomy":"product_brand","embeddable":true,"href":"https:\/\/swissherboriginal.com\/hr\/wp-json\/wp\/v2\/product_brand?post=1700"},{"taxonomy":"product_cat","embeddable":true,"href":"https:\/\/swissherboriginal.com\/hr\/wp-json\/wp\/v2\/product_cat?post=1700"},{"taxonomy":"product_tag","embeddable":true,"href":"https:\/\/swissherboriginal.com\/hr\/wp-json\/wp\/v2\/product_tag?post=1700"}],"curies":[{"name":"wp","href":"https:\/\/api.w.org\/{rel}","templated":true}]}}