{"id":22485,"date":"2023-09-28T08:00:57","date_gmt":"2023-09-28T08:00:57","guid":{"rendered":"https:\/\/swissherboriginal.com\/?post_type=product&#038;p=22485"},"modified":"2023-11-22T09:47:43","modified_gmt":"2023-11-22T09:47:43","slug":"biobizz-light-mix","status":"publish","type":"product","link":"https:\/\/swissherboriginal.com\/hr\/ducan\/predmeti-za-uzgoj\/podloge\/biobizz-light-mix\/","title":{"rendered":"BioBizz Light-Mix"},"content":{"rendered":"<h2>BioBizz Light-Mix<\/h2>\n<p>Il BioBizz Light-Mix \u00e8 il substrato ideale per i coltivatori organici che desiderano avere il pieno controllo sulla crescita delle loro piante utilizzando fertilizzanti liquidi sin dalle prime fasi. Questo terreno \u00e8 stato appositamente studiato per i veri appassionati di cura delle piante.<\/p>\n<p>Questo substrato \u00e8 adatto a tutti i tipi di piante, comprese quelle che richiedono abbondanti concimazioni. Con il BioBizz Light-Mix sar\u00e0 possibile somministrare maggiori quantit\u00e0 di fertilizzanti quando necessario, senza il rischio di sovraconcimazione del terreno che potrebbe causare bruciature alle piante. I microrganismi presenti nel terreno vengono attivati quando entrano in contatto con i liquidi, producendo catalizzatori organici che stimolano la crescita delle piante. Se non si utilizzano fertilizzanti di base o altre qualit\u00e0 di Pre\u00b7Mix\u2122, potrebbe essere necessario aumentare le quantit\u00e0 di fertilizzante, ma il meccanismo d&#8217;azione rimane sostanzialmente lo stesso.<\/p>\n<p>Il BioBizz Light-Mix \u00e8 anche ideale per la propagazione di talee, giovani piante e semenzali. Essendo fertilizzato in modo leggero, questo terreno garantisce un rapido sviluppo delle radici e una crescita vigorosa nelle prime fasi. La miscela \u00e8 composta per ottimizzare il drenaggio in tutto il mezzo di coltivazione, il che \u00e8 essenziale per l&#8217;utilizzo di sistemi di irrigazione automatica. Questo consente alle radici di assorbire l&#8217;acqua e i nutrienti in modo efficace, garantendo una crescita sana e vigorosa delle piante.<\/p>\n<p>In conclusione, il BioBizz Light-Mix \u00e8 la scelta ideale per i coltivatori organici che desiderano una crescita controllata delle loro piante utilizzando fertilizzanti liquidi fin dalle prime fasi. Questo substrato \u00e8 adatto a tutte le piante e consente di somministrare maggiori quantit\u00e0 di fertilizzante quando necessario senza il rischio di sovraconcimazione. Garantisce un rapido sviluppo delle radici e una crescita iniziale vigorosa, grazie alla sua composizione che ottimizza il drenaggio.<\/p>\n<p>Se sei un vero appassionato di piante e desideri il meglio per il tuo giardino o orto, il BioBizz Light-Mix \u00e8 la scelta perfetta. Dai un\u2019occhiata anche agli nostri altri <a href=\"https:\/\/swissherboriginal.com\/hr\/kategorija-proizvoda-2\/predmeti-za-uzgoj\/podloge\/\">podloge<\/a>, kao <a href=\"https:\/\/swissherboriginal.com\/hr\/ducan\/predmeti-za-uzgoj\/podloge\/biobizz-all-mix\/\">il BioBizz All-Mix<\/a> e agli nostri altri <a href=\"https:\/\/swissherboriginal.com\/hr\/kategorija-proizvoda-2\/predmeti-za-uzgoj\/\">predmeti za uzgoj<\/a>.<\/p>","protected":false},"excerpt":{"rendered":"<ul>\n<li>Biologico<\/li>\n<li>Non fertilizzato<\/li>\n<li>Ideale per tutti i tipi di piante<\/li>\n<li>Ottimo per talee e semenzali<\/li>\n<\/ul>","protected":false},"featured_media":22561,"comment_status":"open","ping_status":"closed","template":"","meta":[],"product_brand":[],"product_cat":[260,262],"product_tag":[108,660,689,653,244,326],"class_list":{"0":"post-22485","1":"product","2":"type-product","3":"status-publish","4":"has-post-thumbnail","6":"product_cat-articoli-da-coltivazione","7":"product_cat-substrati","8":"product_tag-biobizz","9":"product_tag-coltivazione-cannabis","10":"product_tag-coltivazione-greenhouse","11":"product_tag-coltivazione-indoor","12":"product_tag-lightmix","13":"product_tag-substrati-organici","15":"first","16":"instock","17":"shipping-taxable","18":"purchasable","19":"product-type-variable"},"yoast_head":"<!-- This site is optimized with the Yoast SEO Premium plugin v22.0 (Yoast SEO v26.3) - https:\/\/yoast.com\/wordpress\/plugins\/seo\/ -->\n<title>BioBizz Light-Mix | Substrato | Swiss Herb Original<\/title>\n<meta name=\"description\" content=\"Scopri BioBizz Light-Mix per una crescita controllata e organica delle tue piante. Substrato ideale per appassionati verdi. Acquista ora!\" \/>\n<meta name=\"robots\" content=\"index, follow, max-snippet:-1, max-image-preview:large, max-video-preview:-1\" \/>\n<link rel=\"canonical\" href=\"https:\/\/swissherboriginal.com\/hr\/ducan\/predmeti-za-uzgoj\/podloge\/biobizz-light-mix\/\" \/>\n<meta property=\"og:locale\" content=\"hr_HR\" \/>\n<meta property=\"og:type\" content=\"article\" \/>\n<meta property=\"og:title\" content=\"BioBizz Light-Mix\" \/>\n<meta property=\"og:description\" content=\"Scopri BioBizz Light-Mix per una crescita controllata e organica delle tue piante. Substrato ideale per appassionati verdi. Acquista ora!\" \/>\n<meta property=\"og:url\" content=\"https:\/\/swissherboriginal.com\/hr\/ducan\/predmeti-za-uzgoj\/podloge\/biobizz-light-mix\/\" \/>\n<meta property=\"og:site_name\" content=\"Swiss Herb Original\" \/>\n<meta property=\"article:publisher\" content=\"https:\/\/www.facebook.com\/swissherboriginale\/\" \/>\n<meta property=\"article:modified_time\" content=\"2023-11-22T09:47:43+00:00\" \/>\n<meta property=\"og:image\" content=\"https:\/\/swissherboriginal.com\/wp-content\/uploads\/biobizz-light-mix-swiss-herb-original.png\" \/>\n\t<meta property=\"og:image:width\" content=\"800\" \/>\n\t<meta property=\"og:image:height\" content=\"800\" \/>\n\t<meta property=\"og:image:type\" content=\"image\/png\" \/>\n<meta name=\"twitter:card\" content=\"summary_large_image\" \/>\n<meta name=\"twitter:image\" content=\"https:\/\/swissherboriginal.com\/wp-content\/uploads\/biobizz-light-mix-swiss-herb-original.png\" \/>\n<meta name=\"twitter:label1\" content=\"Procijenjeno vrijeme \u010ditanja\" \/>\n\t<meta name=\"twitter:data1\" content=\"2 minute\" \/>\n<script type=\"application\/ld+json\" class=\"yoast-schema-graph\">{\"@context\":\"https:\/\/schema.org\",\"@graph\":[{\"@type\":\"WebPage\",\"@id\":\"https:\/\/swissherboriginal.com\/shop\/articoli-da-coltivazione\/substrati\/biobizz-light-mix\/\",\"url\":\"https:\/\/swissherboriginal.com\/shop\/articoli-da-coltivazione\/substrati\/biobizz-light-mix\/\",\"name\":\"BioBizz Light-Mix | Substrato | Swiss Herb Original\",\"isPartOf\":{\"@id\":\"https:\/\/swissherboriginal.com\/#website\"},\"primaryImageOfPage\":{\"@id\":\"https:\/\/swissherboriginal.com\/shop\/articoli-da-coltivazione\/substrati\/biobizz-light-mix\/#primaryimage\"},\"image\":{\"@id\":\"https:\/\/swissherboriginal.com\/shop\/articoli-da-coltivazione\/substrati\/biobizz-light-mix\/#primaryimage\"},\"thumbnailUrl\":\"https:\/\/swissherboriginal.com\/wp-content\/uploads\/biobizz-light-mix-swiss-herb-original.png\",\"datePublished\":\"2023-09-28T08:00:57+00:00\",\"dateModified\":\"2023-11-22T09:47:43+00:00\",\"description\":\"Scopri BioBizz Light-Mix per una crescita controllata e organica delle tue piante. Substrato ideale per appassionati verdi. Acquista ora!\",\"breadcrumb\":{\"@id\":\"https:\/\/swissherboriginal.com\/shop\/articoli-da-coltivazione\/substrati\/biobizz-light-mix\/#breadcrumb\"},\"inLanguage\":\"hr\",\"potentialAction\":[{\"@type\":\"ReadAction\",\"target\":[\"https:\/\/swissherboriginal.com\/shop\/articoli-da-coltivazione\/substrati\/biobizz-light-mix\/\"]}]},{\"@type\":\"ImageObject\",\"inLanguage\":\"hr\",\"@id\":\"https:\/\/swissherboriginal.com\/shop\/articoli-da-coltivazione\/substrati\/biobizz-light-mix\/#primaryimage\",\"url\":\"https:\/\/swissherboriginal.com\/wp-content\/uploads\/biobizz-light-mix-swiss-herb-original.png\",\"contentUrl\":\"https:\/\/swissherboriginal.com\/wp-content\/uploads\/biobizz-light-mix-swiss-herb-original.png\",\"width\":800,\"height\":800,\"caption\":\"BioBizz Light-Mix\"},{\"@type\":\"BreadcrumbList\",\"@id\":\"https:\/\/swissherboriginal.com\/shop\/articoli-da-coltivazione\/substrati\/biobizz-light-mix\/#breadcrumb\",\"itemListElement\":[{\"@type\":\"ListItem\",\"position\":1,\"name\":\"Home\",\"item\":\"https:\/\/swissherboriginal.com\/\"},{\"@type\":\"ListItem\",\"position\":2,\"name\":\"Negozio Swiss Herb Original\",\"item\":\"https:\/\/swissherboriginal.com\/negozio-swiss-herb-original\/\"},{\"@type\":\"ListItem\",\"position\":3,\"name\":\"BioBizz Light-Mix\"}]},{\"@type\":\"WebSite\",\"@id\":\"https:\/\/swissherboriginal.com\/#website\",\"url\":\"https:\/\/swissherboriginal.com\/\",\"name\":\"Swiss Herb Original\",\"description\":\"\",\"publisher\":{\"@id\":\"https:\/\/swissherboriginal.com\/#organization\"},\"potentialAction\":[{\"@type\":\"SearchAction\",\"target\":{\"@type\":\"EntryPoint\",\"urlTemplate\":\"https:\/\/swissherboriginal.com\/?s={search_term_string}\"},\"query-input\":{\"@type\":\"PropertyValueSpecification\",\"valueRequired\":true,\"valueName\":\"search_term_string\"}}],\"inLanguage\":\"hr\"},{\"@type\":\"Organization\",\"@id\":\"https:\/\/swissherboriginal.com\/#organization\",\"name\":\"Swiss Herb Original\",\"url\":\"https:\/\/swissherboriginal.com\/\",\"logo\":{\"@type\":\"ImageObject\",\"inLanguage\":\"hr\",\"@id\":\"https:\/\/swissherboriginal.com\/#\/schema\/logo\/image\/\",\"url\":\"https:\/\/swissherboriginal.com\/wp-content\/uploads\/logo-menu-tel-swissherb.png\",\"contentUrl\":\"https:\/\/swissherboriginal.com\/wp-content\/uploads\/logo-menu-tel-swissherb.png\",\"width\":512,\"height\":360,\"caption\":\"Swiss Herb Original\"},\"image\":{\"@id\":\"https:\/\/swissherboriginal.com\/#\/schema\/logo\/image\/\"},\"sameAs\":[\"https:\/\/www.facebook.com\/swissherboriginale\/\",\"https:\/\/www.instagram.com\/swissherb_original\"]}]}<\/script>\n<!-- \/ Yoast SEO Premium plugin. -->","yoast_head_json":{"title":"BioBizz Light-Mix | Substrato | Swiss Herb Original","description":"Scopri BioBizz Light-Mix per una crescita controllata e organica delle tue piante. Substrato ideale per appassionati verdi. Acquista ora!","robots":{"index":"index","follow":"follow","max-snippet":"max-snippet:-1","max-image-preview":"max-image-preview:large","max-video-preview":"max-video-preview:-1"},"canonical":"https:\/\/swissherboriginal.com\/hr\/ducan\/predmeti-za-uzgoj\/podloge\/biobizz-light-mix\/","og_locale":"hr_HR","og_type":"article","og_title":"BioBizz Light-Mix","og_description":"Scopri BioBizz Light-Mix per una crescita controllata e organica delle tue piante. Substrato ideale per appassionati verdi. Acquista ora!","og_url":"https:\/\/swissherboriginal.com\/hr\/ducan\/predmeti-za-uzgoj\/podloge\/biobizz-light-mix\/","og_site_name":"Swiss Herb Original","article_publisher":"https:\/\/www.facebook.com\/swissherboriginale\/","article_modified_time":"2023-11-22T09:47:43+00:00","og_image":[{"width":800,"height":800,"url":"https:\/\/swissherboriginal.com\/wp-content\/uploads\/biobizz-light-mix-swiss-herb-original.png","type":"image\/png"}],"twitter_card":"summary_large_image","twitter_image":"https:\/\/swissherboriginal.com\/wp-content\/uploads\/biobizz-light-mix-swiss-herb-original.png","twitter_misc":{"Procijenjeno vrijeme \u010ditanja":"2 minute"},"schema":{"@context":"https:\/\/schema.org","@graph":[{"@type":"WebPage","@id":"https:\/\/swissherboriginal.com\/shop\/articoli-da-coltivazione\/substrati\/biobizz-light-mix\/","url":"https:\/\/swissherboriginal.com\/shop\/articoli-da-coltivazione\/substrati\/biobizz-light-mix\/","name":"BioBizz Light-Mix | Substrato | Swiss Herb Original","isPartOf":{"@id":"https:\/\/swissherboriginal.com\/#website"},"primaryImageOfPage":{"@id":"https:\/\/swissherboriginal.com\/shop\/articoli-da-coltivazione\/substrati\/biobizz-light-mix\/#primaryimage"},"image":{"@id":"https:\/\/swissherboriginal.com\/shop\/articoli-da-coltivazione\/substrati\/biobizz-light-mix\/#primaryimage"},"thumbnailUrl":"https:\/\/swissherboriginal.com\/wp-content\/uploads\/biobizz-light-mix-swiss-herb-original.png","datePublished":"2023-09-28T08:00:57+00:00","dateModified":"2023-11-22T09:47:43+00:00","description":"Scopri BioBizz Light-Mix per una crescita controllata e organica delle tue piante. Substrato ideale per appassionati verdi. Acquista ora!","breadcrumb":{"@id":"https:\/\/swissherboriginal.com\/shop\/articoli-da-coltivazione\/substrati\/biobizz-light-mix\/#breadcrumb"},"inLanguage":"hr","potentialAction":[{"@type":"ReadAction","target":["https:\/\/swissherboriginal.com\/shop\/articoli-da-coltivazione\/substrati\/biobizz-light-mix\/"]}]},{"@type":"ImageObject","inLanguage":"hr","@id":"https:\/\/swissherboriginal.com\/shop\/articoli-da-coltivazione\/substrati\/biobizz-light-mix\/#primaryimage","url":"https:\/\/swissherboriginal.com\/wp-content\/uploads\/biobizz-light-mix-swiss-herb-original.png","contentUrl":"https:\/\/swissherboriginal.com\/wp-content\/uploads\/biobizz-light-mix-swiss-herb-original.png","width":800,"height":800,"caption":"BioBizz Light-Mix"},{"@type":"BreadcrumbList","@id":"https:\/\/swissherboriginal.com\/shop\/articoli-da-coltivazione\/substrati\/biobizz-light-mix\/#breadcrumb","itemListElement":[{"@type":"ListItem","position":1,"name":"Home","item":"https:\/\/swissherboriginal.com\/"},{"@type":"ListItem","position":2,"name":"Negozio Swiss Herb Original","item":"https:\/\/swissherboriginal.com\/negozio-swiss-herb-original\/"},{"@type":"ListItem","position":3,"name":"BioBizz Light-Mix"}]},{"@type":"WebSite","@id":"https:\/\/swissherboriginal.com\/#website","url":"https:\/\/swissherboriginal.com\/","name":"Originalno \u0161vicarsko bilje","description":"","publisher":{"@id":"https:\/\/swissherboriginal.com\/#organization"},"potentialAction":[{"@type":"SearchAction","target":{"@type":"EntryPoint","urlTemplate":"https:\/\/swissherboriginal.com\/?s={search_term_string}"},"query-input":{"@type":"PropertyValueSpecification","valueRequired":true,"valueName":"search_term_string"}}],"inLanguage":"hr"},{"@type":"Organization","@id":"https:\/\/swissherboriginal.com\/#organization","name":"Originalno \u0161vicarsko bilje","url":"https:\/\/swissherboriginal.com\/","logo":{"@type":"ImageObject","inLanguage":"hr","@id":"https:\/\/swissherboriginal.com\/#\/schema\/logo\/image\/","url":"https:\/\/swissherboriginal.com\/wp-content\/uploads\/logo-menu-tel-swissherb.png","contentUrl":"https:\/\/swissherboriginal.com\/wp-content\/uploads\/logo-menu-tel-swissherb.png","width":512,"height":360,"caption":"Swiss Herb Original"},"image":{"@id":"https:\/\/swissherboriginal.com\/#\/schema\/logo\/image\/"},"sameAs":["https:\/\/www.facebook.com\/swissherboriginale\/","https:\/\/www.instagram.com\/swissherb_original"]}]}},"_links":{"self":[{"href":"https:\/\/swissherboriginal.com\/hr\/wp-json\/wp\/v2\/product\/22485","targetHints":{"allow":["GET"]}}],"collection":[{"href":"https:\/\/swissherboriginal.com\/hr\/wp-json\/wp\/v2\/product"}],"about":[{"href":"https:\/\/swissherboriginal.com\/hr\/wp-json\/wp\/v2\/types\/product"}],"replies":[{"embeddable":true,"href":"https:\/\/swissherboriginal.com\/hr\/wp-json\/wp\/v2\/comments?post=22485"}],"wp:featuredmedia":[{"embeddable":true,"href":"https:\/\/swissherboriginal.com\/hr\/wp-json\/wp\/v2\/media\/22561"}],"wp:attachment":[{"href":"https:\/\/swissherboriginal.com\/hr\/wp-json\/wp\/v2\/media?parent=22485"}],"wp:term":[{"taxonomy":"product_brand","embeddable":true,"href":"https:\/\/swissherboriginal.com\/hr\/wp-json\/wp\/v2\/product_brand?post=22485"},{"taxonomy":"product_cat","embeddable":true,"href":"https:\/\/swissherboriginal.com\/hr\/wp-json\/wp\/v2\/product_cat?post=22485"},{"taxonomy":"product_tag","embeddable":true,"href":"https:\/\/swissherboriginal.com\/hr\/wp-json\/wp\/v2\/product_tag?post=22485"}],"curies":[{"name":"wp","href":"https:\/\/api.w.org\/{rel}","templated":true}]}}