{"id":23511,"date":"2023-11-16T10:59:57","date_gmt":"2023-11-16T10:59:57","guid":{"rendered":"https:\/\/swissherboriginal.com\/?post_type=product&#038;p=23511"},"modified":"2023-12-06T15:24:53","modified_gmt":"2023-12-06T15:24:53","slug":"lumatek-ats-300-w-pro-led","status":"publish","type":"product","link":"https:\/\/swissherboriginal.com\/hr\/ducan\/predmeti-za-uzgoj\/lampe-od-kanabisa\/lumatek-ats-300-w-pro-led\/","title":{"rendered":"Lumatek ATS 300 W PRO LED"},"content":{"rendered":"<h2>Lumatek ATS 300W PRO LED<\/h2>\n<p>La Lumatek ATS 300 PRO LED \u00e8 un apparecchio di luce di crescita estremamente efficiente che utilizza la tecnologia LED per offrire prestazioni sorprendenti. Con un modello da 300W, questa unit\u00e0 \u00e8 in grado di produrre una potenza fotosinteticamente attiva (PPF) di 816 \u00b5mol\/s a un rapporto di efficienza luminosa di 2,7 \u00b5mol\/J. Queste caratteristiche la rendono ideale per coprire un&#8217;area di coltivazione di 1 m<sup>2<\/sup>.<\/p>\n<p>Nel mondo dell&#8217;orticoltura, le soluzioni LED stanno diventando sempre pi\u00f9 popolari. Questo grazie ai continui progressi tecnologici che hanno portato a un miglioramento delle prestazioni degli apparecchi. La Lumatek ATS 300W PRO LED \u00e8 un ottimo esempio di come l&#8217;illuminazione LED ad alta qualit\u00e0 possa offrire un significativo ritorno sull&#8217;investimento per i coltivatori. Queste luci LED a spettro completo offrono una combinazione bilanciata di qualit\u00e0 della luce e intensit\u00e0 luminosa. Garantendo cos\u00ec un&#8217;affidabile fonte di illuminazione per tutto il ciclo di coltivazione, dalla fase vegetativa al periodo di fioritura.<\/p>\n<p>La serie Lumatek ATS \u00e8 una gamma di luci di crescita a LED a spettro completo. Questa serie utilizza LED di alta qualit\u00e0 della marca LUMLED e driver Lumatek dimmerabili. L&#8217;apparecchio leggero \u00e8 ideale per essere utilizzato come fonte di luce principale o come luce supplementare durante le fasi di propagazione, clonazione, vegetativa e di fioritura delle colture coltivate indoor. L&#8217;ampia gamma di LED utilizzati in queste luci garantisce una diffusione uniforme della luce a breve distanza dalla pianta. Consentendo cos\u00ec una buona penetrazione del baldacchino senza hotspot e senza surriscaldamento.<\/p>\n<p>La Lumatek ATS 300W PRO LED presenta anche un design innovativo del dissipatore di calore che sfrutta la convezione naturale passiva per eliminare la necessit\u00e0 di una ventola. Questo non solo riduce la produzione di rumore, ma aumenta anche la durata dell&#8217;apparecchio, in quanto non presenta parti mobili soggette ad usura. Grazie a questa soluzione di raffreddamento efficiente e silenziosa, l&#8217;apparecchio pu\u00f2 funzionare in modo continuo senza problemi di surriscaldamento o di degrado delle prestazioni.<\/p>\n<p>In sintesi, la Lumatek ATS 300W PRO LED \u00e8 un incredibile apparecchio di luce di crescita. Offre prestazioni eccezionali in termini di efficienza e qualit\u00e0 della luce. Grazie al suo design avanzato e alle sue caratteristiche innovative, \u00e8 in grado di fornire una fonte di illuminazione affidabile e duratura per coltivazioni indoor di dimensioni medie. Se sei un coltivatore serio e cerchi un&#8217;apparecchiatura di illuminazione altamente efficiente, la Lumatek ATS 300 PRO LED potrebbe essere la soluzione perfetta per te.<\/p>\n<p>Pogledajte i ostale <a href=\"https:\/\/swissherboriginal.com\/hr\/kategorija-proizvoda-2\/predmeti-za-uzgoj\/lampe-od-kanabisa\/\">lampe<\/a>, kao <a href=\"https:\/\/swissherboriginal.com\/hr\/ducan\/predmeti-za-uzgoj\/lampe-od-kanabisa\/led-lumatek-attis-300w\/\">la LED Lumatek Attis 300W<\/a> i drugima <a href=\"https:\/\/swissherboriginal.com\/hr\/kategorija-proizvoda-2\/predmeti-za-uzgoj\/\">\u010dlanci za uzgoj konoplje<\/a>.<\/p>","protected":false},"excerpt":{"rendered":"<ul>\n<li data-moz-translations-id=\"1\">Alta efficacia 2,7 \u00b5mol\/J<\/li>\n<li data-moz-translations-id=\"2\">Autisti Lumatek LED di alta qualit\u00e0<\/li>\n<li data-moz-translations-id=\"3\">Uscita PPF elevata per alta intensit\u00e0 816 \u00b5mol\/s<\/li>\n<li data-moz-translations-id=\"4\">Spettro completo equilibrato<\/li>\n<li data-moz-translations-id=\"5\">Plug &amp; Play<\/li>\n<li data-moz-translations-id=\"6\">Design compatto ideale per 1 m<sup>2<\/sup> di superficie di coltivazione<\/li>\n<li data-moz-translations-id=\"7\">Completamente dimmerabile<\/li>\n<li data-moz-translations-id=\"8\">3 anni di garanzia<\/li>\n<\/ul>","protected":false},"featured_media":23512,"comment_status":"open","ping_status":"closed","template":"","meta":[],"product_brand":[],"product_cat":[260,275],"product_tag":[660,653,241,164,230],"class_list":{"0":"post-23511","1":"product","2":"type-product","3":"status-publish","4":"has-post-thumbnail","6":"product_cat-articoli-da-coltivazione","7":"product_cat-lampade-per-cannabis","8":"product_tag-coltivazione-cannabis","9":"product_tag-coltivazione-indoor","10":"product_tag-lampade-led","11":"product_tag-lumatek","12":"product_tag-strumenti-per-cannabis","14":"first","15":"instock","16":"sale","17":"shipping-taxable","18":"purchasable","19":"product-type-simple"},"yoast_head":"<!-- This site is optimized with the Yoast SEO Premium plugin v22.0 (Yoast SEO v26.3) - https:\/\/yoast.com\/wordpress\/plugins\/seo\/ -->\n<title>Lumatek ATS 300 W PRO LED | Coltivazione Indoor | Swiss Herb Original<\/title>\n<meta name=\"description\" content=\"Scopri la potenza della Lumatek ATS 300W PRO LED! Illumina la tua coltivazione con prestazioni sorprendenti. Acquistala ora!\" \/>\n<meta name=\"robots\" content=\"index, follow, max-snippet:-1, max-image-preview:large, max-video-preview:-1\" \/>\n<link rel=\"canonical\" href=\"https:\/\/swissherboriginal.com\/hr\/ducan\/predmeti-za-uzgoj\/lampe-od-kanabisa\/lumatek-ats-300-w-pro-led\/\" \/>\n<meta property=\"og:locale\" content=\"hr_HR\" \/>\n<meta property=\"og:type\" content=\"article\" \/>\n<meta property=\"og:title\" content=\"Lumatek ATS 300 W PRO LED\" \/>\n<meta property=\"og:description\" content=\"Scopri la potenza della Lumatek ATS 300W PRO LED! Illumina la tua coltivazione con prestazioni sorprendenti. Acquistala ora!\" \/>\n<meta property=\"og:url\" content=\"https:\/\/swissherboriginal.com\/hr\/ducan\/predmeti-za-uzgoj\/lampe-od-kanabisa\/lumatek-ats-300-w-pro-led\/\" \/>\n<meta property=\"og:site_name\" content=\"Swiss Herb Original\" \/>\n<meta property=\"article:publisher\" content=\"https:\/\/www.facebook.com\/swissherboriginale\/\" \/>\n<meta property=\"article:modified_time\" content=\"2023-12-06T15:24:53+00:00\" \/>\n<meta property=\"og:image\" content=\"https:\/\/swissherboriginal.com\/wp-content\/uploads\/lumatek-ats-300-w-pro-led-swiss-herb-original.png\" \/>\n\t<meta property=\"og:image:width\" content=\"800\" \/>\n\t<meta property=\"og:image:height\" content=\"800\" \/>\n\t<meta property=\"og:image:type\" content=\"image\/png\" \/>\n<meta name=\"twitter:card\" content=\"summary_large_image\" \/>\n<meta name=\"twitter:image\" content=\"https:\/\/swissherboriginal.com\/wp-content\/uploads\/lumatek-ats-300-w-pro-led-swiss-herb-original.png\" \/>\n<meta name=\"twitter:label1\" content=\"Procijenjeno vrijeme \u010ditanja\" \/>\n\t<meta name=\"twitter:data1\" content=\"3 minute\" \/>\n<script type=\"application\/ld+json\" class=\"yoast-schema-graph\">{\"@context\":\"https:\/\/schema.org\",\"@graph\":[{\"@type\":\"WebPage\",\"@id\":\"https:\/\/swissherboriginal.com\/shop\/articoli-da-coltivazione\/lampade-per-cannabis\/lumatek-ats-300-w-pro-led\/\",\"url\":\"https:\/\/swissherboriginal.com\/shop\/articoli-da-coltivazione\/lampade-per-cannabis\/lumatek-ats-300-w-pro-led\/\",\"name\":\"Lumatek ATS 300 W PRO LED | Coltivazione Indoor | Swiss Herb Original\",\"isPartOf\":{\"@id\":\"https:\/\/swissherboriginal.com\/#website\"},\"primaryImageOfPage\":{\"@id\":\"https:\/\/swissherboriginal.com\/shop\/articoli-da-coltivazione\/lampade-per-cannabis\/lumatek-ats-300-w-pro-led\/#primaryimage\"},\"image\":{\"@id\":\"https:\/\/swissherboriginal.com\/shop\/articoli-da-coltivazione\/lampade-per-cannabis\/lumatek-ats-300-w-pro-led\/#primaryimage\"},\"thumbnailUrl\":\"https:\/\/swissherboriginal.com\/wp-content\/uploads\/lumatek-ats-300-w-pro-led-swiss-herb-original.png\",\"datePublished\":\"2023-11-16T10:59:57+00:00\",\"dateModified\":\"2023-12-06T15:24:53+00:00\",\"description\":\"Scopri la potenza della Lumatek ATS 300W PRO LED! Illumina la tua coltivazione con prestazioni sorprendenti. Acquistala ora!\",\"breadcrumb\":{\"@id\":\"https:\/\/swissherboriginal.com\/shop\/articoli-da-coltivazione\/lampade-per-cannabis\/lumatek-ats-300-w-pro-led\/#breadcrumb\"},\"inLanguage\":\"hr\",\"potentialAction\":[{\"@type\":\"ReadAction\",\"target\":[\"https:\/\/swissherboriginal.com\/shop\/articoli-da-coltivazione\/lampade-per-cannabis\/lumatek-ats-300-w-pro-led\/\"]}]},{\"@type\":\"ImageObject\",\"inLanguage\":\"hr\",\"@id\":\"https:\/\/swissherboriginal.com\/shop\/articoli-da-coltivazione\/lampade-per-cannabis\/lumatek-ats-300-w-pro-led\/#primaryimage\",\"url\":\"https:\/\/swissherboriginal.com\/wp-content\/uploads\/lumatek-ats-300-w-pro-led-swiss-herb-original.png\",\"contentUrl\":\"https:\/\/swissherboriginal.com\/wp-content\/uploads\/lumatek-ats-300-w-pro-led-swiss-herb-original.png\",\"width\":800,\"height\":800,\"caption\":\"Lumatek ATS 300W PRO LED\"},{\"@type\":\"BreadcrumbList\",\"@id\":\"https:\/\/swissherboriginal.com\/shop\/articoli-da-coltivazione\/lampade-per-cannabis\/lumatek-ats-300-w-pro-led\/#breadcrumb\",\"itemListElement\":[{\"@type\":\"ListItem\",\"position\":1,\"name\":\"Home\",\"item\":\"https:\/\/swissherboriginal.com\/\"},{\"@type\":\"ListItem\",\"position\":2,\"name\":\"Negozio Swiss Herb Original\",\"item\":\"https:\/\/swissherboriginal.com\/negozio-swiss-herb-original\/\"},{\"@type\":\"ListItem\",\"position\":3,\"name\":\"Lumatek ATS 300 W PRO LED\"}]},{\"@type\":\"WebSite\",\"@id\":\"https:\/\/swissherboriginal.com\/#website\",\"url\":\"https:\/\/swissherboriginal.com\/\",\"name\":\"Swiss Herb Original\",\"description\":\"\",\"publisher\":{\"@id\":\"https:\/\/swissherboriginal.com\/#organization\"},\"potentialAction\":[{\"@type\":\"SearchAction\",\"target\":{\"@type\":\"EntryPoint\",\"urlTemplate\":\"https:\/\/swissherboriginal.com\/?s={search_term_string}\"},\"query-input\":{\"@type\":\"PropertyValueSpecification\",\"valueRequired\":true,\"valueName\":\"search_term_string\"}}],\"inLanguage\":\"hr\"},{\"@type\":\"Organization\",\"@id\":\"https:\/\/swissherboriginal.com\/#organization\",\"name\":\"Swiss Herb Original\",\"url\":\"https:\/\/swissherboriginal.com\/\",\"logo\":{\"@type\":\"ImageObject\",\"inLanguage\":\"hr\",\"@id\":\"https:\/\/swissherboriginal.com\/#\/schema\/logo\/image\/\",\"url\":\"https:\/\/swissherboriginal.com\/wp-content\/uploads\/logo-menu-tel-swissherb.png\",\"contentUrl\":\"https:\/\/swissherboriginal.com\/wp-content\/uploads\/logo-menu-tel-swissherb.png\",\"width\":512,\"height\":360,\"caption\":\"Swiss Herb Original\"},\"image\":{\"@id\":\"https:\/\/swissherboriginal.com\/#\/schema\/logo\/image\/\"},\"sameAs\":[\"https:\/\/www.facebook.com\/swissherboriginale\/\",\"https:\/\/www.instagram.com\/swissherb_original\"]}]}<\/script>\n<!-- \/ Yoast SEO Premium plugin. -->","yoast_head_json":{"title":"Lumatek ATS 300 W PRO LED | Coltivazione Indoor | Swiss Herb Original","description":"Scopri la potenza della Lumatek ATS 300W PRO LED! Illumina la tua coltivazione con prestazioni sorprendenti. Acquistala ora!","robots":{"index":"index","follow":"follow","max-snippet":"max-snippet:-1","max-image-preview":"max-image-preview:large","max-video-preview":"max-video-preview:-1"},"canonical":"https:\/\/swissherboriginal.com\/hr\/ducan\/predmeti-za-uzgoj\/lampe-od-kanabisa\/lumatek-ats-300-w-pro-led\/","og_locale":"hr_HR","og_type":"article","og_title":"Lumatek ATS 300 W PRO LED","og_description":"Scopri la potenza della Lumatek ATS 300W PRO LED! Illumina la tua coltivazione con prestazioni sorprendenti. Acquistala ora!","og_url":"https:\/\/swissherboriginal.com\/hr\/ducan\/predmeti-za-uzgoj\/lampe-od-kanabisa\/lumatek-ats-300-w-pro-led\/","og_site_name":"Swiss Herb Original","article_publisher":"https:\/\/www.facebook.com\/swissherboriginale\/","article_modified_time":"2023-12-06T15:24:53+00:00","og_image":[{"width":800,"height":800,"url":"https:\/\/swissherboriginal.com\/wp-content\/uploads\/lumatek-ats-300-w-pro-led-swiss-herb-original.png","type":"image\/png"}],"twitter_card":"summary_large_image","twitter_image":"https:\/\/swissherboriginal.com\/wp-content\/uploads\/lumatek-ats-300-w-pro-led-swiss-herb-original.png","twitter_misc":{"Procijenjeno vrijeme \u010ditanja":"3 minute"},"schema":{"@context":"https:\/\/schema.org","@graph":[{"@type":"WebPage","@id":"https:\/\/swissherboriginal.com\/shop\/articoli-da-coltivazione\/lampade-per-cannabis\/lumatek-ats-300-w-pro-led\/","url":"https:\/\/swissherboriginal.com\/shop\/articoli-da-coltivazione\/lampade-per-cannabis\/lumatek-ats-300-w-pro-led\/","name":"Lumatek ATS 300 W PRO LED | Coltivazione Indoor | Swiss Herb Original","isPartOf":{"@id":"https:\/\/swissherboriginal.com\/#website"},"primaryImageOfPage":{"@id":"https:\/\/swissherboriginal.com\/shop\/articoli-da-coltivazione\/lampade-per-cannabis\/lumatek-ats-300-w-pro-led\/#primaryimage"},"image":{"@id":"https:\/\/swissherboriginal.com\/shop\/articoli-da-coltivazione\/lampade-per-cannabis\/lumatek-ats-300-w-pro-led\/#primaryimage"},"thumbnailUrl":"https:\/\/swissherboriginal.com\/wp-content\/uploads\/lumatek-ats-300-w-pro-led-swiss-herb-original.png","datePublished":"2023-11-16T10:59:57+00:00","dateModified":"2023-12-06T15:24:53+00:00","description":"Scopri la potenza della Lumatek ATS 300W PRO LED! Illumina la tua coltivazione con prestazioni sorprendenti. Acquistala ora!","breadcrumb":{"@id":"https:\/\/swissherboriginal.com\/shop\/articoli-da-coltivazione\/lampade-per-cannabis\/lumatek-ats-300-w-pro-led\/#breadcrumb"},"inLanguage":"hr","potentialAction":[{"@type":"ReadAction","target":["https:\/\/swissherboriginal.com\/shop\/articoli-da-coltivazione\/lampade-per-cannabis\/lumatek-ats-300-w-pro-led\/"]}]},{"@type":"ImageObject","inLanguage":"hr","@id":"https:\/\/swissherboriginal.com\/shop\/articoli-da-coltivazione\/lampade-per-cannabis\/lumatek-ats-300-w-pro-led\/#primaryimage","url":"https:\/\/swissherboriginal.com\/wp-content\/uploads\/lumatek-ats-300-w-pro-led-swiss-herb-original.png","contentUrl":"https:\/\/swissherboriginal.com\/wp-content\/uploads\/lumatek-ats-300-w-pro-led-swiss-herb-original.png","width":800,"height":800,"caption":"Lumatek ATS 300W PRO LED"},{"@type":"BreadcrumbList","@id":"https:\/\/swissherboriginal.com\/shop\/articoli-da-coltivazione\/lampade-per-cannabis\/lumatek-ats-300-w-pro-led\/#breadcrumb","itemListElement":[{"@type":"ListItem","position":1,"name":"Home","item":"https:\/\/swissherboriginal.com\/"},{"@type":"ListItem","position":2,"name":"Negozio Swiss Herb Original","item":"https:\/\/swissherboriginal.com\/negozio-swiss-herb-original\/"},{"@type":"ListItem","position":3,"name":"Lumatek ATS 300 W PRO LED"}]},{"@type":"WebSite","@id":"https:\/\/swissherboriginal.com\/#website","url":"https:\/\/swissherboriginal.com\/","name":"Originalno \u0161vicarsko bilje","description":"","publisher":{"@id":"https:\/\/swissherboriginal.com\/#organization"},"potentialAction":[{"@type":"SearchAction","target":{"@type":"EntryPoint","urlTemplate":"https:\/\/swissherboriginal.com\/?s={search_term_string}"},"query-input":{"@type":"PropertyValueSpecification","valueRequired":true,"valueName":"search_term_string"}}],"inLanguage":"hr"},{"@type":"Organization","@id":"https:\/\/swissherboriginal.com\/#organization","name":"Originalno \u0161vicarsko bilje","url":"https:\/\/swissherboriginal.com\/","logo":{"@type":"ImageObject","inLanguage":"hr","@id":"https:\/\/swissherboriginal.com\/#\/schema\/logo\/image\/","url":"https:\/\/swissherboriginal.com\/wp-content\/uploads\/logo-menu-tel-swissherb.png","contentUrl":"https:\/\/swissherboriginal.com\/wp-content\/uploads\/logo-menu-tel-swissherb.png","width":512,"height":360,"caption":"Swiss Herb Original"},"image":{"@id":"https:\/\/swissherboriginal.com\/#\/schema\/logo\/image\/"},"sameAs":["https:\/\/www.facebook.com\/swissherboriginale\/","https:\/\/www.instagram.com\/swissherb_original"]}]}},"_links":{"self":[{"href":"https:\/\/swissherboriginal.com\/hr\/wp-json\/wp\/v2\/product\/23511","targetHints":{"allow":["GET"]}}],"collection":[{"href":"https:\/\/swissherboriginal.com\/hr\/wp-json\/wp\/v2\/product"}],"about":[{"href":"https:\/\/swissherboriginal.com\/hr\/wp-json\/wp\/v2\/types\/product"}],"replies":[{"embeddable":true,"href":"https:\/\/swissherboriginal.com\/hr\/wp-json\/wp\/v2\/comments?post=23511"}],"wp:featuredmedia":[{"embeddable":true,"href":"https:\/\/swissherboriginal.com\/hr\/wp-json\/wp\/v2\/media\/23512"}],"wp:attachment":[{"href":"https:\/\/swissherboriginal.com\/hr\/wp-json\/wp\/v2\/media?parent=23511"}],"wp:term":[{"taxonomy":"product_brand","embeddable":true,"href":"https:\/\/swissherboriginal.com\/hr\/wp-json\/wp\/v2\/product_brand?post=23511"},{"taxonomy":"product_cat","embeddable":true,"href":"https:\/\/swissherboriginal.com\/hr\/wp-json\/wp\/v2\/product_cat?post=23511"},{"taxonomy":"product_tag","embeddable":true,"href":"https:\/\/swissherboriginal.com\/hr\/wp-json\/wp\/v2\/product_tag?post=23511"}],"curies":[{"name":"wp","href":"https:\/\/api.w.org\/{rel}","templated":true}]}}