{"id":356,"date":"2022-12-07T12:16:13","date_gmt":"2022-12-07T12:16:13","guid":{"rendered":"https:\/\/swissherboriginal.com\/?post_type=product&#038;p=356"},"modified":"2023-11-22T12:18:22","modified_gmt":"2023-11-22T12:18:22","slug":"cbd-krema-za-umorne-noge-dr-kent","status":"publish","type":"product","link":"https:\/\/swissherboriginal.com\/hr\/ducan\/cbd-kozmetika\/njega-koze\/cbd-krema-za-umorne-noge-dr-kent\/","title":{"rendered":"CBD krema za umorne noge Dr. Kent"},"content":{"rendered":"<h2>CBD krema za umorne noge Dr. Kent<\/h2>\n<p>Dr. Kent&#039;s CBD krema za umorne noge je krema bogata kanabidiolom (CBD-om). Posebno je formulirana za ubla\u017eavanje i umirivanje umornih mi\u0161i\u0107a i tkiva nogu. Ova krema je osmi\u0161ljena kako bi pomogla u ubla\u017eavanju bolova u mi\u0161i\u0107ima i umora nakon dugog radnog dana ili intenzivnog treninga.<\/p>\n<p>CBD krema za umorne noge napravljena je od prirodnih sastojaka, uklju\u010duju\u0107i ulje sjemenki konoplje, koje je bogato hranjivim tvarima korisnim za ko\u017eu poput esencijalnih omega-3 i omega-6 masnih kiselina, te ima protuupalna svojstva. CBD se ekstrahira iz konoplje i poznat je po svojim protuupalnim, analgetskim i umiruju\u0107im svojstvima. Krema tako\u0111er sadr\u017ei ekstrakt arnike montane, kamilicu i ulje lavande, koji poma\u017eu u opu\u0161tanju mi\u0161i\u0107a i smanjenju umora mi\u0161i\u0107a.<\/p>\n<p>CBD krema za umorne noge lako se nanosi, brzo se upija i ne ostavlja mastan trag na ko\u017ei. Krema se brzo upija u ko\u017eu, poti\u010de cirkulaciju krvi i smanjuje upalu i osje\u0107aj te\u0161kih nogu. Ovaj proizvod je dermatolo\u0161ki testiran te je siguran i u\u010dinkovit za svakodnevnu upotrebu.<\/p>\n<p>Osim zdravstvenih prednosti, CBD krema za umorne noge ima nje\u017ean i elegantan miris, opu\u0161taju\u0107i i bez umjetnih aroma. Pakiranje uklju\u010duje bocu komprimiranog zraka od 50 ml, \u0161to je \u010dini lakom za no\u0161enje zahvaljuju\u0107i maloj veli\u010dini i maloj te\u017eini.<\/p>\n<p>Ukratko, Dr. Kent&#039;s CBD krema za umorne noge u\u010dinkovit je i inovativan proizvod za lije\u010denje umora mi\u0161i\u0107a nakon intenzivnog treninga ili dugog radnog dana. Zahvaljuju\u0107i prirodnim sastojcima s visokom koncentracijom CBD-a te protuupalnim i analgetskim svojstvima, ova krema mo\u017ee ubla\u017eiti i umiriti mi\u0161i\u0107e nogu, poti\u010du\u0107i cirkulaciju krvi i smanjuju\u0107i osje\u0107aj te\u017eine i umora. Ambala\u017ea tako\u0111er olak\u0161ava kori\u0161tenje i no\u0161enje proizvoda bilo gdje.<\/p>\n<p>Probaj i ostale <a href=\"https:\/\/swissherboriginal.com\/hr\/kategorija-proizvoda-2\/cbd-kozmetika\/\">Kozmetika na bazi CBD-a<\/a> od dr. Kenta <a href=\"https:\/\/swissherboriginal.com\/hr\/kategorija-proizvoda-2\/cbd-kozmetika\/njega-koze\/\">za borbu protiv bolova u mi\u0161i\u0107ima i zglobovima<\/a>, kao <a href=\"https:\/\/swissherboriginal.com\/hr\/ducan\/cbd-kozmetika\/njega-koze\/sports-gel-dr-kent\/\">sportski gel<\/a>\u00a0e <a href=\"https:\/\/swissherboriginal.com\/hr\/ducan\/cbd-kozmetika\/njega-koze\/glucosamine-cream-dr-kent\/\">glukozaminska krema<\/a>, oba izvrsna rje\u0161enja koja \u0107e vam pomo\u0107i da se oprostite od boli.<\/p>","protected":false},"excerpt":{"rendered":"<ul>\n<li>Krema s CBD-om<\/li>\n<li>Umiruje mi\u0161i\u0107e<\/li>\n<li>Ulje sjemenki konoplje<\/li>\n<li>Arnika montana<\/li>\n<li>Kamilica<\/li>\n<li>Ulje lavande<\/li>\n<\/ul>","protected":false},"featured_media":4053,"comment_status":"open","ping_status":"closed","template":"","meta":[],"product_brand":[],"product_cat":[251,253],"product_tag":[306,308,198,200,301,311,174],"class_list":{"0":"post-356","1":"product","2":"type-product","3":"status-publish","4":"has-post-thumbnail","6":"product_cat-cosmetici-cbd","7":"product_cat-cura-della-pelle","8":"product_tag-cbd-antidolorifico","9":"product_tag-cbd-antinfiammatorio","10":"product_tag-cbd-curativo","11":"product_tag-cbd-per-sportivi","12":"product_tag-crema-cbd","13":"product_tag-crema-lenitiva-cbd","14":"product_tag-dr-kent","16":"first","17":"instock","18":"sale","19":"shipping-taxable","20":"purchasable","21":"product-type-simple"},"yoast_head":"<!-- This site is optimized with the Yoast SEO Premium plugin v22.0 (Yoast SEO v26.3) - https:\/\/yoast.com\/wordpress\/plugins\/seo\/ -->\n<title>CBD Cream for Tired Legs Dr. Kent | Swiss Herb Original<\/title>\n<meta name=\"description\" content=\"Ridona vitalit\u00e0 alle gambe stanche con la CBD Cream for Tired Legs Dr. Kent. Provala subito per un immediato sollievo naturale e un profondo rilassamento!\" \/>\n<meta name=\"robots\" content=\"index, follow, max-snippet:-1, max-image-preview:large, max-video-preview:-1\" \/>\n<link rel=\"canonical\" href=\"https:\/\/swissherboriginal.com\/hr\/ducan\/cbd-kozmetika\/njega-koze\/cbd-krema-za-umorne-noge-dr-kent\/\" \/>\n<meta property=\"og:locale\" content=\"hr_HR\" \/>\n<meta property=\"og:type\" content=\"article\" \/>\n<meta property=\"og:title\" content=\"CBD Cream for Tired Legs Dr. Kent\" \/>\n<meta property=\"og:description\" content=\"Ridona vitalit\u00e0 alle gambe stanche con la CBD Cream for Tired Legs Dr. Kent. Provala subito per un immediato sollievo naturale e un profondo rilassamento!\" \/>\n<meta property=\"og:url\" content=\"https:\/\/swissherboriginal.com\/hr\/ducan\/cbd-kozmetika\/njega-koze\/cbd-krema-za-umorne-noge-dr-kent\/\" \/>\n<meta property=\"og:site_name\" content=\"Swiss Herb Original\" \/>\n<meta property=\"article:publisher\" content=\"https:\/\/www.facebook.com\/swissherboriginale\/\" \/>\n<meta property=\"article:modified_time\" content=\"2023-11-22T12:18:22+00:00\" \/>\n<meta property=\"og:image\" content=\"https:\/\/swissherboriginal.com\/wp-content\/uploads\/dr-kent-cbd-cream-for-tired-legs-swiss-herb-original.png\" \/>\n\t<meta property=\"og:image:width\" content=\"800\" \/>\n\t<meta property=\"og:image:height\" content=\"800\" \/>\n\t<meta property=\"og:image:type\" content=\"image\/png\" \/>\n<meta name=\"twitter:card\" content=\"summary_large_image\" \/>\n<meta name=\"twitter:image\" content=\"https:\/\/swissherboriginal.com\/wp-content\/uploads\/dr-kent-cbd-cream-for-tired-legs-swiss-herb-original.png\" \/>\n<meta name=\"twitter:label1\" content=\"Procijenjeno vrijeme \u010ditanja\" \/>\n\t<meta name=\"twitter:data1\" content=\"2 minute\" \/>\n<script type=\"application\/ld+json\" class=\"yoast-schema-graph\">{\"@context\":\"https:\/\/schema.org\",\"@graph\":[{\"@type\":\"WebPage\",\"@id\":\"https:\/\/swissherboriginal.com\/shop\/cosmetici-cbd\/cura-della-pelle\/cbd-cream-for-tired-legs-dr-kent\/\",\"url\":\"https:\/\/swissherboriginal.com\/shop\/cosmetici-cbd\/cura-della-pelle\/cbd-cream-for-tired-legs-dr-kent\/\",\"name\":\"CBD Cream for Tired Legs Dr. Kent | Swiss Herb Original\",\"isPartOf\":{\"@id\":\"https:\/\/swissherboriginal.com\/#website\"},\"primaryImageOfPage\":{\"@id\":\"https:\/\/swissherboriginal.com\/shop\/cosmetici-cbd\/cura-della-pelle\/cbd-cream-for-tired-legs-dr-kent\/#primaryimage\"},\"image\":{\"@id\":\"https:\/\/swissherboriginal.com\/shop\/cosmetici-cbd\/cura-della-pelle\/cbd-cream-for-tired-legs-dr-kent\/#primaryimage\"},\"thumbnailUrl\":\"https:\/\/swissherboriginal.com\/wp-content\/uploads\/dr-kent-cbd-cream-for-tired-legs-swiss-herb-original.png\",\"datePublished\":\"2022-12-07T12:16:13+00:00\",\"dateModified\":\"2023-11-22T12:18:22+00:00\",\"description\":\"Ridona vitalit\u00e0 alle gambe stanche con la CBD Cream for Tired Legs Dr. Kent. Provala subito per un immediato sollievo naturale e un profondo rilassamento!\",\"breadcrumb\":{\"@id\":\"https:\/\/swissherboriginal.com\/shop\/cosmetici-cbd\/cura-della-pelle\/cbd-cream-for-tired-legs-dr-kent\/#breadcrumb\"},\"inLanguage\":\"hr\",\"potentialAction\":[{\"@type\":\"ReadAction\",\"target\":[\"https:\/\/swissherboriginal.com\/shop\/cosmetici-cbd\/cura-della-pelle\/cbd-cream-for-tired-legs-dr-kent\/\"]}]},{\"@type\":\"ImageObject\",\"inLanguage\":\"hr\",\"@id\":\"https:\/\/swissherboriginal.com\/shop\/cosmetici-cbd\/cura-della-pelle\/cbd-cream-for-tired-legs-dr-kent\/#primaryimage\",\"url\":\"https:\/\/swissherboriginal.com\/wp-content\/uploads\/dr-kent-cbd-cream-for-tired-legs-swiss-herb-original.png\",\"contentUrl\":\"https:\/\/swissherboriginal.com\/wp-content\/uploads\/dr-kent-cbd-cream-for-tired-legs-swiss-herb-original.png\",\"width\":800,\"height\":800,\"caption\":\"CBD Cream for Tired Legs Dr. Kent\"},{\"@type\":\"BreadcrumbList\",\"@id\":\"https:\/\/swissherboriginal.com\/shop\/cosmetici-cbd\/cura-della-pelle\/cbd-cream-for-tired-legs-dr-kent\/#breadcrumb\",\"itemListElement\":[{\"@type\":\"ListItem\",\"position\":1,\"name\":\"Home\",\"item\":\"https:\/\/swissherboriginal.com\/\"},{\"@type\":\"ListItem\",\"position\":2,\"name\":\"Negozio Swiss Herb Original\",\"item\":\"https:\/\/swissherboriginal.com\/negozio-swiss-herb-original\/\"},{\"@type\":\"ListItem\",\"position\":3,\"name\":\"CBD Cream for Tired Legs Dr. Kent\"}]},{\"@type\":\"WebSite\",\"@id\":\"https:\/\/swissherboriginal.com\/#website\",\"url\":\"https:\/\/swissherboriginal.com\/\",\"name\":\"Swiss Herb Original\",\"description\":\"\",\"publisher\":{\"@id\":\"https:\/\/swissherboriginal.com\/#organization\"},\"potentialAction\":[{\"@type\":\"SearchAction\",\"target\":{\"@type\":\"EntryPoint\",\"urlTemplate\":\"https:\/\/swissherboriginal.com\/?s={search_term_string}\"},\"query-input\":{\"@type\":\"PropertyValueSpecification\",\"valueRequired\":true,\"valueName\":\"search_term_string\"}}],\"inLanguage\":\"hr\"},{\"@type\":\"Organization\",\"@id\":\"https:\/\/swissherboriginal.com\/#organization\",\"name\":\"Swiss Herb Original\",\"url\":\"https:\/\/swissherboriginal.com\/\",\"logo\":{\"@type\":\"ImageObject\",\"inLanguage\":\"hr\",\"@id\":\"https:\/\/swissherboriginal.com\/#\/schema\/logo\/image\/\",\"url\":\"https:\/\/swissherboriginal.com\/wp-content\/uploads\/logo-menu-tel-swissherb.png\",\"contentUrl\":\"https:\/\/swissherboriginal.com\/wp-content\/uploads\/logo-menu-tel-swissherb.png\",\"width\":512,\"height\":360,\"caption\":\"Swiss Herb Original\"},\"image\":{\"@id\":\"https:\/\/swissherboriginal.com\/#\/schema\/logo\/image\/\"},\"sameAs\":[\"https:\/\/www.facebook.com\/swissherboriginale\/\",\"https:\/\/www.instagram.com\/swissherb_original\"]}]}<\/script>\n<!-- \/ Yoast SEO Premium plugin. -->","yoast_head_json":{"title":"CBD krema za umorne noge Dr. Kent | Original \u0161vicarskog bilja","description":"Revitalizirajte umorne noge Dr. Kentovom CBD kremom za umorne noge. Isprobajte je odmah za trenutno prirodno olak\u0161anje i duboko opu\u0161tanje!","robots":{"index":"index","follow":"follow","max-snippet":"max-snippet:-1","max-image-preview":"max-image-preview:large","max-video-preview":"max-video-preview:-1"},"canonical":"https:\/\/swissherboriginal.com\/hr\/ducan\/cbd-kozmetika\/njega-koze\/cbd-krema-za-umorne-noge-dr-kent\/","og_locale":"hr_HR","og_type":"article","og_title":"CBD Cream for Tired Legs Dr. Kent","og_description":"Ridona vitalit\u00e0 alle gambe stanche con la CBD Cream for Tired Legs Dr. Kent. Provala subito per un immediato sollievo naturale e un profondo rilassamento!","og_url":"https:\/\/swissherboriginal.com\/hr\/ducan\/cbd-kozmetika\/njega-koze\/cbd-krema-za-umorne-noge-dr-kent\/","og_site_name":"Swiss Herb Original","article_publisher":"https:\/\/www.facebook.com\/swissherboriginale\/","article_modified_time":"2023-11-22T12:18:22+00:00","og_image":[{"width":800,"height":800,"url":"https:\/\/swissherboriginal.com\/wp-content\/uploads\/dr-kent-cbd-cream-for-tired-legs-swiss-herb-original.png","type":"image\/png"}],"twitter_card":"summary_large_image","twitter_image":"https:\/\/swissherboriginal.com\/wp-content\/uploads\/dr-kent-cbd-cream-for-tired-legs-swiss-herb-original.png","twitter_misc":{"Procijenjeno vrijeme \u010ditanja":"2 minute"},"schema":{"@context":"https:\/\/schema.org","@graph":[{"@type":"WebPage","@id":"https:\/\/swissherboriginal.com\/shop\/cosmetici-cbd\/cura-della-pelle\/cbd-cream-for-tired-legs-dr-kent\/","url":"https:\/\/swissherboriginal.com\/shop\/cosmetici-cbd\/cura-della-pelle\/cbd-cream-for-tired-legs-dr-kent\/","name":"CBD krema za umorne noge Dr. Kent | Original \u0161vicarskog bilja","isPartOf":{"@id":"https:\/\/swissherboriginal.com\/#website"},"primaryImageOfPage":{"@id":"https:\/\/swissherboriginal.com\/shop\/cosmetici-cbd\/cura-della-pelle\/cbd-cream-for-tired-legs-dr-kent\/#primaryimage"},"image":{"@id":"https:\/\/swissherboriginal.com\/shop\/cosmetici-cbd\/cura-della-pelle\/cbd-cream-for-tired-legs-dr-kent\/#primaryimage"},"thumbnailUrl":"https:\/\/swissherboriginal.com\/wp-content\/uploads\/dr-kent-cbd-cream-for-tired-legs-swiss-herb-original.png","datePublished":"2022-12-07T12:16:13+00:00","dateModified":"2023-11-22T12:18:22+00:00","description":"Revitalizirajte umorne noge Dr. Kentovom CBD kremom za umorne noge. Isprobajte je odmah za trenutno prirodno olak\u0161anje i duboko opu\u0161tanje!","breadcrumb":{"@id":"https:\/\/swissherboriginal.com\/shop\/cosmetici-cbd\/cura-della-pelle\/cbd-cream-for-tired-legs-dr-kent\/#breadcrumb"},"inLanguage":"hr","potentialAction":[{"@type":"ReadAction","target":["https:\/\/swissherboriginal.com\/shop\/cosmetici-cbd\/cura-della-pelle\/cbd-cream-for-tired-legs-dr-kent\/"]}]},{"@type":"ImageObject","inLanguage":"hr","@id":"https:\/\/swissherboriginal.com\/shop\/cosmetici-cbd\/cura-della-pelle\/cbd-cream-for-tired-legs-dr-kent\/#primaryimage","url":"https:\/\/swissherboriginal.com\/wp-content\/uploads\/dr-kent-cbd-cream-for-tired-legs-swiss-herb-original.png","contentUrl":"https:\/\/swissherboriginal.com\/wp-content\/uploads\/dr-kent-cbd-cream-for-tired-legs-swiss-herb-original.png","width":800,"height":800,"caption":"CBD Cream for Tired Legs Dr. Kent"},{"@type":"BreadcrumbList","@id":"https:\/\/swissherboriginal.com\/shop\/cosmetici-cbd\/cura-della-pelle\/cbd-cream-for-tired-legs-dr-kent\/#breadcrumb","itemListElement":[{"@type":"ListItem","position":1,"name":"Home","item":"https:\/\/swissherboriginal.com\/"},{"@type":"ListItem","position":2,"name":"Negozio Swiss Herb Original","item":"https:\/\/swissherboriginal.com\/negozio-swiss-herb-original\/"},{"@type":"ListItem","position":3,"name":"CBD Cream for Tired Legs Dr. Kent"}]},{"@type":"WebSite","@id":"https:\/\/swissherboriginal.com\/#website","url":"https:\/\/swissherboriginal.com\/","name":"Originalno \u0161vicarsko bilje","description":"","publisher":{"@id":"https:\/\/swissherboriginal.com\/#organization"},"potentialAction":[{"@type":"SearchAction","target":{"@type":"EntryPoint","urlTemplate":"https:\/\/swissherboriginal.com\/?s={search_term_string}"},"query-input":{"@type":"PropertyValueSpecification","valueRequired":true,"valueName":"search_term_string"}}],"inLanguage":"hr"},{"@type":"Organization","@id":"https:\/\/swissherboriginal.com\/#organization","name":"Originalno \u0161vicarsko bilje","url":"https:\/\/swissherboriginal.com\/","logo":{"@type":"ImageObject","inLanguage":"hr","@id":"https:\/\/swissherboriginal.com\/#\/schema\/logo\/image\/","url":"https:\/\/swissherboriginal.com\/wp-content\/uploads\/logo-menu-tel-swissherb.png","contentUrl":"https:\/\/swissherboriginal.com\/wp-content\/uploads\/logo-menu-tel-swissherb.png","width":512,"height":360,"caption":"Swiss Herb Original"},"image":{"@id":"https:\/\/swissherboriginal.com\/#\/schema\/logo\/image\/"},"sameAs":["https:\/\/www.facebook.com\/swissherboriginale\/","https:\/\/www.instagram.com\/swissherb_original"]}]}},"_links":{"self":[{"href":"https:\/\/swissherboriginal.com\/hr\/wp-json\/wp\/v2\/product\/356","targetHints":{"allow":["GET"]}}],"collection":[{"href":"https:\/\/swissherboriginal.com\/hr\/wp-json\/wp\/v2\/product"}],"about":[{"href":"https:\/\/swissherboriginal.com\/hr\/wp-json\/wp\/v2\/types\/product"}],"replies":[{"embeddable":true,"href":"https:\/\/swissherboriginal.com\/hr\/wp-json\/wp\/v2\/comments?post=356"}],"wp:featuredmedia":[{"embeddable":true,"href":"https:\/\/swissherboriginal.com\/hr\/wp-json\/wp\/v2\/media\/4053"}],"wp:attachment":[{"href":"https:\/\/swissherboriginal.com\/hr\/wp-json\/wp\/v2\/media?parent=356"}],"wp:term":[{"taxonomy":"product_brand","embeddable":true,"href":"https:\/\/swissherboriginal.com\/hr\/wp-json\/wp\/v2\/product_brand?post=356"},{"taxonomy":"product_cat","embeddable":true,"href":"https:\/\/swissherboriginal.com\/hr\/wp-json\/wp\/v2\/product_cat?post=356"},{"taxonomy":"product_tag","embeddable":true,"href":"https:\/\/swissherboriginal.com\/hr\/wp-json\/wp\/v2\/product_tag?post=356"}],"curies":[{"name":"wp","href":"https:\/\/api.w.org\/{rel}","templated":true}]}}