{"id":394,"date":"2022-12-10T13:30:01","date_gmt":"2022-12-10T13:30:01","guid":{"rendered":"https:\/\/swissherboriginal.com\/?post_type=product&#038;p=394"},"modified":"2023-11-22T12:10:17","modified_gmt":"2023-11-22T12:10:17","slug":"plagron-cocos-premium-50l","status":"publish","type":"product","link":"https:\/\/swissherboriginal.com\/hr\/ducan\/predmeti-za-uzgoj\/podloge\/plagron-cocos-premium-50l\/","title":{"rendered":"Plagron Cocos Premium 50l"},"content":{"rendered":"<h2>Plagron Cocos Premium 50l<\/h2>\n<p>Il Plagron Cocos Premium 50l \u00e8 un substrato di coltivazione eccezionale, utilizzato da molti coltivatori di piante con ottimi risultati. Questo substrato proviene dalle fibre di cocco ed \u00e8 stato appositamente formulato per creare un ambiente di coltivazione ideale per le piante.<\/p>\n<p>La fibra di cocco \u00e8 un materiale eccellente per la coltivazione poich\u00e9 presenta una struttura porosa che consente una buona aerazione delle radici e una elevata ritenzione di acqua. Inoltre, il Cocos Premium \u00e8 arricchito con nutrienti e contiene una miscela equilibrata di elementi nutritivi per la crescita delle piante.<\/p>\n<p>Il substrato Cocos Premium della marca Plagron \u00e8 di qualit\u00e0 superiore. Questo significa che il materiale \u00e8 pulito e privo di parassiti e malattie che potrebbero compromettere la salute delle piante. Inoltre, questo substrato si presta molto bene per la coltivazione indoor, la coltivazione indoor\/outdoor e la coltivazione fuori terra.<\/p>\n<p>Grazie alla sua eccellente capacit\u00e0 di ritenzione idrica e di aerazione delle radici, il Cocos Premium consente un efficace assorbimento dei nutrienti necessari per la crescita sana e forte delle piante. Inoltre, la formula arricchita di nutrienti consente di ottenere un&#8217;esplosione di crescita iniziale che si traduce in piante forti e sane.<\/p>\n<p>Il substrato Cocos Premium Plagron \u00e8 facile da utilizzare e non richiede alcun tipo di aggiunta di fertilizzanti per le prime tre settimane di coltivazione. Inoltre, \u00e8 possibile utilizzare questo substrato per pi\u00f9 colture, poich\u00e9 si tratta di un materiale resistente e duraturo.<\/p>\n<p>In sintesi, il Plagron Cocos Premium 50l \u00e8 un eccellente substrato di coltivazione per le piante che garantisce una crescita sana e forte. Grazie alle sue propriet\u00e0 uniche, questo substrato consente una buona aerazione e ritenzione idrica, favorendo l&#8217;assorbimento dei nutrienti necessari per la crescita delle piante. Con il substrato Cocos Premium della marca Plagron, \u00e8 possibile ottenere un&#8217;esplosione di crescita iniziale che si traduce in piante forti e sane senza la necessit\u00e0 di aggiungere fertilizzanti per le prime tre settimane di coltivazione.<\/p>\n<p>Se ti serve un fertilizzante adatto alla fibra di cocco, ti consigliamo di provare <a href=\"https:\/\/swissherboriginal.com\/hr\/ducan\/predmeti-za-uzgoj\/gnojiva\/advanced-nutrients-sensi-coco-grow-a-b-ph-perfect-1l\/\">l&#8217;Advanced Nutriens Sensi Coco Grow A+B pH Perfect<\/a>. Sensi Grow Coco A+B \u00e8 una soluzione di nutrienti altamente concentrata che fornisce alle piante tutto ci\u00f2 di cui hanno bisogno per crescere e fiorire in modo sano e rigoglioso. Lo puoi trovare nella categoria &#8220;<a href=\"https:\/\/swissherboriginal.com\/hr\/kategorija-proizvoda-2\/predmeti-za-uzgoj\/\">\u010clanci o uzgoju<\/a>\u201c i podkategorija \u201c<a href=\"https:\/\/swissherboriginal.com\/hr\/kategorija-proizvoda-2\/predmeti-za-uzgoj\/gnojiva\/\">Gnojiva<\/a>&#8220;. Dai un\u2019occhiata anche ai nostri altri\u00a0<a href=\"https:\/\/swissherboriginal.com\/hr\/kategorija-proizvoda-2\/predmeti-za-uzgoj\/podloge\/\">podloge<\/a>\u00a0kao\u00a0<a href=\"https:\/\/swissherboriginal.com\/hr\/ducan\/predmeti-za-uzgoj\/podloge\/plagron-perlite\/\">il Plagron Perlite<\/a>.<\/p>","protected":false},"excerpt":{"rendered":"<ul>\n<li>Substrato di cocco<\/li>\n<li>Crescita sana e forte<\/li>\n<li>Buona aerazione<\/li>\n<li>Favorisce l&#8217;assorbimento dei nutrienti<\/li>\n<li>Visoka kvaliteta<\/li>\n<\/ul>","protected":false},"featured_media":3977,"comment_status":"open","ping_status":"closed","template":"","meta":[],"product_brand":[],"product_cat":[260,262],"product_tag":[660,331,332,107,325,324],"class_list":{"0":"post-394","1":"product","2":"type-product","3":"status-publish","4":"has-post-thumbnail","6":"product_cat-articoli-da-coltivazione","7":"product_cat-substrati","8":"product_tag-coltivazione-cannabis","9":"product_tag-coltivazione-in-cocco","10":"product_tag-fibra-di-cocco","11":"product_tag-plagron","12":"product_tag-substrati-minerali","13":"product_tag-substrato-di-cocco","15":"first","16":"instock","17":"shipping-taxable","18":"purchasable","19":"product-type-simple"},"yoast_head":"<!-- This site is optimized with the Yoast SEO Premium plugin v22.0 (Yoast SEO v26.3) - https:\/\/yoast.com\/wordpress\/plugins\/seo\/ -->\n<title>Plagron Cocos Premium 50l | Swiss Herb Original<\/title>\n<meta name=\"description\" content=\"Promuovi una crescita sana con Plagron Cocos Premium 50l, substrato ideale per coltivatori esperti. Per un verde rigoglioso, acquista ora!\" \/>\n<meta name=\"robots\" content=\"index, follow, max-snippet:-1, max-image-preview:large, max-video-preview:-1\" \/>\n<link rel=\"canonical\" href=\"https:\/\/swissherboriginal.com\/hr\/ducan\/predmeti-za-uzgoj\/podloge\/plagron-cocos-premium-50l\/\" \/>\n<meta property=\"og:locale\" content=\"hr_HR\" \/>\n<meta property=\"og:type\" content=\"article\" \/>\n<meta property=\"og:title\" content=\"Plagron Cocos Premium 50l\" \/>\n<meta property=\"og:description\" content=\"Promuovi una crescita sana con Plagron Cocos Premium 50l, substrato ideale per coltivatori esperti. Per un verde rigoglioso, acquista ora!\" \/>\n<meta property=\"og:url\" content=\"https:\/\/swissherboriginal.com\/hr\/ducan\/predmeti-za-uzgoj\/podloge\/plagron-cocos-premium-50l\/\" \/>\n<meta property=\"og:site_name\" content=\"Swiss Herb Original\" \/>\n<meta property=\"article:publisher\" content=\"https:\/\/www.facebook.com\/swissherboriginale\/\" \/>\n<meta property=\"article:modified_time\" content=\"2023-11-22T12:10:17+00:00\" \/>\n<meta property=\"og:image\" content=\"https:\/\/swissherboriginal.com\/wp-content\/uploads\/cocos-premium-plagron-swiss-herb-original.png\" \/>\n\t<meta property=\"og:image:width\" content=\"800\" \/>\n\t<meta property=\"og:image:height\" content=\"800\" \/>\n\t<meta property=\"og:image:type\" content=\"image\/png\" \/>\n<meta name=\"twitter:card\" content=\"summary_large_image\" \/>\n<meta name=\"twitter:image\" content=\"https:\/\/swissherboriginal.com\/wp-content\/uploads\/cocos-premium-plagron-swiss-herb-original.png\" \/>\n<meta name=\"twitter:label1\" content=\"Procijenjeno vrijeme \u010ditanja\" \/>\n\t<meta name=\"twitter:data1\" content=\"3 minute\" \/>\n<script type=\"application\/ld+json\" class=\"yoast-schema-graph\">{\"@context\":\"https:\/\/schema.org\",\"@graph\":[{\"@type\":\"WebPage\",\"@id\":\"https:\/\/swissherboriginal.com\/shop\/articoli-da-coltivazione\/substrati\/plagron-cocos-premium-50l\/\",\"url\":\"https:\/\/swissherboriginal.com\/shop\/articoli-da-coltivazione\/substrati\/plagron-cocos-premium-50l\/\",\"name\":\"Plagron Cocos Premium 50l | Swiss Herb Original\",\"isPartOf\":{\"@id\":\"https:\/\/swissherboriginal.com\/#website\"},\"primaryImageOfPage\":{\"@id\":\"https:\/\/swissherboriginal.com\/shop\/articoli-da-coltivazione\/substrati\/plagron-cocos-premium-50l\/#primaryimage\"},\"image\":{\"@id\":\"https:\/\/swissherboriginal.com\/shop\/articoli-da-coltivazione\/substrati\/plagron-cocos-premium-50l\/#primaryimage\"},\"thumbnailUrl\":\"https:\/\/swissherboriginal.com\/wp-content\/uploads\/cocos-premium-plagron-swiss-herb-original.png\",\"datePublished\":\"2022-12-10T13:30:01+00:00\",\"dateModified\":\"2023-11-22T12:10:17+00:00\",\"description\":\"Promuovi una crescita sana con Plagron Cocos Premium 50l, substrato ideale per coltivatori esperti. Per un verde rigoglioso, acquista ora!\",\"breadcrumb\":{\"@id\":\"https:\/\/swissherboriginal.com\/shop\/articoli-da-coltivazione\/substrati\/plagron-cocos-premium-50l\/#breadcrumb\"},\"inLanguage\":\"hr\",\"potentialAction\":[{\"@type\":\"ReadAction\",\"target\":[\"https:\/\/swissherboriginal.com\/shop\/articoli-da-coltivazione\/substrati\/plagron-cocos-premium-50l\/\"]}]},{\"@type\":\"ImageObject\",\"inLanguage\":\"hr\",\"@id\":\"https:\/\/swissherboriginal.com\/shop\/articoli-da-coltivazione\/substrati\/plagron-cocos-premium-50l\/#primaryimage\",\"url\":\"https:\/\/swissherboriginal.com\/wp-content\/uploads\/cocos-premium-plagron-swiss-herb-original.png\",\"contentUrl\":\"https:\/\/swissherboriginal.com\/wp-content\/uploads\/cocos-premium-plagron-swiss-herb-original.png\",\"width\":800,\"height\":800,\"caption\":\"Plagron Cocos Premium 50l\"},{\"@type\":\"BreadcrumbList\",\"@id\":\"https:\/\/swissherboriginal.com\/shop\/articoli-da-coltivazione\/substrati\/plagron-cocos-premium-50l\/#breadcrumb\",\"itemListElement\":[{\"@type\":\"ListItem\",\"position\":1,\"name\":\"Home\",\"item\":\"https:\/\/swissherboriginal.com\/\"},{\"@type\":\"ListItem\",\"position\":2,\"name\":\"Negozio Swiss Herb Original\",\"item\":\"https:\/\/swissherboriginal.com\/negozio-swiss-herb-original\/\"},{\"@type\":\"ListItem\",\"position\":3,\"name\":\"Plagron Cocos Premium 50l\"}]},{\"@type\":\"WebSite\",\"@id\":\"https:\/\/swissherboriginal.com\/#website\",\"url\":\"https:\/\/swissherboriginal.com\/\",\"name\":\"Swiss Herb Original\",\"description\":\"\",\"publisher\":{\"@id\":\"https:\/\/swissherboriginal.com\/#organization\"},\"potentialAction\":[{\"@type\":\"SearchAction\",\"target\":{\"@type\":\"EntryPoint\",\"urlTemplate\":\"https:\/\/swissherboriginal.com\/?s={search_term_string}\"},\"query-input\":{\"@type\":\"PropertyValueSpecification\",\"valueRequired\":true,\"valueName\":\"search_term_string\"}}],\"inLanguage\":\"hr\"},{\"@type\":\"Organization\",\"@id\":\"https:\/\/swissherboriginal.com\/#organization\",\"name\":\"Swiss Herb Original\",\"url\":\"https:\/\/swissherboriginal.com\/\",\"logo\":{\"@type\":\"ImageObject\",\"inLanguage\":\"hr\",\"@id\":\"https:\/\/swissherboriginal.com\/#\/schema\/logo\/image\/\",\"url\":\"https:\/\/swissherboriginal.com\/wp-content\/uploads\/logo-menu-tel-swissherb.png\",\"contentUrl\":\"https:\/\/swissherboriginal.com\/wp-content\/uploads\/logo-menu-tel-swissherb.png\",\"width\":512,\"height\":360,\"caption\":\"Swiss Herb Original\"},\"image\":{\"@id\":\"https:\/\/swissherboriginal.com\/#\/schema\/logo\/image\/\"},\"sameAs\":[\"https:\/\/www.facebook.com\/swissherboriginale\/\",\"https:\/\/www.instagram.com\/swissherb_original\"]}]}<\/script>\n<!-- \/ Yoast SEO Premium plugin. -->","yoast_head_json":{"title":"Plagron Cocos Premium 50l | Swiss Herb Original","description":"Promuovi una crescita sana con Plagron Cocos Premium 50l, substrato ideale per coltivatori esperti. Per un verde rigoglioso, acquista ora!","robots":{"index":"index","follow":"follow","max-snippet":"max-snippet:-1","max-image-preview":"max-image-preview:large","max-video-preview":"max-video-preview:-1"},"canonical":"https:\/\/swissherboriginal.com\/hr\/ducan\/predmeti-za-uzgoj\/podloge\/plagron-cocos-premium-50l\/","og_locale":"hr_HR","og_type":"article","og_title":"Plagron Cocos Premium 50l","og_description":"Promuovi una crescita sana con Plagron Cocos Premium 50l, substrato ideale per coltivatori esperti. Per un verde rigoglioso, acquista ora!","og_url":"https:\/\/swissherboriginal.com\/hr\/ducan\/predmeti-za-uzgoj\/podloge\/plagron-cocos-premium-50l\/","og_site_name":"Swiss Herb Original","article_publisher":"https:\/\/www.facebook.com\/swissherboriginale\/","article_modified_time":"2023-11-22T12:10:17+00:00","og_image":[{"width":800,"height":800,"url":"https:\/\/swissherboriginal.com\/wp-content\/uploads\/cocos-premium-plagron-swiss-herb-original.png","type":"image\/png"}],"twitter_card":"summary_large_image","twitter_image":"https:\/\/swissherboriginal.com\/wp-content\/uploads\/cocos-premium-plagron-swiss-herb-original.png","twitter_misc":{"Procijenjeno vrijeme \u010ditanja":"3 minute"},"schema":{"@context":"https:\/\/schema.org","@graph":[{"@type":"WebPage","@id":"https:\/\/swissherboriginal.com\/shop\/articoli-da-coltivazione\/substrati\/plagron-cocos-premium-50l\/","url":"https:\/\/swissherboriginal.com\/shop\/articoli-da-coltivazione\/substrati\/plagron-cocos-premium-50l\/","name":"Plagron Cocos Premium 50l | Swiss Herb Original","isPartOf":{"@id":"https:\/\/swissherboriginal.com\/#website"},"primaryImageOfPage":{"@id":"https:\/\/swissherboriginal.com\/shop\/articoli-da-coltivazione\/substrati\/plagron-cocos-premium-50l\/#primaryimage"},"image":{"@id":"https:\/\/swissherboriginal.com\/shop\/articoli-da-coltivazione\/substrati\/plagron-cocos-premium-50l\/#primaryimage"},"thumbnailUrl":"https:\/\/swissherboriginal.com\/wp-content\/uploads\/cocos-premium-plagron-swiss-herb-original.png","datePublished":"2022-12-10T13:30:01+00:00","dateModified":"2023-11-22T12:10:17+00:00","description":"Promuovi una crescita sana con Plagron Cocos Premium 50l, substrato ideale per coltivatori esperti. Per un verde rigoglioso, acquista ora!","breadcrumb":{"@id":"https:\/\/swissherboriginal.com\/shop\/articoli-da-coltivazione\/substrati\/plagron-cocos-premium-50l\/#breadcrumb"},"inLanguage":"hr","potentialAction":[{"@type":"ReadAction","target":["https:\/\/swissherboriginal.com\/shop\/articoli-da-coltivazione\/substrati\/plagron-cocos-premium-50l\/"]}]},{"@type":"ImageObject","inLanguage":"hr","@id":"https:\/\/swissherboriginal.com\/shop\/articoli-da-coltivazione\/substrati\/plagron-cocos-premium-50l\/#primaryimage","url":"https:\/\/swissherboriginal.com\/wp-content\/uploads\/cocos-premium-plagron-swiss-herb-original.png","contentUrl":"https:\/\/swissherboriginal.com\/wp-content\/uploads\/cocos-premium-plagron-swiss-herb-original.png","width":800,"height":800,"caption":"Plagron Cocos Premium 50l"},{"@type":"BreadcrumbList","@id":"https:\/\/swissherboriginal.com\/shop\/articoli-da-coltivazione\/substrati\/plagron-cocos-premium-50l\/#breadcrumb","itemListElement":[{"@type":"ListItem","position":1,"name":"Home","item":"https:\/\/swissherboriginal.com\/"},{"@type":"ListItem","position":2,"name":"Negozio Swiss Herb Original","item":"https:\/\/swissherboriginal.com\/negozio-swiss-herb-original\/"},{"@type":"ListItem","position":3,"name":"Plagron Cocos Premium 50l"}]},{"@type":"WebSite","@id":"https:\/\/swissherboriginal.com\/#website","url":"https:\/\/swissherboriginal.com\/","name":"Originalno \u0161vicarsko bilje","description":"","publisher":{"@id":"https:\/\/swissherboriginal.com\/#organization"},"potentialAction":[{"@type":"SearchAction","target":{"@type":"EntryPoint","urlTemplate":"https:\/\/swissherboriginal.com\/?s={search_term_string}"},"query-input":{"@type":"PropertyValueSpecification","valueRequired":true,"valueName":"search_term_string"}}],"inLanguage":"hr"},{"@type":"Organization","@id":"https:\/\/swissherboriginal.com\/#organization","name":"Originalno \u0161vicarsko bilje","url":"https:\/\/swissherboriginal.com\/","logo":{"@type":"ImageObject","inLanguage":"hr","@id":"https:\/\/swissherboriginal.com\/#\/schema\/logo\/image\/","url":"https:\/\/swissherboriginal.com\/wp-content\/uploads\/logo-menu-tel-swissherb.png","contentUrl":"https:\/\/swissherboriginal.com\/wp-content\/uploads\/logo-menu-tel-swissherb.png","width":512,"height":360,"caption":"Swiss Herb Original"},"image":{"@id":"https:\/\/swissherboriginal.com\/#\/schema\/logo\/image\/"},"sameAs":["https:\/\/www.facebook.com\/swissherboriginale\/","https:\/\/www.instagram.com\/swissherb_original"]}]}},"_links":{"self":[{"href":"https:\/\/swissherboriginal.com\/hr\/wp-json\/wp\/v2\/product\/394","targetHints":{"allow":["GET"]}}],"collection":[{"href":"https:\/\/swissherboriginal.com\/hr\/wp-json\/wp\/v2\/product"}],"about":[{"href":"https:\/\/swissherboriginal.com\/hr\/wp-json\/wp\/v2\/types\/product"}],"replies":[{"embeddable":true,"href":"https:\/\/swissherboriginal.com\/hr\/wp-json\/wp\/v2\/comments?post=394"}],"wp:featuredmedia":[{"embeddable":true,"href":"https:\/\/swissherboriginal.com\/hr\/wp-json\/wp\/v2\/media\/3977"}],"wp:attachment":[{"href":"https:\/\/swissherboriginal.com\/hr\/wp-json\/wp\/v2\/media?parent=394"}],"wp:term":[{"taxonomy":"product_brand","embeddable":true,"href":"https:\/\/swissherboriginal.com\/hr\/wp-json\/wp\/v2\/product_brand?post=394"},{"taxonomy":"product_cat","embeddable":true,"href":"https:\/\/swissherboriginal.com\/hr\/wp-json\/wp\/v2\/product_cat?post=394"},{"taxonomy":"product_tag","embeddable":true,"href":"https:\/\/swissherboriginal.com\/hr\/wp-json\/wp\/v2\/product_tag?post=394"}],"curies":[{"name":"wp","href":"https:\/\/api.w.org\/{rel}","templated":true}]}}