{"id":395,"date":"2022-12-10T13:38:00","date_gmt":"2022-12-10T13:38:00","guid":{"rendered":"https:\/\/swissherboriginal.com\/?post_type=product&#038;p=395"},"modified":"2023-11-22T12:10:16","modified_gmt":"2023-11-22T12:10:16","slug":"plagron-batmix-50l","status":"publish","type":"product","link":"https:\/\/swissherboriginal.com\/hr\/ducan\/predmeti-za-uzgoj\/podloge\/plagron-batmix-50l\/","title":{"rendered":"Plagron Batmix 50l"},"content":{"rendered":"<h2>Plagron Batmix 50l<\/h2>\n<p>Il Plagron Batmix 50l \u00e8 un substrato di coltivazione di alta qualit\u00e0, concepito per fornire alle piante tutto ci\u00f2 di cui hanno bisogno per crescerne grandi e sane. Questo prodotto \u00e8 composto principalmente da torba di sfagno, che \u00e8 stata arricchita con una variet\u00e0 di ingredienti bioattivi, tra cui guano di pipistrello, perlite, fibra di corteccia e altri elementi minerari essenziali. Il risultato \u00e8 un terreno molto leggero, aerato e ricco di sostanze nutritive che le piante adorano, come azoto, fosforo, potassio, calcio e magnesio.<\/p>\n<p>Grazie alla sua elevata porosit\u00e0, il Batmix consente alle radici delle piante di respirare e di assorbire l&#8217;acqua e i nutrienti in modo pi\u00f9 efficiente. Ci\u00f2 si traduce in una crescita pi\u00f9 rapida e vigorosa delle piante, nonch\u00e9 in una maggiore resistenza alle malattie e allo stress ambientale. Inoltre, il guano di pipistrello presente nel composto \u00e8 un eccellente fertilizzante naturale che contribuisce a stimolare la crescita radicale e vegetativa della pianta.<\/p>\n<p>Il Batmix di Plagron \u00e8 particolarmente indicato per la coltivazione di piante che richiedono un substrato ricco di sostanze nutritive. Come ad esempio pomodori, peperoni, melanzane e altre piante orticole. Tuttavia, grazie alla sua composizione versatile e bilanciata, questo substrato pu\u00f2 essere utilizzato anche per la coltivazione di altre tipologie di piante, come le piante da fiore o le piante aromatiche.<\/p>\n<p>In sintesi, il Plagron Batmix 50l \u00e8 un substrato di alta qualit\u00e0 che si distingue per la sua composizione ben equilibrata, ricca di sostanze nutritive e di elementi bioattivi. Grazie alla sua elevata porosit\u00e0, favorisce lo sviluppo delle radici e una crescita vigorosa delle piante, incrementando la resa e la qualit\u00e0 del raccolto.<\/p>\n<p>Puoi provare anche <a href=\"https:\/\/swissherboriginal.com\/hr\/ducan\/predmeti-za-uzgoj\/gnojiva\/plagron-bat-guano\/\">il Bat Guano della marca Plagron<\/a>; \u00e8 un prodotto di altissima qualit\u00e0, utilizzato prevalentemente come fertilizzante naturale per piante. La sua composizione \u00e8 costituita da escrementi di pipistrello, che rappresentano una fonte di nutrienti fondamentali per le piante, tra cui azoto, fosforo e potassio. Lo puoi trovare nella categoria &#8220;<a href=\"https:\/\/swissherboriginal.com\/hr\/kategorija-proizvoda-2\/predmeti-za-uzgoj\/\">\u010clanci o uzgoju<\/a>\u201c i podkategorija \u201c<a href=\"https:\/\/swissherboriginal.com\/hr\/kategorija-proizvoda-2\/predmeti-za-uzgoj\/gnojiva\/\">Gnojiva<\/a>&#8220;.\u00a0Dai un\u2019occhiata anche ai nostri altri\u00a0<a href=\"https:\/\/swissherboriginal.com\/hr\/kategorija-proizvoda-2\/predmeti-za-uzgoj\/podloge\/\">podloge<\/a>\u00a0kao\u00a0<a href=\"https:\/\/swissherboriginal.com\/hr\/ducan\/predmeti-za-uzgoj\/podloge\/plagron-cocos-premium-50l\/\">il Plagron Cocos Premium<\/a>.<\/p>","protected":false},"excerpt":{"rendered":"<ul>\n<li>Substrato di alta qualit\u00e0<\/li>\n<li>Composizione equilibrata<\/li>\n<li>Ricco di sostanze nutritive<\/li>\n<li>Elementi bioattivi<\/li>\n<li>Elevata porosit\u00e0<\/li>\n<\/ul>","protected":false},"featured_media":4869,"comment_status":"open","ping_status":"closed","template":"","meta":[],"product_brand":[],"product_cat":[260,262],"product_tag":[660,689,653,107,326,327],"class_list":{"0":"post-395","1":"product","2":"type-product","3":"status-publish","4":"has-post-thumbnail","6":"product_cat-articoli-da-coltivazione","7":"product_cat-substrati","8":"product_tag-coltivazione-cannabis","9":"product_tag-coltivazione-greenhouse","10":"product_tag-coltivazione-indoor","11":"product_tag-plagron","12":"product_tag-substrati-organici","13":"product_tag-substrato-con-guano-di-pipistrello","15":"first","16":"instock","17":"shipping-taxable","18":"purchasable","19":"product-type-simple"},"yoast_head":"<!-- This site is optimized with the Yoast SEO Premium plugin v22.0 (Yoast SEO v26.3) - https:\/\/yoast.com\/wordpress\/plugins\/seo\/ -->\n<title>Plagron Batmix 50l | Swiss Herb Original<\/title>\n<meta name=\"description\" content=\"Rivitalizza le tue piante con Plagron Batmix 50l, un substrato nutriente e aerato. Ottieni un raccolto di alta qualit\u00e0, prova subito!\" \/>\n<meta name=\"robots\" content=\"index, follow, max-snippet:-1, max-image-preview:large, max-video-preview:-1\" \/>\n<link rel=\"canonical\" href=\"https:\/\/swissherboriginal.com\/hr\/ducan\/predmeti-za-uzgoj\/podloge\/plagron-batmix-50l\/\" \/>\n<meta property=\"og:locale\" content=\"hr_HR\" \/>\n<meta property=\"og:type\" content=\"article\" \/>\n<meta property=\"og:title\" content=\"Plagron Batmix 50l\" \/>\n<meta property=\"og:description\" content=\"Rivitalizza le tue piante con Plagron Batmix 50l, un substrato nutriente e aerato. Ottieni un raccolto di alta qualit\u00e0, prova subito!\" \/>\n<meta property=\"og:url\" content=\"https:\/\/swissherboriginal.com\/hr\/ducan\/predmeti-za-uzgoj\/podloge\/plagron-batmix-50l\/\" \/>\n<meta property=\"og:site_name\" content=\"Swiss Herb Original\" \/>\n<meta property=\"article:publisher\" content=\"https:\/\/www.facebook.com\/swissherboriginale\/\" \/>\n<meta property=\"article:modified_time\" content=\"2023-11-22T12:10:16+00:00\" \/>\n<meta property=\"og:image\" content=\"https:\/\/swissherboriginal.com\/wp-content\/uploads\/bat-mix-plagron-swiss-herb-original.png\" \/>\n\t<meta property=\"og:image:width\" content=\"800\" \/>\n\t<meta property=\"og:image:height\" content=\"800\" \/>\n\t<meta property=\"og:image:type\" content=\"image\/png\" \/>\n<meta name=\"twitter:card\" content=\"summary_large_image\" \/>\n<meta name=\"twitter:image\" content=\"https:\/\/swissherboriginal.com\/wp-content\/uploads\/bat-mix-plagron-swiss-herb-original.png\" \/>\n<meta name=\"twitter:label1\" content=\"Procijenjeno vrijeme \u010ditanja\" \/>\n\t<meta name=\"twitter:data1\" content=\"2 minute\" \/>\n<script type=\"application\/ld+json\" class=\"yoast-schema-graph\">{\"@context\":\"https:\/\/schema.org\",\"@graph\":[{\"@type\":\"WebPage\",\"@id\":\"https:\/\/swissherboriginal.com\/shop\/articoli-da-coltivazione\/substrati\/plagron-batmix-50l\/\",\"url\":\"https:\/\/swissherboriginal.com\/shop\/articoli-da-coltivazione\/substrati\/plagron-batmix-50l\/\",\"name\":\"Plagron Batmix 50l | Swiss Herb Original\",\"isPartOf\":{\"@id\":\"https:\/\/swissherboriginal.com\/#website\"},\"primaryImageOfPage\":{\"@id\":\"https:\/\/swissherboriginal.com\/shop\/articoli-da-coltivazione\/substrati\/plagron-batmix-50l\/#primaryimage\"},\"image\":{\"@id\":\"https:\/\/swissherboriginal.com\/shop\/articoli-da-coltivazione\/substrati\/plagron-batmix-50l\/#primaryimage\"},\"thumbnailUrl\":\"https:\/\/swissherboriginal.com\/wp-content\/uploads\/bat-mix-plagron-swiss-herb-original.png\",\"datePublished\":\"2022-12-10T13:38:00+00:00\",\"dateModified\":\"2023-11-22T12:10:16+00:00\",\"description\":\"Rivitalizza le tue piante con Plagron Batmix 50l, un substrato nutriente e aerato. Ottieni un raccolto di alta qualit\u00e0, prova subito!\",\"breadcrumb\":{\"@id\":\"https:\/\/swissherboriginal.com\/shop\/articoli-da-coltivazione\/substrati\/plagron-batmix-50l\/#breadcrumb\"},\"inLanguage\":\"hr\",\"potentialAction\":[{\"@type\":\"ReadAction\",\"target\":[\"https:\/\/swissherboriginal.com\/shop\/articoli-da-coltivazione\/substrati\/plagron-batmix-50l\/\"]}]},{\"@type\":\"ImageObject\",\"inLanguage\":\"hr\",\"@id\":\"https:\/\/swissherboriginal.com\/shop\/articoli-da-coltivazione\/substrati\/plagron-batmix-50l\/#primaryimage\",\"url\":\"https:\/\/swissherboriginal.com\/wp-content\/uploads\/bat-mix-plagron-swiss-herb-original.png\",\"contentUrl\":\"https:\/\/swissherboriginal.com\/wp-content\/uploads\/bat-mix-plagron-swiss-herb-original.png\",\"width\":800,\"height\":800,\"caption\":\"Plagron Batmix 50l\"},{\"@type\":\"BreadcrumbList\",\"@id\":\"https:\/\/swissherboriginal.com\/shop\/articoli-da-coltivazione\/substrati\/plagron-batmix-50l\/#breadcrumb\",\"itemListElement\":[{\"@type\":\"ListItem\",\"position\":1,\"name\":\"Home\",\"item\":\"https:\/\/swissherboriginal.com\/\"},{\"@type\":\"ListItem\",\"position\":2,\"name\":\"Negozio Swiss Herb Original\",\"item\":\"https:\/\/swissherboriginal.com\/negozio-swiss-herb-original\/\"},{\"@type\":\"ListItem\",\"position\":3,\"name\":\"Plagron Batmix 50l\"}]},{\"@type\":\"WebSite\",\"@id\":\"https:\/\/swissherboriginal.com\/#website\",\"url\":\"https:\/\/swissherboriginal.com\/\",\"name\":\"Swiss Herb Original\",\"description\":\"\",\"publisher\":{\"@id\":\"https:\/\/swissherboriginal.com\/#organization\"},\"potentialAction\":[{\"@type\":\"SearchAction\",\"target\":{\"@type\":\"EntryPoint\",\"urlTemplate\":\"https:\/\/swissherboriginal.com\/?s={search_term_string}\"},\"query-input\":{\"@type\":\"PropertyValueSpecification\",\"valueRequired\":true,\"valueName\":\"search_term_string\"}}],\"inLanguage\":\"hr\"},{\"@type\":\"Organization\",\"@id\":\"https:\/\/swissherboriginal.com\/#organization\",\"name\":\"Swiss Herb Original\",\"url\":\"https:\/\/swissherboriginal.com\/\",\"logo\":{\"@type\":\"ImageObject\",\"inLanguage\":\"hr\",\"@id\":\"https:\/\/swissherboriginal.com\/#\/schema\/logo\/image\/\",\"url\":\"https:\/\/swissherboriginal.com\/wp-content\/uploads\/logo-menu-tel-swissherb.png\",\"contentUrl\":\"https:\/\/swissherboriginal.com\/wp-content\/uploads\/logo-menu-tel-swissherb.png\",\"width\":512,\"height\":360,\"caption\":\"Swiss Herb Original\"},\"image\":{\"@id\":\"https:\/\/swissherboriginal.com\/#\/schema\/logo\/image\/\"},\"sameAs\":[\"https:\/\/www.facebook.com\/swissherboriginale\/\",\"https:\/\/www.instagram.com\/swissherb_original\"]}]}<\/script>\n<!-- \/ Yoast SEO Premium plugin. -->","yoast_head_json":{"title":"Plagron Batmix 50l | Swiss Herb Original","description":"Rivitalizza le tue piante con Plagron Batmix 50l, un substrato nutriente e aerato. Ottieni un raccolto di alta qualit\u00e0, prova subito!","robots":{"index":"index","follow":"follow","max-snippet":"max-snippet:-1","max-image-preview":"max-image-preview:large","max-video-preview":"max-video-preview:-1"},"canonical":"https:\/\/swissherboriginal.com\/hr\/ducan\/predmeti-za-uzgoj\/podloge\/plagron-batmix-50l\/","og_locale":"hr_HR","og_type":"article","og_title":"Plagron Batmix 50l","og_description":"Rivitalizza le tue piante con Plagron Batmix 50l, un substrato nutriente e aerato. Ottieni un raccolto di alta qualit\u00e0, prova subito!","og_url":"https:\/\/swissherboriginal.com\/hr\/ducan\/predmeti-za-uzgoj\/podloge\/plagron-batmix-50l\/","og_site_name":"Swiss Herb Original","article_publisher":"https:\/\/www.facebook.com\/swissherboriginale\/","article_modified_time":"2023-11-22T12:10:16+00:00","og_image":[{"width":800,"height":800,"url":"https:\/\/swissherboriginal.com\/wp-content\/uploads\/bat-mix-plagron-swiss-herb-original.png","type":"image\/png"}],"twitter_card":"summary_large_image","twitter_image":"https:\/\/swissherboriginal.com\/wp-content\/uploads\/bat-mix-plagron-swiss-herb-original.png","twitter_misc":{"Procijenjeno vrijeme \u010ditanja":"2 minute"},"schema":{"@context":"https:\/\/schema.org","@graph":[{"@type":"WebPage","@id":"https:\/\/swissherboriginal.com\/shop\/articoli-da-coltivazione\/substrati\/plagron-batmix-50l\/","url":"https:\/\/swissherboriginal.com\/shop\/articoli-da-coltivazione\/substrati\/plagron-batmix-50l\/","name":"Plagron Batmix 50l | Swiss Herb Original","isPartOf":{"@id":"https:\/\/swissherboriginal.com\/#website"},"primaryImageOfPage":{"@id":"https:\/\/swissherboriginal.com\/shop\/articoli-da-coltivazione\/substrati\/plagron-batmix-50l\/#primaryimage"},"image":{"@id":"https:\/\/swissherboriginal.com\/shop\/articoli-da-coltivazione\/substrati\/plagron-batmix-50l\/#primaryimage"},"thumbnailUrl":"https:\/\/swissherboriginal.com\/wp-content\/uploads\/bat-mix-plagron-swiss-herb-original.png","datePublished":"2022-12-10T13:38:00+00:00","dateModified":"2023-11-22T12:10:16+00:00","description":"Rivitalizza le tue piante con Plagron Batmix 50l, un substrato nutriente e aerato. Ottieni un raccolto di alta qualit\u00e0, prova subito!","breadcrumb":{"@id":"https:\/\/swissherboriginal.com\/shop\/articoli-da-coltivazione\/substrati\/plagron-batmix-50l\/#breadcrumb"},"inLanguage":"hr","potentialAction":[{"@type":"ReadAction","target":["https:\/\/swissherboriginal.com\/shop\/articoli-da-coltivazione\/substrati\/plagron-batmix-50l\/"]}]},{"@type":"ImageObject","inLanguage":"hr","@id":"https:\/\/swissherboriginal.com\/shop\/articoli-da-coltivazione\/substrati\/plagron-batmix-50l\/#primaryimage","url":"https:\/\/swissherboriginal.com\/wp-content\/uploads\/bat-mix-plagron-swiss-herb-original.png","contentUrl":"https:\/\/swissherboriginal.com\/wp-content\/uploads\/bat-mix-plagron-swiss-herb-original.png","width":800,"height":800,"caption":"Plagron Batmix 50l"},{"@type":"BreadcrumbList","@id":"https:\/\/swissherboriginal.com\/shop\/articoli-da-coltivazione\/substrati\/plagron-batmix-50l\/#breadcrumb","itemListElement":[{"@type":"ListItem","position":1,"name":"Home","item":"https:\/\/swissherboriginal.com\/"},{"@type":"ListItem","position":2,"name":"Negozio Swiss Herb Original","item":"https:\/\/swissherboriginal.com\/negozio-swiss-herb-original\/"},{"@type":"ListItem","position":3,"name":"Plagron Batmix 50l"}]},{"@type":"WebSite","@id":"https:\/\/swissherboriginal.com\/#website","url":"https:\/\/swissherboriginal.com\/","name":"Originalno \u0161vicarsko bilje","description":"","publisher":{"@id":"https:\/\/swissherboriginal.com\/#organization"},"potentialAction":[{"@type":"SearchAction","target":{"@type":"EntryPoint","urlTemplate":"https:\/\/swissherboriginal.com\/?s={search_term_string}"},"query-input":{"@type":"PropertyValueSpecification","valueRequired":true,"valueName":"search_term_string"}}],"inLanguage":"hr"},{"@type":"Organization","@id":"https:\/\/swissherboriginal.com\/#organization","name":"Originalno \u0161vicarsko bilje","url":"https:\/\/swissherboriginal.com\/","logo":{"@type":"ImageObject","inLanguage":"hr","@id":"https:\/\/swissherboriginal.com\/#\/schema\/logo\/image\/","url":"https:\/\/swissherboriginal.com\/wp-content\/uploads\/logo-menu-tel-swissherb.png","contentUrl":"https:\/\/swissherboriginal.com\/wp-content\/uploads\/logo-menu-tel-swissherb.png","width":512,"height":360,"caption":"Swiss Herb Original"},"image":{"@id":"https:\/\/swissherboriginal.com\/#\/schema\/logo\/image\/"},"sameAs":["https:\/\/www.facebook.com\/swissherboriginale\/","https:\/\/www.instagram.com\/swissherb_original"]}]}},"_links":{"self":[{"href":"https:\/\/swissherboriginal.com\/hr\/wp-json\/wp\/v2\/product\/395","targetHints":{"allow":["GET"]}}],"collection":[{"href":"https:\/\/swissherboriginal.com\/hr\/wp-json\/wp\/v2\/product"}],"about":[{"href":"https:\/\/swissherboriginal.com\/hr\/wp-json\/wp\/v2\/types\/product"}],"replies":[{"embeddable":true,"href":"https:\/\/swissherboriginal.com\/hr\/wp-json\/wp\/v2\/comments?post=395"}],"wp:featuredmedia":[{"embeddable":true,"href":"https:\/\/swissherboriginal.com\/hr\/wp-json\/wp\/v2\/media\/4869"}],"wp:attachment":[{"href":"https:\/\/swissherboriginal.com\/hr\/wp-json\/wp\/v2\/media?parent=395"}],"wp:term":[{"taxonomy":"product_brand","embeddable":true,"href":"https:\/\/swissherboriginal.com\/hr\/wp-json\/wp\/v2\/product_brand?post=395"},{"taxonomy":"product_cat","embeddable":true,"href":"https:\/\/swissherboriginal.com\/hr\/wp-json\/wp\/v2\/product_cat?post=395"},{"taxonomy":"product_tag","embeddable":true,"href":"https:\/\/swissherboriginal.com\/hr\/wp-json\/wp\/v2\/product_tag?post=395"}],"curies":[{"name":"wp","href":"https:\/\/api.w.org\/{rel}","templated":true}]}}