{"id":398,"date":"2022-12-10T14:06:20","date_gmt":"2022-12-10T14:06:20","guid":{"rendered":"https:\/\/swissherboriginal.com\/?post_type=product&#038;p=398"},"modified":"2023-11-17T12:37:11","modified_gmt":"2023-11-17T12:37:11","slug":"plagron-bat-guano","status":"publish","type":"product","link":"https:\/\/swissherboriginal.com\/hr\/ducan\/predmeti-za-uzgoj\/gnojiva\/plagron-bat-guano\/","title":{"rendered":"Plagron Guano od \u0161i\u0161mi\u0161a"},"content":{"rendered":"<h2>Plagron Guano od \u0161i\u0161mi\u0161a<\/h2>\n<p>Il Plagron Bat Guano \u00e8 un prodotto di altissima qualit\u00e0, utilizzato prevalentemente come fertilizzante naturale per piante. La sua composizione \u00e8 costituita da escrementi di pipistrello, che rappresentano una fonte di nutrienti fondamentali per le piante, tra cui azoto, fosforo e potassio.<\/p>\n<p>Questo fertilizzante \u00e8 adatto per ogni tipo di coltivazione, sia indoor che outdoor. \u00c8 in grado di fornire una quantit\u00e0 equilibrata di nutrienti per garantire la crescita sana e vigorosa delle piante. In particolare, l&#8217;azoto stimola la produzione di clorofilla e favorisce la crescita delle foglie. Il fosforo \u00e8 importante per la formazione dei semi e delle radici. Mentre il potassio contribuisce alla crescita dei fiori e al miglioramento della qualit\u00e0 del raccolto.<\/p>\n<p>Il Bat Guano di Plagron \u00e8 un prodotto completamente naturale, privo di additivi chimici nocivi per l&#8217;ambiente e per la salute umana. Questo fertilizzante viene raccolto da grotte di pipistrelli dove i pipistrelli in libert\u00e0 vivono serenamente e contribuiscono a generare il guano con il loro ciclo naturale di alimentazione.<\/p>\n<p>L&#8217;uso del Bat Guano di Plagron contribuisce a migliorare la salute delle piante e a ottenere una migliore qualit\u00e0 del raccolto, sia in termini di dimensioni che di gusto e aroma. Inoltre, questo fertilizzante \u00e8 facilmente assimilabile dalle piante e garantisce un&#8217;azione lenta ma costante, che evita il rischio di bruciature o carenze nutrizionali.<\/p>\n<p>In sintesi, il Bat Guano di Plagron rappresenta una scelta ideale per gli appassionati di giardinaggio e coltivazione. Scelta perfetta per tutti coloro che desiderano utilizzare prodotti naturali e di alta qualit\u00e0 per garantire la salute delle piante e ottenere raccolti di successo.<\/p>\n<p>Ti consigliamo anche di provare <a href=\"https:\/\/swissherboriginal.com\/hr\/ducan\/predmeti-za-uzgoj\/podloge\/plagron-batmix-50l\/\">il Batmix della Plagron<\/a>, un substrato di alta qualit\u00e0 che si distingue per la sua composizione ben equilibrata, ricca di sostanze nutritive e di elementi bioattivi. Grazie alla sua elevata porosit\u00e0, favorisce lo sviluppo delle radici e una crescita vigorosa delle piante, incrementando la resa e la qualit\u00e0 del raccolto. Dai un\u2019occhiata anche ai nostri altri <a href=\"https:\/\/swissherboriginal.com\/hr\/kategorija-proizvoda-2\/predmeti-za-uzgoj\/\">predmeti za uzgoj<\/a> e altri\u00a0<a href=\"https:\/\/swissherboriginal.com\/hr\/kategorija-proizvoda-2\/predmeti-za-uzgoj\/gnojiva\/\">gnojiva<\/a> kao <a href=\"https:\/\/swissherboriginal.com\/hr\/ducan\/predmeti-za-uzgoj\/gnojiva\/plagron-hydro-a-b\/\">il Plagron Hydro A+B<\/a>, un fertilizzante altamente efficace per la fase di coltivazione idroponica delle piante.<\/p>","protected":false},"excerpt":{"rendered":"<ul>\n<li>Fertilizzante per piante<\/li>\n<li>Escrementi di pipistrello<\/li>\n<li>Fonte di nutrienti fondamentali<\/li>\n<li>Migliora la salute delle piante<\/li>\n<li>Migliore qualit\u00e0 del raccolto<\/li>\n<\/ul>","protected":false},"featured_media":3969,"comment_status":"open","ping_status":"closed","template":"","meta":[],"product_brand":[],"product_cat":[260,261],"product_tag":[335,660,689,653,329,316,319,321,107],"class_list":{"0":"post-398","1":"product","2":"type-product","3":"status-publish","4":"has-post-thumbnail","6":"product_cat-articoli-da-coltivazione","7":"product_cat-fertilizzanti","8":"product_tag-additivo-per-piante","9":"product_tag-coltivazione-cannabis","10":"product_tag-coltivazione-greenhouse","11":"product_tag-coltivazione-indoor","12":"product_tag-fertilizzante-con-guano-di-pipistrello","13":"product_tag-fertilizzante-per-crescita","14":"product_tag-fertilizzante-per-fioritura","15":"product_tag-fertilizzanti-organici","16":"product_tag-plagron","18":"first","19":"instock","20":"shipping-taxable","21":"purchasable","22":"product-type-variable"},"yoast_head":"<!-- This site is optimized with the Yoast SEO Premium plugin v22.0 (Yoast SEO v26.3) - https:\/\/yoast.com\/wordpress\/plugins\/seo\/ -->\n<title>Plagron Bat Guano | Fertilizzante | Swiss Herb Original<\/title>\n<meta name=\"description\" content=\"Scopri Plagron Bat Guano, il fertilizzante naturale per piante pi\u00f9 sano e vigoroso. Per raccolti di alta qualit\u00e0, scegli la naturalit\u00e0. Provalo ora!\" \/>\n<meta name=\"robots\" content=\"index, follow, max-snippet:-1, max-image-preview:large, max-video-preview:-1\" \/>\n<link rel=\"canonical\" href=\"https:\/\/swissherboriginal.com\/hr\/ducan\/predmeti-za-uzgoj\/gnojiva\/plagron-bat-guano\/\" \/>\n<meta property=\"og:locale\" content=\"hr_HR\" \/>\n<meta property=\"og:type\" content=\"article\" \/>\n<meta property=\"og:title\" content=\"Plagron Bat Guano\" \/>\n<meta property=\"og:description\" content=\"Scopri Plagron Bat Guano, il fertilizzante naturale per piante pi\u00f9 sano e vigoroso. Per raccolti di alta qualit\u00e0, scegli la naturalit\u00e0. Provalo ora!\" \/>\n<meta property=\"og:url\" content=\"https:\/\/swissherboriginal.com\/hr\/ducan\/predmeti-za-uzgoj\/gnojiva\/plagron-bat-guano\/\" \/>\n<meta property=\"og:site_name\" content=\"Swiss Herb Original\" \/>\n<meta property=\"article:publisher\" content=\"https:\/\/www.facebook.com\/swissherboriginale\/\" \/>\n<meta property=\"article:modified_time\" content=\"2023-11-17T12:37:11+00:00\" \/>\n<meta property=\"og:image\" content=\"https:\/\/swissherboriginal.com\/wp-content\/uploads\/bat-guano-plagron-swiss-herb-original.png\" \/>\n\t<meta property=\"og:image:width\" content=\"800\" \/>\n\t<meta property=\"og:image:height\" content=\"800\" \/>\n\t<meta property=\"og:image:type\" content=\"image\/png\" \/>\n<meta name=\"twitter:card\" content=\"summary_large_image\" \/>\n<meta name=\"twitter:image\" content=\"https:\/\/swissherboriginal.com\/wp-content\/uploads\/bat-guano-plagron-swiss-herb-original.png\" \/>\n<meta name=\"twitter:label1\" content=\"Procijenjeno vrijeme \u010ditanja\" \/>\n\t<meta name=\"twitter:data1\" content=\"2 minute\" \/>\n<script type=\"application\/ld+json\" class=\"yoast-schema-graph\">{\"@context\":\"https:\/\/schema.org\",\"@graph\":[{\"@type\":\"WebPage\",\"@id\":\"https:\/\/swissherboriginal.com\/shop\/articoli-da-coltivazione\/fertilizzanti\/plagron-bat-guano\/\",\"url\":\"https:\/\/swissherboriginal.com\/shop\/articoli-da-coltivazione\/fertilizzanti\/plagron-bat-guano\/\",\"name\":\"Plagron Bat Guano | Fertilizzante | Swiss Herb Original\",\"isPartOf\":{\"@id\":\"https:\/\/swissherboriginal.com\/#website\"},\"primaryImageOfPage\":{\"@id\":\"https:\/\/swissherboriginal.com\/shop\/articoli-da-coltivazione\/fertilizzanti\/plagron-bat-guano\/#primaryimage\"},\"image\":{\"@id\":\"https:\/\/swissherboriginal.com\/shop\/articoli-da-coltivazione\/fertilizzanti\/plagron-bat-guano\/#primaryimage\"},\"thumbnailUrl\":\"https:\/\/swissherboriginal.com\/wp-content\/uploads\/bat-guano-plagron-swiss-herb-original.png\",\"datePublished\":\"2022-12-10T14:06:20+00:00\",\"dateModified\":\"2023-11-17T12:37:11+00:00\",\"description\":\"Scopri Plagron Bat Guano, il fertilizzante naturale per piante pi\u00f9 sano e vigoroso. Per raccolti di alta qualit\u00e0, scegli la naturalit\u00e0. Provalo ora!\",\"breadcrumb\":{\"@id\":\"https:\/\/swissherboriginal.com\/shop\/articoli-da-coltivazione\/fertilizzanti\/plagron-bat-guano\/#breadcrumb\"},\"inLanguage\":\"hr\",\"potentialAction\":[{\"@type\":\"ReadAction\",\"target\":[\"https:\/\/swissherboriginal.com\/shop\/articoli-da-coltivazione\/fertilizzanti\/plagron-bat-guano\/\"]}]},{\"@type\":\"ImageObject\",\"inLanguage\":\"hr\",\"@id\":\"https:\/\/swissherboriginal.com\/shop\/articoli-da-coltivazione\/fertilizzanti\/plagron-bat-guano\/#primaryimage\",\"url\":\"https:\/\/swissherboriginal.com\/wp-content\/uploads\/bat-guano-plagron-swiss-herb-original.png\",\"contentUrl\":\"https:\/\/swissherboriginal.com\/wp-content\/uploads\/bat-guano-plagron-swiss-herb-original.png\",\"width\":800,\"height\":800,\"caption\":\"Plagron Bat Guano\"},{\"@type\":\"BreadcrumbList\",\"@id\":\"https:\/\/swissherboriginal.com\/shop\/articoli-da-coltivazione\/fertilizzanti\/plagron-bat-guano\/#breadcrumb\",\"itemListElement\":[{\"@type\":\"ListItem\",\"position\":1,\"name\":\"Home\",\"item\":\"https:\/\/swissherboriginal.com\/\"},{\"@type\":\"ListItem\",\"position\":2,\"name\":\"Negozio Swiss Herb Original\",\"item\":\"https:\/\/swissherboriginal.com\/negozio-swiss-herb-original\/\"},{\"@type\":\"ListItem\",\"position\":3,\"name\":\"Plagron Bat Guano\"}]},{\"@type\":\"WebSite\",\"@id\":\"https:\/\/swissherboriginal.com\/#website\",\"url\":\"https:\/\/swissherboriginal.com\/\",\"name\":\"Swiss Herb Original\",\"description\":\"\",\"publisher\":{\"@id\":\"https:\/\/swissherboriginal.com\/#organization\"},\"potentialAction\":[{\"@type\":\"SearchAction\",\"target\":{\"@type\":\"EntryPoint\",\"urlTemplate\":\"https:\/\/swissherboriginal.com\/?s={search_term_string}\"},\"query-input\":{\"@type\":\"PropertyValueSpecification\",\"valueRequired\":true,\"valueName\":\"search_term_string\"}}],\"inLanguage\":\"hr\"},{\"@type\":\"Organization\",\"@id\":\"https:\/\/swissherboriginal.com\/#organization\",\"name\":\"Swiss Herb Original\",\"url\":\"https:\/\/swissherboriginal.com\/\",\"logo\":{\"@type\":\"ImageObject\",\"inLanguage\":\"hr\",\"@id\":\"https:\/\/swissherboriginal.com\/#\/schema\/logo\/image\/\",\"url\":\"https:\/\/swissherboriginal.com\/wp-content\/uploads\/logo-menu-tel-swissherb.png\",\"contentUrl\":\"https:\/\/swissherboriginal.com\/wp-content\/uploads\/logo-menu-tel-swissherb.png\",\"width\":512,\"height\":360,\"caption\":\"Swiss Herb Original\"},\"image\":{\"@id\":\"https:\/\/swissherboriginal.com\/#\/schema\/logo\/image\/\"},\"sameAs\":[\"https:\/\/www.facebook.com\/swissherboriginale\/\",\"https:\/\/www.instagram.com\/swissherb_original\"]}]}<\/script>\n<!-- \/ Yoast SEO Premium plugin. -->","yoast_head_json":{"title":"Plagron Bat Guano | Fertilizzante | Swiss Herb Original","description":"Scopri Plagron Bat Guano, il fertilizzante naturale per piante pi\u00f9 sano e vigoroso. Per raccolti di alta qualit\u00e0, scegli la naturalit\u00e0. Provalo ora!","robots":{"index":"index","follow":"follow","max-snippet":"max-snippet:-1","max-image-preview":"max-image-preview:large","max-video-preview":"max-video-preview:-1"},"canonical":"https:\/\/swissherboriginal.com\/hr\/ducan\/predmeti-za-uzgoj\/gnojiva\/plagron-bat-guano\/","og_locale":"hr_HR","og_type":"article","og_title":"Plagron Bat Guano","og_description":"Scopri Plagron Bat Guano, il fertilizzante naturale per piante pi\u00f9 sano e vigoroso. Per raccolti di alta qualit\u00e0, scegli la naturalit\u00e0. Provalo ora!","og_url":"https:\/\/swissherboriginal.com\/hr\/ducan\/predmeti-za-uzgoj\/gnojiva\/plagron-bat-guano\/","og_site_name":"Swiss Herb Original","article_publisher":"https:\/\/www.facebook.com\/swissherboriginale\/","article_modified_time":"2023-11-17T12:37:11+00:00","og_image":[{"width":800,"height":800,"url":"https:\/\/swissherboriginal.com\/wp-content\/uploads\/bat-guano-plagron-swiss-herb-original.png","type":"image\/png"}],"twitter_card":"summary_large_image","twitter_image":"https:\/\/swissherboriginal.com\/wp-content\/uploads\/bat-guano-plagron-swiss-herb-original.png","twitter_misc":{"Procijenjeno vrijeme \u010ditanja":"2 minute"},"schema":{"@context":"https:\/\/schema.org","@graph":[{"@type":"WebPage","@id":"https:\/\/swissherboriginal.com\/shop\/articoli-da-coltivazione\/fertilizzanti\/plagron-bat-guano\/","url":"https:\/\/swissherboriginal.com\/shop\/articoli-da-coltivazione\/fertilizzanti\/plagron-bat-guano\/","name":"Plagron Bat Guano | Fertilizzante | Swiss Herb Original","isPartOf":{"@id":"https:\/\/swissherboriginal.com\/#website"},"primaryImageOfPage":{"@id":"https:\/\/swissherboriginal.com\/shop\/articoli-da-coltivazione\/fertilizzanti\/plagron-bat-guano\/#primaryimage"},"image":{"@id":"https:\/\/swissherboriginal.com\/shop\/articoli-da-coltivazione\/fertilizzanti\/plagron-bat-guano\/#primaryimage"},"thumbnailUrl":"https:\/\/swissherboriginal.com\/wp-content\/uploads\/bat-guano-plagron-swiss-herb-original.png","datePublished":"2022-12-10T14:06:20+00:00","dateModified":"2023-11-17T12:37:11+00:00","description":"Scopri Plagron Bat Guano, il fertilizzante naturale per piante pi\u00f9 sano e vigoroso. Per raccolti di alta qualit\u00e0, scegli la naturalit\u00e0. Provalo ora!","breadcrumb":{"@id":"https:\/\/swissherboriginal.com\/shop\/articoli-da-coltivazione\/fertilizzanti\/plagron-bat-guano\/#breadcrumb"},"inLanguage":"hr","potentialAction":[{"@type":"ReadAction","target":["https:\/\/swissherboriginal.com\/shop\/articoli-da-coltivazione\/fertilizzanti\/plagron-bat-guano\/"]}]},{"@type":"ImageObject","inLanguage":"hr","@id":"https:\/\/swissherboriginal.com\/shop\/articoli-da-coltivazione\/fertilizzanti\/plagron-bat-guano\/#primaryimage","url":"https:\/\/swissherboriginal.com\/wp-content\/uploads\/bat-guano-plagron-swiss-herb-original.png","contentUrl":"https:\/\/swissherboriginal.com\/wp-content\/uploads\/bat-guano-plagron-swiss-herb-original.png","width":800,"height":800,"caption":"Plagron Bat Guano"},{"@type":"BreadcrumbList","@id":"https:\/\/swissherboriginal.com\/shop\/articoli-da-coltivazione\/fertilizzanti\/plagron-bat-guano\/#breadcrumb","itemListElement":[{"@type":"ListItem","position":1,"name":"Home","item":"https:\/\/swissherboriginal.com\/"},{"@type":"ListItem","position":2,"name":"Negozio Swiss Herb Original","item":"https:\/\/swissherboriginal.com\/negozio-swiss-herb-original\/"},{"@type":"ListItem","position":3,"name":"Plagron Bat Guano"}]},{"@type":"WebSite","@id":"https:\/\/swissherboriginal.com\/#website","url":"https:\/\/swissherboriginal.com\/","name":"Originalno \u0161vicarsko bilje","description":"","publisher":{"@id":"https:\/\/swissherboriginal.com\/#organization"},"potentialAction":[{"@type":"SearchAction","target":{"@type":"EntryPoint","urlTemplate":"https:\/\/swissherboriginal.com\/?s={search_term_string}"},"query-input":{"@type":"PropertyValueSpecification","valueRequired":true,"valueName":"search_term_string"}}],"inLanguage":"hr"},{"@type":"Organization","@id":"https:\/\/swissherboriginal.com\/#organization","name":"Originalno \u0161vicarsko bilje","url":"https:\/\/swissherboriginal.com\/","logo":{"@type":"ImageObject","inLanguage":"hr","@id":"https:\/\/swissherboriginal.com\/#\/schema\/logo\/image\/","url":"https:\/\/swissherboriginal.com\/wp-content\/uploads\/logo-menu-tel-swissherb.png","contentUrl":"https:\/\/swissherboriginal.com\/wp-content\/uploads\/logo-menu-tel-swissherb.png","width":512,"height":360,"caption":"Swiss Herb Original"},"image":{"@id":"https:\/\/swissherboriginal.com\/#\/schema\/logo\/image\/"},"sameAs":["https:\/\/www.facebook.com\/swissherboriginale\/","https:\/\/www.instagram.com\/swissherb_original"]}]}},"_links":{"self":[{"href":"https:\/\/swissherboriginal.com\/hr\/wp-json\/wp\/v2\/product\/398","targetHints":{"allow":["GET"]}}],"collection":[{"href":"https:\/\/swissherboriginal.com\/hr\/wp-json\/wp\/v2\/product"}],"about":[{"href":"https:\/\/swissherboriginal.com\/hr\/wp-json\/wp\/v2\/types\/product"}],"replies":[{"embeddable":true,"href":"https:\/\/swissherboriginal.com\/hr\/wp-json\/wp\/v2\/comments?post=398"}],"wp:featuredmedia":[{"embeddable":true,"href":"https:\/\/swissherboriginal.com\/hr\/wp-json\/wp\/v2\/media\/3969"}],"wp:attachment":[{"href":"https:\/\/swissherboriginal.com\/hr\/wp-json\/wp\/v2\/media?parent=398"}],"wp:term":[{"taxonomy":"product_brand","embeddable":true,"href":"https:\/\/swissherboriginal.com\/hr\/wp-json\/wp\/v2\/product_brand?post=398"},{"taxonomy":"product_cat","embeddable":true,"href":"https:\/\/swissherboriginal.com\/hr\/wp-json\/wp\/v2\/product_cat?post=398"},{"taxonomy":"product_tag","embeddable":true,"href":"https:\/\/swissherboriginal.com\/hr\/wp-json\/wp\/v2\/product_tag?post=398"}],"curies":[{"name":"wp","href":"https:\/\/api.w.org\/{rel}","templated":true}]}}