{"id":497,"date":"2023-01-04T22:44:40","date_gmt":"2023-01-04T22:44:40","guid":{"rendered":"https:\/\/swissherboriginal.com\/?post_type=product&#038;p=497"},"modified":"2024-06-18T12:54:43","modified_gmt":"2024-06-18T12:54:43","slug":"napredna-hidroponika-za-uzgoj-po-nizozemskoj-formuli","status":"publish","type":"product","link":"https:\/\/swissherboriginal.com\/hr\/ducan\/predmeti-za-uzgoj\/gnojiva\/napredna-hidroponika-za-uzgoj-po-nizozemskoj-formuli\/","title":{"rendered":"Napredna hidroponska formula za uzgoj u Nizozemskoj"},"content":{"rendered":"<h2>Napredna hidroponska formula za uzgoj u Nizozemskoj<\/h2>\n<p>Grow Dutch Formula tvrtke Advanced Hydroponics je vrlo u\u010dinkovit proizvod za uzgoj biljaka zahvaljuju\u0107i svojoj inovativnoj formulaciji. Ovo gnojivo za biljke idealno je za vanjski, unutarnji i hidroponski uzgoj. Jam\u010di iznimne rezultate za sve vrste biljaka, posebno brzorastu\u0107e kulture.<\/p>\n<p>Grow Dutch Formula formulirana je kako bi potaknula rast i regeneraciju biljaka od samog po\u010detka. Osigurava obilne koli\u010dine esencijalnih hranjivih tvari, poput du\u0161ika, fosfora i kalija, kao i elemente u tragovima poput cinka, bakra, \u017eeljeza i mangana. To omogu\u0107uje brz i sna\u017ean rast biljaka u svakoj fazi njihovog \u017eivota.<\/p>\n<p>Formula Grow Dutch posebno je prikladna za visokokvalitetne biljke, poput vo\u0107a i povr\u0107a, kao i ukrasnog bilja. Zahvaljuju\u0107i svom sastavu, ovo gnojivo mo\u017ee se koristiti za sve kulture, od najmanje zahtjevnih do onih koje najvi\u0161e zahtijevaju hranjive tvari, uvijek jam\u010de\u0107i najbolje rezultate.<\/p>\n<p>Grow Dutch Formula jam\u010di optimalne rezultate jer je formulirana kako bi pru\u017eila savr\u0161enu kombinaciju esencijalnih biljnih hranjivih tvari u optimalnim koli\u010dinama za svaku fazu rasta. To osigurava uravnote\u017een rast biljaka, pove\u0107anu proizvodnju plodova i pobolj\u0161anu otpornost na bolesti.<\/p>\n<p>Ukratko, Grow Dutch Formula tvrtke Advanced Hydroponics je visokokvalitetno, iznimno u\u010dinkovito biljno gnojivo za uzgoj svih vrsta biljaka. Njegova inovativna formulacija osigurava brz i sna\u017ean rast biljaka, pove\u0107anu proizvodnju plodova i pobolj\u0161anu otpornost na bolesti. Idealno je za uzgoj biljaka u svakoj fazi njihovog \u017eivota, od presa\u0111ivanja do berbe, za uzgoj u zatvorenom i na otvorenom prostoru.<\/p>\n<p>Uz Grow Dutch Formulu, dobivate i dva druga\u00a0<a href=\"https:\/\/swissherboriginal.com\/hr\/kategorija-proizvoda-2\/predmeti-za-uzgoj\/gnojiva\/\">gnojiva<\/a> iz Napredne hidroponike: <a href=\"https:\/\/swissherboriginal.com\/hr\/ducan\/predmeti-za-uzgoj\/gnojiva\/advanced-hydroponics-micro-dutch-formula\/\">Mikro<\/a> e <a href=\"https:\/\/swissherboriginal.com\/hr\/ducan\/predmeti-za-uzgoj\/gnojiva\/advanced-hydroponics-bloom-dutch-formula\/\">Cvat<\/a>, kako biste osigurali da va\u0161a biljka dobije sve \u0161to joj je potrebno, u svim fazama! Pogledajte i na\u0161e ostale proizvode! <a href=\"https:\/\/swissherboriginal.com\/hr\/kategorija-proizvoda-2\/predmeti-za-uzgoj\/\">predmeti za uzgoj<\/a>.<\/p>","protected":false},"excerpt":{"rendered":"<ul>\n<li>Hidroponsko gnojivo<\/li>\n<li>Inovativna formulacija<\/li>\n<li>Vegetativna faza<\/li>\n<li>Brz i sna\u017ean rast<\/li>\n<li>Esencijalne hranjive tvari<\/li>\n<\/ul>","protected":false},"featured_media":3957,"comment_status":"open","ping_status":"closed","template":"","meta":[],"product_brand":[],"product_cat":[260,261],"product_tag":[128,660,318,331,316,317],"class_list":{"0":"post-497","1":"product","2":"type-product","3":"status-publish","4":"has-post-thumbnail","6":"product_cat-articoli-da-coltivazione","7":"product_cat-fertilizzanti","8":"product_tag-advanced-hydroponics-of-holland","9":"product_tag-coltivazione-cannabis","10":"product_tag-coltivazione-idroponica","11":"product_tag-coltivazione-in-cocco","12":"product_tag-fertilizzante-per-crescita","13":"product_tag-fertilizzanti-minerali","15":"first","16":"instock","17":"shipping-taxable","18":"purchasable","19":"product-type-variable"},"yoast_head":"<!-- This site is optimized with the Yoast SEO Premium plugin v22.0 (Yoast SEO v26.3) - https:\/\/yoast.com\/wordpress\/plugins\/seo\/ -->\n<title>Advanced Hydroponics Grow Dutch Formula | Swiss Herb Original<\/title>\n<meta name=\"description\" content=\"Migliora la crescita delle tue piante con Grow Dutch Formula di Advanced Hydroponics. Sperimenta la qualit\u00e0 superiore, prova oggi stesso!\" \/>\n<meta name=\"robots\" content=\"index, follow, max-snippet:-1, max-image-preview:large, max-video-preview:-1\" \/>\n<link rel=\"canonical\" href=\"https:\/\/swissherboriginal.com\/hr\/ducan\/predmeti-za-uzgoj\/gnojiva\/napredna-hidroponika-za-uzgoj-po-nizozemskoj-formuli\/\" \/>\n<meta property=\"og:locale\" content=\"hr_HR\" \/>\n<meta property=\"og:type\" content=\"article\" \/>\n<meta property=\"og:title\" content=\"Advanced Hydroponics Grow Dutch Formula\" \/>\n<meta property=\"og:description\" content=\"Migliora la crescita delle tue piante con Grow Dutch Formula di Advanced Hydroponics. Sperimenta la qualit\u00e0 superiore, prova oggi stesso!\" \/>\n<meta property=\"og:url\" content=\"https:\/\/swissherboriginal.com\/hr\/ducan\/predmeti-za-uzgoj\/gnojiva\/napredna-hidroponika-za-uzgoj-po-nizozemskoj-formuli\/\" \/>\n<meta property=\"og:site_name\" content=\"Swiss Herb Original\" \/>\n<meta property=\"article:publisher\" content=\"https:\/\/www.facebook.com\/swissherboriginale\/\" \/>\n<meta property=\"article:modified_time\" content=\"2024-06-18T12:54:43+00:00\" \/>\n<meta property=\"og:image\" content=\"https:\/\/swissherboriginal.com\/wp-content\/uploads\/grow-dutch-formula-advanced-hydroponics-1l-swiss-herb-original.png\" \/>\n\t<meta property=\"og:image:width\" content=\"800\" \/>\n\t<meta property=\"og:image:height\" content=\"800\" \/>\n\t<meta property=\"og:image:type\" content=\"image\/png\" \/>\n<meta name=\"twitter:card\" content=\"summary_large_image\" \/>\n<meta name=\"twitter:image\" content=\"https:\/\/swissherboriginal.com\/wp-content\/uploads\/grow-dutch-formula-advanced-hydroponics-1l-swiss-herb-original.png\" \/>\n<meta name=\"twitter:label1\" content=\"Procijenjeno vrijeme \u010ditanja\" \/>\n\t<meta name=\"twitter:data1\" content=\"2 minute\" \/>\n<script type=\"application\/ld+json\" class=\"yoast-schema-graph\">{\"@context\":\"https:\/\/schema.org\",\"@graph\":[{\"@type\":\"WebPage\",\"@id\":\"https:\/\/swissherboriginal.com\/shop\/articoli-da-coltivazione\/fertilizzanti\/advanced-hydroponics-grow-dutch-formula\/\",\"url\":\"https:\/\/swissherboriginal.com\/shop\/articoli-da-coltivazione\/fertilizzanti\/advanced-hydroponics-grow-dutch-formula\/\",\"name\":\"Advanced Hydroponics Grow Dutch Formula | Swiss Herb Original\",\"isPartOf\":{\"@id\":\"https:\/\/swissherboriginal.com\/#website\"},\"primaryImageOfPage\":{\"@id\":\"https:\/\/swissherboriginal.com\/shop\/articoli-da-coltivazione\/fertilizzanti\/advanced-hydroponics-grow-dutch-formula\/#primaryimage\"},\"image\":{\"@id\":\"https:\/\/swissherboriginal.com\/shop\/articoli-da-coltivazione\/fertilizzanti\/advanced-hydroponics-grow-dutch-formula\/#primaryimage\"},\"thumbnailUrl\":\"https:\/\/swissherboriginal.com\/wp-content\/uploads\/grow-dutch-formula-advanced-hydroponics-1l-swiss-herb-original.png\",\"datePublished\":\"2023-01-04T22:44:40+00:00\",\"dateModified\":\"2024-06-18T12:54:43+00:00\",\"description\":\"Migliora la crescita delle tue piante con Grow Dutch Formula di Advanced Hydroponics. Sperimenta la qualit\u00e0 superiore, prova oggi stesso!\",\"breadcrumb\":{\"@id\":\"https:\/\/swissherboriginal.com\/shop\/articoli-da-coltivazione\/fertilizzanti\/advanced-hydroponics-grow-dutch-formula\/#breadcrumb\"},\"inLanguage\":\"hr\",\"potentialAction\":[{\"@type\":\"ReadAction\",\"target\":[\"https:\/\/swissherboriginal.com\/shop\/articoli-da-coltivazione\/fertilizzanti\/advanced-hydroponics-grow-dutch-formula\/\"]}]},{\"@type\":\"ImageObject\",\"inLanguage\":\"hr\",\"@id\":\"https:\/\/swissherboriginal.com\/shop\/articoli-da-coltivazione\/fertilizzanti\/advanced-hydroponics-grow-dutch-formula\/#primaryimage\",\"url\":\"https:\/\/swissherboriginal.com\/wp-content\/uploads\/grow-dutch-formula-advanced-hydroponics-1l-swiss-herb-original.png\",\"contentUrl\":\"https:\/\/swissherboriginal.com\/wp-content\/uploads\/grow-dutch-formula-advanced-hydroponics-1l-swiss-herb-original.png\",\"width\":800,\"height\":800,\"caption\":\"Advanced Hydroponics Grow Dutch Formula\"},{\"@type\":\"BreadcrumbList\",\"@id\":\"https:\/\/swissherboriginal.com\/shop\/articoli-da-coltivazione\/fertilizzanti\/advanced-hydroponics-grow-dutch-formula\/#breadcrumb\",\"itemListElement\":[{\"@type\":\"ListItem\",\"position\":1,\"name\":\"Home\",\"item\":\"https:\/\/swissherboriginal.com\/\"},{\"@type\":\"ListItem\",\"position\":2,\"name\":\"Negozio Swiss Herb Original\",\"item\":\"https:\/\/swissherboriginal.com\/negozio-swiss-herb-original\/\"},{\"@type\":\"ListItem\",\"position\":3,\"name\":\"Advanced Hydroponics Grow Dutch Formula\"}]},{\"@type\":\"WebSite\",\"@id\":\"https:\/\/swissherboriginal.com\/#website\",\"url\":\"https:\/\/swissherboriginal.com\/\",\"name\":\"Swiss Herb Original\",\"description\":\"\",\"publisher\":{\"@id\":\"https:\/\/swissherboriginal.com\/#organization\"},\"potentialAction\":[{\"@type\":\"SearchAction\",\"target\":{\"@type\":\"EntryPoint\",\"urlTemplate\":\"https:\/\/swissherboriginal.com\/?s={search_term_string}\"},\"query-input\":{\"@type\":\"PropertyValueSpecification\",\"valueRequired\":true,\"valueName\":\"search_term_string\"}}],\"inLanguage\":\"hr\"},{\"@type\":\"Organization\",\"@id\":\"https:\/\/swissherboriginal.com\/#organization\",\"name\":\"Swiss Herb Original\",\"url\":\"https:\/\/swissherboriginal.com\/\",\"logo\":{\"@type\":\"ImageObject\",\"inLanguage\":\"hr\",\"@id\":\"https:\/\/swissherboriginal.com\/#\/schema\/logo\/image\/\",\"url\":\"https:\/\/swissherboriginal.com\/wp-content\/uploads\/logo-menu-tel-swissherb.png\",\"contentUrl\":\"https:\/\/swissherboriginal.com\/wp-content\/uploads\/logo-menu-tel-swissherb.png\",\"width\":512,\"height\":360,\"caption\":\"Swiss Herb Original\"},\"image\":{\"@id\":\"https:\/\/swissherboriginal.com\/#\/schema\/logo\/image\/\"},\"sameAs\":[\"https:\/\/www.facebook.com\/swissherboriginale\/\",\"https:\/\/www.instagram.com\/swissherb_original\"]}]}<\/script>\n<!-- \/ Yoast SEO Premium plugin. -->","yoast_head_json":{"title":"Napredna hidroponska formula za uzgoj u Nizozemskoj | Originalno \u0161vicarsko bilje","description":"Pobolj\u0161ajte rast svojih biljaka uz Grow Dutch Formulu tvrtke Advanced Hydroponics. Iskusite vrhunsku kvalitetu - isprobajte ve\u0107 danas!","robots":{"index":"index","follow":"follow","max-snippet":"max-snippet:-1","max-image-preview":"max-image-preview:large","max-video-preview":"max-video-preview:-1"},"canonical":"https:\/\/swissherboriginal.com\/hr\/ducan\/predmeti-za-uzgoj\/gnojiva\/napredna-hidroponika-za-uzgoj-po-nizozemskoj-formuli\/","og_locale":"hr_HR","og_type":"article","og_title":"Advanced Hydroponics Grow Dutch Formula","og_description":"Migliora la crescita delle tue piante con Grow Dutch Formula di Advanced Hydroponics. Sperimenta la qualit\u00e0 superiore, prova oggi stesso!","og_url":"https:\/\/swissherboriginal.com\/hr\/ducan\/predmeti-za-uzgoj\/gnojiva\/napredna-hidroponika-za-uzgoj-po-nizozemskoj-formuli\/","og_site_name":"Swiss Herb Original","article_publisher":"https:\/\/www.facebook.com\/swissherboriginale\/","article_modified_time":"2024-06-18T12:54:43+00:00","og_image":[{"width":800,"height":800,"url":"https:\/\/swissherboriginal.com\/wp-content\/uploads\/grow-dutch-formula-advanced-hydroponics-1l-swiss-herb-original.png","type":"image\/png"}],"twitter_card":"summary_large_image","twitter_image":"https:\/\/swissherboriginal.com\/wp-content\/uploads\/grow-dutch-formula-advanced-hydroponics-1l-swiss-herb-original.png","twitter_misc":{"Procijenjeno vrijeme \u010ditanja":"2 minute"},"schema":{"@context":"https:\/\/schema.org","@graph":[{"@type":"WebPage","@id":"https:\/\/swissherboriginal.com\/shop\/articoli-da-coltivazione\/fertilizzanti\/advanced-hydroponics-grow-dutch-formula\/","url":"https:\/\/swissherboriginal.com\/shop\/articoli-da-coltivazione\/fertilizzanti\/advanced-hydroponics-grow-dutch-formula\/","name":"Napredna hidroponska formula za uzgoj u Nizozemskoj | Originalno \u0161vicarsko bilje","isPartOf":{"@id":"https:\/\/swissherboriginal.com\/#website"},"primaryImageOfPage":{"@id":"https:\/\/swissherboriginal.com\/shop\/articoli-da-coltivazione\/fertilizzanti\/advanced-hydroponics-grow-dutch-formula\/#primaryimage"},"image":{"@id":"https:\/\/swissherboriginal.com\/shop\/articoli-da-coltivazione\/fertilizzanti\/advanced-hydroponics-grow-dutch-formula\/#primaryimage"},"thumbnailUrl":"https:\/\/swissherboriginal.com\/wp-content\/uploads\/grow-dutch-formula-advanced-hydroponics-1l-swiss-herb-original.png","datePublished":"2023-01-04T22:44:40+00:00","dateModified":"2024-06-18T12:54:43+00:00","description":"Pobolj\u0161ajte rast svojih biljaka uz Grow Dutch Formulu tvrtke Advanced Hydroponics. Iskusite vrhunsku kvalitetu - isprobajte ve\u0107 danas!","breadcrumb":{"@id":"https:\/\/swissherboriginal.com\/shop\/articoli-da-coltivazione\/fertilizzanti\/advanced-hydroponics-grow-dutch-formula\/#breadcrumb"},"inLanguage":"hr","potentialAction":[{"@type":"ReadAction","target":["https:\/\/swissherboriginal.com\/shop\/articoli-da-coltivazione\/fertilizzanti\/advanced-hydroponics-grow-dutch-formula\/"]}]},{"@type":"ImageObject","inLanguage":"hr","@id":"https:\/\/swissherboriginal.com\/shop\/articoli-da-coltivazione\/fertilizzanti\/advanced-hydroponics-grow-dutch-formula\/#primaryimage","url":"https:\/\/swissherboriginal.com\/wp-content\/uploads\/grow-dutch-formula-advanced-hydroponics-1l-swiss-herb-original.png","contentUrl":"https:\/\/swissherboriginal.com\/wp-content\/uploads\/grow-dutch-formula-advanced-hydroponics-1l-swiss-herb-original.png","width":800,"height":800,"caption":"Advanced Hydroponics Grow Dutch Formula"},{"@type":"BreadcrumbList","@id":"https:\/\/swissherboriginal.com\/shop\/articoli-da-coltivazione\/fertilizzanti\/advanced-hydroponics-grow-dutch-formula\/#breadcrumb","itemListElement":[{"@type":"ListItem","position":1,"name":"Home","item":"https:\/\/swissherboriginal.com\/"},{"@type":"ListItem","position":2,"name":"Negozio Swiss Herb Original","item":"https:\/\/swissherboriginal.com\/negozio-swiss-herb-original\/"},{"@type":"ListItem","position":3,"name":"Advanced Hydroponics Grow Dutch Formula"}]},{"@type":"WebSite","@id":"https:\/\/swissherboriginal.com\/#website","url":"https:\/\/swissherboriginal.com\/","name":"Originalno \u0161vicarsko bilje","description":"","publisher":{"@id":"https:\/\/swissherboriginal.com\/#organization"},"potentialAction":[{"@type":"SearchAction","target":{"@type":"EntryPoint","urlTemplate":"https:\/\/swissherboriginal.com\/?s={search_term_string}"},"query-input":{"@type":"PropertyValueSpecification","valueRequired":true,"valueName":"search_term_string"}}],"inLanguage":"hr"},{"@type":"Organization","@id":"https:\/\/swissherboriginal.com\/#organization","name":"Originalno \u0161vicarsko bilje","url":"https:\/\/swissherboriginal.com\/","logo":{"@type":"ImageObject","inLanguage":"hr","@id":"https:\/\/swissherboriginal.com\/#\/schema\/logo\/image\/","url":"https:\/\/swissherboriginal.com\/wp-content\/uploads\/logo-menu-tel-swissherb.png","contentUrl":"https:\/\/swissherboriginal.com\/wp-content\/uploads\/logo-menu-tel-swissherb.png","width":512,"height":360,"caption":"Swiss Herb Original"},"image":{"@id":"https:\/\/swissherboriginal.com\/#\/schema\/logo\/image\/"},"sameAs":["https:\/\/www.facebook.com\/swissherboriginale\/","https:\/\/www.instagram.com\/swissherb_original"]}]}},"_links":{"self":[{"href":"https:\/\/swissherboriginal.com\/hr\/wp-json\/wp\/v2\/product\/497","targetHints":{"allow":["GET"]}}],"collection":[{"href":"https:\/\/swissherboriginal.com\/hr\/wp-json\/wp\/v2\/product"}],"about":[{"href":"https:\/\/swissherboriginal.com\/hr\/wp-json\/wp\/v2\/types\/product"}],"replies":[{"embeddable":true,"href":"https:\/\/swissherboriginal.com\/hr\/wp-json\/wp\/v2\/comments?post=497"}],"wp:featuredmedia":[{"embeddable":true,"href":"https:\/\/swissherboriginal.com\/hr\/wp-json\/wp\/v2\/media\/3957"}],"wp:attachment":[{"href":"https:\/\/swissherboriginal.com\/hr\/wp-json\/wp\/v2\/media?parent=497"}],"wp:term":[{"taxonomy":"product_brand","embeddable":true,"href":"https:\/\/swissherboriginal.com\/hr\/wp-json\/wp\/v2\/product_brand?post=497"},{"taxonomy":"product_cat","embeddable":true,"href":"https:\/\/swissherboriginal.com\/hr\/wp-json\/wp\/v2\/product_cat?post=497"},{"taxonomy":"product_tag","embeddable":true,"href":"https:\/\/swissherboriginal.com\/hr\/wp-json\/wp\/v2\/product_tag?post=497"}],"curies":[{"name":"wp","href":"https:\/\/api.w.org\/{rel}","templated":true}]}}