{"id":527,"date":"2023-01-05T12:33:57","date_gmt":"2023-01-05T12:33:57","guid":{"rendered":"https:\/\/swissherboriginal.com\/?post_type=product&#038;p=527"},"modified":"2023-11-22T12:10:15","modified_gmt":"2023-11-22T12:10:15","slug":"smanjenje-ph-vrijednosti","status":"publish","type":"product","link":"https:\/\/swissherboriginal.com\/hr\/ducan\/predmeti-za-uzgoj\/gnojiva\/smanjenje-ph-vrijednosti\/","title":{"rendered":"Hesi pH Down (-)"},"content":{"rendered":"<h2>Hesi pH Down (-)<\/h2>\n<p>Hesi pH Down (-) je teku\u0107e biljno gnojivo posebno dizajnirano za sni\u017eavanje pH vrijednosti vode koja se koristi tijekom rasta biljaka. pH vrijednosti vode izuzetno su va\u017ene za biljke, jer previsoka ili preniska vrijednost mo\u017ee negativno utjecati na njihovo zdravlje i rast.<\/p>\n<p>Hesi pH Down (-) je posebno koristan za biljke uzgajane hidroponski, gdje uzgajiva\u010di pa\u017eljivo prate pH vrijednost vode kako bi osigurali da je unutar idealnog raspona za njihove biljke. Ovo gnojivo trenutno djeluje na sni\u017eavanje pH vrijednosti vode, poma\u017eu\u0107i biljkama da dostignu i odr\u017ee idealnu razinu pH.<\/p>\n<p>Proizvod je jednostavan za kori\u0161tenje i mo\u017ee se dodati izravno u vodu za navodnjavanje. Nadalje, Hesi pH Down (-) je potpuno kompatibilan s ve\u0107inom biljnih gnojiva. To zna\u010di da ga mo\u017eete koristiti zajedno s drugim proizvodima kako biste pobolj\u0161ali u\u010dinkovitost svog programa prehrane biljaka.<\/p>\n<p>Jo\u0161 jedna va\u017ena zna\u010dajka Hesi pH Down (-) je njegova formulacija sigurna za biljke. To zna\u010di da iako proizvod sni\u017eava pH razinu vode, ne \u0161teti korijenju biljaka ili njihovim tkivima. Nadalje, ovaj proizvod je napravljen od visokokvalitetnih sastojaka, \u0161to zna\u010di da ne sadr\u017ei \u0161tetne ili otrovne kemikalije.<\/p>\n<p>Va\u017eno je napomenuti da je Hesi pH Down (-) dostupan samo u bocama od 1 litre, \u0161to zna\u010di da ga mo\u017eete lako koristiti bez potrebe za kupnjom velikih koli\u010dina. Osim toga, proizvod je dostupan po razumnoj cijeni, \u0161to ga \u010dini prakti\u010dnim izborom za uzgajiva\u010de svih razina vje\u0161tina.<\/p>\n<p>Ukratko, Hesi pH Down (-) je visokokvalitetno teku\u0107e gnojivo za biljke. Dokazano je izuzetno u\u010dinkovitim u sni\u017eavanju pH vrijednosti vode bez o\u0161te\u0107enja biljaka. Nudi izvrsnu kompatibilnost s drugim gnojivima i dolazi u prakti\u010dnim bocama od 1 litre po razumnoj cijeni. Ako ste uzgajiva\u010d koji tra\u017ei proizvod za sigurno i u\u010dinkovito sni\u017eavanje pH vrijednosti vode va\u0161ih biljaka, Hesi pH Down (-) je definitivno opcija koju vrijedi razmotriti.<\/p>\n<p>Ovo je odli\u010dan proizvod za sni\u017eavanje pH vrijednosti tla; ali ako je trebate povisiti, <a href=\"https:\/\/swissherboriginal.com\/hr\/oznaka-proizvoda-2\/hesi\/\">Hesi<\/a> ima <a href=\"https:\/\/swissherboriginal.com\/hr\/kategorija-proizvoda-2\/predmeti-za-uzgoj\/gnojiva\/\">gnojivo<\/a> Pravo: <a href=\"https:\/\/swissherboriginal.com\/hr\/ducan\/predmeti-za-uzgoj\/gnojiva\/hesi-ph-up\/\">Hesi pH Up (+)<\/a>! Pogledajte i na\u0161e ostale! <a href=\"https:\/\/swissherboriginal.com\/hr\/kategorija-proizvoda-2\/predmeti-za-uzgoj\/\">predmeti za uzgoj<\/a>.<\/p>","protected":false},"excerpt":{"rendered":"<ul>\n<li>Inovativna formula<\/li>\n<li>Visoka kvaliteta<\/li>\n<li>Pouzdan<\/li>\n<li>Sni\u017eava pH<\/li>\n<li>Visoko koncentriran<\/li>\n<\/ul>","protected":false},"featured_media":3949,"comment_status":"open","ping_status":"closed","template":"","meta":[],"product_brand":[],"product_cat":[260,261],"product_tag":[660,689,653,110,323],"class_list":{"0":"post-527","1":"product","2":"type-product","3":"status-publish","4":"has-post-thumbnail","6":"product_cat-articoli-da-coltivazione","7":"product_cat-fertilizzanti","8":"product_tag-coltivazione-cannabis","9":"product_tag-coltivazione-greenhouse","10":"product_tag-coltivazione-indoor","11":"product_tag-hesi","12":"product_tag-regolatore-di-ph","14":"first","15":"instock","16":"shipping-taxable","17":"purchasable","18":"product-type-simple"},"yoast_head":"<!-- This site is optimized with the Yoast SEO Premium plugin v22.0 (Yoast SEO v26.3) - https:\/\/yoast.com\/wordpress\/plugins\/seo\/ -->\n<title>Hesi pH Down (-) | Fertilizzante | Swiss Herb Original<\/title>\n<meta name=\"description\" content=\"Migliora la salute delle tue piante con Hesi pH Down (-), l&#039;ideale per abbassare il pH dell&#039;acqua in modo sicuro. Provalo ora!\" \/>\n<meta name=\"robots\" content=\"index, follow, max-snippet:-1, max-image-preview:large, max-video-preview:-1\" \/>\n<link rel=\"canonical\" href=\"https:\/\/swissherboriginal.com\/hr\/ducan\/predmeti-za-uzgoj\/gnojiva\/smanjenje-ph-vrijednosti\/\" \/>\n<meta property=\"og:locale\" content=\"hr_HR\" \/>\n<meta property=\"og:type\" content=\"article\" \/>\n<meta property=\"og:title\" content=\"Hesi pH Down (-)\" \/>\n<meta property=\"og:description\" content=\"Migliora la salute delle tue piante con Hesi pH Down (-), l&#039;ideale per abbassare il pH dell&#039;acqua in modo sicuro. Provalo ora!\" \/>\n<meta property=\"og:url\" content=\"https:\/\/swissherboriginal.com\/hr\/ducan\/predmeti-za-uzgoj\/gnojiva\/smanjenje-ph-vrijednosti\/\" \/>\n<meta property=\"og:site_name\" content=\"Swiss Herb Original\" \/>\n<meta property=\"article:publisher\" content=\"https:\/\/www.facebook.com\/swissherboriginale\/\" \/>\n<meta property=\"article:modified_time\" content=\"2023-11-22T12:10:15+00:00\" \/>\n<meta property=\"og:image\" content=\"https:\/\/swissherboriginal.com\/wp-content\/uploads\/ph-minus-down-hesi-swiss-herb-original.png\" \/>\n\t<meta property=\"og:image:width\" content=\"800\" \/>\n\t<meta property=\"og:image:height\" content=\"800\" \/>\n\t<meta property=\"og:image:type\" content=\"image\/png\" \/>\n<meta name=\"twitter:card\" content=\"summary_large_image\" \/>\n<meta name=\"twitter:image\" content=\"https:\/\/swissherboriginal.com\/wp-content\/uploads\/ph-minus-down-hesi-swiss-herb-original.png\" \/>\n<meta name=\"twitter:label1\" content=\"Procijenjeno vrijeme \u010ditanja\" \/>\n\t<meta name=\"twitter:data1\" content=\"3 minute\" \/>\n<script type=\"application\/ld+json\" class=\"yoast-schema-graph\">{\"@context\":\"https:\/\/schema.org\",\"@graph\":[{\"@type\":\"WebPage\",\"@id\":\"https:\/\/swissherboriginal.com\/shop\/articoli-da-coltivazione\/fertilizzanti\/hesi-ph-down\/\",\"url\":\"https:\/\/swissherboriginal.com\/shop\/articoli-da-coltivazione\/fertilizzanti\/hesi-ph-down\/\",\"name\":\"Hesi pH Down (-) | Fertilizzante | Swiss Herb Original\",\"isPartOf\":{\"@id\":\"https:\/\/swissherboriginal.com\/#website\"},\"primaryImageOfPage\":{\"@id\":\"https:\/\/swissherboriginal.com\/shop\/articoli-da-coltivazione\/fertilizzanti\/hesi-ph-down\/#primaryimage\"},\"image\":{\"@id\":\"https:\/\/swissherboriginal.com\/shop\/articoli-da-coltivazione\/fertilizzanti\/hesi-ph-down\/#primaryimage\"},\"thumbnailUrl\":\"https:\/\/swissherboriginal.com\/wp-content\/uploads\/ph-minus-down-hesi-swiss-herb-original.png\",\"datePublished\":\"2023-01-05T12:33:57+00:00\",\"dateModified\":\"2023-11-22T12:10:15+00:00\",\"description\":\"Migliora la salute delle tue piante con Hesi pH Down (-), l'ideale per abbassare il pH dell'acqua in modo sicuro. Provalo ora!\",\"breadcrumb\":{\"@id\":\"https:\/\/swissherboriginal.com\/shop\/articoli-da-coltivazione\/fertilizzanti\/hesi-ph-down\/#breadcrumb\"},\"inLanguage\":\"hr\",\"potentialAction\":[{\"@type\":\"ReadAction\",\"target\":[\"https:\/\/swissherboriginal.com\/shop\/articoli-da-coltivazione\/fertilizzanti\/hesi-ph-down\/\"]}]},{\"@type\":\"ImageObject\",\"inLanguage\":\"hr\",\"@id\":\"https:\/\/swissherboriginal.com\/shop\/articoli-da-coltivazione\/fertilizzanti\/hesi-ph-down\/#primaryimage\",\"url\":\"https:\/\/swissherboriginal.com\/wp-content\/uploads\/ph-minus-down-hesi-swiss-herb-original.png\",\"contentUrl\":\"https:\/\/swissherboriginal.com\/wp-content\/uploads\/ph-minus-down-hesi-swiss-herb-original.png\",\"width\":800,\"height\":800,\"caption\":\"Hesi pH Down (-)\"},{\"@type\":\"BreadcrumbList\",\"@id\":\"https:\/\/swissherboriginal.com\/shop\/articoli-da-coltivazione\/fertilizzanti\/hesi-ph-down\/#breadcrumb\",\"itemListElement\":[{\"@type\":\"ListItem\",\"position\":1,\"name\":\"Home\",\"item\":\"https:\/\/swissherboriginal.com\/\"},{\"@type\":\"ListItem\",\"position\":2,\"name\":\"Negozio Swiss Herb Original\",\"item\":\"https:\/\/swissherboriginal.com\/negozio-swiss-herb-original\/\"},{\"@type\":\"ListItem\",\"position\":3,\"name\":\"Hesi pH Down (-)\"}]},{\"@type\":\"WebSite\",\"@id\":\"https:\/\/swissherboriginal.com\/#website\",\"url\":\"https:\/\/swissherboriginal.com\/\",\"name\":\"Swiss Herb Original\",\"description\":\"\",\"publisher\":{\"@id\":\"https:\/\/swissherboriginal.com\/#organization\"},\"potentialAction\":[{\"@type\":\"SearchAction\",\"target\":{\"@type\":\"EntryPoint\",\"urlTemplate\":\"https:\/\/swissherboriginal.com\/?s={search_term_string}\"},\"query-input\":{\"@type\":\"PropertyValueSpecification\",\"valueRequired\":true,\"valueName\":\"search_term_string\"}}],\"inLanguage\":\"hr\"},{\"@type\":\"Organization\",\"@id\":\"https:\/\/swissherboriginal.com\/#organization\",\"name\":\"Swiss Herb Original\",\"url\":\"https:\/\/swissherboriginal.com\/\",\"logo\":{\"@type\":\"ImageObject\",\"inLanguage\":\"hr\",\"@id\":\"https:\/\/swissherboriginal.com\/#\/schema\/logo\/image\/\",\"url\":\"https:\/\/swissherboriginal.com\/wp-content\/uploads\/logo-menu-tel-swissherb.png\",\"contentUrl\":\"https:\/\/swissherboriginal.com\/wp-content\/uploads\/logo-menu-tel-swissherb.png\",\"width\":512,\"height\":360,\"caption\":\"Swiss Herb Original\"},\"image\":{\"@id\":\"https:\/\/swissherboriginal.com\/#\/schema\/logo\/image\/\"},\"sameAs\":[\"https:\/\/www.facebook.com\/swissherboriginale\/\",\"https:\/\/www.instagram.com\/swissherb_original\"]}]}<\/script>\n<!-- \/ Yoast SEO Premium plugin. -->","yoast_head_json":{"title":"Hesi pH Down (-) | Gnojivo | Originalno \u0161vicarsko bilje","description":"Pobolj\u0161ajte zdravlje svojih biljaka uz Hesi pH Down (-), idealan za sigurno sni\u017eavanje pH vrijednosti vode. Isprobajte odmah!","robots":{"index":"index","follow":"follow","max-snippet":"max-snippet:-1","max-image-preview":"max-image-preview:large","max-video-preview":"max-video-preview:-1"},"canonical":"https:\/\/swissherboriginal.com\/hr\/ducan\/predmeti-za-uzgoj\/gnojiva\/smanjenje-ph-vrijednosti\/","og_locale":"hr_HR","og_type":"article","og_title":"Hesi pH Down (-)","og_description":"Migliora la salute delle tue piante con Hesi pH Down (-), l'ideale per abbassare il pH dell'acqua in modo sicuro. Provalo ora!","og_url":"https:\/\/swissherboriginal.com\/hr\/ducan\/predmeti-za-uzgoj\/gnojiva\/smanjenje-ph-vrijednosti\/","og_site_name":"Swiss Herb Original","article_publisher":"https:\/\/www.facebook.com\/swissherboriginale\/","article_modified_time":"2023-11-22T12:10:15+00:00","og_image":[{"width":800,"height":800,"url":"https:\/\/swissherboriginal.com\/wp-content\/uploads\/ph-minus-down-hesi-swiss-herb-original.png","type":"image\/png"}],"twitter_card":"summary_large_image","twitter_image":"https:\/\/swissherboriginal.com\/wp-content\/uploads\/ph-minus-down-hesi-swiss-herb-original.png","twitter_misc":{"Procijenjeno vrijeme \u010ditanja":"3 minute"},"schema":{"@context":"https:\/\/schema.org","@graph":[{"@type":"WebPage","@id":"https:\/\/swissherboriginal.com\/shop\/articoli-da-coltivazione\/fertilizzanti\/hesi-ph-down\/","url":"https:\/\/swissherboriginal.com\/shop\/articoli-da-coltivazione\/fertilizzanti\/hesi-ph-down\/","name":"Hesi pH Down (-) | Gnojivo | Originalno \u0161vicarsko bilje","isPartOf":{"@id":"https:\/\/swissherboriginal.com\/#website"},"primaryImageOfPage":{"@id":"https:\/\/swissherboriginal.com\/shop\/articoli-da-coltivazione\/fertilizzanti\/hesi-ph-down\/#primaryimage"},"image":{"@id":"https:\/\/swissherboriginal.com\/shop\/articoli-da-coltivazione\/fertilizzanti\/hesi-ph-down\/#primaryimage"},"thumbnailUrl":"https:\/\/swissherboriginal.com\/wp-content\/uploads\/ph-minus-down-hesi-swiss-herb-original.png","datePublished":"2023-01-05T12:33:57+00:00","dateModified":"2023-11-22T12:10:15+00:00","description":"Pobolj\u0161ajte zdravlje svojih biljaka uz Hesi pH Down (-), idealan za sigurno sni\u017eavanje pH vrijednosti vode. Isprobajte odmah!","breadcrumb":{"@id":"https:\/\/swissherboriginal.com\/shop\/articoli-da-coltivazione\/fertilizzanti\/hesi-ph-down\/#breadcrumb"},"inLanguage":"hr","potentialAction":[{"@type":"ReadAction","target":["https:\/\/swissherboriginal.com\/shop\/articoli-da-coltivazione\/fertilizzanti\/hesi-ph-down\/"]}]},{"@type":"ImageObject","inLanguage":"hr","@id":"https:\/\/swissherboriginal.com\/shop\/articoli-da-coltivazione\/fertilizzanti\/hesi-ph-down\/#primaryimage","url":"https:\/\/swissherboriginal.com\/wp-content\/uploads\/ph-minus-down-hesi-swiss-herb-original.png","contentUrl":"https:\/\/swissherboriginal.com\/wp-content\/uploads\/ph-minus-down-hesi-swiss-herb-original.png","width":800,"height":800,"caption":"Hesi pH Down (-)"},{"@type":"BreadcrumbList","@id":"https:\/\/swissherboriginal.com\/shop\/articoli-da-coltivazione\/fertilizzanti\/hesi-ph-down\/#breadcrumb","itemListElement":[{"@type":"ListItem","position":1,"name":"Home","item":"https:\/\/swissherboriginal.com\/"},{"@type":"ListItem","position":2,"name":"Negozio Swiss Herb Original","item":"https:\/\/swissherboriginal.com\/negozio-swiss-herb-original\/"},{"@type":"ListItem","position":3,"name":"Hesi pH Down (-)"}]},{"@type":"WebSite","@id":"https:\/\/swissherboriginal.com\/#website","url":"https:\/\/swissherboriginal.com\/","name":"Originalno \u0161vicarsko bilje","description":"","publisher":{"@id":"https:\/\/swissherboriginal.com\/#organization"},"potentialAction":[{"@type":"SearchAction","target":{"@type":"EntryPoint","urlTemplate":"https:\/\/swissherboriginal.com\/?s={search_term_string}"},"query-input":{"@type":"PropertyValueSpecification","valueRequired":true,"valueName":"search_term_string"}}],"inLanguage":"hr"},{"@type":"Organization","@id":"https:\/\/swissherboriginal.com\/#organization","name":"Originalno \u0161vicarsko bilje","url":"https:\/\/swissherboriginal.com\/","logo":{"@type":"ImageObject","inLanguage":"hr","@id":"https:\/\/swissherboriginal.com\/#\/schema\/logo\/image\/","url":"https:\/\/swissherboriginal.com\/wp-content\/uploads\/logo-menu-tel-swissherb.png","contentUrl":"https:\/\/swissherboriginal.com\/wp-content\/uploads\/logo-menu-tel-swissherb.png","width":512,"height":360,"caption":"Swiss Herb Original"},"image":{"@id":"https:\/\/swissherboriginal.com\/#\/schema\/logo\/image\/"},"sameAs":["https:\/\/www.facebook.com\/swissherboriginale\/","https:\/\/www.instagram.com\/swissherb_original"]}]}},"_links":{"self":[{"href":"https:\/\/swissherboriginal.com\/hr\/wp-json\/wp\/v2\/product\/527","targetHints":{"allow":["GET"]}}],"collection":[{"href":"https:\/\/swissherboriginal.com\/hr\/wp-json\/wp\/v2\/product"}],"about":[{"href":"https:\/\/swissherboriginal.com\/hr\/wp-json\/wp\/v2\/types\/product"}],"replies":[{"embeddable":true,"href":"https:\/\/swissherboriginal.com\/hr\/wp-json\/wp\/v2\/comments?post=527"}],"wp:featuredmedia":[{"embeddable":true,"href":"https:\/\/swissherboriginal.com\/hr\/wp-json\/wp\/v2\/media\/3949"}],"wp:attachment":[{"href":"https:\/\/swissherboriginal.com\/hr\/wp-json\/wp\/v2\/media?parent=527"}],"wp:term":[{"taxonomy":"product_brand","embeddable":true,"href":"https:\/\/swissherboriginal.com\/hr\/wp-json\/wp\/v2\/product_brand?post=527"},{"taxonomy":"product_cat","embeddable":true,"href":"https:\/\/swissherboriginal.com\/hr\/wp-json\/wp\/v2\/product_cat?post=527"},{"taxonomy":"product_tag","embeddable":true,"href":"https:\/\/swissherboriginal.com\/hr\/wp-json\/wp\/v2\/product_tag?post=527"}],"curies":[{"name":"wp","href":"https:\/\/api.w.org\/{rel}","templated":true}]}}