{"id":657,"date":"2023-01-07T13:04:48","date_gmt":"2023-01-07T13:04:48","guid":{"rendered":"https:\/\/swissherboriginal.com\/?post_type=product&#038;p=657"},"modified":"2023-11-17T14:07:13","modified_gmt":"2023-11-17T14:07:13","slug":"advanced-nutrients-grow-ph-perfect","status":"publish","type":"product","link":"https:\/\/swissherboriginal.com\/hr\/ducan\/predmeti-za-uzgoj\/gnojiva\/advanced-nutrients-grow-ph-perfect\/","title":{"rendered":"Napredni hranjivi sastojci za savr\u0161en pH rast"},"content":{"rendered":"<h2>Napredni hranjivi sastojci za savr\u0161en pH rast<\/h2>\n<p>Il Grow pH Perfect di Advanced Nutrients \u00e8 un prodotto di alta qualit\u00e0 per chi desidera far crescere le proprie piante con successo. Grazie alla sua formula innovativa, questo nutriente fornisce alle piante tutti i nutrienti essenziali per il loro sviluppo nelle fasi di crescita vegetativa, permettendoti di ottenere piante sane e forti.<\/p>\n<p>La formula del Grow pH Perfect si avvale di una combinazione unica di sostanze nutritive. Tra cui azoto, fosforo e potassio, che aiutano le piante a svilupparsi in modo equilibrato. Inoltre, questo prodotto contiene anche una serie di micronutrienti, vitamine e amminoacidi. Questi contribuiscono a migliorare la nutrizione delle piante, aumentando la loro capacit\u00e0 di sviluppo.<\/p>\n<p>La cosa interessante del Grow pH Perfect \u00e8 che \u00e8 progettato per garantire un pH perfetto del terreno. Ci\u00f2 significa che non dovrai pi\u00f9 preoccuparti di misurare e regolare il pH del tuo terreno, basta aggiungere il nutriente e lasciare che faccia il suo lavoro. Infatti, questo prodotto si adatta automaticamente al pH del terreno, fornendo una nutrizione completa e bilanciata alle piante.<\/p>\n<p>La formula del Grow pH Perfect di Advanced Nutrients \u00e8 adatta per tutti i tipi di piante. Pu\u00f2 essere utilizzata in qualsiasi tipo di coltivazione, sia indoor che outdoor. Inoltre, questo prodotto viene fornito in confezioni pronte all&#8217;uso, che lo rendono molto facile da usare.<\/p>\n<p>In sintesi, Grow pH Perfect \u00e8 un prodotto di qualit\u00e0 superiore, che garantisce un&#8217;approvvigionamento completo di nutrienti alle tue piante, senza la necessit\u00e0 di regolare il pH del tuo terreno. Grazie alla sua formula innovativa e alla sua semplicit\u00e0 d&#8217;uso, questo prodotto \u00e8 la scelta ideale per tutti coloro che desiderano ottenere piante forti, sane e rigogliose.<\/p>\n<p>Insieme al Grow pH Perfect, prendi anche altri <a href=\"https:\/\/swissherboriginal.com\/hr\/kategorija-proizvoda-2\/predmeti-za-uzgoj\/gnojiva\/\">gnojiva<\/a> della Advanced Nutrients: <a href=\"https:\/\/swissherboriginal.com\/hr\/ducan\/predmeti-za-uzgoj\/gnojiva\/advanced-nutrients-micro-ph-perfect\/\">il Micro pH Perfect<\/a>, e il Bloom pH Perfect. In questo modo, ti assicurerai che la tua pianta riceva tutto ci\u00f2 di cui ha bisogno, in tutte le sue fasi! Dai un\u2019occhiata anche ai nostri altri <a href=\"https:\/\/swissherboriginal.com\/hr\/kategorija-proizvoda-2\/predmeti-za-uzgoj\/\">predmeti za uzgoj<\/a>.<\/p>","protected":false},"excerpt":{"rendered":"<ul>\n<li>Tecnologia pH Perfect<\/li>\n<li>Vegetativna faza<\/li>\n<li>Qualit\u00e0 superiore<\/li>\n<li>Inovativna formula<\/li>\n<li>Favorisce una nutrizione completa<\/li>\n<\/ul>","protected":false},"featured_media":3937,"comment_status":"open","ping_status":"closed","template":"","meta":[],"product_brand":[],"product_cat":[260,261],"product_tag":[109,660,689,318,653,316,317,323],"class_list":{"0":"post-657","1":"product","2":"type-product","3":"status-publish","4":"has-post-thumbnail","6":"product_cat-articoli-da-coltivazione","7":"product_cat-fertilizzanti","8":"product_tag-advanced-nutrients","9":"product_tag-coltivazione-cannabis","10":"product_tag-coltivazione-greenhouse","11":"product_tag-coltivazione-idroponica","12":"product_tag-coltivazione-indoor","13":"product_tag-fertilizzante-per-crescita","14":"product_tag-fertilizzanti-minerali","15":"product_tag-regolatore-di-ph","17":"first","18":"instock","19":"shipping-taxable","20":"purchasable","21":"product-type-variable"},"yoast_head":"<!-- This site is optimized with the Yoast SEO Premium plugin v22.0 (Yoast SEO v26.3) - https:\/\/yoast.com\/wordpress\/plugins\/seo\/ -->\n<title>Advanced Nutrients Grow pH Perfect | Swiss Herb Original<\/title>\n<meta name=\"description\" content=\"Ottimizza la crescita delle piante con Grow pH Perfect di Advanced Nutrients. Nutriente completo, pH perfetto, senza misure. Provalo ora!\" \/>\n<meta name=\"robots\" content=\"index, follow, max-snippet:-1, max-image-preview:large, max-video-preview:-1\" \/>\n<link rel=\"canonical\" href=\"https:\/\/swissherboriginal.com\/hr\/ducan\/predmeti-za-uzgoj\/gnojiva\/advanced-nutrients-grow-ph-perfect\/\" \/>\n<meta property=\"og:locale\" content=\"hr_HR\" \/>\n<meta property=\"og:type\" content=\"article\" \/>\n<meta property=\"og:title\" content=\"Advanced Nutrients Grow pH Perfect\" \/>\n<meta property=\"og:description\" content=\"Ottimizza la crescita delle piante con Grow pH Perfect di Advanced Nutrients. Nutriente completo, pH perfetto, senza misure. Provalo ora!\" \/>\n<meta property=\"og:url\" content=\"https:\/\/swissherboriginal.com\/hr\/ducan\/predmeti-za-uzgoj\/gnojiva\/advanced-nutrients-grow-ph-perfect\/\" \/>\n<meta property=\"og:site_name\" content=\"Swiss Herb Original\" \/>\n<meta property=\"article:publisher\" content=\"https:\/\/www.facebook.com\/swissherboriginale\/\" \/>\n<meta property=\"article:modified_time\" content=\"2023-11-17T14:07:13+00:00\" \/>\n<meta property=\"og:image\" content=\"https:\/\/swissherboriginal.com\/wp-content\/uploads\/grow-ph-perfect-advanced-nutrients-1l-swiss-herb-original.png\" \/>\n\t<meta property=\"og:image:width\" content=\"800\" \/>\n\t<meta property=\"og:image:height\" content=\"800\" \/>\n\t<meta property=\"og:image:type\" content=\"image\/png\" \/>\n<meta name=\"twitter:card\" content=\"summary_large_image\" \/>\n<meta name=\"twitter:image\" content=\"https:\/\/swissherboriginal.com\/wp-content\/uploads\/grow-ph-perfect-advanced-nutrients-1l-swiss-herb-original.png\" \/>\n<meta name=\"twitter:label1\" content=\"Procijenjeno vrijeme \u010ditanja\" \/>\n\t<meta name=\"twitter:data1\" content=\"2 minute\" \/>\n<script type=\"application\/ld+json\" class=\"yoast-schema-graph\">{\"@context\":\"https:\/\/schema.org\",\"@graph\":[{\"@type\":\"WebPage\",\"@id\":\"https:\/\/swissherboriginal.com\/shop\/articoli-da-coltivazione\/fertilizzanti\/advanced-nutrients-grow-ph-perfect\/\",\"url\":\"https:\/\/swissherboriginal.com\/shop\/articoli-da-coltivazione\/fertilizzanti\/advanced-nutrients-grow-ph-perfect\/\",\"name\":\"Advanced Nutrients Grow pH Perfect | Swiss Herb Original\",\"isPartOf\":{\"@id\":\"https:\/\/swissherboriginal.com\/#website\"},\"primaryImageOfPage\":{\"@id\":\"https:\/\/swissherboriginal.com\/shop\/articoli-da-coltivazione\/fertilizzanti\/advanced-nutrients-grow-ph-perfect\/#primaryimage\"},\"image\":{\"@id\":\"https:\/\/swissherboriginal.com\/shop\/articoli-da-coltivazione\/fertilizzanti\/advanced-nutrients-grow-ph-perfect\/#primaryimage\"},\"thumbnailUrl\":\"https:\/\/swissherboriginal.com\/wp-content\/uploads\/grow-ph-perfect-advanced-nutrients-1l-swiss-herb-original.png\",\"datePublished\":\"2023-01-07T13:04:48+00:00\",\"dateModified\":\"2023-11-17T14:07:13+00:00\",\"description\":\"Ottimizza la crescita delle piante con Grow pH Perfect di Advanced Nutrients. Nutriente completo, pH perfetto, senza misure. Provalo ora!\",\"breadcrumb\":{\"@id\":\"https:\/\/swissherboriginal.com\/shop\/articoli-da-coltivazione\/fertilizzanti\/advanced-nutrients-grow-ph-perfect\/#breadcrumb\"},\"inLanguage\":\"hr\",\"potentialAction\":[{\"@type\":\"ReadAction\",\"target\":[\"https:\/\/swissherboriginal.com\/shop\/articoli-da-coltivazione\/fertilizzanti\/advanced-nutrients-grow-ph-perfect\/\"]}]},{\"@type\":\"ImageObject\",\"inLanguage\":\"hr\",\"@id\":\"https:\/\/swissherboriginal.com\/shop\/articoli-da-coltivazione\/fertilizzanti\/advanced-nutrients-grow-ph-perfect\/#primaryimage\",\"url\":\"https:\/\/swissherboriginal.com\/wp-content\/uploads\/grow-ph-perfect-advanced-nutrients-1l-swiss-herb-original.png\",\"contentUrl\":\"https:\/\/swissherboriginal.com\/wp-content\/uploads\/grow-ph-perfect-advanced-nutrients-1l-swiss-herb-original.png\",\"width\":800,\"height\":800,\"caption\":\"Advanced Nutrients Grow pH Perfect\"},{\"@type\":\"BreadcrumbList\",\"@id\":\"https:\/\/swissherboriginal.com\/shop\/articoli-da-coltivazione\/fertilizzanti\/advanced-nutrients-grow-ph-perfect\/#breadcrumb\",\"itemListElement\":[{\"@type\":\"ListItem\",\"position\":1,\"name\":\"Home\",\"item\":\"https:\/\/swissherboriginal.com\/\"},{\"@type\":\"ListItem\",\"position\":2,\"name\":\"Negozio Swiss Herb Original\",\"item\":\"https:\/\/swissherboriginal.com\/negozio-swiss-herb-original\/\"},{\"@type\":\"ListItem\",\"position\":3,\"name\":\"Advanced Nutrients Grow pH Perfect\"}]},{\"@type\":\"WebSite\",\"@id\":\"https:\/\/swissherboriginal.com\/#website\",\"url\":\"https:\/\/swissherboriginal.com\/\",\"name\":\"Swiss Herb Original\",\"description\":\"\",\"publisher\":{\"@id\":\"https:\/\/swissherboriginal.com\/#organization\"},\"potentialAction\":[{\"@type\":\"SearchAction\",\"target\":{\"@type\":\"EntryPoint\",\"urlTemplate\":\"https:\/\/swissherboriginal.com\/?s={search_term_string}\"},\"query-input\":{\"@type\":\"PropertyValueSpecification\",\"valueRequired\":true,\"valueName\":\"search_term_string\"}}],\"inLanguage\":\"hr\"},{\"@type\":\"Organization\",\"@id\":\"https:\/\/swissherboriginal.com\/#organization\",\"name\":\"Swiss Herb Original\",\"url\":\"https:\/\/swissherboriginal.com\/\",\"logo\":{\"@type\":\"ImageObject\",\"inLanguage\":\"hr\",\"@id\":\"https:\/\/swissherboriginal.com\/#\/schema\/logo\/image\/\",\"url\":\"https:\/\/swissherboriginal.com\/wp-content\/uploads\/logo-menu-tel-swissherb.png\",\"contentUrl\":\"https:\/\/swissherboriginal.com\/wp-content\/uploads\/logo-menu-tel-swissherb.png\",\"width\":512,\"height\":360,\"caption\":\"Swiss Herb Original\"},\"image\":{\"@id\":\"https:\/\/swissherboriginal.com\/#\/schema\/logo\/image\/\"},\"sameAs\":[\"https:\/\/www.facebook.com\/swissherboriginale\/\",\"https:\/\/www.instagram.com\/swissherb_original\"]}]}<\/script>\n<!-- \/ Yoast SEO Premium plugin. -->","yoast_head_json":{"title":"Advanced Nutrients Grow pH Perfect | Swiss Herb Original","description":"Ottimizza la crescita delle piante con Grow pH Perfect di Advanced Nutrients. Nutriente completo, pH perfetto, senza misure. Provalo ora!","robots":{"index":"index","follow":"follow","max-snippet":"max-snippet:-1","max-image-preview":"max-image-preview:large","max-video-preview":"max-video-preview:-1"},"canonical":"https:\/\/swissherboriginal.com\/hr\/ducan\/predmeti-za-uzgoj\/gnojiva\/advanced-nutrients-grow-ph-perfect\/","og_locale":"hr_HR","og_type":"article","og_title":"Advanced Nutrients Grow pH Perfect","og_description":"Ottimizza la crescita delle piante con Grow pH Perfect di Advanced Nutrients. Nutriente completo, pH perfetto, senza misure. Provalo ora!","og_url":"https:\/\/swissherboriginal.com\/hr\/ducan\/predmeti-za-uzgoj\/gnojiva\/advanced-nutrients-grow-ph-perfect\/","og_site_name":"Swiss Herb Original","article_publisher":"https:\/\/www.facebook.com\/swissherboriginale\/","article_modified_time":"2023-11-17T14:07:13+00:00","og_image":[{"width":800,"height":800,"url":"https:\/\/swissherboriginal.com\/wp-content\/uploads\/grow-ph-perfect-advanced-nutrients-1l-swiss-herb-original.png","type":"image\/png"}],"twitter_card":"summary_large_image","twitter_image":"https:\/\/swissherboriginal.com\/wp-content\/uploads\/grow-ph-perfect-advanced-nutrients-1l-swiss-herb-original.png","twitter_misc":{"Procijenjeno vrijeme \u010ditanja":"2 minute"},"schema":{"@context":"https:\/\/schema.org","@graph":[{"@type":"WebPage","@id":"https:\/\/swissherboriginal.com\/shop\/articoli-da-coltivazione\/fertilizzanti\/advanced-nutrients-grow-ph-perfect\/","url":"https:\/\/swissherboriginal.com\/shop\/articoli-da-coltivazione\/fertilizzanti\/advanced-nutrients-grow-ph-perfect\/","name":"Advanced Nutrients Grow pH Perfect | Swiss Herb Original","isPartOf":{"@id":"https:\/\/swissherboriginal.com\/#website"},"primaryImageOfPage":{"@id":"https:\/\/swissherboriginal.com\/shop\/articoli-da-coltivazione\/fertilizzanti\/advanced-nutrients-grow-ph-perfect\/#primaryimage"},"image":{"@id":"https:\/\/swissherboriginal.com\/shop\/articoli-da-coltivazione\/fertilizzanti\/advanced-nutrients-grow-ph-perfect\/#primaryimage"},"thumbnailUrl":"https:\/\/swissherboriginal.com\/wp-content\/uploads\/grow-ph-perfect-advanced-nutrients-1l-swiss-herb-original.png","datePublished":"2023-01-07T13:04:48+00:00","dateModified":"2023-11-17T14:07:13+00:00","description":"Ottimizza la crescita delle piante con Grow pH Perfect di Advanced Nutrients. Nutriente completo, pH perfetto, senza misure. Provalo ora!","breadcrumb":{"@id":"https:\/\/swissherboriginal.com\/shop\/articoli-da-coltivazione\/fertilizzanti\/advanced-nutrients-grow-ph-perfect\/#breadcrumb"},"inLanguage":"hr","potentialAction":[{"@type":"ReadAction","target":["https:\/\/swissherboriginal.com\/shop\/articoli-da-coltivazione\/fertilizzanti\/advanced-nutrients-grow-ph-perfect\/"]}]},{"@type":"ImageObject","inLanguage":"hr","@id":"https:\/\/swissherboriginal.com\/shop\/articoli-da-coltivazione\/fertilizzanti\/advanced-nutrients-grow-ph-perfect\/#primaryimage","url":"https:\/\/swissherboriginal.com\/wp-content\/uploads\/grow-ph-perfect-advanced-nutrients-1l-swiss-herb-original.png","contentUrl":"https:\/\/swissherboriginal.com\/wp-content\/uploads\/grow-ph-perfect-advanced-nutrients-1l-swiss-herb-original.png","width":800,"height":800,"caption":"Advanced Nutrients Grow pH Perfect"},{"@type":"BreadcrumbList","@id":"https:\/\/swissherboriginal.com\/shop\/articoli-da-coltivazione\/fertilizzanti\/advanced-nutrients-grow-ph-perfect\/#breadcrumb","itemListElement":[{"@type":"ListItem","position":1,"name":"Home","item":"https:\/\/swissherboriginal.com\/"},{"@type":"ListItem","position":2,"name":"Negozio Swiss Herb Original","item":"https:\/\/swissherboriginal.com\/negozio-swiss-herb-original\/"},{"@type":"ListItem","position":3,"name":"Advanced Nutrients Grow pH Perfect"}]},{"@type":"WebSite","@id":"https:\/\/swissherboriginal.com\/#website","url":"https:\/\/swissherboriginal.com\/","name":"Originalno \u0161vicarsko bilje","description":"","publisher":{"@id":"https:\/\/swissherboriginal.com\/#organization"},"potentialAction":[{"@type":"SearchAction","target":{"@type":"EntryPoint","urlTemplate":"https:\/\/swissherboriginal.com\/?s={search_term_string}"},"query-input":{"@type":"PropertyValueSpecification","valueRequired":true,"valueName":"search_term_string"}}],"inLanguage":"hr"},{"@type":"Organization","@id":"https:\/\/swissherboriginal.com\/#organization","name":"Originalno \u0161vicarsko bilje","url":"https:\/\/swissherboriginal.com\/","logo":{"@type":"ImageObject","inLanguage":"hr","@id":"https:\/\/swissherboriginal.com\/#\/schema\/logo\/image\/","url":"https:\/\/swissherboriginal.com\/wp-content\/uploads\/logo-menu-tel-swissherb.png","contentUrl":"https:\/\/swissherboriginal.com\/wp-content\/uploads\/logo-menu-tel-swissherb.png","width":512,"height":360,"caption":"Swiss Herb Original"},"image":{"@id":"https:\/\/swissherboriginal.com\/#\/schema\/logo\/image\/"},"sameAs":["https:\/\/www.facebook.com\/swissherboriginale\/","https:\/\/www.instagram.com\/swissherb_original"]}]}},"_links":{"self":[{"href":"https:\/\/swissherboriginal.com\/hr\/wp-json\/wp\/v2\/product\/657","targetHints":{"allow":["GET"]}}],"collection":[{"href":"https:\/\/swissherboriginal.com\/hr\/wp-json\/wp\/v2\/product"}],"about":[{"href":"https:\/\/swissherboriginal.com\/hr\/wp-json\/wp\/v2\/types\/product"}],"replies":[{"embeddable":true,"href":"https:\/\/swissherboriginal.com\/hr\/wp-json\/wp\/v2\/comments?post=657"}],"wp:featuredmedia":[{"embeddable":true,"href":"https:\/\/swissherboriginal.com\/hr\/wp-json\/wp\/v2\/media\/3937"}],"wp:attachment":[{"href":"https:\/\/swissherboriginal.com\/hr\/wp-json\/wp\/v2\/media?parent=657"}],"wp:term":[{"taxonomy":"product_brand","embeddable":true,"href":"https:\/\/swissherboriginal.com\/hr\/wp-json\/wp\/v2\/product_brand?post=657"},{"taxonomy":"product_cat","embeddable":true,"href":"https:\/\/swissherboriginal.com\/hr\/wp-json\/wp\/v2\/product_cat?post=657"},{"taxonomy":"product_tag","embeddable":true,"href":"https:\/\/swissherboriginal.com\/hr\/wp-json\/wp\/v2\/product_tag?post=657"}],"curies":[{"name":"wp","href":"https:\/\/api.w.org\/{rel}","templated":true}]}}