{"id":672,"date":"2023-01-07T13:37:34","date_gmt":"2023-01-07T13:37:34","guid":{"rendered":"https:\/\/swissherboriginal.com\/?post_type=product&#038;p=672"},"modified":"2024-01-07T23:25:27","modified_gmt":"2024-01-07T23:25:27","slug":"advanced-hydroponics-final-solution","status":"publish","type":"product","link":"https:\/\/swissherboriginal.com\/hr\/ducan\/predmeti-za-uzgoj\/gnojiva\/advanced-hydroponics-final-solution\/","title":{"rendered":"Kona\u010dno rje\u0161enje za naprednu hidroponu"},"content":{"rendered":"<h2>Kona\u010dno rje\u0161enje za naprednu hidroponu<\/h2>\n<p>Il Final Solution della marca Advanced Hydroponics \u00e8 un sostanziale integratore alimentare che aiuta a migliorare il sistema radicale delle piante. Con una miscela unica di nutrienti, il Final Solution promuove la crescita delle radici in modo da garantire una maggiore assorbimento dei nutrienti e quindi una crescita pi\u00f9 sana e rigogliosa delle piante.<\/p>\n<p>L&#8217;Advanced Hydroponics Final Solution \u00e8 progettato per essere usato durante la fase finale della coltivazione delle piante. Questo prodotto aiuta a prevenire la formazione di alghe e batteri nel substrato, rischia di causare problemi alla coltivazione, ma supporta anche l&#8217;elevata produzione di resina, che \u00e8 un requisito per piante di qualit\u00e0 superiore.<\/p>\n<p>Il Final Solution \u00e8 formulato utilizzando estratti vegetali naturali, il che signfica che pu\u00f2 essere utilizzato in colture biologiche. Questo prodotto aiuta a migliorare la salute delle piante per un raccolto abbondante e ad aumentare la resistenza delle piante alle malattie. La formula \u00e8 ottenuta da macerazioni a freddo di piante scelte accuratamente come Artemisia annua e Celtis australis.<\/p>\n<p>L&#8217;Advanced Hydroponics Final Solution deve essere utilizzato in dosi molto piccole rispetto ad altri prodotti sul mercato. Questa caratteristica lo rende anche molto economico da utilizzare, in quanto \u00e8 necessario solo una piccola quantit\u00e0 per ogni applicazione. Il metodo di applicazione \u00e8 anche abbastanza facile e richiede solo un&#8217;aggiunta alla soluzione di alimentazione.<\/p>\n<p>Il Final Solution viene fornito in una bottiglia opaca e di alta qualit\u00e0, che aiuta a proteggere i nutrienti dall&#8217;esposizione alla luce e garantisce la massima efficienza del prodotto. Inoltre, il prodotto pu\u00f2 essere conservato per un periodo di tempo relativamente lungo senza perdita di efficacia.<\/p>\n<p>In sintesi, l&#8217;Advanced Hydroponics Final Solution \u00e8 una scelta eccellente per gli agricoltori che cercano un integratore alimentare per la loro coltivazione. Con la sua formula naturale, facile da usare e conveniente, il Final Solution \u00e8 un prodotto scelto da molti agricoltori per garantire una maggiore produttivit\u00e0, salute delle piante e consistente alta qualit\u00e0 del raccolto.<\/p>\n<p>Advanced Hydroponics ha creato un&#8217;ampia linea di <a href=\"https:\/\/swissherboriginal.com\/hr\/kategorija-proizvoda-2\/predmeti-za-uzgoj\/gnojiva\/\">gnojiva<\/a> che potranno aiutarti in ogni occasione. Vorresti velocizzare il processo di crescita e fioritura? <a href=\"https:\/\/swissherboriginal.com\/hr\/ducan\/predmeti-za-uzgoj\/gnojiva\/advanced-hydroponics-growth-bloom-excellarator\/\">Il Growth\/Bloom Excellarator<\/a> \u00e8 il prodotto che fa per te. Dai un\u2019occhiata anche ai nostri altri <a href=\"https:\/\/swissherboriginal.com\/hr\/kategorija-proizvoda-2\/predmeti-za-uzgoj\/\">predmeti za uzgoj<\/a>.<\/p>","protected":false},"excerpt":{"rendered":"<ul>\n<li>Integratore alimentare per piante<\/li>\n<li>Formula naturale<\/li>\n<li>Maggiore assorbimento dei nutrienti<\/li>\n<li>Fase finale della coltivazione<\/li>\n<li>Estratti vegetali naturali<\/li>\n<\/ul>","protected":false},"featured_media":3929,"comment_status":"open","ping_status":"closed","template":"","meta":[],"product_brand":[],"product_cat":[260,261],"product_tag":[335,128,660,318,319,246,330],"class_list":{"0":"post-672","1":"product","2":"type-product","3":"status-publish","4":"has-post-thumbnail","6":"product_cat-articoli-da-coltivazione","7":"product_cat-fertilizzanti","8":"product_tag-additivo-per-piante","9":"product_tag-advanced-hydroponics-of-holland","10":"product_tag-coltivazione-cannabis","11":"product_tag-coltivazione-idroponica","12":"product_tag-fertilizzante-per-fioritura","13":"product_tag-fertilizzanti-biologici","14":"product_tag-stimolatore-di-radici","16":"first","17":"instock","18":"shipping-taxable","19":"purchasable","20":"product-type-variable"},"yoast_head":"<!-- This site is optimized with the Yoast SEO Premium plugin v22.0 (Yoast SEO v26.3) - https:\/\/yoast.com\/wordpress\/plugins\/seo\/ -->\n<title>Advanced Hydroponics Final Solution | Swiss Herb Original<\/title>\n<meta name=\"description\" content=\"Migliora la salute delle tue piante con Final Solution di Advanced Hydroponics. Un integratore naturale per raccolti di qualit\u00e0. Provalo ora!\" \/>\n<meta name=\"robots\" content=\"index, follow, max-snippet:-1, max-image-preview:large, max-video-preview:-1\" \/>\n<link rel=\"canonical\" href=\"https:\/\/swissherboriginal.com\/hr\/ducan\/predmeti-za-uzgoj\/gnojiva\/advanced-hydroponics-final-solution\/\" \/>\n<meta property=\"og:locale\" content=\"hr_HR\" \/>\n<meta property=\"og:type\" content=\"article\" \/>\n<meta property=\"og:title\" content=\"Advanced Hydroponics Final Solution\" \/>\n<meta property=\"og:description\" content=\"Migliora la salute delle tue piante con Final Solution di Advanced Hydroponics. Un integratore naturale per raccolti di qualit\u00e0. Provalo ora!\" \/>\n<meta property=\"og:url\" content=\"https:\/\/swissherboriginal.com\/hr\/ducan\/predmeti-za-uzgoj\/gnojiva\/advanced-hydroponics-final-solution\/\" \/>\n<meta property=\"og:site_name\" content=\"Swiss Herb Original\" \/>\n<meta property=\"article:publisher\" content=\"https:\/\/www.facebook.com\/swissherboriginale\/\" \/>\n<meta property=\"article:modified_time\" content=\"2024-01-07T23:25:27+00:00\" \/>\n<meta property=\"og:image\" content=\"https:\/\/swissherboriginal.com\/wp-content\/uploads\/final-solution-advanced-hydroponics-1l-swiss-herb-original.png\" \/>\n\t<meta property=\"og:image:width\" content=\"800\" \/>\n\t<meta property=\"og:image:height\" content=\"800\" \/>\n\t<meta property=\"og:image:type\" content=\"image\/png\" \/>\n<meta name=\"twitter:card\" content=\"summary_large_image\" \/>\n<meta name=\"twitter:image\" content=\"https:\/\/swissherboriginal.com\/wp-content\/uploads\/final-solution-advanced-hydroponics-1l-swiss-herb-original.png\" \/>\n<meta name=\"twitter:label1\" content=\"Procijenjeno vrijeme \u010ditanja\" \/>\n\t<meta name=\"twitter:data1\" content=\"2 minute\" \/>\n<script type=\"application\/ld+json\" class=\"yoast-schema-graph\">{\"@context\":\"https:\/\/schema.org\",\"@graph\":[{\"@type\":\"WebPage\",\"@id\":\"https:\/\/swissherboriginal.com\/shop\/articoli-da-coltivazione\/fertilizzanti\/advanced-hydroponics-final-solution\/\",\"url\":\"https:\/\/swissherboriginal.com\/shop\/articoli-da-coltivazione\/fertilizzanti\/advanced-hydroponics-final-solution\/\",\"name\":\"Advanced Hydroponics Final Solution | Swiss Herb Original\",\"isPartOf\":{\"@id\":\"https:\/\/swissherboriginal.com\/#website\"},\"primaryImageOfPage\":{\"@id\":\"https:\/\/swissherboriginal.com\/shop\/articoli-da-coltivazione\/fertilizzanti\/advanced-hydroponics-final-solution\/#primaryimage\"},\"image\":{\"@id\":\"https:\/\/swissherboriginal.com\/shop\/articoli-da-coltivazione\/fertilizzanti\/advanced-hydroponics-final-solution\/#primaryimage\"},\"thumbnailUrl\":\"https:\/\/swissherboriginal.com\/wp-content\/uploads\/final-solution-advanced-hydroponics-1l-swiss-herb-original.png\",\"datePublished\":\"2023-01-07T13:37:34+00:00\",\"dateModified\":\"2024-01-07T23:25:27+00:00\",\"description\":\"Migliora la salute delle tue piante con Final Solution di Advanced Hydroponics. Un integratore naturale per raccolti di qualit\u00e0. Provalo ora!\",\"breadcrumb\":{\"@id\":\"https:\/\/swissherboriginal.com\/shop\/articoli-da-coltivazione\/fertilizzanti\/advanced-hydroponics-final-solution\/#breadcrumb\"},\"inLanguage\":\"hr\",\"potentialAction\":[{\"@type\":\"ReadAction\",\"target\":[\"https:\/\/swissherboriginal.com\/shop\/articoli-da-coltivazione\/fertilizzanti\/advanced-hydroponics-final-solution\/\"]}]},{\"@type\":\"ImageObject\",\"inLanguage\":\"hr\",\"@id\":\"https:\/\/swissherboriginal.com\/shop\/articoli-da-coltivazione\/fertilizzanti\/advanced-hydroponics-final-solution\/#primaryimage\",\"url\":\"https:\/\/swissherboriginal.com\/wp-content\/uploads\/final-solution-advanced-hydroponics-1l-swiss-herb-original.png\",\"contentUrl\":\"https:\/\/swissherboriginal.com\/wp-content\/uploads\/final-solution-advanced-hydroponics-1l-swiss-herb-original.png\",\"width\":800,\"height\":800,\"caption\":\"Advanced Hydroponics Final Solution\"},{\"@type\":\"BreadcrumbList\",\"@id\":\"https:\/\/swissherboriginal.com\/shop\/articoli-da-coltivazione\/fertilizzanti\/advanced-hydroponics-final-solution\/#breadcrumb\",\"itemListElement\":[{\"@type\":\"ListItem\",\"position\":1,\"name\":\"Home\",\"item\":\"https:\/\/swissherboriginal.com\/\"},{\"@type\":\"ListItem\",\"position\":2,\"name\":\"Negozio Swiss Herb Original\",\"item\":\"https:\/\/swissherboriginal.com\/negozio-swiss-herb-original\/\"},{\"@type\":\"ListItem\",\"position\":3,\"name\":\"Advanced Hydroponics Final Solution\"}]},{\"@type\":\"WebSite\",\"@id\":\"https:\/\/swissherboriginal.com\/#website\",\"url\":\"https:\/\/swissherboriginal.com\/\",\"name\":\"Swiss Herb Original\",\"description\":\"\",\"publisher\":{\"@id\":\"https:\/\/swissherboriginal.com\/#organization\"},\"potentialAction\":[{\"@type\":\"SearchAction\",\"target\":{\"@type\":\"EntryPoint\",\"urlTemplate\":\"https:\/\/swissherboriginal.com\/?s={search_term_string}\"},\"query-input\":{\"@type\":\"PropertyValueSpecification\",\"valueRequired\":true,\"valueName\":\"search_term_string\"}}],\"inLanguage\":\"hr\"},{\"@type\":\"Organization\",\"@id\":\"https:\/\/swissherboriginal.com\/#organization\",\"name\":\"Swiss Herb Original\",\"url\":\"https:\/\/swissherboriginal.com\/\",\"logo\":{\"@type\":\"ImageObject\",\"inLanguage\":\"hr\",\"@id\":\"https:\/\/swissherboriginal.com\/#\/schema\/logo\/image\/\",\"url\":\"https:\/\/swissherboriginal.com\/wp-content\/uploads\/logo-menu-tel-swissherb.png\",\"contentUrl\":\"https:\/\/swissherboriginal.com\/wp-content\/uploads\/logo-menu-tel-swissherb.png\",\"width\":512,\"height\":360,\"caption\":\"Swiss Herb Original\"},\"image\":{\"@id\":\"https:\/\/swissherboriginal.com\/#\/schema\/logo\/image\/\"},\"sameAs\":[\"https:\/\/www.facebook.com\/swissherboriginale\/\",\"https:\/\/www.instagram.com\/swissherb_original\"]}]}<\/script>\n<!-- \/ Yoast SEO Premium plugin. -->","yoast_head_json":{"title":"Advanced Hydroponics Final Solution | Swiss Herb Original","description":"Migliora la salute delle tue piante con Final Solution di Advanced Hydroponics. Un integratore naturale per raccolti di qualit\u00e0. Provalo ora!","robots":{"index":"index","follow":"follow","max-snippet":"max-snippet:-1","max-image-preview":"max-image-preview:large","max-video-preview":"max-video-preview:-1"},"canonical":"https:\/\/swissherboriginal.com\/hr\/ducan\/predmeti-za-uzgoj\/gnojiva\/advanced-hydroponics-final-solution\/","og_locale":"hr_HR","og_type":"article","og_title":"Advanced Hydroponics Final Solution","og_description":"Migliora la salute delle tue piante con Final Solution di Advanced Hydroponics. Un integratore naturale per raccolti di qualit\u00e0. Provalo ora!","og_url":"https:\/\/swissherboriginal.com\/hr\/ducan\/predmeti-za-uzgoj\/gnojiva\/advanced-hydroponics-final-solution\/","og_site_name":"Swiss Herb Original","article_publisher":"https:\/\/www.facebook.com\/swissherboriginale\/","article_modified_time":"2024-01-07T23:25:27+00:00","og_image":[{"width":800,"height":800,"url":"https:\/\/swissherboriginal.com\/wp-content\/uploads\/final-solution-advanced-hydroponics-1l-swiss-herb-original.png","type":"image\/png"}],"twitter_card":"summary_large_image","twitter_image":"https:\/\/swissherboriginal.com\/wp-content\/uploads\/final-solution-advanced-hydroponics-1l-swiss-herb-original.png","twitter_misc":{"Procijenjeno vrijeme \u010ditanja":"2 minute"},"schema":{"@context":"https:\/\/schema.org","@graph":[{"@type":"WebPage","@id":"https:\/\/swissherboriginal.com\/shop\/articoli-da-coltivazione\/fertilizzanti\/advanced-hydroponics-final-solution\/","url":"https:\/\/swissherboriginal.com\/shop\/articoli-da-coltivazione\/fertilizzanti\/advanced-hydroponics-final-solution\/","name":"Advanced Hydroponics Final Solution | Swiss Herb Original","isPartOf":{"@id":"https:\/\/swissherboriginal.com\/#website"},"primaryImageOfPage":{"@id":"https:\/\/swissherboriginal.com\/shop\/articoli-da-coltivazione\/fertilizzanti\/advanced-hydroponics-final-solution\/#primaryimage"},"image":{"@id":"https:\/\/swissherboriginal.com\/shop\/articoli-da-coltivazione\/fertilizzanti\/advanced-hydroponics-final-solution\/#primaryimage"},"thumbnailUrl":"https:\/\/swissherboriginal.com\/wp-content\/uploads\/final-solution-advanced-hydroponics-1l-swiss-herb-original.png","datePublished":"2023-01-07T13:37:34+00:00","dateModified":"2024-01-07T23:25:27+00:00","description":"Migliora la salute delle tue piante con Final Solution di Advanced Hydroponics. Un integratore naturale per raccolti di qualit\u00e0. Provalo ora!","breadcrumb":{"@id":"https:\/\/swissherboriginal.com\/shop\/articoli-da-coltivazione\/fertilizzanti\/advanced-hydroponics-final-solution\/#breadcrumb"},"inLanguage":"hr","potentialAction":[{"@type":"ReadAction","target":["https:\/\/swissherboriginal.com\/shop\/articoli-da-coltivazione\/fertilizzanti\/advanced-hydroponics-final-solution\/"]}]},{"@type":"ImageObject","inLanguage":"hr","@id":"https:\/\/swissherboriginal.com\/shop\/articoli-da-coltivazione\/fertilizzanti\/advanced-hydroponics-final-solution\/#primaryimage","url":"https:\/\/swissherboriginal.com\/wp-content\/uploads\/final-solution-advanced-hydroponics-1l-swiss-herb-original.png","contentUrl":"https:\/\/swissherboriginal.com\/wp-content\/uploads\/final-solution-advanced-hydroponics-1l-swiss-herb-original.png","width":800,"height":800,"caption":"Advanced Hydroponics Final Solution"},{"@type":"BreadcrumbList","@id":"https:\/\/swissherboriginal.com\/shop\/articoli-da-coltivazione\/fertilizzanti\/advanced-hydroponics-final-solution\/#breadcrumb","itemListElement":[{"@type":"ListItem","position":1,"name":"Home","item":"https:\/\/swissherboriginal.com\/"},{"@type":"ListItem","position":2,"name":"Negozio Swiss Herb Original","item":"https:\/\/swissherboriginal.com\/negozio-swiss-herb-original\/"},{"@type":"ListItem","position":3,"name":"Advanced Hydroponics Final Solution"}]},{"@type":"WebSite","@id":"https:\/\/swissherboriginal.com\/#website","url":"https:\/\/swissherboriginal.com\/","name":"Originalno \u0161vicarsko bilje","description":"","publisher":{"@id":"https:\/\/swissherboriginal.com\/#organization"},"potentialAction":[{"@type":"SearchAction","target":{"@type":"EntryPoint","urlTemplate":"https:\/\/swissherboriginal.com\/?s={search_term_string}"},"query-input":{"@type":"PropertyValueSpecification","valueRequired":true,"valueName":"search_term_string"}}],"inLanguage":"hr"},{"@type":"Organization","@id":"https:\/\/swissherboriginal.com\/#organization","name":"Originalno \u0161vicarsko bilje","url":"https:\/\/swissherboriginal.com\/","logo":{"@type":"ImageObject","inLanguage":"hr","@id":"https:\/\/swissherboriginal.com\/#\/schema\/logo\/image\/","url":"https:\/\/swissherboriginal.com\/wp-content\/uploads\/logo-menu-tel-swissherb.png","contentUrl":"https:\/\/swissherboriginal.com\/wp-content\/uploads\/logo-menu-tel-swissherb.png","width":512,"height":360,"caption":"Swiss Herb Original"},"image":{"@id":"https:\/\/swissherboriginal.com\/#\/schema\/logo\/image\/"},"sameAs":["https:\/\/www.facebook.com\/swissherboriginale\/","https:\/\/www.instagram.com\/swissherb_original"]}]}},"_links":{"self":[{"href":"https:\/\/swissherboriginal.com\/hr\/wp-json\/wp\/v2\/product\/672","targetHints":{"allow":["GET"]}}],"collection":[{"href":"https:\/\/swissherboriginal.com\/hr\/wp-json\/wp\/v2\/product"}],"about":[{"href":"https:\/\/swissherboriginal.com\/hr\/wp-json\/wp\/v2\/types\/product"}],"replies":[{"embeddable":true,"href":"https:\/\/swissherboriginal.com\/hr\/wp-json\/wp\/v2\/comments?post=672"}],"wp:featuredmedia":[{"embeddable":true,"href":"https:\/\/swissherboriginal.com\/hr\/wp-json\/wp\/v2\/media\/3929"}],"wp:attachment":[{"href":"https:\/\/swissherboriginal.com\/hr\/wp-json\/wp\/v2\/media?parent=672"}],"wp:term":[{"taxonomy":"product_brand","embeddable":true,"href":"https:\/\/swissherboriginal.com\/hr\/wp-json\/wp\/v2\/product_brand?post=672"},{"taxonomy":"product_cat","embeddable":true,"href":"https:\/\/swissherboriginal.com\/hr\/wp-json\/wp\/v2\/product_cat?post=672"},{"taxonomy":"product_tag","embeddable":true,"href":"https:\/\/swissherboriginal.com\/hr\/wp-json\/wp\/v2\/product_tag?post=672"}],"curies":[{"name":"wp","href":"https:\/\/api.w.org\/{rel}","templated":true}]}}