{"id":714,"date":"2023-01-07T14:36:29","date_gmt":"2023-01-07T14:36:29","guid":{"rendered":"https:\/\/swissherboriginal.com\/?post_type=product&#038;p=714"},"modified":"2023-11-17T13:47:43","modified_gmt":"2023-11-17T13:47:43","slug":"napredni-nutrijenti-s-prekomjernom-snagom","status":"publish","type":"product","link":"https:\/\/swissherboriginal.com\/hr\/ducan\/predmeti-za-uzgoj\/gnojiva\/napredni-nutrijenti-s-prekomjernom-snagom\/","title":{"rendered":"Napredni hranjivi sastojci Overdrive"},"content":{"rendered":"<h2>Napredni hranjivi sastojci Overdrive<\/h2>\n<p>Overdrive tvrtke Advanced Nutrients izvanredan je proizvod za cvjetanje biljaka koji pru\u017ea izvor vitamina i visokokvalitetnih organskih tvari koje biljke vole. S sposobno\u0161\u0107u pove\u0107anja veli\u010dine i kvalitete va\u0161ih cvjetova, Overdrive je esencijalni dodatak prehrani koji poma\u017ee u rastu va\u0161e biljke.<\/p>\n<p>Ovaj proizvod je posebno formuliran za biljke u uznapredovaloj fazi cvjetanja, kada im je potrebna dodatna hranjiva potpora kako bi ostvarile svoj puni potencijal. Overdrive pove\u0107ava proizvodnju smole, intenzivira aromu i okus te pove\u0107ava prinos gotovog proizvoda.<\/p>\n<p>Overdrive se sastoji od niza visoko koncentriranih organskih sastojaka, uklju\u010duju\u0107i kompleks vitamina, aminokiselina i specifi\u010dnih \u0161e\u0107era koji poti\u010du proizvodnju cvjetova. Ovi sastojci sinergijski djeluju kako bi pobolj\u0161ali zdravlje biljaka i osigurali uspje\u0161no cvjetanje.<\/p>\n<p>Proizvod je jednostavan za kori\u0161tenje; jednostavno ga dodajte u svoj program hranjivih tvari u posljednjim danima faze cvjetanja. Overdrive jam\u010di pove\u0107anje proizvodnje cvije\u0107a od 15-20% i pobolj\u0161anu kvalitetu cvije\u0107a. Dizajniran je za upotrebu na svim vrstama biljaka, nude\u0107i prednosti za uzgoj kanabisa, vo\u0107a, povr\u0107a i ukrasnog bilja.<\/p>\n<p>Nadalje, Advanced Nutrients Overdrive jam\u010di preciznost i kvalitetu kori\u0161tenih hranjivih tvari. Mo\u017eete biti sigurni da ne \u0161tetite svojim biljkama opasnim kemikalijama i da koristite najbolju prirodnu potporu kako biste izvukli maksimum iz svojih usjeva.<\/p>\n<p>Ukratko, Overdrive tvrtke Advanced Nutrients je neophodan proizvod za cvjetnice. Mo\u017eete ga koristiti za postizanje uspje\u0161ne proizvodnje cvije\u0107a, intenzivne arome i pobolj\u0161anog okusa. Zahvaljuju\u0107i visokokvalitetnom organskom sastavu, jam\u010di ve\u0107e, zdravije i obilnije cvjetanje. Dodajte ga u svoj komplet za uzgoj i odmah \u0107ete primijetiti rezultate!<\/p>\n<p><a href=\"https:\/\/swissherboriginal.com\/hr\/oznaka-proizvoda-2\/advanced-nutrients\/\">Napredni hranjivi sastojci<\/a> mogu vam toliko toga ponuditi <a href=\"https:\/\/swissherboriginal.com\/hr\/kategorija-proizvoda-2\/predmeti-za-uzgoj\/gnojiva\/\">gnojiva<\/a> za sve va\u0161e potrebe. \u017delite li pove\u0107ati proizvodnju cvjetova svojih biljaka? <a href=\"https:\/\/swissherboriginal.com\/hr\/ducan\/predmeti-za-uzgoj\/gnojiva\/advanced-nutrients-bud-ignitor\/\">Upalja\u010d za pupoljke<\/a> Savr\u0161eno je za vas. Pogledajte i na\u0161e ostale proizvode. <a href=\"https:\/\/swissherboriginal.com\/hr\/kategorija-proizvoda-2\/predmeti-za-uzgoj\/\">predmeti za uzgoj<\/a>.<\/p>","protected":false},"excerpt":{"rendered":"<ul>\n<li>Biljni aditiv<\/li>\n<li>Vitamini i minerali<\/li>\n<li>Pove\u0107ana veli\u010dina cvijeta<\/li>\n<li>Pove\u0107anje proizvodnje smole<\/li>\n<li>Poja\u010dava aromu i okus<\/li>\n<\/ul>","protected":false},"featured_media":3909,"comment_status":"open","ping_status":"closed","template":"","meta":[],"product_brand":[],"product_cat":[260,261],"product_tag":[335,109,660,689,318,653,317,320],"class_list":{"0":"post-714","1":"product","2":"type-product","3":"status-publish","4":"has-post-thumbnail","6":"product_cat-articoli-da-coltivazione","7":"product_cat-fertilizzanti","8":"product_tag-additivo-per-piante","9":"product_tag-advanced-nutrients","10":"product_tag-coltivazione-cannabis","11":"product_tag-coltivazione-greenhouse","12":"product_tag-coltivazione-idroponica","13":"product_tag-coltivazione-indoor","14":"product_tag-fertilizzanti-minerali","15":"product_tag-stimolatore-di-fioritura","17":"first","18":"instock","19":"shipping-taxable","20":"purchasable","21":"product-type-variable"},"yoast_head":"<!-- This site is optimized with the Yoast SEO Premium plugin v22.0 (Yoast SEO v26.3) - https:\/\/yoast.com\/wordpress\/plugins\/seo\/ -->\n<title>Advanced Nutrients Overdrive | Additivo | Swiss Herb Original<\/title>\n<meta name=\"description\" content=\"Massimizza la fioritura con Overdrive di Advanced Nutrients. Garantisci a piante un successo unico. Aggiungilo al carrello ora!\" \/>\n<meta name=\"robots\" content=\"index, follow, max-snippet:-1, max-image-preview:large, max-video-preview:-1\" \/>\n<link rel=\"canonical\" href=\"https:\/\/swissherboriginal.com\/hr\/ducan\/predmeti-za-uzgoj\/gnojiva\/napredni-nutrijenti-s-prekomjernom-snagom\/\" \/>\n<meta property=\"og:locale\" content=\"hr_HR\" \/>\n<meta property=\"og:type\" content=\"article\" \/>\n<meta property=\"og:title\" content=\"Advanced Nutrients Overdrive\" \/>\n<meta property=\"og:description\" content=\"Massimizza la fioritura con Overdrive di Advanced Nutrients. Garantisci a piante un successo unico. Aggiungilo al carrello ora!\" \/>\n<meta property=\"og:url\" content=\"https:\/\/swissherboriginal.com\/hr\/ducan\/predmeti-za-uzgoj\/gnojiva\/napredni-nutrijenti-s-prekomjernom-snagom\/\" \/>\n<meta property=\"og:site_name\" content=\"Swiss Herb Original\" \/>\n<meta property=\"article:publisher\" content=\"https:\/\/www.facebook.com\/swissherboriginale\/\" \/>\n<meta property=\"article:modified_time\" content=\"2023-11-17T13:47:43+00:00\" \/>\n<meta property=\"og:image\" content=\"https:\/\/swissherboriginal.com\/wp-content\/uploads\/advanced-nutrients-overdrive-1l-swiss-herb-original.png\" \/>\n\t<meta property=\"og:image:width\" content=\"800\" \/>\n\t<meta property=\"og:image:height\" content=\"800\" \/>\n\t<meta property=\"og:image:type\" content=\"image\/png\" \/>\n<meta name=\"twitter:card\" content=\"summary_large_image\" \/>\n<meta name=\"twitter:image\" content=\"https:\/\/swissherboriginal.com\/wp-content\/uploads\/advanced-nutrients-overdrive-1l-swiss-herb-original.png\" \/>\n<meta name=\"twitter:label1\" content=\"Procijenjeno vrijeme \u010ditanja\" \/>\n\t<meta name=\"twitter:data1\" content=\"2 minute\" \/>\n<script type=\"application\/ld+json\" class=\"yoast-schema-graph\">{\"@context\":\"https:\/\/schema.org\",\"@graph\":[{\"@type\":\"WebPage\",\"@id\":\"https:\/\/swissherboriginal.com\/shop\/articoli-da-coltivazione\/fertilizzanti\/advanced-nutrients-overdrive\/\",\"url\":\"https:\/\/swissherboriginal.com\/shop\/articoli-da-coltivazione\/fertilizzanti\/advanced-nutrients-overdrive\/\",\"name\":\"Advanced Nutrients Overdrive | Additivo | Swiss Herb Original\",\"isPartOf\":{\"@id\":\"https:\/\/swissherboriginal.com\/#website\"},\"primaryImageOfPage\":{\"@id\":\"https:\/\/swissherboriginal.com\/shop\/articoli-da-coltivazione\/fertilizzanti\/advanced-nutrients-overdrive\/#primaryimage\"},\"image\":{\"@id\":\"https:\/\/swissherboriginal.com\/shop\/articoli-da-coltivazione\/fertilizzanti\/advanced-nutrients-overdrive\/#primaryimage\"},\"thumbnailUrl\":\"https:\/\/swissherboriginal.com\/wp-content\/uploads\/advanced-nutrients-overdrive-1l-swiss-herb-original.png\",\"datePublished\":\"2023-01-07T14:36:29+00:00\",\"dateModified\":\"2023-11-17T13:47:43+00:00\",\"description\":\"Massimizza la fioritura con Overdrive di Advanced Nutrients. Garantisci a piante un successo unico. Aggiungilo al carrello ora!\",\"breadcrumb\":{\"@id\":\"https:\/\/swissherboriginal.com\/shop\/articoli-da-coltivazione\/fertilizzanti\/advanced-nutrients-overdrive\/#breadcrumb\"},\"inLanguage\":\"hr\",\"potentialAction\":[{\"@type\":\"ReadAction\",\"target\":[\"https:\/\/swissherboriginal.com\/shop\/articoli-da-coltivazione\/fertilizzanti\/advanced-nutrients-overdrive\/\"]}]},{\"@type\":\"ImageObject\",\"inLanguage\":\"hr\",\"@id\":\"https:\/\/swissherboriginal.com\/shop\/articoli-da-coltivazione\/fertilizzanti\/advanced-nutrients-overdrive\/#primaryimage\",\"url\":\"https:\/\/swissherboriginal.com\/wp-content\/uploads\/advanced-nutrients-overdrive-1l-swiss-herb-original.png\",\"contentUrl\":\"https:\/\/swissherboriginal.com\/wp-content\/uploads\/advanced-nutrients-overdrive-1l-swiss-herb-original.png\",\"width\":800,\"height\":800,\"caption\":\"Advanced Nutrients Overdrive\"},{\"@type\":\"BreadcrumbList\",\"@id\":\"https:\/\/swissherboriginal.com\/shop\/articoli-da-coltivazione\/fertilizzanti\/advanced-nutrients-overdrive\/#breadcrumb\",\"itemListElement\":[{\"@type\":\"ListItem\",\"position\":1,\"name\":\"Home\",\"item\":\"https:\/\/swissherboriginal.com\/\"},{\"@type\":\"ListItem\",\"position\":2,\"name\":\"Negozio Swiss Herb Original\",\"item\":\"https:\/\/swissherboriginal.com\/negozio-swiss-herb-original\/\"},{\"@type\":\"ListItem\",\"position\":3,\"name\":\"Advanced Nutrients Overdrive\"}]},{\"@type\":\"WebSite\",\"@id\":\"https:\/\/swissherboriginal.com\/#website\",\"url\":\"https:\/\/swissherboriginal.com\/\",\"name\":\"Swiss Herb Original\",\"description\":\"\",\"publisher\":{\"@id\":\"https:\/\/swissherboriginal.com\/#organization\"},\"potentialAction\":[{\"@type\":\"SearchAction\",\"target\":{\"@type\":\"EntryPoint\",\"urlTemplate\":\"https:\/\/swissherboriginal.com\/?s={search_term_string}\"},\"query-input\":{\"@type\":\"PropertyValueSpecification\",\"valueRequired\":true,\"valueName\":\"search_term_string\"}}],\"inLanguage\":\"hr\"},{\"@type\":\"Organization\",\"@id\":\"https:\/\/swissherboriginal.com\/#organization\",\"name\":\"Swiss Herb Original\",\"url\":\"https:\/\/swissherboriginal.com\/\",\"logo\":{\"@type\":\"ImageObject\",\"inLanguage\":\"hr\",\"@id\":\"https:\/\/swissherboriginal.com\/#\/schema\/logo\/image\/\",\"url\":\"https:\/\/swissherboriginal.com\/wp-content\/uploads\/logo-menu-tel-swissherb.png\",\"contentUrl\":\"https:\/\/swissherboriginal.com\/wp-content\/uploads\/logo-menu-tel-swissherb.png\",\"width\":512,\"height\":360,\"caption\":\"Swiss Herb Original\"},\"image\":{\"@id\":\"https:\/\/swissherboriginal.com\/#\/schema\/logo\/image\/\"},\"sameAs\":[\"https:\/\/www.facebook.com\/swissherboriginale\/\",\"https:\/\/www.instagram.com\/swissherb_original\"]}]}<\/script>\n<!-- \/ Yoast SEO Premium plugin. -->","yoast_head_json":{"title":"Napredni hranjivi sastojci Overdrive | Dodatak prehrani | Originalni \u0161vicarski biljni sastojci","description":"Maksimizirajte cvjetanje s Overdriveom tvrtke Advanced Nutrients. Zajam\u010dite svojim biljkama izniman uspjeh. Dodajte u ko\u0161aricu odmah!","robots":{"index":"index","follow":"follow","max-snippet":"max-snippet:-1","max-image-preview":"max-image-preview:large","max-video-preview":"max-video-preview:-1"},"canonical":"https:\/\/swissherboriginal.com\/hr\/ducan\/predmeti-za-uzgoj\/gnojiva\/napredni-nutrijenti-s-prekomjernom-snagom\/","og_locale":"hr_HR","og_type":"article","og_title":"Advanced Nutrients Overdrive","og_description":"Massimizza la fioritura con Overdrive di Advanced Nutrients. Garantisci a piante un successo unico. Aggiungilo al carrello ora!","og_url":"https:\/\/swissherboriginal.com\/hr\/ducan\/predmeti-za-uzgoj\/gnojiva\/napredni-nutrijenti-s-prekomjernom-snagom\/","og_site_name":"Swiss Herb Original","article_publisher":"https:\/\/www.facebook.com\/swissherboriginale\/","article_modified_time":"2023-11-17T13:47:43+00:00","og_image":[{"width":800,"height":800,"url":"https:\/\/swissherboriginal.com\/wp-content\/uploads\/advanced-nutrients-overdrive-1l-swiss-herb-original.png","type":"image\/png"}],"twitter_card":"summary_large_image","twitter_image":"https:\/\/swissherboriginal.com\/wp-content\/uploads\/advanced-nutrients-overdrive-1l-swiss-herb-original.png","twitter_misc":{"Procijenjeno vrijeme \u010ditanja":"2 minute"},"schema":{"@context":"https:\/\/schema.org","@graph":[{"@type":"WebPage","@id":"https:\/\/swissherboriginal.com\/shop\/articoli-da-coltivazione\/fertilizzanti\/advanced-nutrients-overdrive\/","url":"https:\/\/swissherboriginal.com\/shop\/articoli-da-coltivazione\/fertilizzanti\/advanced-nutrients-overdrive\/","name":"Napredni hranjivi sastojci Overdrive | Dodatak prehrani | Originalni \u0161vicarski biljni sastojci","isPartOf":{"@id":"https:\/\/swissherboriginal.com\/#website"},"primaryImageOfPage":{"@id":"https:\/\/swissherboriginal.com\/shop\/articoli-da-coltivazione\/fertilizzanti\/advanced-nutrients-overdrive\/#primaryimage"},"image":{"@id":"https:\/\/swissherboriginal.com\/shop\/articoli-da-coltivazione\/fertilizzanti\/advanced-nutrients-overdrive\/#primaryimage"},"thumbnailUrl":"https:\/\/swissherboriginal.com\/wp-content\/uploads\/advanced-nutrients-overdrive-1l-swiss-herb-original.png","datePublished":"2023-01-07T14:36:29+00:00","dateModified":"2023-11-17T13:47:43+00:00","description":"Maksimizirajte cvjetanje s Overdriveom tvrtke Advanced Nutrients. Zajam\u010dite svojim biljkama izniman uspjeh. Dodajte u ko\u0161aricu odmah!","breadcrumb":{"@id":"https:\/\/swissherboriginal.com\/shop\/articoli-da-coltivazione\/fertilizzanti\/advanced-nutrients-overdrive\/#breadcrumb"},"inLanguage":"hr","potentialAction":[{"@type":"ReadAction","target":["https:\/\/swissherboriginal.com\/shop\/articoli-da-coltivazione\/fertilizzanti\/advanced-nutrients-overdrive\/"]}]},{"@type":"ImageObject","inLanguage":"hr","@id":"https:\/\/swissherboriginal.com\/shop\/articoli-da-coltivazione\/fertilizzanti\/advanced-nutrients-overdrive\/#primaryimage","url":"https:\/\/swissherboriginal.com\/wp-content\/uploads\/advanced-nutrients-overdrive-1l-swiss-herb-original.png","contentUrl":"https:\/\/swissherboriginal.com\/wp-content\/uploads\/advanced-nutrients-overdrive-1l-swiss-herb-original.png","width":800,"height":800,"caption":"Advanced Nutrients Overdrive"},{"@type":"BreadcrumbList","@id":"https:\/\/swissherboriginal.com\/shop\/articoli-da-coltivazione\/fertilizzanti\/advanced-nutrients-overdrive\/#breadcrumb","itemListElement":[{"@type":"ListItem","position":1,"name":"Home","item":"https:\/\/swissherboriginal.com\/"},{"@type":"ListItem","position":2,"name":"Negozio Swiss Herb Original","item":"https:\/\/swissherboriginal.com\/negozio-swiss-herb-original\/"},{"@type":"ListItem","position":3,"name":"Advanced Nutrients Overdrive"}]},{"@type":"WebSite","@id":"https:\/\/swissherboriginal.com\/#website","url":"https:\/\/swissherboriginal.com\/","name":"Originalno \u0161vicarsko bilje","description":"","publisher":{"@id":"https:\/\/swissherboriginal.com\/#organization"},"potentialAction":[{"@type":"SearchAction","target":{"@type":"EntryPoint","urlTemplate":"https:\/\/swissherboriginal.com\/?s={search_term_string}"},"query-input":{"@type":"PropertyValueSpecification","valueRequired":true,"valueName":"search_term_string"}}],"inLanguage":"hr"},{"@type":"Organization","@id":"https:\/\/swissherboriginal.com\/#organization","name":"Originalno \u0161vicarsko bilje","url":"https:\/\/swissherboriginal.com\/","logo":{"@type":"ImageObject","inLanguage":"hr","@id":"https:\/\/swissherboriginal.com\/#\/schema\/logo\/image\/","url":"https:\/\/swissherboriginal.com\/wp-content\/uploads\/logo-menu-tel-swissherb.png","contentUrl":"https:\/\/swissherboriginal.com\/wp-content\/uploads\/logo-menu-tel-swissherb.png","width":512,"height":360,"caption":"Swiss Herb Original"},"image":{"@id":"https:\/\/swissherboriginal.com\/#\/schema\/logo\/image\/"},"sameAs":["https:\/\/www.facebook.com\/swissherboriginale\/","https:\/\/www.instagram.com\/swissherb_original"]}]}},"_links":{"self":[{"href":"https:\/\/swissherboriginal.com\/hr\/wp-json\/wp\/v2\/product\/714","targetHints":{"allow":["GET"]}}],"collection":[{"href":"https:\/\/swissherboriginal.com\/hr\/wp-json\/wp\/v2\/product"}],"about":[{"href":"https:\/\/swissherboriginal.com\/hr\/wp-json\/wp\/v2\/types\/product"}],"replies":[{"embeddable":true,"href":"https:\/\/swissherboriginal.com\/hr\/wp-json\/wp\/v2\/comments?post=714"}],"wp:featuredmedia":[{"embeddable":true,"href":"https:\/\/swissherboriginal.com\/hr\/wp-json\/wp\/v2\/media\/3909"}],"wp:attachment":[{"href":"https:\/\/swissherboriginal.com\/hr\/wp-json\/wp\/v2\/media?parent=714"}],"wp:term":[{"taxonomy":"product_brand","embeddable":true,"href":"https:\/\/swissherboriginal.com\/hr\/wp-json\/wp\/v2\/product_brand?post=714"},{"taxonomy":"product_cat","embeddable":true,"href":"https:\/\/swissherboriginal.com\/hr\/wp-json\/wp\/v2\/product_cat?post=714"},{"taxonomy":"product_tag","embeddable":true,"href":"https:\/\/swissherboriginal.com\/hr\/wp-json\/wp\/v2\/product_tag?post=714"}],"curies":[{"name":"wp","href":"https:\/\/api.w.org\/{rel}","templated":true}]}}