{"id":743,"date":"2023-01-07T15:03:35","date_gmt":"2023-01-07T15:03:35","guid":{"rendered":"https:\/\/swissherboriginal.com\/?post_type=product&#038;p=743"},"modified":"2023-11-17T13:37:52","modified_gmt":"2023-11-17T13:37:52","slug":"advanced-nutrients-sensizym","status":"publish","type":"product","link":"https:\/\/swissherboriginal.com\/hr\/ducan\/predmeti-za-uzgoj\/gnojiva\/advanced-nutrients-sensizym\/","title":{"rendered":"Advanced Nutrients Sensizym"},"content":{"rendered":"<h2>Advanced Nutrients Sensizym<\/h2>\n<p>Sensizym \u00e8 un prodotto della marca Advanced Nutrients, che si occupa di realizzare integratori e alimenti per piante di qualit\u00e0 per l&#8217;agricoltura moderna. Questo additivo \u00e8 utilizzato soprattutto per le piante di canapa, poich\u00e9 aiuta a migliorare la crescita e lo sviluppo della pianta.<\/p>\n<p>Sensizym contiene ben 80 enzimi di classe A e B, unici nel proprio genere. Questi contribuiscono a migliorare la qualit\u00e0 del substrato e a favorire la biodegradazione dei nutrienti organici. Ce ne sono alcuni che favoriscono la nitrificazione, il che grazie a questo additivo, viene integrato nella riduzione dei tempi di decomposizione dei materiali organici utilizzati durante il processo di coltivazione. Inoltre, ci sono enzimi che degradano anche le radici morte o inutilizzate, attraverso processi di decomposizione microbica, contribuendo a mantenere il substrato libero da infezioni batteriche e da funghi, che possono causare gravi danni alle piante.<\/p>\n<p>Questo additivo \u00e8 molto utile anche per la nutrizione delle colture, poich\u00e9 grazie alla presenza dei batteri benefici, che popolano il substrato, contribuisce ad attivare la disponibilit\u00e0 di azoto, fosforo e potassio, e ad altri metalli vitali per la pianta.<\/p>\n<p>Sensizym \u00e8 in grado anche di migliorare la qualit\u00e0 della coltivazione, contribuendo ad aumentare la quantit\u00e0 di tricomi. I tricomi sono una specie di sacche resinose che si trovano sulla superficie delle foglie della pianta di cannabis, dove vengono prodotte le cannabinoidi e i terpeni. Questa resina \u00e8 quella che d\u00e0 alla pianta gli effetti terapeutici, psicoattivi e gustativi cos\u00ec apprezzati nell&#8217;industria della cannabis.<\/p>\n<p>In conclusione, Advanced Nutrients Sensizym rappresenta un ottimo additivo per le piante di canapa. \u00c8 utile non solo per migliorare la crescita e lo sviluppo della pianta, ma anche per aumentare la produzione di resine e tricomi. Questo prodotto di Advanced Nutrients \u00e8 in grado di migliorare la qualit\u00e0 della coltivazione, e grazie alla presenza dei batteri benefici, previene le infezioni e le malattie microbiologiche nelle piante di cannabis.<\/p>\n<p>In sintesi, Sensizym ha i seguenti vantaggi:<\/p>\n<p>&#8211; Contiene 80 enzimi di classe A e B.<br \/>\n&#8211; Migliora la qualit\u00e0 del substrato e la biodegradazione dei nutrienti organici.<br \/>\n&#8211; Aumenta la disponibilit\u00e0 di azoto, fosforo e potassio, e altri metalli vitali per la pianta.<br \/>\n&#8211; Migliora la concentrazione di tricomi, per una maggiore produttivit\u00e0 di cannabinoidi e terpeni.<br \/>\n&#8211; Previne le infezioni e le malattie microbiologiche nelle piante di cannabis.<\/p>\n<p><a href=\"https:\/\/swissherboriginal.com\/hr\/oznaka-proizvoda-2\/advanced-nutrients\/\">Napredni hranjivi sastojci<\/a> mogu vam toliko toga ponuditi <a href=\"https:\/\/swissherboriginal.com\/hr\/kategorija-proizvoda-2\/predmeti-za-uzgoj\/gnojiva\/\">gnojiva<\/a> per tutte le tue necessit\u00e0. Ti serve uno stimolatore di fioritura? Prova <a href=\"https:\/\/swissherboriginal.com\/hr\/ducan\/predmeti-za-uzgoj\/gnojiva\/advanced-nutrients-nirvana\/\">Nirvana<\/a>! Pogledajte i na\u0161e ostale! <a href=\"https:\/\/swissherboriginal.com\/hr\/kategorija-proizvoda-2\/predmeti-za-uzgoj\/\">predmeti za uzgoj<\/a>.<\/p>","protected":false},"excerpt":{"rendered":"<ul>\n<li>Contiene 80 enzimi di classe A e B<\/li>\n<li>Migliora la qualit\u00e0 del substrato<\/li>\n<li>Aumenta la disponibilit\u00e0 di azoto, fosforo e potassio<\/li>\n<li>Migliora la concentrazione di tricomi<\/li>\n<li>Previne le infezioni e le malattie<\/li>\n<\/ul>","protected":false},"featured_media":3889,"comment_status":"open","ping_status":"closed","template":"","meta":[],"product_brand":[],"product_cat":[260,261],"product_tag":[335,109,660,318,321,322,330],"class_list":{"0":"post-743","1":"product","2":"type-product","3":"status-publish","4":"has-post-thumbnail","6":"product_cat-articoli-da-coltivazione","7":"product_cat-fertilizzanti","8":"product_tag-additivo-per-piante","9":"product_tag-advanced-nutrients","10":"product_tag-coltivazione-cannabis","11":"product_tag-coltivazione-idroponica","12":"product_tag-fertilizzanti-organici","13":"product_tag-stimolatore-di-crescita","14":"product_tag-stimolatore-di-radici","16":"first","17":"instock","18":"shipping-taxable","19":"purchasable","20":"product-type-variable"},"yoast_head":"<!-- This site is optimized with the Yoast SEO Premium plugin v22.0 (Yoast SEO v26.3) - https:\/\/yoast.com\/wordpress\/plugins\/seo\/ -->\n<title>Advanced Nutrients Sensizym | Additivo | Swiss Herb Original<\/title>\n<meta name=\"description\" content=\"Migliora la crescita delle tue piante di canapa con Sensizym di Advanced Nutrients. Favorisce nutrizione e resistenza. Scopri i benefici ora!\" \/>\n<meta name=\"robots\" content=\"index, follow, max-snippet:-1, max-image-preview:large, max-video-preview:-1\" \/>\n<link rel=\"canonical\" href=\"https:\/\/swissherboriginal.com\/hr\/ducan\/predmeti-za-uzgoj\/gnojiva\/advanced-nutrients-sensizym\/\" \/>\n<meta property=\"og:locale\" content=\"hr_HR\" \/>\n<meta property=\"og:type\" content=\"article\" \/>\n<meta property=\"og:title\" content=\"Advanced Nutrients Sensizym\" \/>\n<meta property=\"og:description\" content=\"Migliora la crescita delle tue piante di canapa con Sensizym di Advanced Nutrients. Favorisce nutrizione e resistenza. Scopri i benefici ora!\" \/>\n<meta property=\"og:url\" content=\"https:\/\/swissherboriginal.com\/hr\/ducan\/predmeti-za-uzgoj\/gnojiva\/advanced-nutrients-sensizym\/\" \/>\n<meta property=\"og:site_name\" content=\"Swiss Herb Original\" \/>\n<meta property=\"article:publisher\" content=\"https:\/\/www.facebook.com\/swissherboriginale\/\" \/>\n<meta property=\"article:modified_time\" content=\"2023-11-17T13:37:52+00:00\" \/>\n<meta property=\"og:image\" content=\"https:\/\/swissherboriginal.com\/wp-content\/uploads\/sensi-zym-advanced-nutrients-1l-swiss-herb-original.png\" \/>\n\t<meta property=\"og:image:width\" content=\"800\" \/>\n\t<meta property=\"og:image:height\" content=\"800\" \/>\n\t<meta property=\"og:image:type\" content=\"image\/png\" \/>\n<meta name=\"twitter:card\" content=\"summary_large_image\" \/>\n<meta name=\"twitter:image\" content=\"https:\/\/swissherboriginal.com\/wp-content\/uploads\/sensi-zym-advanced-nutrients-1l-swiss-herb-original.png\" \/>\n<meta name=\"twitter:label1\" content=\"Procijenjeno vrijeme \u010ditanja\" \/>\n\t<meta name=\"twitter:data1\" content=\"3 minute\" \/>\n<script type=\"application\/ld+json\" class=\"yoast-schema-graph\">{\"@context\":\"https:\/\/schema.org\",\"@graph\":[{\"@type\":\"WebPage\",\"@id\":\"https:\/\/swissherboriginal.com\/shop\/articoli-da-coltivazione\/fertilizzanti\/advanced-nutrients-sensizym\/\",\"url\":\"https:\/\/swissherboriginal.com\/shop\/articoli-da-coltivazione\/fertilizzanti\/advanced-nutrients-sensizym\/\",\"name\":\"Advanced Nutrients Sensizym | Additivo | Swiss Herb Original\",\"isPartOf\":{\"@id\":\"https:\/\/swissherboriginal.com\/#website\"},\"primaryImageOfPage\":{\"@id\":\"https:\/\/swissherboriginal.com\/shop\/articoli-da-coltivazione\/fertilizzanti\/advanced-nutrients-sensizym\/#primaryimage\"},\"image\":{\"@id\":\"https:\/\/swissherboriginal.com\/shop\/articoli-da-coltivazione\/fertilizzanti\/advanced-nutrients-sensizym\/#primaryimage\"},\"thumbnailUrl\":\"https:\/\/swissherboriginal.com\/wp-content\/uploads\/sensi-zym-advanced-nutrients-1l-swiss-herb-original.png\",\"datePublished\":\"2023-01-07T15:03:35+00:00\",\"dateModified\":\"2023-11-17T13:37:52+00:00\",\"description\":\"Migliora la crescita delle tue piante di canapa con Sensizym di Advanced Nutrients. Favorisce nutrizione e resistenza. Scopri i benefici ora!\",\"breadcrumb\":{\"@id\":\"https:\/\/swissherboriginal.com\/shop\/articoli-da-coltivazione\/fertilizzanti\/advanced-nutrients-sensizym\/#breadcrumb\"},\"inLanguage\":\"hr\",\"potentialAction\":[{\"@type\":\"ReadAction\",\"target\":[\"https:\/\/swissherboriginal.com\/shop\/articoli-da-coltivazione\/fertilizzanti\/advanced-nutrients-sensizym\/\"]}]},{\"@type\":\"ImageObject\",\"inLanguage\":\"hr\",\"@id\":\"https:\/\/swissherboriginal.com\/shop\/articoli-da-coltivazione\/fertilizzanti\/advanced-nutrients-sensizym\/#primaryimage\",\"url\":\"https:\/\/swissherboriginal.com\/wp-content\/uploads\/sensi-zym-advanced-nutrients-1l-swiss-herb-original.png\",\"contentUrl\":\"https:\/\/swissherboriginal.com\/wp-content\/uploads\/sensi-zym-advanced-nutrients-1l-swiss-herb-original.png\",\"width\":800,\"height\":800,\"caption\":\"Advanced Nutrients Sensizym\"},{\"@type\":\"BreadcrumbList\",\"@id\":\"https:\/\/swissherboriginal.com\/shop\/articoli-da-coltivazione\/fertilizzanti\/advanced-nutrients-sensizym\/#breadcrumb\",\"itemListElement\":[{\"@type\":\"ListItem\",\"position\":1,\"name\":\"Home\",\"item\":\"https:\/\/swissherboriginal.com\/\"},{\"@type\":\"ListItem\",\"position\":2,\"name\":\"Negozio Swiss Herb Original\",\"item\":\"https:\/\/swissherboriginal.com\/negozio-swiss-herb-original\/\"},{\"@type\":\"ListItem\",\"position\":3,\"name\":\"Advanced Nutrients Sensizym\"}]},{\"@type\":\"WebSite\",\"@id\":\"https:\/\/swissherboriginal.com\/#website\",\"url\":\"https:\/\/swissherboriginal.com\/\",\"name\":\"Swiss Herb Original\",\"description\":\"\",\"publisher\":{\"@id\":\"https:\/\/swissherboriginal.com\/#organization\"},\"potentialAction\":[{\"@type\":\"SearchAction\",\"target\":{\"@type\":\"EntryPoint\",\"urlTemplate\":\"https:\/\/swissherboriginal.com\/?s={search_term_string}\"},\"query-input\":{\"@type\":\"PropertyValueSpecification\",\"valueRequired\":true,\"valueName\":\"search_term_string\"}}],\"inLanguage\":\"hr\"},{\"@type\":\"Organization\",\"@id\":\"https:\/\/swissherboriginal.com\/#organization\",\"name\":\"Swiss Herb Original\",\"url\":\"https:\/\/swissherboriginal.com\/\",\"logo\":{\"@type\":\"ImageObject\",\"inLanguage\":\"hr\",\"@id\":\"https:\/\/swissherboriginal.com\/#\/schema\/logo\/image\/\",\"url\":\"https:\/\/swissherboriginal.com\/wp-content\/uploads\/logo-menu-tel-swissherb.png\",\"contentUrl\":\"https:\/\/swissherboriginal.com\/wp-content\/uploads\/logo-menu-tel-swissherb.png\",\"width\":512,\"height\":360,\"caption\":\"Swiss Herb Original\"},\"image\":{\"@id\":\"https:\/\/swissherboriginal.com\/#\/schema\/logo\/image\/\"},\"sameAs\":[\"https:\/\/www.facebook.com\/swissherboriginale\/\",\"https:\/\/www.instagram.com\/swissherb_original\"]}]}<\/script>\n<!-- \/ Yoast SEO Premium plugin. -->","yoast_head_json":{"title":"Advanced Nutrients Sensizym | Additivo | Swiss Herb Original","description":"Migliora la crescita delle tue piante di canapa con Sensizym di Advanced Nutrients. Favorisce nutrizione e resistenza. Scopri i benefici ora!","robots":{"index":"index","follow":"follow","max-snippet":"max-snippet:-1","max-image-preview":"max-image-preview:large","max-video-preview":"max-video-preview:-1"},"canonical":"https:\/\/swissherboriginal.com\/hr\/ducan\/predmeti-za-uzgoj\/gnojiva\/advanced-nutrients-sensizym\/","og_locale":"hr_HR","og_type":"article","og_title":"Advanced Nutrients Sensizym","og_description":"Migliora la crescita delle tue piante di canapa con Sensizym di Advanced Nutrients. Favorisce nutrizione e resistenza. Scopri i benefici ora!","og_url":"https:\/\/swissherboriginal.com\/hr\/ducan\/predmeti-za-uzgoj\/gnojiva\/advanced-nutrients-sensizym\/","og_site_name":"Swiss Herb Original","article_publisher":"https:\/\/www.facebook.com\/swissherboriginale\/","article_modified_time":"2023-11-17T13:37:52+00:00","og_image":[{"width":800,"height":800,"url":"https:\/\/swissherboriginal.com\/wp-content\/uploads\/sensi-zym-advanced-nutrients-1l-swiss-herb-original.png","type":"image\/png"}],"twitter_card":"summary_large_image","twitter_image":"https:\/\/swissherboriginal.com\/wp-content\/uploads\/sensi-zym-advanced-nutrients-1l-swiss-herb-original.png","twitter_misc":{"Procijenjeno vrijeme \u010ditanja":"3 minute"},"schema":{"@context":"https:\/\/schema.org","@graph":[{"@type":"WebPage","@id":"https:\/\/swissherboriginal.com\/shop\/articoli-da-coltivazione\/fertilizzanti\/advanced-nutrients-sensizym\/","url":"https:\/\/swissherboriginal.com\/shop\/articoli-da-coltivazione\/fertilizzanti\/advanced-nutrients-sensizym\/","name":"Advanced Nutrients Sensizym | Additivo | Swiss Herb Original","isPartOf":{"@id":"https:\/\/swissherboriginal.com\/#website"},"primaryImageOfPage":{"@id":"https:\/\/swissherboriginal.com\/shop\/articoli-da-coltivazione\/fertilizzanti\/advanced-nutrients-sensizym\/#primaryimage"},"image":{"@id":"https:\/\/swissherboriginal.com\/shop\/articoli-da-coltivazione\/fertilizzanti\/advanced-nutrients-sensizym\/#primaryimage"},"thumbnailUrl":"https:\/\/swissherboriginal.com\/wp-content\/uploads\/sensi-zym-advanced-nutrients-1l-swiss-herb-original.png","datePublished":"2023-01-07T15:03:35+00:00","dateModified":"2023-11-17T13:37:52+00:00","description":"Migliora la crescita delle tue piante di canapa con Sensizym di Advanced Nutrients. Favorisce nutrizione e resistenza. Scopri i benefici ora!","breadcrumb":{"@id":"https:\/\/swissherboriginal.com\/shop\/articoli-da-coltivazione\/fertilizzanti\/advanced-nutrients-sensizym\/#breadcrumb"},"inLanguage":"hr","potentialAction":[{"@type":"ReadAction","target":["https:\/\/swissherboriginal.com\/shop\/articoli-da-coltivazione\/fertilizzanti\/advanced-nutrients-sensizym\/"]}]},{"@type":"ImageObject","inLanguage":"hr","@id":"https:\/\/swissherboriginal.com\/shop\/articoli-da-coltivazione\/fertilizzanti\/advanced-nutrients-sensizym\/#primaryimage","url":"https:\/\/swissherboriginal.com\/wp-content\/uploads\/sensi-zym-advanced-nutrients-1l-swiss-herb-original.png","contentUrl":"https:\/\/swissherboriginal.com\/wp-content\/uploads\/sensi-zym-advanced-nutrients-1l-swiss-herb-original.png","width":800,"height":800,"caption":"Advanced Nutrients Sensizym"},{"@type":"BreadcrumbList","@id":"https:\/\/swissherboriginal.com\/shop\/articoli-da-coltivazione\/fertilizzanti\/advanced-nutrients-sensizym\/#breadcrumb","itemListElement":[{"@type":"ListItem","position":1,"name":"Home","item":"https:\/\/swissherboriginal.com\/"},{"@type":"ListItem","position":2,"name":"Negozio Swiss Herb Original","item":"https:\/\/swissherboriginal.com\/negozio-swiss-herb-original\/"},{"@type":"ListItem","position":3,"name":"Advanced Nutrients Sensizym"}]},{"@type":"WebSite","@id":"https:\/\/swissherboriginal.com\/#website","url":"https:\/\/swissherboriginal.com\/","name":"Originalno \u0161vicarsko bilje","description":"","publisher":{"@id":"https:\/\/swissherboriginal.com\/#organization"},"potentialAction":[{"@type":"SearchAction","target":{"@type":"EntryPoint","urlTemplate":"https:\/\/swissherboriginal.com\/?s={search_term_string}"},"query-input":{"@type":"PropertyValueSpecification","valueRequired":true,"valueName":"search_term_string"}}],"inLanguage":"hr"},{"@type":"Organization","@id":"https:\/\/swissherboriginal.com\/#organization","name":"Originalno \u0161vicarsko bilje","url":"https:\/\/swissherboriginal.com\/","logo":{"@type":"ImageObject","inLanguage":"hr","@id":"https:\/\/swissherboriginal.com\/#\/schema\/logo\/image\/","url":"https:\/\/swissherboriginal.com\/wp-content\/uploads\/logo-menu-tel-swissherb.png","contentUrl":"https:\/\/swissherboriginal.com\/wp-content\/uploads\/logo-menu-tel-swissherb.png","width":512,"height":360,"caption":"Swiss Herb Original"},"image":{"@id":"https:\/\/swissherboriginal.com\/#\/schema\/logo\/image\/"},"sameAs":["https:\/\/www.facebook.com\/swissherboriginale\/","https:\/\/www.instagram.com\/swissherb_original"]}]}},"_links":{"self":[{"href":"https:\/\/swissherboriginal.com\/hr\/wp-json\/wp\/v2\/product\/743","targetHints":{"allow":["GET"]}}],"collection":[{"href":"https:\/\/swissherboriginal.com\/hr\/wp-json\/wp\/v2\/product"}],"about":[{"href":"https:\/\/swissherboriginal.com\/hr\/wp-json\/wp\/v2\/types\/product"}],"replies":[{"embeddable":true,"href":"https:\/\/swissherboriginal.com\/hr\/wp-json\/wp\/v2\/comments?post=743"}],"wp:featuredmedia":[{"embeddable":true,"href":"https:\/\/swissherboriginal.com\/hr\/wp-json\/wp\/v2\/media\/3889"}],"wp:attachment":[{"href":"https:\/\/swissherboriginal.com\/hr\/wp-json\/wp\/v2\/media?parent=743"}],"wp:term":[{"taxonomy":"product_brand","embeddable":true,"href":"https:\/\/swissherboriginal.com\/hr\/wp-json\/wp\/v2\/product_brand?post=743"},{"taxonomy":"product_cat","embeddable":true,"href":"https:\/\/swissherboriginal.com\/hr\/wp-json\/wp\/v2\/product_cat?post=743"},{"taxonomy":"product_tag","embeddable":true,"href":"https:\/\/swissherboriginal.com\/hr\/wp-json\/wp\/v2\/product_tag?post=743"}],"curies":[{"name":"wp","href":"https:\/\/api.w.org\/{rel}","templated":true}]}}