{"id":777,"date":"2023-01-07T16:22:08","date_gmt":"2023-01-07T16:22:08","guid":{"rendered":"https:\/\/swissherboriginal.com\/?post_type=product&#038;p=777"},"modified":"2023-11-21T12:20:57","modified_gmt":"2023-11-21T12:20:57","slug":"plagron-alga-bloom","status":"publish","type":"product","link":"https:\/\/swissherboriginal.com\/hr\/ducan\/predmeti-za-uzgoj\/gnojiva\/plagron-alga-bloom\/","title":{"rendered":"Plagron Alga Bloom"},"content":{"rendered":"<h2>Plagron Alga Bloom<\/h2>\n<p>Il Plagron Alga Bloom \u00e8 un fertilizzante di alta qualit\u00e0 per la fioritura delle piante di canapa. Questo prodotto \u00e8 composto da una miscela di estratti di alghe naturali, che stimolano la fioritura delle piante e migliorano la qualit\u00e0 del raccolto.<\/p>\n<p>La formula di Alga Bloom \u00e8 stata creata per fornire alla pianta le sostanze nutritive di cui ha bisogno durante il ciclo di fioritura, come potassio e fosforo. Questi nutrienti sono essenziali per la crescita delle piante di canapa, in quanto stimolano la produzione di fiori di alta qualit\u00e0 e aumentano la resa del raccolto.<\/p>\n<p>Inoltre, la presenza di alghe marina in Alga Bloom fornisce alla pianta una vasta gamma di micronutrienti, come il ferro, il magnesio e il calcio. Questi micronutrienti sono essenziali per la crescita e lo sviluppo sano della pianta di canapa, e contribuiscono a migliorare la qualit\u00e0 del raccolto finale.<\/p>\n<p>Un altro beneficio di Alga Bloom \u00e8 che questo fertilizzante \u00e8 completamente organico e naturale. Non contiene sostanze chimiche nocive o conservanti artificiali, il che lo rende sicuro da usare per la coltivazione di piante destinate al consumo umano.<\/p>\n<p>Per utilizzare Alga Bloom, basta aggiungerlo all&#8217;acqua di irrigazione durante la fase di fioritura delle piante di canapa. La dose consigliata varia in base alle esigenze della pianta e alle condizioni ambientali, ma in generale \u00e8 consigliato di utilizzare da 2 a 4 ml di prodotto per litro di acqua.<\/p>\n<p>In sintesi, il Plagron Alga Bloom \u00e8 un fertilizzante di alta qualit\u00e0 per la fioritura delle piante di canapa. La sua formula organica e ricca di nutrienti stimola la produzione di fiori di alta qualit\u00e0 e aumenta la resa del raccolto, senza l&#8217;uso di sostanze chimiche nocive o conservanti artificiali. Questo prodotto \u00e8 una scelta ideale per i coltivatori che vogliono ottenere i migliori risultati possibili dalla loro coltivazione di cannabis.<\/p>\n<p>Per ottimizzare lo sviluppo delle tue piante dall&#8217;inizio alla fine, abbina questo prodotto all&#8217;<a href=\"https:\/\/swissherboriginal.com\/hr\/ducan\/predmeti-za-uzgoj\/gnojiva\/plagron-alga-grow\/\">Alga Grow<\/a>, ovvero <a href=\"https:\/\/swissherboriginal.com\/hr\/kategorija-proizvoda-2\/predmeti-za-uzgoj\/gnojiva\/\">gnojivo<\/a> per la fare vegetativa! Dai un\u2019occhiata anche ai nostri altri <a href=\"https:\/\/swissherboriginal.com\/hr\/kategorija-proizvoda-2\/predmeti-za-uzgoj\/\">predmeti za uzgoj<\/a>.<\/p>","protected":false},"excerpt":{"rendered":"<ul>\n<li>Fertilizzante per fioritura<\/li>\n<li>Alghe marine<\/li>\n<li>Oligoelementi<\/li>\n<li>Vitamine e amminoacidi<\/li>\n<li>Stimola la fioritura<\/li>\n<\/ul>","protected":false},"featured_media":3873,"comment_status":"open","ping_status":"closed","template":"","meta":[],"product_brand":[],"product_cat":[260,261],"product_tag":[660,689,653,319,321,107],"class_list":{"0":"post-777","1":"product","2":"type-product","3":"status-publish","4":"has-post-thumbnail","6":"product_cat-articoli-da-coltivazione","7":"product_cat-fertilizzanti","8":"product_tag-coltivazione-cannabis","9":"product_tag-coltivazione-greenhouse","10":"product_tag-coltivazione-indoor","11":"product_tag-fertilizzante-per-fioritura","12":"product_tag-fertilizzanti-organici","13":"product_tag-plagron","15":"first","16":"outofstock","17":"shipping-taxable","18":"purchasable","19":"product-type-variable"},"yoast_head":"<!-- This site is optimized with the Yoast SEO Premium plugin v22.0 (Yoast SEO v26.3) - https:\/\/yoast.com\/wordpress\/plugins\/seo\/ -->\n<title>Plagron Alga Bloom | Fertilizzante | Swiss Herb Original<\/title>\n<meta name=\"description\" content=\"Migliora la fioritura della canapa con Plagron Alga Bloom, fertilizzante naturale ed efficace. Per un raccolto di qualit\u00e0, acquista ora!\" \/>\n<meta name=\"robots\" content=\"index, follow, max-snippet:-1, max-image-preview:large, max-video-preview:-1\" \/>\n<link rel=\"canonical\" href=\"https:\/\/swissherboriginal.com\/hr\/ducan\/predmeti-za-uzgoj\/gnojiva\/plagron-alga-bloom\/\" \/>\n<meta property=\"og:locale\" content=\"hr_HR\" \/>\n<meta property=\"og:type\" content=\"article\" \/>\n<meta property=\"og:title\" content=\"Plagron Alga Bloom\" \/>\n<meta property=\"og:description\" content=\"Migliora la fioritura della canapa con Plagron Alga Bloom, fertilizzante naturale ed efficace. Per un raccolto di qualit\u00e0, acquista ora!\" \/>\n<meta property=\"og:url\" content=\"https:\/\/swissherboriginal.com\/hr\/ducan\/predmeti-za-uzgoj\/gnojiva\/plagron-alga-bloom\/\" \/>\n<meta property=\"og:site_name\" content=\"Swiss Herb Original\" \/>\n<meta property=\"article:publisher\" content=\"https:\/\/www.facebook.com\/swissherboriginale\/\" \/>\n<meta property=\"article:modified_time\" content=\"2023-11-21T12:20:57+00:00\" \/>\n<meta property=\"og:image\" content=\"https:\/\/swissherboriginal.com\/wp-content\/uploads\/plagron-alga-bloom-1l-swiss-herb-original.png\" \/>\n\t<meta property=\"og:image:width\" content=\"800\" \/>\n\t<meta property=\"og:image:height\" content=\"800\" \/>\n\t<meta property=\"og:image:type\" content=\"image\/png\" \/>\n<meta name=\"twitter:card\" content=\"summary_large_image\" \/>\n<meta name=\"twitter:image\" content=\"https:\/\/swissherboriginal.com\/wp-content\/uploads\/plagron-alga-bloom-1l-swiss-herb-original.png\" \/>\n<meta name=\"twitter:label1\" content=\"Procijenjeno vrijeme \u010ditanja\" \/>\n\t<meta name=\"twitter:data1\" content=\"2 minute\" \/>\n<script type=\"application\/ld+json\" class=\"yoast-schema-graph\">{\"@context\":\"https:\/\/schema.org\",\"@graph\":[{\"@type\":\"WebPage\",\"@id\":\"https:\/\/swissherboriginal.com\/shop\/articoli-da-coltivazione\/fertilizzanti\/plagron-alga-bloom\/\",\"url\":\"https:\/\/swissherboriginal.com\/shop\/articoli-da-coltivazione\/fertilizzanti\/plagron-alga-bloom\/\",\"name\":\"Plagron Alga Bloom | Fertilizzante | Swiss Herb Original\",\"isPartOf\":{\"@id\":\"https:\/\/swissherboriginal.com\/#website\"},\"primaryImageOfPage\":{\"@id\":\"https:\/\/swissherboriginal.com\/shop\/articoli-da-coltivazione\/fertilizzanti\/plagron-alga-bloom\/#primaryimage\"},\"image\":{\"@id\":\"https:\/\/swissherboriginal.com\/shop\/articoli-da-coltivazione\/fertilizzanti\/plagron-alga-bloom\/#primaryimage\"},\"thumbnailUrl\":\"https:\/\/swissherboriginal.com\/wp-content\/uploads\/plagron-alga-bloom-1l-swiss-herb-original.png\",\"datePublished\":\"2023-01-07T16:22:08+00:00\",\"dateModified\":\"2023-11-21T12:20:57+00:00\",\"description\":\"Migliora la fioritura della canapa con Plagron Alga Bloom, fertilizzante naturale ed efficace. Per un raccolto di qualit\u00e0, acquista ora!\",\"breadcrumb\":{\"@id\":\"https:\/\/swissherboriginal.com\/shop\/articoli-da-coltivazione\/fertilizzanti\/plagron-alga-bloom\/#breadcrumb\"},\"inLanguage\":\"hr\",\"potentialAction\":[{\"@type\":\"ReadAction\",\"target\":[\"https:\/\/swissherboriginal.com\/shop\/articoli-da-coltivazione\/fertilizzanti\/plagron-alga-bloom\/\"]}]},{\"@type\":\"ImageObject\",\"inLanguage\":\"hr\",\"@id\":\"https:\/\/swissherboriginal.com\/shop\/articoli-da-coltivazione\/fertilizzanti\/plagron-alga-bloom\/#primaryimage\",\"url\":\"https:\/\/swissherboriginal.com\/wp-content\/uploads\/plagron-alga-bloom-1l-swiss-herb-original.png\",\"contentUrl\":\"https:\/\/swissherboriginal.com\/wp-content\/uploads\/plagron-alga-bloom-1l-swiss-herb-original.png\",\"width\":800,\"height\":800,\"caption\":\"Plagron Alga Bloom 1l\"},{\"@type\":\"BreadcrumbList\",\"@id\":\"https:\/\/swissherboriginal.com\/shop\/articoli-da-coltivazione\/fertilizzanti\/plagron-alga-bloom\/#breadcrumb\",\"itemListElement\":[{\"@type\":\"ListItem\",\"position\":1,\"name\":\"Home\",\"item\":\"https:\/\/swissherboriginal.com\/\"},{\"@type\":\"ListItem\",\"position\":2,\"name\":\"Negozio Swiss Herb Original\",\"item\":\"https:\/\/swissherboriginal.com\/negozio-swiss-herb-original\/\"},{\"@type\":\"ListItem\",\"position\":3,\"name\":\"Plagron Alga Bloom\"}]},{\"@type\":\"WebSite\",\"@id\":\"https:\/\/swissherboriginal.com\/#website\",\"url\":\"https:\/\/swissherboriginal.com\/\",\"name\":\"Swiss Herb Original\",\"description\":\"\",\"publisher\":{\"@id\":\"https:\/\/swissherboriginal.com\/#organization\"},\"potentialAction\":[{\"@type\":\"SearchAction\",\"target\":{\"@type\":\"EntryPoint\",\"urlTemplate\":\"https:\/\/swissherboriginal.com\/?s={search_term_string}\"},\"query-input\":{\"@type\":\"PropertyValueSpecification\",\"valueRequired\":true,\"valueName\":\"search_term_string\"}}],\"inLanguage\":\"hr\"},{\"@type\":\"Organization\",\"@id\":\"https:\/\/swissherboriginal.com\/#organization\",\"name\":\"Swiss Herb Original\",\"url\":\"https:\/\/swissherboriginal.com\/\",\"logo\":{\"@type\":\"ImageObject\",\"inLanguage\":\"hr\",\"@id\":\"https:\/\/swissherboriginal.com\/#\/schema\/logo\/image\/\",\"url\":\"https:\/\/swissherboriginal.com\/wp-content\/uploads\/logo-menu-tel-swissherb.png\",\"contentUrl\":\"https:\/\/swissherboriginal.com\/wp-content\/uploads\/logo-menu-tel-swissherb.png\",\"width\":512,\"height\":360,\"caption\":\"Swiss Herb Original\"},\"image\":{\"@id\":\"https:\/\/swissherboriginal.com\/#\/schema\/logo\/image\/\"},\"sameAs\":[\"https:\/\/www.facebook.com\/swissherboriginale\/\",\"https:\/\/www.instagram.com\/swissherb_original\"]}]}<\/script>\n<!-- \/ Yoast SEO Premium plugin. -->","yoast_head_json":{"title":"Plagron Alga Bloom | Fertilizzante | Swiss Herb Original","description":"Migliora la fioritura della canapa con Plagron Alga Bloom, fertilizzante naturale ed efficace. Per un raccolto di qualit\u00e0, acquista ora!","robots":{"index":"index","follow":"follow","max-snippet":"max-snippet:-1","max-image-preview":"max-image-preview:large","max-video-preview":"max-video-preview:-1"},"canonical":"https:\/\/swissherboriginal.com\/hr\/ducan\/predmeti-za-uzgoj\/gnojiva\/plagron-alga-bloom\/","og_locale":"hr_HR","og_type":"article","og_title":"Plagron Alga Bloom","og_description":"Migliora la fioritura della canapa con Plagron Alga Bloom, fertilizzante naturale ed efficace. Per un raccolto di qualit\u00e0, acquista ora!","og_url":"https:\/\/swissherboriginal.com\/hr\/ducan\/predmeti-za-uzgoj\/gnojiva\/plagron-alga-bloom\/","og_site_name":"Swiss Herb Original","article_publisher":"https:\/\/www.facebook.com\/swissherboriginale\/","article_modified_time":"2023-11-21T12:20:57+00:00","og_image":[{"width":800,"height":800,"url":"https:\/\/swissherboriginal.com\/wp-content\/uploads\/plagron-alga-bloom-1l-swiss-herb-original.png","type":"image\/png"}],"twitter_card":"summary_large_image","twitter_image":"https:\/\/swissherboriginal.com\/wp-content\/uploads\/plagron-alga-bloom-1l-swiss-herb-original.png","twitter_misc":{"Procijenjeno vrijeme \u010ditanja":"2 minute"},"schema":{"@context":"https:\/\/schema.org","@graph":[{"@type":"WebPage","@id":"https:\/\/swissherboriginal.com\/shop\/articoli-da-coltivazione\/fertilizzanti\/plagron-alga-bloom\/","url":"https:\/\/swissherboriginal.com\/shop\/articoli-da-coltivazione\/fertilizzanti\/plagron-alga-bloom\/","name":"Plagron Alga Bloom | Fertilizzante | Swiss Herb Original","isPartOf":{"@id":"https:\/\/swissherboriginal.com\/#website"},"primaryImageOfPage":{"@id":"https:\/\/swissherboriginal.com\/shop\/articoli-da-coltivazione\/fertilizzanti\/plagron-alga-bloom\/#primaryimage"},"image":{"@id":"https:\/\/swissherboriginal.com\/shop\/articoli-da-coltivazione\/fertilizzanti\/plagron-alga-bloom\/#primaryimage"},"thumbnailUrl":"https:\/\/swissherboriginal.com\/wp-content\/uploads\/plagron-alga-bloom-1l-swiss-herb-original.png","datePublished":"2023-01-07T16:22:08+00:00","dateModified":"2023-11-21T12:20:57+00:00","description":"Migliora la fioritura della canapa con Plagron Alga Bloom, fertilizzante naturale ed efficace. Per un raccolto di qualit\u00e0, acquista ora!","breadcrumb":{"@id":"https:\/\/swissherboriginal.com\/shop\/articoli-da-coltivazione\/fertilizzanti\/plagron-alga-bloom\/#breadcrumb"},"inLanguage":"hr","potentialAction":[{"@type":"ReadAction","target":["https:\/\/swissherboriginal.com\/shop\/articoli-da-coltivazione\/fertilizzanti\/plagron-alga-bloom\/"]}]},{"@type":"ImageObject","inLanguage":"hr","@id":"https:\/\/swissherboriginal.com\/shop\/articoli-da-coltivazione\/fertilizzanti\/plagron-alga-bloom\/#primaryimage","url":"https:\/\/swissherboriginal.com\/wp-content\/uploads\/plagron-alga-bloom-1l-swiss-herb-original.png","contentUrl":"https:\/\/swissherboriginal.com\/wp-content\/uploads\/plagron-alga-bloom-1l-swiss-herb-original.png","width":800,"height":800,"caption":"Plagron Alga Bloom 1l"},{"@type":"BreadcrumbList","@id":"https:\/\/swissherboriginal.com\/shop\/articoli-da-coltivazione\/fertilizzanti\/plagron-alga-bloom\/#breadcrumb","itemListElement":[{"@type":"ListItem","position":1,"name":"Home","item":"https:\/\/swissherboriginal.com\/"},{"@type":"ListItem","position":2,"name":"Negozio Swiss Herb Original","item":"https:\/\/swissherboriginal.com\/negozio-swiss-herb-original\/"},{"@type":"ListItem","position":3,"name":"Plagron Alga Bloom"}]},{"@type":"WebSite","@id":"https:\/\/swissherboriginal.com\/#website","url":"https:\/\/swissherboriginal.com\/","name":"Originalno \u0161vicarsko bilje","description":"","publisher":{"@id":"https:\/\/swissherboriginal.com\/#organization"},"potentialAction":[{"@type":"SearchAction","target":{"@type":"EntryPoint","urlTemplate":"https:\/\/swissherboriginal.com\/?s={search_term_string}"},"query-input":{"@type":"PropertyValueSpecification","valueRequired":true,"valueName":"search_term_string"}}],"inLanguage":"hr"},{"@type":"Organization","@id":"https:\/\/swissherboriginal.com\/#organization","name":"Originalno \u0161vicarsko bilje","url":"https:\/\/swissherboriginal.com\/","logo":{"@type":"ImageObject","inLanguage":"hr","@id":"https:\/\/swissherboriginal.com\/#\/schema\/logo\/image\/","url":"https:\/\/swissherboriginal.com\/wp-content\/uploads\/logo-menu-tel-swissherb.png","contentUrl":"https:\/\/swissherboriginal.com\/wp-content\/uploads\/logo-menu-tel-swissherb.png","width":512,"height":360,"caption":"Swiss Herb Original"},"image":{"@id":"https:\/\/swissherboriginal.com\/#\/schema\/logo\/image\/"},"sameAs":["https:\/\/www.facebook.com\/swissherboriginale\/","https:\/\/www.instagram.com\/swissherb_original"]}]}},"_links":{"self":[{"href":"https:\/\/swissherboriginal.com\/hr\/wp-json\/wp\/v2\/product\/777","targetHints":{"allow":["GET"]}}],"collection":[{"href":"https:\/\/swissherboriginal.com\/hr\/wp-json\/wp\/v2\/product"}],"about":[{"href":"https:\/\/swissherboriginal.com\/hr\/wp-json\/wp\/v2\/types\/product"}],"replies":[{"embeddable":true,"href":"https:\/\/swissherboriginal.com\/hr\/wp-json\/wp\/v2\/comments?post=777"}],"wp:featuredmedia":[{"embeddable":true,"href":"https:\/\/swissherboriginal.com\/hr\/wp-json\/wp\/v2\/media\/3873"}],"wp:attachment":[{"href":"https:\/\/swissherboriginal.com\/hr\/wp-json\/wp\/v2\/media?parent=777"}],"wp:term":[{"taxonomy":"product_brand","embeddable":true,"href":"https:\/\/swissherboriginal.com\/hr\/wp-json\/wp\/v2\/product_brand?post=777"},{"taxonomy":"product_cat","embeddable":true,"href":"https:\/\/swissherboriginal.com\/hr\/wp-json\/wp\/v2\/product_cat?post=777"},{"taxonomy":"product_tag","embeddable":true,"href":"https:\/\/swissherboriginal.com\/hr\/wp-json\/wp\/v2\/product_tag?post=777"}],"curies":[{"name":"wp","href":"https:\/\/api.w.org\/{rel}","templated":true}]}}