{"id":910,"date":"2023-01-10T14:09:31","date_gmt":"2023-01-10T14:09:31","guid":{"rendered":"https:\/\/swissherboriginal.com\/?post_type=product&#038;p=910"},"modified":"2025-04-19T20:23:32","modified_gmt":"2025-04-19T20:23:32","slug":"caffe-e-canapa-cialde-10pz-75g-fiorello","status":"publish","type":"product","link":"https:\/\/swissherboriginal.com\/hr\/ducan\/hrana-i-dodaci-prehrani-od-konoplje\/napitci-od-konoplje\/caffe-e-canapa-cialde-10pz-75g-fiorello\/","title":{"rendered":"Caff\u00e8 e Canapa Cialde 10pz 75g Fiorello"},"content":{"rendered":"<h2>Caff\u00e8 e Canapa Cialde 10pz 75g Fiorello<\/h2>\n<p>Il prodotto Caff\u00e8 e Canapa Cialde 10pz 75g della marca Fiorello \u00e8 un prodotto innovativo. Il caff\u00e8 \u00e8 una bevanda amata in tutto il mondo, grazie alla sua capacit\u00e0 di regalarci energia e vitalit\u00e0 ogni volta che lo gustiamo. Il Caff\u00e8 e Canapa Cialde unisce le propriet\u00e0 benefiche del caff\u00e8 con quelle della canapa, una pianta dalle caratteristiche uniche e dalle molteplici propriet\u00e0 terapeutiche.<\/p>\n<p>Questo prodotto \u00e8 composto da 10 cialde per la preparazione del caff\u00e8. Ognuna delle quali contiene un mix aromatico di caff\u00e8 arabica e canapa di alta qualit\u00e0, perfettamente bilanciati per regalarci un&#8217;esperienza di gusto unica e inimitabile. La canapa utilizzata nella preparazione di queste cialde deriva dall&#8217;agricoltura biologica, garantendo cos\u00ec un prodotto dal sapore autentico e genuino.<\/p>\n<p>Il Caff\u00e8 e Canapa della marca Fiorello \u00e8 un prodotto estremamente versatile e adatto a ogni esigenza. Grazie alla sua preparazione in cialde, \u00e8 facile da utilizzare e pu\u00f2 essere preparato in pochi minuti, senza la necessit\u00e0 di macinare il caff\u00e8 e dosare la giusta quantit\u00e0. Inoltre, le cialde sono compatibili con qualsiasi macchina per il caff\u00e8 a capsule, rendendo questo prodotto adatto a tutti i gusti e le esigenze.<\/p>\n<p>Ma cosa rende cos\u00ec speciale il Caff\u00e8 e Canapa Cialde della marca Fiorello? La risposta \u00e8 nella canapa, una pianta dalle mille propriet\u00e0 terapeutiche e benefiche per la salute. La canapa \u00e8 infatti una pianta ricca di principi attivi come flavonoidi, terpeni, cannabinoidi e vitamine, che insieme regalano al nostro organismo numerosi benefici.<\/p>\n<p>In particolare, la canapa utilizzata nella preparazione di queste cialde contiene il cannabidiolo, uno dei principi attivi pi\u00f9 importanti della canapa, noto per le sue propriet\u00e0 antinfiammatorie, antiossidanti e analgesiche. Questo principio attivo, unito al potere energizzante e stimolante del caff\u00e8, rende il Caff\u00e8 e Canapa Cialde della marca Fiorello un prodotto capace di regalarci un&#8217;esperienza di gusto unica, ma anche di apportare numerosi benefici alla nostra salute.<\/p>\n<p>In conclusione, pu\u00f2 essere affermato senza dubbio che il Caff\u00e8 e Canapa Cialde 10pz 75g della marca Fiorello \u00e8 un prodotto innovativo, versatile e di altissima qualit\u00e0, in grado di soddisfare i gusti e le esigenze di tutti i consumatori, ma anche di regalare al nostro organismo numerosi benefici per la salute. Grazie alla sua preparazione in cialde e alla sua compatibilit\u00e0 con qualsiasi macchina per il caff\u00e8 a capsule, questo prodotto \u00e8 un&#8217;ottima scelta per chi cerca un caff\u00e8 originale e sano.<\/p>\n<p>Cialde in carta di riso non trattata ESE 44mm<\/p>\n<p>Prova questo caff\u00e8 con <a href=\"https:\/\/swissherboriginal.com\/hr\/ducan\/hrana-i-dodaci-prehrani-od-konoplje\/hrana-od-konoplje\/amnesia-haze-brownies-cannabis-bakehouse\/\">i Amnesia Haze Brownies della Cannabis Bakehouse<\/a>! Dai un\u2019occhiata anche alle nostre altre <a href=\"https:\/\/swissherboriginal.com\/hr\/kategorija-proizvoda-2\/hrana-i-dodaci-prehrani-od-konoplje\/napitci-od-konoplje\/\">napitci od konoplje<\/a> kao <a href=\"https:\/\/swissherboriginal.com\/hr\/ducan\/hrana-i-dodaci-prehrani-od-konoplje\/napitci-od-konoplje\/tisana-mint-plant-of-life\/\">il mint tisana di Plant Of Life<\/a>\u00a0i drugima tako\u0111er <a href=\"https:\/\/swissherboriginal.com\/hr\/kategorija-proizvoda-2\/hrana-i-dodaci-prehrani-od-konoplje\/\">hrana od konoplje<\/a>.<\/p>","protected":false},"excerpt":{"rendered":"<ul>\n<li>10 cialde<\/li>\n<li>7,5g in ogni cialda<\/li>\n<li>Caff\u00e8 con farina di canapa<\/li>\n<li>Sapore erbaceo e terroso<\/li>\n<li>THC free<\/li>\n<\/ul>","protected":false},"featured_media":3813,"comment_status":"open","ping_status":"closed","template":"","meta":[],"product_brand":[],"product_cat":[258,264],"product_tag":[214,348],"class_list":{"0":"post-910","1":"product","2":"type-product","3":"status-publish","4":"has-post-thumbnail","6":"product_cat-alimenti-e-integratori-alla-canapa","7":"product_cat-bevande-alla-canapa","8":"product_tag-bevanda-alla-canapa-naturale","9":"product_tag-caffe-alla-canapa","11":"first","12":"instock","13":"sale","14":"shipping-taxable","15":"purchasable","16":"product-type-simple"},"yoast_head":"<!-- This site is optimized with the Yoast SEO Premium plugin v22.0 (Yoast SEO v26.3) - https:\/\/yoast.com\/wordpress\/plugins\/seo\/ -->\n<title>Caff\u00e8 e Canapa Cialde 10pz 75g Fiorello | Swiss Herb Original<\/title>\n<meta name=\"description\" content=\"Riscopri il caff\u00e8 con le Caff\u00e8 e Canapa Cialde 10pz 75g di Fiorello. Un mix unico di aromi e benessere in un istante. Prova l&#039;innovazione oggi!\" \/>\n<meta name=\"robots\" content=\"index, follow, max-snippet:-1, max-image-preview:large, max-video-preview:-1\" \/>\n<link rel=\"canonical\" href=\"https:\/\/swissherboriginal.com\/hr\/ducan\/hrana-i-dodaci-prehrani-od-konoplje\/napitci-od-konoplje\/caffe-e-canapa-cialde-10pz-75g-fiorello\/\" \/>\n<meta property=\"og:locale\" content=\"hr_HR\" \/>\n<meta property=\"og:type\" content=\"article\" \/>\n<meta property=\"og:title\" content=\"Caff\u00e8 e Canapa Cialde 10pz 75g Fiorello\" \/>\n<meta property=\"og:description\" content=\"Riscopri il caff\u00e8 con le Caff\u00e8 e Canapa Cialde 10pz 75g di Fiorello. Un mix unico di aromi e benessere in un istante. Prova l&#039;innovazione oggi!\" \/>\n<meta property=\"og:url\" content=\"https:\/\/swissherboriginal.com\/hr\/ducan\/hrana-i-dodaci-prehrani-od-konoplje\/napitci-od-konoplje\/caffe-e-canapa-cialde-10pz-75g-fiorello\/\" \/>\n<meta property=\"og:site_name\" content=\"Swiss Herb Original\" \/>\n<meta property=\"article:publisher\" content=\"https:\/\/www.facebook.com\/swissherboriginale\/\" \/>\n<meta property=\"article:modified_time\" content=\"2025-04-19T20:23:32+00:00\" \/>\n<meta property=\"og:image\" content=\"https:\/\/swissherboriginal.com\/wp-content\/uploads\/2023\/01\/caffe-e-canapa-cialde-10pz-75g-fiorello-swiss-herb-original.png\" \/>\n\t<meta property=\"og:image:width\" content=\"800\" \/>\n\t<meta property=\"og:image:height\" content=\"800\" \/>\n\t<meta property=\"og:image:type\" content=\"image\/png\" \/>\n<meta name=\"twitter:card\" content=\"summary_large_image\" \/>\n<meta name=\"twitter:image\" content=\"https:\/\/swissherboriginal.com\/wp-content\/uploads\/2023\/01\/caffe-e-canapa-cialde-10pz-75g-fiorello-swiss-herb-original.png\" \/>\n<meta name=\"twitter:label1\" content=\"Procijenjeno vrijeme \u010ditanja\" \/>\n\t<meta name=\"twitter:data1\" content=\"3 minute\" \/>\n<script type=\"application\/ld+json\" class=\"yoast-schema-graph\">{\"@context\":\"https:\/\/schema.org\",\"@graph\":[{\"@type\":\"WebPage\",\"@id\":\"https:\/\/swissherboriginal.com\/shop\/alimenti-e-integratori-alla-canapa\/bevande-alla-canapa\/caffe-e-canapa-cialde-10pz-75g-fiorello\/\",\"url\":\"https:\/\/swissherboriginal.com\/shop\/alimenti-e-integratori-alla-canapa\/bevande-alla-canapa\/caffe-e-canapa-cialde-10pz-75g-fiorello\/\",\"name\":\"Caff\u00e8 e Canapa Cialde 10pz 75g Fiorello | Swiss Herb Original\",\"isPartOf\":{\"@id\":\"https:\/\/swissherboriginal.com\/#website\"},\"primaryImageOfPage\":{\"@id\":\"https:\/\/swissherboriginal.com\/shop\/alimenti-e-integratori-alla-canapa\/bevande-alla-canapa\/caffe-e-canapa-cialde-10pz-75g-fiorello\/#primaryimage\"},\"image\":{\"@id\":\"https:\/\/swissherboriginal.com\/shop\/alimenti-e-integratori-alla-canapa\/bevande-alla-canapa\/caffe-e-canapa-cialde-10pz-75g-fiorello\/#primaryimage\"},\"thumbnailUrl\":\"https:\/\/swissherboriginal.com\/wp-content\/uploads\/2023\/01\/caffe-e-canapa-cialde-10pz-75g-fiorello-swiss-herb-original.png\",\"datePublished\":\"2023-01-10T14:09:31+00:00\",\"dateModified\":\"2025-04-19T20:23:32+00:00\",\"description\":\"Riscopri il caff\u00e8 con le Caff\u00e8 e Canapa Cialde 10pz 75g di Fiorello. Un mix unico di aromi e benessere in un istante. Prova l'innovazione oggi!\",\"breadcrumb\":{\"@id\":\"https:\/\/swissherboriginal.com\/shop\/alimenti-e-integratori-alla-canapa\/bevande-alla-canapa\/caffe-e-canapa-cialde-10pz-75g-fiorello\/#breadcrumb\"},\"inLanguage\":\"hr\",\"potentialAction\":[{\"@type\":\"ReadAction\",\"target\":[\"https:\/\/swissherboriginal.com\/shop\/alimenti-e-integratori-alla-canapa\/bevande-alla-canapa\/caffe-e-canapa-cialde-10pz-75g-fiorello\/\"]}]},{\"@type\":\"ImageObject\",\"inLanguage\":\"hr\",\"@id\":\"https:\/\/swissherboriginal.com\/shop\/alimenti-e-integratori-alla-canapa\/bevande-alla-canapa\/caffe-e-canapa-cialde-10pz-75g-fiorello\/#primaryimage\",\"url\":\"https:\/\/swissherboriginal.com\/wp-content\/uploads\/2023\/01\/caffe-e-canapa-cialde-10pz-75g-fiorello-swiss-herb-original.png\",\"contentUrl\":\"https:\/\/swissherboriginal.com\/wp-content\/uploads\/2023\/01\/caffe-e-canapa-cialde-10pz-75g-fiorello-swiss-herb-original.png\",\"width\":800,\"height\":800,\"caption\":\"Caff\u00e8 e Canapa Cialde 10pz 75g Fiorello\"},{\"@type\":\"BreadcrumbList\",\"@id\":\"https:\/\/swissherboriginal.com\/shop\/alimenti-e-integratori-alla-canapa\/bevande-alla-canapa\/caffe-e-canapa-cialde-10pz-75g-fiorello\/#breadcrumb\",\"itemListElement\":[{\"@type\":\"ListItem\",\"position\":1,\"name\":\"Home\",\"item\":\"https:\/\/swissherboriginal.com\/\"},{\"@type\":\"ListItem\",\"position\":2,\"name\":\"Negozio Swiss Herb Original\",\"item\":\"https:\/\/swissherboriginal.com\/negozio-swiss-herb-original\/\"},{\"@type\":\"ListItem\",\"position\":3,\"name\":\"Caff\u00e8 e Canapa Cialde 10pz 75g Fiorello\"}]},{\"@type\":\"WebSite\",\"@id\":\"https:\/\/swissherboriginal.com\/#website\",\"url\":\"https:\/\/swissherboriginal.com\/\",\"name\":\"Swiss Herb Original\",\"description\":\"\",\"publisher\":{\"@id\":\"https:\/\/swissherboriginal.com\/#organization\"},\"potentialAction\":[{\"@type\":\"SearchAction\",\"target\":{\"@type\":\"EntryPoint\",\"urlTemplate\":\"https:\/\/swissherboriginal.com\/?s={search_term_string}\"},\"query-input\":{\"@type\":\"PropertyValueSpecification\",\"valueRequired\":true,\"valueName\":\"search_term_string\"}}],\"inLanguage\":\"hr\"},{\"@type\":\"Organization\",\"@id\":\"https:\/\/swissherboriginal.com\/#organization\",\"name\":\"Swiss Herb Original\",\"url\":\"https:\/\/swissherboriginal.com\/\",\"logo\":{\"@type\":\"ImageObject\",\"inLanguage\":\"hr\",\"@id\":\"https:\/\/swissherboriginal.com\/#\/schema\/logo\/image\/\",\"url\":\"https:\/\/swissherboriginal.com\/wp-content\/uploads\/logo-menu-tel-swissherb.png\",\"contentUrl\":\"https:\/\/swissherboriginal.com\/wp-content\/uploads\/logo-menu-tel-swissherb.png\",\"width\":512,\"height\":360,\"caption\":\"Swiss Herb Original\"},\"image\":{\"@id\":\"https:\/\/swissherboriginal.com\/#\/schema\/logo\/image\/\"},\"sameAs\":[\"https:\/\/www.facebook.com\/swissherboriginale\/\",\"https:\/\/www.instagram.com\/swissherb_original\"]}]}<\/script>\n<!-- \/ Yoast SEO Premium plugin. -->","yoast_head_json":{"title":"Caff\u00e8 e Canapa Cialde 10pz 75g Fiorello | Swiss Herb Original","description":"Riscopri il caff\u00e8 con le Caff\u00e8 e Canapa Cialde 10pz 75g di Fiorello. Un mix unico di aromi e benessere in un istante. Prova l'innovazione oggi!","robots":{"index":"index","follow":"follow","max-snippet":"max-snippet:-1","max-image-preview":"max-image-preview:large","max-video-preview":"max-video-preview:-1"},"canonical":"https:\/\/swissherboriginal.com\/hr\/ducan\/hrana-i-dodaci-prehrani-od-konoplje\/napitci-od-konoplje\/caffe-e-canapa-cialde-10pz-75g-fiorello\/","og_locale":"hr_HR","og_type":"article","og_title":"Caff\u00e8 e Canapa Cialde 10pz 75g Fiorello","og_description":"Riscopri il caff\u00e8 con le Caff\u00e8 e Canapa Cialde 10pz 75g di Fiorello. Un mix unico di aromi e benessere in un istante. Prova l'innovazione oggi!","og_url":"https:\/\/swissherboriginal.com\/hr\/ducan\/hrana-i-dodaci-prehrani-od-konoplje\/napitci-od-konoplje\/caffe-e-canapa-cialde-10pz-75g-fiorello\/","og_site_name":"Swiss Herb Original","article_publisher":"https:\/\/www.facebook.com\/swissherboriginale\/","article_modified_time":"2025-04-19T20:23:32+00:00","og_image":[{"width":800,"height":800,"url":"https:\/\/swissherboriginal.com\/wp-content\/uploads\/2023\/01\/caffe-e-canapa-cialde-10pz-75g-fiorello-swiss-herb-original.png","type":"image\/png"}],"twitter_card":"summary_large_image","twitter_image":"https:\/\/swissherboriginal.com\/wp-content\/uploads\/2023\/01\/caffe-e-canapa-cialde-10pz-75g-fiorello-swiss-herb-original.png","twitter_misc":{"Procijenjeno vrijeme \u010ditanja":"3 minute"},"schema":{"@context":"https:\/\/schema.org","@graph":[{"@type":"WebPage","@id":"https:\/\/swissherboriginal.com\/shop\/alimenti-e-integratori-alla-canapa\/bevande-alla-canapa\/caffe-e-canapa-cialde-10pz-75g-fiorello\/","url":"https:\/\/swissherboriginal.com\/shop\/alimenti-e-integratori-alla-canapa\/bevande-alla-canapa\/caffe-e-canapa-cialde-10pz-75g-fiorello\/","name":"Caff\u00e8 e Canapa Cialde 10pz 75g Fiorello | Swiss Herb Original","isPartOf":{"@id":"https:\/\/swissherboriginal.com\/#website"},"primaryImageOfPage":{"@id":"https:\/\/swissherboriginal.com\/shop\/alimenti-e-integratori-alla-canapa\/bevande-alla-canapa\/caffe-e-canapa-cialde-10pz-75g-fiorello\/#primaryimage"},"image":{"@id":"https:\/\/swissherboriginal.com\/shop\/alimenti-e-integratori-alla-canapa\/bevande-alla-canapa\/caffe-e-canapa-cialde-10pz-75g-fiorello\/#primaryimage"},"thumbnailUrl":"https:\/\/swissherboriginal.com\/wp-content\/uploads\/2023\/01\/caffe-e-canapa-cialde-10pz-75g-fiorello-swiss-herb-original.png","datePublished":"2023-01-10T14:09:31+00:00","dateModified":"2025-04-19T20:23:32+00:00","description":"Riscopri il caff\u00e8 con le Caff\u00e8 e Canapa Cialde 10pz 75g di Fiorello. Un mix unico di aromi e benessere in un istante. Prova l'innovazione oggi!","breadcrumb":{"@id":"https:\/\/swissherboriginal.com\/shop\/alimenti-e-integratori-alla-canapa\/bevande-alla-canapa\/caffe-e-canapa-cialde-10pz-75g-fiorello\/#breadcrumb"},"inLanguage":"hr","potentialAction":[{"@type":"ReadAction","target":["https:\/\/swissherboriginal.com\/shop\/alimenti-e-integratori-alla-canapa\/bevande-alla-canapa\/caffe-e-canapa-cialde-10pz-75g-fiorello\/"]}]},{"@type":"ImageObject","inLanguage":"hr","@id":"https:\/\/swissherboriginal.com\/shop\/alimenti-e-integratori-alla-canapa\/bevande-alla-canapa\/caffe-e-canapa-cialde-10pz-75g-fiorello\/#primaryimage","url":"https:\/\/swissherboriginal.com\/wp-content\/uploads\/2023\/01\/caffe-e-canapa-cialde-10pz-75g-fiorello-swiss-herb-original.png","contentUrl":"https:\/\/swissherboriginal.com\/wp-content\/uploads\/2023\/01\/caffe-e-canapa-cialde-10pz-75g-fiorello-swiss-herb-original.png","width":800,"height":800,"caption":"Caff\u00e8 e Canapa Cialde 10pz 75g Fiorello"},{"@type":"BreadcrumbList","@id":"https:\/\/swissherboriginal.com\/shop\/alimenti-e-integratori-alla-canapa\/bevande-alla-canapa\/caffe-e-canapa-cialde-10pz-75g-fiorello\/#breadcrumb","itemListElement":[{"@type":"ListItem","position":1,"name":"Home","item":"https:\/\/swissherboriginal.com\/"},{"@type":"ListItem","position":2,"name":"Negozio Swiss Herb Original","item":"https:\/\/swissherboriginal.com\/negozio-swiss-herb-original\/"},{"@type":"ListItem","position":3,"name":"Caff\u00e8 e Canapa Cialde 10pz 75g Fiorello"}]},{"@type":"WebSite","@id":"https:\/\/swissherboriginal.com\/#website","url":"https:\/\/swissherboriginal.com\/","name":"Originalno \u0161vicarsko bilje","description":"","publisher":{"@id":"https:\/\/swissherboriginal.com\/#organization"},"potentialAction":[{"@type":"SearchAction","target":{"@type":"EntryPoint","urlTemplate":"https:\/\/swissherboriginal.com\/?s={search_term_string}"},"query-input":{"@type":"PropertyValueSpecification","valueRequired":true,"valueName":"search_term_string"}}],"inLanguage":"hr"},{"@type":"Organization","@id":"https:\/\/swissherboriginal.com\/#organization","name":"Originalno \u0161vicarsko bilje","url":"https:\/\/swissherboriginal.com\/","logo":{"@type":"ImageObject","inLanguage":"hr","@id":"https:\/\/swissherboriginal.com\/#\/schema\/logo\/image\/","url":"https:\/\/swissherboriginal.com\/wp-content\/uploads\/logo-menu-tel-swissherb.png","contentUrl":"https:\/\/swissherboriginal.com\/wp-content\/uploads\/logo-menu-tel-swissherb.png","width":512,"height":360,"caption":"Swiss Herb Original"},"image":{"@id":"https:\/\/swissherboriginal.com\/#\/schema\/logo\/image\/"},"sameAs":["https:\/\/www.facebook.com\/swissherboriginale\/","https:\/\/www.instagram.com\/swissherb_original"]}]}},"_links":{"self":[{"href":"https:\/\/swissherboriginal.com\/hr\/wp-json\/wp\/v2\/product\/910","targetHints":{"allow":["GET"]}}],"collection":[{"href":"https:\/\/swissherboriginal.com\/hr\/wp-json\/wp\/v2\/product"}],"about":[{"href":"https:\/\/swissherboriginal.com\/hr\/wp-json\/wp\/v2\/types\/product"}],"replies":[{"embeddable":true,"href":"https:\/\/swissherboriginal.com\/hr\/wp-json\/wp\/v2\/comments?post=910"}],"wp:featuredmedia":[{"embeddable":true,"href":"https:\/\/swissherboriginal.com\/hr\/wp-json\/wp\/v2\/media\/3813"}],"wp:attachment":[{"href":"https:\/\/swissherboriginal.com\/hr\/wp-json\/wp\/v2\/media?parent=910"}],"wp:term":[{"taxonomy":"product_brand","embeddable":true,"href":"https:\/\/swissherboriginal.com\/hr\/wp-json\/wp\/v2\/product_brand?post=910"},{"taxonomy":"product_cat","embeddable":true,"href":"https:\/\/swissherboriginal.com\/hr\/wp-json\/wp\/v2\/product_cat?post=910"},{"taxonomy":"product_tag","embeddable":true,"href":"https:\/\/swissherboriginal.com\/hr\/wp-json\/wp\/v2\/product_tag?post=910"}],"curies":[{"name":"wp","href":"https:\/\/api.w.org\/{rel}","templated":true}]}}