{"id":941,"date":"2023-01-10T15:27:27","date_gmt":"2023-01-10T15:27:27","guid":{"rendered":"https:\/\/swissherboriginal.com\/?post_type=product&#038;p=941"},"modified":"2025-04-19T20:22:26","modified_gmt":"2025-04-19T20:22:26","slug":"patatine-alla-canapa-volcano-og-hemp-chips","status":"publish","type":"product","link":"https:\/\/swissherboriginal.com\/hr\/ducan\/hrana-i-dodaci-prehrani-od-konoplje\/hrana-od-konoplje\/patatine-alla-canapa-volcano-og-hemp-chips\/","title":{"rendered":"Volcano OG \u010dips od konoplje"},"content":{"rendered":"<h2>Volcano OG \u010dips od konoplje<\/h2>\n<p>Le patatine alla canapa Volcano OG di Hemp Chips sono un prodotto innovativo ed eccezionale, in grado di soddisfare i gusti dei palati pi\u00f9 esigenti, ma anche di offrire un&#8217;esperienza unica a chiunque voglia sperimentare nuovi sapori e aromi. Queste deliziose patatine sono realizzate con ingredienti di alta qualit\u00e0 e, naturalmente, con canapa.<\/p>\n<p>Il marchio Hemp Chips offre quattro diverse varianti di gusto per le proprie patatine alla canapa: Volcano OG, Kush, Amnesia e Cheese. Sono tutte opzioni che suggeriscono l&#8217;utilizzo di canapa di alta qualit\u00e0 e il gusto intenso che ne deriva.<\/p>\n<p>Volcano OG, per esempio, \u00e8 un sapore derivato dall&#8217;omonima variet\u00e0 di canapa, che \u00e8 nota per le sue propriet\u00e0 rilassanti e calmanti. Kush, d&#8217;altra parte, \u00e8 fatto con il ceppo Kush della canapa, stretto correlato con la potenza e l&#8217;intensit\u00e0 della droga. Amnesia \u00e8 una pianta senza precedenti, per la sua elevata percentuale di THC che offre effetti moderati ma notevoli.<\/p>\n<p>Infine, Cheese \u00e8 un gustoso mix di sapori che comprende una precisa selezione di canapa che offre un gusto saporito e pronunciato, che non passer\u00e0 inosservato ai veri amanti della canapa.<\/p>\n<p>La canapa \u00e8 un ingrediente molto versatile e ha numerose propriet\u00e0 nutritive e salutari. Questa pianta viene utilizzata in molte cucine di tutto il mondo e il suo sapore ha una lunga storia culinaria. Le patatine alla canapa di Hemp Chips sono un&#8217;ottima opzione se si vuole gustare il sapore della canapa in un modo nuovo e divertente, oltre a fornire un&#8217;elevata quantit\u00e0 di energia e nutrienti.<\/p>\n<p>Pratiche e comode da portare ovunque, queste patatine alla canapa sono perfette per uno snack veloce o per accompagnare una birra con gli amici. Sono anche una scelta ottima se si desidera seguire una dieta sana e naturale, poich\u00e9 sono realizzate con ingredienti di alta qualit\u00e0 e senza conservanti artificiali.<\/p>\n<p>In sintesi, le patatine alla canapa Volcano OG Hemp Chips sono uno spuntino gustoso ed eccezionale che va ben al di l\u00e0 del semplice snack. La loro consistenza croccante e il sapore intenso garantiranno un&#8217;esperienza gustativa straordinaria per chiunque sceglie di assaggiarle. Ideali per gli amanti della canapa e per chiunque ami sperimentare nuovi sapori. Le patatine alla canapa Volcano OG di Hemp Chips sono sicuramente una scelta valida e apprezzata!<\/p>\n<p>Prova anche altri gusti di patatine alla canapa di Hemp Chips come <a href=\"https:\/\/swissherboriginal.com\/hr\/ducan\/hrana-i-dodaci-prehrani-od-konoplje\/hrana-od-konoplje\/patatine-alla-canapa-amnesia-hemp-chips\/\">Amnezija<\/a>, <a href=\"https:\/\/swissherboriginal.com\/hr\/ducan\/hrana-i-dodaci-prehrani-od-konoplje\/hrana-od-konoplje\/patatine-alla-canapa-hc-cheese-hemp-chips\/\">HC Cheese<\/a> o <a href=\"https:\/\/swissherboriginal.com\/hr\/ducan\/hrana-i-dodaci-prehrani-od-konoplje\/hrana-od-konoplje\/patatine-alla-canapa-kush-hemp-chips\/\">Kush<\/a>. Puoi gustare queste patatine mentre sorseggi <a href=\"https:\/\/swissherboriginal.com\/hr\/ducan\/hrana-i-dodaci-prehrani-od-konoplje\/napitci-od-konoplje\/originalno-amsterdamsko-pivo-od-konoplje-500ml\/\">la Birra alla Canapa Original Amsterdam<\/a>; le puoi trovare nella categoria \u201c<a href=\"https:\/\/swissherboriginal.com\/hr\/kategorija-proizvoda-2\/hrana-i-dodaci-prehrani-od-konoplje\/\">Alimenti &amp; integratori alla canapa<\/a>\u201c, e subcategoria \u201c<a href=\"https:\/\/swissherboriginal.com\/hr\/kategorija-proizvoda-2\/hrana-i-dodaci-prehrani-od-konoplje\/napitci-od-konoplje\/\">Napitci od konoplje<\/a>\u201c. Dai un\u2019occhiata anche ai nostri altri <a href=\"https:\/\/swissherboriginal.com\/hr\/kategorija-proizvoda-2\/hrana-i-dodaci-prehrani-od-konoplje\/hrana-od-konoplje\/\">cibi alla canapa<\/a> kao <a href=\"https:\/\/swissherboriginal.com\/hr\/ducan\/hrana-i-dodaci-prehrani-od-konoplje\/hrana-od-konoplje\/og-kush-brownies-cannabis-bakehouse\/\">gli OG Kush Brownies della Cannabis Bakehouse<\/a>.<\/p>","protected":false},"excerpt":{"rendered":"<ul>\n<li>Spuntino eccezionale<\/li>\n<li>Consistenza croccante<\/li>\n<li>Sapore intenso<\/li>\n<li>Ideale per gli amanti della canapa<\/li>\n<li>Ingredienti di qualit\u00e0<\/li>\n<\/ul>","protected":false},"featured_media":3769,"comment_status":"open","ping_status":"closed","template":"","meta":[],"product_brand":[],"product_cat":[258,259],"product_tag":[158,355,211,337],"class_list":{"0":"post-941","1":"product","2":"type-product","3":"status-publish","4":"has-post-thumbnail","6":"product_cat-alimenti-e-integratori-alla-canapa","7":"product_cat-cibo-alla-canapa","8":"product_tag-hemp-chips","9":"product_tag-patatine-alla-cannabis","10":"product_tag-snacks-alla-canapa","11":"product_tag-terpeni","13":"first","14":"outofstock","15":"sale","16":"shipping-taxable","17":"purchasable","18":"product-type-simple"},"yoast_head":"<!-- This site is optimized with the Yoast SEO Premium plugin v22.0 (Yoast SEO v26.3) - https:\/\/yoast.com\/wordpress\/plugins\/seo\/ -->\n<title>Patatine alla Canapa Volcano OG Hemp Chips<\/title>\n<meta name=\"description\" content=\"Assapora l&#039;innovazione con le patatine alla canapa Volcano OG di Hemp Chips. Sapore intenso, qualit\u00e0 top. Provala, non te ne pentirai!\" \/>\n<meta name=\"robots\" content=\"index, follow, max-snippet:-1, max-image-preview:large, max-video-preview:-1\" \/>\n<link rel=\"canonical\" href=\"https:\/\/swissherboriginal.com\/hr\/ducan\/hrana-i-dodaci-prehrani-od-konoplje\/hrana-od-konoplje\/patatine-alla-canapa-volcano-og-hemp-chips\/\" \/>\n<meta property=\"og:locale\" content=\"hr_HR\" \/>\n<meta property=\"og:type\" content=\"article\" \/>\n<meta property=\"og:title\" content=\"Patatine alla Canapa Volcano OG Hemp Chips\" \/>\n<meta property=\"og:description\" content=\"Assapora l&#039;innovazione con le patatine alla canapa Volcano OG di Hemp Chips. Sapore intenso, qualit\u00e0 top. Provala, non te ne pentirai!\" \/>\n<meta property=\"og:url\" content=\"https:\/\/swissherboriginal.com\/hr\/ducan\/hrana-i-dodaci-prehrani-od-konoplje\/hrana-od-konoplje\/patatine-alla-canapa-volcano-og-hemp-chips\/\" \/>\n<meta property=\"og:site_name\" content=\"Swiss Herb Original\" \/>\n<meta property=\"article:publisher\" content=\"https:\/\/www.facebook.com\/swissherboriginale\/\" \/>\n<meta property=\"article:modified_time\" content=\"2025-04-19T20:22:26+00:00\" \/>\n<meta property=\"og:image\" content=\"https:\/\/swissherboriginal.com\/wp-content\/uploads\/2023\/01\/volcano-og-hemp-chips-swiss-herb-original.png\" \/>\n\t<meta property=\"og:image:width\" content=\"800\" \/>\n\t<meta property=\"og:image:height\" content=\"800\" \/>\n\t<meta property=\"og:image:type\" content=\"image\/png\" \/>\n<meta name=\"twitter:card\" content=\"summary_large_image\" \/>\n<meta name=\"twitter:image\" content=\"https:\/\/swissherboriginal.com\/wp-content\/uploads\/2023\/01\/volcano-og-hemp-chips-swiss-herb-original.png\" \/>\n<meta name=\"twitter:label1\" content=\"Procijenjeno vrijeme \u010ditanja\" \/>\n\t<meta name=\"twitter:data1\" content=\"3 minute\" \/>\n<script type=\"application\/ld+json\" class=\"yoast-schema-graph\">{\"@context\":\"https:\/\/schema.org\",\"@graph\":[{\"@type\":\"WebPage\",\"@id\":\"https:\/\/swissherboriginal.com\/shop\/alimenti-e-integratori-alla-canapa\/cibo-alla-canapa\/patatine-alla-canapa-volcano-og-hemp-chips\/\",\"url\":\"https:\/\/swissherboriginal.com\/shop\/alimenti-e-integratori-alla-canapa\/cibo-alla-canapa\/patatine-alla-canapa-volcano-og-hemp-chips\/\",\"name\":\"Patatine alla Canapa Volcano OG Hemp Chips\",\"isPartOf\":{\"@id\":\"https:\/\/swissherboriginal.com\/#website\"},\"primaryImageOfPage\":{\"@id\":\"https:\/\/swissherboriginal.com\/shop\/alimenti-e-integratori-alla-canapa\/cibo-alla-canapa\/patatine-alla-canapa-volcano-og-hemp-chips\/#primaryimage\"},\"image\":{\"@id\":\"https:\/\/swissherboriginal.com\/shop\/alimenti-e-integratori-alla-canapa\/cibo-alla-canapa\/patatine-alla-canapa-volcano-og-hemp-chips\/#primaryimage\"},\"thumbnailUrl\":\"https:\/\/swissherboriginal.com\/wp-content\/uploads\/2023\/01\/volcano-og-hemp-chips-swiss-herb-original.png\",\"datePublished\":\"2023-01-10T15:27:27+00:00\",\"dateModified\":\"2025-04-19T20:22:26+00:00\",\"description\":\"Assapora l'innovazione con le patatine alla canapa Volcano OG di Hemp Chips. Sapore intenso, qualit\u00e0 top. Provala, non te ne pentirai!\",\"breadcrumb\":{\"@id\":\"https:\/\/swissherboriginal.com\/shop\/alimenti-e-integratori-alla-canapa\/cibo-alla-canapa\/patatine-alla-canapa-volcano-og-hemp-chips\/#breadcrumb\"},\"inLanguage\":\"hr\",\"potentialAction\":[{\"@type\":\"ReadAction\",\"target\":[\"https:\/\/swissherboriginal.com\/shop\/alimenti-e-integratori-alla-canapa\/cibo-alla-canapa\/patatine-alla-canapa-volcano-og-hemp-chips\/\"]}]},{\"@type\":\"ImageObject\",\"inLanguage\":\"hr\",\"@id\":\"https:\/\/swissherboriginal.com\/shop\/alimenti-e-integratori-alla-canapa\/cibo-alla-canapa\/patatine-alla-canapa-volcano-og-hemp-chips\/#primaryimage\",\"url\":\"https:\/\/swissherboriginal.com\/wp-content\/uploads\/2023\/01\/volcano-og-hemp-chips-swiss-herb-original.png\",\"contentUrl\":\"https:\/\/swissherboriginal.com\/wp-content\/uploads\/2023\/01\/volcano-og-hemp-chips-swiss-herb-original.png\",\"width\":800,\"height\":800,\"caption\":\"Patatine alla Canapa Volcano OG Hemp Chips\"},{\"@type\":\"BreadcrumbList\",\"@id\":\"https:\/\/swissherboriginal.com\/shop\/alimenti-e-integratori-alla-canapa\/cibo-alla-canapa\/patatine-alla-canapa-volcano-og-hemp-chips\/#breadcrumb\",\"itemListElement\":[{\"@type\":\"ListItem\",\"position\":1,\"name\":\"Home\",\"item\":\"https:\/\/swissherboriginal.com\/\"},{\"@type\":\"ListItem\",\"position\":2,\"name\":\"Negozio Swiss Herb Original\",\"item\":\"https:\/\/swissherboriginal.com\/negozio-swiss-herb-original\/\"},{\"@type\":\"ListItem\",\"position\":3,\"name\":\"Patatine alla Canapa Volcano OG Hemp Chips\"}]},{\"@type\":\"WebSite\",\"@id\":\"https:\/\/swissherboriginal.com\/#website\",\"url\":\"https:\/\/swissherboriginal.com\/\",\"name\":\"Swiss Herb Original\",\"description\":\"\",\"publisher\":{\"@id\":\"https:\/\/swissherboriginal.com\/#organization\"},\"potentialAction\":[{\"@type\":\"SearchAction\",\"target\":{\"@type\":\"EntryPoint\",\"urlTemplate\":\"https:\/\/swissherboriginal.com\/?s={search_term_string}\"},\"query-input\":{\"@type\":\"PropertyValueSpecification\",\"valueRequired\":true,\"valueName\":\"search_term_string\"}}],\"inLanguage\":\"hr\"},{\"@type\":\"Organization\",\"@id\":\"https:\/\/swissherboriginal.com\/#organization\",\"name\":\"Swiss Herb Original\",\"url\":\"https:\/\/swissherboriginal.com\/\",\"logo\":{\"@type\":\"ImageObject\",\"inLanguage\":\"hr\",\"@id\":\"https:\/\/swissherboriginal.com\/#\/schema\/logo\/image\/\",\"url\":\"https:\/\/swissherboriginal.com\/wp-content\/uploads\/logo-menu-tel-swissherb.png\",\"contentUrl\":\"https:\/\/swissherboriginal.com\/wp-content\/uploads\/logo-menu-tel-swissherb.png\",\"width\":512,\"height\":360,\"caption\":\"Swiss Herb Original\"},\"image\":{\"@id\":\"https:\/\/swissherboriginal.com\/#\/schema\/logo\/image\/\"},\"sameAs\":[\"https:\/\/www.facebook.com\/swissherboriginale\/\",\"https:\/\/www.instagram.com\/swissherb_original\"]}]}<\/script>\n<!-- \/ Yoast SEO Premium plugin. -->","yoast_head_json":{"title":"Volcano OG \u010dips od konoplje","description":"Assapora l'innovazione con le patatine alla canapa Volcano OG di Hemp Chips. Sapore intenso, qualit\u00e0 top. Provala, non te ne pentirai!","robots":{"index":"index","follow":"follow","max-snippet":"max-snippet:-1","max-image-preview":"max-image-preview:large","max-video-preview":"max-video-preview:-1"},"canonical":"https:\/\/swissherboriginal.com\/hr\/ducan\/hrana-i-dodaci-prehrani-od-konoplje\/hrana-od-konoplje\/patatine-alla-canapa-volcano-og-hemp-chips\/","og_locale":"hr_HR","og_type":"article","og_title":"Patatine alla Canapa Volcano OG Hemp Chips","og_description":"Assapora l'innovazione con le patatine alla canapa Volcano OG di Hemp Chips. Sapore intenso, qualit\u00e0 top. Provala, non te ne pentirai!","og_url":"https:\/\/swissherboriginal.com\/hr\/ducan\/hrana-i-dodaci-prehrani-od-konoplje\/hrana-od-konoplje\/patatine-alla-canapa-volcano-og-hemp-chips\/","og_site_name":"Swiss Herb Original","article_publisher":"https:\/\/www.facebook.com\/swissherboriginale\/","article_modified_time":"2025-04-19T20:22:26+00:00","og_image":[{"width":800,"height":800,"url":"https:\/\/swissherboriginal.com\/wp-content\/uploads\/2023\/01\/volcano-og-hemp-chips-swiss-herb-original.png","type":"image\/png"}],"twitter_card":"summary_large_image","twitter_image":"https:\/\/swissherboriginal.com\/wp-content\/uploads\/2023\/01\/volcano-og-hemp-chips-swiss-herb-original.png","twitter_misc":{"Procijenjeno vrijeme \u010ditanja":"3 minute"},"schema":{"@context":"https:\/\/schema.org","@graph":[{"@type":"WebPage","@id":"https:\/\/swissherboriginal.com\/shop\/alimenti-e-integratori-alla-canapa\/cibo-alla-canapa\/patatine-alla-canapa-volcano-og-hemp-chips\/","url":"https:\/\/swissherboriginal.com\/shop\/alimenti-e-integratori-alla-canapa\/cibo-alla-canapa\/patatine-alla-canapa-volcano-og-hemp-chips\/","name":"Volcano OG \u010dips od konoplje","isPartOf":{"@id":"https:\/\/swissherboriginal.com\/#website"},"primaryImageOfPage":{"@id":"https:\/\/swissherboriginal.com\/shop\/alimenti-e-integratori-alla-canapa\/cibo-alla-canapa\/patatine-alla-canapa-volcano-og-hemp-chips\/#primaryimage"},"image":{"@id":"https:\/\/swissherboriginal.com\/shop\/alimenti-e-integratori-alla-canapa\/cibo-alla-canapa\/patatine-alla-canapa-volcano-og-hemp-chips\/#primaryimage"},"thumbnailUrl":"https:\/\/swissherboriginal.com\/wp-content\/uploads\/2023\/01\/volcano-og-hemp-chips-swiss-herb-original.png","datePublished":"2023-01-10T15:27:27+00:00","dateModified":"2025-04-19T20:22:26+00:00","description":"Assapora l'innovazione con le patatine alla canapa Volcano OG di Hemp Chips. Sapore intenso, qualit\u00e0 top. Provala, non te ne pentirai!","breadcrumb":{"@id":"https:\/\/swissherboriginal.com\/shop\/alimenti-e-integratori-alla-canapa\/cibo-alla-canapa\/patatine-alla-canapa-volcano-og-hemp-chips\/#breadcrumb"},"inLanguage":"hr","potentialAction":[{"@type":"ReadAction","target":["https:\/\/swissherboriginal.com\/shop\/alimenti-e-integratori-alla-canapa\/cibo-alla-canapa\/patatine-alla-canapa-volcano-og-hemp-chips\/"]}]},{"@type":"ImageObject","inLanguage":"hr","@id":"https:\/\/swissherboriginal.com\/shop\/alimenti-e-integratori-alla-canapa\/cibo-alla-canapa\/patatine-alla-canapa-volcano-og-hemp-chips\/#primaryimage","url":"https:\/\/swissherboriginal.com\/wp-content\/uploads\/2023\/01\/volcano-og-hemp-chips-swiss-herb-original.png","contentUrl":"https:\/\/swissherboriginal.com\/wp-content\/uploads\/2023\/01\/volcano-og-hemp-chips-swiss-herb-original.png","width":800,"height":800,"caption":"Patatine alla Canapa Volcano OG Hemp Chips"},{"@type":"BreadcrumbList","@id":"https:\/\/swissherboriginal.com\/shop\/alimenti-e-integratori-alla-canapa\/cibo-alla-canapa\/patatine-alla-canapa-volcano-og-hemp-chips\/#breadcrumb","itemListElement":[{"@type":"ListItem","position":1,"name":"Home","item":"https:\/\/swissherboriginal.com\/"},{"@type":"ListItem","position":2,"name":"Negozio Swiss Herb Original","item":"https:\/\/swissherboriginal.com\/negozio-swiss-herb-original\/"},{"@type":"ListItem","position":3,"name":"Patatine alla Canapa Volcano OG Hemp Chips"}]},{"@type":"WebSite","@id":"https:\/\/swissherboriginal.com\/#website","url":"https:\/\/swissherboriginal.com\/","name":"Originalno \u0161vicarsko bilje","description":"","publisher":{"@id":"https:\/\/swissherboriginal.com\/#organization"},"potentialAction":[{"@type":"SearchAction","target":{"@type":"EntryPoint","urlTemplate":"https:\/\/swissherboriginal.com\/?s={search_term_string}"},"query-input":{"@type":"PropertyValueSpecification","valueRequired":true,"valueName":"search_term_string"}}],"inLanguage":"hr"},{"@type":"Organization","@id":"https:\/\/swissherboriginal.com\/#organization","name":"Originalno \u0161vicarsko bilje","url":"https:\/\/swissherboriginal.com\/","logo":{"@type":"ImageObject","inLanguage":"hr","@id":"https:\/\/swissherboriginal.com\/#\/schema\/logo\/image\/","url":"https:\/\/swissherboriginal.com\/wp-content\/uploads\/logo-menu-tel-swissherb.png","contentUrl":"https:\/\/swissherboriginal.com\/wp-content\/uploads\/logo-menu-tel-swissherb.png","width":512,"height":360,"caption":"Swiss Herb Original"},"image":{"@id":"https:\/\/swissherboriginal.com\/#\/schema\/logo\/image\/"},"sameAs":["https:\/\/www.facebook.com\/swissherboriginale\/","https:\/\/www.instagram.com\/swissherb_original"]}]}},"_links":{"self":[{"href":"https:\/\/swissherboriginal.com\/hr\/wp-json\/wp\/v2\/product\/941","targetHints":{"allow":["GET"]}}],"collection":[{"href":"https:\/\/swissherboriginal.com\/hr\/wp-json\/wp\/v2\/product"}],"about":[{"href":"https:\/\/swissherboriginal.com\/hr\/wp-json\/wp\/v2\/types\/product"}],"replies":[{"embeddable":true,"href":"https:\/\/swissherboriginal.com\/hr\/wp-json\/wp\/v2\/comments?post=941"}],"wp:featuredmedia":[{"embeddable":true,"href":"https:\/\/swissherboriginal.com\/hr\/wp-json\/wp\/v2\/media\/3769"}],"wp:attachment":[{"href":"https:\/\/swissherboriginal.com\/hr\/wp-json\/wp\/v2\/media?parent=941"}],"wp:term":[{"taxonomy":"product_brand","embeddable":true,"href":"https:\/\/swissherboriginal.com\/hr\/wp-json\/wp\/v2\/product_brand?post=941"},{"taxonomy":"product_cat","embeddable":true,"href":"https:\/\/swissherboriginal.com\/hr\/wp-json\/wp\/v2\/product_cat?post=941"},{"taxonomy":"product_tag","embeddable":true,"href":"https:\/\/swissherboriginal.com\/hr\/wp-json\/wp\/v2\/product_tag?post=941"}],"curies":[{"name":"wp","href":"https:\/\/api.w.org\/{rel}","templated":true}]}}